{"id":223678,"date":"2025-07-21T16:36:17","date_gmt":"2025-07-21T13:36:17","guid":{"rendered":"https:\/\/storitgroup.com\/?post_type=product&#038;p=223678"},"modified":"2026-05-02T10:56:47","modified_gmt":"2026-05-02T07:56:47","slug":"sovella-seinahylly-eteiseen-900x2000-mm-punainen-musta","status":"publish","type":"product","link":"https:\/\/storitgroup.com\/fi\/tuote\/sovella-seinahylly-eteiseen-900x2000-mm-punainen-musta\/","title":{"rendered":"Sovella sein\u00e4hylly eteiseen, 900&#215;2000 mm, punainen\/musta"},"content":{"rendered":"<p>Sovella-sein\u00e4hyllyj\u00e4rjestelm\u00e4 auttaa pit\u00e4m\u00e4\u00e4n takit, keng\u00e4t ja muut tavarat j\u00e4rjestyksess\u00e4, luoden siistin ja tyylikk\u00e4\u00e4n ensivaikutelman miss\u00e4 tahansa tilassa. Mustat hyllyt sulautuvat huomaamattomasti mihin tahansa sisustukseen, kun taas punaiset vaakatuet tuovat tilaan energiaa ja persoonallisuutta. T\u00e4ydellinen valinta kotiin tai toimistoon, miss\u00e4 j\u00e4rjestys tukee rauhallista ja selke\u00e4\u00e4 ilmapiiri\u00e4.<\/p>\n<p>Eteissetti sis\u00e4lt\u00e4\u00e4:<br \/>&#8211; 300 mm syv\u00e4 hattuhylly, jonka alla erillinen ripustustanko, <br \/>&#8211; 2 hylly\u00e4, syvyys 500 mm, <br \/>&#8211; 350 mm syv\u00e4 kenk\u00e4hylly, <br \/>&#8211; 4 sein\u00e4kiskoa, pituus 1000 mm. <br \/>Vaakatuen sein\u00e4kiskojen helpompaa kiinnityst\u00e4 varten voi tilata erikseen. <\/p>\n<p>Hyllyj\u00e4, koreja ja koukkuja voi lis\u00e4t\u00e4 tai poistaa vapaasti \u2013 n\u00e4in saat aina juuri sinun tilaasi parhaiten sopivan ratkaisun.<\/p>\n<p>Asusteet eiv\u00e4t sis\u00e4lly pakkaukseen.<\/p>\n","protected":false},"excerpt":{"rendered":"<p>Sovella-sein\u00e4hyllyj\u00e4rjestelm\u00e4 auttaa pit\u00e4m\u00e4\u00e4n takit, keng\u00e4t ja muut tavarat j\u00e4rjestyksess\u00e4, luoden siistin ja tyylikk\u00e4\u00e4n ensivaikutelman miss\u00e4 tahansa tilassa. Mustat hyllyt sulautuvat huomaamattomasti mihin tahansa sisustukseen, kun taas punaiset vaakatuet tuovat tilaan energiaa ja persoonallisuutta. T\u00e4ydellinen valinta kotiin tai toimistoon, miss\u00e4 j\u00e4rjestys tukee rauhallista ja selke\u00e4\u00e4 ilmapiiri\u00e4.<\/p>\n<p>Eteissetti sis\u00e4lt\u00e4\u00e4:<\/p>\n","protected":false},"featured_media":223683,"template":"","meta":{"_acf_changed":false},"product_brand":[],"product_cat":[7032],"product_tag":[],"class_list":{"0":"post-223678","1":"product","2":"type-product","3":"status-publish","4":"has-post-thumbnail","6":"product_room-arkisto-museo","7":"product_room-kaupankaynti-ja-myymalat","8":"product_room-kiinteistokehitys","9":"product_room-kompaktit-varastot","10":"product_room-kotiratkaisut","11":"product_room-kotitoimisto","12":"product_room-koulut-ja-paivakodit","13":"product_room-laakeyhtiot-ja-laboratoriot","14":"product_room-pieni-varasto","15":"product_room-pukuhuone","16":"product_room-ruuan-kasittely","17":"product_room-teollisuus-ja-tuotanto-ergonomiset-tyopaikat-tyokaluvarasto","18":"product_room-toimisto","19":"product_room-tyopaja-ja-autotalli","20":"product_room-varasto-pitkille-tavaroille-ja-levymateriaaleille","21":"product_cat-seinahyllyt","23":"first","24":"onbackorder","25":"taxable","26":"shipping-taxable","27":"purchasable","28":"product-type-simple"},"acf":[],"yoast_head":"<!-- This site is optimized with the Yoast SEO plugin v27.4 - https:\/\/yoast.com\/product\/yoast-seo-wordpress\/ -->\n<title>Sovella sein\u00e4hylly eteiseen, 900x2000 mm, punainen\/musta &#8226; Storit<\/title>\n<meta name=\"description\" content=\"Sovella sein\u00e4hylly eteiseen, 900x2000 mm, punainen\/musta \u2014 kohtuulliseen hintaan. Toimitukset kaikkialle Suomeen! \u261b Tutustu tuotteeseen ja tilaa k\u00e4tev\u00e4sti STORIT-verkkokaupasta!\" \/>\n<meta name=\"robots\" content=\"index, follow, max-snippet:-1, max-image-preview:large, max-video-preview:-1\" \/>\n<link rel=\"canonical\" href=\"https:\/\/storitgroup.com\/fi\/tuote\/sovella-seinahylly-eteiseen-900x2000-mm-punainen-musta\/\" \/>\n<meta property=\"og:locale\" content=\"fi_FI\" \/>\n<meta property=\"og:type\" content=\"article\" \/>\n<meta property=\"og:title\" content=\"Sovella sein\u00e4hylly eteiseen, 900x2000 mm, punainen\/musta &#8226; Storit\" \/>\n<meta property=\"og:description\" content=\"Sovella sein\u00e4hylly eteiseen, 900x2000 mm, punainen\/musta \u2014 kohtuulliseen hintaan. Toimitukset kaikkialle Suomeen! \u261b Tutustu tuotteeseen ja tilaa k\u00e4tev\u00e4sti STORIT-verkkokaupasta!\" \/>\n<meta property=\"og:url\" content=\"https:\/\/storitgroup.com\/fi\/tuote\/sovella-seinahylly-eteiseen-900x2000-mm-punainen-musta\/\" \/>\n<meta property=\"og:site_name\" content=\"Storit\" \/>\n<meta property=\"article:modified_time\" content=\"2026-05-02T07:56:47+00:00\" \/>\n<meta property=\"og:image\" content=\"https:\/\/storitgroup.com\/uploads\/2025\/07\/img_3164.jpeg\" \/>\n\t<meta property=\"og:image:width\" content=\"1202\" \/>\n\t<meta property=\"og:image:height\" content=\"1902\" \/>\n\t<meta property=\"og:image:type\" content=\"image\/jpeg\" \/>\n<meta name=\"twitter:card\" content=\"summary_large_image\" \/>\n<meta name=\"twitter:label1\" content=\"Arvioitu lukuaika\" \/>\n\t<meta name=\"twitter:data1\" content=\"1 minuutti\" \/>\n<script type=\"application\/ld+json\" class=\"yoast-schema-graph\">{\"@context\":\"https:\\\/\\\/schema.org\",\"@graph\":[{\"@type\":[\"WebPage\",\"ItemPage\"],\"@id\":\"https:\\\/\\\/storitgroup.com\\\/fi\\\/tuote\\\/sovella-seinahylly-eteiseen-900x2000-mm-punainen-musta\\\/\",\"url\":\"https:\\\/\\\/storitgroup.com\\\/fi\\\/tuote\\\/sovella-seinahylly-eteiseen-900x2000-mm-punainen-musta\\\/\",\"name\":\"Sovella sein\u00e4hylly eteiseen, 900x2000 mm, punainen\\\/musta &#8226; Storit\",\"isPartOf\":{\"@id\":\"https:\\\/\\\/storitgroup.com\\\/fi\\\/#website\"},\"primaryImageOfPage\":{\"@id\":\"https:\\\/\\\/storitgroup.com\\\/fi\\\/tuote\\\/sovella-seinahylly-eteiseen-900x2000-mm-punainen-musta\\\/#primaryimage\"},\"image\":{\"@id\":\"https:\\\/\\\/storitgroup.com\\\/fi\\\/tuote\\\/sovella-seinahylly-eteiseen-900x2000-mm-punainen-musta\\\/#primaryimage\"},\"thumbnailUrl\":\"https:\\\/\\\/storitgroup.com\\\/uploads\\\/2025\\\/07\\\/img_3164.jpeg\",\"datePublished\":\"2025-07-21T13:36:17+00:00\",\"dateModified\":\"2026-05-02T07:56:47+00:00\",\"description\":\"Sovella sein\u00e4hylly eteiseen, 900x2000 mm, punainen\\\/musta \u2014 kohtuulliseen hintaan. Toimitukset kaikkialle Suomeen! \u261b Tutustu tuotteeseen ja tilaa k\u00e4tev\u00e4sti STORIT-verkkokaupasta!\",\"breadcrumb\":{\"@id\":\"https:\\\/\\\/storitgroup.com\\\/fi\\\/tuote\\\/sovella-seinahylly-eteiseen-900x2000-mm-punainen-musta\\\/#breadcrumb\"},\"inLanguage\":\"fi\",\"potentialAction\":[{\"@type\":\"ReadAction\",\"target\":[\"https:\\\/\\\/storitgroup.com\\\/fi\\\/tuote\\\/sovella-seinahylly-eteiseen-900x2000-mm-punainen-musta\\\/\"]}]},{\"@type\":\"ImageObject\",\"inLanguage\":\"fi\",\"@id\":\"https:\\\/\\\/storitgroup.com\\\/fi\\\/tuote\\\/sovella-seinahylly-eteiseen-900x2000-mm-punainen-musta\\\/#primaryimage\",\"url\":\"https:\\\/\\\/storitgroup.com\\\/uploads\\\/2025\\\/07\\\/img_3164.jpeg\",\"contentUrl\":\"https:\\\/\\\/storitgroup.com\\\/uploads\\\/2025\\\/07\\\/img_3164.jpeg\",\"width\":1202,\"height\":1902},{\"@type\":\"BreadcrumbList\",\"@id\":\"https:\\\/\\\/storitgroup.com\\\/fi\\\/tuote\\\/sovella-seinahylly-eteiseen-900x2000-mm-punainen-musta\\\/#breadcrumb\",\"itemListElement\":[{\"@type\":\"ListItem\",\"position\":1,\"name\":\"Kotisivu\",\"item\":\"https:\\\/\\\/storitgroup.com\\\/fi\\\/\"},{\"@type\":\"ListItem\",\"position\":2,\"name\":\"Tuotteet\",\"item\":\"https:\\\/\\\/storitgroup.com\\\/fi\\\/tuotteet\\\/\"},{\"@type\":\"ListItem\",\"position\":3,\"name\":\"Varastohyllyt, v\u00e4litasot\",\"item\":\"https:\\\/\\\/storitgroup.com\\\/fi\\\/tuotteet\\\/varastohyllyt-valitasot\\\/\"},{\"@type\":\"ListItem\",\"position\":4,\"name\":\"Sein\u00e4hyllyt\",\"item\":\"https:\\\/\\\/storitgroup.com\\\/fi\\\/tuotteet\\\/varastohyllyt-valitasot\\\/seinahyllyt\\\/\"},{\"@type\":\"ListItem\",\"position\":5,\"name\":\"Sovella sein\u00e4hylly eteiseen, 900&#215;2000 mm, punainen\\\/musta\"}]},{\"@type\":\"WebSite\",\"@id\":\"https:\\\/\\\/storitgroup.com\\\/fi\\\/#website\",\"url\":\"https:\\\/\\\/storitgroup.com\\\/fi\\\/\",\"name\":\"Storit\",\"description\":\"\",\"potentialAction\":[{\"@type\":\"SearchAction\",\"target\":{\"@type\":\"EntryPoint\",\"urlTemplate\":\"https:\\\/\\\/storitgroup.com\\\/fi\\\/?s={search_term_string}\"},\"query-input\":{\"@type\":\"PropertyValueSpecification\",\"valueRequired\":true,\"valueName\":\"search_term_string\"}}],\"inLanguage\":\"fi\"}]}<\/script>\n<!-- \/ Yoast SEO plugin. -->","yoast_head_json":{"title":"Sovella sein\u00e4hylly eteiseen, 900x2000 mm, punainen\/musta &#8226; Storit","description":"Sovella sein\u00e4hylly eteiseen, 900x2000 mm, punainen\/musta \u2014 kohtuulliseen hintaan. Toimitukset kaikkialle Suomeen! \u261b Tutustu tuotteeseen ja tilaa k\u00e4tev\u00e4sti STORIT-verkkokaupasta!","robots":{"index":"index","follow":"follow","max-snippet":"max-snippet:-1","max-image-preview":"max-image-preview:large","max-video-preview":"max-video-preview:-1"},"canonical":"https:\/\/storitgroup.com\/fi\/tuote\/sovella-seinahylly-eteiseen-900x2000-mm-punainen-musta\/","og_locale":"fi_FI","og_type":"article","og_title":"Sovella sein\u00e4hylly eteiseen, 900x2000 mm, punainen\/musta &#8226; Storit","og_description":"Sovella sein\u00e4hylly eteiseen, 900x2000 mm, punainen\/musta \u2014 kohtuulliseen hintaan. Toimitukset kaikkialle Suomeen! \u261b Tutustu tuotteeseen ja tilaa k\u00e4tev\u00e4sti STORIT-verkkokaupasta!","og_url":"https:\/\/storitgroup.com\/fi\/tuote\/sovella-seinahylly-eteiseen-900x2000-mm-punainen-musta\/","og_site_name":"Storit","article_modified_time":"2026-05-02T07:56:47+00:00","og_image":[{"width":1202,"height":1902,"url":"https:\/\/storitgroup.com\/uploads\/2025\/07\/img_3164.jpeg","type":"image\/jpeg"}],"twitter_card":"summary_large_image","twitter_misc":{"Arvioitu lukuaika":"1 minuutti"},"schema":{"@context":"https:\/\/schema.org","@graph":[{"@type":["WebPage","ItemPage"],"@id":"https:\/\/storitgroup.com\/fi\/tuote\/sovella-seinahylly-eteiseen-900x2000-mm-punainen-musta\/","url":"https:\/\/storitgroup.com\/fi\/tuote\/sovella-seinahylly-eteiseen-900x2000-mm-punainen-musta\/","name":"Sovella sein\u00e4hylly eteiseen, 900x2000 mm, punainen\/musta &#8226; Storit","isPartOf":{"@id":"https:\/\/storitgroup.com\/fi\/#website"},"primaryImageOfPage":{"@id":"https:\/\/storitgroup.com\/fi\/tuote\/sovella-seinahylly-eteiseen-900x2000-mm-punainen-musta\/#primaryimage"},"image":{"@id":"https:\/\/storitgroup.com\/fi\/tuote\/sovella-seinahylly-eteiseen-900x2000-mm-punainen-musta\/#primaryimage"},"thumbnailUrl":"https:\/\/storitgroup.com\/uploads\/2025\/07\/img_3164.jpeg","datePublished":"2025-07-21T13:36:17+00:00","dateModified":"2026-05-02T07:56:47+00:00","description":"Sovella sein\u00e4hylly eteiseen, 900x2000 mm, punainen\/musta \u2014 kohtuulliseen hintaan. Toimitukset kaikkialle Suomeen! \u261b Tutustu tuotteeseen ja tilaa k\u00e4tev\u00e4sti STORIT-verkkokaupasta!","breadcrumb":{"@id":"https:\/\/storitgroup.com\/fi\/tuote\/sovella-seinahylly-eteiseen-900x2000-mm-punainen-musta\/#breadcrumb"},"inLanguage":"fi","potentialAction":[{"@type":"ReadAction","target":["https:\/\/storitgroup.com\/fi\/tuote\/sovella-seinahylly-eteiseen-900x2000-mm-punainen-musta\/"]}]},{"@type":"ImageObject","inLanguage":"fi","@id":"https:\/\/storitgroup.com\/fi\/tuote\/sovella-seinahylly-eteiseen-900x2000-mm-punainen-musta\/#primaryimage","url":"https:\/\/storitgroup.com\/uploads\/2025\/07\/img_3164.jpeg","contentUrl":"https:\/\/storitgroup.com\/uploads\/2025\/07\/img_3164.jpeg","width":1202,"height":1902},{"@type":"BreadcrumbList","@id":"https:\/\/storitgroup.com\/fi\/tuote\/sovella-seinahylly-eteiseen-900x2000-mm-punainen-musta\/#breadcrumb","itemListElement":[{"@type":"ListItem","position":1,"name":"Kotisivu","item":"https:\/\/storitgroup.com\/fi\/"},{"@type":"ListItem","position":2,"name":"Tuotteet","item":"https:\/\/storitgroup.com\/fi\/tuotteet\/"},{"@type":"ListItem","position":3,"name":"Varastohyllyt, v\u00e4litasot","item":"https:\/\/storitgroup.com\/fi\/tuotteet\/varastohyllyt-valitasot\/"},{"@type":"ListItem","position":4,"name":"Sein\u00e4hyllyt","item":"https:\/\/storitgroup.com\/fi\/tuotteet\/varastohyllyt-valitasot\/seinahyllyt\/"},{"@type":"ListItem","position":5,"name":"Sovella sein\u00e4hylly eteiseen, 900&#215;2000 mm, punainen\/musta"}]},{"@type":"WebSite","@id":"https:\/\/storitgroup.com\/fi\/#website","url":"https:\/\/storitgroup.com\/fi\/","name":"Storit","description":"","potentialAction":[{"@type":"SearchAction","target":{"@type":"EntryPoint","urlTemplate":"https:\/\/storitgroup.com\/fi\/?s={search_term_string}"},"query-input":{"@type":"PropertyValueSpecification","valueRequired":true,"valueName":"search_term_string"}}],"inLanguage":"fi"}]}},"_links":{"self":[{"href":"https:\/\/storitgroup.com\/fi\/wp-json\/wp\/v2\/product\/223678","targetHints":{"allow":["GET"]}}],"collection":[{"href":"https:\/\/storitgroup.com\/fi\/wp-json\/wp\/v2\/product"}],"about":[{"href":"https:\/\/storitgroup.com\/fi\/wp-json\/wp\/v2\/types\/product"}],"wp:featuredmedia":[{"embeddable":true,"href":"https:\/\/storitgroup.com\/fi\/wp-json\/wp\/v2\/media\/223683"}],"wp:attachment":[{"href":"https:\/\/storitgroup.com\/fi\/wp-json\/wp\/v2\/media?parent=223678"}],"wp:term":[{"taxonomy":"product_brand","embeddable":true,"href":"https:\/\/storitgroup.com\/fi\/wp-json\/wp\/v2\/product_brand?post=223678"},{"taxonomy":"product_cat","embeddable":true,"href":"https:\/\/storitgroup.com\/fi\/wp-json\/wp\/v2\/product_cat?post=223678"},{"taxonomy":"product_tag","embeddable":true,"href":"https:\/\/storitgroup.com\/fi\/wp-json\/wp\/v2\/product_tag?post=223678"}],"curies":[{"name":"wp","href":"https:\/\/api.w.org\/{rel}","templated":true}]}}