{"id":223618,"date":"2025-06-13T16:25:16","date_gmt":"2025-06-13T13:25:16","guid":{"rendered":"https:\/\/storitgroup.com\/?post_type=product&#038;p=223618"},"modified":"2026-04-10T02:46:08","modified_gmt":"2026-04-09T23:46:08","slug":"haarukkavaunu-2000mm-storit-hpt-a20-n-nn-2000kg","status":"publish","type":"product","link":"https:\/\/storitgroup.com\/fi\/tuote\/haarukkavaunu-2000mm-storit-hpt-a20-n-nn-2000kg\/","title":{"rendered":"Haarukkavaunu 2000mm Storit HPT-A20 N\/NN 2000kg"},"content":{"rendered":"<p>Haarukkavaunu 2000mm Storit HPT-A20 N\/NN 2000kg<\/p>\n","protected":false},"excerpt":{"rendered":"<p>Haarukkavaunu 2000mm Storit HPT-A20 N\/NN 2000kg<\/p>\n","protected":false},"featured_media":223059,"template":"","meta":{"_acf_changed":false},"product_brand":[],"product_cat":[7038],"product_tag":[],"class_list":{"0":"post-223618","1":"product","2":"type-product","3":"status-publish","4":"has-post-thumbnail","6":"product_room-kuljetus-ja-logistiikka","7":"product_room-tyopaja-ja-autotalli","8":"product_room-ruuan-kasittely","9":"product_room-kaupankaynti-ja-myymalat","10":"product_room-tynnyrien-ja-kaapeleiden-kasittely","11":"product_room-iso-varasto","12":"product_room-varasto-pitkille-tavaroille-ja-levymateriaaleille","13":"product_room-pieni-varasto","14":"product_room-nostovalinet","15":"product_room-tavaroiden-logistiikka","16":"product_cat-manuaaliset-haarukkavaunut-pumppukarryt","18":"first","19":"instock","20":"taxable","21":"shipping-taxable","22":"purchasable","23":"product-type-simple"},"acf":[],"yoast_head":"<!-- This site is optimized with the Yoast SEO plugin v27.3 - https:\/\/yoast.com\/product\/yoast-seo-wordpress\/ -->\n<title>Haarukkavaunu 2000mm Storit HPT-A20 N\/NN 2000kg &#8226; Storit<\/title>\n<meta name=\"description\" content=\"Haarukkavaunu 2000mm Storit HPT-A20 N\/NN 2000kg \u2014 kohtuulliseen hintaan. Toimitukset kaikkialle Suomeen! \u261b Tutustu tuotteeseen ja tilaa k\u00e4tev\u00e4sti STORIT-verkkokaupasta!\" \/>\n<meta name=\"robots\" content=\"index, follow, max-snippet:-1, max-image-preview:large, max-video-preview:-1\" \/>\n<link rel=\"canonical\" href=\"https:\/\/storitgroup.com\/fi\/tuote\/haarukkavaunu-2000mm-storit-hpt-a20-n-nn-2000kg\/\" \/>\n<meta property=\"og:locale\" content=\"fi_FI\" \/>\n<meta property=\"og:type\" content=\"article\" \/>\n<meta property=\"og:title\" content=\"Haarukkavaunu 2000mm Storit HPT-A20 N\/NN 2000kg &#8226; Storit\" \/>\n<meta property=\"og:description\" content=\"Haarukkavaunu 2000mm Storit HPT-A20 N\/NN 2000kg \u2014 kohtuulliseen hintaan. Toimitukset kaikkialle Suomeen! \u261b Tutustu tuotteeseen ja tilaa k\u00e4tev\u00e4sti STORIT-verkkokaupasta!\" \/>\n<meta property=\"og:url\" content=\"https:\/\/storitgroup.com\/fi\/tuote\/haarukkavaunu-2000mm-storit-hpt-a20-n-nn-2000kg\/\" \/>\n<meta property=\"og:site_name\" content=\"Storit\" \/>\n<meta property=\"article:modified_time\" content=\"2026-04-09T23:46:08+00:00\" \/>\n<meta property=\"og:image\" content=\"https:\/\/storitgroup.com\/uploads\/2022\/09\/kk-pikk-2000mm-storit-ac20-2000kg-1.png\" \/>\n\t<meta property=\"og:image:width\" content=\"458\" \/>\n\t<meta property=\"og:image:height\" content=\"439\" \/>\n\t<meta property=\"og:image:type\" content=\"image\/png\" \/>\n<meta name=\"twitter:card\" content=\"summary_large_image\" \/>\n<script type=\"application\/ld+json\" class=\"yoast-schema-graph\">{\"@context\":\"https:\\\/\\\/schema.org\",\"@graph\":[{\"@type\":[\"WebPage\",\"ItemPage\"],\"@id\":\"https:\\\/\\\/storitgroup.com\\\/fi\\\/tuote\\\/haarukkavaunu-2000mm-storit-hpt-a20-n-nn-2000kg\\\/\",\"url\":\"https:\\\/\\\/storitgroup.com\\\/fi\\\/tuote\\\/haarukkavaunu-2000mm-storit-hpt-a20-n-nn-2000kg\\\/\",\"name\":\"Haarukkavaunu 2000mm Storit HPT-A20 N\\\/NN 2000kg &#8226; Storit\",\"isPartOf\":{\"@id\":\"https:\\\/\\\/storitgroup.com\\\/fi\\\/#website\"},\"primaryImageOfPage\":{\"@id\":\"https:\\\/\\\/storitgroup.com\\\/fi\\\/tuote\\\/haarukkavaunu-2000mm-storit-hpt-a20-n-nn-2000kg\\\/#primaryimage\"},\"image\":{\"@id\":\"https:\\\/\\\/storitgroup.com\\\/fi\\\/tuote\\\/haarukkavaunu-2000mm-storit-hpt-a20-n-nn-2000kg\\\/#primaryimage\"},\"thumbnailUrl\":\"https:\\\/\\\/storitgroup.com\\\/uploads\\\/2022\\\/09\\\/kk-pikk-2000mm-storit-ac20-2000kg-1.png\",\"datePublished\":\"2025-06-13T13:25:16+00:00\",\"dateModified\":\"2026-04-09T23:46:08+00:00\",\"description\":\"Haarukkavaunu 2000mm Storit HPT-A20 N\\\/NN 2000kg \u2014 kohtuulliseen hintaan. Toimitukset kaikkialle Suomeen! \u261b Tutustu tuotteeseen ja tilaa k\u00e4tev\u00e4sti STORIT-verkkokaupasta!\",\"breadcrumb\":{\"@id\":\"https:\\\/\\\/storitgroup.com\\\/fi\\\/tuote\\\/haarukkavaunu-2000mm-storit-hpt-a20-n-nn-2000kg\\\/#breadcrumb\"},\"inLanguage\":\"fi\",\"potentialAction\":[{\"@type\":\"ReadAction\",\"target\":[\"https:\\\/\\\/storitgroup.com\\\/fi\\\/tuote\\\/haarukkavaunu-2000mm-storit-hpt-a20-n-nn-2000kg\\\/\"]}]},{\"@type\":\"ImageObject\",\"inLanguage\":\"fi\",\"@id\":\"https:\\\/\\\/storitgroup.com\\\/fi\\\/tuote\\\/haarukkavaunu-2000mm-storit-hpt-a20-n-nn-2000kg\\\/#primaryimage\",\"url\":\"https:\\\/\\\/storitgroup.com\\\/uploads\\\/2022\\\/09\\\/kk-pikk-2000mm-storit-ac20-2000kg-1.png\",\"contentUrl\":\"https:\\\/\\\/storitgroup.com\\\/uploads\\\/2022\\\/09\\\/kk-pikk-2000mm-storit-ac20-2000kg-1.png\",\"width\":458,\"height\":439},{\"@type\":\"BreadcrumbList\",\"@id\":\"https:\\\/\\\/storitgroup.com\\\/fi\\\/tuote\\\/haarukkavaunu-2000mm-storit-hpt-a20-n-nn-2000kg\\\/#breadcrumb\",\"itemListElement\":[{\"@type\":\"ListItem\",\"position\":1,\"name\":\"Kotisivu\",\"item\":\"https:\\\/\\\/storitgroup.com\\\/fi\\\/\"},{\"@type\":\"ListItem\",\"position\":2,\"name\":\"Tuotteet\",\"item\":\"https:\\\/\\\/storitgroup.com\\\/fi\\\/tuotteet\\\/\"},{\"@type\":\"ListItem\",\"position\":3,\"name\":\"Varastotrukit, nostolavat, tarvikkeet\",\"item\":\"https:\\\/\\\/storitgroup.com\\\/fi\\\/varastotrukit-nostolavat-tarvikkeet\\\/\"},{\"@type\":\"ListItem\",\"position\":4,\"name\":\"Haarukkavaunut, pumppuk\u00e4rryt ja lavansiirt\u00e4j\u00e4t\",\"item\":\"https:\\\/\\\/storitgroup.com\\\/fi\\\/varastotrukit-nostolavat-tarvikkeet\\\/haarukkavaunut-pumppukarryt-ja-lavansiirtajat\\\/\"},{\"@type\":\"ListItem\",\"position\":5,\"name\":\"Manuaaliset haarukkavaunut, pumppuk\u00e4rryt\",\"item\":\"https:\\\/\\\/storitgroup.com\\\/fi\\\/varastotrukit-nostolavat-tarvikkeet\\\/haarukkavaunut-pumppukarryt-ja-lavansiirtajat\\\/manuaaliset-haarukkavaunut-pumppukarryt\\\/\"},{\"@type\":\"ListItem\",\"position\":6,\"name\":\"Haarukkavaunu 2000mm Storit HPT-A20 N\\\/NN 2000kg\"}]},{\"@type\":\"WebSite\",\"@id\":\"https:\\\/\\\/storitgroup.com\\\/fi\\\/#website\",\"url\":\"https:\\\/\\\/storitgroup.com\\\/fi\\\/\",\"name\":\"Storit\",\"description\":\"\",\"potentialAction\":[{\"@type\":\"SearchAction\",\"target\":{\"@type\":\"EntryPoint\",\"urlTemplate\":\"https:\\\/\\\/storitgroup.com\\\/fi\\\/?s={search_term_string}\"},\"query-input\":{\"@type\":\"PropertyValueSpecification\",\"valueRequired\":true,\"valueName\":\"search_term_string\"}}],\"inLanguage\":\"fi\"}]}<\/script>\n<!-- \/ Yoast SEO plugin. -->","yoast_head_json":{"title":"Haarukkavaunu 2000mm Storit HPT-A20 N\/NN 2000kg &#8226; Storit","description":"Haarukkavaunu 2000mm Storit HPT-A20 N\/NN 2000kg \u2014 kohtuulliseen hintaan. Toimitukset kaikkialle Suomeen! \u261b Tutustu tuotteeseen ja tilaa k\u00e4tev\u00e4sti STORIT-verkkokaupasta!","robots":{"index":"index","follow":"follow","max-snippet":"max-snippet:-1","max-image-preview":"max-image-preview:large","max-video-preview":"max-video-preview:-1"},"canonical":"https:\/\/storitgroup.com\/fi\/tuote\/haarukkavaunu-2000mm-storit-hpt-a20-n-nn-2000kg\/","og_locale":"fi_FI","og_type":"article","og_title":"Haarukkavaunu 2000mm Storit HPT-A20 N\/NN 2000kg &#8226; Storit","og_description":"Haarukkavaunu 2000mm Storit HPT-A20 N\/NN 2000kg \u2014 kohtuulliseen hintaan. Toimitukset kaikkialle Suomeen! \u261b Tutustu tuotteeseen ja tilaa k\u00e4tev\u00e4sti STORIT-verkkokaupasta!","og_url":"https:\/\/storitgroup.com\/fi\/tuote\/haarukkavaunu-2000mm-storit-hpt-a20-n-nn-2000kg\/","og_site_name":"Storit","article_modified_time":"2026-04-09T23:46:08+00:00","og_image":[{"width":458,"height":439,"url":"https:\/\/storitgroup.com\/uploads\/2022\/09\/kk-pikk-2000mm-storit-ac20-2000kg-1.png","type":"image\/png"}],"twitter_card":"summary_large_image","schema":{"@context":"https:\/\/schema.org","@graph":[{"@type":["WebPage","ItemPage"],"@id":"https:\/\/storitgroup.com\/fi\/tuote\/haarukkavaunu-2000mm-storit-hpt-a20-n-nn-2000kg\/","url":"https:\/\/storitgroup.com\/fi\/tuote\/haarukkavaunu-2000mm-storit-hpt-a20-n-nn-2000kg\/","name":"Haarukkavaunu 2000mm Storit HPT-A20 N\/NN 2000kg &#8226; Storit","isPartOf":{"@id":"https:\/\/storitgroup.com\/fi\/#website"},"primaryImageOfPage":{"@id":"https:\/\/storitgroup.com\/fi\/tuote\/haarukkavaunu-2000mm-storit-hpt-a20-n-nn-2000kg\/#primaryimage"},"image":{"@id":"https:\/\/storitgroup.com\/fi\/tuote\/haarukkavaunu-2000mm-storit-hpt-a20-n-nn-2000kg\/#primaryimage"},"thumbnailUrl":"https:\/\/storitgroup.com\/uploads\/2022\/09\/kk-pikk-2000mm-storit-ac20-2000kg-1.png","datePublished":"2025-06-13T13:25:16+00:00","dateModified":"2026-04-09T23:46:08+00:00","description":"Haarukkavaunu 2000mm Storit HPT-A20 N\/NN 2000kg \u2014 kohtuulliseen hintaan. Toimitukset kaikkialle Suomeen! \u261b Tutustu tuotteeseen ja tilaa k\u00e4tev\u00e4sti STORIT-verkkokaupasta!","breadcrumb":{"@id":"https:\/\/storitgroup.com\/fi\/tuote\/haarukkavaunu-2000mm-storit-hpt-a20-n-nn-2000kg\/#breadcrumb"},"inLanguage":"fi","potentialAction":[{"@type":"ReadAction","target":["https:\/\/storitgroup.com\/fi\/tuote\/haarukkavaunu-2000mm-storit-hpt-a20-n-nn-2000kg\/"]}]},{"@type":"ImageObject","inLanguage":"fi","@id":"https:\/\/storitgroup.com\/fi\/tuote\/haarukkavaunu-2000mm-storit-hpt-a20-n-nn-2000kg\/#primaryimage","url":"https:\/\/storitgroup.com\/uploads\/2022\/09\/kk-pikk-2000mm-storit-ac20-2000kg-1.png","contentUrl":"https:\/\/storitgroup.com\/uploads\/2022\/09\/kk-pikk-2000mm-storit-ac20-2000kg-1.png","width":458,"height":439},{"@type":"BreadcrumbList","@id":"https:\/\/storitgroup.com\/fi\/tuote\/haarukkavaunu-2000mm-storit-hpt-a20-n-nn-2000kg\/#breadcrumb","itemListElement":[{"@type":"ListItem","position":1,"name":"Kotisivu","item":"https:\/\/storitgroup.com\/fi\/"},{"@type":"ListItem","position":2,"name":"Tuotteet","item":"https:\/\/storitgroup.com\/fi\/tuotteet\/"},{"@type":"ListItem","position":3,"name":"Varastotrukit, nostolavat, tarvikkeet","item":"https:\/\/storitgroup.com\/fi\/varastotrukit-nostolavat-tarvikkeet\/"},{"@type":"ListItem","position":4,"name":"Haarukkavaunut, pumppuk\u00e4rryt ja lavansiirt\u00e4j\u00e4t","item":"https:\/\/storitgroup.com\/fi\/varastotrukit-nostolavat-tarvikkeet\/haarukkavaunut-pumppukarryt-ja-lavansiirtajat\/"},{"@type":"ListItem","position":5,"name":"Manuaaliset haarukkavaunut, pumppuk\u00e4rryt","item":"https:\/\/storitgroup.com\/fi\/varastotrukit-nostolavat-tarvikkeet\/haarukkavaunut-pumppukarryt-ja-lavansiirtajat\/manuaaliset-haarukkavaunut-pumppukarryt\/"},{"@type":"ListItem","position":6,"name":"Haarukkavaunu 2000mm Storit HPT-A20 N\/NN 2000kg"}]},{"@type":"WebSite","@id":"https:\/\/storitgroup.com\/fi\/#website","url":"https:\/\/storitgroup.com\/fi\/","name":"Storit","description":"","potentialAction":[{"@type":"SearchAction","target":{"@type":"EntryPoint","urlTemplate":"https:\/\/storitgroup.com\/fi\/?s={search_term_string}"},"query-input":{"@type":"PropertyValueSpecification","valueRequired":true,"valueName":"search_term_string"}}],"inLanguage":"fi"}]}},"_links":{"self":[{"href":"https:\/\/storitgroup.com\/fi\/wp-json\/wp\/v2\/product\/223618","targetHints":{"allow":["GET"]}}],"collection":[{"href":"https:\/\/storitgroup.com\/fi\/wp-json\/wp\/v2\/product"}],"about":[{"href":"https:\/\/storitgroup.com\/fi\/wp-json\/wp\/v2\/types\/product"}],"wp:featuredmedia":[{"embeddable":true,"href":"https:\/\/storitgroup.com\/fi\/wp-json\/wp\/v2\/media\/223059"}],"wp:attachment":[{"href":"https:\/\/storitgroup.com\/fi\/wp-json\/wp\/v2\/media?parent=223618"}],"wp:term":[{"taxonomy":"product_brand","embeddable":true,"href":"https:\/\/storitgroup.com\/fi\/wp-json\/wp\/v2\/product_brand?post=223618"},{"taxonomy":"product_cat","embeddable":true,"href":"https:\/\/storitgroup.com\/fi\/wp-json\/wp\/v2\/product_cat?post=223618"},{"taxonomy":"product_tag","embeddable":true,"href":"https:\/\/storitgroup.com\/fi\/wp-json\/wp\/v2\/product_tag?post=223618"}],"curies":[{"name":"wp","href":"https:\/\/api.w.org\/{rel}","templated":true}]}}