{"id":223381,"date":"2025-06-10T12:55:02","date_gmt":"2025-06-10T11:33:31","guid":{"rendered":"https:\/\/storitgroup.com\/?post_type=product&#038;p=223381"},"modified":"2026-04-08T23:32:16","modified_gmt":"2026-04-08T20:32:16","slug":"kemikaalikaappi-storit-210-5-25pa-1990x1000x500-mm-ral7035-1023","status":"publish","type":"product","link":"https:\/\/storitgroup.com\/fi\/tuote\/kemikaalikaappi-storit-210-5-25pa-1990x1000x500-mm-ral7035-1023\/","title":{"rendered":"Kemikaalikaappi Storit 210\/5-25pa 1990x1000x500 mm, RAL7035\/1023"},"content":{"rendered":"<p>Hitsatulla rakenteella varustettu kaappi ymp\u00e4rist\u00f6lle vaarallisten kemikaalien turvalliseen s\u00e4ilytykseen. Kaapin runko on valmistettu ISO:9001- ja ISO:14001-standardien mukaisesti, ja kaapin maalille on my\u00f6nnetty paloluokitus: A2-s1,d0. <\/p>\n<p>1040 mm korkeassa kaapissa on 2 ja 1990 mm korkeassa 4 sinkitty\u00e4 (Zn) allashylly\u00e4, joiden kantavuus on 60 kg.<br \/>Hyllyt ovat s\u00e4\u00e4dett\u00e4viss\u00e4 25 mm v\u00e4lein. <br \/>Kaapin sivulla on ilmanvaihtoaukko(ja) ja ovessa rei\u00b4itys paremman ilmanvaihdon ja kemikaalih\u00f6yryjen hajauttamisen varmistamiseksi. Erikoistilauksesta voidaan poistokanava sijoittaa my\u00f6s kaapin yl\u00e4osaan, jolloin kaapin saa liitt\u00e4\u00e4 rakennuksen ilmanvaihtoj\u00e4rjestelm\u00e4\u00e4n. <br \/>Kolmipiste Ronis-tyyppinen lukko. <br \/>Runko on valmistettu 1 mm:n metallilevyst\u00e4 ja suojattu ennen maalausta zirkoniumkerroksella korroosion est\u00e4miseksi. <br \/>Ovessa GHS-02-merkint\u00e4. <br \/>Lis\u00e4hyllyt, valuma-altaat ja laatikot ovat saatavilla erikseen. <\/p>\n<p>Vakiona kaappi toimitetaan keltaisilla (RAL1023) ovilla, jotta sen vaarallisuus olisi selke\u00e4sti havaittavissa. <br \/>Halutessasi voit valita my\u00f6s jonkin muun 16 vakiov\u00e4rist\u00e4mme ilman lis\u00e4maksua.<\/p>\n","protected":false},"excerpt":{"rendered":"<p>Hitsatulla rakenteella varustettu kaappi ymp\u00e4rist\u00f6lle vaarallisten kemikaalien turvalliseen s\u00e4ilytykseen. Kaapin runko on valmistettu ISO:9001- ja ISO:14001-standardien mukaisesti, ja kaapin maalille on my\u00f6nnetty paloluokitus: A2-s1,d0. <\/p>\n<p>1040 mm korkeassa kaapissa on 2 ja 1990 mm korkeassa 4 sinkitty\u00e4 (Zn) allashylly\u00e4, joiden kantavuus on 60 kg.<\/p>\n","protected":false},"featured_media":223418,"template":"","meta":{"_acf_changed":false},"product_brand":[],"product_cat":[7072],"product_tag":[],"class_list":{"0":"post-223381","1":"product","2":"type-product","3":"status-publish","4":"has-post-thumbnail","6":"product_room-kokoonpano-ja-keraily","7":"product_room-tyopaja-ja-autotalli","8":"product_room-laakeyhtiot-ja-laboratoriot","9":"product_room-kuljetus-ja-logistiikka","10":"product_cat-kemikaalikaapit","12":"first","13":"onbackorder","14":"taxable","15":"shipping-taxable","16":"purchasable","17":"product-type-simple"},"acf":[],"yoast_head":"<!-- This site is optimized with the Yoast SEO plugin v27.2 - https:\/\/yoast.com\/product\/yoast-seo-wordpress\/ -->\n<title>Kemikaalikaappi Storit 210\/5-25pa 1990x1000x500 mm, RAL7035\/1023 &#8226; Storit<\/title>\n<meta name=\"description\" content=\"Kemikaalikaappi Storit 210\/5-25pa 1990x1000x500 mm, RAL7035\/1023 \u2014 kohtuulliseen hintaan. Toimitukset kaikkialle Suomeen! \u261b Tutustu tuotteeseen ja tilaa k\u00e4tev\u00e4sti STORIT-verkkokaupasta!\" \/>\n<meta name=\"robots\" content=\"index, follow, max-snippet:-1, max-image-preview:large, max-video-preview:-1\" \/>\n<link rel=\"canonical\" href=\"https:\/\/storitgroup.com\/fi\/tuote\/kemikaalikaappi-storit-210-5-25pa-1990x1000x500-mm-ral7035-1023\/\" \/>\n<meta property=\"og:locale\" content=\"fi_FI\" \/>\n<meta property=\"og:type\" content=\"article\" \/>\n<meta property=\"og:title\" content=\"Kemikaalikaappi Storit 210\/5-25pa 1990x1000x500 mm, RAL7035\/1023 &#8226; Storit\" \/>\n<meta property=\"og:description\" content=\"Kemikaalikaappi Storit 210\/5-25pa 1990x1000x500 mm, RAL7035\/1023 \u2014 kohtuulliseen hintaan. Toimitukset kaikkialle Suomeen! \u261b Tutustu tuotteeseen ja tilaa k\u00e4tev\u00e4sti STORIT-verkkokaupasta!\" \/>\n<meta property=\"og:url\" content=\"https:\/\/storitgroup.com\/fi\/tuote\/kemikaalikaappi-storit-210-5-25pa-1990x1000x500-mm-ral7035-1023\/\" \/>\n<meta property=\"og:site_name\" content=\"Storit\" \/>\n<meta property=\"article:modified_time\" content=\"2026-04-08T20:32:16+00:00\" \/>\n<meta property=\"og:image\" content=\"https:\/\/storitgroup.com\/uploads\/2025\/06\/keemiakapp_msw110-5-24pa_1040x1200_k0003-3.jpg\" \/>\n\t<meta property=\"og:image:width\" content=\"410\" \/>\n\t<meta property=\"og:image:height\" content=\"551\" \/>\n\t<meta property=\"og:image:type\" content=\"image\/jpeg\" \/>\n<meta name=\"twitter:card\" content=\"summary_large_image\" \/>\n<meta name=\"twitter:label1\" content=\"Arvioitu lukuaika\" \/>\n\t<meta name=\"twitter:data1\" content=\"1 minuutti\" \/>\n<script type=\"application\/ld+json\" class=\"yoast-schema-graph\">{\"@context\":\"https:\/\/schema.org\",\"@graph\":[{\"@type\":[\"WebPage\",\"ItemPage\"],\"@id\":\"https:\/\/storitgroup.com\/fi\/tuote\/kemikaalikaappi-storit-210-5-25pa-1990x1000x500-mm-ral7035-1023\/\",\"url\":\"https:\/\/storitgroup.com\/fi\/tuote\/kemikaalikaappi-storit-210-5-25pa-1990x1000x500-mm-ral7035-1023\/\",\"name\":\"Kemikaalikaappi Storit 210\/5-25pa 1990x1000x500 mm, RAL7035\/1023 &#8226; Storit\",\"isPartOf\":{\"@id\":\"https:\/\/storitgroup.com\/fi\/#website\"},\"primaryImageOfPage\":{\"@id\":\"https:\/\/storitgroup.com\/fi\/tuote\/kemikaalikaappi-storit-210-5-25pa-1990x1000x500-mm-ral7035-1023\/#primaryimage\"},\"image\":{\"@id\":\"https:\/\/storitgroup.com\/fi\/tuote\/kemikaalikaappi-storit-210-5-25pa-1990x1000x500-mm-ral7035-1023\/#primaryimage\"},\"thumbnailUrl\":\"https:\/\/storitgroup.com\/uploads\/2025\/06\/keemiakapp_msw110-5-24pa_1040x1200_k0003-3.jpg\",\"datePublished\":\"2025-06-10T11:33:31+00:00\",\"dateModified\":\"2026-04-08T20:32:16+00:00\",\"description\":\"Kemikaalikaappi Storit 210\/5-25pa 1990x1000x500 mm, RAL7035\/1023 \u2014 kohtuulliseen hintaan. Toimitukset kaikkialle Suomeen! \u261b Tutustu tuotteeseen ja tilaa k\u00e4tev\u00e4sti STORIT-verkkokaupasta!\",\"breadcrumb\":{\"@id\":\"https:\/\/storitgroup.com\/fi\/tuote\/kemikaalikaappi-storit-210-5-25pa-1990x1000x500-mm-ral7035-1023\/#breadcrumb\"},\"inLanguage\":\"fi\",\"potentialAction\":[{\"@type\":\"ReadAction\",\"target\":[\"https:\/\/storitgroup.com\/fi\/tuote\/kemikaalikaappi-storit-210-5-25pa-1990x1000x500-mm-ral7035-1023\/\"]}]},{\"@type\":\"ImageObject\",\"inLanguage\":\"fi\",\"@id\":\"https:\/\/storitgroup.com\/fi\/tuote\/kemikaalikaappi-storit-210-5-25pa-1990x1000x500-mm-ral7035-1023\/#primaryimage\",\"url\":\"https:\/\/storitgroup.com\/uploads\/2025\/06\/keemiakapp_msw110-5-24pa_1040x1200_k0003-3.jpg\",\"contentUrl\":\"https:\/\/storitgroup.com\/uploads\/2025\/06\/keemiakapp_msw110-5-24pa_1040x1200_k0003-3.jpg\",\"width\":410,\"height\":551},{\"@type\":\"BreadcrumbList\",\"@id\":\"https:\/\/storitgroup.com\/fi\/tuote\/kemikaalikaappi-storit-210-5-25pa-1990x1000x500-mm-ral7035-1023\/#breadcrumb\",\"itemListElement\":[{\"@type\":\"ListItem\",\"position\":1,\"name\":\"Kotisivu\",\"item\":\"https:\/\/storitgroup.com\/fi\/\"},{\"@type\":\"ListItem\",\"position\":2,\"name\":\"Tuotteet\",\"item\":\"https:\/\/storitgroup.com\/fi\/tuotteet\/\"},{\"@type\":\"ListItem\",\"position\":3,\"name\":\"Metallikaapit, pukukaapit\",\"item\":\"https:\/\/storitgroup.com\/fi\/metallikaapit-pukukaapit\/\"},{\"@type\":\"ListItem\",\"position\":4,\"name\":\"Kemikaalikaapit\",\"item\":\"https:\/\/storitgroup.com\/fi\/metallikaapit-pukukaapit\/kemikaalikaapit\/\"},{\"@type\":\"ListItem\",\"position\":5,\"name\":\"Kemikaalikaappi Storit 210\/5-25pa 1990x1000x500 mm, RAL7035\/1023\"}]},{\"@type\":\"WebSite\",\"@id\":\"https:\/\/storitgroup.com\/fi\/#website\",\"url\":\"https:\/\/storitgroup.com\/fi\/\",\"name\":\"Storit\",\"description\":\"\",\"potentialAction\":[{\"@type\":\"SearchAction\",\"target\":{\"@type\":\"EntryPoint\",\"urlTemplate\":\"https:\/\/storitgroup.com\/fi\/?s={search_term_string}\"},\"query-input\":{\"@type\":\"PropertyValueSpecification\",\"valueRequired\":true,\"valueName\":\"search_term_string\"}}],\"inLanguage\":\"fi\"}]}<\/script>\n<!-- \/ Yoast SEO plugin. -->","yoast_head_json":{"title":"Kemikaalikaappi Storit 210\/5-25pa 1990x1000x500 mm, RAL7035\/1023 &#8226; Storit","description":"Kemikaalikaappi Storit 210\/5-25pa 1990x1000x500 mm, RAL7035\/1023 \u2014 kohtuulliseen hintaan. Toimitukset kaikkialle Suomeen! \u261b Tutustu tuotteeseen ja tilaa k\u00e4tev\u00e4sti STORIT-verkkokaupasta!","robots":{"index":"index","follow":"follow","max-snippet":"max-snippet:-1","max-image-preview":"max-image-preview:large","max-video-preview":"max-video-preview:-1"},"canonical":"https:\/\/storitgroup.com\/fi\/tuote\/kemikaalikaappi-storit-210-5-25pa-1990x1000x500-mm-ral7035-1023\/","og_locale":"fi_FI","og_type":"article","og_title":"Kemikaalikaappi Storit 210\/5-25pa 1990x1000x500 mm, RAL7035\/1023 &#8226; Storit","og_description":"Kemikaalikaappi Storit 210\/5-25pa 1990x1000x500 mm, RAL7035\/1023 \u2014 kohtuulliseen hintaan. Toimitukset kaikkialle Suomeen! \u261b Tutustu tuotteeseen ja tilaa k\u00e4tev\u00e4sti STORIT-verkkokaupasta!","og_url":"https:\/\/storitgroup.com\/fi\/tuote\/kemikaalikaappi-storit-210-5-25pa-1990x1000x500-mm-ral7035-1023\/","og_site_name":"Storit","article_modified_time":"2026-04-08T20:32:16+00:00","og_image":[{"width":410,"height":551,"url":"https:\/\/storitgroup.com\/uploads\/2025\/06\/keemiakapp_msw110-5-24pa_1040x1200_k0003-3.jpg","type":"image\/jpeg"}],"twitter_card":"summary_large_image","twitter_misc":{"Arvioitu lukuaika":"1 minuutti"},"schema":{"@context":"https:\/\/schema.org","@graph":[{"@type":["WebPage","ItemPage"],"@id":"https:\/\/storitgroup.com\/fi\/tuote\/kemikaalikaappi-storit-210-5-25pa-1990x1000x500-mm-ral7035-1023\/","url":"https:\/\/storitgroup.com\/fi\/tuote\/kemikaalikaappi-storit-210-5-25pa-1990x1000x500-mm-ral7035-1023\/","name":"Kemikaalikaappi Storit 210\/5-25pa 1990x1000x500 mm, RAL7035\/1023 &#8226; Storit","isPartOf":{"@id":"https:\/\/storitgroup.com\/fi\/#website"},"primaryImageOfPage":{"@id":"https:\/\/storitgroup.com\/fi\/tuote\/kemikaalikaappi-storit-210-5-25pa-1990x1000x500-mm-ral7035-1023\/#primaryimage"},"image":{"@id":"https:\/\/storitgroup.com\/fi\/tuote\/kemikaalikaappi-storit-210-5-25pa-1990x1000x500-mm-ral7035-1023\/#primaryimage"},"thumbnailUrl":"https:\/\/storitgroup.com\/uploads\/2025\/06\/keemiakapp_msw110-5-24pa_1040x1200_k0003-3.jpg","datePublished":"2025-06-10T11:33:31+00:00","dateModified":"2026-04-08T20:32:16+00:00","description":"Kemikaalikaappi Storit 210\/5-25pa 1990x1000x500 mm, RAL7035\/1023 \u2014 kohtuulliseen hintaan. Toimitukset kaikkialle Suomeen! \u261b Tutustu tuotteeseen ja tilaa k\u00e4tev\u00e4sti STORIT-verkkokaupasta!","breadcrumb":{"@id":"https:\/\/storitgroup.com\/fi\/tuote\/kemikaalikaappi-storit-210-5-25pa-1990x1000x500-mm-ral7035-1023\/#breadcrumb"},"inLanguage":"fi","potentialAction":[{"@type":"ReadAction","target":["https:\/\/storitgroup.com\/fi\/tuote\/kemikaalikaappi-storit-210-5-25pa-1990x1000x500-mm-ral7035-1023\/"]}]},{"@type":"ImageObject","inLanguage":"fi","@id":"https:\/\/storitgroup.com\/fi\/tuote\/kemikaalikaappi-storit-210-5-25pa-1990x1000x500-mm-ral7035-1023\/#primaryimage","url":"https:\/\/storitgroup.com\/uploads\/2025\/06\/keemiakapp_msw110-5-24pa_1040x1200_k0003-3.jpg","contentUrl":"https:\/\/storitgroup.com\/uploads\/2025\/06\/keemiakapp_msw110-5-24pa_1040x1200_k0003-3.jpg","width":410,"height":551},{"@type":"BreadcrumbList","@id":"https:\/\/storitgroup.com\/fi\/tuote\/kemikaalikaappi-storit-210-5-25pa-1990x1000x500-mm-ral7035-1023\/#breadcrumb","itemListElement":[{"@type":"ListItem","position":1,"name":"Kotisivu","item":"https:\/\/storitgroup.com\/fi\/"},{"@type":"ListItem","position":2,"name":"Tuotteet","item":"https:\/\/storitgroup.com\/fi\/tuotteet\/"},{"@type":"ListItem","position":3,"name":"Metallikaapit, pukukaapit","item":"https:\/\/storitgroup.com\/fi\/metallikaapit-pukukaapit\/"},{"@type":"ListItem","position":4,"name":"Kemikaalikaapit","item":"https:\/\/storitgroup.com\/fi\/metallikaapit-pukukaapit\/kemikaalikaapit\/"},{"@type":"ListItem","position":5,"name":"Kemikaalikaappi Storit 210\/5-25pa 1990x1000x500 mm, RAL7035\/1023"}]},{"@type":"WebSite","@id":"https:\/\/storitgroup.com\/fi\/#website","url":"https:\/\/storitgroup.com\/fi\/","name":"Storit","description":"","potentialAction":[{"@type":"SearchAction","target":{"@type":"EntryPoint","urlTemplate":"https:\/\/storitgroup.com\/fi\/?s={search_term_string}"},"query-input":{"@type":"PropertyValueSpecification","valueRequired":true,"valueName":"search_term_string"}}],"inLanguage":"fi"}]}},"_links":{"self":[{"href":"https:\/\/storitgroup.com\/fi\/wp-json\/wp\/v2\/product\/223381","targetHints":{"allow":["GET"]}}],"collection":[{"href":"https:\/\/storitgroup.com\/fi\/wp-json\/wp\/v2\/product"}],"about":[{"href":"https:\/\/storitgroup.com\/fi\/wp-json\/wp\/v2\/types\/product"}],"wp:featuredmedia":[{"embeddable":true,"href":"https:\/\/storitgroup.com\/fi\/wp-json\/wp\/v2\/media\/223418"}],"wp:attachment":[{"href":"https:\/\/storitgroup.com\/fi\/wp-json\/wp\/v2\/media?parent=223381"}],"wp:term":[{"taxonomy":"product_brand","embeddable":true,"href":"https:\/\/storitgroup.com\/fi\/wp-json\/wp\/v2\/product_brand?post=223381"},{"taxonomy":"product_cat","embeddable":true,"href":"https:\/\/storitgroup.com\/fi\/wp-json\/wp\/v2\/product_cat?post=223381"},{"taxonomy":"product_tag","embeddable":true,"href":"https:\/\/storitgroup.com\/fi\/wp-json\/wp\/v2\/product_tag?post=223381"}],"curies":[{"name":"wp","href":"https:\/\/api.w.org\/{rel}","templated":true}]}}