{"id":223377,"date":"2025-06-10T14:30:45","date_gmt":"2025-06-10T11:30:45","guid":{"rendered":"https:\/\/storitgroup.com\/?post_type=product&#038;p=223377"},"modified":"2026-04-08T22:02:14","modified_gmt":"2026-04-08T19:02:14","slug":"kemikaalikaappi-420x920x1950-mm","status":"publish","type":"product","link":"https:\/\/storitgroup.com\/fi\/tuote\/kemikaalikaappi-420x920x1950-mm\/","title":{"rendered":"Kemikaalikaappi 420x920x1950 mm"},"content":{"rendered":"<p>Kemikaalikaappi varmistaa vaarallisten aineiden turvallisemman s\u00e4ilytyksen ja suojaa ty\u00f6ntekij\u00f6it\u00e4 myrkyllisten h\u00f6yryjen ja kemikaalien aiheuttamilta vaaroilta. Korotetut hyllyn reunat est\u00e4v\u00e4t nesteit\u00e4 valumasta lattialle, ja hyllyt voivat pit\u00e4\u00e4 jopa 12 litraa nestett\u00e4.<\/p>\n<p>Hyllyn mitat (syvyys x leveys x korkeus): 370x912x50 mm. <br \/>Hyllyn korkeutta voidaan s\u00e4\u00e4t\u00e4\u00e4 25,4 mm v\u00e4lein. <br \/>Itsekoottava.<\/p>\n","protected":false},"excerpt":{"rendered":"<p>Kemikaalikaappi varmistaa vaarallisten aineiden turvallisemman s\u00e4ilytyksen ja suojaa ty\u00f6ntekij\u00f6it\u00e4 myrkyllisten h\u00f6yryjen ja kemikaalien aiheuttamilta vaaroilta. Korotetut hyllyn reunat est\u00e4v\u00e4t nesteit\u00e4 valumasta lattialle, ja hyllyt voivat pit\u00e4\u00e4 jopa 12 litraa nestett\u00e4.<\/p>\n<p>Hyllyn mitat (syvyys x leveys x korkeus): 370x912x50 mm. <\/p>\n","protected":false},"featured_media":223516,"template":"","meta":{"_acf_changed":false},"product_brand":[],"product_cat":[7072],"product_tag":[],"class_list":{"0":"post-223377","1":"product","2":"type-product","3":"status-publish","4":"has-post-thumbnail","6":"product_room-tyopaja-ja-autotalli","7":"product_room-laakeyhtiot-ja-laboratoriot","8":"product_room-kuljetus-ja-logistiikka","9":"product_room-kokoonpano-ja-keraily","10":"product_cat-kemikaalikaapit","12":"first","13":"onbackorder","14":"taxable","15":"shipping-taxable","16":"purchasable","17":"product-type-simple"},"acf":[],"yoast_head":"<!-- This site is optimized with the Yoast SEO plugin v27.2 - https:\/\/yoast.com\/product\/yoast-seo-wordpress\/ -->\n<title>Kemikaalikaappi 420x920x1950 mm &#8226; Storit<\/title>\n<meta name=\"description\" content=\"Kemikaalikaappi 420x920x1950 mm \u2014 kohtuulliseen hintaan. Toimitukset kaikkialle Suomeen! \u261b Tutustu tuotteeseen ja tilaa k\u00e4tev\u00e4sti STORIT-verkkokaupasta!\" \/>\n<meta name=\"robots\" content=\"index, follow, max-snippet:-1, max-image-preview:large, max-video-preview:-1\" \/>\n<link rel=\"canonical\" href=\"https:\/\/storitgroup.com\/fi\/tuote\/kemikaalikaappi-420x920x1950-mm\/\" \/>\n<meta property=\"og:locale\" content=\"fi_FI\" \/>\n<meta property=\"og:type\" content=\"article\" \/>\n<meta property=\"og:title\" content=\"Kemikaalikaappi 420x920x1950 mm &#8226; Storit\" \/>\n<meta property=\"og:description\" content=\"Kemikaalikaappi 420x920x1950 mm \u2014 kohtuulliseen hintaan. Toimitukset kaikkialle Suomeen! \u261b Tutustu tuotteeseen ja tilaa k\u00e4tev\u00e4sti STORIT-verkkokaupasta!\" \/>\n<meta property=\"og:url\" content=\"https:\/\/storitgroup.com\/fi\/tuote\/kemikaalikaappi-420x920x1950-mm\/\" \/>\n<meta property=\"og:site_name\" content=\"Storit\" \/>\n<meta property=\"article:modified_time\" content=\"2026-04-08T19:02:14+00:00\" \/>\n<meta property=\"og:image\" content=\"https:\/\/storitgroup.com\/uploads\/2025\/06\/keemiakapp_71520-4.jpg\" \/>\n\t<meta property=\"og:image:width\" content=\"405\" \/>\n\t<meta property=\"og:image:height\" content=\"546\" \/>\n\t<meta property=\"og:image:type\" content=\"image\/jpeg\" \/>\n<meta name=\"twitter:card\" content=\"summary_large_image\" \/>\n<script type=\"application\/ld+json\" class=\"yoast-schema-graph\">{\"@context\":\"https:\/\/schema.org\",\"@graph\":[{\"@type\":[\"WebPage\",\"ItemPage\"],\"@id\":\"https:\/\/storitgroup.com\/fi\/tuote\/kemikaalikaappi-420x920x1950-mm\/\",\"url\":\"https:\/\/storitgroup.com\/fi\/tuote\/kemikaalikaappi-420x920x1950-mm\/\",\"name\":\"Kemikaalikaappi 420x920x1950 mm &#8226; Storit\",\"isPartOf\":{\"@id\":\"https:\/\/storitgroup.com\/fi\/#website\"},\"primaryImageOfPage\":{\"@id\":\"https:\/\/storitgroup.com\/fi\/tuote\/kemikaalikaappi-420x920x1950-mm\/#primaryimage\"},\"image\":{\"@id\":\"https:\/\/storitgroup.com\/fi\/tuote\/kemikaalikaappi-420x920x1950-mm\/#primaryimage\"},\"thumbnailUrl\":\"https:\/\/storitgroup.com\/uploads\/2025\/06\/keemiakapp_71520-4.jpg\",\"datePublished\":\"2025-06-10T11:30:45+00:00\",\"dateModified\":\"2026-04-08T19:02:14+00:00\",\"description\":\"Kemikaalikaappi 420x920x1950 mm \u2014 kohtuulliseen hintaan. Toimitukset kaikkialle Suomeen! \u261b Tutustu tuotteeseen ja tilaa k\u00e4tev\u00e4sti STORIT-verkkokaupasta!\",\"breadcrumb\":{\"@id\":\"https:\/\/storitgroup.com\/fi\/tuote\/kemikaalikaappi-420x920x1950-mm\/#breadcrumb\"},\"inLanguage\":\"fi\",\"potentialAction\":[{\"@type\":\"ReadAction\",\"target\":[\"https:\/\/storitgroup.com\/fi\/tuote\/kemikaalikaappi-420x920x1950-mm\/\"]}]},{\"@type\":\"ImageObject\",\"inLanguage\":\"fi\",\"@id\":\"https:\/\/storitgroup.com\/fi\/tuote\/kemikaalikaappi-420x920x1950-mm\/#primaryimage\",\"url\":\"https:\/\/storitgroup.com\/uploads\/2025\/06\/keemiakapp_71520-4.jpg\",\"contentUrl\":\"https:\/\/storitgroup.com\/uploads\/2025\/06\/keemiakapp_71520-4.jpg\",\"width\":405,\"height\":546},{\"@type\":\"BreadcrumbList\",\"@id\":\"https:\/\/storitgroup.com\/fi\/tuote\/kemikaalikaappi-420x920x1950-mm\/#breadcrumb\",\"itemListElement\":[{\"@type\":\"ListItem\",\"position\":1,\"name\":\"Kotisivu\",\"item\":\"https:\/\/storitgroup.com\/fi\/\"},{\"@type\":\"ListItem\",\"position\":2,\"name\":\"Tuotteet\",\"item\":\"https:\/\/storitgroup.com\/fi\/tuotteet\/\"},{\"@type\":\"ListItem\",\"position\":3,\"name\":\"Metallikaapit, pukukaapit\",\"item\":\"https:\/\/storitgroup.com\/fi\/metallikaapit-pukukaapit\/\"},{\"@type\":\"ListItem\",\"position\":4,\"name\":\"Kemikaalikaapit\",\"item\":\"https:\/\/storitgroup.com\/fi\/metallikaapit-pukukaapit\/kemikaalikaapit\/\"},{\"@type\":\"ListItem\",\"position\":5,\"name\":\"Kemikaalikaappi 420x920x1950 mm\"}]},{\"@type\":\"WebSite\",\"@id\":\"https:\/\/storitgroup.com\/fi\/#website\",\"url\":\"https:\/\/storitgroup.com\/fi\/\",\"name\":\"Storit\",\"description\":\"\",\"potentialAction\":[{\"@type\":\"SearchAction\",\"target\":{\"@type\":\"EntryPoint\",\"urlTemplate\":\"https:\/\/storitgroup.com\/fi\/?s={search_term_string}\"},\"query-input\":{\"@type\":\"PropertyValueSpecification\",\"valueRequired\":true,\"valueName\":\"search_term_string\"}}],\"inLanguage\":\"fi\"}]}<\/script>\n<!-- \/ Yoast SEO plugin. -->","yoast_head_json":{"title":"Kemikaalikaappi 420x920x1950 mm &#8226; Storit","description":"Kemikaalikaappi 420x920x1950 mm \u2014 kohtuulliseen hintaan. Toimitukset kaikkialle Suomeen! \u261b Tutustu tuotteeseen ja tilaa k\u00e4tev\u00e4sti STORIT-verkkokaupasta!","robots":{"index":"index","follow":"follow","max-snippet":"max-snippet:-1","max-image-preview":"max-image-preview:large","max-video-preview":"max-video-preview:-1"},"canonical":"https:\/\/storitgroup.com\/fi\/tuote\/kemikaalikaappi-420x920x1950-mm\/","og_locale":"fi_FI","og_type":"article","og_title":"Kemikaalikaappi 420x920x1950 mm &#8226; Storit","og_description":"Kemikaalikaappi 420x920x1950 mm \u2014 kohtuulliseen hintaan. Toimitukset kaikkialle Suomeen! \u261b Tutustu tuotteeseen ja tilaa k\u00e4tev\u00e4sti STORIT-verkkokaupasta!","og_url":"https:\/\/storitgroup.com\/fi\/tuote\/kemikaalikaappi-420x920x1950-mm\/","og_site_name":"Storit","article_modified_time":"2026-04-08T19:02:14+00:00","og_image":[{"width":405,"height":546,"url":"https:\/\/storitgroup.com\/uploads\/2025\/06\/keemiakapp_71520-4.jpg","type":"image\/jpeg"}],"twitter_card":"summary_large_image","schema":{"@context":"https:\/\/schema.org","@graph":[{"@type":["WebPage","ItemPage"],"@id":"https:\/\/storitgroup.com\/fi\/tuote\/kemikaalikaappi-420x920x1950-mm\/","url":"https:\/\/storitgroup.com\/fi\/tuote\/kemikaalikaappi-420x920x1950-mm\/","name":"Kemikaalikaappi 420x920x1950 mm &#8226; Storit","isPartOf":{"@id":"https:\/\/storitgroup.com\/fi\/#website"},"primaryImageOfPage":{"@id":"https:\/\/storitgroup.com\/fi\/tuote\/kemikaalikaappi-420x920x1950-mm\/#primaryimage"},"image":{"@id":"https:\/\/storitgroup.com\/fi\/tuote\/kemikaalikaappi-420x920x1950-mm\/#primaryimage"},"thumbnailUrl":"https:\/\/storitgroup.com\/uploads\/2025\/06\/keemiakapp_71520-4.jpg","datePublished":"2025-06-10T11:30:45+00:00","dateModified":"2026-04-08T19:02:14+00:00","description":"Kemikaalikaappi 420x920x1950 mm \u2014 kohtuulliseen hintaan. Toimitukset kaikkialle Suomeen! \u261b Tutustu tuotteeseen ja tilaa k\u00e4tev\u00e4sti STORIT-verkkokaupasta!","breadcrumb":{"@id":"https:\/\/storitgroup.com\/fi\/tuote\/kemikaalikaappi-420x920x1950-mm\/#breadcrumb"},"inLanguage":"fi","potentialAction":[{"@type":"ReadAction","target":["https:\/\/storitgroup.com\/fi\/tuote\/kemikaalikaappi-420x920x1950-mm\/"]}]},{"@type":"ImageObject","inLanguage":"fi","@id":"https:\/\/storitgroup.com\/fi\/tuote\/kemikaalikaappi-420x920x1950-mm\/#primaryimage","url":"https:\/\/storitgroup.com\/uploads\/2025\/06\/keemiakapp_71520-4.jpg","contentUrl":"https:\/\/storitgroup.com\/uploads\/2025\/06\/keemiakapp_71520-4.jpg","width":405,"height":546},{"@type":"BreadcrumbList","@id":"https:\/\/storitgroup.com\/fi\/tuote\/kemikaalikaappi-420x920x1950-mm\/#breadcrumb","itemListElement":[{"@type":"ListItem","position":1,"name":"Kotisivu","item":"https:\/\/storitgroup.com\/fi\/"},{"@type":"ListItem","position":2,"name":"Tuotteet","item":"https:\/\/storitgroup.com\/fi\/tuotteet\/"},{"@type":"ListItem","position":3,"name":"Metallikaapit, pukukaapit","item":"https:\/\/storitgroup.com\/fi\/metallikaapit-pukukaapit\/"},{"@type":"ListItem","position":4,"name":"Kemikaalikaapit","item":"https:\/\/storitgroup.com\/fi\/metallikaapit-pukukaapit\/kemikaalikaapit\/"},{"@type":"ListItem","position":5,"name":"Kemikaalikaappi 420x920x1950 mm"}]},{"@type":"WebSite","@id":"https:\/\/storitgroup.com\/fi\/#website","url":"https:\/\/storitgroup.com\/fi\/","name":"Storit","description":"","potentialAction":[{"@type":"SearchAction","target":{"@type":"EntryPoint","urlTemplate":"https:\/\/storitgroup.com\/fi\/?s={search_term_string}"},"query-input":{"@type":"PropertyValueSpecification","valueRequired":true,"valueName":"search_term_string"}}],"inLanguage":"fi"}]}},"_links":{"self":[{"href":"https:\/\/storitgroup.com\/fi\/wp-json\/wp\/v2\/product\/223377","targetHints":{"allow":["GET"]}}],"collection":[{"href":"https:\/\/storitgroup.com\/fi\/wp-json\/wp\/v2\/product"}],"about":[{"href":"https:\/\/storitgroup.com\/fi\/wp-json\/wp\/v2\/types\/product"}],"wp:featuredmedia":[{"embeddable":true,"href":"https:\/\/storitgroup.com\/fi\/wp-json\/wp\/v2\/media\/223516"}],"wp:attachment":[{"href":"https:\/\/storitgroup.com\/fi\/wp-json\/wp\/v2\/media?parent=223377"}],"wp:term":[{"taxonomy":"product_brand","embeddable":true,"href":"https:\/\/storitgroup.com\/fi\/wp-json\/wp\/v2\/product_brand?post=223377"},{"taxonomy":"product_cat","embeddable":true,"href":"https:\/\/storitgroup.com\/fi\/wp-json\/wp\/v2\/product_cat?post=223377"},{"taxonomy":"product_tag","embeddable":true,"href":"https:\/\/storitgroup.com\/fi\/wp-json\/wp\/v2\/product_tag?post=223377"}],"curies":[{"name":"wp","href":"https:\/\/api.w.org\/{rel}","templated":true}]}}