{"id":223272,"date":"2025-06-02T12:40:32","date_gmt":"2025-06-02T09:40:32","guid":{"rendered":"https:\/\/storitgroup.com\/?post_type=product&#038;p=223272"},"modified":"2026-04-09T14:35:09","modified_gmt":"2026-04-09T11:35:09","slug":"tyopisteen-pehmustematto-l910xp1350mm-keltainen-varoituspalkki","status":"publish","type":"product","link":"https:\/\/storitgroup.com\/fi\/tuote\/tyopisteen-pehmustematto-l910xp1350mm-keltainen-varoituspalkki\/","title":{"rendered":"Ty\u00f6pisteen pehmustematto L910xP1350mm, keltainen varoituspalkki"},"content":{"rendered":"<p>Ergonominen pehmennysmatto ty\u00f6paikoille, joissa k\u00e4vell\u00e4\u00e4n tai seist\u00e4\u00e4n paljon. V\u00e4hent\u00e4\u00e4 jalkojen ja sel\u00e4n v\u00e4symyst\u00e4, parantaa verenkiertoa ja ehk\u00e4isee ty\u00f6p\u00e4iv\u00e4n aikana ilmenevi\u00e4 vaivoja. Erityinen pintakuvio takaa maksimaalisen liukumattomuuden ja est\u00e4\u00e4 lian tarttumista. Viistot reunat v\u00e4hent\u00e4v\u00e4t kompastumisriski\u00e4. Materiaalin huonon l\u00e4mm\u00f6njohtavuuden ansiosta matolla seistess\u00e4 jalat pysyv\u00e4t l\u00e4mpimin\u00e4 my\u00f6s kylm\u00e4ll\u00e4 lattialla. <\/p>\n<p>Koko: 910&#215;1350 mm. <br \/>Hyv\u00e4 kemikaalienkest\u00e4vyys. <br \/>Helppo puhdistaa. <br \/>Antistaattinen. <br \/>Palamaton. <br \/>Vaimentaa melua ja t\u00e4rin\u00e4\u00e4.<\/p>\n","protected":false},"excerpt":{"rendered":"<p>Ergonominen pehmennysmatto ty\u00f6paikoille, joissa k\u00e4vell\u00e4\u00e4n tai seist\u00e4\u00e4n paljon. V\u00e4hent\u00e4\u00e4 jalkojen ja sel\u00e4n v\u00e4symyst\u00e4, parantaa verenkiertoa ja ehk\u00e4isee ty\u00f6p\u00e4iv\u00e4n aikana ilmenevi\u00e4 vaivoja. Erityinen pintakuvio takaa maksimaalisen liukumattomuuden ja est\u00e4\u00e4 lian tarttumista. Viistot reunat v\u00e4hent\u00e4v\u00e4t kompastumisriski\u00e4. Materiaalin huonon l\u00e4mm\u00f6njohtavuuden ansiosta matolla seistess\u00e4 jalat pysyv\u00e4t l\u00e4mpimin\u00e4 my\u00f6s kylm\u00e4ll\u00e4 lattialla. <\/p>\n<p>Koko: 910&#215;1350 mm. <\/p>\n","protected":false},"featured_media":20899,"template":"","meta":{"_acf_changed":false},"product_brand":[],"product_cat":[7109],"product_tag":[],"class_list":{"0":"post-223272","1":"product","2":"type-product","3":"status-publish","4":"has-post-thumbnail","6":"product_room-tyopaja-ja-autotalli","7":"product_room-ruuan-kasittely","8":"product_room-pakkaus","9":"product_room-turvaratkaisut-varastoon-tuotantoon","10":"product_room-teollisuus-ja-tuotanto-ergonomiset-tyopaikat-tyokaluvarasto","11":"product_room-kokoonpano-ja-keraily","12":"product_cat-loytonurkkaus","14":"first","15":"instock","16":"taxable","17":"shipping-taxable","18":"purchasable","19":"product-type-simple"},"acf":[],"yoast_head":"<!-- This site is optimized with the Yoast SEO plugin v27.3 - https:\/\/yoast.com\/product\/yoast-seo-wordpress\/ -->\n<title>Ty\u00f6pisteen pehmustematto L910xP1350mm, keltainen varoituspalkki &#8226; Storit<\/title>\n<meta name=\"description\" content=\"Ty\u00f6pisteen pehmustematto L910xP1350mm, keltainen varoituspalkki \u2014 kohtuulliseen hintaan. Toimitukset kaikkialle Suomeen! \u261b Tutustu tuotteeseen ja tilaa k\u00e4tev\u00e4sti STORIT-verkkokaupasta!\" \/>\n<meta name=\"robots\" content=\"index, follow, max-snippet:-1, max-image-preview:large, max-video-preview:-1\" \/>\n<link rel=\"canonical\" href=\"https:\/\/storitgroup.com\/fi\/tuote\/tyopisteen-pehmustematto-l910xp1350mm-keltainen-varoituspalkki\/\" \/>\n<meta property=\"og:locale\" content=\"fi_FI\" \/>\n<meta property=\"og:type\" content=\"article\" \/>\n<meta property=\"og:title\" content=\"Ty\u00f6pisteen pehmustematto L910xP1350mm, keltainen varoituspalkki &#8226; Storit\" \/>\n<meta property=\"og:description\" content=\"Ty\u00f6pisteen pehmustematto L910xP1350mm, keltainen varoituspalkki \u2014 kohtuulliseen hintaan. Toimitukset kaikkialle Suomeen! \u261b Tutustu tuotteeseen ja tilaa k\u00e4tev\u00e4sti STORIT-verkkokaupasta!\" \/>\n<meta property=\"og:url\" content=\"https:\/\/storitgroup.com\/fi\/tuote\/tyopisteen-pehmustematto-l910xp1350mm-keltainen-varoituspalkki\/\" \/>\n<meta property=\"og:site_name\" content=\"Storit\" \/>\n<meta property=\"article:modified_time\" content=\"2026-04-09T11:35:09+00:00\" \/>\n<meta property=\"og:image\" content=\"https:\/\/storitgroup.com\/uploads\/2021\/03\/tookohamatt-910-mm-2-1.png\" \/>\n\t<meta property=\"og:image:width\" content=\"660\" \/>\n\t<meta property=\"og:image:height\" content=\"660\" \/>\n\t<meta property=\"og:image:type\" content=\"image\/png\" \/>\n<meta name=\"twitter:card\" content=\"summary_large_image\" \/>\n<script type=\"application\/ld+json\" class=\"yoast-schema-graph\">{\"@context\":\"https:\\\/\\\/schema.org\",\"@graph\":[{\"@type\":[\"WebPage\",\"ItemPage\"],\"@id\":\"https:\\\/\\\/storitgroup.com\\\/fi\\\/tuote\\\/tyopisteen-pehmustematto-l910xp1350mm-keltainen-varoituspalkki\\\/\",\"url\":\"https:\\\/\\\/storitgroup.com\\\/fi\\\/tuote\\\/tyopisteen-pehmustematto-l910xp1350mm-keltainen-varoituspalkki\\\/\",\"name\":\"Ty\u00f6pisteen pehmustematto L910xP1350mm, keltainen varoituspalkki &#8226; Storit\",\"isPartOf\":{\"@id\":\"https:\\\/\\\/storitgroup.com\\\/fi\\\/#website\"},\"primaryImageOfPage\":{\"@id\":\"https:\\\/\\\/storitgroup.com\\\/fi\\\/tuote\\\/tyopisteen-pehmustematto-l910xp1350mm-keltainen-varoituspalkki\\\/#primaryimage\"},\"image\":{\"@id\":\"https:\\\/\\\/storitgroup.com\\\/fi\\\/tuote\\\/tyopisteen-pehmustematto-l910xp1350mm-keltainen-varoituspalkki\\\/#primaryimage\"},\"thumbnailUrl\":\"https:\\\/\\\/storitgroup.com\\\/uploads\\\/2021\\\/03\\\/tookohamatt-910-mm-2-1.png\",\"datePublished\":\"2025-06-02T09:40:32+00:00\",\"dateModified\":\"2026-04-09T11:35:09+00:00\",\"description\":\"Ty\u00f6pisteen pehmustematto L910xP1350mm, keltainen varoituspalkki \u2014 kohtuulliseen hintaan. Toimitukset kaikkialle Suomeen! \u261b Tutustu tuotteeseen ja tilaa k\u00e4tev\u00e4sti STORIT-verkkokaupasta!\",\"breadcrumb\":{\"@id\":\"https:\\\/\\\/storitgroup.com\\\/fi\\\/tuote\\\/tyopisteen-pehmustematto-l910xp1350mm-keltainen-varoituspalkki\\\/#breadcrumb\"},\"inLanguage\":\"fi\",\"potentialAction\":[{\"@type\":\"ReadAction\",\"target\":[\"https:\\\/\\\/storitgroup.com\\\/fi\\\/tuote\\\/tyopisteen-pehmustematto-l910xp1350mm-keltainen-varoituspalkki\\\/\"]}]},{\"@type\":\"ImageObject\",\"inLanguage\":\"fi\",\"@id\":\"https:\\\/\\\/storitgroup.com\\\/fi\\\/tuote\\\/tyopisteen-pehmustematto-l910xp1350mm-keltainen-varoituspalkki\\\/#primaryimage\",\"url\":\"https:\\\/\\\/storitgroup.com\\\/uploads\\\/2021\\\/03\\\/tookohamatt-910-mm-2-1.png\",\"contentUrl\":\"https:\\\/\\\/storitgroup.com\\\/uploads\\\/2021\\\/03\\\/tookohamatt-910-mm-2-1.png\",\"width\":660,\"height\":660},{\"@type\":\"BreadcrumbList\",\"@id\":\"https:\\\/\\\/storitgroup.com\\\/fi\\\/tuote\\\/tyopisteen-pehmustematto-l910xp1350mm-keltainen-varoituspalkki\\\/#breadcrumb\",\"itemListElement\":[{\"@type\":\"ListItem\",\"position\":1,\"name\":\"Kotisivu\",\"item\":\"https:\\\/\\\/storitgroup.com\\\/fi\\\/\"},{\"@type\":\"ListItem\",\"position\":2,\"name\":\"Tuotteet\",\"item\":\"https:\\\/\\\/storitgroup.com\\\/fi\\\/tuotteet\\\/\"},{\"@type\":\"ListItem\",\"position\":3,\"name\":\"L\u00f6yt\u00f6nurkkaus\",\"item\":\"https:\\\/\\\/storitgroup.com\\\/fi\\\/loytonurkkaus\\\/\"},{\"@type\":\"ListItem\",\"position\":4,\"name\":\"Ty\u00f6pisteen pehmustematto L910xP1350mm, keltainen varoituspalkki\"}]},{\"@type\":\"WebSite\",\"@id\":\"https:\\\/\\\/storitgroup.com\\\/fi\\\/#website\",\"url\":\"https:\\\/\\\/storitgroup.com\\\/fi\\\/\",\"name\":\"Storit\",\"description\":\"\",\"potentialAction\":[{\"@type\":\"SearchAction\",\"target\":{\"@type\":\"EntryPoint\",\"urlTemplate\":\"https:\\\/\\\/storitgroup.com\\\/fi\\\/?s={search_term_string}\"},\"query-input\":{\"@type\":\"PropertyValueSpecification\",\"valueRequired\":true,\"valueName\":\"search_term_string\"}}],\"inLanguage\":\"fi\"}]}<\/script>\n<!-- \/ Yoast SEO plugin. -->","yoast_head_json":{"title":"Ty\u00f6pisteen pehmustematto L910xP1350mm, keltainen varoituspalkki &#8226; Storit","description":"Ty\u00f6pisteen pehmustematto L910xP1350mm, keltainen varoituspalkki \u2014 kohtuulliseen hintaan. Toimitukset kaikkialle Suomeen! \u261b Tutustu tuotteeseen ja tilaa k\u00e4tev\u00e4sti STORIT-verkkokaupasta!","robots":{"index":"index","follow":"follow","max-snippet":"max-snippet:-1","max-image-preview":"max-image-preview:large","max-video-preview":"max-video-preview:-1"},"canonical":"https:\/\/storitgroup.com\/fi\/tuote\/tyopisteen-pehmustematto-l910xp1350mm-keltainen-varoituspalkki\/","og_locale":"fi_FI","og_type":"article","og_title":"Ty\u00f6pisteen pehmustematto L910xP1350mm, keltainen varoituspalkki &#8226; Storit","og_description":"Ty\u00f6pisteen pehmustematto L910xP1350mm, keltainen varoituspalkki \u2014 kohtuulliseen hintaan. Toimitukset kaikkialle Suomeen! \u261b Tutustu tuotteeseen ja tilaa k\u00e4tev\u00e4sti STORIT-verkkokaupasta!","og_url":"https:\/\/storitgroup.com\/fi\/tuote\/tyopisteen-pehmustematto-l910xp1350mm-keltainen-varoituspalkki\/","og_site_name":"Storit","article_modified_time":"2026-04-09T11:35:09+00:00","og_image":[{"width":660,"height":660,"url":"https:\/\/storitgroup.com\/uploads\/2021\/03\/tookohamatt-910-mm-2-1.png","type":"image\/png"}],"twitter_card":"summary_large_image","schema":{"@context":"https:\/\/schema.org","@graph":[{"@type":["WebPage","ItemPage"],"@id":"https:\/\/storitgroup.com\/fi\/tuote\/tyopisteen-pehmustematto-l910xp1350mm-keltainen-varoituspalkki\/","url":"https:\/\/storitgroup.com\/fi\/tuote\/tyopisteen-pehmustematto-l910xp1350mm-keltainen-varoituspalkki\/","name":"Ty\u00f6pisteen pehmustematto L910xP1350mm, keltainen varoituspalkki &#8226; Storit","isPartOf":{"@id":"https:\/\/storitgroup.com\/fi\/#website"},"primaryImageOfPage":{"@id":"https:\/\/storitgroup.com\/fi\/tuote\/tyopisteen-pehmustematto-l910xp1350mm-keltainen-varoituspalkki\/#primaryimage"},"image":{"@id":"https:\/\/storitgroup.com\/fi\/tuote\/tyopisteen-pehmustematto-l910xp1350mm-keltainen-varoituspalkki\/#primaryimage"},"thumbnailUrl":"https:\/\/storitgroup.com\/uploads\/2021\/03\/tookohamatt-910-mm-2-1.png","datePublished":"2025-06-02T09:40:32+00:00","dateModified":"2026-04-09T11:35:09+00:00","description":"Ty\u00f6pisteen pehmustematto L910xP1350mm, keltainen varoituspalkki \u2014 kohtuulliseen hintaan. Toimitukset kaikkialle Suomeen! \u261b Tutustu tuotteeseen ja tilaa k\u00e4tev\u00e4sti STORIT-verkkokaupasta!","breadcrumb":{"@id":"https:\/\/storitgroup.com\/fi\/tuote\/tyopisteen-pehmustematto-l910xp1350mm-keltainen-varoituspalkki\/#breadcrumb"},"inLanguage":"fi","potentialAction":[{"@type":"ReadAction","target":["https:\/\/storitgroup.com\/fi\/tuote\/tyopisteen-pehmustematto-l910xp1350mm-keltainen-varoituspalkki\/"]}]},{"@type":"ImageObject","inLanguage":"fi","@id":"https:\/\/storitgroup.com\/fi\/tuote\/tyopisteen-pehmustematto-l910xp1350mm-keltainen-varoituspalkki\/#primaryimage","url":"https:\/\/storitgroup.com\/uploads\/2021\/03\/tookohamatt-910-mm-2-1.png","contentUrl":"https:\/\/storitgroup.com\/uploads\/2021\/03\/tookohamatt-910-mm-2-1.png","width":660,"height":660},{"@type":"BreadcrumbList","@id":"https:\/\/storitgroup.com\/fi\/tuote\/tyopisteen-pehmustematto-l910xp1350mm-keltainen-varoituspalkki\/#breadcrumb","itemListElement":[{"@type":"ListItem","position":1,"name":"Kotisivu","item":"https:\/\/storitgroup.com\/fi\/"},{"@type":"ListItem","position":2,"name":"Tuotteet","item":"https:\/\/storitgroup.com\/fi\/tuotteet\/"},{"@type":"ListItem","position":3,"name":"L\u00f6yt\u00f6nurkkaus","item":"https:\/\/storitgroup.com\/fi\/loytonurkkaus\/"},{"@type":"ListItem","position":4,"name":"Ty\u00f6pisteen pehmustematto L910xP1350mm, keltainen varoituspalkki"}]},{"@type":"WebSite","@id":"https:\/\/storitgroup.com\/fi\/#website","url":"https:\/\/storitgroup.com\/fi\/","name":"Storit","description":"","potentialAction":[{"@type":"SearchAction","target":{"@type":"EntryPoint","urlTemplate":"https:\/\/storitgroup.com\/fi\/?s={search_term_string}"},"query-input":{"@type":"PropertyValueSpecification","valueRequired":true,"valueName":"search_term_string"}}],"inLanguage":"fi"}]}},"_links":{"self":[{"href":"https:\/\/storitgroup.com\/fi\/wp-json\/wp\/v2\/product\/223272","targetHints":{"allow":["GET"]}}],"collection":[{"href":"https:\/\/storitgroup.com\/fi\/wp-json\/wp\/v2\/product"}],"about":[{"href":"https:\/\/storitgroup.com\/fi\/wp-json\/wp\/v2\/types\/product"}],"wp:featuredmedia":[{"embeddable":true,"href":"https:\/\/storitgroup.com\/fi\/wp-json\/wp\/v2\/media\/20899"}],"wp:attachment":[{"href":"https:\/\/storitgroup.com\/fi\/wp-json\/wp\/v2\/media?parent=223272"}],"wp:term":[{"taxonomy":"product_brand","embeddable":true,"href":"https:\/\/storitgroup.com\/fi\/wp-json\/wp\/v2\/product_brand?post=223272"},{"taxonomy":"product_cat","embeddable":true,"href":"https:\/\/storitgroup.com\/fi\/wp-json\/wp\/v2\/product_cat?post=223272"},{"taxonomy":"product_tag","embeddable":true,"href":"https:\/\/storitgroup.com\/fi\/wp-json\/wp\/v2\/product_tag?post=223272"}],"curies":[{"name":"wp","href":"https:\/\/api.w.org\/{rel}","templated":true}]}}