{"id":223262,"date":"2025-05-27T11:10:05","date_gmt":"2025-05-27T08:10:05","guid":{"rendered":"https:\/\/storitgroup.com\/?post_type=product&#038;p=223262"},"modified":"2026-04-03T23:31:21","modified_gmt":"2026-04-03T20:31:21","slug":"akkukayttoinen-lavansiirtovaunu-pramac-lifter-ey15l-li-ion","status":"publish","type":"product","link":"https:\/\/storitgroup.com\/fi\/tuote\/akkukayttoinen-lavansiirtovaunu-pramac-lifter-ey15l-li-ion\/","title":{"rendered":"Akkuk\u00e4ytt\u00f6inen lavansiirtovaunu Pramac Lifter EY15L Li-Ion"},"content":{"rendered":"<p>Nostokyky: 1500kg<\/br>Haarukan pituus: 1150mm<\/br>Ty\u00f6k\u00e4yt\u00e4v\u00e4 800x1200mm alustalla: 2024mm<\/br>Ty\u00f6k\u00e4yt\u00e4v\u00e4 1000x1200mm jalustalla: 2155mm<\/br>Akku: 48V Li-<\/br>moottori 10Ah 0,75 kW<\/br>Nostomoottori: 0,8 kW<\/br>Ulkoinen laturi<\/br>Haarukan py\u00f6r\u00e4t: \u00d8 80&#215;70 mm polyuretaani\/tandem<\/br>Paino (akun kanssa\/ilman): 123\/116,5 kg<\/br>Melunitaso: &lt;70 dB<\/p>\n","protected":false},"excerpt":{"rendered":"<p>Nostokyky: 1500kgHaarukan pituus: 1150mmTy\u00f6k\u00e4yt\u00e4v\u00e4 800x1200mm alustalla: 2024mmTy\u00f6k\u00e4yt\u00e4v\u00e4 1000x1200mm jalustalla: 2155mmAkku: 48V Li-moottori 10Ah 0,75 kWNostomoottori: 0,8 kWUlkoinen laturiHaarukan py\u00f6r\u00e4t: \u00d8 80&#215;70 mm polyuretaani\/tandemPaino (akun kanssa\/ilman): 123\/116,5 kgMelunitaso: <\/p>\n","protected":false},"featured_media":224443,"template":"","meta":{"_acf_changed":false},"product_brand":[],"product_cat":[7039],"product_tag":[],"class_list":{"0":"post-223262","1":"product","2":"type-product","3":"status-publish","4":"has-post-thumbnail","6":"product_room-tyopaja-ja-autotalli","7":"product_room-ruuan-kasittely","8":"product_room-kaupankaynti-ja-myymalat","9":"product_room-iso-varasto","10":"product_room-varasto-pitkille-tavaroille-ja-levymateriaaleille","11":"product_room-pieni-varasto","12":"product_room-nostovalinet","13":"product_room-tavaroiden-logistiikka","14":"product_room-kuljetus-ja-logistiikka","15":"product_cat-sahkoiset-haarukkavaunut-ja-lavansiirtajat","17":"first","18":"instock","19":"taxable","20":"shipping-taxable","21":"purchasable","22":"product-type-simple"},"acf":[],"yoast_head":"<!-- This site is optimized with the Yoast SEO plugin v27.2 - https:\/\/yoast.com\/product\/yoast-seo-wordpress\/ -->\n<title>Akkuk\u00e4ytt\u00f6inen lavansiirtovaunu Pramac Lifter EY15L Li-Ion &#8226; Storit<\/title>\n<meta name=\"description\" content=\"Akkuk\u00e4ytt\u00f6inen lavansiirtovaunu Pramac Lifter EY15L Li-Ion \u2014 kohtuulliseen hintaan. Toimitukset kaikkialle Suomeen! \u261b Tutustu tuotteeseen ja tilaa k\u00e4tev\u00e4sti STORIT-verkkokaupasta!\" \/>\n<meta name=\"robots\" content=\"index, follow, max-snippet:-1, max-image-preview:large, max-video-preview:-1\" \/>\n<link rel=\"canonical\" href=\"https:\/\/storitgroup.com\/fi\/tuote\/akkukayttoinen-lavansiirtovaunu-pramac-lifter-ey15l-li-ion\/\" \/>\n<meta property=\"og:locale\" content=\"fi_FI\" \/>\n<meta property=\"og:type\" content=\"article\" \/>\n<meta property=\"og:title\" content=\"Akkuk\u00e4ytt\u00f6inen lavansiirtovaunu Pramac Lifter EY15L Li-Ion &#8226; Storit\" \/>\n<meta property=\"og:description\" content=\"Akkuk\u00e4ytt\u00f6inen lavansiirtovaunu Pramac Lifter EY15L Li-Ion \u2014 kohtuulliseen hintaan. Toimitukset kaikkialle Suomeen! \u261b Tutustu tuotteeseen ja tilaa k\u00e4tev\u00e4sti STORIT-verkkokaupasta!\" \/>\n<meta property=\"og:url\" content=\"https:\/\/storitgroup.com\/fi\/tuote\/akkukayttoinen-lavansiirtovaunu-pramac-lifter-ey15l-li-ion\/\" \/>\n<meta property=\"og:site_name\" content=\"Storit\" \/>\n<meta property=\"article:modified_time\" content=\"2026-04-03T20:31:21+00:00\" \/>\n<meta property=\"og:image\" content=\"https:\/\/storitgroup.com\/uploads\/2025\/12\/ey-15l-ilma-taustata.jpg\" \/>\n\t<meta property=\"og:image:width\" content=\"592\" \/>\n\t<meta property=\"og:image:height\" content=\"527\" \/>\n\t<meta property=\"og:image:type\" content=\"image\/jpeg\" \/>\n<meta name=\"twitter:card\" content=\"summary_large_image\" \/>\n<script type=\"application\/ld+json\" class=\"yoast-schema-graph\">{\"@context\":\"https:\/\/schema.org\",\"@graph\":[{\"@type\":[\"WebPage\",\"ItemPage\"],\"@id\":\"https:\/\/storitgroup.com\/fi\/tuote\/akkukayttoinen-lavansiirtovaunu-pramac-lifter-ey15l-li-ion\/\",\"url\":\"https:\/\/storitgroup.com\/fi\/tuote\/akkukayttoinen-lavansiirtovaunu-pramac-lifter-ey15l-li-ion\/\",\"name\":\"Akkuk\u00e4ytt\u00f6inen lavansiirtovaunu Pramac Lifter EY15L Li-Ion &#8226; Storit\",\"isPartOf\":{\"@id\":\"https:\/\/storitgroup.com\/fi\/#website\"},\"primaryImageOfPage\":{\"@id\":\"https:\/\/storitgroup.com\/fi\/tuote\/akkukayttoinen-lavansiirtovaunu-pramac-lifter-ey15l-li-ion\/#primaryimage\"},\"image\":{\"@id\":\"https:\/\/storitgroup.com\/fi\/tuote\/akkukayttoinen-lavansiirtovaunu-pramac-lifter-ey15l-li-ion\/#primaryimage\"},\"thumbnailUrl\":\"https:\/\/storitgroup.com\/uploads\/2025\/12\/ey-15l-ilma-taustata.jpg\",\"datePublished\":\"2025-05-27T08:10:05+00:00\",\"dateModified\":\"2026-04-03T20:31:21+00:00\",\"description\":\"Akkuk\u00e4ytt\u00f6inen lavansiirtovaunu Pramac Lifter EY15L Li-Ion \u2014 kohtuulliseen hintaan. Toimitukset kaikkialle Suomeen! \u261b Tutustu tuotteeseen ja tilaa k\u00e4tev\u00e4sti STORIT-verkkokaupasta!\",\"breadcrumb\":{\"@id\":\"https:\/\/storitgroup.com\/fi\/tuote\/akkukayttoinen-lavansiirtovaunu-pramac-lifter-ey15l-li-ion\/#breadcrumb\"},\"inLanguage\":\"fi\",\"potentialAction\":[{\"@type\":\"ReadAction\",\"target\":[\"https:\/\/storitgroup.com\/fi\/tuote\/akkukayttoinen-lavansiirtovaunu-pramac-lifter-ey15l-li-ion\/\"]}]},{\"@type\":\"ImageObject\",\"inLanguage\":\"fi\",\"@id\":\"https:\/\/storitgroup.com\/fi\/tuote\/akkukayttoinen-lavansiirtovaunu-pramac-lifter-ey15l-li-ion\/#primaryimage\",\"url\":\"https:\/\/storitgroup.com\/uploads\/2025\/12\/ey-15l-ilma-taustata.jpg\",\"contentUrl\":\"https:\/\/storitgroup.com\/uploads\/2025\/12\/ey-15l-ilma-taustata.jpg\",\"width\":592,\"height\":527},{\"@type\":\"BreadcrumbList\",\"@id\":\"https:\/\/storitgroup.com\/fi\/tuote\/akkukayttoinen-lavansiirtovaunu-pramac-lifter-ey15l-li-ion\/#breadcrumb\",\"itemListElement\":[{\"@type\":\"ListItem\",\"position\":1,\"name\":\"Kotisivu\",\"item\":\"https:\/\/storitgroup.com\/fi\/\"},{\"@type\":\"ListItem\",\"position\":2,\"name\":\"Tuotteet\",\"item\":\"https:\/\/storitgroup.com\/fi\/tuotteet\/\"},{\"@type\":\"ListItem\",\"position\":3,\"name\":\"Varastotrukit, nostolavat, tarvikkeet\",\"item\":\"https:\/\/storitgroup.com\/fi\/varastotrukit-nostolavat-tarvikkeet\/\"},{\"@type\":\"ListItem\",\"position\":4,\"name\":\"Haarukkavaunut, pumppuk\u00e4rryt ja lavansiirt\u00e4j\u00e4t\",\"item\":\"https:\/\/storitgroup.com\/fi\/varastotrukit-nostolavat-tarvikkeet\/haarukkavaunut-pumppukarryt-ja-lavansiirtajat\/\"},{\"@type\":\"ListItem\",\"position\":5,\"name\":\"S\u00e4hk\u00f6iset haarukkavaunut ja lavansiirt\u00e4j\u00e4t\",\"item\":\"https:\/\/storitgroup.com\/fi\/varastotrukit-nostolavat-tarvikkeet\/haarukkavaunut-pumppukarryt-ja-lavansiirtajat\/sahkoiset-haarukkavaunut-ja-lavansiirtajat\/\"},{\"@type\":\"ListItem\",\"position\":6,\"name\":\"Akkuk\u00e4ytt\u00f6inen lavansiirtovaunu Pramac Lifter EY15L Li-Ion\"}]},{\"@type\":\"WebSite\",\"@id\":\"https:\/\/storitgroup.com\/fi\/#website\",\"url\":\"https:\/\/storitgroup.com\/fi\/\",\"name\":\"Storit\",\"description\":\"\",\"potentialAction\":[{\"@type\":\"SearchAction\",\"target\":{\"@type\":\"EntryPoint\",\"urlTemplate\":\"https:\/\/storitgroup.com\/fi\/?s={search_term_string}\"},\"query-input\":{\"@type\":\"PropertyValueSpecification\",\"valueRequired\":true,\"valueName\":\"search_term_string\"}}],\"inLanguage\":\"fi\"}]}<\/script>\n<!-- \/ Yoast SEO plugin. -->","yoast_head_json":{"title":"Akkuk\u00e4ytt\u00f6inen lavansiirtovaunu Pramac Lifter EY15L Li-Ion &#8226; Storit","description":"Akkuk\u00e4ytt\u00f6inen lavansiirtovaunu Pramac Lifter EY15L Li-Ion \u2014 kohtuulliseen hintaan. Toimitukset kaikkialle Suomeen! \u261b Tutustu tuotteeseen ja tilaa k\u00e4tev\u00e4sti STORIT-verkkokaupasta!","robots":{"index":"index","follow":"follow","max-snippet":"max-snippet:-1","max-image-preview":"max-image-preview:large","max-video-preview":"max-video-preview:-1"},"canonical":"https:\/\/storitgroup.com\/fi\/tuote\/akkukayttoinen-lavansiirtovaunu-pramac-lifter-ey15l-li-ion\/","og_locale":"fi_FI","og_type":"article","og_title":"Akkuk\u00e4ytt\u00f6inen lavansiirtovaunu Pramac Lifter EY15L Li-Ion &#8226; Storit","og_description":"Akkuk\u00e4ytt\u00f6inen lavansiirtovaunu Pramac Lifter EY15L Li-Ion \u2014 kohtuulliseen hintaan. Toimitukset kaikkialle Suomeen! \u261b Tutustu tuotteeseen ja tilaa k\u00e4tev\u00e4sti STORIT-verkkokaupasta!","og_url":"https:\/\/storitgroup.com\/fi\/tuote\/akkukayttoinen-lavansiirtovaunu-pramac-lifter-ey15l-li-ion\/","og_site_name":"Storit","article_modified_time":"2026-04-03T20:31:21+00:00","og_image":[{"width":592,"height":527,"url":"https:\/\/storitgroup.com\/uploads\/2025\/12\/ey-15l-ilma-taustata.jpg","type":"image\/jpeg"}],"twitter_card":"summary_large_image","schema":{"@context":"https:\/\/schema.org","@graph":[{"@type":["WebPage","ItemPage"],"@id":"https:\/\/storitgroup.com\/fi\/tuote\/akkukayttoinen-lavansiirtovaunu-pramac-lifter-ey15l-li-ion\/","url":"https:\/\/storitgroup.com\/fi\/tuote\/akkukayttoinen-lavansiirtovaunu-pramac-lifter-ey15l-li-ion\/","name":"Akkuk\u00e4ytt\u00f6inen lavansiirtovaunu Pramac Lifter EY15L Li-Ion &#8226; Storit","isPartOf":{"@id":"https:\/\/storitgroup.com\/fi\/#website"},"primaryImageOfPage":{"@id":"https:\/\/storitgroup.com\/fi\/tuote\/akkukayttoinen-lavansiirtovaunu-pramac-lifter-ey15l-li-ion\/#primaryimage"},"image":{"@id":"https:\/\/storitgroup.com\/fi\/tuote\/akkukayttoinen-lavansiirtovaunu-pramac-lifter-ey15l-li-ion\/#primaryimage"},"thumbnailUrl":"https:\/\/storitgroup.com\/uploads\/2025\/12\/ey-15l-ilma-taustata.jpg","datePublished":"2025-05-27T08:10:05+00:00","dateModified":"2026-04-03T20:31:21+00:00","description":"Akkuk\u00e4ytt\u00f6inen lavansiirtovaunu Pramac Lifter EY15L Li-Ion \u2014 kohtuulliseen hintaan. Toimitukset kaikkialle Suomeen! \u261b Tutustu tuotteeseen ja tilaa k\u00e4tev\u00e4sti STORIT-verkkokaupasta!","breadcrumb":{"@id":"https:\/\/storitgroup.com\/fi\/tuote\/akkukayttoinen-lavansiirtovaunu-pramac-lifter-ey15l-li-ion\/#breadcrumb"},"inLanguage":"fi","potentialAction":[{"@type":"ReadAction","target":["https:\/\/storitgroup.com\/fi\/tuote\/akkukayttoinen-lavansiirtovaunu-pramac-lifter-ey15l-li-ion\/"]}]},{"@type":"ImageObject","inLanguage":"fi","@id":"https:\/\/storitgroup.com\/fi\/tuote\/akkukayttoinen-lavansiirtovaunu-pramac-lifter-ey15l-li-ion\/#primaryimage","url":"https:\/\/storitgroup.com\/uploads\/2025\/12\/ey-15l-ilma-taustata.jpg","contentUrl":"https:\/\/storitgroup.com\/uploads\/2025\/12\/ey-15l-ilma-taustata.jpg","width":592,"height":527},{"@type":"BreadcrumbList","@id":"https:\/\/storitgroup.com\/fi\/tuote\/akkukayttoinen-lavansiirtovaunu-pramac-lifter-ey15l-li-ion\/#breadcrumb","itemListElement":[{"@type":"ListItem","position":1,"name":"Kotisivu","item":"https:\/\/storitgroup.com\/fi\/"},{"@type":"ListItem","position":2,"name":"Tuotteet","item":"https:\/\/storitgroup.com\/fi\/tuotteet\/"},{"@type":"ListItem","position":3,"name":"Varastotrukit, nostolavat, tarvikkeet","item":"https:\/\/storitgroup.com\/fi\/varastotrukit-nostolavat-tarvikkeet\/"},{"@type":"ListItem","position":4,"name":"Haarukkavaunut, pumppuk\u00e4rryt ja lavansiirt\u00e4j\u00e4t","item":"https:\/\/storitgroup.com\/fi\/varastotrukit-nostolavat-tarvikkeet\/haarukkavaunut-pumppukarryt-ja-lavansiirtajat\/"},{"@type":"ListItem","position":5,"name":"S\u00e4hk\u00f6iset haarukkavaunut ja lavansiirt\u00e4j\u00e4t","item":"https:\/\/storitgroup.com\/fi\/varastotrukit-nostolavat-tarvikkeet\/haarukkavaunut-pumppukarryt-ja-lavansiirtajat\/sahkoiset-haarukkavaunut-ja-lavansiirtajat\/"},{"@type":"ListItem","position":6,"name":"Akkuk\u00e4ytt\u00f6inen lavansiirtovaunu Pramac Lifter EY15L Li-Ion"}]},{"@type":"WebSite","@id":"https:\/\/storitgroup.com\/fi\/#website","url":"https:\/\/storitgroup.com\/fi\/","name":"Storit","description":"","potentialAction":[{"@type":"SearchAction","target":{"@type":"EntryPoint","urlTemplate":"https:\/\/storitgroup.com\/fi\/?s={search_term_string}"},"query-input":{"@type":"PropertyValueSpecification","valueRequired":true,"valueName":"search_term_string"}}],"inLanguage":"fi"}]}},"_links":{"self":[{"href":"https:\/\/storitgroup.com\/fi\/wp-json\/wp\/v2\/product\/223262","targetHints":{"allow":["GET"]}}],"collection":[{"href":"https:\/\/storitgroup.com\/fi\/wp-json\/wp\/v2\/product"}],"about":[{"href":"https:\/\/storitgroup.com\/fi\/wp-json\/wp\/v2\/types\/product"}],"wp:featuredmedia":[{"embeddable":true,"href":"https:\/\/storitgroup.com\/fi\/wp-json\/wp\/v2\/media\/224443"}],"wp:attachment":[{"href":"https:\/\/storitgroup.com\/fi\/wp-json\/wp\/v2\/media?parent=223262"}],"wp:term":[{"taxonomy":"product_brand","embeddable":true,"href":"https:\/\/storitgroup.com\/fi\/wp-json\/wp\/v2\/product_brand?post=223262"},{"taxonomy":"product_cat","embeddable":true,"href":"https:\/\/storitgroup.com\/fi\/wp-json\/wp\/v2\/product_cat?post=223262"},{"taxonomy":"product_tag","embeddable":true,"href":"https:\/\/storitgroup.com\/fi\/wp-json\/wp\/v2\/product_tag?post=223262"}],"curies":[{"name":"wp","href":"https:\/\/api.w.org\/{rel}","templated":true}]}}