{"id":222864,"date":"2025-04-22T09:57:28","date_gmt":"2025-04-22T09:45:23","guid":{"rendered":"https:\/\/storitgroup.com\/?post_type=product&#038;p=222864"},"modified":"2026-04-03T21:21:52","modified_gmt":"2026-04-03T18:21:52","slug":"e20-kaytetty-sahkotrukki-suurin-fb20s-mjz-2000kg-6000mm-id730","status":"publish","type":"product","link":"https:\/\/storitgroup.com\/fi\/tuote\/e20-kaytetty-sahkotrukki-suurin-fb20s-mjz-2000kg-6000mm-id730\/","title":{"rendered":"E20 K\u00e4ytetty s\u00e4hk\u00f6trukki Suurin FB20S-MJZ 2000kg 6000mm ID730"},"content":{"rendered":"<p>Valmistusvuosi 2017 ei. 1702003423 Nostokyky 2000kg Nostokorkeus 6000mm Triplex-masto, rakennekorkeus 2575mm Hydraulinen sivuttaisliike ID730<\/p>\n","protected":false},"excerpt":{"rendered":"<p>Valmistusvuosi 2017 ei. 1702003423 Nostokyky 2000kg Nostokorkeus 6000mm Triplex-masto, rakennekorkeus 2575mm Hydraulinen sivuttaisliike ID730<\/p>\n","protected":false},"featured_media":222949,"template":"","meta":{"_acf_changed":false},"product_brand":[],"product_cat":[7056],"product_tag":[],"class_list":{"0":"post-222864","1":"product","2":"type-product","3":"status-publish","4":"has-post-thumbnail","6":"product_cat-kaytetyt-nostolaitteet","8":"first","9":"instock","10":"taxable","11":"shipping-taxable","12":"product-type-simple"},"acf":[],"yoast_head":"<!-- This site is optimized with the Yoast SEO plugin v27.2 - https:\/\/yoast.com\/product\/yoast-seo-wordpress\/ -->\n<title>E20 K\u00e4ytetty s\u00e4hk\u00f6trukki Suurin FB20S-MJZ 2000kg 6000mm ID730 &#8226; Storit<\/title>\n<meta name=\"description\" content=\"E20 K\u00e4ytetty s\u00e4hk\u00f6trukki Suurin FB20S-MJZ 2000kg 6000mm ID730 \u2014 kohtuulliseen hintaan. Toimitukset kaikkialle Suomeen! \u261b Tutustu tuotteeseen ja tilaa k\u00e4tev\u00e4sti STORIT-verkkokaupasta!\" \/>\n<meta name=\"robots\" content=\"index, follow, max-snippet:-1, max-image-preview:large, max-video-preview:-1\" \/>\n<link rel=\"canonical\" href=\"https:\/\/storitgroup.com\/fi\/tuote\/e20-kaytetty-sahkotrukki-suurin-fb20s-mjz-2000kg-6000mm-id730\/\" \/>\n<meta property=\"og:locale\" content=\"fi_FI\" \/>\n<meta property=\"og:type\" content=\"article\" \/>\n<meta property=\"og:title\" content=\"E20 K\u00e4ytetty s\u00e4hk\u00f6trukki Suurin FB20S-MJZ 2000kg 6000mm ID730 &#8226; Storit\" \/>\n<meta property=\"og:description\" content=\"E20 K\u00e4ytetty s\u00e4hk\u00f6trukki Suurin FB20S-MJZ 2000kg 6000mm ID730 \u2014 kohtuulliseen hintaan. Toimitukset kaikkialle Suomeen! \u261b Tutustu tuotteeseen ja tilaa k\u00e4tev\u00e4sti STORIT-verkkokaupasta!\" \/>\n<meta property=\"og:url\" content=\"https:\/\/storitgroup.com\/fi\/tuote\/e20-kaytetty-sahkotrukki-suurin-fb20s-mjz-2000kg-6000mm-id730\/\" \/>\n<meta property=\"og:site_name\" content=\"Storit\" \/>\n<meta property=\"article:modified_time\" content=\"2026-04-03T18:21:52+00:00\" \/>\n<meta property=\"og:image\" content=\"https:\/\/storitgroup.com\/uploads\/2025\/04\/id730.2.jpg\" \/>\n\t<meta property=\"og:image:width\" content=\"461\" \/>\n\t<meta property=\"og:image:height\" content=\"607\" \/>\n\t<meta property=\"og:image:type\" content=\"image\/jpeg\" \/>\n<meta name=\"twitter:card\" content=\"summary_large_image\" \/>\n<script type=\"application\/ld+json\" class=\"yoast-schema-graph\">{\"@context\":\"https:\/\/schema.org\",\"@graph\":[{\"@type\":[\"WebPage\",\"ItemPage\"],\"@id\":\"https:\/\/storitgroup.com\/fi\/tuote\/e20-kaytetty-sahkotrukki-suurin-fb20s-mjz-2000kg-6000mm-id730\/\",\"url\":\"https:\/\/storitgroup.com\/fi\/tuote\/e20-kaytetty-sahkotrukki-suurin-fb20s-mjz-2000kg-6000mm-id730\/\",\"name\":\"E20 K\u00e4ytetty s\u00e4hk\u00f6trukki Suurin FB20S-MJZ 2000kg 6000mm ID730 &#8226; Storit\",\"isPartOf\":{\"@id\":\"https:\/\/storitgroup.com\/fi\/#website\"},\"primaryImageOfPage\":{\"@id\":\"https:\/\/storitgroup.com\/fi\/tuote\/e20-kaytetty-sahkotrukki-suurin-fb20s-mjz-2000kg-6000mm-id730\/#primaryimage\"},\"image\":{\"@id\":\"https:\/\/storitgroup.com\/fi\/tuote\/e20-kaytetty-sahkotrukki-suurin-fb20s-mjz-2000kg-6000mm-id730\/#primaryimage\"},\"thumbnailUrl\":\"https:\/\/storitgroup.com\/uploads\/2025\/04\/id730.2.jpg\",\"datePublished\":\"2025-04-22T09:45:23+00:00\",\"dateModified\":\"2026-04-03T18:21:52+00:00\",\"description\":\"E20 K\u00e4ytetty s\u00e4hk\u00f6trukki Suurin FB20S-MJZ 2000kg 6000mm ID730 \u2014 kohtuulliseen hintaan. Toimitukset kaikkialle Suomeen! \u261b Tutustu tuotteeseen ja tilaa k\u00e4tev\u00e4sti STORIT-verkkokaupasta!\",\"breadcrumb\":{\"@id\":\"https:\/\/storitgroup.com\/fi\/tuote\/e20-kaytetty-sahkotrukki-suurin-fb20s-mjz-2000kg-6000mm-id730\/#breadcrumb\"},\"inLanguage\":\"fi\",\"potentialAction\":[{\"@type\":\"ReadAction\",\"target\":[\"https:\/\/storitgroup.com\/fi\/tuote\/e20-kaytetty-sahkotrukki-suurin-fb20s-mjz-2000kg-6000mm-id730\/\"]}]},{\"@type\":\"ImageObject\",\"inLanguage\":\"fi\",\"@id\":\"https:\/\/storitgroup.com\/fi\/tuote\/e20-kaytetty-sahkotrukki-suurin-fb20s-mjz-2000kg-6000mm-id730\/#primaryimage\",\"url\":\"https:\/\/storitgroup.com\/uploads\/2025\/04\/id730.2.jpg\",\"contentUrl\":\"https:\/\/storitgroup.com\/uploads\/2025\/04\/id730.2.jpg\",\"width\":461,\"height\":607},{\"@type\":\"BreadcrumbList\",\"@id\":\"https:\/\/storitgroup.com\/fi\/tuote\/e20-kaytetty-sahkotrukki-suurin-fb20s-mjz-2000kg-6000mm-id730\/#breadcrumb\",\"itemListElement\":[{\"@type\":\"ListItem\",\"position\":1,\"name\":\"Kotisivu\",\"item\":\"https:\/\/storitgroup.com\/fi\/\"},{\"@type\":\"ListItem\",\"position\":2,\"name\":\"Tuotteet\",\"item\":\"https:\/\/storitgroup.com\/fi\/tuotteet\/\"},{\"@type\":\"ListItem\",\"position\":3,\"name\":\"Varastotrukit, nostolavat, tarvikkeet\",\"item\":\"https:\/\/storitgroup.com\/fi\/varastotrukit-nostolavat-tarvikkeet\/\"},{\"@type\":\"ListItem\",\"position\":4,\"name\":\"K\u00e4ytetyt nostolaitteet\",\"item\":\"https:\/\/storitgroup.com\/fi\/varastotrukit-nostolavat-tarvikkeet\/kaytetyt-nostolaitteet\/\"},{\"@type\":\"ListItem\",\"position\":5,\"name\":\"E20 K\u00e4ytetty s\u00e4hk\u00f6trukki Suurin FB20S-MJZ 2000kg 6000mm ID730\"}]},{\"@type\":\"WebSite\",\"@id\":\"https:\/\/storitgroup.com\/fi\/#website\",\"url\":\"https:\/\/storitgroup.com\/fi\/\",\"name\":\"Storit\",\"description\":\"\",\"potentialAction\":[{\"@type\":\"SearchAction\",\"target\":{\"@type\":\"EntryPoint\",\"urlTemplate\":\"https:\/\/storitgroup.com\/fi\/?s={search_term_string}\"},\"query-input\":{\"@type\":\"PropertyValueSpecification\",\"valueRequired\":true,\"valueName\":\"search_term_string\"}}],\"inLanguage\":\"fi\"}]}<\/script>\n<!-- \/ Yoast SEO plugin. -->","yoast_head_json":{"title":"E20 K\u00e4ytetty s\u00e4hk\u00f6trukki Suurin FB20S-MJZ 2000kg 6000mm ID730 &#8226; Storit","description":"E20 K\u00e4ytetty s\u00e4hk\u00f6trukki Suurin FB20S-MJZ 2000kg 6000mm ID730 \u2014 kohtuulliseen hintaan. Toimitukset kaikkialle Suomeen! \u261b Tutustu tuotteeseen ja tilaa k\u00e4tev\u00e4sti STORIT-verkkokaupasta!","robots":{"index":"index","follow":"follow","max-snippet":"max-snippet:-1","max-image-preview":"max-image-preview:large","max-video-preview":"max-video-preview:-1"},"canonical":"https:\/\/storitgroup.com\/fi\/tuote\/e20-kaytetty-sahkotrukki-suurin-fb20s-mjz-2000kg-6000mm-id730\/","og_locale":"fi_FI","og_type":"article","og_title":"E20 K\u00e4ytetty s\u00e4hk\u00f6trukki Suurin FB20S-MJZ 2000kg 6000mm ID730 &#8226; Storit","og_description":"E20 K\u00e4ytetty s\u00e4hk\u00f6trukki Suurin FB20S-MJZ 2000kg 6000mm ID730 \u2014 kohtuulliseen hintaan. Toimitukset kaikkialle Suomeen! \u261b Tutustu tuotteeseen ja tilaa k\u00e4tev\u00e4sti STORIT-verkkokaupasta!","og_url":"https:\/\/storitgroup.com\/fi\/tuote\/e20-kaytetty-sahkotrukki-suurin-fb20s-mjz-2000kg-6000mm-id730\/","og_site_name":"Storit","article_modified_time":"2026-04-03T18:21:52+00:00","og_image":[{"width":461,"height":607,"url":"https:\/\/storitgroup.com\/uploads\/2025\/04\/id730.2.jpg","type":"image\/jpeg"}],"twitter_card":"summary_large_image","schema":{"@context":"https:\/\/schema.org","@graph":[{"@type":["WebPage","ItemPage"],"@id":"https:\/\/storitgroup.com\/fi\/tuote\/e20-kaytetty-sahkotrukki-suurin-fb20s-mjz-2000kg-6000mm-id730\/","url":"https:\/\/storitgroup.com\/fi\/tuote\/e20-kaytetty-sahkotrukki-suurin-fb20s-mjz-2000kg-6000mm-id730\/","name":"E20 K\u00e4ytetty s\u00e4hk\u00f6trukki Suurin FB20S-MJZ 2000kg 6000mm ID730 &#8226; Storit","isPartOf":{"@id":"https:\/\/storitgroup.com\/fi\/#website"},"primaryImageOfPage":{"@id":"https:\/\/storitgroup.com\/fi\/tuote\/e20-kaytetty-sahkotrukki-suurin-fb20s-mjz-2000kg-6000mm-id730\/#primaryimage"},"image":{"@id":"https:\/\/storitgroup.com\/fi\/tuote\/e20-kaytetty-sahkotrukki-suurin-fb20s-mjz-2000kg-6000mm-id730\/#primaryimage"},"thumbnailUrl":"https:\/\/storitgroup.com\/uploads\/2025\/04\/id730.2.jpg","datePublished":"2025-04-22T09:45:23+00:00","dateModified":"2026-04-03T18:21:52+00:00","description":"E20 K\u00e4ytetty s\u00e4hk\u00f6trukki Suurin FB20S-MJZ 2000kg 6000mm ID730 \u2014 kohtuulliseen hintaan. Toimitukset kaikkialle Suomeen! \u261b Tutustu tuotteeseen ja tilaa k\u00e4tev\u00e4sti STORIT-verkkokaupasta!","breadcrumb":{"@id":"https:\/\/storitgroup.com\/fi\/tuote\/e20-kaytetty-sahkotrukki-suurin-fb20s-mjz-2000kg-6000mm-id730\/#breadcrumb"},"inLanguage":"fi","potentialAction":[{"@type":"ReadAction","target":["https:\/\/storitgroup.com\/fi\/tuote\/e20-kaytetty-sahkotrukki-suurin-fb20s-mjz-2000kg-6000mm-id730\/"]}]},{"@type":"ImageObject","inLanguage":"fi","@id":"https:\/\/storitgroup.com\/fi\/tuote\/e20-kaytetty-sahkotrukki-suurin-fb20s-mjz-2000kg-6000mm-id730\/#primaryimage","url":"https:\/\/storitgroup.com\/uploads\/2025\/04\/id730.2.jpg","contentUrl":"https:\/\/storitgroup.com\/uploads\/2025\/04\/id730.2.jpg","width":461,"height":607},{"@type":"BreadcrumbList","@id":"https:\/\/storitgroup.com\/fi\/tuote\/e20-kaytetty-sahkotrukki-suurin-fb20s-mjz-2000kg-6000mm-id730\/#breadcrumb","itemListElement":[{"@type":"ListItem","position":1,"name":"Kotisivu","item":"https:\/\/storitgroup.com\/fi\/"},{"@type":"ListItem","position":2,"name":"Tuotteet","item":"https:\/\/storitgroup.com\/fi\/tuotteet\/"},{"@type":"ListItem","position":3,"name":"Varastotrukit, nostolavat, tarvikkeet","item":"https:\/\/storitgroup.com\/fi\/varastotrukit-nostolavat-tarvikkeet\/"},{"@type":"ListItem","position":4,"name":"K\u00e4ytetyt nostolaitteet","item":"https:\/\/storitgroup.com\/fi\/varastotrukit-nostolavat-tarvikkeet\/kaytetyt-nostolaitteet\/"},{"@type":"ListItem","position":5,"name":"E20 K\u00e4ytetty s\u00e4hk\u00f6trukki Suurin FB20S-MJZ 2000kg 6000mm ID730"}]},{"@type":"WebSite","@id":"https:\/\/storitgroup.com\/fi\/#website","url":"https:\/\/storitgroup.com\/fi\/","name":"Storit","description":"","potentialAction":[{"@type":"SearchAction","target":{"@type":"EntryPoint","urlTemplate":"https:\/\/storitgroup.com\/fi\/?s={search_term_string}"},"query-input":{"@type":"PropertyValueSpecification","valueRequired":true,"valueName":"search_term_string"}}],"inLanguage":"fi"}]}},"_links":{"self":[{"href":"https:\/\/storitgroup.com\/fi\/wp-json\/wp\/v2\/product\/222864","targetHints":{"allow":["GET"]}}],"collection":[{"href":"https:\/\/storitgroup.com\/fi\/wp-json\/wp\/v2\/product"}],"about":[{"href":"https:\/\/storitgroup.com\/fi\/wp-json\/wp\/v2\/types\/product"}],"wp:featuredmedia":[{"embeddable":true,"href":"https:\/\/storitgroup.com\/fi\/wp-json\/wp\/v2\/media\/222949"}],"wp:attachment":[{"href":"https:\/\/storitgroup.com\/fi\/wp-json\/wp\/v2\/media?parent=222864"}],"wp:term":[{"taxonomy":"product_brand","embeddable":true,"href":"https:\/\/storitgroup.com\/fi\/wp-json\/wp\/v2\/product_brand?post=222864"},{"taxonomy":"product_cat","embeddable":true,"href":"https:\/\/storitgroup.com\/fi\/wp-json\/wp\/v2\/product_cat?post=222864"},{"taxonomy":"product_tag","embeddable":true,"href":"https:\/\/storitgroup.com\/fi\/wp-json\/wp\/v2\/product_tag?post=222864"}],"curies":[{"name":"wp","href":"https:\/\/api.w.org\/{rel}","templated":true}]}}