{"id":222013,"date":"2025-03-07T08:10:07","date_gmt":"2025-03-07T06:10:07","guid":{"rendered":"https:\/\/storitgroup.com\/?post_type=product&#038;p=222013"},"modified":"2026-04-10T11:41:09","modified_gmt":"2026-04-10T08:41:09","slug":"manuaalinen-saksinostotrukki-acx10m-1170mm-1000kg","status":"publish","type":"product","link":"https:\/\/storitgroup.com\/fi\/tuote\/manuaalinen-saksinostotrukki-acx10m-1170mm-1000kg\/","title":{"rendered":"Manuaalinen saksinostotrukki ACX10M, 1170mm, 1000kg"},"content":{"rendered":"<p>nostokyky: 1000 kg<br \/>nostokorkeus: 800 mm<br \/> haarukan pituus: 1170 mm<br \/>haarukan leveys: 540 mm<br \/>yksiosainen nostosylinteri<br \/> py\u00f6r\u00e4t ja rullat: polyuretaani PPS <br \/>vakionosto<br \/>paino: 11\/5 kg. Eritt\u00e4in kest\u00e4v\u00e4 malli!<\/p>\n","protected":false},"excerpt":{"rendered":"<p>nostokyky: 1000 kg<br \/>\nnostokorkeus: 800 mm<br \/>\n haarukan pituus: 1170 mm<\/p>\n","protected":false},"featured_media":222019,"template":"","meta":{"_acf_changed":false},"product_brand":[],"product_cat":[7041],"product_tag":[],"class_list":{"0":"post-222013","1":"product","2":"type-product","3":"status-publish","4":"has-post-thumbnail","6":"product_cat-saksihaarukkavaunut","8":"first","9":"instock","10":"taxable","11":"shipping-taxable","12":"purchasable","13":"product-type-simple"},"acf":[],"yoast_head":"<!-- This site is optimized with the Yoast SEO plugin v27.3 - https:\/\/yoast.com\/product\/yoast-seo-wordpress\/ -->\n<title>Manuaalinen saksinostotrukki ACX10M, 1170mm, 1000kg &#8226; Storit<\/title>\n<meta name=\"description\" content=\"Manuaalinen saksinostotrukki ACX10M, 1170mm, 1000kg \u2014 kohtuulliseen hintaan. Toimitukset kaikkialle Suomeen! \u261b Tutustu tuotteeseen ja tilaa k\u00e4tev\u00e4sti STORIT-verkkokaupasta!\" \/>\n<meta name=\"robots\" content=\"index, follow, max-snippet:-1, max-image-preview:large, max-video-preview:-1\" \/>\n<link rel=\"canonical\" href=\"https:\/\/storitgroup.com\/fi\/tuote\/manuaalinen-saksinostotrukki-acx10m-1170mm-1000kg\/\" \/>\n<meta property=\"og:locale\" content=\"fi_FI\" \/>\n<meta property=\"og:type\" content=\"article\" \/>\n<meta property=\"og:title\" content=\"Manuaalinen saksinostotrukki ACX10M, 1170mm, 1000kg &#8226; Storit\" \/>\n<meta property=\"og:description\" content=\"Manuaalinen saksinostotrukki ACX10M, 1170mm, 1000kg \u2014 kohtuulliseen hintaan. Toimitukset kaikkialle Suomeen! \u261b Tutustu tuotteeseen ja tilaa k\u00e4tev\u00e4sti STORIT-verkkokaupasta!\" \/>\n<meta property=\"og:url\" content=\"https:\/\/storitgroup.com\/fi\/tuote\/manuaalinen-saksinostotrukki-acx10m-1170mm-1000kg\/\" \/>\n<meta property=\"og:site_name\" content=\"Storit\" \/>\n<meta property=\"article:modified_time\" content=\"2026-04-10T08:41:09+00:00\" \/>\n<meta property=\"og:image\" content=\"https:\/\/storitgroup.com\/uploads\/2025\/01\/nob-hcx-10m.jpg\" \/>\n\t<meta property=\"og:image:width\" content=\"773\" \/>\n\t<meta property=\"og:image:height\" content=\"860\" \/>\n\t<meta property=\"og:image:type\" content=\"image\/jpeg\" \/>\n<meta name=\"twitter:card\" content=\"summary_large_image\" \/>\n<script type=\"application\/ld+json\" class=\"yoast-schema-graph\">{\"@context\":\"https:\\\/\\\/schema.org\",\"@graph\":[{\"@type\":[\"WebPage\",\"ItemPage\"],\"@id\":\"https:\\\/\\\/storitgroup.com\\\/fi\\\/tuote\\\/manuaalinen-saksinostotrukki-acx10m-1170mm-1000kg\\\/\",\"url\":\"https:\\\/\\\/storitgroup.com\\\/fi\\\/tuote\\\/manuaalinen-saksinostotrukki-acx10m-1170mm-1000kg\\\/\",\"name\":\"Manuaalinen saksinostotrukki ACX10M, 1170mm, 1000kg &#8226; Storit\",\"isPartOf\":{\"@id\":\"https:\\\/\\\/storitgroup.com\\\/fi\\\/#website\"},\"primaryImageOfPage\":{\"@id\":\"https:\\\/\\\/storitgroup.com\\\/fi\\\/tuote\\\/manuaalinen-saksinostotrukki-acx10m-1170mm-1000kg\\\/#primaryimage\"},\"image\":{\"@id\":\"https:\\\/\\\/storitgroup.com\\\/fi\\\/tuote\\\/manuaalinen-saksinostotrukki-acx10m-1170mm-1000kg\\\/#primaryimage\"},\"thumbnailUrl\":\"https:\\\/\\\/storitgroup.com\\\/uploads\\\/2025\\\/01\\\/nob-hcx-10m.jpg\",\"datePublished\":\"2025-03-07T06:10:07+00:00\",\"dateModified\":\"2026-04-10T08:41:09+00:00\",\"description\":\"Manuaalinen saksinostotrukki ACX10M, 1170mm, 1000kg \u2014 kohtuulliseen hintaan. Toimitukset kaikkialle Suomeen! \u261b Tutustu tuotteeseen ja tilaa k\u00e4tev\u00e4sti STORIT-verkkokaupasta!\",\"breadcrumb\":{\"@id\":\"https:\\\/\\\/storitgroup.com\\\/fi\\\/tuote\\\/manuaalinen-saksinostotrukki-acx10m-1170mm-1000kg\\\/#breadcrumb\"},\"inLanguage\":\"fi\",\"potentialAction\":[{\"@type\":\"ReadAction\",\"target\":[\"https:\\\/\\\/storitgroup.com\\\/fi\\\/tuote\\\/manuaalinen-saksinostotrukki-acx10m-1170mm-1000kg\\\/\"]}]},{\"@type\":\"ImageObject\",\"inLanguage\":\"fi\",\"@id\":\"https:\\\/\\\/storitgroup.com\\\/fi\\\/tuote\\\/manuaalinen-saksinostotrukki-acx10m-1170mm-1000kg\\\/#primaryimage\",\"url\":\"https:\\\/\\\/storitgroup.com\\\/uploads\\\/2025\\\/01\\\/nob-hcx-10m.jpg\",\"contentUrl\":\"https:\\\/\\\/storitgroup.com\\\/uploads\\\/2025\\\/01\\\/nob-hcx-10m.jpg\",\"width\":773,\"height\":860},{\"@type\":\"BreadcrumbList\",\"@id\":\"https:\\\/\\\/storitgroup.com\\\/fi\\\/tuote\\\/manuaalinen-saksinostotrukki-acx10m-1170mm-1000kg\\\/#breadcrumb\",\"itemListElement\":[{\"@type\":\"ListItem\",\"position\":1,\"name\":\"Kotisivu\",\"item\":\"https:\\\/\\\/storitgroup.com\\\/fi\\\/\"},{\"@type\":\"ListItem\",\"position\":2,\"name\":\"Tuotteet\",\"item\":\"https:\\\/\\\/storitgroup.com\\\/fi\\\/tuotteet\\\/\"},{\"@type\":\"ListItem\",\"position\":3,\"name\":\"Varastotrukit, nostolavat, tarvikkeet\",\"item\":\"https:\\\/\\\/storitgroup.com\\\/fi\\\/varastotrukit-nostolavat-tarvikkeet\\\/\"},{\"@type\":\"ListItem\",\"position\":4,\"name\":\"Haarukkavaunut, pumppuk\u00e4rryt ja lavansiirt\u00e4j\u00e4t\",\"item\":\"https:\\\/\\\/storitgroup.com\\\/fi\\\/varastotrukit-nostolavat-tarvikkeet\\\/haarukkavaunut-pumppukarryt-ja-lavansiirtajat\\\/\"},{\"@type\":\"ListItem\",\"position\":5,\"name\":\"Saksihaarukkavaunut\",\"item\":\"https:\\\/\\\/storitgroup.com\\\/fi\\\/varastotrukit-nostolavat-tarvikkeet\\\/haarukkavaunut-pumppukarryt-ja-lavansiirtajat\\\/saksihaarukkavaunut\\\/\"},{\"@type\":\"ListItem\",\"position\":6,\"name\":\"Manuaalinen saksinostotrukki ACX10M, 1170mm, 1000kg\"}]},{\"@type\":\"WebSite\",\"@id\":\"https:\\\/\\\/storitgroup.com\\\/fi\\\/#website\",\"url\":\"https:\\\/\\\/storitgroup.com\\\/fi\\\/\",\"name\":\"Storit\",\"description\":\"\",\"potentialAction\":[{\"@type\":\"SearchAction\",\"target\":{\"@type\":\"EntryPoint\",\"urlTemplate\":\"https:\\\/\\\/storitgroup.com\\\/fi\\\/?s={search_term_string}\"},\"query-input\":{\"@type\":\"PropertyValueSpecification\",\"valueRequired\":true,\"valueName\":\"search_term_string\"}}],\"inLanguage\":\"fi\"}]}<\/script>\n<!-- \/ Yoast SEO plugin. -->","yoast_head_json":{"title":"Manuaalinen saksinostotrukki ACX10M, 1170mm, 1000kg &#8226; Storit","description":"Manuaalinen saksinostotrukki ACX10M, 1170mm, 1000kg \u2014 kohtuulliseen hintaan. Toimitukset kaikkialle Suomeen! \u261b Tutustu tuotteeseen ja tilaa k\u00e4tev\u00e4sti STORIT-verkkokaupasta!","robots":{"index":"index","follow":"follow","max-snippet":"max-snippet:-1","max-image-preview":"max-image-preview:large","max-video-preview":"max-video-preview:-1"},"canonical":"https:\/\/storitgroup.com\/fi\/tuote\/manuaalinen-saksinostotrukki-acx10m-1170mm-1000kg\/","og_locale":"fi_FI","og_type":"article","og_title":"Manuaalinen saksinostotrukki ACX10M, 1170mm, 1000kg &#8226; Storit","og_description":"Manuaalinen saksinostotrukki ACX10M, 1170mm, 1000kg \u2014 kohtuulliseen hintaan. Toimitukset kaikkialle Suomeen! \u261b Tutustu tuotteeseen ja tilaa k\u00e4tev\u00e4sti STORIT-verkkokaupasta!","og_url":"https:\/\/storitgroup.com\/fi\/tuote\/manuaalinen-saksinostotrukki-acx10m-1170mm-1000kg\/","og_site_name":"Storit","article_modified_time":"2026-04-10T08:41:09+00:00","og_image":[{"width":773,"height":860,"url":"https:\/\/storitgroup.com\/uploads\/2025\/01\/nob-hcx-10m.jpg","type":"image\/jpeg"}],"twitter_card":"summary_large_image","schema":{"@context":"https:\/\/schema.org","@graph":[{"@type":["WebPage","ItemPage"],"@id":"https:\/\/storitgroup.com\/fi\/tuote\/manuaalinen-saksinostotrukki-acx10m-1170mm-1000kg\/","url":"https:\/\/storitgroup.com\/fi\/tuote\/manuaalinen-saksinostotrukki-acx10m-1170mm-1000kg\/","name":"Manuaalinen saksinostotrukki ACX10M, 1170mm, 1000kg &#8226; Storit","isPartOf":{"@id":"https:\/\/storitgroup.com\/fi\/#website"},"primaryImageOfPage":{"@id":"https:\/\/storitgroup.com\/fi\/tuote\/manuaalinen-saksinostotrukki-acx10m-1170mm-1000kg\/#primaryimage"},"image":{"@id":"https:\/\/storitgroup.com\/fi\/tuote\/manuaalinen-saksinostotrukki-acx10m-1170mm-1000kg\/#primaryimage"},"thumbnailUrl":"https:\/\/storitgroup.com\/uploads\/2025\/01\/nob-hcx-10m.jpg","datePublished":"2025-03-07T06:10:07+00:00","dateModified":"2026-04-10T08:41:09+00:00","description":"Manuaalinen saksinostotrukki ACX10M, 1170mm, 1000kg \u2014 kohtuulliseen hintaan. Toimitukset kaikkialle Suomeen! \u261b Tutustu tuotteeseen ja tilaa k\u00e4tev\u00e4sti STORIT-verkkokaupasta!","breadcrumb":{"@id":"https:\/\/storitgroup.com\/fi\/tuote\/manuaalinen-saksinostotrukki-acx10m-1170mm-1000kg\/#breadcrumb"},"inLanguage":"fi","potentialAction":[{"@type":"ReadAction","target":["https:\/\/storitgroup.com\/fi\/tuote\/manuaalinen-saksinostotrukki-acx10m-1170mm-1000kg\/"]}]},{"@type":"ImageObject","inLanguage":"fi","@id":"https:\/\/storitgroup.com\/fi\/tuote\/manuaalinen-saksinostotrukki-acx10m-1170mm-1000kg\/#primaryimage","url":"https:\/\/storitgroup.com\/uploads\/2025\/01\/nob-hcx-10m.jpg","contentUrl":"https:\/\/storitgroup.com\/uploads\/2025\/01\/nob-hcx-10m.jpg","width":773,"height":860},{"@type":"BreadcrumbList","@id":"https:\/\/storitgroup.com\/fi\/tuote\/manuaalinen-saksinostotrukki-acx10m-1170mm-1000kg\/#breadcrumb","itemListElement":[{"@type":"ListItem","position":1,"name":"Kotisivu","item":"https:\/\/storitgroup.com\/fi\/"},{"@type":"ListItem","position":2,"name":"Tuotteet","item":"https:\/\/storitgroup.com\/fi\/tuotteet\/"},{"@type":"ListItem","position":3,"name":"Varastotrukit, nostolavat, tarvikkeet","item":"https:\/\/storitgroup.com\/fi\/varastotrukit-nostolavat-tarvikkeet\/"},{"@type":"ListItem","position":4,"name":"Haarukkavaunut, pumppuk\u00e4rryt ja lavansiirt\u00e4j\u00e4t","item":"https:\/\/storitgroup.com\/fi\/varastotrukit-nostolavat-tarvikkeet\/haarukkavaunut-pumppukarryt-ja-lavansiirtajat\/"},{"@type":"ListItem","position":5,"name":"Saksihaarukkavaunut","item":"https:\/\/storitgroup.com\/fi\/varastotrukit-nostolavat-tarvikkeet\/haarukkavaunut-pumppukarryt-ja-lavansiirtajat\/saksihaarukkavaunut\/"},{"@type":"ListItem","position":6,"name":"Manuaalinen saksinostotrukki ACX10M, 1170mm, 1000kg"}]},{"@type":"WebSite","@id":"https:\/\/storitgroup.com\/fi\/#website","url":"https:\/\/storitgroup.com\/fi\/","name":"Storit","description":"","potentialAction":[{"@type":"SearchAction","target":{"@type":"EntryPoint","urlTemplate":"https:\/\/storitgroup.com\/fi\/?s={search_term_string}"},"query-input":{"@type":"PropertyValueSpecification","valueRequired":true,"valueName":"search_term_string"}}],"inLanguage":"fi"}]}},"_links":{"self":[{"href":"https:\/\/storitgroup.com\/fi\/wp-json\/wp\/v2\/product\/222013","targetHints":{"allow":["GET"]}}],"collection":[{"href":"https:\/\/storitgroup.com\/fi\/wp-json\/wp\/v2\/product"}],"about":[{"href":"https:\/\/storitgroup.com\/fi\/wp-json\/wp\/v2\/types\/product"}],"wp:featuredmedia":[{"embeddable":true,"href":"https:\/\/storitgroup.com\/fi\/wp-json\/wp\/v2\/media\/222019"}],"wp:attachment":[{"href":"https:\/\/storitgroup.com\/fi\/wp-json\/wp\/v2\/media?parent=222013"}],"wp:term":[{"taxonomy":"product_brand","embeddable":true,"href":"https:\/\/storitgroup.com\/fi\/wp-json\/wp\/v2\/product_brand?post=222013"},{"taxonomy":"product_cat","embeddable":true,"href":"https:\/\/storitgroup.com\/fi\/wp-json\/wp\/v2\/product_cat?post=222013"},{"taxonomy":"product_tag","embeddable":true,"href":"https:\/\/storitgroup.com\/fi\/wp-json\/wp\/v2\/product_tag?post=222013"}],"curies":[{"name":"wp","href":"https:\/\/api.w.org\/{rel}","templated":true}]}}