{"id":221782,"date":"2025-03-03T13:23:51","date_gmt":"2025-03-03T11:23:51","guid":{"rendered":"https:\/\/storitgroup.com\/?post_type=product&#038;p=221782"},"modified":"2026-04-03T23:00:10","modified_gmt":"2026-04-03T20:00:10","slug":"kaappi-4x300-mm-penkilla-vaurioitunut","status":"publish","type":"product","link":"https:\/\/storitgroup.com\/fi\/tuote\/kaappi-4x300-mm-penkilla-vaurioitunut\/","title":{"rendered":"Kaappi 4&#215;300 mm penkill\u00e4, vaurioitunut"},"content":{"rendered":"<p>K\u00e4ytetyt metallikaapit ovat k\u00e4yt\u00e4nn\u00f6llinen ja kest\u00e4v\u00e4 ratkaisu, joka tarjoaa erinomaisen hinta-laatusuhteen. Materiaalin helppohoitoisuuden ja pitk\u00e4n k\u00e4ytt\u00f6i\u00e4n ansiosta ne ovat ymp\u00e4rist\u00f6yst\u00e4v\u00e4llinen vaihtoehto, joka auttaa v\u00e4hent\u00e4m\u00e4\u00e4n j\u00e4tett\u00e4.<br \/>Edullinen ja kest\u00e4v\u00e4 vaihtoehto uusille kaapeille, tarjoten luotettavan ja toimivan s\u00e4ilytysratkaisun, johon kuuluu my\u00f6s mukava ja k\u00e4yt\u00e4nn\u00f6llinen penkkirunko.<\/p>\n<p>K\u00e4yt\u00f6st\u00e4 johtuva kuluminen ja pienet viat eiv\u00e4t est\u00e4 kaappeja palvelemasta edelleen \u2013 tule ja valitse itsellesi kest\u00e4v\u00e4 ratkaisu, sill\u00e4 kierr\u00e4tys on fiksu valinta!<\/p>\n","protected":false},"excerpt":{"rendered":"<p>K\u00e4ytetyt metallikaapit ovat k\u00e4yt\u00e4nn\u00f6llinen ja kest\u00e4v\u00e4 ratkaisu, joka tarjoaa erinomaisen hinta-laatusuhteen. Materiaalin helppohoitoisuuden ja pitk\u00e4n k\u00e4ytt\u00f6i\u00e4n ansiosta ne ovat ymp\u00e4rist\u00f6yst\u00e4v\u00e4llinen vaihtoehto, joka auttaa v\u00e4hent\u00e4m\u00e4\u00e4n j\u00e4tett\u00e4.<br \/>\nEdullinen ja kest\u00e4v\u00e4 vaihtoehto uusille kaapeille, tarjoten luotettavan ja toimivan s\u00e4ilytysratkaisun, johon kuuluu my\u00f6s mukava ja k\u00e4yt\u00e4nn\u00f6llinen penkkirunko.<\/p>\n","protected":false},"featured_media":221930,"template":"","meta":{"_acf_changed":false},"product_brand":[],"product_cat":[7109],"product_tag":[],"class_list":{"0":"post-221782","1":"product","2":"type-product","3":"status-publish","4":"has-post-thumbnail","6":"product_cat-loytonurkkaus","8":"first","9":"instock","10":"taxable","11":"shipping-taxable","12":"purchasable","13":"product-type-simple"},"acf":[],"yoast_head":"<!-- This site is optimized with the Yoast SEO plugin v27.2 - https:\/\/yoast.com\/product\/yoast-seo-wordpress\/ -->\n<title>Kaappi 4x300 mm penkill\u00e4, vaurioitunut &#8226; Storit<\/title>\n<meta name=\"description\" content=\"Kaappi 4x300 mm penkill\u00e4, vaurioitunut \u2014 kohtuulliseen hintaan. Toimitukset kaikkialle Suomeen! \u261b Tutustu tuotteeseen ja tilaa k\u00e4tev\u00e4sti STORIT-verkkokaupasta!\" \/>\n<meta name=\"robots\" content=\"index, follow, max-snippet:-1, max-image-preview:large, max-video-preview:-1\" \/>\n<link rel=\"canonical\" href=\"https:\/\/storitgroup.com\/fi\/tuote\/kaappi-4x300-mm-penkilla-vaurioitunut\/\" \/>\n<meta property=\"og:locale\" content=\"fi_FI\" \/>\n<meta property=\"og:type\" content=\"article\" \/>\n<meta property=\"og:title\" content=\"Kaappi 4x300 mm penkill\u00e4, vaurioitunut &#8226; Storit\" \/>\n<meta property=\"og:description\" content=\"Kaappi 4x300 mm penkill\u00e4, vaurioitunut \u2014 kohtuulliseen hintaan. Toimitukset kaikkialle Suomeen! \u261b Tutustu tuotteeseen ja tilaa k\u00e4tev\u00e4sti STORIT-verkkokaupasta!\" \/>\n<meta property=\"og:url\" content=\"https:\/\/storitgroup.com\/fi\/tuote\/kaappi-4x300-mm-penkilla-vaurioitunut\/\" \/>\n<meta property=\"og:site_name\" content=\"Storit\" \/>\n<meta property=\"article:modified_time\" content=\"2026-04-03T20:00:10+00:00\" \/>\n<meta property=\"og:image\" content=\"https:\/\/storitgroup.com\/uploads\/2025\/02\/20250227_153301-scaled.jpg\" \/>\n\t<meta property=\"og:image:width\" content=\"1441\" \/>\n\t<meta property=\"og:image:height\" content=\"2560\" \/>\n\t<meta property=\"og:image:type\" content=\"image\/jpeg\" \/>\n<meta name=\"twitter:card\" content=\"summary_large_image\" \/>\n<script type=\"application\/ld+json\" class=\"yoast-schema-graph\">{\"@context\":\"https:\/\/schema.org\",\"@graph\":[{\"@type\":[\"WebPage\",\"ItemPage\"],\"@id\":\"https:\/\/storitgroup.com\/fi\/tuote\/kaappi-4x300-mm-penkilla-vaurioitunut\/\",\"url\":\"https:\/\/storitgroup.com\/fi\/tuote\/kaappi-4x300-mm-penkilla-vaurioitunut\/\",\"name\":\"Kaappi 4x300 mm penkill\u00e4, vaurioitunut &#8226; Storit\",\"isPartOf\":{\"@id\":\"https:\/\/storitgroup.com\/fi\/#website\"},\"primaryImageOfPage\":{\"@id\":\"https:\/\/storitgroup.com\/fi\/tuote\/kaappi-4x300-mm-penkilla-vaurioitunut\/#primaryimage\"},\"image\":{\"@id\":\"https:\/\/storitgroup.com\/fi\/tuote\/kaappi-4x300-mm-penkilla-vaurioitunut\/#primaryimage\"},\"thumbnailUrl\":\"https:\/\/storitgroup.com\/uploads\/2025\/02\/20250227_153301-scaled.jpg\",\"datePublished\":\"2025-03-03T11:23:51+00:00\",\"dateModified\":\"2026-04-03T20:00:10+00:00\",\"description\":\"Kaappi 4x300 mm penkill\u00e4, vaurioitunut \u2014 kohtuulliseen hintaan. Toimitukset kaikkialle Suomeen! \u261b Tutustu tuotteeseen ja tilaa k\u00e4tev\u00e4sti STORIT-verkkokaupasta!\",\"breadcrumb\":{\"@id\":\"https:\/\/storitgroup.com\/fi\/tuote\/kaappi-4x300-mm-penkilla-vaurioitunut\/#breadcrumb\"},\"inLanguage\":\"fi\",\"potentialAction\":[{\"@type\":\"ReadAction\",\"target\":[\"https:\/\/storitgroup.com\/fi\/tuote\/kaappi-4x300-mm-penkilla-vaurioitunut\/\"]}]},{\"@type\":\"ImageObject\",\"inLanguage\":\"fi\",\"@id\":\"https:\/\/storitgroup.com\/fi\/tuote\/kaappi-4x300-mm-penkilla-vaurioitunut\/#primaryimage\",\"url\":\"https:\/\/storitgroup.com\/uploads\/2025\/02\/20250227_153301-scaled.jpg\",\"contentUrl\":\"https:\/\/storitgroup.com\/uploads\/2025\/02\/20250227_153301-scaled.jpg\",\"width\":1441,\"height\":2560},{\"@type\":\"BreadcrumbList\",\"@id\":\"https:\/\/storitgroup.com\/fi\/tuote\/kaappi-4x300-mm-penkilla-vaurioitunut\/#breadcrumb\",\"itemListElement\":[{\"@type\":\"ListItem\",\"position\":1,\"name\":\"Kotisivu\",\"item\":\"https:\/\/storitgroup.com\/fi\/\"},{\"@type\":\"ListItem\",\"position\":2,\"name\":\"Tuotteet\",\"item\":\"https:\/\/storitgroup.com\/fi\/tuotteet\/\"},{\"@type\":\"ListItem\",\"position\":3,\"name\":\"L\u00f6yt\u00f6nurkkaus\",\"item\":\"https:\/\/storitgroup.com\/fi\/loytonurkkaus\/\"},{\"@type\":\"ListItem\",\"position\":4,\"name\":\"Kaappi 4&#215;300 mm penkill\u00e4, vaurioitunut\"}]},{\"@type\":\"WebSite\",\"@id\":\"https:\/\/storitgroup.com\/fi\/#website\",\"url\":\"https:\/\/storitgroup.com\/fi\/\",\"name\":\"Storit\",\"description\":\"\",\"potentialAction\":[{\"@type\":\"SearchAction\",\"target\":{\"@type\":\"EntryPoint\",\"urlTemplate\":\"https:\/\/storitgroup.com\/fi\/?s={search_term_string}\"},\"query-input\":{\"@type\":\"PropertyValueSpecification\",\"valueRequired\":true,\"valueName\":\"search_term_string\"}}],\"inLanguage\":\"fi\"}]}<\/script>\n<!-- \/ Yoast SEO plugin. -->","yoast_head_json":{"title":"Kaappi 4x300 mm penkill\u00e4, vaurioitunut &#8226; Storit","description":"Kaappi 4x300 mm penkill\u00e4, vaurioitunut \u2014 kohtuulliseen hintaan. Toimitukset kaikkialle Suomeen! \u261b Tutustu tuotteeseen ja tilaa k\u00e4tev\u00e4sti STORIT-verkkokaupasta!","robots":{"index":"index","follow":"follow","max-snippet":"max-snippet:-1","max-image-preview":"max-image-preview:large","max-video-preview":"max-video-preview:-1"},"canonical":"https:\/\/storitgroup.com\/fi\/tuote\/kaappi-4x300-mm-penkilla-vaurioitunut\/","og_locale":"fi_FI","og_type":"article","og_title":"Kaappi 4x300 mm penkill\u00e4, vaurioitunut &#8226; Storit","og_description":"Kaappi 4x300 mm penkill\u00e4, vaurioitunut \u2014 kohtuulliseen hintaan. Toimitukset kaikkialle Suomeen! \u261b Tutustu tuotteeseen ja tilaa k\u00e4tev\u00e4sti STORIT-verkkokaupasta!","og_url":"https:\/\/storitgroup.com\/fi\/tuote\/kaappi-4x300-mm-penkilla-vaurioitunut\/","og_site_name":"Storit","article_modified_time":"2026-04-03T20:00:10+00:00","og_image":[{"width":1441,"height":2560,"url":"https:\/\/storitgroup.com\/uploads\/2025\/02\/20250227_153301-scaled.jpg","type":"image\/jpeg"}],"twitter_card":"summary_large_image","schema":{"@context":"https:\/\/schema.org","@graph":[{"@type":["WebPage","ItemPage"],"@id":"https:\/\/storitgroup.com\/fi\/tuote\/kaappi-4x300-mm-penkilla-vaurioitunut\/","url":"https:\/\/storitgroup.com\/fi\/tuote\/kaappi-4x300-mm-penkilla-vaurioitunut\/","name":"Kaappi 4x300 mm penkill\u00e4, vaurioitunut &#8226; Storit","isPartOf":{"@id":"https:\/\/storitgroup.com\/fi\/#website"},"primaryImageOfPage":{"@id":"https:\/\/storitgroup.com\/fi\/tuote\/kaappi-4x300-mm-penkilla-vaurioitunut\/#primaryimage"},"image":{"@id":"https:\/\/storitgroup.com\/fi\/tuote\/kaappi-4x300-mm-penkilla-vaurioitunut\/#primaryimage"},"thumbnailUrl":"https:\/\/storitgroup.com\/uploads\/2025\/02\/20250227_153301-scaled.jpg","datePublished":"2025-03-03T11:23:51+00:00","dateModified":"2026-04-03T20:00:10+00:00","description":"Kaappi 4x300 mm penkill\u00e4, vaurioitunut \u2014 kohtuulliseen hintaan. Toimitukset kaikkialle Suomeen! \u261b Tutustu tuotteeseen ja tilaa k\u00e4tev\u00e4sti STORIT-verkkokaupasta!","breadcrumb":{"@id":"https:\/\/storitgroup.com\/fi\/tuote\/kaappi-4x300-mm-penkilla-vaurioitunut\/#breadcrumb"},"inLanguage":"fi","potentialAction":[{"@type":"ReadAction","target":["https:\/\/storitgroup.com\/fi\/tuote\/kaappi-4x300-mm-penkilla-vaurioitunut\/"]}]},{"@type":"ImageObject","inLanguage":"fi","@id":"https:\/\/storitgroup.com\/fi\/tuote\/kaappi-4x300-mm-penkilla-vaurioitunut\/#primaryimage","url":"https:\/\/storitgroup.com\/uploads\/2025\/02\/20250227_153301-scaled.jpg","contentUrl":"https:\/\/storitgroup.com\/uploads\/2025\/02\/20250227_153301-scaled.jpg","width":1441,"height":2560},{"@type":"BreadcrumbList","@id":"https:\/\/storitgroup.com\/fi\/tuote\/kaappi-4x300-mm-penkilla-vaurioitunut\/#breadcrumb","itemListElement":[{"@type":"ListItem","position":1,"name":"Kotisivu","item":"https:\/\/storitgroup.com\/fi\/"},{"@type":"ListItem","position":2,"name":"Tuotteet","item":"https:\/\/storitgroup.com\/fi\/tuotteet\/"},{"@type":"ListItem","position":3,"name":"L\u00f6yt\u00f6nurkkaus","item":"https:\/\/storitgroup.com\/fi\/loytonurkkaus\/"},{"@type":"ListItem","position":4,"name":"Kaappi 4&#215;300 mm penkill\u00e4, vaurioitunut"}]},{"@type":"WebSite","@id":"https:\/\/storitgroup.com\/fi\/#website","url":"https:\/\/storitgroup.com\/fi\/","name":"Storit","description":"","potentialAction":[{"@type":"SearchAction","target":{"@type":"EntryPoint","urlTemplate":"https:\/\/storitgroup.com\/fi\/?s={search_term_string}"},"query-input":{"@type":"PropertyValueSpecification","valueRequired":true,"valueName":"search_term_string"}}],"inLanguage":"fi"}]}},"_links":{"self":[{"href":"https:\/\/storitgroup.com\/fi\/wp-json\/wp\/v2\/product\/221782","targetHints":{"allow":["GET"]}}],"collection":[{"href":"https:\/\/storitgroup.com\/fi\/wp-json\/wp\/v2\/product"}],"about":[{"href":"https:\/\/storitgroup.com\/fi\/wp-json\/wp\/v2\/types\/product"}],"wp:featuredmedia":[{"embeddable":true,"href":"https:\/\/storitgroup.com\/fi\/wp-json\/wp\/v2\/media\/221930"}],"wp:attachment":[{"href":"https:\/\/storitgroup.com\/fi\/wp-json\/wp\/v2\/media?parent=221782"}],"wp:term":[{"taxonomy":"product_brand","embeddable":true,"href":"https:\/\/storitgroup.com\/fi\/wp-json\/wp\/v2\/product_brand?post=221782"},{"taxonomy":"product_cat","embeddable":true,"href":"https:\/\/storitgroup.com\/fi\/wp-json\/wp\/v2\/product_cat?post=221782"},{"taxonomy":"product_tag","embeddable":true,"href":"https:\/\/storitgroup.com\/fi\/wp-json\/wp\/v2\/product_tag?post=221782"}],"curies":[{"name":"wp","href":"https:\/\/api.w.org\/{rel}","templated":true}]}}