{"id":221309,"date":"2025-01-09T12:50:06","date_gmt":"2025-01-09T10:55:08","guid":{"rendered":"https:\/\/storitgroup.com\/?post_type=product&#038;p=221309"},"modified":"2026-04-09T12:16:21","modified_gmt":"2026-04-09T09:16:21","slug":"kuljetuslaatikko-tellus-600x400x180-mm-vihrea","status":"publish","type":"product","link":"https:\/\/storitgroup.com\/fi\/tuote\/kuljetuslaatikko-tellus-600x400x180-mm-vihrea\/","title":{"rendered":"Kuljetuslaatikko Tellus 600x400x180 mm, vihre\u00e4"},"content":{"rendered":"<p>Laatikko Tellus on monipuolinen sek\u00e4 sis\u00e4iseen ett\u00e4 ulkoiseen kuljetukseen. Laatikot voidaan pinota p\u00e4\u00e4llekk\u00e4in siten, ettei sis\u00e4ll\u00e4 oleva tavara vahingoitu. K\u00e4\u00e4nt\u00e4m\u00e4ll\u00e4 laatikot toistensa suhteen 180\u00b0 niit\u00e4 voidaan s\u00e4ilytt\u00e4\u00e4 tilaa s\u00e4\u00e4st\u00e4v\u00e4sti pinottuna toistensa sis\u00e4lle. Ergonomiset kahvat tekev\u00e4t laatikon k\u00e4sittelyst\u00e4 helppoa, ja sile\u00e4t sis\u00e4- ja ulkopinnat helpottavat puhdistamista. Tellus-soveltuu k\u00e4ytett\u00e4v\u00e4ksi sek\u00e4 v\u00e4hitt\u00e4ismyynniss\u00e4 ett\u00e4 kuljetushihnoilla.<\/p>\n<p>L\u00e4mp\u00f6tilankesto: -20\u00b0C &#8211; +40\u00b0C<br \/>Sis\u00e4mitat: 489x342x161  mm<\/p>\n","protected":false},"excerpt":{"rendered":"<p>Laatikko Tellus on monipuolinen sek\u00e4 sis\u00e4iseen ett\u00e4 ulkoiseen kuljetukseen. Laatikot voidaan pinota p\u00e4\u00e4llekk\u00e4in siten, ettei sis\u00e4ll\u00e4 oleva tavara vahingoitu. K\u00e4\u00e4nt\u00e4m\u00e4ll\u00e4 laatikot toistensa suhteen 180\u00b0 niit\u00e4 voidaan s\u00e4ilytt\u00e4\u00e4 tilaa s\u00e4\u00e4st\u00e4v\u00e4sti pinottuna toistensa sis\u00e4lle. Ergonomiset kahvat tekev\u00e4t laatikon k\u00e4sittelyst\u00e4 helppoa, ja sile\u00e4t sis\u00e4- ja ulkopinnat helpottavat puhdistamista. Tellus-soveltuu k\u00e4ytett\u00e4v\u00e4ksi sek\u00e4 v\u00e4hitt\u00e4ismyynniss\u00e4 ett\u00e4 kuljetushihnoilla.<\/p>\n<p>L\u00e4mp\u00f6tilankesto: -20\u00b0C &#8211; +40\u00b0C<\/p>\n","protected":false},"featured_media":221313,"template":"","meta":{"_acf_changed":false},"product_brand":[],"product_cat":[7102],"product_tag":[],"class_list":{"0":"post-221309","1":"product","2":"type-product","3":"status-publish","4":"has-post-thumbnail","6":"product_room-ruuan-kasittely","7":"product_room-kaupankaynti-ja-myymalat","8":"product_room-iso-varasto","9":"product_room-pieni-varasto","10":"product_room-kotiratkaisut","11":"product_cat-muovilaatikot-muovisailiot","13":"first","14":"instock","15":"taxable","16":"shipping-taxable","17":"purchasable","18":"product-type-simple"},"acf":[],"yoast_head":"<!-- This site is optimized with the Yoast SEO plugin v27.3 - https:\/\/yoast.com\/product\/yoast-seo-wordpress\/ -->\n<title>Kuljetuslaatikko Tellus 600x400x180 mm, vihre\u00e4 &#8226; Storit<\/title>\n<meta name=\"description\" content=\"Kuljetuslaatikko Tellus 600x400x180 mm, vihre\u00e4 \u2014 kohtuulliseen hintaan. Toimitukset kaikkialle Suomeen! \u261b Tutustu tuotteeseen ja tilaa k\u00e4tev\u00e4sti STORIT-verkkokaupasta!\" \/>\n<meta name=\"robots\" content=\"index, follow, max-snippet:-1, max-image-preview:large, max-video-preview:-1\" \/>\n<link rel=\"canonical\" href=\"https:\/\/storitgroup.com\/fi\/tuote\/kuljetuslaatikko-tellus-600x400x180-mm-vihrea\/\" \/>\n<meta property=\"og:locale\" content=\"fi_FI\" \/>\n<meta property=\"og:type\" content=\"article\" \/>\n<meta property=\"og:title\" content=\"Kuljetuslaatikko Tellus 600x400x180 mm, vihre\u00e4 &#8226; Storit\" \/>\n<meta property=\"og:description\" content=\"Kuljetuslaatikko Tellus 600x400x180 mm, vihre\u00e4 \u2014 kohtuulliseen hintaan. Toimitukset kaikkialle Suomeen! \u261b Tutustu tuotteeseen ja tilaa k\u00e4tev\u00e4sti STORIT-verkkokaupasta!\" \/>\n<meta property=\"og:url\" content=\"https:\/\/storitgroup.com\/fi\/tuote\/kuljetuslaatikko-tellus-600x400x180-mm-vihrea\/\" \/>\n<meta property=\"og:site_name\" content=\"Storit\" \/>\n<meta property=\"article:modified_time\" content=\"2026-04-09T09:16:21+00:00\" \/>\n<meta property=\"og:image\" content=\"https:\/\/storitgroup.com\/uploads\/2025\/01\/40.-ac4128.760.415.jpg\" \/>\n\t<meta property=\"og:image:width\" content=\"601\" \/>\n\t<meta property=\"og:image:height\" content=\"450\" \/>\n\t<meta property=\"og:image:type\" content=\"image\/jpeg\" \/>\n<meta name=\"twitter:card\" content=\"summary_large_image\" \/>\n<script type=\"application\/ld+json\" class=\"yoast-schema-graph\">{\"@context\":\"https:\\\/\\\/schema.org\",\"@graph\":[{\"@type\":[\"WebPage\",\"ItemPage\"],\"@id\":\"https:\\\/\\\/storitgroup.com\\\/fi\\\/tuote\\\/kuljetuslaatikko-tellus-600x400x180-mm-vihrea\\\/\",\"url\":\"https:\\\/\\\/storitgroup.com\\\/fi\\\/tuote\\\/kuljetuslaatikko-tellus-600x400x180-mm-vihrea\\\/\",\"name\":\"Kuljetuslaatikko Tellus 600x400x180 mm, vihre\u00e4 &#8226; Storit\",\"isPartOf\":{\"@id\":\"https:\\\/\\\/storitgroup.com\\\/fi\\\/#website\"},\"primaryImageOfPage\":{\"@id\":\"https:\\\/\\\/storitgroup.com\\\/fi\\\/tuote\\\/kuljetuslaatikko-tellus-600x400x180-mm-vihrea\\\/#primaryimage\"},\"image\":{\"@id\":\"https:\\\/\\\/storitgroup.com\\\/fi\\\/tuote\\\/kuljetuslaatikko-tellus-600x400x180-mm-vihrea\\\/#primaryimage\"},\"thumbnailUrl\":\"https:\\\/\\\/storitgroup.com\\\/uploads\\\/2025\\\/01\\\/40.-ac4128.760.415.jpg\",\"datePublished\":\"2025-01-09T10:55:08+00:00\",\"dateModified\":\"2026-04-09T09:16:21+00:00\",\"description\":\"Kuljetuslaatikko Tellus 600x400x180 mm, vihre\u00e4 \u2014 kohtuulliseen hintaan. Toimitukset kaikkialle Suomeen! \u261b Tutustu tuotteeseen ja tilaa k\u00e4tev\u00e4sti STORIT-verkkokaupasta!\",\"breadcrumb\":{\"@id\":\"https:\\\/\\\/storitgroup.com\\\/fi\\\/tuote\\\/kuljetuslaatikko-tellus-600x400x180-mm-vihrea\\\/#breadcrumb\"},\"inLanguage\":\"fi\",\"potentialAction\":[{\"@type\":\"ReadAction\",\"target\":[\"https:\\\/\\\/storitgroup.com\\\/fi\\\/tuote\\\/kuljetuslaatikko-tellus-600x400x180-mm-vihrea\\\/\"]}]},{\"@type\":\"ImageObject\",\"inLanguage\":\"fi\",\"@id\":\"https:\\\/\\\/storitgroup.com\\\/fi\\\/tuote\\\/kuljetuslaatikko-tellus-600x400x180-mm-vihrea\\\/#primaryimage\",\"url\":\"https:\\\/\\\/storitgroup.com\\\/uploads\\\/2025\\\/01\\\/40.-ac4128.760.415.jpg\",\"contentUrl\":\"https:\\\/\\\/storitgroup.com\\\/uploads\\\/2025\\\/01\\\/40.-ac4128.760.415.jpg\",\"width\":601,\"height\":450},{\"@type\":\"BreadcrumbList\",\"@id\":\"https:\\\/\\\/storitgroup.com\\\/fi\\\/tuote\\\/kuljetuslaatikko-tellus-600x400x180-mm-vihrea\\\/#breadcrumb\",\"itemListElement\":[{\"@type\":\"ListItem\",\"position\":1,\"name\":\"Kotisivu\",\"item\":\"https:\\\/\\\/storitgroup.com\\\/fi\\\/\"},{\"@type\":\"ListItem\",\"position\":2,\"name\":\"Tuotteet\",\"item\":\"https:\\\/\\\/storitgroup.com\\\/fi\\\/tuotteet\\\/\"},{\"@type\":\"ListItem\",\"position\":3,\"name\":\"Varastolaatikot, s\u00e4ilytyslaatikot\",\"item\":\"https:\\\/\\\/storitgroup.com\\\/fi\\\/varastolaatikot-sailytyslaatikot\\\/\"},{\"@type\":\"ListItem\",\"position\":4,\"name\":\"Muovilaatikot, muovis\u00e4ili\u00f6t\",\"item\":\"https:\\\/\\\/storitgroup.com\\\/fi\\\/varastolaatikot-sailytyslaatikot\\\/muovilaatikot-muovisailiot\\\/\"},{\"@type\":\"ListItem\",\"position\":5,\"name\":\"Kuljetuslaatikko Tellus 600x400x180 mm, vihre\u00e4\"}]},{\"@type\":\"WebSite\",\"@id\":\"https:\\\/\\\/storitgroup.com\\\/fi\\\/#website\",\"url\":\"https:\\\/\\\/storitgroup.com\\\/fi\\\/\",\"name\":\"Storit\",\"description\":\"\",\"potentialAction\":[{\"@type\":\"SearchAction\",\"target\":{\"@type\":\"EntryPoint\",\"urlTemplate\":\"https:\\\/\\\/storitgroup.com\\\/fi\\\/?s={search_term_string}\"},\"query-input\":{\"@type\":\"PropertyValueSpecification\",\"valueRequired\":true,\"valueName\":\"search_term_string\"}}],\"inLanguage\":\"fi\"}]}<\/script>\n<!-- \/ Yoast SEO plugin. -->","yoast_head_json":{"title":"Kuljetuslaatikko Tellus 600x400x180 mm, vihre\u00e4 &#8226; Storit","description":"Kuljetuslaatikko Tellus 600x400x180 mm, vihre\u00e4 \u2014 kohtuulliseen hintaan. Toimitukset kaikkialle Suomeen! \u261b Tutustu tuotteeseen ja tilaa k\u00e4tev\u00e4sti STORIT-verkkokaupasta!","robots":{"index":"index","follow":"follow","max-snippet":"max-snippet:-1","max-image-preview":"max-image-preview:large","max-video-preview":"max-video-preview:-1"},"canonical":"https:\/\/storitgroup.com\/fi\/tuote\/kuljetuslaatikko-tellus-600x400x180-mm-vihrea\/","og_locale":"fi_FI","og_type":"article","og_title":"Kuljetuslaatikko Tellus 600x400x180 mm, vihre\u00e4 &#8226; Storit","og_description":"Kuljetuslaatikko Tellus 600x400x180 mm, vihre\u00e4 \u2014 kohtuulliseen hintaan. Toimitukset kaikkialle Suomeen! \u261b Tutustu tuotteeseen ja tilaa k\u00e4tev\u00e4sti STORIT-verkkokaupasta!","og_url":"https:\/\/storitgroup.com\/fi\/tuote\/kuljetuslaatikko-tellus-600x400x180-mm-vihrea\/","og_site_name":"Storit","article_modified_time":"2026-04-09T09:16:21+00:00","og_image":[{"width":601,"height":450,"url":"https:\/\/storitgroup.com\/uploads\/2025\/01\/40.-ac4128.760.415.jpg","type":"image\/jpeg"}],"twitter_card":"summary_large_image","schema":{"@context":"https:\/\/schema.org","@graph":[{"@type":["WebPage","ItemPage"],"@id":"https:\/\/storitgroup.com\/fi\/tuote\/kuljetuslaatikko-tellus-600x400x180-mm-vihrea\/","url":"https:\/\/storitgroup.com\/fi\/tuote\/kuljetuslaatikko-tellus-600x400x180-mm-vihrea\/","name":"Kuljetuslaatikko Tellus 600x400x180 mm, vihre\u00e4 &#8226; Storit","isPartOf":{"@id":"https:\/\/storitgroup.com\/fi\/#website"},"primaryImageOfPage":{"@id":"https:\/\/storitgroup.com\/fi\/tuote\/kuljetuslaatikko-tellus-600x400x180-mm-vihrea\/#primaryimage"},"image":{"@id":"https:\/\/storitgroup.com\/fi\/tuote\/kuljetuslaatikko-tellus-600x400x180-mm-vihrea\/#primaryimage"},"thumbnailUrl":"https:\/\/storitgroup.com\/uploads\/2025\/01\/40.-ac4128.760.415.jpg","datePublished":"2025-01-09T10:55:08+00:00","dateModified":"2026-04-09T09:16:21+00:00","description":"Kuljetuslaatikko Tellus 600x400x180 mm, vihre\u00e4 \u2014 kohtuulliseen hintaan. Toimitukset kaikkialle Suomeen! \u261b Tutustu tuotteeseen ja tilaa k\u00e4tev\u00e4sti STORIT-verkkokaupasta!","breadcrumb":{"@id":"https:\/\/storitgroup.com\/fi\/tuote\/kuljetuslaatikko-tellus-600x400x180-mm-vihrea\/#breadcrumb"},"inLanguage":"fi","potentialAction":[{"@type":"ReadAction","target":["https:\/\/storitgroup.com\/fi\/tuote\/kuljetuslaatikko-tellus-600x400x180-mm-vihrea\/"]}]},{"@type":"ImageObject","inLanguage":"fi","@id":"https:\/\/storitgroup.com\/fi\/tuote\/kuljetuslaatikko-tellus-600x400x180-mm-vihrea\/#primaryimage","url":"https:\/\/storitgroup.com\/uploads\/2025\/01\/40.-ac4128.760.415.jpg","contentUrl":"https:\/\/storitgroup.com\/uploads\/2025\/01\/40.-ac4128.760.415.jpg","width":601,"height":450},{"@type":"BreadcrumbList","@id":"https:\/\/storitgroup.com\/fi\/tuote\/kuljetuslaatikko-tellus-600x400x180-mm-vihrea\/#breadcrumb","itemListElement":[{"@type":"ListItem","position":1,"name":"Kotisivu","item":"https:\/\/storitgroup.com\/fi\/"},{"@type":"ListItem","position":2,"name":"Tuotteet","item":"https:\/\/storitgroup.com\/fi\/tuotteet\/"},{"@type":"ListItem","position":3,"name":"Varastolaatikot, s\u00e4ilytyslaatikot","item":"https:\/\/storitgroup.com\/fi\/varastolaatikot-sailytyslaatikot\/"},{"@type":"ListItem","position":4,"name":"Muovilaatikot, muovis\u00e4ili\u00f6t","item":"https:\/\/storitgroup.com\/fi\/varastolaatikot-sailytyslaatikot\/muovilaatikot-muovisailiot\/"},{"@type":"ListItem","position":5,"name":"Kuljetuslaatikko Tellus 600x400x180 mm, vihre\u00e4"}]},{"@type":"WebSite","@id":"https:\/\/storitgroup.com\/fi\/#website","url":"https:\/\/storitgroup.com\/fi\/","name":"Storit","description":"","potentialAction":[{"@type":"SearchAction","target":{"@type":"EntryPoint","urlTemplate":"https:\/\/storitgroup.com\/fi\/?s={search_term_string}"},"query-input":{"@type":"PropertyValueSpecification","valueRequired":true,"valueName":"search_term_string"}}],"inLanguage":"fi"}]}},"_links":{"self":[{"href":"https:\/\/storitgroup.com\/fi\/wp-json\/wp\/v2\/product\/221309","targetHints":{"allow":["GET"]}}],"collection":[{"href":"https:\/\/storitgroup.com\/fi\/wp-json\/wp\/v2\/product"}],"about":[{"href":"https:\/\/storitgroup.com\/fi\/wp-json\/wp\/v2\/types\/product"}],"wp:featuredmedia":[{"embeddable":true,"href":"https:\/\/storitgroup.com\/fi\/wp-json\/wp\/v2\/media\/221313"}],"wp:attachment":[{"href":"https:\/\/storitgroup.com\/fi\/wp-json\/wp\/v2\/media?parent=221309"}],"wp:term":[{"taxonomy":"product_brand","embeddable":true,"href":"https:\/\/storitgroup.com\/fi\/wp-json\/wp\/v2\/product_brand?post=221309"},{"taxonomy":"product_cat","embeddable":true,"href":"https:\/\/storitgroup.com\/fi\/wp-json\/wp\/v2\/product_cat?post=221309"},{"taxonomy":"product_tag","embeddable":true,"href":"https:\/\/storitgroup.com\/fi\/wp-json\/wp\/v2\/product_tag?post=221309"}],"curies":[{"name":"wp","href":"https:\/\/api.w.org\/{rel}","templated":true}]}}