{"id":221300,"date":"2025-01-09T12:50:04","date_gmt":"2025-01-09T10:50:04","guid":{"rendered":"https:\/\/storitgroup.com\/?post_type=product&#038;p=221300"},"modified":"2025-01-10T02:00:25","modified_gmt":"2025-01-10T00:00:25","slug":"kuljetuslaatikko-euro-600x400x410-mm-harmaa","status":"publish","type":"product","link":"https:\/\/storitgroup.com\/fi\/tuote\/kuljetuslaatikko-euro-600x400x410-mm-harmaa\/","title":{"rendered":"Kuljetuslaatikko Euro 600x400x410 mm, harmaa"},"content":{"rendered":"<p>Eurokonttien valikoima on eritt\u00e4in laaja, mik\u00e4 tekee niist\u00e4 sopivia monille eri teollisuudenaloille. Laatikot on valmistettu laadukkaasta muovista, mik\u00e4 tekee niist\u00e4 eritt\u00e4in kest\u00e4vi\u00e4 sek\u00e4 kuljetuksessa ett\u00e4 varastoinnissa. Kun ne pinotaan p\u00e4\u00e4llekk\u00e4in, ne kest\u00e4v\u00e4t jopa 300 kilon painon. Euro-muovilaatikoita on saatavana avoimilla tai suljetuilla kahvoilla, tarrapidikkeill\u00e4 ja kansilla, mik\u00e4 tyydytt\u00e4\u00e4 erilaisten yritysten tarpeet k\u00e4sittelyss\u00e4, varastoinnissa ja logistiikassa.<\/p>\n<p>Sis\u00e4mitat: 554x354x383,5 mm<br \/>Tilavuus: 78 litraa<br \/>Kuormituskapasiteetti: 20 kg<\/p>\n","protected":false},"excerpt":{"rendered":"<p>Eurokonttien valikoima on eritt\u00e4in laaja, mik\u00e4 tekee niist\u00e4 sopivia monille eri teollisuudenaloille. Laatikot on valmistettu laadukkaasta muovista, mik\u00e4 tekee niist\u00e4 eritt\u00e4in kest\u00e4vi\u00e4 sek\u00e4 kuljetuksessa ett\u00e4 varastoinnissa. Kun ne pinotaan p\u00e4\u00e4llekk\u00e4in, ne kest\u00e4v\u00e4t jopa 300 kilon painon. Euro-muovilaatikoita on saatavana avoimilla tai suljetuilla kahvoilla, tarrapidikkeill\u00e4 ja kansilla, mik\u00e4 tyydytt\u00e4\u00e4 erilaisten yritysten tarpeet k\u00e4sittelyss\u00e4, varastoinnissa ja logistiikassa.<\/p>\n<p>Sis\u00e4mitat: 554x354x383,5 mm<\/p>\n","protected":false},"featured_media":221304,"template":"","meta":{"_acf_changed":false},"product_brand":[],"product_cat":[7102],"product_tag":[],"class_list":{"0":"post-221300","1":"product","2":"type-product","3":"status-publish","4":"has-post-thumbnail","6":"product_room-pieni-varasto","7":"product_room-kotiratkaisut","8":"product_room-ruuan-kasittely","9":"product_room-kaupankaynti-ja-myymalat","10":"product_room-iso-varasto","11":"product_cat-muovilaatikot-muovisailiot","13":"first","14":"onbackorder","15":"taxable","16":"shipping-taxable","17":"purchasable","18":"product-type-simple"},"acf":[],"yoast_head":"<!-- This site is optimized with the Yoast SEO plugin v27.3 - https:\/\/yoast.com\/product\/yoast-seo-wordpress\/ -->\n<title>Kuljetuslaatikko Euro 600x400x410 mm, harmaa &#8226; Storit<\/title>\n<meta name=\"description\" content=\"Kuljetuslaatikko Euro 600x400x410 mm, harmaa \u2014 kohtuulliseen hintaan. Toimitukset kaikkialle Suomeen! \u261b Tutustu tuotteeseen ja tilaa k\u00e4tev\u00e4sti STORIT-verkkokaupasta!\" \/>\n<meta name=\"robots\" content=\"index, follow, max-snippet:-1, max-image-preview:large, max-video-preview:-1\" \/>\n<link rel=\"canonical\" href=\"https:\/\/storitgroup.com\/fi\/tuote\/kuljetuslaatikko-euro-600x400x410-mm-harmaa\/\" \/>\n<meta property=\"og:locale\" content=\"fi_FI\" \/>\n<meta property=\"og:type\" content=\"article\" \/>\n<meta property=\"og:title\" content=\"Kuljetuslaatikko Euro 600x400x410 mm, harmaa &#8226; Storit\" \/>\n<meta property=\"og:description\" content=\"Kuljetuslaatikko Euro 600x400x410 mm, harmaa \u2014 kohtuulliseen hintaan. Toimitukset kaikkialle Suomeen! \u261b Tutustu tuotteeseen ja tilaa k\u00e4tev\u00e4sti STORIT-verkkokaupasta!\" \/>\n<meta property=\"og:url\" content=\"https:\/\/storitgroup.com\/fi\/tuote\/kuljetuslaatikko-euro-600x400x410-mm-harmaa\/\" \/>\n<meta property=\"og:site_name\" content=\"Storit\" \/>\n<meta property=\"article:modified_time\" content=\"2025-01-10T00:00:25+00:00\" \/>\n<meta property=\"og:image\" content=\"https:\/\/storitgroup.com\/uploads\/2025\/01\/39.-3640.jpg\" \/>\n\t<meta property=\"og:image:width\" content=\"600\" \/>\n\t<meta property=\"og:image:height\" content=\"450\" \/>\n\t<meta property=\"og:image:type\" content=\"image\/jpeg\" \/>\n<meta name=\"twitter:card\" content=\"summary_large_image\" \/>\n<script type=\"application\/ld+json\" class=\"yoast-schema-graph\">{\"@context\":\"https:\\\/\\\/schema.org\",\"@graph\":[{\"@type\":[\"WebPage\",\"ItemPage\"],\"@id\":\"https:\\\/\\\/storitgroup.com\\\/fi\\\/tuote\\\/kuljetuslaatikko-euro-600x400x410-mm-harmaa\\\/\",\"url\":\"https:\\\/\\\/storitgroup.com\\\/fi\\\/tuote\\\/kuljetuslaatikko-euro-600x400x410-mm-harmaa\\\/\",\"name\":\"Kuljetuslaatikko Euro 600x400x410 mm, harmaa &#8226; Storit\",\"isPartOf\":{\"@id\":\"https:\\\/\\\/storitgroup.com\\\/fi\\\/#website\"},\"primaryImageOfPage\":{\"@id\":\"https:\\\/\\\/storitgroup.com\\\/fi\\\/tuote\\\/kuljetuslaatikko-euro-600x400x410-mm-harmaa\\\/#primaryimage\"},\"image\":{\"@id\":\"https:\\\/\\\/storitgroup.com\\\/fi\\\/tuote\\\/kuljetuslaatikko-euro-600x400x410-mm-harmaa\\\/#primaryimage\"},\"thumbnailUrl\":\"https:\\\/\\\/storitgroup.com\\\/uploads\\\/2025\\\/01\\\/39.-3640.jpg\",\"datePublished\":\"2025-01-09T10:50:04+00:00\",\"dateModified\":\"2025-01-10T00:00:25+00:00\",\"description\":\"Kuljetuslaatikko Euro 600x400x410 mm, harmaa \u2014 kohtuulliseen hintaan. Toimitukset kaikkialle Suomeen! \u261b Tutustu tuotteeseen ja tilaa k\u00e4tev\u00e4sti STORIT-verkkokaupasta!\",\"breadcrumb\":{\"@id\":\"https:\\\/\\\/storitgroup.com\\\/fi\\\/tuote\\\/kuljetuslaatikko-euro-600x400x410-mm-harmaa\\\/#breadcrumb\"},\"inLanguage\":\"fi\",\"potentialAction\":[{\"@type\":\"ReadAction\",\"target\":[\"https:\\\/\\\/storitgroup.com\\\/fi\\\/tuote\\\/kuljetuslaatikko-euro-600x400x410-mm-harmaa\\\/\"]}]},{\"@type\":\"ImageObject\",\"inLanguage\":\"fi\",\"@id\":\"https:\\\/\\\/storitgroup.com\\\/fi\\\/tuote\\\/kuljetuslaatikko-euro-600x400x410-mm-harmaa\\\/#primaryimage\",\"url\":\"https:\\\/\\\/storitgroup.com\\\/uploads\\\/2025\\\/01\\\/39.-3640.jpg\",\"contentUrl\":\"https:\\\/\\\/storitgroup.com\\\/uploads\\\/2025\\\/01\\\/39.-3640.jpg\",\"width\":600,\"height\":450},{\"@type\":\"BreadcrumbList\",\"@id\":\"https:\\\/\\\/storitgroup.com\\\/fi\\\/tuote\\\/kuljetuslaatikko-euro-600x400x410-mm-harmaa\\\/#breadcrumb\",\"itemListElement\":[{\"@type\":\"ListItem\",\"position\":1,\"name\":\"Kotisivu\",\"item\":\"https:\\\/\\\/storitgroup.com\\\/fi\\\/\"},{\"@type\":\"ListItem\",\"position\":2,\"name\":\"Tuotteet\",\"item\":\"https:\\\/\\\/storitgroup.com\\\/fi\\\/tuotteet\\\/\"},{\"@type\":\"ListItem\",\"position\":3,\"name\":\"Varastolaatikot, s\u00e4ilytyslaatikot\",\"item\":\"https:\\\/\\\/storitgroup.com\\\/fi\\\/varastolaatikot-sailytyslaatikot\\\/\"},{\"@type\":\"ListItem\",\"position\":4,\"name\":\"Muovilaatikot, muovis\u00e4ili\u00f6t\",\"item\":\"https:\\\/\\\/storitgroup.com\\\/fi\\\/varastolaatikot-sailytyslaatikot\\\/muovilaatikot-muovisailiot\\\/\"},{\"@type\":\"ListItem\",\"position\":5,\"name\":\"Kuljetuslaatikko Euro 600x400x410 mm, harmaa\"}]},{\"@type\":\"WebSite\",\"@id\":\"https:\\\/\\\/storitgroup.com\\\/fi\\\/#website\",\"url\":\"https:\\\/\\\/storitgroup.com\\\/fi\\\/\",\"name\":\"Storit\",\"description\":\"\",\"potentialAction\":[{\"@type\":\"SearchAction\",\"target\":{\"@type\":\"EntryPoint\",\"urlTemplate\":\"https:\\\/\\\/storitgroup.com\\\/fi\\\/?s={search_term_string}\"},\"query-input\":{\"@type\":\"PropertyValueSpecification\",\"valueRequired\":true,\"valueName\":\"search_term_string\"}}],\"inLanguage\":\"fi\"}]}<\/script>\n<!-- \/ Yoast SEO plugin. -->","yoast_head_json":{"title":"Kuljetuslaatikko Euro 600x400x410 mm, harmaa &#8226; Storit","description":"Kuljetuslaatikko Euro 600x400x410 mm, harmaa \u2014 kohtuulliseen hintaan. Toimitukset kaikkialle Suomeen! \u261b Tutustu tuotteeseen ja tilaa k\u00e4tev\u00e4sti STORIT-verkkokaupasta!","robots":{"index":"index","follow":"follow","max-snippet":"max-snippet:-1","max-image-preview":"max-image-preview:large","max-video-preview":"max-video-preview:-1"},"canonical":"https:\/\/storitgroup.com\/fi\/tuote\/kuljetuslaatikko-euro-600x400x410-mm-harmaa\/","og_locale":"fi_FI","og_type":"article","og_title":"Kuljetuslaatikko Euro 600x400x410 mm, harmaa &#8226; Storit","og_description":"Kuljetuslaatikko Euro 600x400x410 mm, harmaa \u2014 kohtuulliseen hintaan. Toimitukset kaikkialle Suomeen! \u261b Tutustu tuotteeseen ja tilaa k\u00e4tev\u00e4sti STORIT-verkkokaupasta!","og_url":"https:\/\/storitgroup.com\/fi\/tuote\/kuljetuslaatikko-euro-600x400x410-mm-harmaa\/","og_site_name":"Storit","article_modified_time":"2025-01-10T00:00:25+00:00","og_image":[{"width":600,"height":450,"url":"https:\/\/storitgroup.com\/uploads\/2025\/01\/39.-3640.jpg","type":"image\/jpeg"}],"twitter_card":"summary_large_image","schema":{"@context":"https:\/\/schema.org","@graph":[{"@type":["WebPage","ItemPage"],"@id":"https:\/\/storitgroup.com\/fi\/tuote\/kuljetuslaatikko-euro-600x400x410-mm-harmaa\/","url":"https:\/\/storitgroup.com\/fi\/tuote\/kuljetuslaatikko-euro-600x400x410-mm-harmaa\/","name":"Kuljetuslaatikko Euro 600x400x410 mm, harmaa &#8226; Storit","isPartOf":{"@id":"https:\/\/storitgroup.com\/fi\/#website"},"primaryImageOfPage":{"@id":"https:\/\/storitgroup.com\/fi\/tuote\/kuljetuslaatikko-euro-600x400x410-mm-harmaa\/#primaryimage"},"image":{"@id":"https:\/\/storitgroup.com\/fi\/tuote\/kuljetuslaatikko-euro-600x400x410-mm-harmaa\/#primaryimage"},"thumbnailUrl":"https:\/\/storitgroup.com\/uploads\/2025\/01\/39.-3640.jpg","datePublished":"2025-01-09T10:50:04+00:00","dateModified":"2025-01-10T00:00:25+00:00","description":"Kuljetuslaatikko Euro 600x400x410 mm, harmaa \u2014 kohtuulliseen hintaan. Toimitukset kaikkialle Suomeen! \u261b Tutustu tuotteeseen ja tilaa k\u00e4tev\u00e4sti STORIT-verkkokaupasta!","breadcrumb":{"@id":"https:\/\/storitgroup.com\/fi\/tuote\/kuljetuslaatikko-euro-600x400x410-mm-harmaa\/#breadcrumb"},"inLanguage":"fi","potentialAction":[{"@type":"ReadAction","target":["https:\/\/storitgroup.com\/fi\/tuote\/kuljetuslaatikko-euro-600x400x410-mm-harmaa\/"]}]},{"@type":"ImageObject","inLanguage":"fi","@id":"https:\/\/storitgroup.com\/fi\/tuote\/kuljetuslaatikko-euro-600x400x410-mm-harmaa\/#primaryimage","url":"https:\/\/storitgroup.com\/uploads\/2025\/01\/39.-3640.jpg","contentUrl":"https:\/\/storitgroup.com\/uploads\/2025\/01\/39.-3640.jpg","width":600,"height":450},{"@type":"BreadcrumbList","@id":"https:\/\/storitgroup.com\/fi\/tuote\/kuljetuslaatikko-euro-600x400x410-mm-harmaa\/#breadcrumb","itemListElement":[{"@type":"ListItem","position":1,"name":"Kotisivu","item":"https:\/\/storitgroup.com\/fi\/"},{"@type":"ListItem","position":2,"name":"Tuotteet","item":"https:\/\/storitgroup.com\/fi\/tuotteet\/"},{"@type":"ListItem","position":3,"name":"Varastolaatikot, s\u00e4ilytyslaatikot","item":"https:\/\/storitgroup.com\/fi\/varastolaatikot-sailytyslaatikot\/"},{"@type":"ListItem","position":4,"name":"Muovilaatikot, muovis\u00e4ili\u00f6t","item":"https:\/\/storitgroup.com\/fi\/varastolaatikot-sailytyslaatikot\/muovilaatikot-muovisailiot\/"},{"@type":"ListItem","position":5,"name":"Kuljetuslaatikko Euro 600x400x410 mm, harmaa"}]},{"@type":"WebSite","@id":"https:\/\/storitgroup.com\/fi\/#website","url":"https:\/\/storitgroup.com\/fi\/","name":"Storit","description":"","potentialAction":[{"@type":"SearchAction","target":{"@type":"EntryPoint","urlTemplate":"https:\/\/storitgroup.com\/fi\/?s={search_term_string}"},"query-input":{"@type":"PropertyValueSpecification","valueRequired":true,"valueName":"search_term_string"}}],"inLanguage":"fi"}]}},"_links":{"self":[{"href":"https:\/\/storitgroup.com\/fi\/wp-json\/wp\/v2\/product\/221300","targetHints":{"allow":["GET"]}}],"collection":[{"href":"https:\/\/storitgroup.com\/fi\/wp-json\/wp\/v2\/product"}],"about":[{"href":"https:\/\/storitgroup.com\/fi\/wp-json\/wp\/v2\/types\/product"}],"wp:featuredmedia":[{"embeddable":true,"href":"https:\/\/storitgroup.com\/fi\/wp-json\/wp\/v2\/media\/221304"}],"wp:attachment":[{"href":"https:\/\/storitgroup.com\/fi\/wp-json\/wp\/v2\/media?parent=221300"}],"wp:term":[{"taxonomy":"product_brand","embeddable":true,"href":"https:\/\/storitgroup.com\/fi\/wp-json\/wp\/v2\/product_brand?post=221300"},{"taxonomy":"product_cat","embeddable":true,"href":"https:\/\/storitgroup.com\/fi\/wp-json\/wp\/v2\/product_cat?post=221300"},{"taxonomy":"product_tag","embeddable":true,"href":"https:\/\/storitgroup.com\/fi\/wp-json\/wp\/v2\/product_tag?post=221300"}],"curies":[{"name":"wp","href":"https:\/\/api.w.org\/{rel}","templated":true}]}}