{"id":221266,"date":"2023-08-28T13:00:06","date_gmt":"2025-01-08T10:55:05","guid":{"rendered":"https:\/\/storitgroup.com\/product\/universaali-alusta-800x600-mm-kantavuus-500-kg\/"},"modified":"2025-03-18T02:05:23","modified_gmt":"2025-03-18T00:05:23","slug":"universaali-alusta-800x600-mm-kantavuus-500-kg","status":"publish","type":"product","link":"https:\/\/storitgroup.com\/fi\/tuote\/universaali-alusta-800x600-mm-kantavuus-500-kg\/","title":{"rendered":"Universaali alusta 800&#215;600 mm, kantavuus 500 kg"},"content":{"rendered":"<p>Universaali py\u00f6r\u00e4llinen alusta on erinomainen apuv\u00e4line varastojen, ty\u00f6pajojen ja kauppojen p\u00e4ivitt\u00e4isiin teht\u00e4viin. Vahva ja suljettu pohja mahdollistaa jopa 500 kg painavien kuormien vaivattoman kuljetuksen. Alustan \u00e4lykk\u00e4\u00e4t 14 punaista pop-up-osaa takaavat vakaan pinottavuuden, ja ne pit\u00e4v\u00e4t turvallisesti kaksi 600&#215;400 mm kokoista s\u00e4ilytysastiaa paikallaan. T\u00e4m\u00e4 ratkaisu tarjoaa luotettavan ja turvallisen kuljetusmahdollisuuden my\u00f6s ep\u00e4tasaisilla pinnoilla ja vaativammassa k\u00e4sittelyss\u00e4.<\/p>\n<p> Alustan liikuttamista helpottaa erikseen myyt\u00e4v\u00e4 kahva.<\/p>\n","protected":false},"excerpt":{"rendered":"<p>Universaali py\u00f6r\u00e4llinen alusta on erinomainen apuv\u00e4line varastojen, ty\u00f6pajojen ja kauppojen p\u00e4ivitt\u00e4isiin teht\u00e4viin. Vahva ja suljettu pohja mahdollistaa jopa 500 kg painavien kuormien vaivattoman kuljetuksen. Alustan \u00e4lykk\u00e4\u00e4t 14 punaista pop-up-osaa takaavat vakaan pinottavuuden, ja ne pit\u00e4v\u00e4t turvallisesti kaksi 600&#215;400 mm kokoista s\u00e4ilytysastiaa paikallaan. T\u00e4m\u00e4 ratkaisu tarjoaa luotettavan ja turvallisen kuljetusmahdollisuuden my\u00f6s ep\u00e4tasaisilla pinnoilla ja vaativammassa k\u00e4sittelyss\u00e4.<\/p>\n<p> Alustan liikuttamista helpottaa erikseen myyt\u00e4v\u00e4 kahva.<\/p>\n","protected":false},"featured_media":213922,"template":"","meta":{"_acf_changed":false},"product_brand":[],"product_cat":[7085],"product_tag":[],"class_list":{"0":"post-221266","1":"product","2":"type-product","3":"status-publish","4":"has-post-thumbnail","6":"product_room-kaupankaynti-ja-myymalat","7":"product_room-kuljetus-ja-logistiikka","8":"product_cat-laatikkovaunut-lavakarryt","10":"first","11":"instock","12":"taxable","13":"shipping-taxable","14":"purchasable","15":"product-type-simple"},"acf":[],"yoast_head":"<!-- This site is optimized with the Yoast SEO plugin v27.2 - https:\/\/yoast.com\/product\/yoast-seo-wordpress\/ -->\n<title>Universaali alusta 800x600 mm, kantavuus 500 kg &#8226; Storit<\/title>\n<meta name=\"description\" content=\"Universaali alusta 800x600 mm, kantavuus 500 kg \u2014 kohtuulliseen hintaan. Toimitukset kaikkialle Suomeen! \u261b Tutustu tuotteeseen ja tilaa k\u00e4tev\u00e4sti STORIT-verkkokaupasta!\" \/>\n<meta name=\"robots\" content=\"index, follow, max-snippet:-1, max-image-preview:large, max-video-preview:-1\" \/>\n<link rel=\"canonical\" href=\"https:\/\/storitgroup.com\/fi\/tuote\/universaali-alusta-800x600-mm-kantavuus-500-kg\/\" \/>\n<meta property=\"og:locale\" content=\"fi_FI\" \/>\n<meta property=\"og:type\" content=\"article\" \/>\n<meta property=\"og:title\" content=\"Universaali alusta 800x600 mm, kantavuus 500 kg &#8226; Storit\" \/>\n<meta property=\"og:description\" content=\"Universaali alusta 800x600 mm, kantavuus 500 kg \u2014 kohtuulliseen hintaan. Toimitukset kaikkialle Suomeen! \u261b Tutustu tuotteeseen ja tilaa k\u00e4tev\u00e4sti STORIT-verkkokaupasta!\" \/>\n<meta property=\"og:url\" content=\"https:\/\/storitgroup.com\/fi\/tuote\/universaali-alusta-800x600-mm-kantavuus-500-kg\/\" \/>\n<meta property=\"og:site_name\" content=\"Storit\" \/>\n<meta property=\"article:modified_time\" content=\"2025-03-18T00:05:23+00:00\" \/>\n<meta property=\"og:image\" content=\"https:\/\/storitgroup.com\/uploads\/2023\/08\/17971-17613536-2.jpg\" \/>\n\t<meta property=\"og:image:width\" content=\"983\" \/>\n\t<meta property=\"og:image:height\" content=\"983\" \/>\n\t<meta property=\"og:image:type\" content=\"image\/jpeg\" \/>\n<meta name=\"twitter:card\" content=\"summary_large_image\" \/>\n<script type=\"application\/ld+json\" class=\"yoast-schema-graph\">{\"@context\":\"https:\/\/schema.org\",\"@graph\":[{\"@type\":[\"WebPage\",\"ItemPage\"],\"@id\":\"https:\/\/storitgroup.com\/fi\/tuote\/universaali-alusta-800x600-mm-kantavuus-500-kg\/\",\"url\":\"https:\/\/storitgroup.com\/fi\/tuote\/universaali-alusta-800x600-mm-kantavuus-500-kg\/\",\"name\":\"Universaali alusta 800x600 mm, kantavuus 500 kg &#8226; Storit\",\"isPartOf\":{\"@id\":\"https:\/\/storitgroup.com\/fi\/#website\"},\"primaryImageOfPage\":{\"@id\":\"https:\/\/storitgroup.com\/fi\/tuote\/universaali-alusta-800x600-mm-kantavuus-500-kg\/#primaryimage\"},\"image\":{\"@id\":\"https:\/\/storitgroup.com\/fi\/tuote\/universaali-alusta-800x600-mm-kantavuus-500-kg\/#primaryimage\"},\"thumbnailUrl\":\"https:\/\/storitgroup.com\/uploads\/2023\/08\/17971-17613536-2.jpg\",\"datePublished\":\"2025-01-08T10:55:05+00:00\",\"dateModified\":\"2025-03-18T00:05:23+00:00\",\"description\":\"Universaali alusta 800x600 mm, kantavuus 500 kg \u2014 kohtuulliseen hintaan. Toimitukset kaikkialle Suomeen! \u261b Tutustu tuotteeseen ja tilaa k\u00e4tev\u00e4sti STORIT-verkkokaupasta!\",\"breadcrumb\":{\"@id\":\"https:\/\/storitgroup.com\/fi\/tuote\/universaali-alusta-800x600-mm-kantavuus-500-kg\/#breadcrumb\"},\"inLanguage\":\"fi\",\"potentialAction\":[{\"@type\":\"ReadAction\",\"target\":[\"https:\/\/storitgroup.com\/fi\/tuote\/universaali-alusta-800x600-mm-kantavuus-500-kg\/\"]}]},{\"@type\":\"ImageObject\",\"inLanguage\":\"fi\",\"@id\":\"https:\/\/storitgroup.com\/fi\/tuote\/universaali-alusta-800x600-mm-kantavuus-500-kg\/#primaryimage\",\"url\":\"https:\/\/storitgroup.com\/uploads\/2023\/08\/17971-17613536-2.jpg\",\"contentUrl\":\"https:\/\/storitgroup.com\/uploads\/2023\/08\/17971-17613536-2.jpg\",\"width\":983,\"height\":983},{\"@type\":\"BreadcrumbList\",\"@id\":\"https:\/\/storitgroup.com\/fi\/tuote\/universaali-alusta-800x600-mm-kantavuus-500-kg\/#breadcrumb\",\"itemListElement\":[{\"@type\":\"ListItem\",\"position\":1,\"name\":\"Kotisivu\",\"item\":\"https:\/\/storitgroup.com\/fi\/\"},{\"@type\":\"ListItem\",\"position\":2,\"name\":\"Tuotteet\",\"item\":\"https:\/\/storitgroup.com\/fi\/tuotteet\/\"},{\"@type\":\"ListItem\",\"position\":3,\"name\":\"Varastovaunut, py\u00f6r\u00e4t\",\"item\":\"https:\/\/storitgroup.com\/fi\/varastovaunut-pyorat\/\"},{\"@type\":\"ListItem\",\"position\":4,\"name\":\"Laatikkovaunut, lavak\u00e4rryt\",\"item\":\"https:\/\/storitgroup.com\/fi\/varastovaunut-pyorat\/laatikkovaunut-lavakarryt\/\"},{\"@type\":\"ListItem\",\"position\":5,\"name\":\"Universaali alusta 800&#215;600 mm, kantavuus 500 kg\"}]},{\"@type\":\"WebSite\",\"@id\":\"https:\/\/storitgroup.com\/fi\/#website\",\"url\":\"https:\/\/storitgroup.com\/fi\/\",\"name\":\"Storit\",\"description\":\"\",\"potentialAction\":[{\"@type\":\"SearchAction\",\"target\":{\"@type\":\"EntryPoint\",\"urlTemplate\":\"https:\/\/storitgroup.com\/fi\/?s={search_term_string}\"},\"query-input\":{\"@type\":\"PropertyValueSpecification\",\"valueRequired\":true,\"valueName\":\"search_term_string\"}}],\"inLanguage\":\"fi\"}]}<\/script>\n<!-- \/ Yoast SEO plugin. -->","yoast_head_json":{"title":"Universaali alusta 800x600 mm, kantavuus 500 kg &#8226; Storit","description":"Universaali alusta 800x600 mm, kantavuus 500 kg \u2014 kohtuulliseen hintaan. Toimitukset kaikkialle Suomeen! \u261b Tutustu tuotteeseen ja tilaa k\u00e4tev\u00e4sti STORIT-verkkokaupasta!","robots":{"index":"index","follow":"follow","max-snippet":"max-snippet:-1","max-image-preview":"max-image-preview:large","max-video-preview":"max-video-preview:-1"},"canonical":"https:\/\/storitgroup.com\/fi\/tuote\/universaali-alusta-800x600-mm-kantavuus-500-kg\/","og_locale":"fi_FI","og_type":"article","og_title":"Universaali alusta 800x600 mm, kantavuus 500 kg &#8226; Storit","og_description":"Universaali alusta 800x600 mm, kantavuus 500 kg \u2014 kohtuulliseen hintaan. Toimitukset kaikkialle Suomeen! \u261b Tutustu tuotteeseen ja tilaa k\u00e4tev\u00e4sti STORIT-verkkokaupasta!","og_url":"https:\/\/storitgroup.com\/fi\/tuote\/universaali-alusta-800x600-mm-kantavuus-500-kg\/","og_site_name":"Storit","article_modified_time":"2025-03-18T00:05:23+00:00","og_image":[{"width":983,"height":983,"url":"https:\/\/storitgroup.com\/uploads\/2023\/08\/17971-17613536-2.jpg","type":"image\/jpeg"}],"twitter_card":"summary_large_image","schema":{"@context":"https:\/\/schema.org","@graph":[{"@type":["WebPage","ItemPage"],"@id":"https:\/\/storitgroup.com\/fi\/tuote\/universaali-alusta-800x600-mm-kantavuus-500-kg\/","url":"https:\/\/storitgroup.com\/fi\/tuote\/universaali-alusta-800x600-mm-kantavuus-500-kg\/","name":"Universaali alusta 800x600 mm, kantavuus 500 kg &#8226; Storit","isPartOf":{"@id":"https:\/\/storitgroup.com\/fi\/#website"},"primaryImageOfPage":{"@id":"https:\/\/storitgroup.com\/fi\/tuote\/universaali-alusta-800x600-mm-kantavuus-500-kg\/#primaryimage"},"image":{"@id":"https:\/\/storitgroup.com\/fi\/tuote\/universaali-alusta-800x600-mm-kantavuus-500-kg\/#primaryimage"},"thumbnailUrl":"https:\/\/storitgroup.com\/uploads\/2023\/08\/17971-17613536-2.jpg","datePublished":"2025-01-08T10:55:05+00:00","dateModified":"2025-03-18T00:05:23+00:00","description":"Universaali alusta 800x600 mm, kantavuus 500 kg \u2014 kohtuulliseen hintaan. Toimitukset kaikkialle Suomeen! \u261b Tutustu tuotteeseen ja tilaa k\u00e4tev\u00e4sti STORIT-verkkokaupasta!","breadcrumb":{"@id":"https:\/\/storitgroup.com\/fi\/tuote\/universaali-alusta-800x600-mm-kantavuus-500-kg\/#breadcrumb"},"inLanguage":"fi","potentialAction":[{"@type":"ReadAction","target":["https:\/\/storitgroup.com\/fi\/tuote\/universaali-alusta-800x600-mm-kantavuus-500-kg\/"]}]},{"@type":"ImageObject","inLanguage":"fi","@id":"https:\/\/storitgroup.com\/fi\/tuote\/universaali-alusta-800x600-mm-kantavuus-500-kg\/#primaryimage","url":"https:\/\/storitgroup.com\/uploads\/2023\/08\/17971-17613536-2.jpg","contentUrl":"https:\/\/storitgroup.com\/uploads\/2023\/08\/17971-17613536-2.jpg","width":983,"height":983},{"@type":"BreadcrumbList","@id":"https:\/\/storitgroup.com\/fi\/tuote\/universaali-alusta-800x600-mm-kantavuus-500-kg\/#breadcrumb","itemListElement":[{"@type":"ListItem","position":1,"name":"Kotisivu","item":"https:\/\/storitgroup.com\/fi\/"},{"@type":"ListItem","position":2,"name":"Tuotteet","item":"https:\/\/storitgroup.com\/fi\/tuotteet\/"},{"@type":"ListItem","position":3,"name":"Varastovaunut, py\u00f6r\u00e4t","item":"https:\/\/storitgroup.com\/fi\/varastovaunut-pyorat\/"},{"@type":"ListItem","position":4,"name":"Laatikkovaunut, lavak\u00e4rryt","item":"https:\/\/storitgroup.com\/fi\/varastovaunut-pyorat\/laatikkovaunut-lavakarryt\/"},{"@type":"ListItem","position":5,"name":"Universaali alusta 800&#215;600 mm, kantavuus 500 kg"}]},{"@type":"WebSite","@id":"https:\/\/storitgroup.com\/fi\/#website","url":"https:\/\/storitgroup.com\/fi\/","name":"Storit","description":"","potentialAction":[{"@type":"SearchAction","target":{"@type":"EntryPoint","urlTemplate":"https:\/\/storitgroup.com\/fi\/?s={search_term_string}"},"query-input":{"@type":"PropertyValueSpecification","valueRequired":true,"valueName":"search_term_string"}}],"inLanguage":"fi"}]}},"_links":{"self":[{"href":"https:\/\/storitgroup.com\/fi\/wp-json\/wp\/v2\/product\/221266","targetHints":{"allow":["GET"]}}],"collection":[{"href":"https:\/\/storitgroup.com\/fi\/wp-json\/wp\/v2\/product"}],"about":[{"href":"https:\/\/storitgroup.com\/fi\/wp-json\/wp\/v2\/types\/product"}],"wp:featuredmedia":[{"embeddable":true,"href":"https:\/\/storitgroup.com\/fi\/wp-json\/wp\/v2\/media\/213922"}],"wp:attachment":[{"href":"https:\/\/storitgroup.com\/fi\/wp-json\/wp\/v2\/media?parent=221266"}],"wp:term":[{"taxonomy":"product_brand","embeddable":true,"href":"https:\/\/storitgroup.com\/fi\/wp-json\/wp\/v2\/product_brand?post=221266"},{"taxonomy":"product_cat","embeddable":true,"href":"https:\/\/storitgroup.com\/fi\/wp-json\/wp\/v2\/product_cat?post=221266"},{"taxonomy":"product_tag","embeddable":true,"href":"https:\/\/storitgroup.com\/fi\/wp-json\/wp\/v2\/product_tag?post=221266"}],"curies":[{"name":"wp","href":"https:\/\/api.w.org\/{rel}","templated":true}]}}