{"id":221193,"date":"2025-01-06T14:55:12","date_gmt":"2025-01-06T12:55:12","guid":{"rendered":"https:\/\/storitgroup.com\/?post_type=product&#038;p=221193"},"modified":"2026-04-08T21:30:13","modified_gmt":"2026-04-08T18:30:13","slug":"hiekka-ja-suola-astia-150-l-vihrea","status":"publish","type":"product","link":"https:\/\/storitgroup.com\/fi\/tuote\/hiekka-ja-suola-astia-150-l-vihrea\/","title":{"rendered":"Hiekka ja suola astia 150 l, vihre\u00e4"},"content":{"rendered":"<p>Uudelleenk\u00e4ytett\u00e4v\u00e4 s\u00e4ili\u00f6 hiekan tai suolan s\u00e4ilytykseen. Laajan l\u00e4mp\u00f6tilansietokyvyn ansiosta se on ihanteellinen ratkaisu erilaisiin s\u00e4\u00e4olosuhteisiin. S\u00e4ili\u00f6ss\u00e4 on silmukat riippulukolle sis\u00e4ll\u00f6n suojaamiseksi luvattomalta k\u00e4yt\u00f6lt\u00e4. Voidaan nostaa haarukkatrukilla.<\/p>\n<p>Todellinen v\u00e4ri saattaa poiketa kuvassa esitetyst\u00e4.<\/p>\n","protected":false},"excerpt":{"rendered":"<p>Uudelleenk\u00e4ytett\u00e4v\u00e4 s\u00e4ili\u00f6 hiekan tai suolan s\u00e4ilytykseen. Laajan l\u00e4mp\u00f6tilansietokyvyn ansiosta se on ihanteellinen ratkaisu erilaisiin s\u00e4\u00e4olosuhteisiin. S\u00e4ili\u00f6ss\u00e4 on silmukat riippulukolle sis\u00e4ll\u00f6n suojaamiseksi luvattomalta k\u00e4yt\u00f6lt\u00e4. Voidaan nostaa haarukkatrukilla.<\/p>\n<p>Todellinen v\u00e4ri saattaa poiketa kuvassa esitetyst\u00e4.<\/p>\n","protected":false},"featured_media":221262,"template":"","meta":{"_acf_changed":false},"product_brand":[],"product_cat":[7089],"product_tag":[],"class_list":{"0":"post-221193","1":"product","2":"type-product","3":"status-publish","4":"has-post-thumbnail","6":"product_room-tyopaja-ja-autotalli","7":"product_room-koulut-ja-paivakodit","8":"product_room-ulkoalue","9":"product_room-kuljetus-ja-logistiikka","10":"product_cat-hiekkasailiot-suolasailiot","12":"first","13":"onbackorder","14":"taxable","15":"shipping-taxable","16":"purchasable","17":"product-type-simple"},"acf":[],"yoast_head":"<!-- This site is optimized with the Yoast SEO plugin v27.2 - https:\/\/yoast.com\/product\/yoast-seo-wordpress\/ -->\n<title>Hiekka ja suola astia 150 l, vihre\u00e4 &#8226; Storit<\/title>\n<meta name=\"description\" content=\"Hiekka ja suola astia 150 l, vihre\u00e4 \u2014 kohtuulliseen hintaan. Toimitukset kaikkialle Suomeen! \u261b Tutustu tuotteeseen ja tilaa k\u00e4tev\u00e4sti STORIT-verkkokaupasta!\" \/>\n<meta name=\"robots\" content=\"index, follow, max-snippet:-1, max-image-preview:large, max-video-preview:-1\" \/>\n<link rel=\"canonical\" href=\"https:\/\/storitgroup.com\/fi\/tuote\/hiekka-ja-suola-astia-150-l-vihrea\/\" \/>\n<meta property=\"og:locale\" content=\"fi_FI\" \/>\n<meta property=\"og:type\" content=\"article\" \/>\n<meta property=\"og:title\" content=\"Hiekka ja suola astia 150 l, vihre\u00e4 &#8226; Storit\" \/>\n<meta property=\"og:description\" content=\"Hiekka ja suola astia 150 l, vihre\u00e4 \u2014 kohtuulliseen hintaan. Toimitukset kaikkialle Suomeen! \u261b Tutustu tuotteeseen ja tilaa k\u00e4tev\u00e4sti STORIT-verkkokaupasta!\" \/>\n<meta property=\"og:url\" content=\"https:\/\/storitgroup.com\/fi\/tuote\/hiekka-ja-suola-astia-150-l-vihrea\/\" \/>\n<meta property=\"og:site_name\" content=\"Storit\" \/>\n<meta property=\"article:modified_time\" content=\"2026-04-08T18:30:13+00:00\" \/>\n<meta property=\"og:image\" content=\"https:\/\/storitgroup.com\/uploads\/2025\/01\/ic370262-r-1.jpg\" \/>\n\t<meta property=\"og:image:width\" content=\"400\" \/>\n\t<meta property=\"og:image:height\" content=\"402\" \/>\n\t<meta property=\"og:image:type\" content=\"image\/jpeg\" \/>\n<meta name=\"twitter:card\" content=\"summary_large_image\" \/>\n<script type=\"application\/ld+json\" class=\"yoast-schema-graph\">{\"@context\":\"https:\/\/schema.org\",\"@graph\":[{\"@type\":[\"WebPage\",\"ItemPage\"],\"@id\":\"https:\/\/storitgroup.com\/fi\/tuote\/hiekka-ja-suola-astia-150-l-vihrea\/\",\"url\":\"https:\/\/storitgroup.com\/fi\/tuote\/hiekka-ja-suola-astia-150-l-vihrea\/\",\"name\":\"Hiekka ja suola astia 150 l, vihre\u00e4 &#8226; Storit\",\"isPartOf\":{\"@id\":\"https:\/\/storitgroup.com\/fi\/#website\"},\"primaryImageOfPage\":{\"@id\":\"https:\/\/storitgroup.com\/fi\/tuote\/hiekka-ja-suola-astia-150-l-vihrea\/#primaryimage\"},\"image\":{\"@id\":\"https:\/\/storitgroup.com\/fi\/tuote\/hiekka-ja-suola-astia-150-l-vihrea\/#primaryimage\"},\"thumbnailUrl\":\"https:\/\/storitgroup.com\/uploads\/2025\/01\/ic370262-r-1.jpg\",\"datePublished\":\"2025-01-06T12:55:12+00:00\",\"dateModified\":\"2026-04-08T18:30:13+00:00\",\"description\":\"Hiekka ja suola astia 150 l, vihre\u00e4 \u2014 kohtuulliseen hintaan. Toimitukset kaikkialle Suomeen! \u261b Tutustu tuotteeseen ja tilaa k\u00e4tev\u00e4sti STORIT-verkkokaupasta!\",\"breadcrumb\":{\"@id\":\"https:\/\/storitgroup.com\/fi\/tuote\/hiekka-ja-suola-astia-150-l-vihrea\/#breadcrumb\"},\"inLanguage\":\"fi\",\"potentialAction\":[{\"@type\":\"ReadAction\",\"target\":[\"https:\/\/storitgroup.com\/fi\/tuote\/hiekka-ja-suola-astia-150-l-vihrea\/\"]}]},{\"@type\":\"ImageObject\",\"inLanguage\":\"fi\",\"@id\":\"https:\/\/storitgroup.com\/fi\/tuote\/hiekka-ja-suola-astia-150-l-vihrea\/#primaryimage\",\"url\":\"https:\/\/storitgroup.com\/uploads\/2025\/01\/ic370262-r-1.jpg\",\"contentUrl\":\"https:\/\/storitgroup.com\/uploads\/2025\/01\/ic370262-r-1.jpg\",\"width\":400,\"height\":402},{\"@type\":\"BreadcrumbList\",\"@id\":\"https:\/\/storitgroup.com\/fi\/tuote\/hiekka-ja-suola-astia-150-l-vihrea\/#breadcrumb\",\"itemListElement\":[{\"@type\":\"ListItem\",\"position\":1,\"name\":\"Kotisivu\",\"item\":\"https:\/\/storitgroup.com\/fi\/\"},{\"@type\":\"ListItem\",\"position\":2,\"name\":\"Tuotteet\",\"item\":\"https:\/\/storitgroup.com\/fi\/tuotteet\/\"},{\"@type\":\"ListItem\",\"position\":3,\"name\":\"Kontit, roskakorit\",\"item\":\"https:\/\/storitgroup.com\/fi\/kontit-roskakorit\/\"},{\"@type\":\"ListItem\",\"position\":4,\"name\":\"Hiekkas\u00e4ili\u00f6t, suolas\u00e4ili\u00f6t\",\"item\":\"https:\/\/storitgroup.com\/fi\/kontit-roskakorit\/hiekkasailiot-suolasailiot\/\"},{\"@type\":\"ListItem\",\"position\":5,\"name\":\"Hiekka ja suola astia 150 l, vihre\u00e4\"}]},{\"@type\":\"WebSite\",\"@id\":\"https:\/\/storitgroup.com\/fi\/#website\",\"url\":\"https:\/\/storitgroup.com\/fi\/\",\"name\":\"Storit\",\"description\":\"\",\"potentialAction\":[{\"@type\":\"SearchAction\",\"target\":{\"@type\":\"EntryPoint\",\"urlTemplate\":\"https:\/\/storitgroup.com\/fi\/?s={search_term_string}\"},\"query-input\":{\"@type\":\"PropertyValueSpecification\",\"valueRequired\":true,\"valueName\":\"search_term_string\"}}],\"inLanguage\":\"fi\"}]}<\/script>\n<!-- \/ Yoast SEO plugin. -->","yoast_head_json":{"title":"Hiekka ja suola astia 150 l, vihre\u00e4 &#8226; Storit","description":"Hiekka ja suola astia 150 l, vihre\u00e4 \u2014 kohtuulliseen hintaan. Toimitukset kaikkialle Suomeen! \u261b Tutustu tuotteeseen ja tilaa k\u00e4tev\u00e4sti STORIT-verkkokaupasta!","robots":{"index":"index","follow":"follow","max-snippet":"max-snippet:-1","max-image-preview":"max-image-preview:large","max-video-preview":"max-video-preview:-1"},"canonical":"https:\/\/storitgroup.com\/fi\/tuote\/hiekka-ja-suola-astia-150-l-vihrea\/","og_locale":"fi_FI","og_type":"article","og_title":"Hiekka ja suola astia 150 l, vihre\u00e4 &#8226; Storit","og_description":"Hiekka ja suola astia 150 l, vihre\u00e4 \u2014 kohtuulliseen hintaan. Toimitukset kaikkialle Suomeen! \u261b Tutustu tuotteeseen ja tilaa k\u00e4tev\u00e4sti STORIT-verkkokaupasta!","og_url":"https:\/\/storitgroup.com\/fi\/tuote\/hiekka-ja-suola-astia-150-l-vihrea\/","og_site_name":"Storit","article_modified_time":"2026-04-08T18:30:13+00:00","og_image":[{"width":400,"height":402,"url":"https:\/\/storitgroup.com\/uploads\/2025\/01\/ic370262-r-1.jpg","type":"image\/jpeg"}],"twitter_card":"summary_large_image","schema":{"@context":"https:\/\/schema.org","@graph":[{"@type":["WebPage","ItemPage"],"@id":"https:\/\/storitgroup.com\/fi\/tuote\/hiekka-ja-suola-astia-150-l-vihrea\/","url":"https:\/\/storitgroup.com\/fi\/tuote\/hiekka-ja-suola-astia-150-l-vihrea\/","name":"Hiekka ja suola astia 150 l, vihre\u00e4 &#8226; Storit","isPartOf":{"@id":"https:\/\/storitgroup.com\/fi\/#website"},"primaryImageOfPage":{"@id":"https:\/\/storitgroup.com\/fi\/tuote\/hiekka-ja-suola-astia-150-l-vihrea\/#primaryimage"},"image":{"@id":"https:\/\/storitgroup.com\/fi\/tuote\/hiekka-ja-suola-astia-150-l-vihrea\/#primaryimage"},"thumbnailUrl":"https:\/\/storitgroup.com\/uploads\/2025\/01\/ic370262-r-1.jpg","datePublished":"2025-01-06T12:55:12+00:00","dateModified":"2026-04-08T18:30:13+00:00","description":"Hiekka ja suola astia 150 l, vihre\u00e4 \u2014 kohtuulliseen hintaan. Toimitukset kaikkialle Suomeen! \u261b Tutustu tuotteeseen ja tilaa k\u00e4tev\u00e4sti STORIT-verkkokaupasta!","breadcrumb":{"@id":"https:\/\/storitgroup.com\/fi\/tuote\/hiekka-ja-suola-astia-150-l-vihrea\/#breadcrumb"},"inLanguage":"fi","potentialAction":[{"@type":"ReadAction","target":["https:\/\/storitgroup.com\/fi\/tuote\/hiekka-ja-suola-astia-150-l-vihrea\/"]}]},{"@type":"ImageObject","inLanguage":"fi","@id":"https:\/\/storitgroup.com\/fi\/tuote\/hiekka-ja-suola-astia-150-l-vihrea\/#primaryimage","url":"https:\/\/storitgroup.com\/uploads\/2025\/01\/ic370262-r-1.jpg","contentUrl":"https:\/\/storitgroup.com\/uploads\/2025\/01\/ic370262-r-1.jpg","width":400,"height":402},{"@type":"BreadcrumbList","@id":"https:\/\/storitgroup.com\/fi\/tuote\/hiekka-ja-suola-astia-150-l-vihrea\/#breadcrumb","itemListElement":[{"@type":"ListItem","position":1,"name":"Kotisivu","item":"https:\/\/storitgroup.com\/fi\/"},{"@type":"ListItem","position":2,"name":"Tuotteet","item":"https:\/\/storitgroup.com\/fi\/tuotteet\/"},{"@type":"ListItem","position":3,"name":"Kontit, roskakorit","item":"https:\/\/storitgroup.com\/fi\/kontit-roskakorit\/"},{"@type":"ListItem","position":4,"name":"Hiekkas\u00e4ili\u00f6t, suolas\u00e4ili\u00f6t","item":"https:\/\/storitgroup.com\/fi\/kontit-roskakorit\/hiekkasailiot-suolasailiot\/"},{"@type":"ListItem","position":5,"name":"Hiekka ja suola astia 150 l, vihre\u00e4"}]},{"@type":"WebSite","@id":"https:\/\/storitgroup.com\/fi\/#website","url":"https:\/\/storitgroup.com\/fi\/","name":"Storit","description":"","potentialAction":[{"@type":"SearchAction","target":{"@type":"EntryPoint","urlTemplate":"https:\/\/storitgroup.com\/fi\/?s={search_term_string}"},"query-input":{"@type":"PropertyValueSpecification","valueRequired":true,"valueName":"search_term_string"}}],"inLanguage":"fi"}]}},"_links":{"self":[{"href":"https:\/\/storitgroup.com\/fi\/wp-json\/wp\/v2\/product\/221193","targetHints":{"allow":["GET"]}}],"collection":[{"href":"https:\/\/storitgroup.com\/fi\/wp-json\/wp\/v2\/product"}],"about":[{"href":"https:\/\/storitgroup.com\/fi\/wp-json\/wp\/v2\/types\/product"}],"wp:featuredmedia":[{"embeddable":true,"href":"https:\/\/storitgroup.com\/fi\/wp-json\/wp\/v2\/media\/221262"}],"wp:attachment":[{"href":"https:\/\/storitgroup.com\/fi\/wp-json\/wp\/v2\/media?parent=221193"}],"wp:term":[{"taxonomy":"product_brand","embeddable":true,"href":"https:\/\/storitgroup.com\/fi\/wp-json\/wp\/v2\/product_brand?post=221193"},{"taxonomy":"product_cat","embeddable":true,"href":"https:\/\/storitgroup.com\/fi\/wp-json\/wp\/v2\/product_cat?post=221193"},{"taxonomy":"product_tag","embeddable":true,"href":"https:\/\/storitgroup.com\/fi\/wp-json\/wp\/v2\/product_tag?post=221193"}],"curies":[{"name":"wp","href":"https:\/\/api.w.org\/{rel}","templated":true}]}}