{"id":221135,"date":"2025-01-03T16:10:20","date_gmt":"2025-01-03T14:40:20","guid":{"rendered":"https:\/\/storitgroup.com\/?post_type=product&#038;p=221135"},"modified":"2025-03-31T01:05:05","modified_gmt":"2025-03-30T22:05:05","slug":"tyopoyta-1500x835-mm-lisavarusteilla","status":"publish","type":"product","link":"https:\/\/storitgroup.com\/fi\/tuote\/tyopoyta-1500x835-mm-lisavarusteilla\/","title":{"rendered":"Ty\u00f6p\u00f6yt\u00e4 1500&#215;835 mm lis\u00e4varusteilla"},"content":{"rendered":"<p>TP-sarjan s\u00e4\u00e4t\u00f6putkirunko1660x750x1900 mm on korkeuss\u00e4\u00e4dett\u00e4v\u00e4 kuusiokoloavaimella, korkeuden s\u00e4\u00e4t\u00f6alue on 270\u20131915 mm, ja sen kantavuus on jopa 750 kg.<br \/>Jauhemaalatusta ter\u00e4ksest\u00e4 valmistetussa 1565&#215;830 mm p\u00f6yd\u00e4n rungossa on 25 mm paksu p\u00f6yt\u00e4levy, jossa on muovireunat.<\/p>\n<p>Jauhemaalattu ter\u00e4shylly 1500&#215;300 mm.<\/p>\n<p>Nivelvarrella varustettu kohdevalaisin, 36 W.<\/p>\n<p>1500 mm laatikkokisko, lis\u00e4laatikoita saatavilla erikseen.<\/p>\n<p>A4-dokumenttipidike.<\/p>\n<p>Kuppiteline.<\/p>\n<p>Kaapelikanava, jossa harjavarustus.<\/p>\n","protected":false},"excerpt":{"rendered":"<p>TP-sarjan s\u00e4\u00e4t\u00f6putkirunko1660x750x1900 mm on korkeuss\u00e4\u00e4dett\u00e4v\u00e4 kuusiokoloavaimella, korkeuden s\u00e4\u00e4t\u00f6alue on 270\u20131915 mm, ja sen kantavuus on jopa 750 kg.<br \/>\nJauhemaalatusta ter\u00e4ksest\u00e4 valmistetussa 1565&#215;830 mm p\u00f6yd\u00e4n rungossa on 25 mm paksu p\u00f6yt\u00e4levy, jossa on muovireunat.<\/p>\n","protected":false},"featured_media":221139,"template":"","meta":{"_acf_changed":false},"product_brand":[],"product_cat":[7109],"product_tag":[],"class_list":{"0":"post-221135","1":"product","2":"type-product","3":"status-publish","4":"has-post-thumbnail","6":"product_cat-loytonurkkaus","8":"first","9":"instock","10":"taxable","11":"shipping-taxable","12":"purchasable","13":"product-type-simple"},"acf":[],"yoast_head":"<!-- This site is optimized with the Yoast SEO plugin v27.3 - https:\/\/yoast.com\/product\/yoast-seo-wordpress\/ -->\n<title>Ty\u00f6p\u00f6yt\u00e4 1500x835 mm lis\u00e4varusteilla &#8226; Storit<\/title>\n<meta name=\"description\" content=\"Ty\u00f6p\u00f6yt\u00e4 1500x835 mm lis\u00e4varusteilla \u2014 kohtuulliseen hintaan. Toimitukset kaikkialle Suomeen! \u261b Tutustu tuotteeseen ja tilaa k\u00e4tev\u00e4sti STORIT-verkkokaupasta!\" \/>\n<meta name=\"robots\" content=\"index, follow, max-snippet:-1, max-image-preview:large, max-video-preview:-1\" \/>\n<link rel=\"canonical\" href=\"https:\/\/storitgroup.com\/fi\/tuote\/tyopoyta-1500x835-mm-lisavarusteilla\/\" \/>\n<meta property=\"og:locale\" content=\"fi_FI\" \/>\n<meta property=\"og:type\" content=\"article\" \/>\n<meta property=\"og:title\" content=\"Ty\u00f6p\u00f6yt\u00e4 1500x835 mm lis\u00e4varusteilla &#8226; Storit\" \/>\n<meta property=\"og:description\" content=\"Ty\u00f6p\u00f6yt\u00e4 1500x835 mm lis\u00e4varusteilla \u2014 kohtuulliseen hintaan. Toimitukset kaikkialle Suomeen! \u261b Tutustu tuotteeseen ja tilaa k\u00e4tev\u00e4sti STORIT-verkkokaupasta!\" \/>\n<meta property=\"og:url\" content=\"https:\/\/storitgroup.com\/fi\/tuote\/tyopoyta-1500x835-mm-lisavarusteilla\/\" \/>\n<meta property=\"og:site_name\" content=\"Storit\" \/>\n<meta property=\"article:modified_time\" content=\"2025-03-30T22:05:05+00:00\" \/>\n<meta property=\"og:image\" content=\"https:\/\/storitgroup.com\/uploads\/2025\/01\/laud4-14-scaled.jpg\" \/>\n\t<meta property=\"og:image:width\" content=\"1441\" \/>\n\t<meta property=\"og:image:height\" content=\"2560\" \/>\n\t<meta property=\"og:image:type\" content=\"image\/jpeg\" \/>\n<meta name=\"twitter:card\" content=\"summary_large_image\" \/>\n<script type=\"application\/ld+json\" class=\"yoast-schema-graph\">{\"@context\":\"https:\\\/\\\/schema.org\",\"@graph\":[{\"@type\":[\"WebPage\",\"ItemPage\"],\"@id\":\"https:\\\/\\\/storitgroup.com\\\/fi\\\/tuote\\\/tyopoyta-1500x835-mm-lisavarusteilla\\\/\",\"url\":\"https:\\\/\\\/storitgroup.com\\\/fi\\\/tuote\\\/tyopoyta-1500x835-mm-lisavarusteilla\\\/\",\"name\":\"Ty\u00f6p\u00f6yt\u00e4 1500x835 mm lis\u00e4varusteilla &#8226; Storit\",\"isPartOf\":{\"@id\":\"https:\\\/\\\/storitgroup.com\\\/fi\\\/#website\"},\"primaryImageOfPage\":{\"@id\":\"https:\\\/\\\/storitgroup.com\\\/fi\\\/tuote\\\/tyopoyta-1500x835-mm-lisavarusteilla\\\/#primaryimage\"},\"image\":{\"@id\":\"https:\\\/\\\/storitgroup.com\\\/fi\\\/tuote\\\/tyopoyta-1500x835-mm-lisavarusteilla\\\/#primaryimage\"},\"thumbnailUrl\":\"https:\\\/\\\/storitgroup.com\\\/uploads\\\/2025\\\/01\\\/laud4-14-scaled.jpg\",\"datePublished\":\"2025-01-03T14:40:20+00:00\",\"dateModified\":\"2025-03-30T22:05:05+00:00\",\"description\":\"Ty\u00f6p\u00f6yt\u00e4 1500x835 mm lis\u00e4varusteilla \u2014 kohtuulliseen hintaan. Toimitukset kaikkialle Suomeen! \u261b Tutustu tuotteeseen ja tilaa k\u00e4tev\u00e4sti STORIT-verkkokaupasta!\",\"breadcrumb\":{\"@id\":\"https:\\\/\\\/storitgroup.com\\\/fi\\\/tuote\\\/tyopoyta-1500x835-mm-lisavarusteilla\\\/#breadcrumb\"},\"inLanguage\":\"fi\",\"potentialAction\":[{\"@type\":\"ReadAction\",\"target\":[\"https:\\\/\\\/storitgroup.com\\\/fi\\\/tuote\\\/tyopoyta-1500x835-mm-lisavarusteilla\\\/\"]}]},{\"@type\":\"ImageObject\",\"inLanguage\":\"fi\",\"@id\":\"https:\\\/\\\/storitgroup.com\\\/fi\\\/tuote\\\/tyopoyta-1500x835-mm-lisavarusteilla\\\/#primaryimage\",\"url\":\"https:\\\/\\\/storitgroup.com\\\/uploads\\\/2025\\\/01\\\/laud4-14-scaled.jpg\",\"contentUrl\":\"https:\\\/\\\/storitgroup.com\\\/uploads\\\/2025\\\/01\\\/laud4-14-scaled.jpg\",\"width\":1441,\"height\":2560},{\"@type\":\"BreadcrumbList\",\"@id\":\"https:\\\/\\\/storitgroup.com\\\/fi\\\/tuote\\\/tyopoyta-1500x835-mm-lisavarusteilla\\\/#breadcrumb\",\"itemListElement\":[{\"@type\":\"ListItem\",\"position\":1,\"name\":\"Kotisivu\",\"item\":\"https:\\\/\\\/storitgroup.com\\\/fi\\\/\"},{\"@type\":\"ListItem\",\"position\":2,\"name\":\"Tuotteet\",\"item\":\"https:\\\/\\\/storitgroup.com\\\/fi\\\/tuotteet\\\/\"},{\"@type\":\"ListItem\",\"position\":3,\"name\":\"L\u00f6yt\u00f6nurkkaus\",\"item\":\"https:\\\/\\\/storitgroup.com\\\/fi\\\/loytonurkkaus\\\/\"},{\"@type\":\"ListItem\",\"position\":4,\"name\":\"Ty\u00f6p\u00f6yt\u00e4 1500&#215;835 mm lis\u00e4varusteilla\"}]},{\"@type\":\"WebSite\",\"@id\":\"https:\\\/\\\/storitgroup.com\\\/fi\\\/#website\",\"url\":\"https:\\\/\\\/storitgroup.com\\\/fi\\\/\",\"name\":\"Storit\",\"description\":\"\",\"potentialAction\":[{\"@type\":\"SearchAction\",\"target\":{\"@type\":\"EntryPoint\",\"urlTemplate\":\"https:\\\/\\\/storitgroup.com\\\/fi\\\/?s={search_term_string}\"},\"query-input\":{\"@type\":\"PropertyValueSpecification\",\"valueRequired\":true,\"valueName\":\"search_term_string\"}}],\"inLanguage\":\"fi\"}]}<\/script>\n<!-- \/ Yoast SEO plugin. -->","yoast_head_json":{"title":"Ty\u00f6p\u00f6yt\u00e4 1500x835 mm lis\u00e4varusteilla &#8226; Storit","description":"Ty\u00f6p\u00f6yt\u00e4 1500x835 mm lis\u00e4varusteilla \u2014 kohtuulliseen hintaan. Toimitukset kaikkialle Suomeen! \u261b Tutustu tuotteeseen ja tilaa k\u00e4tev\u00e4sti STORIT-verkkokaupasta!","robots":{"index":"index","follow":"follow","max-snippet":"max-snippet:-1","max-image-preview":"max-image-preview:large","max-video-preview":"max-video-preview:-1"},"canonical":"https:\/\/storitgroup.com\/fi\/tuote\/tyopoyta-1500x835-mm-lisavarusteilla\/","og_locale":"fi_FI","og_type":"article","og_title":"Ty\u00f6p\u00f6yt\u00e4 1500x835 mm lis\u00e4varusteilla &#8226; Storit","og_description":"Ty\u00f6p\u00f6yt\u00e4 1500x835 mm lis\u00e4varusteilla \u2014 kohtuulliseen hintaan. Toimitukset kaikkialle Suomeen! \u261b Tutustu tuotteeseen ja tilaa k\u00e4tev\u00e4sti STORIT-verkkokaupasta!","og_url":"https:\/\/storitgroup.com\/fi\/tuote\/tyopoyta-1500x835-mm-lisavarusteilla\/","og_site_name":"Storit","article_modified_time":"2025-03-30T22:05:05+00:00","og_image":[{"width":1441,"height":2560,"url":"https:\/\/storitgroup.com\/uploads\/2025\/01\/laud4-14-scaled.jpg","type":"image\/jpeg"}],"twitter_card":"summary_large_image","schema":{"@context":"https:\/\/schema.org","@graph":[{"@type":["WebPage","ItemPage"],"@id":"https:\/\/storitgroup.com\/fi\/tuote\/tyopoyta-1500x835-mm-lisavarusteilla\/","url":"https:\/\/storitgroup.com\/fi\/tuote\/tyopoyta-1500x835-mm-lisavarusteilla\/","name":"Ty\u00f6p\u00f6yt\u00e4 1500x835 mm lis\u00e4varusteilla &#8226; Storit","isPartOf":{"@id":"https:\/\/storitgroup.com\/fi\/#website"},"primaryImageOfPage":{"@id":"https:\/\/storitgroup.com\/fi\/tuote\/tyopoyta-1500x835-mm-lisavarusteilla\/#primaryimage"},"image":{"@id":"https:\/\/storitgroup.com\/fi\/tuote\/tyopoyta-1500x835-mm-lisavarusteilla\/#primaryimage"},"thumbnailUrl":"https:\/\/storitgroup.com\/uploads\/2025\/01\/laud4-14-scaled.jpg","datePublished":"2025-01-03T14:40:20+00:00","dateModified":"2025-03-30T22:05:05+00:00","description":"Ty\u00f6p\u00f6yt\u00e4 1500x835 mm lis\u00e4varusteilla \u2014 kohtuulliseen hintaan. Toimitukset kaikkialle Suomeen! \u261b Tutustu tuotteeseen ja tilaa k\u00e4tev\u00e4sti STORIT-verkkokaupasta!","breadcrumb":{"@id":"https:\/\/storitgroup.com\/fi\/tuote\/tyopoyta-1500x835-mm-lisavarusteilla\/#breadcrumb"},"inLanguage":"fi","potentialAction":[{"@type":"ReadAction","target":["https:\/\/storitgroup.com\/fi\/tuote\/tyopoyta-1500x835-mm-lisavarusteilla\/"]}]},{"@type":"ImageObject","inLanguage":"fi","@id":"https:\/\/storitgroup.com\/fi\/tuote\/tyopoyta-1500x835-mm-lisavarusteilla\/#primaryimage","url":"https:\/\/storitgroup.com\/uploads\/2025\/01\/laud4-14-scaled.jpg","contentUrl":"https:\/\/storitgroup.com\/uploads\/2025\/01\/laud4-14-scaled.jpg","width":1441,"height":2560},{"@type":"BreadcrumbList","@id":"https:\/\/storitgroup.com\/fi\/tuote\/tyopoyta-1500x835-mm-lisavarusteilla\/#breadcrumb","itemListElement":[{"@type":"ListItem","position":1,"name":"Kotisivu","item":"https:\/\/storitgroup.com\/fi\/"},{"@type":"ListItem","position":2,"name":"Tuotteet","item":"https:\/\/storitgroup.com\/fi\/tuotteet\/"},{"@type":"ListItem","position":3,"name":"L\u00f6yt\u00f6nurkkaus","item":"https:\/\/storitgroup.com\/fi\/loytonurkkaus\/"},{"@type":"ListItem","position":4,"name":"Ty\u00f6p\u00f6yt\u00e4 1500&#215;835 mm lis\u00e4varusteilla"}]},{"@type":"WebSite","@id":"https:\/\/storitgroup.com\/fi\/#website","url":"https:\/\/storitgroup.com\/fi\/","name":"Storit","description":"","potentialAction":[{"@type":"SearchAction","target":{"@type":"EntryPoint","urlTemplate":"https:\/\/storitgroup.com\/fi\/?s={search_term_string}"},"query-input":{"@type":"PropertyValueSpecification","valueRequired":true,"valueName":"search_term_string"}}],"inLanguage":"fi"}]}},"_links":{"self":[{"href":"https:\/\/storitgroup.com\/fi\/wp-json\/wp\/v2\/product\/221135","targetHints":{"allow":["GET"]}}],"collection":[{"href":"https:\/\/storitgroup.com\/fi\/wp-json\/wp\/v2\/product"}],"about":[{"href":"https:\/\/storitgroup.com\/fi\/wp-json\/wp\/v2\/types\/product"}],"wp:featuredmedia":[{"embeddable":true,"href":"https:\/\/storitgroup.com\/fi\/wp-json\/wp\/v2\/media\/221139"}],"wp:attachment":[{"href":"https:\/\/storitgroup.com\/fi\/wp-json\/wp\/v2\/media?parent=221135"}],"wp:term":[{"taxonomy":"product_brand","embeddable":true,"href":"https:\/\/storitgroup.com\/fi\/wp-json\/wp\/v2\/product_brand?post=221135"},{"taxonomy":"product_cat","embeddable":true,"href":"https:\/\/storitgroup.com\/fi\/wp-json\/wp\/v2\/product_cat?post=221135"},{"taxonomy":"product_tag","embeddable":true,"href":"https:\/\/storitgroup.com\/fi\/wp-json\/wp\/v2\/product_tag?post=221135"}],"curies":[{"name":"wp","href":"https:\/\/api.w.org\/{rel}","templated":true}]}}