{"id":221100,"date":"2025-01-03T13:40:03","date_gmt":"2025-01-03T11:55:03","guid":{"rendered":"https:\/\/storitgroup.com\/?post_type=product&#038;p=221100"},"modified":"2025-01-04T02:10:04","modified_gmt":"2025-01-04T00:10:04","slug":"lisavarustepylvas-200x200x1900-mm-perforointi-10-38","status":"publish","type":"product","link":"https:\/\/storitgroup.com\/fi\/tuote\/lisavarustepylvas-200x200x1900-mm-perforointi-10-38\/","title":{"rendered":"Lis\u00e4varustepylv\u00e4s 200x200x1900 mm, perforointi 10\/38"},"content":{"rendered":"<p>Metallipylv\u00e4s, joka on suunniteltu ty\u00f6kalujen ja v\u00e4lineiden s\u00e4ilytt\u00e4miseen, on valmistettu 2 mm paksusta ter\u00e4slevyst\u00e4 ja jauhemaalattu. 1,9 metrin korkuisessa pylv\u00e4\u00e4ss\u00e4 on 200 mm leve\u00e4t sivut, joista kaksi on rei\u2019itetty ja kaksi sile\u00e4\u00e4. 8\u201310 mm ter\u00e4sjalusta varmistaa tukevuuden my\u00f6s intensiivisess\u00e4 k\u00e4yt\u00f6ss\u00e4, ja viel\u00e4 paremman vakauden saavuttamiseksi pylv\u00e4\u00e4n voi kiinnitt\u00e4\u00e4 lattiaan. <br \/>10 mm rei\u2019itys, jonka jako on 38 mm, mahdollistaa erilaisten koukkujen ja pidikkeiden kiinnitt\u00e4misen ty\u00f6kalujen ja tarvikkeiden j\u00e4rjestelm\u00e4llist\u00e4 s\u00e4ilytyst\u00e4 varten. Sileille sivuille voi tarpeen mukaan porata suurempia tai pienempi\u00e4 reiki\u00e4 tai k\u00e4ytt\u00e4\u00e4 magneetteja. <br \/>Lis\u00e4varustepylv\u00e4s sopii k\u00e4ytett\u00e4v\u00e4ksi ty\u00f6pajoissa vasaroiden, harjojen, ruuvimeisselien jne. s\u00e4ilytykseen, kotona puutarhaty\u00f6kalujen, mopin ja harjan ripustamiseen sek\u00e4 kaupallisissa tiloissa myynti- ja s\u00e4ilytyselementtein\u00e4. <\/p>\n<p>Ihanteellinen ratkaisu ty\u00f6kalujen, harjojen ja muiden tarvikkeiden j\u00e4rjestelm\u00e4lliseen s\u00e4ilytykseen, joka maksimoi s\u00e4ilytysmahdollisuudet minimaalisella tilantarpeella.<\/p>\n","protected":false},"excerpt":{"rendered":"<p>Metallipylv\u00e4s, joka on suunniteltu ty\u00f6kalujen ja v\u00e4lineiden s\u00e4ilytt\u00e4miseen, on valmistettu 2 mm paksusta ter\u00e4slevyst\u00e4 ja jauhemaalattu. 1,9 metrin korkuisessa pylv\u00e4\u00e4ss\u00e4 on 200 mm leve\u00e4t sivut, joista kaksi on rei\u2019itetty ja kaksi sile\u00e4\u00e4. 8\u201310 mm ter\u00e4sjalusta varmistaa tukevuuden my\u00f6s intensiivisess\u00e4 k\u00e4yt\u00f6ss\u00e4, ja viel\u00e4 paremman vakauden saavuttamiseksi pylv\u00e4\u00e4n voi kiinnitt\u00e4\u00e4 lattiaan.<br \/>\n10 mm rei\u2019itys, jonka jako on 38 mm, mahdollistaa erilaisten koukkujen ja pidikkeiden kiinnitt\u00e4misen ty\u00f6kalujen ja tarvikkeiden j\u00e4rjestelm\u00e4llist\u00e4 s\u00e4ilytyst\u00e4 varten. Sileille sivuille voi tarpeen mukaan porata suurempia tai pienempi\u00e4 reiki\u00e4 tai k\u00e4ytt\u00e4\u00e4 magneetteja.<br \/>\nLis\u00e4varustepylv\u00e4s sopii k\u00e4ytett\u00e4v\u00e4ksi ty\u00f6pajoissa vasaroiden, harjojen, ruuvimeisselien jne. s\u00e4ilytykseen, kotona puutarhaty\u00f6kalujen, mopin ja harjan ripustamiseen sek\u00e4 kaupallisissa tiloissa myynti- ja s\u00e4ilytyselementtein\u00e4. <\/p>\n","protected":false},"featured_media":221129,"template":"","meta":{"_acf_changed":false},"product_brand":[],"product_cat":[7068],"product_tag":[],"class_list":{"0":"post-221100","1":"product","2":"type-product","3":"status-publish","4":"has-post-thumbnail","6":"product_room-tyopaja-ja-autotalli","7":"product_room-kaupankaynti-ja-myymalat","8":"product_room-pieni-varasto","9":"product_room-teollisuus-ja-tuotanto-ergonomiset-tyopaikat-tyokaluvarasto","10":"product_room-kotiratkaisut","11":"product_cat-varasto-tyopaja-autotalli-ja-vastaavat-tarvikkeet","13":"first","14":"instock","15":"taxable","16":"shipping-taxable","17":"purchasable","18":"product-type-simple"},"acf":[],"yoast_head":"<!-- This site is optimized with the Yoast SEO plugin v27.3 - https:\/\/yoast.com\/product\/yoast-seo-wordpress\/ -->\n<title>Lis\u00e4varustepylv\u00e4s 200x200x1900 mm, perforointi 10\/38 &#8226; Storit<\/title>\n<meta name=\"description\" content=\"Lis\u00e4varustepylv\u00e4s 200x200x1900 mm, perforointi 10\/38 \u2014 kohtuulliseen hintaan. Toimitukset kaikkialle Suomeen! \u261b Tutustu tuotteeseen ja tilaa k\u00e4tev\u00e4sti STORIT-verkkokaupasta!\" \/>\n<meta name=\"robots\" content=\"index, follow, max-snippet:-1, max-image-preview:large, max-video-preview:-1\" \/>\n<link rel=\"canonical\" href=\"https:\/\/storitgroup.com\/fi\/tuote\/lisavarustepylvas-200x200x1900-mm-perforointi-10-38\/\" \/>\n<meta property=\"og:locale\" content=\"fi_FI\" \/>\n<meta property=\"og:type\" content=\"article\" \/>\n<meta property=\"og:title\" content=\"Lis\u00e4varustepylv\u00e4s 200x200x1900 mm, perforointi 10\/38 &#8226; Storit\" \/>\n<meta property=\"og:description\" content=\"Lis\u00e4varustepylv\u00e4s 200x200x1900 mm, perforointi 10\/38 \u2014 kohtuulliseen hintaan. Toimitukset kaikkialle Suomeen! \u261b Tutustu tuotteeseen ja tilaa k\u00e4tev\u00e4sti STORIT-verkkokaupasta!\" \/>\n<meta property=\"og:url\" content=\"https:\/\/storitgroup.com\/fi\/tuote\/lisavarustepylvas-200x200x1900-mm-perforointi-10-38\/\" \/>\n<meta property=\"og:site_name\" content=\"Storit\" \/>\n<meta property=\"article:modified_time\" content=\"2025-01-04T00:10:04+00:00\" \/>\n<meta property=\"og:image\" content=\"https:\/\/storitgroup.com\/uploads\/2025\/01\/oiu2.jpg\" \/>\n\t<meta property=\"og:image:width\" content=\"330\" \/>\n\t<meta property=\"og:image:height\" content=\"632\" \/>\n\t<meta property=\"og:image:type\" content=\"image\/jpeg\" \/>\n<meta name=\"twitter:card\" content=\"summary_large_image\" \/>\n<meta name=\"twitter:label1\" content=\"Arvioitu lukuaika\" \/>\n\t<meta name=\"twitter:data1\" content=\"1 minuutti\" \/>\n<script type=\"application\/ld+json\" class=\"yoast-schema-graph\">{\"@context\":\"https:\\\/\\\/schema.org\",\"@graph\":[{\"@type\":[\"WebPage\",\"ItemPage\"],\"@id\":\"https:\\\/\\\/storitgroup.com\\\/fi\\\/tuote\\\/lisavarustepylvas-200x200x1900-mm-perforointi-10-38\\\/\",\"url\":\"https:\\\/\\\/storitgroup.com\\\/fi\\\/tuote\\\/lisavarustepylvas-200x200x1900-mm-perforointi-10-38\\\/\",\"name\":\"Lis\u00e4varustepylv\u00e4s 200x200x1900 mm, perforointi 10\\\/38 &#8226; Storit\",\"isPartOf\":{\"@id\":\"https:\\\/\\\/storitgroup.com\\\/fi\\\/#website\"},\"primaryImageOfPage\":{\"@id\":\"https:\\\/\\\/storitgroup.com\\\/fi\\\/tuote\\\/lisavarustepylvas-200x200x1900-mm-perforointi-10-38\\\/#primaryimage\"},\"image\":{\"@id\":\"https:\\\/\\\/storitgroup.com\\\/fi\\\/tuote\\\/lisavarustepylvas-200x200x1900-mm-perforointi-10-38\\\/#primaryimage\"},\"thumbnailUrl\":\"https:\\\/\\\/storitgroup.com\\\/uploads\\\/2025\\\/01\\\/oiu2.jpg\",\"datePublished\":\"2025-01-03T11:55:03+00:00\",\"dateModified\":\"2025-01-04T00:10:04+00:00\",\"description\":\"Lis\u00e4varustepylv\u00e4s 200x200x1900 mm, perforointi 10\\\/38 \u2014 kohtuulliseen hintaan. Toimitukset kaikkialle Suomeen! \u261b Tutustu tuotteeseen ja tilaa k\u00e4tev\u00e4sti STORIT-verkkokaupasta!\",\"breadcrumb\":{\"@id\":\"https:\\\/\\\/storitgroup.com\\\/fi\\\/tuote\\\/lisavarustepylvas-200x200x1900-mm-perforointi-10-38\\\/#breadcrumb\"},\"inLanguage\":\"fi\",\"potentialAction\":[{\"@type\":\"ReadAction\",\"target\":[\"https:\\\/\\\/storitgroup.com\\\/fi\\\/tuote\\\/lisavarustepylvas-200x200x1900-mm-perforointi-10-38\\\/\"]}]},{\"@type\":\"ImageObject\",\"inLanguage\":\"fi\",\"@id\":\"https:\\\/\\\/storitgroup.com\\\/fi\\\/tuote\\\/lisavarustepylvas-200x200x1900-mm-perforointi-10-38\\\/#primaryimage\",\"url\":\"https:\\\/\\\/storitgroup.com\\\/uploads\\\/2025\\\/01\\\/oiu2.jpg\",\"contentUrl\":\"https:\\\/\\\/storitgroup.com\\\/uploads\\\/2025\\\/01\\\/oiu2.jpg\",\"width\":330,\"height\":632},{\"@type\":\"BreadcrumbList\",\"@id\":\"https:\\\/\\\/storitgroup.com\\\/fi\\\/tuote\\\/lisavarustepylvas-200x200x1900-mm-perforointi-10-38\\\/#breadcrumb\",\"itemListElement\":[{\"@type\":\"ListItem\",\"position\":1,\"name\":\"Kotisivu\",\"item\":\"https:\\\/\\\/storitgroup.com\\\/fi\\\/\"},{\"@type\":\"ListItem\",\"position\":2,\"name\":\"Tuotteet\",\"item\":\"https:\\\/\\\/storitgroup.com\\\/fi\\\/tuotteet\\\/\"},{\"@type\":\"ListItem\",\"position\":3,\"name\":\"P\u00f6yd\u00e4t, tuolit, ty\u00f6kaluvarasto\",\"item\":\"https:\\\/\\\/storitgroup.com\\\/fi\\\/poydat-tuolit-tyokaluvarasto\\\/\"},{\"@type\":\"ListItem\",\"position\":4,\"name\":\"Varasto-, ty\u00f6paja-, autotalli- ja vastaavat tarvikkeet\",\"item\":\"https:\\\/\\\/storitgroup.com\\\/fi\\\/poydat-tuolit-tyokaluvarasto\\\/varasto-tyopaja-autotalli-ja-vastaavat-tarvikkeet\\\/\"},{\"@type\":\"ListItem\",\"position\":5,\"name\":\"Lis\u00e4varustepylv\u00e4s 200x200x1900 mm, perforointi 10\\\/38\"}]},{\"@type\":\"WebSite\",\"@id\":\"https:\\\/\\\/storitgroup.com\\\/fi\\\/#website\",\"url\":\"https:\\\/\\\/storitgroup.com\\\/fi\\\/\",\"name\":\"Storit\",\"description\":\"\",\"potentialAction\":[{\"@type\":\"SearchAction\",\"target\":{\"@type\":\"EntryPoint\",\"urlTemplate\":\"https:\\\/\\\/storitgroup.com\\\/fi\\\/?s={search_term_string}\"},\"query-input\":{\"@type\":\"PropertyValueSpecification\",\"valueRequired\":true,\"valueName\":\"search_term_string\"}}],\"inLanguage\":\"fi\"}]}<\/script>\n<!-- \/ Yoast SEO plugin. -->","yoast_head_json":{"title":"Lis\u00e4varustepylv\u00e4s 200x200x1900 mm, perforointi 10\/38 &#8226; Storit","description":"Lis\u00e4varustepylv\u00e4s 200x200x1900 mm, perforointi 10\/38 \u2014 kohtuulliseen hintaan. Toimitukset kaikkialle Suomeen! \u261b Tutustu tuotteeseen ja tilaa k\u00e4tev\u00e4sti STORIT-verkkokaupasta!","robots":{"index":"index","follow":"follow","max-snippet":"max-snippet:-1","max-image-preview":"max-image-preview:large","max-video-preview":"max-video-preview:-1"},"canonical":"https:\/\/storitgroup.com\/fi\/tuote\/lisavarustepylvas-200x200x1900-mm-perforointi-10-38\/","og_locale":"fi_FI","og_type":"article","og_title":"Lis\u00e4varustepylv\u00e4s 200x200x1900 mm, perforointi 10\/38 &#8226; Storit","og_description":"Lis\u00e4varustepylv\u00e4s 200x200x1900 mm, perforointi 10\/38 \u2014 kohtuulliseen hintaan. Toimitukset kaikkialle Suomeen! \u261b Tutustu tuotteeseen ja tilaa k\u00e4tev\u00e4sti STORIT-verkkokaupasta!","og_url":"https:\/\/storitgroup.com\/fi\/tuote\/lisavarustepylvas-200x200x1900-mm-perforointi-10-38\/","og_site_name":"Storit","article_modified_time":"2025-01-04T00:10:04+00:00","og_image":[{"width":330,"height":632,"url":"https:\/\/storitgroup.com\/uploads\/2025\/01\/oiu2.jpg","type":"image\/jpeg"}],"twitter_card":"summary_large_image","twitter_misc":{"Arvioitu lukuaika":"1 minuutti"},"schema":{"@context":"https:\/\/schema.org","@graph":[{"@type":["WebPage","ItemPage"],"@id":"https:\/\/storitgroup.com\/fi\/tuote\/lisavarustepylvas-200x200x1900-mm-perforointi-10-38\/","url":"https:\/\/storitgroup.com\/fi\/tuote\/lisavarustepylvas-200x200x1900-mm-perforointi-10-38\/","name":"Lis\u00e4varustepylv\u00e4s 200x200x1900 mm, perforointi 10\/38 &#8226; Storit","isPartOf":{"@id":"https:\/\/storitgroup.com\/fi\/#website"},"primaryImageOfPage":{"@id":"https:\/\/storitgroup.com\/fi\/tuote\/lisavarustepylvas-200x200x1900-mm-perforointi-10-38\/#primaryimage"},"image":{"@id":"https:\/\/storitgroup.com\/fi\/tuote\/lisavarustepylvas-200x200x1900-mm-perforointi-10-38\/#primaryimage"},"thumbnailUrl":"https:\/\/storitgroup.com\/uploads\/2025\/01\/oiu2.jpg","datePublished":"2025-01-03T11:55:03+00:00","dateModified":"2025-01-04T00:10:04+00:00","description":"Lis\u00e4varustepylv\u00e4s 200x200x1900 mm, perforointi 10\/38 \u2014 kohtuulliseen hintaan. Toimitukset kaikkialle Suomeen! \u261b Tutustu tuotteeseen ja tilaa k\u00e4tev\u00e4sti STORIT-verkkokaupasta!","breadcrumb":{"@id":"https:\/\/storitgroup.com\/fi\/tuote\/lisavarustepylvas-200x200x1900-mm-perforointi-10-38\/#breadcrumb"},"inLanguage":"fi","potentialAction":[{"@type":"ReadAction","target":["https:\/\/storitgroup.com\/fi\/tuote\/lisavarustepylvas-200x200x1900-mm-perforointi-10-38\/"]}]},{"@type":"ImageObject","inLanguage":"fi","@id":"https:\/\/storitgroup.com\/fi\/tuote\/lisavarustepylvas-200x200x1900-mm-perforointi-10-38\/#primaryimage","url":"https:\/\/storitgroup.com\/uploads\/2025\/01\/oiu2.jpg","contentUrl":"https:\/\/storitgroup.com\/uploads\/2025\/01\/oiu2.jpg","width":330,"height":632},{"@type":"BreadcrumbList","@id":"https:\/\/storitgroup.com\/fi\/tuote\/lisavarustepylvas-200x200x1900-mm-perforointi-10-38\/#breadcrumb","itemListElement":[{"@type":"ListItem","position":1,"name":"Kotisivu","item":"https:\/\/storitgroup.com\/fi\/"},{"@type":"ListItem","position":2,"name":"Tuotteet","item":"https:\/\/storitgroup.com\/fi\/tuotteet\/"},{"@type":"ListItem","position":3,"name":"P\u00f6yd\u00e4t, tuolit, ty\u00f6kaluvarasto","item":"https:\/\/storitgroup.com\/fi\/poydat-tuolit-tyokaluvarasto\/"},{"@type":"ListItem","position":4,"name":"Varasto-, ty\u00f6paja-, autotalli- ja vastaavat tarvikkeet","item":"https:\/\/storitgroup.com\/fi\/poydat-tuolit-tyokaluvarasto\/varasto-tyopaja-autotalli-ja-vastaavat-tarvikkeet\/"},{"@type":"ListItem","position":5,"name":"Lis\u00e4varustepylv\u00e4s 200x200x1900 mm, perforointi 10\/38"}]},{"@type":"WebSite","@id":"https:\/\/storitgroup.com\/fi\/#website","url":"https:\/\/storitgroup.com\/fi\/","name":"Storit","description":"","potentialAction":[{"@type":"SearchAction","target":{"@type":"EntryPoint","urlTemplate":"https:\/\/storitgroup.com\/fi\/?s={search_term_string}"},"query-input":{"@type":"PropertyValueSpecification","valueRequired":true,"valueName":"search_term_string"}}],"inLanguage":"fi"}]}},"_links":{"self":[{"href":"https:\/\/storitgroup.com\/fi\/wp-json\/wp\/v2\/product\/221100","targetHints":{"allow":["GET"]}}],"collection":[{"href":"https:\/\/storitgroup.com\/fi\/wp-json\/wp\/v2\/product"}],"about":[{"href":"https:\/\/storitgroup.com\/fi\/wp-json\/wp\/v2\/types\/product"}],"wp:featuredmedia":[{"embeddable":true,"href":"https:\/\/storitgroup.com\/fi\/wp-json\/wp\/v2\/media\/221129"}],"wp:attachment":[{"href":"https:\/\/storitgroup.com\/fi\/wp-json\/wp\/v2\/media?parent=221100"}],"wp:term":[{"taxonomy":"product_brand","embeddable":true,"href":"https:\/\/storitgroup.com\/fi\/wp-json\/wp\/v2\/product_brand?post=221100"},{"taxonomy":"product_cat","embeddable":true,"href":"https:\/\/storitgroup.com\/fi\/wp-json\/wp\/v2\/product_cat?post=221100"},{"taxonomy":"product_tag","embeddable":true,"href":"https:\/\/storitgroup.com\/fi\/wp-json\/wp\/v2\/product_tag?post=221100"}],"curies":[{"name":"wp","href":"https:\/\/api.w.org\/{rel}","templated":true}]}}