{"id":220884,"date":"2025-03-07T08:45:12","date_gmt":"2025-03-07T06:45:12","guid":{"rendered":"https:\/\/storitgroup.com\/?post_type=product&#038;p=220884"},"modified":"2025-03-12T13:24:36","modified_gmt":"2025-03-12T11:24:36","slug":"turvataso-h500-mm-sininen","status":"publish","type":"product","link":"https:\/\/storitgroup.com\/fi\/tuote\/turvataso-h500-mm-sininen\/","title":{"rendered":"Turvataso H500 mm, sininen"},"content":{"rendered":"<p>Monik\u00e4ytt\u00f6inen ja helposti siirrelt\u00e4v\u00e4 TWIN-turvataso on k\u00e4yt\u00e4nn\u00f6llinen ja joustava apuv\u00e4line kotona, toimistossa tai ty\u00f6pajassa. Sen kevyt paino ja kompakti koko mahdollistavat sen helpon siirt\u00e4misen paikasta toiseen, ja liukumaton pohja pit\u00e4\u00e4 sen vakaasti paikallaan. Astetta voidaan k\u00e4ytt\u00e4\u00e4 my\u00f6s ty\u00f6p\u00f6yd\u00e4n alla jalkojen nostamiseen, jolloin saavutetaan ergonominen istuma-asento, v\u00e4hennet\u00e4\u00e4n kehon j\u00e4nnityksi\u00e4 ja parannetaan ty\u00f6tehoa.<\/p>\n<p>Paino: 7,6 kg.<br \/>Mitat: 500x575x660 mm (kls).<br \/>Seisontapinnan mitat: 450&#215;300 mm.<br \/>Maksimikuormitus: 150 kg.<br \/>Pinottavissa toistensa p\u00e4\u00e4lle.<\/p>\n","protected":false},"excerpt":{"rendered":"<p>Monik\u00e4ytt\u00f6inen ja helposti siirrelt\u00e4v\u00e4 TWIN-turvataso on k\u00e4yt\u00e4nn\u00f6llinen ja joustava apuv\u00e4line kotona, toimistossa tai ty\u00f6pajassa. Sen kevyt paino ja kompakti koko mahdollistavat sen helpon siirt\u00e4misen paikasta toiseen, ja liukumaton pohja pit\u00e4\u00e4 sen vakaasti paikallaan. Astetta voidaan k\u00e4ytt\u00e4\u00e4 my\u00f6s ty\u00f6p\u00f6yd\u00e4n alla jalkojen nostamiseen, jolloin saavutetaan ergonominen istuma-asento, v\u00e4hennet\u00e4\u00e4n kehon j\u00e4nnityksi\u00e4 ja parannetaan ty\u00f6tehoa.<\/p>\n<p>Paino: 7,6 kg.<\/p>\n","protected":false},"featured_media":221025,"template":"","meta":{"_acf_changed":false},"product_brand":[],"product_cat":[7095],"product_tag":[],"class_list":{"0":"post-220884","1":"product","2":"type-product","3":"status-publish","4":"has-post-thumbnail","6":"product_room-kotitoimisto","7":"product_room-tyopaja-ja-autotalli","8":"product_room-kotiratkaisut","9":"product_room-ruuan-kasittely","10":"product_room-kuljetus-ja-logistiikka","11":"product_room-kaupankaynti-ja-myymalat","12":"product_room-arkisto-museo","13":"product_room-pakkaus","14":"product_room-kokoonpano-ja-keraily","15":"product_room-toimisto","16":"product_room-koulut-ja-paivakodit","17":"product_room-laakeyhtiot-ja-laboratoriot","18":"product_room-iso-varasto","19":"product_room-pieni-varasto","20":"product_room-teollisuus-ja-tuotanto-ergonomiset-tyopaikat-tyokaluvarasto","21":"product_cat-varaston-portaat-tikkaat","23":"first","24":"onbackorder","25":"taxable","26":"shipping-taxable","27":"purchasable","28":"product-type-simple"},"acf":[],"yoast_head":"<!-- This site is optimized with the Yoast SEO plugin v27.2 - https:\/\/yoast.com\/product\/yoast-seo-wordpress\/ -->\n<title>Turvataso H500 mm, sininen &#8226; Storit<\/title>\n<meta name=\"description\" content=\"Turvataso H500 mm, sininen \u2014 kohtuulliseen hintaan. Toimitukset kaikkialle Suomeen! \u261b Tutustu tuotteeseen ja tilaa k\u00e4tev\u00e4sti STORIT-verkkokaupasta!\" \/>\n<meta name=\"robots\" content=\"index, follow, max-snippet:-1, max-image-preview:large, max-video-preview:-1\" \/>\n<link rel=\"canonical\" href=\"https:\/\/storitgroup.com\/fi\/tuote\/turvataso-h500-mm-sininen\/\" \/>\n<meta property=\"og:locale\" content=\"fi_FI\" \/>\n<meta property=\"og:type\" content=\"article\" \/>\n<meta property=\"og:title\" content=\"Turvataso H500 mm, sininen &#8226; Storit\" \/>\n<meta property=\"og:description\" content=\"Turvataso H500 mm, sininen \u2014 kohtuulliseen hintaan. Toimitukset kaikkialle Suomeen! \u261b Tutustu tuotteeseen ja tilaa k\u00e4tev\u00e4sti STORIT-verkkokaupasta!\" \/>\n<meta property=\"og:url\" content=\"https:\/\/storitgroup.com\/fi\/tuote\/turvataso-h500-mm-sininen\/\" \/>\n<meta property=\"og:site_name\" content=\"Storit\" \/>\n<meta property=\"article:modified_time\" content=\"2025-03-12T11:24:36+00:00\" \/>\n<meta property=\"og:image\" content=\"https:\/\/storitgroup.com\/uploads\/2024\/12\/6700-5-1.jpg\" \/>\n\t<meta property=\"og:image:width\" content=\"500\" \/>\n\t<meta property=\"og:image:height\" content=\"521\" \/>\n\t<meta property=\"og:image:type\" content=\"image\/jpeg\" \/>\n<meta name=\"twitter:card\" content=\"summary_large_image\" \/>\n<script type=\"application\/ld+json\" class=\"yoast-schema-graph\">{\"@context\":\"https:\/\/schema.org\",\"@graph\":[{\"@type\":[\"WebPage\",\"ItemPage\"],\"@id\":\"https:\/\/storitgroup.com\/fi\/tuote\/turvataso-h500-mm-sininen\/\",\"url\":\"https:\/\/storitgroup.com\/fi\/tuote\/turvataso-h500-mm-sininen\/\",\"name\":\"Turvataso H500 mm, sininen &#8226; Storit\",\"isPartOf\":{\"@id\":\"https:\/\/storitgroup.com\/fi\/#website\"},\"primaryImageOfPage\":{\"@id\":\"https:\/\/storitgroup.com\/fi\/tuote\/turvataso-h500-mm-sininen\/#primaryimage\"},\"image\":{\"@id\":\"https:\/\/storitgroup.com\/fi\/tuote\/turvataso-h500-mm-sininen\/#primaryimage\"},\"thumbnailUrl\":\"https:\/\/storitgroup.com\/uploads\/2024\/12\/6700-5-1.jpg\",\"datePublished\":\"2025-03-07T06:45:12+00:00\",\"dateModified\":\"2025-03-12T11:24:36+00:00\",\"description\":\"Turvataso H500 mm, sininen \u2014 kohtuulliseen hintaan. Toimitukset kaikkialle Suomeen! \u261b Tutustu tuotteeseen ja tilaa k\u00e4tev\u00e4sti STORIT-verkkokaupasta!\",\"breadcrumb\":{\"@id\":\"https:\/\/storitgroup.com\/fi\/tuote\/turvataso-h500-mm-sininen\/#breadcrumb\"},\"inLanguage\":\"fi\",\"potentialAction\":[{\"@type\":\"ReadAction\",\"target\":[\"https:\/\/storitgroup.com\/fi\/tuote\/turvataso-h500-mm-sininen\/\"]}]},{\"@type\":\"ImageObject\",\"inLanguage\":\"fi\",\"@id\":\"https:\/\/storitgroup.com\/fi\/tuote\/turvataso-h500-mm-sininen\/#primaryimage\",\"url\":\"https:\/\/storitgroup.com\/uploads\/2024\/12\/6700-5-1.jpg\",\"contentUrl\":\"https:\/\/storitgroup.com\/uploads\/2024\/12\/6700-5-1.jpg\",\"width\":500,\"height\":521},{\"@type\":\"BreadcrumbList\",\"@id\":\"https:\/\/storitgroup.com\/fi\/tuote\/turvataso-h500-mm-sininen\/#breadcrumb\",\"itemListElement\":[{\"@type\":\"ListItem\",\"position\":1,\"name\":\"Kotisivu\",\"item\":\"https:\/\/storitgroup.com\/fi\/\"},{\"@type\":\"ListItem\",\"position\":2,\"name\":\"Tuotteet\",\"item\":\"https:\/\/storitgroup.com\/fi\/tuotteet\/\"},{\"@type\":\"ListItem\",\"position\":3,\"name\":\"Varaston portaat, tikkaat, turvallisuus\",\"item\":\"https:\/\/storitgroup.com\/fi\/varaston-portaat-tikkaat-turvallisuus\/\"},{\"@type\":\"ListItem\",\"position\":4,\"name\":\"Varaston portaat, tikkaat\",\"item\":\"https:\/\/storitgroup.com\/fi\/varaston-portaat-tikkaat-turvallisuus\/varaston-portaat-tikkaat\/\"},{\"@type\":\"ListItem\",\"position\":5,\"name\":\"Turvataso H500 mm, sininen\"}]},{\"@type\":\"WebSite\",\"@id\":\"https:\/\/storitgroup.com\/fi\/#website\",\"url\":\"https:\/\/storitgroup.com\/fi\/\",\"name\":\"Storit\",\"description\":\"\",\"potentialAction\":[{\"@type\":\"SearchAction\",\"target\":{\"@type\":\"EntryPoint\",\"urlTemplate\":\"https:\/\/storitgroup.com\/fi\/?s={search_term_string}\"},\"query-input\":{\"@type\":\"PropertyValueSpecification\",\"valueRequired\":true,\"valueName\":\"search_term_string\"}}],\"inLanguage\":\"fi\"}]}<\/script>\n<!-- \/ Yoast SEO plugin. -->","yoast_head_json":{"title":"Turvataso H500 mm, sininen &#8226; Storit","description":"Turvataso H500 mm, sininen \u2014 kohtuulliseen hintaan. Toimitukset kaikkialle Suomeen! \u261b Tutustu tuotteeseen ja tilaa k\u00e4tev\u00e4sti STORIT-verkkokaupasta!","robots":{"index":"index","follow":"follow","max-snippet":"max-snippet:-1","max-image-preview":"max-image-preview:large","max-video-preview":"max-video-preview:-1"},"canonical":"https:\/\/storitgroup.com\/fi\/tuote\/turvataso-h500-mm-sininen\/","og_locale":"fi_FI","og_type":"article","og_title":"Turvataso H500 mm, sininen &#8226; Storit","og_description":"Turvataso H500 mm, sininen \u2014 kohtuulliseen hintaan. Toimitukset kaikkialle Suomeen! \u261b Tutustu tuotteeseen ja tilaa k\u00e4tev\u00e4sti STORIT-verkkokaupasta!","og_url":"https:\/\/storitgroup.com\/fi\/tuote\/turvataso-h500-mm-sininen\/","og_site_name":"Storit","article_modified_time":"2025-03-12T11:24:36+00:00","og_image":[{"width":500,"height":521,"url":"https:\/\/storitgroup.com\/uploads\/2024\/12\/6700-5-1.jpg","type":"image\/jpeg"}],"twitter_card":"summary_large_image","schema":{"@context":"https:\/\/schema.org","@graph":[{"@type":["WebPage","ItemPage"],"@id":"https:\/\/storitgroup.com\/fi\/tuote\/turvataso-h500-mm-sininen\/","url":"https:\/\/storitgroup.com\/fi\/tuote\/turvataso-h500-mm-sininen\/","name":"Turvataso H500 mm, sininen &#8226; Storit","isPartOf":{"@id":"https:\/\/storitgroup.com\/fi\/#website"},"primaryImageOfPage":{"@id":"https:\/\/storitgroup.com\/fi\/tuote\/turvataso-h500-mm-sininen\/#primaryimage"},"image":{"@id":"https:\/\/storitgroup.com\/fi\/tuote\/turvataso-h500-mm-sininen\/#primaryimage"},"thumbnailUrl":"https:\/\/storitgroup.com\/uploads\/2024\/12\/6700-5-1.jpg","datePublished":"2025-03-07T06:45:12+00:00","dateModified":"2025-03-12T11:24:36+00:00","description":"Turvataso H500 mm, sininen \u2014 kohtuulliseen hintaan. Toimitukset kaikkialle Suomeen! \u261b Tutustu tuotteeseen ja tilaa k\u00e4tev\u00e4sti STORIT-verkkokaupasta!","breadcrumb":{"@id":"https:\/\/storitgroup.com\/fi\/tuote\/turvataso-h500-mm-sininen\/#breadcrumb"},"inLanguage":"fi","potentialAction":[{"@type":"ReadAction","target":["https:\/\/storitgroup.com\/fi\/tuote\/turvataso-h500-mm-sininen\/"]}]},{"@type":"ImageObject","inLanguage":"fi","@id":"https:\/\/storitgroup.com\/fi\/tuote\/turvataso-h500-mm-sininen\/#primaryimage","url":"https:\/\/storitgroup.com\/uploads\/2024\/12\/6700-5-1.jpg","contentUrl":"https:\/\/storitgroup.com\/uploads\/2024\/12\/6700-5-1.jpg","width":500,"height":521},{"@type":"BreadcrumbList","@id":"https:\/\/storitgroup.com\/fi\/tuote\/turvataso-h500-mm-sininen\/#breadcrumb","itemListElement":[{"@type":"ListItem","position":1,"name":"Kotisivu","item":"https:\/\/storitgroup.com\/fi\/"},{"@type":"ListItem","position":2,"name":"Tuotteet","item":"https:\/\/storitgroup.com\/fi\/tuotteet\/"},{"@type":"ListItem","position":3,"name":"Varaston portaat, tikkaat, turvallisuus","item":"https:\/\/storitgroup.com\/fi\/varaston-portaat-tikkaat-turvallisuus\/"},{"@type":"ListItem","position":4,"name":"Varaston portaat, tikkaat","item":"https:\/\/storitgroup.com\/fi\/varaston-portaat-tikkaat-turvallisuus\/varaston-portaat-tikkaat\/"},{"@type":"ListItem","position":5,"name":"Turvataso H500 mm, sininen"}]},{"@type":"WebSite","@id":"https:\/\/storitgroup.com\/fi\/#website","url":"https:\/\/storitgroup.com\/fi\/","name":"Storit","description":"","potentialAction":[{"@type":"SearchAction","target":{"@type":"EntryPoint","urlTemplate":"https:\/\/storitgroup.com\/fi\/?s={search_term_string}"},"query-input":{"@type":"PropertyValueSpecification","valueRequired":true,"valueName":"search_term_string"}}],"inLanguage":"fi"}]}},"_links":{"self":[{"href":"https:\/\/storitgroup.com\/fi\/wp-json\/wp\/v2\/product\/220884","targetHints":{"allow":["GET"]}}],"collection":[{"href":"https:\/\/storitgroup.com\/fi\/wp-json\/wp\/v2\/product"}],"about":[{"href":"https:\/\/storitgroup.com\/fi\/wp-json\/wp\/v2\/types\/product"}],"wp:featuredmedia":[{"embeddable":true,"href":"https:\/\/storitgroup.com\/fi\/wp-json\/wp\/v2\/media\/221025"}],"wp:attachment":[{"href":"https:\/\/storitgroup.com\/fi\/wp-json\/wp\/v2\/media?parent=220884"}],"wp:term":[{"taxonomy":"product_brand","embeddable":true,"href":"https:\/\/storitgroup.com\/fi\/wp-json\/wp\/v2\/product_brand?post=220884"},{"taxonomy":"product_cat","embeddable":true,"href":"https:\/\/storitgroup.com\/fi\/wp-json\/wp\/v2\/product_cat?post=220884"},{"taxonomy":"product_tag","embeddable":true,"href":"https:\/\/storitgroup.com\/fi\/wp-json\/wp\/v2\/product_tag?post=220884"}],"curies":[{"name":"wp","href":"https:\/\/api.w.org\/{rel}","templated":true}]}}