{"id":220880,"date":"2025-05-20T15:45:07","date_gmt":"2025-05-20T12:45:07","guid":{"rendered":"https:\/\/storitgroup.com\/?post_type=product&#038;p=220880"},"modified":"2026-04-10T06:05:34","modified_gmt":"2026-04-10T03:05:34","slug":"turvataso-h307-mm-punainen","status":"publish","type":"product","link":"https:\/\/storitgroup.com\/fi\/tuote\/turvataso-h307-mm-punainen\/","title":{"rendered":"Turvataso H307 mm, punainen"},"content":{"rendered":"<p>Monik\u00e4ytt\u00f6inen ja helposti siirrelt\u00e4v\u00e4 TWIN-turvataso on k\u00e4yt\u00e4nn\u00f6llinen ja joustava apuv\u00e4line kotona, toimistossa tai ty\u00f6pajassa. Sen kevyt paino ja kompakti koko mahdollistavat sen helpon siirt\u00e4misen paikasta toiseen, ja liukumaton pohja pit\u00e4\u00e4 sen vakaasti paikallaan. Astetta voidaan k\u00e4ytt\u00e4\u00e4 my\u00f6s ty\u00f6p\u00f6yd\u00e4n alla jalkojen nostamiseen, jolloin saavutetaan ergonominen istuma-asento, v\u00e4hennet\u00e4\u00e4n kehon j\u00e4nnityksi\u00e4 ja parannetaan ty\u00f6tehoa.<\/p>\n<p>Paino: 3,4 kg.<br \/>Mitat: 307x527x375 mm (kls).<br \/>Seisontapinnan mitat: 459&#215;306 mm.<br \/>Maksimikuormitus: 150 kg.<br \/>Pinottavissa toistensa p\u00e4\u00e4lle.<\/p>\n","protected":false},"excerpt":{"rendered":"<p>Monik\u00e4ytt\u00f6inen ja helposti siirrelt\u00e4v\u00e4 TWIN-turvataso on k\u00e4yt\u00e4nn\u00f6llinen ja joustava apuv\u00e4line kotona, toimistossa tai ty\u00f6pajassa. Sen kevyt paino ja kompakti koko mahdollistavat sen helpon siirt\u00e4misen paikasta toiseen, ja liukumaton pohja pit\u00e4\u00e4 sen vakaasti paikallaan. Astetta voidaan k\u00e4ytt\u00e4\u00e4 my\u00f6s ty\u00f6p\u00f6yd\u00e4n alla jalkojen nostamiseen, jolloin saavutetaan ergonominen istuma-asento, v\u00e4hennet\u00e4\u00e4n kehon j\u00e4nnityksi\u00e4 ja parannetaan ty\u00f6tehoa.<\/p>\n<p>Paino: 3,4 kg.<\/p>\n","protected":false},"featured_media":220980,"template":"","meta":{"_acf_changed":false},"product_brand":[],"product_cat":[7095],"product_tag":[],"class_list":{"0":"post-220880","1":"product","2":"type-product","3":"status-publish","4":"has-post-thumbnail","6":"product_room-iso-varasto","7":"product_room-pieni-varasto","8":"product_room-teollisuus-ja-tuotanto-ergonomiset-tyopaikat-tyokaluvarasto","9":"product_room-kotitoimisto","10":"product_room-tyopaja-ja-autotalli","11":"product_room-kotiratkaisut","12":"product_room-ruuan-kasittely","13":"product_room-kuljetus-ja-logistiikka","14":"product_room-kaupankaynti-ja-myymalat","15":"product_room-arkisto-museo","16":"product_room-pakkaus","17":"product_room-kokoonpano-ja-keraily","18":"product_room-toimisto","19":"product_room-koulut-ja-paivakodit","20":"product_room-laakeyhtiot-ja-laboratoriot","21":"product_cat-varaston-portaat-tikkaat","23":"first","24":"onbackorder","25":"taxable","26":"shipping-taxable","27":"purchasable","28":"product-type-simple"},"acf":[],"yoast_head":"<!-- This site is optimized with the Yoast SEO plugin v27.3 - https:\/\/yoast.com\/product\/yoast-seo-wordpress\/ -->\n<title>Turvataso H307 mm, punainen &#8226; Storit<\/title>\n<meta name=\"description\" content=\"Turvataso H307 mm, punainen \u2014 kohtuulliseen hintaan. Toimitukset kaikkialle Suomeen! \u261b Tutustu tuotteeseen ja tilaa k\u00e4tev\u00e4sti STORIT-verkkokaupasta!\" \/>\n<meta name=\"robots\" content=\"index, follow, max-snippet:-1, max-image-preview:large, max-video-preview:-1\" \/>\n<link rel=\"canonical\" href=\"https:\/\/storitgroup.com\/fi\/tuote\/turvataso-h307-mm-punainen\/\" \/>\n<meta property=\"og:locale\" content=\"fi_FI\" \/>\n<meta property=\"og:type\" content=\"article\" \/>\n<meta property=\"og:title\" content=\"Turvataso H307 mm, punainen &#8226; Storit\" \/>\n<meta property=\"og:description\" content=\"Turvataso H307 mm, punainen \u2014 kohtuulliseen hintaan. Toimitukset kaikkialle Suomeen! \u261b Tutustu tuotteeseen ja tilaa k\u00e4tev\u00e4sti STORIT-verkkokaupasta!\" \/>\n<meta property=\"og:url\" content=\"https:\/\/storitgroup.com\/fi\/tuote\/turvataso-h307-mm-punainen\/\" \/>\n<meta property=\"og:site_name\" content=\"Storit\" \/>\n<meta property=\"article:modified_time\" content=\"2026-04-10T03:05:34+00:00\" \/>\n<meta property=\"og:image\" content=\"https:\/\/storitgroup.com\/uploads\/2024\/12\/6600-4-1.jpg\" \/>\n\t<meta property=\"og:image:width\" content=\"500\" \/>\n\t<meta property=\"og:image:height\" content=\"520\" \/>\n\t<meta property=\"og:image:type\" content=\"image\/jpeg\" \/>\n<meta name=\"twitter:card\" content=\"summary_large_image\" \/>\n<script type=\"application\/ld+json\" class=\"yoast-schema-graph\">{\"@context\":\"https:\\\/\\\/schema.org\",\"@graph\":[{\"@type\":[\"WebPage\",\"ItemPage\"],\"@id\":\"https:\\\/\\\/storitgroup.com\\\/fi\\\/tuote\\\/turvataso-h307-mm-punainen\\\/\",\"url\":\"https:\\\/\\\/storitgroup.com\\\/fi\\\/tuote\\\/turvataso-h307-mm-punainen\\\/\",\"name\":\"Turvataso H307 mm, punainen &#8226; Storit\",\"isPartOf\":{\"@id\":\"https:\\\/\\\/storitgroup.com\\\/fi\\\/#website\"},\"primaryImageOfPage\":{\"@id\":\"https:\\\/\\\/storitgroup.com\\\/fi\\\/tuote\\\/turvataso-h307-mm-punainen\\\/#primaryimage\"},\"image\":{\"@id\":\"https:\\\/\\\/storitgroup.com\\\/fi\\\/tuote\\\/turvataso-h307-mm-punainen\\\/#primaryimage\"},\"thumbnailUrl\":\"https:\\\/\\\/storitgroup.com\\\/uploads\\\/2024\\\/12\\\/6600-4-1.jpg\",\"datePublished\":\"2025-05-20T12:45:07+00:00\",\"dateModified\":\"2026-04-10T03:05:34+00:00\",\"description\":\"Turvataso H307 mm, punainen \u2014 kohtuulliseen hintaan. Toimitukset kaikkialle Suomeen! \u261b Tutustu tuotteeseen ja tilaa k\u00e4tev\u00e4sti STORIT-verkkokaupasta!\",\"breadcrumb\":{\"@id\":\"https:\\\/\\\/storitgroup.com\\\/fi\\\/tuote\\\/turvataso-h307-mm-punainen\\\/#breadcrumb\"},\"inLanguage\":\"fi\",\"potentialAction\":[{\"@type\":\"ReadAction\",\"target\":[\"https:\\\/\\\/storitgroup.com\\\/fi\\\/tuote\\\/turvataso-h307-mm-punainen\\\/\"]}]},{\"@type\":\"ImageObject\",\"inLanguage\":\"fi\",\"@id\":\"https:\\\/\\\/storitgroup.com\\\/fi\\\/tuote\\\/turvataso-h307-mm-punainen\\\/#primaryimage\",\"url\":\"https:\\\/\\\/storitgroup.com\\\/uploads\\\/2024\\\/12\\\/6600-4-1.jpg\",\"contentUrl\":\"https:\\\/\\\/storitgroup.com\\\/uploads\\\/2024\\\/12\\\/6600-4-1.jpg\",\"width\":500,\"height\":520},{\"@type\":\"BreadcrumbList\",\"@id\":\"https:\\\/\\\/storitgroup.com\\\/fi\\\/tuote\\\/turvataso-h307-mm-punainen\\\/#breadcrumb\",\"itemListElement\":[{\"@type\":\"ListItem\",\"position\":1,\"name\":\"Kotisivu\",\"item\":\"https:\\\/\\\/storitgroup.com\\\/fi\\\/\"},{\"@type\":\"ListItem\",\"position\":2,\"name\":\"Tuotteet\",\"item\":\"https:\\\/\\\/storitgroup.com\\\/fi\\\/tuotteet\\\/\"},{\"@type\":\"ListItem\",\"position\":3,\"name\":\"Varaston portaat, tikkaat, turvallisuus\",\"item\":\"https:\\\/\\\/storitgroup.com\\\/fi\\\/varaston-portaat-tikkaat-turvallisuus\\\/\"},{\"@type\":\"ListItem\",\"position\":4,\"name\":\"Varaston portaat, tikkaat\",\"item\":\"https:\\\/\\\/storitgroup.com\\\/fi\\\/varaston-portaat-tikkaat-turvallisuus\\\/varaston-portaat-tikkaat\\\/\"},{\"@type\":\"ListItem\",\"position\":5,\"name\":\"Turvataso H307 mm, punainen\"}]},{\"@type\":\"WebSite\",\"@id\":\"https:\\\/\\\/storitgroup.com\\\/fi\\\/#website\",\"url\":\"https:\\\/\\\/storitgroup.com\\\/fi\\\/\",\"name\":\"Storit\",\"description\":\"\",\"potentialAction\":[{\"@type\":\"SearchAction\",\"target\":{\"@type\":\"EntryPoint\",\"urlTemplate\":\"https:\\\/\\\/storitgroup.com\\\/fi\\\/?s={search_term_string}\"},\"query-input\":{\"@type\":\"PropertyValueSpecification\",\"valueRequired\":true,\"valueName\":\"search_term_string\"}}],\"inLanguage\":\"fi\"}]}<\/script>\n<!-- \/ Yoast SEO plugin. -->","yoast_head_json":{"title":"Turvataso H307 mm, punainen &#8226; Storit","description":"Turvataso H307 mm, punainen \u2014 kohtuulliseen hintaan. Toimitukset kaikkialle Suomeen! \u261b Tutustu tuotteeseen ja tilaa k\u00e4tev\u00e4sti STORIT-verkkokaupasta!","robots":{"index":"index","follow":"follow","max-snippet":"max-snippet:-1","max-image-preview":"max-image-preview:large","max-video-preview":"max-video-preview:-1"},"canonical":"https:\/\/storitgroup.com\/fi\/tuote\/turvataso-h307-mm-punainen\/","og_locale":"fi_FI","og_type":"article","og_title":"Turvataso H307 mm, punainen &#8226; Storit","og_description":"Turvataso H307 mm, punainen \u2014 kohtuulliseen hintaan. Toimitukset kaikkialle Suomeen! \u261b Tutustu tuotteeseen ja tilaa k\u00e4tev\u00e4sti STORIT-verkkokaupasta!","og_url":"https:\/\/storitgroup.com\/fi\/tuote\/turvataso-h307-mm-punainen\/","og_site_name":"Storit","article_modified_time":"2026-04-10T03:05:34+00:00","og_image":[{"width":500,"height":520,"url":"https:\/\/storitgroup.com\/uploads\/2024\/12\/6600-4-1.jpg","type":"image\/jpeg"}],"twitter_card":"summary_large_image","schema":{"@context":"https:\/\/schema.org","@graph":[{"@type":["WebPage","ItemPage"],"@id":"https:\/\/storitgroup.com\/fi\/tuote\/turvataso-h307-mm-punainen\/","url":"https:\/\/storitgroup.com\/fi\/tuote\/turvataso-h307-mm-punainen\/","name":"Turvataso H307 mm, punainen &#8226; Storit","isPartOf":{"@id":"https:\/\/storitgroup.com\/fi\/#website"},"primaryImageOfPage":{"@id":"https:\/\/storitgroup.com\/fi\/tuote\/turvataso-h307-mm-punainen\/#primaryimage"},"image":{"@id":"https:\/\/storitgroup.com\/fi\/tuote\/turvataso-h307-mm-punainen\/#primaryimage"},"thumbnailUrl":"https:\/\/storitgroup.com\/uploads\/2024\/12\/6600-4-1.jpg","datePublished":"2025-05-20T12:45:07+00:00","dateModified":"2026-04-10T03:05:34+00:00","description":"Turvataso H307 mm, punainen \u2014 kohtuulliseen hintaan. Toimitukset kaikkialle Suomeen! \u261b Tutustu tuotteeseen ja tilaa k\u00e4tev\u00e4sti STORIT-verkkokaupasta!","breadcrumb":{"@id":"https:\/\/storitgroup.com\/fi\/tuote\/turvataso-h307-mm-punainen\/#breadcrumb"},"inLanguage":"fi","potentialAction":[{"@type":"ReadAction","target":["https:\/\/storitgroup.com\/fi\/tuote\/turvataso-h307-mm-punainen\/"]}]},{"@type":"ImageObject","inLanguage":"fi","@id":"https:\/\/storitgroup.com\/fi\/tuote\/turvataso-h307-mm-punainen\/#primaryimage","url":"https:\/\/storitgroup.com\/uploads\/2024\/12\/6600-4-1.jpg","contentUrl":"https:\/\/storitgroup.com\/uploads\/2024\/12\/6600-4-1.jpg","width":500,"height":520},{"@type":"BreadcrumbList","@id":"https:\/\/storitgroup.com\/fi\/tuote\/turvataso-h307-mm-punainen\/#breadcrumb","itemListElement":[{"@type":"ListItem","position":1,"name":"Kotisivu","item":"https:\/\/storitgroup.com\/fi\/"},{"@type":"ListItem","position":2,"name":"Tuotteet","item":"https:\/\/storitgroup.com\/fi\/tuotteet\/"},{"@type":"ListItem","position":3,"name":"Varaston portaat, tikkaat, turvallisuus","item":"https:\/\/storitgroup.com\/fi\/varaston-portaat-tikkaat-turvallisuus\/"},{"@type":"ListItem","position":4,"name":"Varaston portaat, tikkaat","item":"https:\/\/storitgroup.com\/fi\/varaston-portaat-tikkaat-turvallisuus\/varaston-portaat-tikkaat\/"},{"@type":"ListItem","position":5,"name":"Turvataso H307 mm, punainen"}]},{"@type":"WebSite","@id":"https:\/\/storitgroup.com\/fi\/#website","url":"https:\/\/storitgroup.com\/fi\/","name":"Storit","description":"","potentialAction":[{"@type":"SearchAction","target":{"@type":"EntryPoint","urlTemplate":"https:\/\/storitgroup.com\/fi\/?s={search_term_string}"},"query-input":{"@type":"PropertyValueSpecification","valueRequired":true,"valueName":"search_term_string"}}],"inLanguage":"fi"}]}},"_links":{"self":[{"href":"https:\/\/storitgroup.com\/fi\/wp-json\/wp\/v2\/product\/220880","targetHints":{"allow":["GET"]}}],"collection":[{"href":"https:\/\/storitgroup.com\/fi\/wp-json\/wp\/v2\/product"}],"about":[{"href":"https:\/\/storitgroup.com\/fi\/wp-json\/wp\/v2\/types\/product"}],"wp:featuredmedia":[{"embeddable":true,"href":"https:\/\/storitgroup.com\/fi\/wp-json\/wp\/v2\/media\/220980"}],"wp:attachment":[{"href":"https:\/\/storitgroup.com\/fi\/wp-json\/wp\/v2\/media?parent=220880"}],"wp:term":[{"taxonomy":"product_brand","embeddable":true,"href":"https:\/\/storitgroup.com\/fi\/wp-json\/wp\/v2\/product_brand?post=220880"},{"taxonomy":"product_cat","embeddable":true,"href":"https:\/\/storitgroup.com\/fi\/wp-json\/wp\/v2\/product_cat?post=220880"},{"taxonomy":"product_tag","embeddable":true,"href":"https:\/\/storitgroup.com\/fi\/wp-json\/wp\/v2\/product_tag?post=220880"}],"curies":[{"name":"wp","href":"https:\/\/api.w.org\/{rel}","templated":true}]}}