{"id":220785,"date":"2025-03-21T07:38:10","date_gmt":"2025-03-21T05:38:10","guid":{"rendered":"https:\/\/storitgroup.com\/?post_type=product&#038;p=220785"},"modified":"2025-03-22T02:00:27","modified_gmt":"2025-03-22T00:00:27","slug":"kevyttavarahylly-storit-pakkauksessa-600x1000xh2100mm-jatko-osa-2","status":"publish","type":"product","link":"https:\/\/storitgroup.com\/fi\/tuote\/kevyttavarahylly-storit-pakkauksessa-600x1000xh2100mm-jatko-osa-2\/","title":{"rendered":"Kevyttavarahylly STORIT pakkauksessa 600x1000xH2100mm (Jatko-osa)"},"content":{"rendered":"<p>Nappaa nyt kevyttavarahylly STORIT pakkauksessa! <br \/>Pakkaus sis\u00e4lt\u00e4\u00e4:<br \/>Vahvistettu perfopylv\u00e4s 2100mm &#8211; 2kpl<br \/>Pohjapala pylv\u00e4\u00e4lle &#8211; 2kpl<br \/>V\u00e4lilevy 600mm &#8211; 2kpl<br \/>Hyllylevy 600x1000mm (kantavuus 150kg tasaisella jakautumisella. Mahdollisuus lis\u00e4t\u00e4 kantavuutta 50kg lis\u00e4tt\u00e4ess\u00e4 vahvistuspalkki )- 5 kpl <br \/>Hyllylevyteline &#8211; 10 kpl.<br \/>Takalaatikko &#8211; 1 kpl<br \/>Pakkauksen mitat:<br \/>600x1070x180mm(kpl)(29kg)<br \/>2100x80x50mm(kpl)(5kg)<\/p>\n","protected":false},"excerpt":{"rendered":"<p>Nappaa nyt kevyttavarahylly STORIT pakkauksessa!<br \/>\nPakkaus sis\u00e4lt\u00e4\u00e4:<br \/>\nVahvistettu perfopylv\u00e4s 2100mm &#8211; 2kpl<\/p>\n","protected":false},"featured_media":205628,"template":"","meta":{"_acf_changed":false},"product_brand":[],"product_cat":[7205],"product_tag":[],"class_list":{"0":"post-220785","1":"product","2":"type-product","3":"status-publish","4":"has-post-thumbnail","6":"product_room-kotitoimisto","7":"product_room-kotiratkaisut","8":"product_room-tyopaja-ja-autotalli","9":"product_room-kiinteistokehitys","10":"product_room-ruuan-kasittely","11":"product_room-kuljetus-ja-logistiikka","12":"product_room-kaupankaynti-ja-myymalat","13":"product_room-arkisto-museo","14":"product_room-toimisto","15":"product_room-kompaktit-varastot","16":"product_room-koulut-ja-paivakodit","17":"product_room-kokoonpano-ja-keraily","18":"product_room-laakeyhtiot-ja-laboratoriot","19":"product_room-iso-varasto","20":"product_room-pieni-varasto","21":"product_room-teollisuus-ja-tuotanto-ergonomiset-tyopaikat-tyokaluvarasto","22":"product_cat-pienitavarahyllyt-storit-xl","24":"first","25":"instock","26":"taxable","27":"shipping-taxable","28":"purchasable","29":"product-type-simple"},"acf":[],"yoast_head":"<!-- This site is optimized with the Yoast SEO plugin v27.2 - https:\/\/yoast.com\/product\/yoast-seo-wordpress\/ -->\n<title>Kevyttavarahylly STORIT pakkauksessa 600x1000xH2100mm (Jatko-osa) &#8226; Storit<\/title>\n<meta name=\"description\" content=\"Kevyttavarahylly STORIT pakkauksessa 600x1000xH2100mm (Jatko-osa) \u2014 kohtuulliseen hintaan. Toimitukset kaikkialle Suomeen! \u261b Tutustu tuotteeseen ja tilaa k\u00e4tev\u00e4sti STORIT-verkkokaupasta!\" \/>\n<meta name=\"robots\" content=\"index, follow, max-snippet:-1, max-image-preview:large, max-video-preview:-1\" \/>\n<link rel=\"canonical\" href=\"https:\/\/storitgroup.com\/fi\/tuote\/kevyttavarahylly-storit-pakkauksessa-600x1000xh2100mm-jatko-osa-2\/\" \/>\n<meta property=\"og:locale\" content=\"fi_FI\" \/>\n<meta property=\"og:type\" content=\"article\" \/>\n<meta property=\"og:title\" content=\"Kevyttavarahylly STORIT pakkauksessa 600x1000xH2100mm (Jatko-osa) &#8226; Storit\" \/>\n<meta property=\"og:description\" content=\"Kevyttavarahylly STORIT pakkauksessa 600x1000xH2100mm (Jatko-osa) \u2014 kohtuulliseen hintaan. Toimitukset kaikkialle Suomeen! \u261b Tutustu tuotteeseen ja tilaa k\u00e4tev\u00e4sti STORIT-verkkokaupasta!\" \/>\n<meta property=\"og:url\" content=\"https:\/\/storitgroup.com\/fi\/tuote\/kevyttavarahylly-storit-pakkauksessa-600x1000xh2100mm-jatko-osa-2\/\" \/>\n<meta property=\"og:site_name\" content=\"Storit\" \/>\n<meta property=\"article:modified_time\" content=\"2025-03-22T00:00:27+00:00\" \/>\n<meta property=\"og:image\" content=\"https:\/\/storitgroup.com\/uploads\/2023\/04\/metro-suur-jatk.png\" \/>\n\t<meta property=\"og:image:width\" content=\"960\" \/>\n\t<meta property=\"og:image:height\" content=\"1280\" \/>\n\t<meta property=\"og:image:type\" content=\"image\/png\" \/>\n<meta name=\"twitter:card\" content=\"summary_large_image\" \/>\n<script type=\"application\/ld+json\" class=\"yoast-schema-graph\">{\"@context\":\"https:\/\/schema.org\",\"@graph\":[{\"@type\":[\"WebPage\",\"ItemPage\"],\"@id\":\"https:\/\/storitgroup.com\/fi\/tuote\/kevyttavarahylly-storit-pakkauksessa-600x1000xh2100mm-jatko-osa-2\/\",\"url\":\"https:\/\/storitgroup.com\/fi\/tuote\/kevyttavarahylly-storit-pakkauksessa-600x1000xh2100mm-jatko-osa-2\/\",\"name\":\"Kevyttavarahylly STORIT pakkauksessa 600x1000xH2100mm (Jatko-osa) &#8226; Storit\",\"isPartOf\":{\"@id\":\"https:\/\/storitgroup.com\/fi\/#website\"},\"primaryImageOfPage\":{\"@id\":\"https:\/\/storitgroup.com\/fi\/tuote\/kevyttavarahylly-storit-pakkauksessa-600x1000xh2100mm-jatko-osa-2\/#primaryimage\"},\"image\":{\"@id\":\"https:\/\/storitgroup.com\/fi\/tuote\/kevyttavarahylly-storit-pakkauksessa-600x1000xh2100mm-jatko-osa-2\/#primaryimage\"},\"thumbnailUrl\":\"https:\/\/storitgroup.com\/uploads\/2023\/04\/metro-suur-jatk.png\",\"datePublished\":\"2025-03-21T05:38:10+00:00\",\"dateModified\":\"2025-03-22T00:00:27+00:00\",\"description\":\"Kevyttavarahylly STORIT pakkauksessa 600x1000xH2100mm (Jatko-osa) \u2014 kohtuulliseen hintaan. Toimitukset kaikkialle Suomeen! \u261b Tutustu tuotteeseen ja tilaa k\u00e4tev\u00e4sti STORIT-verkkokaupasta!\",\"breadcrumb\":{\"@id\":\"https:\/\/storitgroup.com\/fi\/tuote\/kevyttavarahylly-storit-pakkauksessa-600x1000xh2100mm-jatko-osa-2\/#breadcrumb\"},\"inLanguage\":\"fi\",\"potentialAction\":[{\"@type\":\"ReadAction\",\"target\":[\"https:\/\/storitgroup.com\/fi\/tuote\/kevyttavarahylly-storit-pakkauksessa-600x1000xh2100mm-jatko-osa-2\/\"]}]},{\"@type\":\"ImageObject\",\"inLanguage\":\"fi\",\"@id\":\"https:\/\/storitgroup.com\/fi\/tuote\/kevyttavarahylly-storit-pakkauksessa-600x1000xh2100mm-jatko-osa-2\/#primaryimage\",\"url\":\"https:\/\/storitgroup.com\/uploads\/2023\/04\/metro-suur-jatk.png\",\"contentUrl\":\"https:\/\/storitgroup.com\/uploads\/2023\/04\/metro-suur-jatk.png\",\"width\":960,\"height\":1280},{\"@type\":\"BreadcrumbList\",\"@id\":\"https:\/\/storitgroup.com\/fi\/tuote\/kevyttavarahylly-storit-pakkauksessa-600x1000xh2100mm-jatko-osa-2\/#breadcrumb\",\"itemListElement\":[{\"@type\":\"ListItem\",\"position\":1,\"name\":\"Kotisivu\",\"item\":\"https:\/\/storitgroup.com\/fi\/\"},{\"@type\":\"ListItem\",\"position\":2,\"name\":\"Tuotteet\",\"item\":\"https:\/\/storitgroup.com\/fi\/tuotteet\/\"},{\"@type\":\"ListItem\",\"position\":3,\"name\":\"Varastohyllyt, v\u00e4litasot\",\"item\":\"https:\/\/storitgroup.com\/fi\/varastohyllyt-valitasot\/\"},{\"@type\":\"ListItem\",\"position\":4,\"name\":\"Pienitavarahyllyt\",\"item\":\"https:\/\/storitgroup.com\/fi\/varastohyllyt-valitasot\/pienitavarahyllyt\/\"},{\"@type\":\"ListItem\",\"position\":5,\"name\":\"Pienitavarahyllyt: STORIT XL\",\"item\":\"https:\/\/storitgroup.com\/fi\/varastohyllyt-valitasot\/pienitavarahyllyt\/pienitavarahyllyt-storit-xl\/\"},{\"@type\":\"ListItem\",\"position\":6,\"name\":\"Kevyttavarahylly STORIT pakkauksessa 600x1000xH2100mm (Jatko-osa)\"}]},{\"@type\":\"WebSite\",\"@id\":\"https:\/\/storitgroup.com\/fi\/#website\",\"url\":\"https:\/\/storitgroup.com\/fi\/\",\"name\":\"Storit\",\"description\":\"\",\"potentialAction\":[{\"@type\":\"SearchAction\",\"target\":{\"@type\":\"EntryPoint\",\"urlTemplate\":\"https:\/\/storitgroup.com\/fi\/?s={search_term_string}\"},\"query-input\":{\"@type\":\"PropertyValueSpecification\",\"valueRequired\":true,\"valueName\":\"search_term_string\"}}],\"inLanguage\":\"fi\"}]}<\/script>\n<!-- \/ Yoast SEO plugin. -->","yoast_head_json":{"title":"Kevyttavarahylly STORIT pakkauksessa 600x1000xH2100mm (Jatko-osa) &#8226; Storit","description":"Kevyttavarahylly STORIT pakkauksessa 600x1000xH2100mm (Jatko-osa) \u2014 kohtuulliseen hintaan. Toimitukset kaikkialle Suomeen! \u261b Tutustu tuotteeseen ja tilaa k\u00e4tev\u00e4sti STORIT-verkkokaupasta!","robots":{"index":"index","follow":"follow","max-snippet":"max-snippet:-1","max-image-preview":"max-image-preview:large","max-video-preview":"max-video-preview:-1"},"canonical":"https:\/\/storitgroup.com\/fi\/tuote\/kevyttavarahylly-storit-pakkauksessa-600x1000xh2100mm-jatko-osa-2\/","og_locale":"fi_FI","og_type":"article","og_title":"Kevyttavarahylly STORIT pakkauksessa 600x1000xH2100mm (Jatko-osa) &#8226; Storit","og_description":"Kevyttavarahylly STORIT pakkauksessa 600x1000xH2100mm (Jatko-osa) \u2014 kohtuulliseen hintaan. Toimitukset kaikkialle Suomeen! \u261b Tutustu tuotteeseen ja tilaa k\u00e4tev\u00e4sti STORIT-verkkokaupasta!","og_url":"https:\/\/storitgroup.com\/fi\/tuote\/kevyttavarahylly-storit-pakkauksessa-600x1000xh2100mm-jatko-osa-2\/","og_site_name":"Storit","article_modified_time":"2025-03-22T00:00:27+00:00","og_image":[{"width":960,"height":1280,"url":"https:\/\/storitgroup.com\/uploads\/2023\/04\/metro-suur-jatk.png","type":"image\/png"}],"twitter_card":"summary_large_image","schema":{"@context":"https:\/\/schema.org","@graph":[{"@type":["WebPage","ItemPage"],"@id":"https:\/\/storitgroup.com\/fi\/tuote\/kevyttavarahylly-storit-pakkauksessa-600x1000xh2100mm-jatko-osa-2\/","url":"https:\/\/storitgroup.com\/fi\/tuote\/kevyttavarahylly-storit-pakkauksessa-600x1000xh2100mm-jatko-osa-2\/","name":"Kevyttavarahylly STORIT pakkauksessa 600x1000xH2100mm (Jatko-osa) &#8226; Storit","isPartOf":{"@id":"https:\/\/storitgroup.com\/fi\/#website"},"primaryImageOfPage":{"@id":"https:\/\/storitgroup.com\/fi\/tuote\/kevyttavarahylly-storit-pakkauksessa-600x1000xh2100mm-jatko-osa-2\/#primaryimage"},"image":{"@id":"https:\/\/storitgroup.com\/fi\/tuote\/kevyttavarahylly-storit-pakkauksessa-600x1000xh2100mm-jatko-osa-2\/#primaryimage"},"thumbnailUrl":"https:\/\/storitgroup.com\/uploads\/2023\/04\/metro-suur-jatk.png","datePublished":"2025-03-21T05:38:10+00:00","dateModified":"2025-03-22T00:00:27+00:00","description":"Kevyttavarahylly STORIT pakkauksessa 600x1000xH2100mm (Jatko-osa) \u2014 kohtuulliseen hintaan. Toimitukset kaikkialle Suomeen! \u261b Tutustu tuotteeseen ja tilaa k\u00e4tev\u00e4sti STORIT-verkkokaupasta!","breadcrumb":{"@id":"https:\/\/storitgroup.com\/fi\/tuote\/kevyttavarahylly-storit-pakkauksessa-600x1000xh2100mm-jatko-osa-2\/#breadcrumb"},"inLanguage":"fi","potentialAction":[{"@type":"ReadAction","target":["https:\/\/storitgroup.com\/fi\/tuote\/kevyttavarahylly-storit-pakkauksessa-600x1000xh2100mm-jatko-osa-2\/"]}]},{"@type":"ImageObject","inLanguage":"fi","@id":"https:\/\/storitgroup.com\/fi\/tuote\/kevyttavarahylly-storit-pakkauksessa-600x1000xh2100mm-jatko-osa-2\/#primaryimage","url":"https:\/\/storitgroup.com\/uploads\/2023\/04\/metro-suur-jatk.png","contentUrl":"https:\/\/storitgroup.com\/uploads\/2023\/04\/metro-suur-jatk.png","width":960,"height":1280},{"@type":"BreadcrumbList","@id":"https:\/\/storitgroup.com\/fi\/tuote\/kevyttavarahylly-storit-pakkauksessa-600x1000xh2100mm-jatko-osa-2\/#breadcrumb","itemListElement":[{"@type":"ListItem","position":1,"name":"Kotisivu","item":"https:\/\/storitgroup.com\/fi\/"},{"@type":"ListItem","position":2,"name":"Tuotteet","item":"https:\/\/storitgroup.com\/fi\/tuotteet\/"},{"@type":"ListItem","position":3,"name":"Varastohyllyt, v\u00e4litasot","item":"https:\/\/storitgroup.com\/fi\/varastohyllyt-valitasot\/"},{"@type":"ListItem","position":4,"name":"Pienitavarahyllyt","item":"https:\/\/storitgroup.com\/fi\/varastohyllyt-valitasot\/pienitavarahyllyt\/"},{"@type":"ListItem","position":5,"name":"Pienitavarahyllyt: STORIT XL","item":"https:\/\/storitgroup.com\/fi\/varastohyllyt-valitasot\/pienitavarahyllyt\/pienitavarahyllyt-storit-xl\/"},{"@type":"ListItem","position":6,"name":"Kevyttavarahylly STORIT pakkauksessa 600x1000xH2100mm (Jatko-osa)"}]},{"@type":"WebSite","@id":"https:\/\/storitgroup.com\/fi\/#website","url":"https:\/\/storitgroup.com\/fi\/","name":"Storit","description":"","potentialAction":[{"@type":"SearchAction","target":{"@type":"EntryPoint","urlTemplate":"https:\/\/storitgroup.com\/fi\/?s={search_term_string}"},"query-input":{"@type":"PropertyValueSpecification","valueRequired":true,"valueName":"search_term_string"}}],"inLanguage":"fi"}]}},"_links":{"self":[{"href":"https:\/\/storitgroup.com\/fi\/wp-json\/wp\/v2\/product\/220785","targetHints":{"allow":["GET"]}}],"collection":[{"href":"https:\/\/storitgroup.com\/fi\/wp-json\/wp\/v2\/product"}],"about":[{"href":"https:\/\/storitgroup.com\/fi\/wp-json\/wp\/v2\/types\/product"}],"wp:featuredmedia":[{"embeddable":true,"href":"https:\/\/storitgroup.com\/fi\/wp-json\/wp\/v2\/media\/205628"}],"wp:attachment":[{"href":"https:\/\/storitgroup.com\/fi\/wp-json\/wp\/v2\/media?parent=220785"}],"wp:term":[{"taxonomy":"product_brand","embeddable":true,"href":"https:\/\/storitgroup.com\/fi\/wp-json\/wp\/v2\/product_brand?post=220785"},{"taxonomy":"product_cat","embeddable":true,"href":"https:\/\/storitgroup.com\/fi\/wp-json\/wp\/v2\/product_cat?post=220785"},{"taxonomy":"product_tag","embeddable":true,"href":"https:\/\/storitgroup.com\/fi\/wp-json\/wp\/v2\/product_tag?post=220785"}],"curies":[{"name":"wp","href":"https:\/\/api.w.org\/{rel}","templated":true}]}}