{"id":220484,"date":"2024-11-15T15:29:35","date_gmt":"2024-11-15T13:50:06","guid":{"rendered":"https:\/\/storitgroup.com\/?post_type=product&#038;p=220484"},"modified":"2025-01-04T02:10:19","modified_gmt":"2025-01-04T00:10:19","slug":"pidike-puhelimelle","status":"publish","type":"product","link":"https:\/\/storitgroup.com\/fi\/tuote\/pidike-puhelimelle\/","title":{"rendered":"Pidike puhelimelle"},"content":{"rendered":"<p>\u00c4lypuhelimen pidikesysteemi, joka mahdollistaa puhelimen k\u00e4tev\u00e4n k\u00e4yt\u00f6n esimerkiksi ostosk\u00e4rryss\u00e4 tai lavak\u00e4rryss\u00e4.<br \/>Pidike ei ole ainoastaan helppok\u00e4ytt\u00f6inen, vaan se t\u00e4ytt\u00e4\u00e4 my\u00f6s hygieniam\u00e4\u00e4r\u00e4ykset. \u00c4lypuhelin liu\u00b4utetaan yksinkertaisesti ylh\u00e4\u00e4lt\u00e4 pidikkeeseen, v\u00e4ltt\u00e4en suoraa kosketusta pidikkeen kanssa.<br \/>Pidikett\u00e4 voidaan k\u00e4ytt\u00e4\u00e4 my\u00f6s markkinointi- ja mainostarkoituksiin, esimerkiksi mainostamalla mobiilisovellusta tai ohjaamalla k\u00e4ytt\u00e4ji\u00e4 verkkosivustolle. Lis\u00e4\u00e4 vain QR-koodi ja kasvata k\u00e4ytt\u00e4jien m\u00e4\u00e4r\u00e4\u00e4 ja tietoisuutta.<\/p>\n<p>Puhelinpidike sopii eri kokoisille \u00e4lypuhelimille, sek\u00e4 suojakuorilla ett\u00e4 ilman.<\/p>\n<p>\u00c4lypuhelimen pidike voidaan asentaa l\u00e4hes kaikkiin ostosk\u00e4rryjen kahvoihin.<\/p>\n","protected":false},"excerpt":{"rendered":"<p>\u00c4lypuhelimen pidikesysteemi, joka mahdollistaa puhelimen k\u00e4tev\u00e4n k\u00e4yt\u00f6n esimerkiksi ostosk\u00e4rryss\u00e4 tai lavak\u00e4rryss\u00e4.<br \/>\nPidike ei ole ainoastaan helppok\u00e4ytt\u00f6inen, vaan se t\u00e4ytt\u00e4\u00e4 my\u00f6s hygieniam\u00e4\u00e4r\u00e4ykset. \u00c4lypuhelin liu\u00b4utetaan yksinkertaisesti ylh\u00e4\u00e4lt\u00e4 pidikkeeseen, v\u00e4ltt\u00e4en suoraa kosketusta pidikkeen kanssa.<br \/>\nPidikett\u00e4 voidaan k\u00e4ytt\u00e4\u00e4 my\u00f6s markkinointi- ja mainostarkoituksiin, esimerkiksi mainostamalla mobiilisovellusta tai ohjaamalla k\u00e4ytt\u00e4ji\u00e4 verkkosivustolle. Lis\u00e4\u00e4 vain QR-koodi ja kasvata k\u00e4ytt\u00e4jien m\u00e4\u00e4r\u00e4\u00e4 ja tietoisuutta.<\/p>\n","protected":false},"featured_media":220488,"template":"","meta":{"_acf_changed":false},"product_brand":[],"product_cat":[7068,7109],"product_tag":[],"class_list":{"0":"post-220484","1":"product","2":"type-product","3":"status-publish","4":"has-post-thumbnail","6":"product_room-kotiratkaisut","7":"product_room-kuljetus-ja-logistiikka","8":"product_room-teollisuus-ja-tuotanto-ergonomiset-tyopaikat-tyokaluvarasto","9":"product_room-tyopaja-ja-autotalli","10":"product_cat-varasto-tyopaja-autotalli-ja-vastaavat-tarvikkeet","11":"product_cat-loytonurkkaus","13":"first","14":"instock","15":"taxable","16":"shipping-taxable","17":"purchasable","18":"product-type-simple"},"acf":[],"yoast_head":"<!-- This site is optimized with the Yoast SEO plugin v27.4 - https:\/\/yoast.com\/product\/yoast-seo-wordpress\/ -->\n<title>Pidike puhelimelle &#8226; Storit<\/title>\n<meta name=\"description\" content=\"Pidike puhelimelle \u2014 kohtuulliseen hintaan. Toimitukset kaikkialle Suomeen! \u261b Tutustu tuotteeseen ja tilaa k\u00e4tev\u00e4sti STORIT-verkkokaupasta!\" \/>\n<meta name=\"robots\" content=\"index, follow, max-snippet:-1, max-image-preview:large, max-video-preview:-1\" \/>\n<link rel=\"canonical\" href=\"https:\/\/storitgroup.com\/fi\/tuote\/pidike-puhelimelle\/\" \/>\n<meta property=\"og:locale\" content=\"fi_FI\" \/>\n<meta property=\"og:type\" content=\"article\" \/>\n<meta property=\"og:title\" content=\"Pidike puhelimelle &#8226; Storit\" \/>\n<meta property=\"og:description\" content=\"Pidike puhelimelle \u2014 kohtuulliseen hintaan. Toimitukset kaikkialle Suomeen! \u261b Tutustu tuotteeseen ja tilaa k\u00e4tev\u00e4sti STORIT-verkkokaupasta!\" \/>\n<meta property=\"og:url\" content=\"https:\/\/storitgroup.com\/fi\/tuote\/pidike-puhelimelle\/\" \/>\n<meta property=\"og:site_name\" content=\"Storit\" \/>\n<meta property=\"article:modified_time\" content=\"2025-01-04T00:10:19+00:00\" \/>\n<meta property=\"og:image\" content=\"https:\/\/storitgroup.com\/uploads\/2024\/11\/syholder-5.jpg\" \/>\n\t<meta property=\"og:image:width\" content=\"1110\" \/>\n\t<meta property=\"og:image:height\" content=\"640\" \/>\n\t<meta property=\"og:image:type\" content=\"image\/jpeg\" \/>\n<meta name=\"twitter:card\" content=\"summary_large_image\" \/>\n<script type=\"application\/ld+json\" class=\"yoast-schema-graph\">{\"@context\":\"https:\\\/\\\/schema.org\",\"@graph\":[{\"@type\":[\"WebPage\",\"ItemPage\"],\"@id\":\"https:\\\/\\\/storitgroup.com\\\/fi\\\/tuote\\\/pidike-puhelimelle\\\/\",\"url\":\"https:\\\/\\\/storitgroup.com\\\/fi\\\/tuote\\\/pidike-puhelimelle\\\/\",\"name\":\"Pidike puhelimelle &#8226; Storit\",\"isPartOf\":{\"@id\":\"https:\\\/\\\/storitgroup.com\\\/fi\\\/#website\"},\"primaryImageOfPage\":{\"@id\":\"https:\\\/\\\/storitgroup.com\\\/fi\\\/tuote\\\/pidike-puhelimelle\\\/#primaryimage\"},\"image\":{\"@id\":\"https:\\\/\\\/storitgroup.com\\\/fi\\\/tuote\\\/pidike-puhelimelle\\\/#primaryimage\"},\"thumbnailUrl\":\"https:\\\/\\\/storitgroup.com\\\/uploads\\\/2024\\\/11\\\/syholder-5.jpg\",\"datePublished\":\"2024-11-15T13:50:06+00:00\",\"dateModified\":\"2025-01-04T00:10:19+00:00\",\"description\":\"Pidike puhelimelle \u2014 kohtuulliseen hintaan. Toimitukset kaikkialle Suomeen! \u261b Tutustu tuotteeseen ja tilaa k\u00e4tev\u00e4sti STORIT-verkkokaupasta!\",\"breadcrumb\":{\"@id\":\"https:\\\/\\\/storitgroup.com\\\/fi\\\/tuote\\\/pidike-puhelimelle\\\/#breadcrumb\"},\"inLanguage\":\"fi\",\"potentialAction\":[{\"@type\":\"ReadAction\",\"target\":[\"https:\\\/\\\/storitgroup.com\\\/fi\\\/tuote\\\/pidike-puhelimelle\\\/\"]}]},{\"@type\":\"ImageObject\",\"inLanguage\":\"fi\",\"@id\":\"https:\\\/\\\/storitgroup.com\\\/fi\\\/tuote\\\/pidike-puhelimelle\\\/#primaryimage\",\"url\":\"https:\\\/\\\/storitgroup.com\\\/uploads\\\/2024\\\/11\\\/syholder-5.jpg\",\"contentUrl\":\"https:\\\/\\\/storitgroup.com\\\/uploads\\\/2024\\\/11\\\/syholder-5.jpg\",\"width\":1110,\"height\":640},{\"@type\":\"BreadcrumbList\",\"@id\":\"https:\\\/\\\/storitgroup.com\\\/fi\\\/tuote\\\/pidike-puhelimelle\\\/#breadcrumb\",\"itemListElement\":[{\"@type\":\"ListItem\",\"position\":1,\"name\":\"Kotisivu\",\"item\":\"https:\\\/\\\/storitgroup.com\\\/fi\\\/\"},{\"@type\":\"ListItem\",\"position\":2,\"name\":\"Tuotteet\",\"item\":\"https:\\\/\\\/storitgroup.com\\\/fi\\\/tuotteet\\\/\"},{\"@type\":\"ListItem\",\"position\":3,\"name\":\"P\u00f6yd\u00e4t, tuolit, ty\u00f6kaluvarasto\",\"item\":\"https:\\\/\\\/storitgroup.com\\\/fi\\\/tuotteet\\\/poydat-tuolit-tyokaluvarasto\\\/\"},{\"@type\":\"ListItem\",\"position\":4,\"name\":\"Varasto-, ty\u00f6paja-, autotalli- ja vastaavat tarvikkeet\",\"item\":\"https:\\\/\\\/storitgroup.com\\\/fi\\\/tuotteet\\\/poydat-tuolit-tyokaluvarasto\\\/varasto-tyopaja-autotalli-ja-vastaavat-tarvikkeet\\\/\"},{\"@type\":\"ListItem\",\"position\":5,\"name\":\"Pidike puhelimelle\"}]},{\"@type\":\"WebSite\",\"@id\":\"https:\\\/\\\/storitgroup.com\\\/fi\\\/#website\",\"url\":\"https:\\\/\\\/storitgroup.com\\\/fi\\\/\",\"name\":\"Storit\",\"description\":\"\",\"potentialAction\":[{\"@type\":\"SearchAction\",\"target\":{\"@type\":\"EntryPoint\",\"urlTemplate\":\"https:\\\/\\\/storitgroup.com\\\/fi\\\/?s={search_term_string}\"},\"query-input\":{\"@type\":\"PropertyValueSpecification\",\"valueRequired\":true,\"valueName\":\"search_term_string\"}}],\"inLanguage\":\"fi\"}]}<\/script>\n<!-- \/ Yoast SEO plugin. -->","yoast_head_json":{"title":"Pidike puhelimelle &#8226; Storit","description":"Pidike puhelimelle \u2014 kohtuulliseen hintaan. Toimitukset kaikkialle Suomeen! \u261b Tutustu tuotteeseen ja tilaa k\u00e4tev\u00e4sti STORIT-verkkokaupasta!","robots":{"index":"index","follow":"follow","max-snippet":"max-snippet:-1","max-image-preview":"max-image-preview:large","max-video-preview":"max-video-preview:-1"},"canonical":"https:\/\/storitgroup.com\/fi\/tuote\/pidike-puhelimelle\/","og_locale":"fi_FI","og_type":"article","og_title":"Pidike puhelimelle &#8226; Storit","og_description":"Pidike puhelimelle \u2014 kohtuulliseen hintaan. Toimitukset kaikkialle Suomeen! \u261b Tutustu tuotteeseen ja tilaa k\u00e4tev\u00e4sti STORIT-verkkokaupasta!","og_url":"https:\/\/storitgroup.com\/fi\/tuote\/pidike-puhelimelle\/","og_site_name":"Storit","article_modified_time":"2025-01-04T00:10:19+00:00","og_image":[{"width":1110,"height":640,"url":"https:\/\/storitgroup.com\/uploads\/2024\/11\/syholder-5.jpg","type":"image\/jpeg"}],"twitter_card":"summary_large_image","schema":{"@context":"https:\/\/schema.org","@graph":[{"@type":["WebPage","ItemPage"],"@id":"https:\/\/storitgroup.com\/fi\/tuote\/pidike-puhelimelle\/","url":"https:\/\/storitgroup.com\/fi\/tuote\/pidike-puhelimelle\/","name":"Pidike puhelimelle &#8226; Storit","isPartOf":{"@id":"https:\/\/storitgroup.com\/fi\/#website"},"primaryImageOfPage":{"@id":"https:\/\/storitgroup.com\/fi\/tuote\/pidike-puhelimelle\/#primaryimage"},"image":{"@id":"https:\/\/storitgroup.com\/fi\/tuote\/pidike-puhelimelle\/#primaryimage"},"thumbnailUrl":"https:\/\/storitgroup.com\/uploads\/2024\/11\/syholder-5.jpg","datePublished":"2024-11-15T13:50:06+00:00","dateModified":"2025-01-04T00:10:19+00:00","description":"Pidike puhelimelle \u2014 kohtuulliseen hintaan. Toimitukset kaikkialle Suomeen! \u261b Tutustu tuotteeseen ja tilaa k\u00e4tev\u00e4sti STORIT-verkkokaupasta!","breadcrumb":{"@id":"https:\/\/storitgroup.com\/fi\/tuote\/pidike-puhelimelle\/#breadcrumb"},"inLanguage":"fi","potentialAction":[{"@type":"ReadAction","target":["https:\/\/storitgroup.com\/fi\/tuote\/pidike-puhelimelle\/"]}]},{"@type":"ImageObject","inLanguage":"fi","@id":"https:\/\/storitgroup.com\/fi\/tuote\/pidike-puhelimelle\/#primaryimage","url":"https:\/\/storitgroup.com\/uploads\/2024\/11\/syholder-5.jpg","contentUrl":"https:\/\/storitgroup.com\/uploads\/2024\/11\/syholder-5.jpg","width":1110,"height":640},{"@type":"BreadcrumbList","@id":"https:\/\/storitgroup.com\/fi\/tuote\/pidike-puhelimelle\/#breadcrumb","itemListElement":[{"@type":"ListItem","position":1,"name":"Kotisivu","item":"https:\/\/storitgroup.com\/fi\/"},{"@type":"ListItem","position":2,"name":"Tuotteet","item":"https:\/\/storitgroup.com\/fi\/tuotteet\/"},{"@type":"ListItem","position":3,"name":"P\u00f6yd\u00e4t, tuolit, ty\u00f6kaluvarasto","item":"https:\/\/storitgroup.com\/fi\/tuotteet\/poydat-tuolit-tyokaluvarasto\/"},{"@type":"ListItem","position":4,"name":"Varasto-, ty\u00f6paja-, autotalli- ja vastaavat tarvikkeet","item":"https:\/\/storitgroup.com\/fi\/tuotteet\/poydat-tuolit-tyokaluvarasto\/varasto-tyopaja-autotalli-ja-vastaavat-tarvikkeet\/"},{"@type":"ListItem","position":5,"name":"Pidike puhelimelle"}]},{"@type":"WebSite","@id":"https:\/\/storitgroup.com\/fi\/#website","url":"https:\/\/storitgroup.com\/fi\/","name":"Storit","description":"","potentialAction":[{"@type":"SearchAction","target":{"@type":"EntryPoint","urlTemplate":"https:\/\/storitgroup.com\/fi\/?s={search_term_string}"},"query-input":{"@type":"PropertyValueSpecification","valueRequired":true,"valueName":"search_term_string"}}],"inLanguage":"fi"}]}},"_links":{"self":[{"href":"https:\/\/storitgroup.com\/fi\/wp-json\/wp\/v2\/product\/220484","targetHints":{"allow":["GET"]}}],"collection":[{"href":"https:\/\/storitgroup.com\/fi\/wp-json\/wp\/v2\/product"}],"about":[{"href":"https:\/\/storitgroup.com\/fi\/wp-json\/wp\/v2\/types\/product"}],"wp:featuredmedia":[{"embeddable":true,"href":"https:\/\/storitgroup.com\/fi\/wp-json\/wp\/v2\/media\/220488"}],"wp:attachment":[{"href":"https:\/\/storitgroup.com\/fi\/wp-json\/wp\/v2\/media?parent=220484"}],"wp:term":[{"taxonomy":"product_brand","embeddable":true,"href":"https:\/\/storitgroup.com\/fi\/wp-json\/wp\/v2\/product_brand?post=220484"},{"taxonomy":"product_cat","embeddable":true,"href":"https:\/\/storitgroup.com\/fi\/wp-json\/wp\/v2\/product_cat?post=220484"},{"taxonomy":"product_tag","embeddable":true,"href":"https:\/\/storitgroup.com\/fi\/wp-json\/wp\/v2\/product_tag?post=220484"}],"curies":[{"name":"wp","href":"https:\/\/api.w.org\/{rel}","templated":true}]}}