{"id":220267,"date":"2025-01-08T15:25:10","date_gmt":"2025-01-08T13:25:10","guid":{"rendered":"https:\/\/storitgroup.com\/?post_type=product&#038;p=220267"},"modified":"2026-05-02T04:36:15","modified_gmt":"2026-05-02T01:36:15","slug":"tyokalukaappi-szw-104-ral9010-9010","status":"publish","type":"product","link":"https:\/\/storitgroup.com\/fi\/tuote\/tyokalukaappi-szw-104-ral9010-9010\/","title":{"rendered":"Ty\u00f6kalukaappi Szw 104, RAL9010\/9010"},"content":{"rendered":"<p>Metallinen ty\u00f6kalukaappi on valmistettu korkealaatuisesta ter\u00e4slevyst\u00e4 ja jauhemaalattu. Kaapilla on: <br \/>4 laatikkoa,<br \/>1 hylly kiskoilla,<br \/>kaapin yl\u00e4osa on varustettu kolmelta puolelta reunoilla est\u00e4m\u00e4\u00e4n esineiden putoamista,<br \/>sylinterilukko kahdella avaimella ty\u00f6kalujen turvalliseen s\u00e4ilytt\u00e4miseen.<\/p>\n","protected":false},"excerpt":{"rendered":"<p>Metallinen ty\u00f6kalukaappi on valmistettu korkealaatuisesta ter\u00e4slevyst\u00e4 ja jauhemaalattu. Kaapilla on:<br \/>\n4 laatikkoa,<br \/>\n1 hylly kiskoilla,<\/p>\n","protected":false},"featured_media":221270,"template":"","meta":{"_acf_changed":false},"product_brand":[],"product_cat":[7071],"product_tag":[],"class_list":{"0":"post-220267","1":"product","2":"type-product","3":"status-publish","4":"has-post-thumbnail","6":"product_room-teollisuus-ja-tuotanto-ergonomiset-tyopaikat-tyokaluvarasto","7":"product_room-tyopaja-ja-autotalli","8":"product_cat-tyokalukaapit-ja-vaunut","10":"first","11":"instock","12":"taxable","13":"shipping-taxable","14":"purchasable","15":"product-type-simple"},"acf":[],"yoast_head":"<!-- This site is optimized with the Yoast SEO plugin v27.4 - https:\/\/yoast.com\/product\/yoast-seo-wordpress\/ -->\n<title>Ty\u00f6kalukaappi Szw 104, RAL9010\/9010 &#8226; Storit<\/title>\n<meta name=\"description\" content=\"Ty\u00f6kalukaappi Szw 104, RAL9010\/9010 \u2014 kohtuulliseen hintaan. Toimitukset kaikkialle Suomeen! \u261b Tutustu tuotteeseen ja tilaa k\u00e4tev\u00e4sti STORIT-verkkokaupasta!\" \/>\n<meta name=\"robots\" content=\"index, follow, max-snippet:-1, max-image-preview:large, max-video-preview:-1\" \/>\n<link rel=\"canonical\" href=\"https:\/\/storitgroup.com\/fi\/tuote\/tyokalukaappi-szw-104-ral9010-9010\/\" \/>\n<meta property=\"og:locale\" content=\"fi_FI\" \/>\n<meta property=\"og:type\" content=\"article\" \/>\n<meta property=\"og:title\" content=\"Ty\u00f6kalukaappi Szw 104, RAL9010\/9010 &#8226; Storit\" \/>\n<meta property=\"og:description\" content=\"Ty\u00f6kalukaappi Szw 104, RAL9010\/9010 \u2014 kohtuulliseen hintaan. Toimitukset kaikkialle Suomeen! \u261b Tutustu tuotteeseen ja tilaa k\u00e4tev\u00e4sti STORIT-verkkokaupasta!\" \/>\n<meta property=\"og:url\" content=\"https:\/\/storitgroup.com\/fi\/tuote\/tyokalukaappi-szw-104-ral9010-9010\/\" \/>\n<meta property=\"og:site_name\" content=\"Storit\" \/>\n<meta property=\"article:modified_time\" content=\"2026-05-02T01:36:15+00:00\" \/>\n<meta property=\"og:image\" content=\"https:\/\/storitgroup.com\/uploads\/2024\/10\/mwszw0101010101-2-scaled.jpg\" \/>\n\t<meta property=\"og:image:width\" content=\"1441\" \/>\n\t<meta property=\"og:image:height\" content=\"2560\" \/>\n\t<meta property=\"og:image:type\" content=\"image\/jpeg\" \/>\n<meta name=\"twitter:card\" content=\"summary_large_image\" \/>\n<script type=\"application\/ld+json\" class=\"yoast-schema-graph\">{\"@context\":\"https:\\\/\\\/schema.org\",\"@graph\":[{\"@type\":[\"WebPage\",\"ItemPage\"],\"@id\":\"https:\\\/\\\/storitgroup.com\\\/fi\\\/tuote\\\/tyokalukaappi-szw-104-ral9010-9010\\\/\",\"url\":\"https:\\\/\\\/storitgroup.com\\\/fi\\\/tuote\\\/tyokalukaappi-szw-104-ral9010-9010\\\/\",\"name\":\"Ty\u00f6kalukaappi Szw 104, RAL9010\\\/9010 &#8226; Storit\",\"isPartOf\":{\"@id\":\"https:\\\/\\\/storitgroup.com\\\/fi\\\/#website\"},\"primaryImageOfPage\":{\"@id\":\"https:\\\/\\\/storitgroup.com\\\/fi\\\/tuote\\\/tyokalukaappi-szw-104-ral9010-9010\\\/#primaryimage\"},\"image\":{\"@id\":\"https:\\\/\\\/storitgroup.com\\\/fi\\\/tuote\\\/tyokalukaappi-szw-104-ral9010-9010\\\/#primaryimage\"},\"thumbnailUrl\":\"https:\\\/\\\/storitgroup.com\\\/uploads\\\/2024\\\/10\\\/mwszw0101010101-2-scaled.jpg\",\"datePublished\":\"2025-01-08T13:25:10+00:00\",\"dateModified\":\"2026-05-02T01:36:15+00:00\",\"description\":\"Ty\u00f6kalukaappi Szw 104, RAL9010\\\/9010 \u2014 kohtuulliseen hintaan. Toimitukset kaikkialle Suomeen! \u261b Tutustu tuotteeseen ja tilaa k\u00e4tev\u00e4sti STORIT-verkkokaupasta!\",\"breadcrumb\":{\"@id\":\"https:\\\/\\\/storitgroup.com\\\/fi\\\/tuote\\\/tyokalukaappi-szw-104-ral9010-9010\\\/#breadcrumb\"},\"inLanguage\":\"fi\",\"potentialAction\":[{\"@type\":\"ReadAction\",\"target\":[\"https:\\\/\\\/storitgroup.com\\\/fi\\\/tuote\\\/tyokalukaappi-szw-104-ral9010-9010\\\/\"]}]},{\"@type\":\"ImageObject\",\"inLanguage\":\"fi\",\"@id\":\"https:\\\/\\\/storitgroup.com\\\/fi\\\/tuote\\\/tyokalukaappi-szw-104-ral9010-9010\\\/#primaryimage\",\"url\":\"https:\\\/\\\/storitgroup.com\\\/uploads\\\/2024\\\/10\\\/mwszw0101010101-2-scaled.jpg\",\"contentUrl\":\"https:\\\/\\\/storitgroup.com\\\/uploads\\\/2024\\\/10\\\/mwszw0101010101-2-scaled.jpg\",\"width\":1441,\"height\":2560},{\"@type\":\"BreadcrumbList\",\"@id\":\"https:\\\/\\\/storitgroup.com\\\/fi\\\/tuote\\\/tyokalukaappi-szw-104-ral9010-9010\\\/#breadcrumb\",\"itemListElement\":[{\"@type\":\"ListItem\",\"position\":1,\"name\":\"Kotisivu\",\"item\":\"https:\\\/\\\/storitgroup.com\\\/fi\\\/\"},{\"@type\":\"ListItem\",\"position\":2,\"name\":\"Tuotteet\",\"item\":\"https:\\\/\\\/storitgroup.com\\\/fi\\\/tuotteet\\\/\"},{\"@type\":\"ListItem\",\"position\":3,\"name\":\"Metallikaapit, pukukaapit\",\"item\":\"https:\\\/\\\/storitgroup.com\\\/fi\\\/tuotteet\\\/metallikaapit-pukukaapit\\\/\"},{\"@type\":\"ListItem\",\"position\":4,\"name\":\"Ty\u00f6kalukaapit ja -vaunut\",\"item\":\"https:\\\/\\\/storitgroup.com\\\/fi\\\/tuotteet\\\/metallikaapit-pukukaapit\\\/tyokalukaapit-ja-vaunut\\\/\"},{\"@type\":\"ListItem\",\"position\":5,\"name\":\"Ty\u00f6kalukaappi Szw 104, RAL9010\\\/9010\"}]},{\"@type\":\"WebSite\",\"@id\":\"https:\\\/\\\/storitgroup.com\\\/fi\\\/#website\",\"url\":\"https:\\\/\\\/storitgroup.com\\\/fi\\\/\",\"name\":\"Storit\",\"description\":\"\",\"potentialAction\":[{\"@type\":\"SearchAction\",\"target\":{\"@type\":\"EntryPoint\",\"urlTemplate\":\"https:\\\/\\\/storitgroup.com\\\/fi\\\/?s={search_term_string}\"},\"query-input\":{\"@type\":\"PropertyValueSpecification\",\"valueRequired\":true,\"valueName\":\"search_term_string\"}}],\"inLanguage\":\"fi\"}]}<\/script>\n<!-- \/ Yoast SEO plugin. -->","yoast_head_json":{"title":"Ty\u00f6kalukaappi Szw 104, RAL9010\/9010 &#8226; Storit","description":"Ty\u00f6kalukaappi Szw 104, RAL9010\/9010 \u2014 kohtuulliseen hintaan. Toimitukset kaikkialle Suomeen! \u261b Tutustu tuotteeseen ja tilaa k\u00e4tev\u00e4sti STORIT-verkkokaupasta!","robots":{"index":"index","follow":"follow","max-snippet":"max-snippet:-1","max-image-preview":"max-image-preview:large","max-video-preview":"max-video-preview:-1"},"canonical":"https:\/\/storitgroup.com\/fi\/tuote\/tyokalukaappi-szw-104-ral9010-9010\/","og_locale":"fi_FI","og_type":"article","og_title":"Ty\u00f6kalukaappi Szw 104, RAL9010\/9010 &#8226; Storit","og_description":"Ty\u00f6kalukaappi Szw 104, RAL9010\/9010 \u2014 kohtuulliseen hintaan. Toimitukset kaikkialle Suomeen! \u261b Tutustu tuotteeseen ja tilaa k\u00e4tev\u00e4sti STORIT-verkkokaupasta!","og_url":"https:\/\/storitgroup.com\/fi\/tuote\/tyokalukaappi-szw-104-ral9010-9010\/","og_site_name":"Storit","article_modified_time":"2026-05-02T01:36:15+00:00","og_image":[{"width":1441,"height":2560,"url":"https:\/\/storitgroup.com\/uploads\/2024\/10\/mwszw0101010101-2-scaled.jpg","type":"image\/jpeg"}],"twitter_card":"summary_large_image","schema":{"@context":"https:\/\/schema.org","@graph":[{"@type":["WebPage","ItemPage"],"@id":"https:\/\/storitgroup.com\/fi\/tuote\/tyokalukaappi-szw-104-ral9010-9010\/","url":"https:\/\/storitgroup.com\/fi\/tuote\/tyokalukaappi-szw-104-ral9010-9010\/","name":"Ty\u00f6kalukaappi Szw 104, RAL9010\/9010 &#8226; Storit","isPartOf":{"@id":"https:\/\/storitgroup.com\/fi\/#website"},"primaryImageOfPage":{"@id":"https:\/\/storitgroup.com\/fi\/tuote\/tyokalukaappi-szw-104-ral9010-9010\/#primaryimage"},"image":{"@id":"https:\/\/storitgroup.com\/fi\/tuote\/tyokalukaappi-szw-104-ral9010-9010\/#primaryimage"},"thumbnailUrl":"https:\/\/storitgroup.com\/uploads\/2024\/10\/mwszw0101010101-2-scaled.jpg","datePublished":"2025-01-08T13:25:10+00:00","dateModified":"2026-05-02T01:36:15+00:00","description":"Ty\u00f6kalukaappi Szw 104, RAL9010\/9010 \u2014 kohtuulliseen hintaan. Toimitukset kaikkialle Suomeen! \u261b Tutustu tuotteeseen ja tilaa k\u00e4tev\u00e4sti STORIT-verkkokaupasta!","breadcrumb":{"@id":"https:\/\/storitgroup.com\/fi\/tuote\/tyokalukaappi-szw-104-ral9010-9010\/#breadcrumb"},"inLanguage":"fi","potentialAction":[{"@type":"ReadAction","target":["https:\/\/storitgroup.com\/fi\/tuote\/tyokalukaappi-szw-104-ral9010-9010\/"]}]},{"@type":"ImageObject","inLanguage":"fi","@id":"https:\/\/storitgroup.com\/fi\/tuote\/tyokalukaappi-szw-104-ral9010-9010\/#primaryimage","url":"https:\/\/storitgroup.com\/uploads\/2024\/10\/mwszw0101010101-2-scaled.jpg","contentUrl":"https:\/\/storitgroup.com\/uploads\/2024\/10\/mwszw0101010101-2-scaled.jpg","width":1441,"height":2560},{"@type":"BreadcrumbList","@id":"https:\/\/storitgroup.com\/fi\/tuote\/tyokalukaappi-szw-104-ral9010-9010\/#breadcrumb","itemListElement":[{"@type":"ListItem","position":1,"name":"Kotisivu","item":"https:\/\/storitgroup.com\/fi\/"},{"@type":"ListItem","position":2,"name":"Tuotteet","item":"https:\/\/storitgroup.com\/fi\/tuotteet\/"},{"@type":"ListItem","position":3,"name":"Metallikaapit, pukukaapit","item":"https:\/\/storitgroup.com\/fi\/tuotteet\/metallikaapit-pukukaapit\/"},{"@type":"ListItem","position":4,"name":"Ty\u00f6kalukaapit ja -vaunut","item":"https:\/\/storitgroup.com\/fi\/tuotteet\/metallikaapit-pukukaapit\/tyokalukaapit-ja-vaunut\/"},{"@type":"ListItem","position":5,"name":"Ty\u00f6kalukaappi Szw 104, RAL9010\/9010"}]},{"@type":"WebSite","@id":"https:\/\/storitgroup.com\/fi\/#website","url":"https:\/\/storitgroup.com\/fi\/","name":"Storit","description":"","potentialAction":[{"@type":"SearchAction","target":{"@type":"EntryPoint","urlTemplate":"https:\/\/storitgroup.com\/fi\/?s={search_term_string}"},"query-input":{"@type":"PropertyValueSpecification","valueRequired":true,"valueName":"search_term_string"}}],"inLanguage":"fi"}]}},"_links":{"self":[{"href":"https:\/\/storitgroup.com\/fi\/wp-json\/wp\/v2\/product\/220267","targetHints":{"allow":["GET"]}}],"collection":[{"href":"https:\/\/storitgroup.com\/fi\/wp-json\/wp\/v2\/product"}],"about":[{"href":"https:\/\/storitgroup.com\/fi\/wp-json\/wp\/v2\/types\/product"}],"wp:featuredmedia":[{"embeddable":true,"href":"https:\/\/storitgroup.com\/fi\/wp-json\/wp\/v2\/media\/221270"}],"wp:attachment":[{"href":"https:\/\/storitgroup.com\/fi\/wp-json\/wp\/v2\/media?parent=220267"}],"wp:term":[{"taxonomy":"product_brand","embeddable":true,"href":"https:\/\/storitgroup.com\/fi\/wp-json\/wp\/v2\/product_brand?post=220267"},{"taxonomy":"product_cat","embeddable":true,"href":"https:\/\/storitgroup.com\/fi\/wp-json\/wp\/v2\/product_cat?post=220267"},{"taxonomy":"product_tag","embeddable":true,"href":"https:\/\/storitgroup.com\/fi\/wp-json\/wp\/v2\/product_tag?post=220267"}],"curies":[{"name":"wp","href":"https:\/\/api.w.org\/{rel}","templated":true}]}}