{"id":220262,"date":"2024-10-08T15:40:59","date_gmt":"2024-10-08T12:40:59","guid":{"rendered":"https:\/\/storitgroup.com\/?post_type=product&#038;p=220262"},"modified":"2024-11-25T15:10:41","modified_gmt":"2024-11-25T13:10:41","slug":"marjalaatikko-600x400x125-mm-musta","status":"publish","type":"product","link":"https:\/\/storitgroup.com\/fi\/tuote\/marjalaatikko-600x400x125-mm-musta\/","title":{"rendered":"Marjalaatikko 600x400x125 mm, musta"},"content":{"rendered":"<p>Laatikot ovat saatavilla eri v\u00e4reiss\u00e4, kysy saatavuutta erikseen!<br \/>Marjalaatikko on erityisesti suunniteltu marjojen s\u00e4ilytt\u00e4mist\u00e4 ja kuljettamista varten. Pienet jalat laatikon pohjassa mahdollistavat niiten pinottamisen p\u00e4\u00e4llekk\u00e4in ilman, ett\u00e4 marjat menev\u00e4t rikki, ja rei\u00b4itetyt sivut ja pohja antavat ilman kiert\u00e4\u00e4 vapaasti. Tuote on arvostettu maanviljelij\u00f6iden ja marjanviljelij\u00f6iden keskuudessa turvalliseksi ja k\u00e4tev\u00e4ksi kuljettamiseksi markkinoille tai varastoon. Marjalaatikot ovat ymp\u00e4rist\u00f6yst\u00e4v\u00e4llinen valinta, sill\u00e4 ne ovat uudelleenk\u00e4ytett\u00e4vi\u00e4 ja kierr\u00e4tett\u00e4v\u00e4\u00e4 materiaalia voidaan k\u00e4sitell\u00e4 uudelleen k\u00e4yt\u00f6n j\u00e4lkeen.<\/p>\n","protected":false},"excerpt":{"rendered":"<p>Laatikot ovat saatavilla eri v\u00e4reiss\u00e4, kysy saatavuutta erikseen!<br \/>\nMarjalaatikko on erityisesti suunniteltu marjojen s\u00e4ilytt\u00e4mist\u00e4 ja kuljettamista varten. Pienet jalat laatikon pohjassa mahdollistavat niiten pinottamisen p\u00e4\u00e4llekk\u00e4in ilman, ett\u00e4 marjat menev\u00e4t rikki, ja rei\u00b4itetyt sivut ja pohja antavat ilman kiert\u00e4\u00e4 vapaasti. Tuote on arvostettu maanviljelij\u00f6iden ja marjanviljelij\u00f6iden keskuudessa turvalliseksi ja k\u00e4tev\u00e4ksi kuljettamiseksi markkinoille tai varastoon. Marjalaatikot ovat ymp\u00e4rist\u00f6yst\u00e4v\u00e4llinen valinta, sill\u00e4 ne ovat uudelleenk\u00e4ytett\u00e4vi\u00e4 ja kierr\u00e4tett\u00e4v\u00e4\u00e4 materiaalia voidaan k\u00e4sitell\u00e4 uudelleen k\u00e4yt\u00f6n j\u00e4lkeen.<\/p>\n","protected":false},"featured_media":219889,"template":"","meta":{"_acf_changed":false},"product_brand":[],"product_cat":[7102],"product_tag":[],"class_list":{"0":"post-220262","1":"product","2":"type-product","3":"status-publish","4":"has-post-thumbnail","6":"product_room-ruuan-kasittely","7":"product_room-kaupankaynti-ja-myymalat","8":"product_room-iso-varasto","9":"product_room-pieni-varasto","10":"product_room-kotiratkaisut","11":"product_cat-muovilaatikot-muovisailiot","13":"first","14":"onbackorder","15":"taxable","16":"shipping-taxable","17":"purchasable","18":"product-type-simple"},"acf":[],"yoast_head":"<!-- This site is optimized with the Yoast SEO plugin v27.3 - https:\/\/yoast.com\/product\/yoast-seo-wordpress\/ -->\n<title>Marjalaatikko 600x400x125 mm, musta &#8226; Storit<\/title>\n<meta name=\"description\" content=\"Marjalaatikko 600x400x125 mm, musta \u2014 kohtuulliseen hintaan. Toimitukset kaikkialle Suomeen! \u261b Tutustu tuotteeseen ja tilaa k\u00e4tev\u00e4sti STORIT-verkkokaupasta!\" \/>\n<meta name=\"robots\" content=\"index, follow, max-snippet:-1, max-image-preview:large, max-video-preview:-1\" \/>\n<link rel=\"canonical\" href=\"https:\/\/storitgroup.com\/fi\/tuote\/marjalaatikko-600x400x125-mm-musta\/\" \/>\n<meta property=\"og:locale\" content=\"fi_FI\" \/>\n<meta property=\"og:type\" content=\"article\" \/>\n<meta property=\"og:title\" content=\"Marjalaatikko 600x400x125 mm, musta &#8226; Storit\" \/>\n<meta property=\"og:description\" content=\"Marjalaatikko 600x400x125 mm, musta \u2014 kohtuulliseen hintaan. Toimitukset kaikkialle Suomeen! \u261b Tutustu tuotteeseen ja tilaa k\u00e4tev\u00e4sti STORIT-verkkokaupasta!\" \/>\n<meta property=\"og:url\" content=\"https:\/\/storitgroup.com\/fi\/tuote\/marjalaatikko-600x400x125-mm-musta\/\" \/>\n<meta property=\"og:site_name\" content=\"Storit\" \/>\n<meta property=\"article:modified_time\" content=\"2024-11-25T13:10:41+00:00\" \/>\n<meta property=\"og:image\" content=\"https:\/\/storitgroup.com\/uploads\/2024\/08\/15.-s4.jpg\" \/>\n\t<meta property=\"og:image:width\" content=\"603\" \/>\n\t<meta property=\"og:image:height\" content=\"389\" \/>\n\t<meta property=\"og:image:type\" content=\"image\/jpeg\" \/>\n<meta name=\"twitter:card\" content=\"summary_large_image\" \/>\n<script type=\"application\/ld+json\" class=\"yoast-schema-graph\">{\"@context\":\"https:\\\/\\\/schema.org\",\"@graph\":[{\"@type\":[\"WebPage\",\"ItemPage\"],\"@id\":\"https:\\\/\\\/storitgroup.com\\\/fi\\\/tuote\\\/marjalaatikko-600x400x125-mm-musta\\\/\",\"url\":\"https:\\\/\\\/storitgroup.com\\\/fi\\\/tuote\\\/marjalaatikko-600x400x125-mm-musta\\\/\",\"name\":\"Marjalaatikko 600x400x125 mm, musta &#8226; Storit\",\"isPartOf\":{\"@id\":\"https:\\\/\\\/storitgroup.com\\\/fi\\\/#website\"},\"primaryImageOfPage\":{\"@id\":\"https:\\\/\\\/storitgroup.com\\\/fi\\\/tuote\\\/marjalaatikko-600x400x125-mm-musta\\\/#primaryimage\"},\"image\":{\"@id\":\"https:\\\/\\\/storitgroup.com\\\/fi\\\/tuote\\\/marjalaatikko-600x400x125-mm-musta\\\/#primaryimage\"},\"thumbnailUrl\":\"https:\\\/\\\/storitgroup.com\\\/uploads\\\/2024\\\/08\\\/15.-s4.jpg\",\"datePublished\":\"2024-10-08T12:40:59+00:00\",\"dateModified\":\"2024-11-25T13:10:41+00:00\",\"description\":\"Marjalaatikko 600x400x125 mm, musta \u2014 kohtuulliseen hintaan. Toimitukset kaikkialle Suomeen! \u261b Tutustu tuotteeseen ja tilaa k\u00e4tev\u00e4sti STORIT-verkkokaupasta!\",\"breadcrumb\":{\"@id\":\"https:\\\/\\\/storitgroup.com\\\/fi\\\/tuote\\\/marjalaatikko-600x400x125-mm-musta\\\/#breadcrumb\"},\"inLanguage\":\"fi\",\"potentialAction\":[{\"@type\":\"ReadAction\",\"target\":[\"https:\\\/\\\/storitgroup.com\\\/fi\\\/tuote\\\/marjalaatikko-600x400x125-mm-musta\\\/\"]}]},{\"@type\":\"ImageObject\",\"inLanguage\":\"fi\",\"@id\":\"https:\\\/\\\/storitgroup.com\\\/fi\\\/tuote\\\/marjalaatikko-600x400x125-mm-musta\\\/#primaryimage\",\"url\":\"https:\\\/\\\/storitgroup.com\\\/uploads\\\/2024\\\/08\\\/15.-s4.jpg\",\"contentUrl\":\"https:\\\/\\\/storitgroup.com\\\/uploads\\\/2024\\\/08\\\/15.-s4.jpg\",\"width\":603,\"height\":389},{\"@type\":\"BreadcrumbList\",\"@id\":\"https:\\\/\\\/storitgroup.com\\\/fi\\\/tuote\\\/marjalaatikko-600x400x125-mm-musta\\\/#breadcrumb\",\"itemListElement\":[{\"@type\":\"ListItem\",\"position\":1,\"name\":\"Kotisivu\",\"item\":\"https:\\\/\\\/storitgroup.com\\\/fi\\\/\"},{\"@type\":\"ListItem\",\"position\":2,\"name\":\"Tuotteet\",\"item\":\"https:\\\/\\\/storitgroup.com\\\/fi\\\/tuotteet\\\/\"},{\"@type\":\"ListItem\",\"position\":3,\"name\":\"Varastolaatikot, s\u00e4ilytyslaatikot\",\"item\":\"https:\\\/\\\/storitgroup.com\\\/fi\\\/varastolaatikot-sailytyslaatikot\\\/\"},{\"@type\":\"ListItem\",\"position\":4,\"name\":\"Muovilaatikot, muovis\u00e4ili\u00f6t\",\"item\":\"https:\\\/\\\/storitgroup.com\\\/fi\\\/varastolaatikot-sailytyslaatikot\\\/muovilaatikot-muovisailiot\\\/\"},{\"@type\":\"ListItem\",\"position\":5,\"name\":\"Marjalaatikko 600x400x125 mm, musta\"}]},{\"@type\":\"WebSite\",\"@id\":\"https:\\\/\\\/storitgroup.com\\\/fi\\\/#website\",\"url\":\"https:\\\/\\\/storitgroup.com\\\/fi\\\/\",\"name\":\"Storit\",\"description\":\"\",\"potentialAction\":[{\"@type\":\"SearchAction\",\"target\":{\"@type\":\"EntryPoint\",\"urlTemplate\":\"https:\\\/\\\/storitgroup.com\\\/fi\\\/?s={search_term_string}\"},\"query-input\":{\"@type\":\"PropertyValueSpecification\",\"valueRequired\":true,\"valueName\":\"search_term_string\"}}],\"inLanguage\":\"fi\"}]}<\/script>\n<!-- \/ Yoast SEO plugin. -->","yoast_head_json":{"title":"Marjalaatikko 600x400x125 mm, musta &#8226; Storit","description":"Marjalaatikko 600x400x125 mm, musta \u2014 kohtuulliseen hintaan. Toimitukset kaikkialle Suomeen! \u261b Tutustu tuotteeseen ja tilaa k\u00e4tev\u00e4sti STORIT-verkkokaupasta!","robots":{"index":"index","follow":"follow","max-snippet":"max-snippet:-1","max-image-preview":"max-image-preview:large","max-video-preview":"max-video-preview:-1"},"canonical":"https:\/\/storitgroup.com\/fi\/tuote\/marjalaatikko-600x400x125-mm-musta\/","og_locale":"fi_FI","og_type":"article","og_title":"Marjalaatikko 600x400x125 mm, musta &#8226; Storit","og_description":"Marjalaatikko 600x400x125 mm, musta \u2014 kohtuulliseen hintaan. Toimitukset kaikkialle Suomeen! \u261b Tutustu tuotteeseen ja tilaa k\u00e4tev\u00e4sti STORIT-verkkokaupasta!","og_url":"https:\/\/storitgroup.com\/fi\/tuote\/marjalaatikko-600x400x125-mm-musta\/","og_site_name":"Storit","article_modified_time":"2024-11-25T13:10:41+00:00","og_image":[{"width":603,"height":389,"url":"https:\/\/storitgroup.com\/uploads\/2024\/08\/15.-s4.jpg","type":"image\/jpeg"}],"twitter_card":"summary_large_image","schema":{"@context":"https:\/\/schema.org","@graph":[{"@type":["WebPage","ItemPage"],"@id":"https:\/\/storitgroup.com\/fi\/tuote\/marjalaatikko-600x400x125-mm-musta\/","url":"https:\/\/storitgroup.com\/fi\/tuote\/marjalaatikko-600x400x125-mm-musta\/","name":"Marjalaatikko 600x400x125 mm, musta &#8226; Storit","isPartOf":{"@id":"https:\/\/storitgroup.com\/fi\/#website"},"primaryImageOfPage":{"@id":"https:\/\/storitgroup.com\/fi\/tuote\/marjalaatikko-600x400x125-mm-musta\/#primaryimage"},"image":{"@id":"https:\/\/storitgroup.com\/fi\/tuote\/marjalaatikko-600x400x125-mm-musta\/#primaryimage"},"thumbnailUrl":"https:\/\/storitgroup.com\/uploads\/2024\/08\/15.-s4.jpg","datePublished":"2024-10-08T12:40:59+00:00","dateModified":"2024-11-25T13:10:41+00:00","description":"Marjalaatikko 600x400x125 mm, musta \u2014 kohtuulliseen hintaan. Toimitukset kaikkialle Suomeen! \u261b Tutustu tuotteeseen ja tilaa k\u00e4tev\u00e4sti STORIT-verkkokaupasta!","breadcrumb":{"@id":"https:\/\/storitgroup.com\/fi\/tuote\/marjalaatikko-600x400x125-mm-musta\/#breadcrumb"},"inLanguage":"fi","potentialAction":[{"@type":"ReadAction","target":["https:\/\/storitgroup.com\/fi\/tuote\/marjalaatikko-600x400x125-mm-musta\/"]}]},{"@type":"ImageObject","inLanguage":"fi","@id":"https:\/\/storitgroup.com\/fi\/tuote\/marjalaatikko-600x400x125-mm-musta\/#primaryimage","url":"https:\/\/storitgroup.com\/uploads\/2024\/08\/15.-s4.jpg","contentUrl":"https:\/\/storitgroup.com\/uploads\/2024\/08\/15.-s4.jpg","width":603,"height":389},{"@type":"BreadcrumbList","@id":"https:\/\/storitgroup.com\/fi\/tuote\/marjalaatikko-600x400x125-mm-musta\/#breadcrumb","itemListElement":[{"@type":"ListItem","position":1,"name":"Kotisivu","item":"https:\/\/storitgroup.com\/fi\/"},{"@type":"ListItem","position":2,"name":"Tuotteet","item":"https:\/\/storitgroup.com\/fi\/tuotteet\/"},{"@type":"ListItem","position":3,"name":"Varastolaatikot, s\u00e4ilytyslaatikot","item":"https:\/\/storitgroup.com\/fi\/varastolaatikot-sailytyslaatikot\/"},{"@type":"ListItem","position":4,"name":"Muovilaatikot, muovis\u00e4ili\u00f6t","item":"https:\/\/storitgroup.com\/fi\/varastolaatikot-sailytyslaatikot\/muovilaatikot-muovisailiot\/"},{"@type":"ListItem","position":5,"name":"Marjalaatikko 600x400x125 mm, musta"}]},{"@type":"WebSite","@id":"https:\/\/storitgroup.com\/fi\/#website","url":"https:\/\/storitgroup.com\/fi\/","name":"Storit","description":"","potentialAction":[{"@type":"SearchAction","target":{"@type":"EntryPoint","urlTemplate":"https:\/\/storitgroup.com\/fi\/?s={search_term_string}"},"query-input":{"@type":"PropertyValueSpecification","valueRequired":true,"valueName":"search_term_string"}}],"inLanguage":"fi"}]}},"_links":{"self":[{"href":"https:\/\/storitgroup.com\/fi\/wp-json\/wp\/v2\/product\/220262","targetHints":{"allow":["GET"]}}],"collection":[{"href":"https:\/\/storitgroup.com\/fi\/wp-json\/wp\/v2\/product"}],"about":[{"href":"https:\/\/storitgroup.com\/fi\/wp-json\/wp\/v2\/types\/product"}],"wp:featuredmedia":[{"embeddable":true,"href":"https:\/\/storitgroup.com\/fi\/wp-json\/wp\/v2\/media\/219889"}],"wp:attachment":[{"href":"https:\/\/storitgroup.com\/fi\/wp-json\/wp\/v2\/media?parent=220262"}],"wp:term":[{"taxonomy":"product_brand","embeddable":true,"href":"https:\/\/storitgroup.com\/fi\/wp-json\/wp\/v2\/product_brand?post=220262"},{"taxonomy":"product_cat","embeddable":true,"href":"https:\/\/storitgroup.com\/fi\/wp-json\/wp\/v2\/product_cat?post=220262"},{"taxonomy":"product_tag","embeddable":true,"href":"https:\/\/storitgroup.com\/fi\/wp-json\/wp\/v2\/product_tag?post=220262"}],"curies":[{"name":"wp","href":"https:\/\/api.w.org\/{rel}","templated":true}]}}