{"id":220064,"date":"2024-09-09T10:55:31","date_gmt":"2024-09-09T12:55:38","guid":{"rendered":"https:\/\/storitgroup.com\/?post_type=product&#038;p=220064"},"modified":"2026-04-24T16:26:55","modified_gmt":"2026-04-24T13:26:55","slug":"akkukayttoinen-pinoamisvaunu-staxx-ws15h-fl-2500","status":"publish","type":"product","link":"https:\/\/storitgroup.com\/fi\/tuote\/akkukayttoinen-pinoamisvaunu-staxx-ws15h-fl-2500\/","title":{"rendered":"Akkuk\u00e4ytt\u00f6inen pinoamisvaunu Staxx WS15H-FL-2500"},"content":{"rendered":"<p><strong>Tehokas ja Mukava Ratkaisu Ahtaisiin Varastotiloihin<\/strong><\/p>\n<p>Uusi WS12H-FL s\u00e4hk\u00f6inen pinoamisvaunu on suunniteltu tehokkaaksi ja mukavaksi ty\u00f6skentelyksi pienemm\u00e4ll\u00e4 ty\u00f6kuormalla ja ahtaammissa olosuhteissa. T\u00e4m\u00e4 pinoamisvaunu yhdist\u00e4\u00e4 modernin teknologian ja k\u00e4ytt\u00e4j\u00e4yst\u00e4v\u00e4llisen muotoilun, mik\u00e4 tekee tavaroiden k\u00e4sittelyst\u00e4 helppoa ja turvallista.<\/p>\n<p><strong>P\u00e4\u00e4ominaisuudet:<\/strong><\/p>\n<ul>\n<li><strong>Kaksiosainen vapanostomasto:<\/strong>Se mahdollistaa laitteen k\u00e4yt\u00f6n my\u00f6s matalammissa tiloissa, sill\u00e4 haarukat nousevat ensin yl\u00f6s ja sitten masto avautuu.<\/li>\n<li><strong>Muokattava Nopeus:<\/strong> Proportionaalinen kytkin takaa sujuvan ja vakaan nostamisen sek\u00e4 laskemisen, v\u00e4hent\u00e4en mekaanista iskuja ja parantaen ty\u00f6tehokkuutta.<\/li>\n<li><strong>\u00c4lyk\u00e4s Ohjaustanko:<\/strong> Monitoimisella n\u00e4yt\u00f6ll\u00e4 varustettu kahva mahdollistaa nopean vikadiagnostiikan ja helpomman huollon, tehden laitteen k\u00e4yt\u00f6st\u00e4 entist\u00e4 mukavampaa.<\/li>\n<\/ul>\n<p><strong>Turvallisuus ja Vakavuus:<\/strong><\/p>\n<ul>\n<li><strong>Turvallinen k\u00e4ytt\u00f6:<\/strong> Haarukoiden nostamisen my\u00f6t\u00e4 automaattisesti v\u00e4henev\u00e4 ajonopeus tekee k\u00e4yt\u00f6st\u00e4 turvallisempaa my\u00f6s nostetun tavaran kanssa.<\/li>\n<li><strong>Korkea Vakavuus:<\/strong> Laajempi akseliv\u00e4li ja kaksoisketjusuunnittelu tarjoavat suurempaa turvallisuutta ja vakautta.<\/li>\n<li><strong>Turvamekanismit:<\/strong> H\u00e4t\u00e4tilanteen k\u00e4\u00e4nt\u00f6katkaisin, akun alij\u00e4nnitesuoja ja sylinterin r\u00e4j\u00e4hdyssuojausventtiili takaavat turvallisen toiminnan.<\/li>\n<li><strong>Matalat Korkeudet:<\/strong> Matala korkeus v\u00e4hent\u00e4\u00e4 jalkavammojen riski\u00e4.<\/li>\n<\/ul>\n<p><strong>Mukavuus ja K\u00e4ytett\u00e4vyys:<\/strong><\/p>\n<ul>\n<li><strong>Ergonominen Muotoilu:<\/strong> Alhaalla sijaitseva ohjaustanko ja pieni k\u00e4\u00e4nt\u00f6s\u00e4de helpottavat ohjattavuutta.<\/li>\n<li><strong>Integroitu Laturi:<\/strong> Mahdollistaa laitteen lataamisen mist\u00e4 tahansa 220V sein\u00e4pistokkeesta.<\/li>\n<\/ul>\n<p><strong>Tekniset Tiedot:<\/strong><\/p>\n<p>WS12H-FL s\u00e4hk\u00f6inen pinoamisvaunu on varustettu standardina 24V\/71Ah huoltova<\/p>\n","protected":false},"excerpt":{"rendered":"<p>Tehokas ja Mukava Ratkaisu Ahtaisiin VarastotiloihinUusi WS12H-FL s\u00e4hk\u00f6inen pinoamisvaunu on suunniteltu tehokkaaksi ja mukavaksi ty\u00f6skentelyksi pienemm\u00e4ll\u00e4 ty\u00f6kuormalla ja ahtaammissa olosuhteissa. T\u00e4m\u00e4 pinoamisvaunu yhdist\u00e4\u00e4 modernin teknologian ja k\u00e4ytt\u00e4j\u00e4yst\u00e4v\u00e4llisen muotoilun, mik\u00e4 tekee tavaroiden k\u00e4sittelyst\u00e4 helppoa ja turvallista.P\u00e4\u00e4ominaisuudet:Kaksiosainen vapanostomasto:Se mahdollistaa laitteen k\u00e4yt\u00f6n my\u00f6s matalammissa tiloissa, sill\u00e4 haarukat nousevat ensin yl\u00f6s ja sitten masto avautuu.Muokattava Nopeus: Proportionaalinen kytkin takaa sujuvan ja vakaan nostamisen sek\u00e4 laskemisen, v\u00e4hent\u00e4en mekaanista iskuja ja parantaen ty\u00f6tehokkuutta.\u00c4lyk\u00e4s Ohjaustanko: Monitoimisella n\u00e4yt\u00f6ll\u00e4 varustettu kahva mahdollistaa nopean vikadiagnostiikan ja helpomman huollon, tehden laitteen k\u00e4yt\u00f6st\u00e4 entist\u00e4 mukavampaa.Turvallisuus ja Vakavuus:Turvallinen k\u00e4ytt\u00f6: Haarukoiden nostamisen my\u00f6t\u00e4 automaattisesti v\u00e4henev\u00e4 ajonopeus tekee k\u00e4yt\u00f6st\u00e4 turvallisempaa my\u00f6s nostetun tavaran kanssa.Korkea Vakavuus: Laajempi akseliv\u00e4li ja kaksoisketjusuunnittelu tarjoavat suurempaa turvallisuutta ja vakautta.Turvamekanismit: H\u00e4t\u00e4tilanteen k\u00e4\u00e4nt\u00f6katkaisin, akun alij\u00e4nnitesuoja ja sylinterin r\u00e4j\u00e4hdyssuojausventtiili takaavat turvallisen toiminnan.Matalat Korkeudet: Matala korkeus v\u00e4hent\u00e4\u00e4 jalkavammojen riski\u00e4.Mukavuus ja K\u00e4ytett\u00e4vyys:Ergonominen Muotoilu: Alhaalla sijaitseva ohjaustanko ja pieni k\u00e4\u00e4nt\u00f6s\u00e4de helpottavat ohjattavuutta.Integroitu Laturi: Mahdollistaa laitteen lataamisen mist\u00e4 tahansa 220V sein\u00e4pistokkeesta.Tekniset Tiedot:WS12H-FL s\u00e4hk\u00f6inen pinoamisvaunu on varustettu standardina 24V\/71Ah huoltova<\/p>\n","protected":false},"featured_media":216729,"template":"","meta":{"_acf_changed":false},"product_brand":[],"product_cat":[7044],"product_tag":[],"class_list":{"0":"post-220064","1":"product","2":"type-product","3":"status-publish","4":"has-post-thumbnail","6":"product_room-nostovalinet","7":"product_room-kuljetus-ja-logistiikka","8":"product_room-iso-varasto","9":"product_room-varasto-pitkille-tavaroille-ja-levymateriaaleille","10":"product_room-pieni-varasto","11":"product_cat-sahkoiset-pinoamisvaunut","13":"first","14":"onbackorder","15":"taxable","16":"shipping-taxable","17":"purchasable","18":"product-type-simple"},"acf":[],"yoast_head":"<!-- This site is optimized with the Yoast SEO plugin v27.4 - https:\/\/yoast.com\/product\/yoast-seo-wordpress\/ -->\n<title>Akkuk\u00e4ytt\u00f6inen pinoamisvaunu Staxx WS15H-FL-2500 &#8226; Storit<\/title>\n<meta name=\"description\" content=\"Akkuk\u00e4ytt\u00f6inen pinoamisvaunu Staxx WS15H-FL-2500 \u2014 kohtuulliseen hintaan. Toimitukset kaikkialle Suomeen! \u261b Tutustu tuotteeseen ja tilaa k\u00e4tev\u00e4sti STORIT-verkkokaupasta!\" \/>\n<meta name=\"robots\" content=\"index, follow, max-snippet:-1, max-image-preview:large, max-video-preview:-1\" \/>\n<link rel=\"canonical\" href=\"https:\/\/storitgroup.com\/fi\/tuote\/akkukayttoinen-pinoamisvaunu-staxx-ws15h-fl-2500\/\" \/>\n<meta property=\"og:locale\" content=\"fi_FI\" \/>\n<meta property=\"og:type\" content=\"article\" \/>\n<meta property=\"og:title\" content=\"Akkuk\u00e4ytt\u00f6inen pinoamisvaunu Staxx WS15H-FL-2500 &#8226; Storit\" \/>\n<meta property=\"og:description\" content=\"Akkuk\u00e4ytt\u00f6inen pinoamisvaunu Staxx WS15H-FL-2500 \u2014 kohtuulliseen hintaan. Toimitukset kaikkialle Suomeen! \u261b Tutustu tuotteeseen ja tilaa k\u00e4tev\u00e4sti STORIT-verkkokaupasta!\" \/>\n<meta property=\"og:url\" content=\"https:\/\/storitgroup.com\/fi\/tuote\/akkukayttoinen-pinoamisvaunu-staxx-ws15h-fl-2500\/\" \/>\n<meta property=\"og:site_name\" content=\"Storit\" \/>\n<meta property=\"article:modified_time\" content=\"2026-04-24T13:26:55+00:00\" \/>\n<meta property=\"og:image\" content=\"https:\/\/storitgroup.com\/uploads\/2024\/03\/ws15h_tagant_2.png\" \/>\n\t<meta property=\"og:image:width\" content=\"960\" \/>\n\t<meta property=\"og:image:height\" content=\"1280\" \/>\n\t<meta property=\"og:image:type\" content=\"image\/png\" \/>\n<meta name=\"twitter:card\" content=\"summary_large_image\" \/>\n<meta name=\"twitter:label1\" content=\"Arvioitu lukuaika\" \/>\n\t<meta name=\"twitter:data1\" content=\"1 minuutti\" \/>\n<script type=\"application\/ld+json\" class=\"yoast-schema-graph\">{\"@context\":\"https:\\\/\\\/schema.org\",\"@graph\":[{\"@type\":[\"WebPage\",\"ItemPage\"],\"@id\":\"https:\\\/\\\/storitgroup.com\\\/fi\\\/tuote\\\/akkukayttoinen-pinoamisvaunu-staxx-ws15h-fl-2500\\\/\",\"url\":\"https:\\\/\\\/storitgroup.com\\\/fi\\\/tuote\\\/akkukayttoinen-pinoamisvaunu-staxx-ws15h-fl-2500\\\/\",\"name\":\"Akkuk\u00e4ytt\u00f6inen pinoamisvaunu Staxx WS15H-FL-2500 &#8226; Storit\",\"isPartOf\":{\"@id\":\"https:\\\/\\\/storitgroup.com\\\/fi\\\/#website\"},\"primaryImageOfPage\":{\"@id\":\"https:\\\/\\\/storitgroup.com\\\/fi\\\/tuote\\\/akkukayttoinen-pinoamisvaunu-staxx-ws15h-fl-2500\\\/#primaryimage\"},\"image\":{\"@id\":\"https:\\\/\\\/storitgroup.com\\\/fi\\\/tuote\\\/akkukayttoinen-pinoamisvaunu-staxx-ws15h-fl-2500\\\/#primaryimage\"},\"thumbnailUrl\":\"https:\\\/\\\/storitgroup.com\\\/uploads\\\/2024\\\/03\\\/ws15h_tagant_2.png\",\"datePublished\":\"2024-09-09T12:55:38+00:00\",\"dateModified\":\"2026-04-24T13:26:55+00:00\",\"description\":\"Akkuk\u00e4ytt\u00f6inen pinoamisvaunu Staxx WS15H-FL-2500 \u2014 kohtuulliseen hintaan. Toimitukset kaikkialle Suomeen! \u261b Tutustu tuotteeseen ja tilaa k\u00e4tev\u00e4sti STORIT-verkkokaupasta!\",\"breadcrumb\":{\"@id\":\"https:\\\/\\\/storitgroup.com\\\/fi\\\/tuote\\\/akkukayttoinen-pinoamisvaunu-staxx-ws15h-fl-2500\\\/#breadcrumb\"},\"inLanguage\":\"fi\",\"potentialAction\":[{\"@type\":\"ReadAction\",\"target\":[\"https:\\\/\\\/storitgroup.com\\\/fi\\\/tuote\\\/akkukayttoinen-pinoamisvaunu-staxx-ws15h-fl-2500\\\/\"]}]},{\"@type\":\"ImageObject\",\"inLanguage\":\"fi\",\"@id\":\"https:\\\/\\\/storitgroup.com\\\/fi\\\/tuote\\\/akkukayttoinen-pinoamisvaunu-staxx-ws15h-fl-2500\\\/#primaryimage\",\"url\":\"https:\\\/\\\/storitgroup.com\\\/uploads\\\/2024\\\/03\\\/ws15h_tagant_2.png\",\"contentUrl\":\"https:\\\/\\\/storitgroup.com\\\/uploads\\\/2024\\\/03\\\/ws15h_tagant_2.png\",\"width\":960,\"height\":1280},{\"@type\":\"BreadcrumbList\",\"@id\":\"https:\\\/\\\/storitgroup.com\\\/fi\\\/tuote\\\/akkukayttoinen-pinoamisvaunu-staxx-ws15h-fl-2500\\\/#breadcrumb\",\"itemListElement\":[{\"@type\":\"ListItem\",\"position\":1,\"name\":\"Kotisivu\",\"item\":\"https:\\\/\\\/storitgroup.com\\\/fi\\\/\"},{\"@type\":\"ListItem\",\"position\":2,\"name\":\"Tuotteet\",\"item\":\"https:\\\/\\\/storitgroup.com\\\/fi\\\/tuotteet\\\/\"},{\"@type\":\"ListItem\",\"position\":3,\"name\":\"Varastotrukit, nostolavat, tarvikkeet\",\"item\":\"https:\\\/\\\/storitgroup.com\\\/fi\\\/tuotteet\\\/varastotrukit-nostolavat-tarvikkeet\\\/\"},{\"@type\":\"ListItem\",\"position\":4,\"name\":\"Pinoamisvaunut\",\"item\":\"https:\\\/\\\/storitgroup.com\\\/fi\\\/tuotteet\\\/varastotrukit-nostolavat-tarvikkeet\\\/pinoamisvaunut\\\/\"},{\"@type\":\"ListItem\",\"position\":5,\"name\":\"S\u00e4hk\u00f6iset pinoamisvaunut\",\"item\":\"https:\\\/\\\/storitgroup.com\\\/fi\\\/tuotteet\\\/varastotrukit-nostolavat-tarvikkeet\\\/pinoamisvaunut\\\/sahkoiset-pinoamisvaunut\\\/\"},{\"@type\":\"ListItem\",\"position\":6,\"name\":\"Akkuk\u00e4ytt\u00f6inen pinoamisvaunu Staxx WS15H-FL-2500\"}]},{\"@type\":\"WebSite\",\"@id\":\"https:\\\/\\\/storitgroup.com\\\/fi\\\/#website\",\"url\":\"https:\\\/\\\/storitgroup.com\\\/fi\\\/\",\"name\":\"Storit\",\"description\":\"\",\"potentialAction\":[{\"@type\":\"SearchAction\",\"target\":{\"@type\":\"EntryPoint\",\"urlTemplate\":\"https:\\\/\\\/storitgroup.com\\\/fi\\\/?s={search_term_string}\"},\"query-input\":{\"@type\":\"PropertyValueSpecification\",\"valueRequired\":true,\"valueName\":\"search_term_string\"}}],\"inLanguage\":\"fi\"}]}<\/script>\n<!-- \/ Yoast SEO plugin. -->","yoast_head_json":{"title":"Akkuk\u00e4ytt\u00f6inen pinoamisvaunu Staxx WS15H-FL-2500 &#8226; Storit","description":"Akkuk\u00e4ytt\u00f6inen pinoamisvaunu Staxx WS15H-FL-2500 \u2014 kohtuulliseen hintaan. Toimitukset kaikkialle Suomeen! \u261b Tutustu tuotteeseen ja tilaa k\u00e4tev\u00e4sti STORIT-verkkokaupasta!","robots":{"index":"index","follow":"follow","max-snippet":"max-snippet:-1","max-image-preview":"max-image-preview:large","max-video-preview":"max-video-preview:-1"},"canonical":"https:\/\/storitgroup.com\/fi\/tuote\/akkukayttoinen-pinoamisvaunu-staxx-ws15h-fl-2500\/","og_locale":"fi_FI","og_type":"article","og_title":"Akkuk\u00e4ytt\u00f6inen pinoamisvaunu Staxx WS15H-FL-2500 &#8226; Storit","og_description":"Akkuk\u00e4ytt\u00f6inen pinoamisvaunu Staxx WS15H-FL-2500 \u2014 kohtuulliseen hintaan. Toimitukset kaikkialle Suomeen! \u261b Tutustu tuotteeseen ja tilaa k\u00e4tev\u00e4sti STORIT-verkkokaupasta!","og_url":"https:\/\/storitgroup.com\/fi\/tuote\/akkukayttoinen-pinoamisvaunu-staxx-ws15h-fl-2500\/","og_site_name":"Storit","article_modified_time":"2026-04-24T13:26:55+00:00","og_image":[{"width":960,"height":1280,"url":"https:\/\/storitgroup.com\/uploads\/2024\/03\/ws15h_tagant_2.png","type":"image\/png"}],"twitter_card":"summary_large_image","twitter_misc":{"Arvioitu lukuaika":"1 minuutti"},"schema":{"@context":"https:\/\/schema.org","@graph":[{"@type":["WebPage","ItemPage"],"@id":"https:\/\/storitgroup.com\/fi\/tuote\/akkukayttoinen-pinoamisvaunu-staxx-ws15h-fl-2500\/","url":"https:\/\/storitgroup.com\/fi\/tuote\/akkukayttoinen-pinoamisvaunu-staxx-ws15h-fl-2500\/","name":"Akkuk\u00e4ytt\u00f6inen pinoamisvaunu Staxx WS15H-FL-2500 &#8226; Storit","isPartOf":{"@id":"https:\/\/storitgroup.com\/fi\/#website"},"primaryImageOfPage":{"@id":"https:\/\/storitgroup.com\/fi\/tuote\/akkukayttoinen-pinoamisvaunu-staxx-ws15h-fl-2500\/#primaryimage"},"image":{"@id":"https:\/\/storitgroup.com\/fi\/tuote\/akkukayttoinen-pinoamisvaunu-staxx-ws15h-fl-2500\/#primaryimage"},"thumbnailUrl":"https:\/\/storitgroup.com\/uploads\/2024\/03\/ws15h_tagant_2.png","datePublished":"2024-09-09T12:55:38+00:00","dateModified":"2026-04-24T13:26:55+00:00","description":"Akkuk\u00e4ytt\u00f6inen pinoamisvaunu Staxx WS15H-FL-2500 \u2014 kohtuulliseen hintaan. Toimitukset kaikkialle Suomeen! \u261b Tutustu tuotteeseen ja tilaa k\u00e4tev\u00e4sti STORIT-verkkokaupasta!","breadcrumb":{"@id":"https:\/\/storitgroup.com\/fi\/tuote\/akkukayttoinen-pinoamisvaunu-staxx-ws15h-fl-2500\/#breadcrumb"},"inLanguage":"fi","potentialAction":[{"@type":"ReadAction","target":["https:\/\/storitgroup.com\/fi\/tuote\/akkukayttoinen-pinoamisvaunu-staxx-ws15h-fl-2500\/"]}]},{"@type":"ImageObject","inLanguage":"fi","@id":"https:\/\/storitgroup.com\/fi\/tuote\/akkukayttoinen-pinoamisvaunu-staxx-ws15h-fl-2500\/#primaryimage","url":"https:\/\/storitgroup.com\/uploads\/2024\/03\/ws15h_tagant_2.png","contentUrl":"https:\/\/storitgroup.com\/uploads\/2024\/03\/ws15h_tagant_2.png","width":960,"height":1280},{"@type":"BreadcrumbList","@id":"https:\/\/storitgroup.com\/fi\/tuote\/akkukayttoinen-pinoamisvaunu-staxx-ws15h-fl-2500\/#breadcrumb","itemListElement":[{"@type":"ListItem","position":1,"name":"Kotisivu","item":"https:\/\/storitgroup.com\/fi\/"},{"@type":"ListItem","position":2,"name":"Tuotteet","item":"https:\/\/storitgroup.com\/fi\/tuotteet\/"},{"@type":"ListItem","position":3,"name":"Varastotrukit, nostolavat, tarvikkeet","item":"https:\/\/storitgroup.com\/fi\/tuotteet\/varastotrukit-nostolavat-tarvikkeet\/"},{"@type":"ListItem","position":4,"name":"Pinoamisvaunut","item":"https:\/\/storitgroup.com\/fi\/tuotteet\/varastotrukit-nostolavat-tarvikkeet\/pinoamisvaunut\/"},{"@type":"ListItem","position":5,"name":"S\u00e4hk\u00f6iset pinoamisvaunut","item":"https:\/\/storitgroup.com\/fi\/tuotteet\/varastotrukit-nostolavat-tarvikkeet\/pinoamisvaunut\/sahkoiset-pinoamisvaunut\/"},{"@type":"ListItem","position":6,"name":"Akkuk\u00e4ytt\u00f6inen pinoamisvaunu Staxx WS15H-FL-2500"}]},{"@type":"WebSite","@id":"https:\/\/storitgroup.com\/fi\/#website","url":"https:\/\/storitgroup.com\/fi\/","name":"Storit","description":"","potentialAction":[{"@type":"SearchAction","target":{"@type":"EntryPoint","urlTemplate":"https:\/\/storitgroup.com\/fi\/?s={search_term_string}"},"query-input":{"@type":"PropertyValueSpecification","valueRequired":true,"valueName":"search_term_string"}}],"inLanguage":"fi"}]}},"_links":{"self":[{"href":"https:\/\/storitgroup.com\/fi\/wp-json\/wp\/v2\/product\/220064","targetHints":{"allow":["GET"]}}],"collection":[{"href":"https:\/\/storitgroup.com\/fi\/wp-json\/wp\/v2\/product"}],"about":[{"href":"https:\/\/storitgroup.com\/fi\/wp-json\/wp\/v2\/types\/product"}],"wp:featuredmedia":[{"embeddable":true,"href":"https:\/\/storitgroup.com\/fi\/wp-json\/wp\/v2\/media\/216729"}],"wp:attachment":[{"href":"https:\/\/storitgroup.com\/fi\/wp-json\/wp\/v2\/media?parent=220064"}],"wp:term":[{"taxonomy":"product_brand","embeddable":true,"href":"https:\/\/storitgroup.com\/fi\/wp-json\/wp\/v2\/product_brand?post=220064"},{"taxonomy":"product_cat","embeddable":true,"href":"https:\/\/storitgroup.com\/fi\/wp-json\/wp\/v2\/product_cat?post=220064"},{"taxonomy":"product_tag","embeddable":true,"href":"https:\/\/storitgroup.com\/fi\/wp-json\/wp\/v2\/product_tag?post=220064"}],"curies":[{"name":"wp","href":"https:\/\/api.w.org\/{rel}","templated":true}]}}