{"id":220015,"date":"2024-08-29T13:37:32","date_gmt":"2024-08-29T10:37:32","guid":{"rendered":"https:\/\/storitgroup.com\/?post_type=product&#038;p=220015"},"modified":"2024-11-21T16:30:46","modified_gmt":"2024-11-21T14:30:46","slug":"kalvo-450-mm-enoergo-laitteelle","status":"publish","type":"product","link":"https:\/\/storitgroup.com\/fi\/tuote\/kalvo-450-mm-enoergo-laitteelle\/","title":{"rendered":"Kalvo 450 mm ENO\u00aeergo laitteelle"},"content":{"rendered":"<p>Kalvo on erityisesti suunniteltu k\u00e4ytett\u00e4v\u00e4ksi ENO\u00aeergo-laitteen kanssa. Laite mahdollistaa kalvon venytt\u00e4misen jopa 120% sen alkuper\u00e4isest\u00e4 pituudesta k\u00e4ytt\u00e4j\u00e4st\u00e4 riippumatta, mik\u00e4 v\u00e4hent\u00e4\u00e4 materiaalin kulutusta pakkauksen aikana. Kalvon sis\u00e4puoli on tahmea, mik\u00e4 auttaa pit\u00e4m\u00e4\u00e4n tavarat vakaasti lavalla, kun taas sile\u00e4 ulkopuoli est\u00e4\u00e4 lavojen tarttumisen toisiinsa lastauksen ja purkamisen aikana.<\/p>\n<p>Pistos- ja repeytymiskest\u00e4v\u00e4<br \/>Suurempi pitovoima<br \/>Ymp\u00e4rist\u00f6yst\u00e4v\u00e4llisempi (v\u00e4hemm\u00e4n CO\u2082-p\u00e4\u00e4st\u00f6j\u00e4) <br \/>Soveltuu k\u00e4ytett\u00e4v\u00e4ksi jopa -25\u00b0C l\u00e4mp\u00f6tilassa<br \/>Valmistettu 100% kierr\u00e4tett\u00e4v\u00e4st\u00e4 polyeteenist\u00e4<\/p>\n<p>Saatavilla kolmessa koossa: <br \/>Vahva 250 m, laitteen kanssa 325 m<br \/>Tavallinen 300 m, laitteen kanssa 390 m<br \/>Kevyt 350 m, laitteen kanssa 455 m<\/p>\n<p>Huom: Minimim\u00e4\u00e4r\u00e4 tilattaessa on 250 kappaletta. <br \/>Verkkokaupassa ilmoitettu hinta on tavalliselle kalvolle.<\/p>\n","protected":false},"excerpt":{"rendered":"<p>Kalvo on erityisesti suunniteltu k\u00e4ytett\u00e4v\u00e4ksi ENO\u00aeergo-laitteen kanssa. Laite mahdollistaa kalvon venytt\u00e4misen jopa 120% sen alkuper\u00e4isest\u00e4 pituudesta k\u00e4ytt\u00e4j\u00e4st\u00e4 riippumatta, mik\u00e4 v\u00e4hent\u00e4\u00e4 materiaalin kulutusta pakkauksen aikana. Kalvon sis\u00e4puoli on tahmea, mik\u00e4 auttaa pit\u00e4m\u00e4\u00e4n tavarat vakaasti lavalla, kun taas sile\u00e4 ulkopuoli est\u00e4\u00e4 lavojen tarttumisen toisiinsa lastauksen ja purkamisen aikana.<\/p>\n<p>Pistos- ja repeytymiskest\u00e4v\u00e4<\/p>\n","protected":false},"featured_media":220020,"template":"","meta":{"_acf_changed":false},"product_brand":[],"product_cat":[7104],"product_tag":[],"class_list":{"0":"post-220015","1":"product","2":"type-product","3":"status-publish","4":"has-post-thumbnail","6":"product_room-pakkaus","7":"product_room-iso-varasto","8":"product_room-pieni-varasto","9":"product_room-kuljetus-ja-logistiikka","10":"product_room-kokoonpano-ja-keraily","11":"product_cat-pakkausmateriaalit","13":"first","14":"onbackorder","15":"taxable","16":"shipping-taxable","17":"purchasable","18":"product-type-simple"},"acf":[],"yoast_head":"<!-- This site is optimized with the Yoast SEO plugin v27.2 - https:\/\/yoast.com\/product\/yoast-seo-wordpress\/ -->\n<title>Kalvo 450 mm ENO\u00aeergo laitteelle &#8226; Storit<\/title>\n<meta name=\"description\" content=\"Kalvo 450 mm ENO\u00aeergo laitteelle \u2014 kohtuulliseen hintaan. Toimitukset kaikkialle Suomeen! \u261b Tutustu tuotteeseen ja tilaa k\u00e4tev\u00e4sti STORIT-verkkokaupasta!\" \/>\n<meta name=\"robots\" content=\"index, follow, max-snippet:-1, max-image-preview:large, max-video-preview:-1\" \/>\n<link rel=\"canonical\" href=\"https:\/\/storitgroup.com\/fi\/tuote\/kalvo-450-mm-enoergo-laitteelle\/\" \/>\n<meta property=\"og:locale\" content=\"fi_FI\" \/>\n<meta property=\"og:type\" content=\"article\" \/>\n<meta property=\"og:title\" content=\"Kalvo 450 mm ENO\u00aeergo laitteelle &#8226; Storit\" \/>\n<meta property=\"og:description\" content=\"Kalvo 450 mm ENO\u00aeergo laitteelle \u2014 kohtuulliseen hintaan. Toimitukset kaikkialle Suomeen! \u261b Tutustu tuotteeseen ja tilaa k\u00e4tev\u00e4sti STORIT-verkkokaupasta!\" \/>\n<meta property=\"og:url\" content=\"https:\/\/storitgroup.com\/fi\/tuote\/kalvo-450-mm-enoergo-laitteelle\/\" \/>\n<meta property=\"og:site_name\" content=\"Storit\" \/>\n<meta property=\"article:modified_time\" content=\"2024-11-21T14:30:46+00:00\" \/>\n<meta property=\"og:image\" content=\"https:\/\/storitgroup.com\/uploads\/2024\/08\/enof.jpg\" \/>\n\t<meta property=\"og:image:width\" content=\"369\" \/>\n\t<meta property=\"og:image:height\" content=\"469\" \/>\n\t<meta property=\"og:image:type\" content=\"image\/jpeg\" \/>\n<meta name=\"twitter:card\" content=\"summary_large_image\" \/>\n<meta name=\"twitter:label1\" content=\"Arvioitu lukuaika\" \/>\n\t<meta name=\"twitter:data1\" content=\"1 minuutti\" \/>\n<script type=\"application\/ld+json\" class=\"yoast-schema-graph\">{\"@context\":\"https:\/\/schema.org\",\"@graph\":[{\"@type\":[\"WebPage\",\"ItemPage\"],\"@id\":\"https:\/\/storitgroup.com\/fi\/tuote\/kalvo-450-mm-enoergo-laitteelle\/\",\"url\":\"https:\/\/storitgroup.com\/fi\/tuote\/kalvo-450-mm-enoergo-laitteelle\/\",\"name\":\"Kalvo 450 mm ENO\u00aeergo laitteelle &#8226; Storit\",\"isPartOf\":{\"@id\":\"https:\/\/storitgroup.com\/fi\/#website\"},\"primaryImageOfPage\":{\"@id\":\"https:\/\/storitgroup.com\/fi\/tuote\/kalvo-450-mm-enoergo-laitteelle\/#primaryimage\"},\"image\":{\"@id\":\"https:\/\/storitgroup.com\/fi\/tuote\/kalvo-450-mm-enoergo-laitteelle\/#primaryimage\"},\"thumbnailUrl\":\"https:\/\/storitgroup.com\/uploads\/2024\/08\/enof.jpg\",\"datePublished\":\"2024-08-29T10:37:32+00:00\",\"dateModified\":\"2024-11-21T14:30:46+00:00\",\"description\":\"Kalvo 450 mm ENO\u00aeergo laitteelle \u2014 kohtuulliseen hintaan. Toimitukset kaikkialle Suomeen! \u261b Tutustu tuotteeseen ja tilaa k\u00e4tev\u00e4sti STORIT-verkkokaupasta!\",\"breadcrumb\":{\"@id\":\"https:\/\/storitgroup.com\/fi\/tuote\/kalvo-450-mm-enoergo-laitteelle\/#breadcrumb\"},\"inLanguage\":\"fi\",\"potentialAction\":[{\"@type\":\"ReadAction\",\"target\":[\"https:\/\/storitgroup.com\/fi\/tuote\/kalvo-450-mm-enoergo-laitteelle\/\"]}]},{\"@type\":\"ImageObject\",\"inLanguage\":\"fi\",\"@id\":\"https:\/\/storitgroup.com\/fi\/tuote\/kalvo-450-mm-enoergo-laitteelle\/#primaryimage\",\"url\":\"https:\/\/storitgroup.com\/uploads\/2024\/08\/enof.jpg\",\"contentUrl\":\"https:\/\/storitgroup.com\/uploads\/2024\/08\/enof.jpg\",\"width\":369,\"height\":469},{\"@type\":\"BreadcrumbList\",\"@id\":\"https:\/\/storitgroup.com\/fi\/tuote\/kalvo-450-mm-enoergo-laitteelle\/#breadcrumb\",\"itemListElement\":[{\"@type\":\"ListItem\",\"position\":1,\"name\":\"Kotisivu\",\"item\":\"https:\/\/storitgroup.com\/fi\/\"},{\"@type\":\"ListItem\",\"position\":2,\"name\":\"Tuotteet\",\"item\":\"https:\/\/storitgroup.com\/fi\/tuotteet\/\"},{\"@type\":\"ListItem\",\"position\":3,\"name\":\"Ty\u00f6p\u00f6yd\u00e4t: STORIT\",\"item\":\"https:\/\/storitgroup.com\/fi\/poydat-tuolit-tyokaluvarasto\/tyopoydat\/tyopoydat-storit-tyopoydat\/\"},{\"@type\":\"ListItem\",\"position\":4,\"name\":\"Pakkausmateriaalit\",\"item\":\"https:\/\/storitgroup.com\/fi\/kuormalavat-pakkaus\/pakkausmateriaalit\/\"},{\"@type\":\"ListItem\",\"position\":5,\"name\":\"Kalvo 450 mm ENO\u00aeergo laitteelle\"}]},{\"@type\":\"WebSite\",\"@id\":\"https:\/\/storitgroup.com\/fi\/#website\",\"url\":\"https:\/\/storitgroup.com\/fi\/\",\"name\":\"Storit\",\"description\":\"\",\"potentialAction\":[{\"@type\":\"SearchAction\",\"target\":{\"@type\":\"EntryPoint\",\"urlTemplate\":\"https:\/\/storitgroup.com\/fi\/?s={search_term_string}\"},\"query-input\":{\"@type\":\"PropertyValueSpecification\",\"valueRequired\":true,\"valueName\":\"search_term_string\"}}],\"inLanguage\":\"fi\"}]}<\/script>\n<!-- \/ Yoast SEO plugin. -->","yoast_head_json":{"title":"Kalvo 450 mm ENO\u00aeergo laitteelle &#8226; Storit","description":"Kalvo 450 mm ENO\u00aeergo laitteelle \u2014 kohtuulliseen hintaan. Toimitukset kaikkialle Suomeen! \u261b Tutustu tuotteeseen ja tilaa k\u00e4tev\u00e4sti STORIT-verkkokaupasta!","robots":{"index":"index","follow":"follow","max-snippet":"max-snippet:-1","max-image-preview":"max-image-preview:large","max-video-preview":"max-video-preview:-1"},"canonical":"https:\/\/storitgroup.com\/fi\/tuote\/kalvo-450-mm-enoergo-laitteelle\/","og_locale":"fi_FI","og_type":"article","og_title":"Kalvo 450 mm ENO\u00aeergo laitteelle &#8226; Storit","og_description":"Kalvo 450 mm ENO\u00aeergo laitteelle \u2014 kohtuulliseen hintaan. Toimitukset kaikkialle Suomeen! \u261b Tutustu tuotteeseen ja tilaa k\u00e4tev\u00e4sti STORIT-verkkokaupasta!","og_url":"https:\/\/storitgroup.com\/fi\/tuote\/kalvo-450-mm-enoergo-laitteelle\/","og_site_name":"Storit","article_modified_time":"2024-11-21T14:30:46+00:00","og_image":[{"width":369,"height":469,"url":"https:\/\/storitgroup.com\/uploads\/2024\/08\/enof.jpg","type":"image\/jpeg"}],"twitter_card":"summary_large_image","twitter_misc":{"Arvioitu lukuaika":"1 minuutti"},"schema":{"@context":"https:\/\/schema.org","@graph":[{"@type":["WebPage","ItemPage"],"@id":"https:\/\/storitgroup.com\/fi\/tuote\/kalvo-450-mm-enoergo-laitteelle\/","url":"https:\/\/storitgroup.com\/fi\/tuote\/kalvo-450-mm-enoergo-laitteelle\/","name":"Kalvo 450 mm ENO\u00aeergo laitteelle &#8226; Storit","isPartOf":{"@id":"https:\/\/storitgroup.com\/fi\/#website"},"primaryImageOfPage":{"@id":"https:\/\/storitgroup.com\/fi\/tuote\/kalvo-450-mm-enoergo-laitteelle\/#primaryimage"},"image":{"@id":"https:\/\/storitgroup.com\/fi\/tuote\/kalvo-450-mm-enoergo-laitteelle\/#primaryimage"},"thumbnailUrl":"https:\/\/storitgroup.com\/uploads\/2024\/08\/enof.jpg","datePublished":"2024-08-29T10:37:32+00:00","dateModified":"2024-11-21T14:30:46+00:00","description":"Kalvo 450 mm ENO\u00aeergo laitteelle \u2014 kohtuulliseen hintaan. Toimitukset kaikkialle Suomeen! \u261b Tutustu tuotteeseen ja tilaa k\u00e4tev\u00e4sti STORIT-verkkokaupasta!","breadcrumb":{"@id":"https:\/\/storitgroup.com\/fi\/tuote\/kalvo-450-mm-enoergo-laitteelle\/#breadcrumb"},"inLanguage":"fi","potentialAction":[{"@type":"ReadAction","target":["https:\/\/storitgroup.com\/fi\/tuote\/kalvo-450-mm-enoergo-laitteelle\/"]}]},{"@type":"ImageObject","inLanguage":"fi","@id":"https:\/\/storitgroup.com\/fi\/tuote\/kalvo-450-mm-enoergo-laitteelle\/#primaryimage","url":"https:\/\/storitgroup.com\/uploads\/2024\/08\/enof.jpg","contentUrl":"https:\/\/storitgroup.com\/uploads\/2024\/08\/enof.jpg","width":369,"height":469},{"@type":"BreadcrumbList","@id":"https:\/\/storitgroup.com\/fi\/tuote\/kalvo-450-mm-enoergo-laitteelle\/#breadcrumb","itemListElement":[{"@type":"ListItem","position":1,"name":"Kotisivu","item":"https:\/\/storitgroup.com\/fi\/"},{"@type":"ListItem","position":2,"name":"Tuotteet","item":"https:\/\/storitgroup.com\/fi\/tuotteet\/"},{"@type":"ListItem","position":3,"name":"Ty\u00f6p\u00f6yd\u00e4t: STORIT","item":"https:\/\/storitgroup.com\/fi\/poydat-tuolit-tyokaluvarasto\/tyopoydat\/tyopoydat-storit-tyopoydat\/"},{"@type":"ListItem","position":4,"name":"Pakkausmateriaalit","item":"https:\/\/storitgroup.com\/fi\/kuormalavat-pakkaus\/pakkausmateriaalit\/"},{"@type":"ListItem","position":5,"name":"Kalvo 450 mm ENO\u00aeergo laitteelle"}]},{"@type":"WebSite","@id":"https:\/\/storitgroup.com\/fi\/#website","url":"https:\/\/storitgroup.com\/fi\/","name":"Storit","description":"","potentialAction":[{"@type":"SearchAction","target":{"@type":"EntryPoint","urlTemplate":"https:\/\/storitgroup.com\/fi\/?s={search_term_string}"},"query-input":{"@type":"PropertyValueSpecification","valueRequired":true,"valueName":"search_term_string"}}],"inLanguage":"fi"}]}},"_links":{"self":[{"href":"https:\/\/storitgroup.com\/fi\/wp-json\/wp\/v2\/product\/220015","targetHints":{"allow":["GET"]}}],"collection":[{"href":"https:\/\/storitgroup.com\/fi\/wp-json\/wp\/v2\/product"}],"about":[{"href":"https:\/\/storitgroup.com\/fi\/wp-json\/wp\/v2\/types\/product"}],"wp:featuredmedia":[{"embeddable":true,"href":"https:\/\/storitgroup.com\/fi\/wp-json\/wp\/v2\/media\/220020"}],"wp:attachment":[{"href":"https:\/\/storitgroup.com\/fi\/wp-json\/wp\/v2\/media?parent=220015"}],"wp:term":[{"taxonomy":"product_brand","embeddable":true,"href":"https:\/\/storitgroup.com\/fi\/wp-json\/wp\/v2\/product_brand?post=220015"},{"taxonomy":"product_cat","embeddable":true,"href":"https:\/\/storitgroup.com\/fi\/wp-json\/wp\/v2\/product_cat?post=220015"},{"taxonomy":"product_tag","embeddable":true,"href":"https:\/\/storitgroup.com\/fi\/wp-json\/wp\/v2\/product_tag?post=220015"}],"curies":[{"name":"wp","href":"https:\/\/api.w.org\/{rel}","templated":true}]}}