{"id":219919,"date":"2024-08-26T09:34:48","date_gmt":"2024-08-26T09:30:11","guid":{"rendered":"https:\/\/storitgroup.com\/?post_type=product&#038;p=219919"},"modified":"2024-11-20T17:42:16","modified_gmt":"2024-11-20T15:42:16","slug":"kumipyora-o-50-mm-tyotuoliin-kuormajarru","status":"publish","type":"product","link":"https:\/\/storitgroup.com\/fi\/tuote\/kumipyora-o-50-mm-tyotuoliin-kuormajarru\/","title":{"rendered":"Kumipy\u00f6r\u00e4 \u00d8 50 mm ty\u00f6tuoliin, kuormajarru"},"content":{"rendered":"<p>Py\u00f6r\u00e4t, jotka eiv\u00e4t liiku kuormitettuna. Kun istut tuolilla, jarru aktivoituu ja py\u00f6r\u00e4t pys\u00e4htyv\u00e4t.<\/p>\n","protected":false},"excerpt":{"rendered":"<p>Py\u00f6r\u00e4t, jotka eiv\u00e4t liiku kuormitettuna. Kun istut tuolilla, jarru aktivoituu ja py\u00f6r\u00e4t pys\u00e4htyv\u00e4t.<\/p>\n","protected":false},"featured_media":219939,"template":"","meta":{"_acf_changed":false},"product_brand":[],"product_cat":[7064],"product_tag":[],"class_list":{"0":"post-219919","1":"product","2":"type-product","3":"status-publish","4":"has-post-thumbnail","6":"product_room-tyopaja-ja-autotalli","7":"product_room-kotiratkaisut","8":"product_room-ruuan-kasittely","9":"product_room-kuljetus-ja-logistiikka","10":"product_room-kaupankaynti-ja-myymalat","11":"product_room-arkisto-museo","12":"product_room-pakkaus","13":"product_room-kokoonpano-ja-keraily","14":"product_room-toimisto","15":"product_room-koulut-ja-paivakodit","16":"product_room-laakeyhtiot-ja-laboratoriot","17":"product_room-iso-varasto","18":"product_room-pieni-varasto","19":"product_room-teollisuus-ja-tuotanto-ergonomiset-tyopaikat-tyokaluvarasto","20":"product_room-kotitoimisto","21":"product_cat-toimistotuolit","23":"first","24":"instock","25":"taxable","26":"shipping-taxable","27":"purchasable","28":"product-type-simple"},"acf":[],"yoast_head":"<!-- This site is optimized with the Yoast SEO plugin v27.3 - https:\/\/yoast.com\/product\/yoast-seo-wordpress\/ -->\n<title>Kumipy\u00f6r\u00e4 \u00d8 50 mm ty\u00f6tuoliin, kuormajarru &#8226; Storit<\/title>\n<meta name=\"description\" content=\"Kumipy\u00f6r\u00e4 \u00d8 50 mm ty\u00f6tuoliin, kuormajarru \u2014 kohtuulliseen hintaan. Toimitukset kaikkialle Suomeen! \u261b Tutustu tuotteeseen ja tilaa k\u00e4tev\u00e4sti STORIT-verkkokaupasta!\" \/>\n<meta name=\"robots\" content=\"index, follow, max-snippet:-1, max-image-preview:large, max-video-preview:-1\" \/>\n<link rel=\"canonical\" href=\"https:\/\/storitgroup.com\/fi\/tuote\/kumipyora-o-50-mm-tyotuoliin-kuormajarru\/\" \/>\n<meta property=\"og:locale\" content=\"fi_FI\" \/>\n<meta property=\"og:type\" content=\"article\" \/>\n<meta property=\"og:title\" content=\"Kumipy\u00f6r\u00e4 \u00d8 50 mm ty\u00f6tuoliin, kuormajarru &#8226; Storit\" \/>\n<meta property=\"og:description\" content=\"Kumipy\u00f6r\u00e4 \u00d8 50 mm ty\u00f6tuoliin, kuormajarru \u2014 kohtuulliseen hintaan. Toimitukset kaikkialle Suomeen! \u261b Tutustu tuotteeseen ja tilaa k\u00e4tev\u00e4sti STORIT-verkkokaupasta!\" \/>\n<meta property=\"og:url\" content=\"https:\/\/storitgroup.com\/fi\/tuote\/kumipyora-o-50-mm-tyotuoliin-kuormajarru\/\" \/>\n<meta property=\"og:site_name\" content=\"Storit\" \/>\n<meta property=\"article:modified_time\" content=\"2024-11-20T15:42:16+00:00\" \/>\n<meta property=\"og:image\" content=\"https:\/\/storitgroup.com\/uploads\/2024\/08\/43.1-622407.jpg\" \/>\n\t<meta property=\"og:image:width\" content=\"431\" \/>\n\t<meta property=\"og:image:height\" content=\"621\" \/>\n\t<meta property=\"og:image:type\" content=\"image\/jpeg\" \/>\n<meta name=\"twitter:card\" content=\"summary_large_image\" \/>\n<script type=\"application\/ld+json\" class=\"yoast-schema-graph\">{\"@context\":\"https:\\\/\\\/schema.org\",\"@graph\":[{\"@type\":[\"WebPage\",\"ItemPage\"],\"@id\":\"https:\\\/\\\/storitgroup.com\\\/fi\\\/tuote\\\/kumipyora-o-50-mm-tyotuoliin-kuormajarru\\\/\",\"url\":\"https:\\\/\\\/storitgroup.com\\\/fi\\\/tuote\\\/kumipyora-o-50-mm-tyotuoliin-kuormajarru\\\/\",\"name\":\"Kumipy\u00f6r\u00e4 \u00d8 50 mm ty\u00f6tuoliin, kuormajarru &#8226; Storit\",\"isPartOf\":{\"@id\":\"https:\\\/\\\/storitgroup.com\\\/fi\\\/#website\"},\"primaryImageOfPage\":{\"@id\":\"https:\\\/\\\/storitgroup.com\\\/fi\\\/tuote\\\/kumipyora-o-50-mm-tyotuoliin-kuormajarru\\\/#primaryimage\"},\"image\":{\"@id\":\"https:\\\/\\\/storitgroup.com\\\/fi\\\/tuote\\\/kumipyora-o-50-mm-tyotuoliin-kuormajarru\\\/#primaryimage\"},\"thumbnailUrl\":\"https:\\\/\\\/storitgroup.com\\\/uploads\\\/2024\\\/08\\\/43.1-622407.jpg\",\"datePublished\":\"2024-08-26T09:30:11+00:00\",\"dateModified\":\"2024-11-20T15:42:16+00:00\",\"description\":\"Kumipy\u00f6r\u00e4 \u00d8 50 mm ty\u00f6tuoliin, kuormajarru \u2014 kohtuulliseen hintaan. Toimitukset kaikkialle Suomeen! \u261b Tutustu tuotteeseen ja tilaa k\u00e4tev\u00e4sti STORIT-verkkokaupasta!\",\"breadcrumb\":{\"@id\":\"https:\\\/\\\/storitgroup.com\\\/fi\\\/tuote\\\/kumipyora-o-50-mm-tyotuoliin-kuormajarru\\\/#breadcrumb\"},\"inLanguage\":\"fi\",\"potentialAction\":[{\"@type\":\"ReadAction\",\"target\":[\"https:\\\/\\\/storitgroup.com\\\/fi\\\/tuote\\\/kumipyora-o-50-mm-tyotuoliin-kuormajarru\\\/\"]}]},{\"@type\":\"ImageObject\",\"inLanguage\":\"fi\",\"@id\":\"https:\\\/\\\/storitgroup.com\\\/fi\\\/tuote\\\/kumipyora-o-50-mm-tyotuoliin-kuormajarru\\\/#primaryimage\",\"url\":\"https:\\\/\\\/storitgroup.com\\\/uploads\\\/2024\\\/08\\\/43.1-622407.jpg\",\"contentUrl\":\"https:\\\/\\\/storitgroup.com\\\/uploads\\\/2024\\\/08\\\/43.1-622407.jpg\",\"width\":431,\"height\":621},{\"@type\":\"BreadcrumbList\",\"@id\":\"https:\\\/\\\/storitgroup.com\\\/fi\\\/tuote\\\/kumipyora-o-50-mm-tyotuoliin-kuormajarru\\\/#breadcrumb\",\"itemListElement\":[{\"@type\":\"ListItem\",\"position\":1,\"name\":\"Kotisivu\",\"item\":\"https:\\\/\\\/storitgroup.com\\\/fi\\\/\"},{\"@type\":\"ListItem\",\"position\":2,\"name\":\"Tuotteet\",\"item\":\"https:\\\/\\\/storitgroup.com\\\/fi\\\/tuotteet\\\/\"},{\"@type\":\"ListItem\",\"position\":3,\"name\":\"P\u00f6yd\u00e4t, tuolit, ty\u00f6kaluvarasto\",\"item\":\"https:\\\/\\\/storitgroup.com\\\/fi\\\/poydat-tuolit-tyokaluvarasto\\\/\"},{\"@type\":\"ListItem\",\"position\":4,\"name\":\"Toimistotuolit\",\"item\":\"https:\\\/\\\/storitgroup.com\\\/fi\\\/poydat-tuolit-tyokaluvarasto\\\/toimistotuolit\\\/\"},{\"@type\":\"ListItem\",\"position\":5,\"name\":\"Kumipy\u00f6r\u00e4 \u00d8 50 mm ty\u00f6tuoliin, kuormajarru\"}]},{\"@type\":\"WebSite\",\"@id\":\"https:\\\/\\\/storitgroup.com\\\/fi\\\/#website\",\"url\":\"https:\\\/\\\/storitgroup.com\\\/fi\\\/\",\"name\":\"Storit\",\"description\":\"\",\"potentialAction\":[{\"@type\":\"SearchAction\",\"target\":{\"@type\":\"EntryPoint\",\"urlTemplate\":\"https:\\\/\\\/storitgroup.com\\\/fi\\\/?s={search_term_string}\"},\"query-input\":{\"@type\":\"PropertyValueSpecification\",\"valueRequired\":true,\"valueName\":\"search_term_string\"}}],\"inLanguage\":\"fi\"}]}<\/script>\n<!-- \/ Yoast SEO plugin. -->","yoast_head_json":{"title":"Kumipy\u00f6r\u00e4 \u00d8 50 mm ty\u00f6tuoliin, kuormajarru &#8226; Storit","description":"Kumipy\u00f6r\u00e4 \u00d8 50 mm ty\u00f6tuoliin, kuormajarru \u2014 kohtuulliseen hintaan. Toimitukset kaikkialle Suomeen! \u261b Tutustu tuotteeseen ja tilaa k\u00e4tev\u00e4sti STORIT-verkkokaupasta!","robots":{"index":"index","follow":"follow","max-snippet":"max-snippet:-1","max-image-preview":"max-image-preview:large","max-video-preview":"max-video-preview:-1"},"canonical":"https:\/\/storitgroup.com\/fi\/tuote\/kumipyora-o-50-mm-tyotuoliin-kuormajarru\/","og_locale":"fi_FI","og_type":"article","og_title":"Kumipy\u00f6r\u00e4 \u00d8 50 mm ty\u00f6tuoliin, kuormajarru &#8226; Storit","og_description":"Kumipy\u00f6r\u00e4 \u00d8 50 mm ty\u00f6tuoliin, kuormajarru \u2014 kohtuulliseen hintaan. Toimitukset kaikkialle Suomeen! \u261b Tutustu tuotteeseen ja tilaa k\u00e4tev\u00e4sti STORIT-verkkokaupasta!","og_url":"https:\/\/storitgroup.com\/fi\/tuote\/kumipyora-o-50-mm-tyotuoliin-kuormajarru\/","og_site_name":"Storit","article_modified_time":"2024-11-20T15:42:16+00:00","og_image":[{"width":431,"height":621,"url":"https:\/\/storitgroup.com\/uploads\/2024\/08\/43.1-622407.jpg","type":"image\/jpeg"}],"twitter_card":"summary_large_image","schema":{"@context":"https:\/\/schema.org","@graph":[{"@type":["WebPage","ItemPage"],"@id":"https:\/\/storitgroup.com\/fi\/tuote\/kumipyora-o-50-mm-tyotuoliin-kuormajarru\/","url":"https:\/\/storitgroup.com\/fi\/tuote\/kumipyora-o-50-mm-tyotuoliin-kuormajarru\/","name":"Kumipy\u00f6r\u00e4 \u00d8 50 mm ty\u00f6tuoliin, kuormajarru &#8226; Storit","isPartOf":{"@id":"https:\/\/storitgroup.com\/fi\/#website"},"primaryImageOfPage":{"@id":"https:\/\/storitgroup.com\/fi\/tuote\/kumipyora-o-50-mm-tyotuoliin-kuormajarru\/#primaryimage"},"image":{"@id":"https:\/\/storitgroup.com\/fi\/tuote\/kumipyora-o-50-mm-tyotuoliin-kuormajarru\/#primaryimage"},"thumbnailUrl":"https:\/\/storitgroup.com\/uploads\/2024\/08\/43.1-622407.jpg","datePublished":"2024-08-26T09:30:11+00:00","dateModified":"2024-11-20T15:42:16+00:00","description":"Kumipy\u00f6r\u00e4 \u00d8 50 mm ty\u00f6tuoliin, kuormajarru \u2014 kohtuulliseen hintaan. Toimitukset kaikkialle Suomeen! \u261b Tutustu tuotteeseen ja tilaa k\u00e4tev\u00e4sti STORIT-verkkokaupasta!","breadcrumb":{"@id":"https:\/\/storitgroup.com\/fi\/tuote\/kumipyora-o-50-mm-tyotuoliin-kuormajarru\/#breadcrumb"},"inLanguage":"fi","potentialAction":[{"@type":"ReadAction","target":["https:\/\/storitgroup.com\/fi\/tuote\/kumipyora-o-50-mm-tyotuoliin-kuormajarru\/"]}]},{"@type":"ImageObject","inLanguage":"fi","@id":"https:\/\/storitgroup.com\/fi\/tuote\/kumipyora-o-50-mm-tyotuoliin-kuormajarru\/#primaryimage","url":"https:\/\/storitgroup.com\/uploads\/2024\/08\/43.1-622407.jpg","contentUrl":"https:\/\/storitgroup.com\/uploads\/2024\/08\/43.1-622407.jpg","width":431,"height":621},{"@type":"BreadcrumbList","@id":"https:\/\/storitgroup.com\/fi\/tuote\/kumipyora-o-50-mm-tyotuoliin-kuormajarru\/#breadcrumb","itemListElement":[{"@type":"ListItem","position":1,"name":"Kotisivu","item":"https:\/\/storitgroup.com\/fi\/"},{"@type":"ListItem","position":2,"name":"Tuotteet","item":"https:\/\/storitgroup.com\/fi\/tuotteet\/"},{"@type":"ListItem","position":3,"name":"P\u00f6yd\u00e4t, tuolit, ty\u00f6kaluvarasto","item":"https:\/\/storitgroup.com\/fi\/poydat-tuolit-tyokaluvarasto\/"},{"@type":"ListItem","position":4,"name":"Toimistotuolit","item":"https:\/\/storitgroup.com\/fi\/poydat-tuolit-tyokaluvarasto\/toimistotuolit\/"},{"@type":"ListItem","position":5,"name":"Kumipy\u00f6r\u00e4 \u00d8 50 mm ty\u00f6tuoliin, kuormajarru"}]},{"@type":"WebSite","@id":"https:\/\/storitgroup.com\/fi\/#website","url":"https:\/\/storitgroup.com\/fi\/","name":"Storit","description":"","potentialAction":[{"@type":"SearchAction","target":{"@type":"EntryPoint","urlTemplate":"https:\/\/storitgroup.com\/fi\/?s={search_term_string}"},"query-input":{"@type":"PropertyValueSpecification","valueRequired":true,"valueName":"search_term_string"}}],"inLanguage":"fi"}]}},"_links":{"self":[{"href":"https:\/\/storitgroup.com\/fi\/wp-json\/wp\/v2\/product\/219919","targetHints":{"allow":["GET"]}}],"collection":[{"href":"https:\/\/storitgroup.com\/fi\/wp-json\/wp\/v2\/product"}],"about":[{"href":"https:\/\/storitgroup.com\/fi\/wp-json\/wp\/v2\/types\/product"}],"wp:featuredmedia":[{"embeddable":true,"href":"https:\/\/storitgroup.com\/fi\/wp-json\/wp\/v2\/media\/219939"}],"wp:attachment":[{"href":"https:\/\/storitgroup.com\/fi\/wp-json\/wp\/v2\/media?parent=219919"}],"wp:term":[{"taxonomy":"product_brand","embeddable":true,"href":"https:\/\/storitgroup.com\/fi\/wp-json\/wp\/v2\/product_brand?post=219919"},{"taxonomy":"product_cat","embeddable":true,"href":"https:\/\/storitgroup.com\/fi\/wp-json\/wp\/v2\/product_cat?post=219919"},{"taxonomy":"product_tag","embeddable":true,"href":"https:\/\/storitgroup.com\/fi\/wp-json\/wp\/v2\/product_tag?post=219919"}],"curies":[{"name":"wp","href":"https:\/\/api.w.org\/{rel}","templated":true}]}}