{"id":218869,"date":"2024-07-11T11:55:04","date_gmt":"2024-07-11T08:55:04","guid":{"rendered":"https:\/\/storitgroup.com\/?post_type=product&#038;p=218869"},"modified":"2026-04-24T10:05:49","modified_gmt":"2026-04-24T07:05:49","slug":"varastossa-on-laaja-valikoima-kaytettyja-lavahyllyja-ja-hienotavaratelineita-pyyda-tarjous","status":"publish","type":"product","link":"https:\/\/storitgroup.com\/fi\/tuote\/varastossa-on-laaja-valikoima-kaytettyja-lavahyllyja-ja-hienotavaratelineita-pyyda-tarjous\/","title":{"rendered":"Varastossa on laaja valikoima k\u00e4ytettyj\u00e4 lavahyllyj\u00e4 ja hienotavaratelineit\u00e4. Pyyd\u00e4 tarjous!"},"content":{"rendered":"<p>Saatavana sivukehykset 2500-8000mm, palkit 1200-4200mm ja lis\u00e4varusteet<br \/>Kevyttavarahyllyss\u00e4 on pylv\u00e4it\u00e4 2100mm ja erilaisia \u200b\u200bhyllylevyj\u00e4<br \/>Pyyd\u00e4 tarjous!<\/p>\n","protected":false},"excerpt":{"rendered":"<p>Saatavana sivukehykset 2500-8000mm, palkit 1200-4200mm ja lis\u00e4varusteet<br \/>\nKevyttavarahyllyss\u00e4 on pylv\u00e4it\u00e4 2100mm ja erilaisia \u200b\u200bhyllylevyj\u00e4<br \/>\nPyyd\u00e4 tarjous!<\/p>\n","protected":false},"featured_media":224956,"template":"","meta":{"_acf_changed":false},"product_brand":[],"product_cat":[7027],"product_tag":[],"class_list":{"0":"post-218869","1":"product","2":"type-product","3":"status-publish","4":"has-post-thumbnail","6":"product_cat-kaytetyt-hyllyt","8":"first","9":"instock","10":"taxable","11":"shipping-taxable","12":"purchasable","13":"product-type-simple"},"acf":[],"yoast_head":"<!-- This site is optimized with the Yoast SEO plugin v27.4 - https:\/\/yoast.com\/product\/yoast-seo-wordpress\/ -->\n<title>Varastossa on laaja valikoima k\u00e4ytettyj\u00e4 lavahyllyj\u00e4 ja hienotavaratelineit\u00e4. Pyyd\u00e4 tarjous! &#8226; Storit<\/title>\n<meta name=\"description\" content=\"Varastossa on laaja valikoima k\u00e4ytettyj\u00e4 lavahyllyj\u00e4 ja hienotavaratelineit\u00e4. Pyyd\u00e4 tarjous! \u2014 kohtuulliseen hintaan. Toimitukset kaikkialle Suomeen! \u261b Tutustu tuotteeseen ja tilaa k\u00e4tev\u00e4sti STORIT-verkkokaupasta!\" \/>\n<meta name=\"robots\" content=\"index, follow, max-snippet:-1, max-image-preview:large, max-video-preview:-1\" \/>\n<link rel=\"canonical\" href=\"https:\/\/storitgroup.com\/fi\/tuote\/varastossa-on-laaja-valikoima-kaytettyja-lavahyllyja-ja-hienotavaratelineita-pyyda-tarjous\/\" \/>\n<meta property=\"og:locale\" content=\"fi_FI\" \/>\n<meta property=\"og:type\" content=\"article\" \/>\n<meta property=\"og:title\" content=\"Varastossa on laaja valikoima k\u00e4ytettyj\u00e4 lavahyllyj\u00e4 ja hienotavaratelineit\u00e4. Pyyd\u00e4 tarjous! &#8226; Storit\" \/>\n<meta property=\"og:description\" content=\"Varastossa on laaja valikoima k\u00e4ytettyj\u00e4 lavahyllyj\u00e4 ja hienotavaratelineit\u00e4. Pyyd\u00e4 tarjous! \u2014 kohtuulliseen hintaan. Toimitukset kaikkialle Suomeen! \u261b Tutustu tuotteeseen ja tilaa k\u00e4tev\u00e4sti STORIT-verkkokaupasta!\" \/>\n<meta property=\"og:url\" content=\"https:\/\/storitgroup.com\/fi\/tuote\/varastossa-on-laaja-valikoima-kaytettyja-lavahyllyja-ja-hienotavaratelineita-pyyda-tarjous\/\" \/>\n<meta property=\"og:site_name\" content=\"Storit\" \/>\n<meta property=\"article:modified_time\" content=\"2026-04-24T07:05:49+00:00\" \/>\n<meta property=\"og:image\" content=\"https:\/\/storitgroup.com\/uploads\/2024\/07\/img_0918.jpeg\" \/>\n\t<meta property=\"og:image:width\" content=\"2048\" \/>\n\t<meta property=\"og:image:height\" content=\"1536\" \/>\n\t<meta property=\"og:image:type\" content=\"image\/jpeg\" \/>\n<meta name=\"twitter:card\" content=\"summary_large_image\" \/>\n<script type=\"application\/ld+json\" class=\"yoast-schema-graph\">{\"@context\":\"https:\\\/\\\/schema.org\",\"@graph\":[{\"@type\":[\"WebPage\",\"ItemPage\"],\"@id\":\"https:\\\/\\\/storitgroup.com\\\/fi\\\/tuote\\\/varastossa-on-laaja-valikoima-kaytettyja-lavahyllyja-ja-hienotavaratelineita-pyyda-tarjous\\\/\",\"url\":\"https:\\\/\\\/storitgroup.com\\\/fi\\\/tuote\\\/varastossa-on-laaja-valikoima-kaytettyja-lavahyllyja-ja-hienotavaratelineita-pyyda-tarjous\\\/\",\"name\":\"Varastossa on laaja valikoima k\u00e4ytettyj\u00e4 lavahyllyj\u00e4 ja hienotavaratelineit\u00e4. Pyyd\u00e4 tarjous! &#8226; Storit\",\"isPartOf\":{\"@id\":\"https:\\\/\\\/storitgroup.com\\\/fi\\\/#website\"},\"primaryImageOfPage\":{\"@id\":\"https:\\\/\\\/storitgroup.com\\\/fi\\\/tuote\\\/varastossa-on-laaja-valikoima-kaytettyja-lavahyllyja-ja-hienotavaratelineita-pyyda-tarjous\\\/#primaryimage\"},\"image\":{\"@id\":\"https:\\\/\\\/storitgroup.com\\\/fi\\\/tuote\\\/varastossa-on-laaja-valikoima-kaytettyja-lavahyllyja-ja-hienotavaratelineita-pyyda-tarjous\\\/#primaryimage\"},\"thumbnailUrl\":\"https:\\\/\\\/storitgroup.com\\\/uploads\\\/2024\\\/07\\\/img_0918.jpeg\",\"datePublished\":\"2024-07-11T08:55:04+00:00\",\"dateModified\":\"2026-04-24T07:05:49+00:00\",\"description\":\"Varastossa on laaja valikoima k\u00e4ytettyj\u00e4 lavahyllyj\u00e4 ja hienotavaratelineit\u00e4. Pyyd\u00e4 tarjous! \u2014 kohtuulliseen hintaan. Toimitukset kaikkialle Suomeen! \u261b Tutustu tuotteeseen ja tilaa k\u00e4tev\u00e4sti STORIT-verkkokaupasta!\",\"breadcrumb\":{\"@id\":\"https:\\\/\\\/storitgroup.com\\\/fi\\\/tuote\\\/varastossa-on-laaja-valikoima-kaytettyja-lavahyllyja-ja-hienotavaratelineita-pyyda-tarjous\\\/#breadcrumb\"},\"inLanguage\":\"fi\",\"potentialAction\":[{\"@type\":\"ReadAction\",\"target\":[\"https:\\\/\\\/storitgroup.com\\\/fi\\\/tuote\\\/varastossa-on-laaja-valikoima-kaytettyja-lavahyllyja-ja-hienotavaratelineita-pyyda-tarjous\\\/\"]}]},{\"@type\":\"ImageObject\",\"inLanguage\":\"fi\",\"@id\":\"https:\\\/\\\/storitgroup.com\\\/fi\\\/tuote\\\/varastossa-on-laaja-valikoima-kaytettyja-lavahyllyja-ja-hienotavaratelineita-pyyda-tarjous\\\/#primaryimage\",\"url\":\"https:\\\/\\\/storitgroup.com\\\/uploads\\\/2024\\\/07\\\/img_0918.jpeg\",\"contentUrl\":\"https:\\\/\\\/storitgroup.com\\\/uploads\\\/2024\\\/07\\\/img_0918.jpeg\",\"width\":2048,\"height\":1536},{\"@type\":\"BreadcrumbList\",\"@id\":\"https:\\\/\\\/storitgroup.com\\\/fi\\\/tuote\\\/varastossa-on-laaja-valikoima-kaytettyja-lavahyllyja-ja-hienotavaratelineita-pyyda-tarjous\\\/#breadcrumb\",\"itemListElement\":[{\"@type\":\"ListItem\",\"position\":1,\"name\":\"Kotisivu\",\"item\":\"https:\\\/\\\/storitgroup.com\\\/fi\\\/\"},{\"@type\":\"ListItem\",\"position\":2,\"name\":\"Tuotteet\",\"item\":\"https:\\\/\\\/storitgroup.com\\\/fi\\\/tuotteet\\\/\"},{\"@type\":\"ListItem\",\"position\":3,\"name\":\"Varastohyllyt, v\u00e4litasot\",\"item\":\"https:\\\/\\\/storitgroup.com\\\/fi\\\/tuotteet\\\/varastohyllyt-valitasot\\\/\"},{\"@type\":\"ListItem\",\"position\":4,\"name\":\"K\u00e4ytetyt hyllyt\",\"item\":\"https:\\\/\\\/storitgroup.com\\\/fi\\\/tuotteet\\\/varastohyllyt-valitasot\\\/kaytetyt-hyllyt\\\/\"},{\"@type\":\"ListItem\",\"position\":5,\"name\":\"Varastossa on laaja valikoima k\u00e4ytettyj\u00e4 lavahyllyj\u00e4 ja hienotavaratelineit\u00e4. Pyyd\u00e4 tarjous!\"}]},{\"@type\":\"WebSite\",\"@id\":\"https:\\\/\\\/storitgroup.com\\\/fi\\\/#website\",\"url\":\"https:\\\/\\\/storitgroup.com\\\/fi\\\/\",\"name\":\"Storit\",\"description\":\"\",\"potentialAction\":[{\"@type\":\"SearchAction\",\"target\":{\"@type\":\"EntryPoint\",\"urlTemplate\":\"https:\\\/\\\/storitgroup.com\\\/fi\\\/?s={search_term_string}\"},\"query-input\":{\"@type\":\"PropertyValueSpecification\",\"valueRequired\":true,\"valueName\":\"search_term_string\"}}],\"inLanguage\":\"fi\"}]}<\/script>\n<!-- \/ Yoast SEO plugin. -->","yoast_head_json":{"title":"Varastossa on laaja valikoima k\u00e4ytettyj\u00e4 lavahyllyj\u00e4 ja hienotavaratelineit\u00e4. Pyyd\u00e4 tarjous! &#8226; Storit","description":"Varastossa on laaja valikoima k\u00e4ytettyj\u00e4 lavahyllyj\u00e4 ja hienotavaratelineit\u00e4. Pyyd\u00e4 tarjous! \u2014 kohtuulliseen hintaan. Toimitukset kaikkialle Suomeen! \u261b Tutustu tuotteeseen ja tilaa k\u00e4tev\u00e4sti STORIT-verkkokaupasta!","robots":{"index":"index","follow":"follow","max-snippet":"max-snippet:-1","max-image-preview":"max-image-preview:large","max-video-preview":"max-video-preview:-1"},"canonical":"https:\/\/storitgroup.com\/fi\/tuote\/varastossa-on-laaja-valikoima-kaytettyja-lavahyllyja-ja-hienotavaratelineita-pyyda-tarjous\/","og_locale":"fi_FI","og_type":"article","og_title":"Varastossa on laaja valikoima k\u00e4ytettyj\u00e4 lavahyllyj\u00e4 ja hienotavaratelineit\u00e4. Pyyd\u00e4 tarjous! &#8226; Storit","og_description":"Varastossa on laaja valikoima k\u00e4ytettyj\u00e4 lavahyllyj\u00e4 ja hienotavaratelineit\u00e4. Pyyd\u00e4 tarjous! \u2014 kohtuulliseen hintaan. Toimitukset kaikkialle Suomeen! \u261b Tutustu tuotteeseen ja tilaa k\u00e4tev\u00e4sti STORIT-verkkokaupasta!","og_url":"https:\/\/storitgroup.com\/fi\/tuote\/varastossa-on-laaja-valikoima-kaytettyja-lavahyllyja-ja-hienotavaratelineita-pyyda-tarjous\/","og_site_name":"Storit","article_modified_time":"2026-04-24T07:05:49+00:00","og_image":[{"width":2048,"height":1536,"url":"https:\/\/storitgroup.com\/uploads\/2024\/07\/img_0918.jpeg","type":"image\/jpeg"}],"twitter_card":"summary_large_image","schema":{"@context":"https:\/\/schema.org","@graph":[{"@type":["WebPage","ItemPage"],"@id":"https:\/\/storitgroup.com\/fi\/tuote\/varastossa-on-laaja-valikoima-kaytettyja-lavahyllyja-ja-hienotavaratelineita-pyyda-tarjous\/","url":"https:\/\/storitgroup.com\/fi\/tuote\/varastossa-on-laaja-valikoima-kaytettyja-lavahyllyja-ja-hienotavaratelineita-pyyda-tarjous\/","name":"Varastossa on laaja valikoima k\u00e4ytettyj\u00e4 lavahyllyj\u00e4 ja hienotavaratelineit\u00e4. Pyyd\u00e4 tarjous! &#8226; Storit","isPartOf":{"@id":"https:\/\/storitgroup.com\/fi\/#website"},"primaryImageOfPage":{"@id":"https:\/\/storitgroup.com\/fi\/tuote\/varastossa-on-laaja-valikoima-kaytettyja-lavahyllyja-ja-hienotavaratelineita-pyyda-tarjous\/#primaryimage"},"image":{"@id":"https:\/\/storitgroup.com\/fi\/tuote\/varastossa-on-laaja-valikoima-kaytettyja-lavahyllyja-ja-hienotavaratelineita-pyyda-tarjous\/#primaryimage"},"thumbnailUrl":"https:\/\/storitgroup.com\/uploads\/2024\/07\/img_0918.jpeg","datePublished":"2024-07-11T08:55:04+00:00","dateModified":"2026-04-24T07:05:49+00:00","description":"Varastossa on laaja valikoima k\u00e4ytettyj\u00e4 lavahyllyj\u00e4 ja hienotavaratelineit\u00e4. Pyyd\u00e4 tarjous! \u2014 kohtuulliseen hintaan. Toimitukset kaikkialle Suomeen! \u261b Tutustu tuotteeseen ja tilaa k\u00e4tev\u00e4sti STORIT-verkkokaupasta!","breadcrumb":{"@id":"https:\/\/storitgroup.com\/fi\/tuote\/varastossa-on-laaja-valikoima-kaytettyja-lavahyllyja-ja-hienotavaratelineita-pyyda-tarjous\/#breadcrumb"},"inLanguage":"fi","potentialAction":[{"@type":"ReadAction","target":["https:\/\/storitgroup.com\/fi\/tuote\/varastossa-on-laaja-valikoima-kaytettyja-lavahyllyja-ja-hienotavaratelineita-pyyda-tarjous\/"]}]},{"@type":"ImageObject","inLanguage":"fi","@id":"https:\/\/storitgroup.com\/fi\/tuote\/varastossa-on-laaja-valikoima-kaytettyja-lavahyllyja-ja-hienotavaratelineita-pyyda-tarjous\/#primaryimage","url":"https:\/\/storitgroup.com\/uploads\/2024\/07\/img_0918.jpeg","contentUrl":"https:\/\/storitgroup.com\/uploads\/2024\/07\/img_0918.jpeg","width":2048,"height":1536},{"@type":"BreadcrumbList","@id":"https:\/\/storitgroup.com\/fi\/tuote\/varastossa-on-laaja-valikoima-kaytettyja-lavahyllyja-ja-hienotavaratelineita-pyyda-tarjous\/#breadcrumb","itemListElement":[{"@type":"ListItem","position":1,"name":"Kotisivu","item":"https:\/\/storitgroup.com\/fi\/"},{"@type":"ListItem","position":2,"name":"Tuotteet","item":"https:\/\/storitgroup.com\/fi\/tuotteet\/"},{"@type":"ListItem","position":3,"name":"Varastohyllyt, v\u00e4litasot","item":"https:\/\/storitgroup.com\/fi\/tuotteet\/varastohyllyt-valitasot\/"},{"@type":"ListItem","position":4,"name":"K\u00e4ytetyt hyllyt","item":"https:\/\/storitgroup.com\/fi\/tuotteet\/varastohyllyt-valitasot\/kaytetyt-hyllyt\/"},{"@type":"ListItem","position":5,"name":"Varastossa on laaja valikoima k\u00e4ytettyj\u00e4 lavahyllyj\u00e4 ja hienotavaratelineit\u00e4. Pyyd\u00e4 tarjous!"}]},{"@type":"WebSite","@id":"https:\/\/storitgroup.com\/fi\/#website","url":"https:\/\/storitgroup.com\/fi\/","name":"Storit","description":"","potentialAction":[{"@type":"SearchAction","target":{"@type":"EntryPoint","urlTemplate":"https:\/\/storitgroup.com\/fi\/?s={search_term_string}"},"query-input":{"@type":"PropertyValueSpecification","valueRequired":true,"valueName":"search_term_string"}}],"inLanguage":"fi"}]}},"_links":{"self":[{"href":"https:\/\/storitgroup.com\/fi\/wp-json\/wp\/v2\/product\/218869","targetHints":{"allow":["GET"]}}],"collection":[{"href":"https:\/\/storitgroup.com\/fi\/wp-json\/wp\/v2\/product"}],"about":[{"href":"https:\/\/storitgroup.com\/fi\/wp-json\/wp\/v2\/types\/product"}],"wp:featuredmedia":[{"embeddable":true,"href":"https:\/\/storitgroup.com\/fi\/wp-json\/wp\/v2\/media\/224956"}],"wp:attachment":[{"href":"https:\/\/storitgroup.com\/fi\/wp-json\/wp\/v2\/media?parent=218869"}],"wp:term":[{"taxonomy":"product_brand","embeddable":true,"href":"https:\/\/storitgroup.com\/fi\/wp-json\/wp\/v2\/product_brand?post=218869"},{"taxonomy":"product_cat","embeddable":true,"href":"https:\/\/storitgroup.com\/fi\/wp-json\/wp\/v2\/product_cat?post=218869"},{"taxonomy":"product_tag","embeddable":true,"href":"https:\/\/storitgroup.com\/fi\/wp-json\/wp\/v2\/product_tag?post=218869"}],"curies":[{"name":"wp","href":"https:\/\/api.w.org\/{rel}","templated":true}]}}