{"id":218826,"date":"2024-09-23T16:40:34","date_gmt":"2024-09-23T13:40:34","guid":{"rendered":"https:\/\/storitgroup.com\/?post_type=product&#038;p=218826"},"modified":"2026-04-09T08:51:30","modified_gmt":"2026-04-09T05:51:30","slug":"muovilaatikko-600x400x235-mm-oranssi-reiitetty","status":"publish","type":"product","link":"https:\/\/storitgroup.com\/fi\/tuote\/muovilaatikko-600x400x235-mm-oranssi-reiitetty\/","title":{"rendered":"Muovilaatikko 600x400x235 mm, oranssi, rei\u00b4itetty"},"content":{"rendered":"<p>Muovilaatikot on suunniteltu erilaisten tuoteryhmien kuljetukseen ja s\u00e4ilytykseen. Niit\u00e4 l\u00f6ytyy p\u00e4\u00e4asiassa kasvihuoneista ja pelloilta hedelmien ja vihannesten ker\u00e4\u00e4misen yhteydess\u00e4, mutta my\u00f6s elintarviketeollisuudessa pakattujen lihatuotteiden toimituksissa. Sen rei\u00b4itetyt sivut ja pohja varmistavat hyv\u00e4n ilmanvaihdon, ja vahva materiaali suojaa tuotteita ulkoisilta mekaanisilta iskuilta.<\/p>\n","protected":false},"excerpt":{"rendered":"<p>Muovilaatikot on suunniteltu erilaisten tuoteryhmien kuljetukseen ja s\u00e4ilytykseen. Niit\u00e4 l\u00f6ytyy p\u00e4\u00e4asiassa kasvihuoneista ja pelloilta hedelmien ja vihannesten ker\u00e4\u00e4misen yhteydess\u00e4, mutta my\u00f6s elintarviketeollisuudessa pakattujen lihatuotteiden toimituksissa. Sen rei\u00b4itetyt sivut ja pohja varmistavat hyv\u00e4n ilmanvaihdon, ja vahva materiaali suojaa tuotteita ulkoisilta mekaanisilta iskuilta.<\/p>\n","protected":false},"featured_media":220148,"template":"","meta":{"_acf_changed":false},"product_brand":[],"product_cat":[7102],"product_tag":[],"class_list":{"0":"post-218826","1":"product","2":"type-product","3":"status-publish","4":"has-post-thumbnail","6":"product_room-pieni-varasto","7":"product_room-kotiratkaisut","8":"product_room-ruuan-kasittely","9":"product_room-kaupankaynti-ja-myymalat","10":"product_room-iso-varasto","11":"product_cat-muovilaatikot-muovisailiot","13":"first","14":"instock","15":"taxable","16":"shipping-taxable","17":"purchasable","18":"product-type-simple"},"acf":[],"yoast_head":"<!-- This site is optimized with the Yoast SEO plugin v27.3 - https:\/\/yoast.com\/product\/yoast-seo-wordpress\/ -->\n<title>Muovilaatikko 600x400x235 mm, oranssi, rei\u00b4itetty &#8226; Storit<\/title>\n<meta name=\"description\" content=\"Muovilaatikko 600x400x235 mm, oranssi, rei\u00b4itetty \u2014 kohtuulliseen hintaan. Toimitukset kaikkialle Suomeen! \u261b Tutustu tuotteeseen ja tilaa k\u00e4tev\u00e4sti STORIT-verkkokaupasta!\" \/>\n<meta name=\"robots\" content=\"index, follow, max-snippet:-1, max-image-preview:large, max-video-preview:-1\" \/>\n<link rel=\"canonical\" href=\"https:\/\/storitgroup.com\/fi\/tuote\/muovilaatikko-600x400x235-mm-oranssi-reiitetty\/\" \/>\n<meta property=\"og:locale\" content=\"fi_FI\" \/>\n<meta property=\"og:type\" content=\"article\" \/>\n<meta property=\"og:title\" content=\"Muovilaatikko 600x400x235 mm, oranssi, rei\u00b4itetty &#8226; Storit\" \/>\n<meta property=\"og:description\" content=\"Muovilaatikko 600x400x235 mm, oranssi, rei\u00b4itetty \u2014 kohtuulliseen hintaan. Toimitukset kaikkialle Suomeen! \u261b Tutustu tuotteeseen ja tilaa k\u00e4tev\u00e4sti STORIT-verkkokaupasta!\" \/>\n<meta property=\"og:url\" content=\"https:\/\/storitgroup.com\/fi\/tuote\/muovilaatikko-600x400x235-mm-oranssi-reiitetty\/\" \/>\n<meta property=\"og:site_name\" content=\"Storit\" \/>\n<meta property=\"article:modified_time\" content=\"2026-04-09T05:51:30+00:00\" \/>\n<meta property=\"og:image\" content=\"https:\/\/storitgroup.com\/uploads\/2024\/07\/19.-a1_3.jpg\" \/>\n\t<meta property=\"og:image:width\" content=\"581\" \/>\n\t<meta property=\"og:image:height\" content=\"449\" \/>\n\t<meta property=\"og:image:type\" content=\"image\/jpeg\" \/>\n<meta name=\"twitter:card\" content=\"summary_large_image\" \/>\n<script type=\"application\/ld+json\" class=\"yoast-schema-graph\">{\"@context\":\"https:\\\/\\\/schema.org\",\"@graph\":[{\"@type\":[\"WebPage\",\"ItemPage\"],\"@id\":\"https:\\\/\\\/storitgroup.com\\\/fi\\\/tuote\\\/muovilaatikko-600x400x235-mm-oranssi-reiitetty\\\/\",\"url\":\"https:\\\/\\\/storitgroup.com\\\/fi\\\/tuote\\\/muovilaatikko-600x400x235-mm-oranssi-reiitetty\\\/\",\"name\":\"Muovilaatikko 600x400x235 mm, oranssi, rei\u00b4itetty &#8226; Storit\",\"isPartOf\":{\"@id\":\"https:\\\/\\\/storitgroup.com\\\/fi\\\/#website\"},\"primaryImageOfPage\":{\"@id\":\"https:\\\/\\\/storitgroup.com\\\/fi\\\/tuote\\\/muovilaatikko-600x400x235-mm-oranssi-reiitetty\\\/#primaryimage\"},\"image\":{\"@id\":\"https:\\\/\\\/storitgroup.com\\\/fi\\\/tuote\\\/muovilaatikko-600x400x235-mm-oranssi-reiitetty\\\/#primaryimage\"},\"thumbnailUrl\":\"https:\\\/\\\/storitgroup.com\\\/uploads\\\/2024\\\/07\\\/19.-a1_3.jpg\",\"datePublished\":\"2024-09-23T13:40:34+00:00\",\"dateModified\":\"2026-04-09T05:51:30+00:00\",\"description\":\"Muovilaatikko 600x400x235 mm, oranssi, rei\u00b4itetty \u2014 kohtuulliseen hintaan. Toimitukset kaikkialle Suomeen! \u261b Tutustu tuotteeseen ja tilaa k\u00e4tev\u00e4sti STORIT-verkkokaupasta!\",\"breadcrumb\":{\"@id\":\"https:\\\/\\\/storitgroup.com\\\/fi\\\/tuote\\\/muovilaatikko-600x400x235-mm-oranssi-reiitetty\\\/#breadcrumb\"},\"inLanguage\":\"fi\",\"potentialAction\":[{\"@type\":\"ReadAction\",\"target\":[\"https:\\\/\\\/storitgroup.com\\\/fi\\\/tuote\\\/muovilaatikko-600x400x235-mm-oranssi-reiitetty\\\/\"]}]},{\"@type\":\"ImageObject\",\"inLanguage\":\"fi\",\"@id\":\"https:\\\/\\\/storitgroup.com\\\/fi\\\/tuote\\\/muovilaatikko-600x400x235-mm-oranssi-reiitetty\\\/#primaryimage\",\"url\":\"https:\\\/\\\/storitgroup.com\\\/uploads\\\/2024\\\/07\\\/19.-a1_3.jpg\",\"contentUrl\":\"https:\\\/\\\/storitgroup.com\\\/uploads\\\/2024\\\/07\\\/19.-a1_3.jpg\",\"width\":581,\"height\":449},{\"@type\":\"BreadcrumbList\",\"@id\":\"https:\\\/\\\/storitgroup.com\\\/fi\\\/tuote\\\/muovilaatikko-600x400x235-mm-oranssi-reiitetty\\\/#breadcrumb\",\"itemListElement\":[{\"@type\":\"ListItem\",\"position\":1,\"name\":\"Kotisivu\",\"item\":\"https:\\\/\\\/storitgroup.com\\\/fi\\\/\"},{\"@type\":\"ListItem\",\"position\":2,\"name\":\"Tuotteet\",\"item\":\"https:\\\/\\\/storitgroup.com\\\/fi\\\/tuotteet\\\/\"},{\"@type\":\"ListItem\",\"position\":3,\"name\":\"Varastolaatikot, s\u00e4ilytyslaatikot\",\"item\":\"https:\\\/\\\/storitgroup.com\\\/fi\\\/varastolaatikot-sailytyslaatikot\\\/\"},{\"@type\":\"ListItem\",\"position\":4,\"name\":\"Muovilaatikot, muovis\u00e4ili\u00f6t\",\"item\":\"https:\\\/\\\/storitgroup.com\\\/fi\\\/varastolaatikot-sailytyslaatikot\\\/muovilaatikot-muovisailiot\\\/\"},{\"@type\":\"ListItem\",\"position\":5,\"name\":\"Muovilaatikko 600x400x235 mm, oranssi, rei\u00b4itetty\"}]},{\"@type\":\"WebSite\",\"@id\":\"https:\\\/\\\/storitgroup.com\\\/fi\\\/#website\",\"url\":\"https:\\\/\\\/storitgroup.com\\\/fi\\\/\",\"name\":\"Storit\",\"description\":\"\",\"potentialAction\":[{\"@type\":\"SearchAction\",\"target\":{\"@type\":\"EntryPoint\",\"urlTemplate\":\"https:\\\/\\\/storitgroup.com\\\/fi\\\/?s={search_term_string}\"},\"query-input\":{\"@type\":\"PropertyValueSpecification\",\"valueRequired\":true,\"valueName\":\"search_term_string\"}}],\"inLanguage\":\"fi\"}]}<\/script>\n<!-- \/ Yoast SEO plugin. -->","yoast_head_json":{"title":"Muovilaatikko 600x400x235 mm, oranssi, rei\u00b4itetty &#8226; Storit","description":"Muovilaatikko 600x400x235 mm, oranssi, rei\u00b4itetty \u2014 kohtuulliseen hintaan. Toimitukset kaikkialle Suomeen! \u261b Tutustu tuotteeseen ja tilaa k\u00e4tev\u00e4sti STORIT-verkkokaupasta!","robots":{"index":"index","follow":"follow","max-snippet":"max-snippet:-1","max-image-preview":"max-image-preview:large","max-video-preview":"max-video-preview:-1"},"canonical":"https:\/\/storitgroup.com\/fi\/tuote\/muovilaatikko-600x400x235-mm-oranssi-reiitetty\/","og_locale":"fi_FI","og_type":"article","og_title":"Muovilaatikko 600x400x235 mm, oranssi, rei\u00b4itetty &#8226; Storit","og_description":"Muovilaatikko 600x400x235 mm, oranssi, rei\u00b4itetty \u2014 kohtuulliseen hintaan. Toimitukset kaikkialle Suomeen! \u261b Tutustu tuotteeseen ja tilaa k\u00e4tev\u00e4sti STORIT-verkkokaupasta!","og_url":"https:\/\/storitgroup.com\/fi\/tuote\/muovilaatikko-600x400x235-mm-oranssi-reiitetty\/","og_site_name":"Storit","article_modified_time":"2026-04-09T05:51:30+00:00","og_image":[{"width":581,"height":449,"url":"https:\/\/storitgroup.com\/uploads\/2024\/07\/19.-a1_3.jpg","type":"image\/jpeg"}],"twitter_card":"summary_large_image","schema":{"@context":"https:\/\/schema.org","@graph":[{"@type":["WebPage","ItemPage"],"@id":"https:\/\/storitgroup.com\/fi\/tuote\/muovilaatikko-600x400x235-mm-oranssi-reiitetty\/","url":"https:\/\/storitgroup.com\/fi\/tuote\/muovilaatikko-600x400x235-mm-oranssi-reiitetty\/","name":"Muovilaatikko 600x400x235 mm, oranssi, rei\u00b4itetty &#8226; Storit","isPartOf":{"@id":"https:\/\/storitgroup.com\/fi\/#website"},"primaryImageOfPage":{"@id":"https:\/\/storitgroup.com\/fi\/tuote\/muovilaatikko-600x400x235-mm-oranssi-reiitetty\/#primaryimage"},"image":{"@id":"https:\/\/storitgroup.com\/fi\/tuote\/muovilaatikko-600x400x235-mm-oranssi-reiitetty\/#primaryimage"},"thumbnailUrl":"https:\/\/storitgroup.com\/uploads\/2024\/07\/19.-a1_3.jpg","datePublished":"2024-09-23T13:40:34+00:00","dateModified":"2026-04-09T05:51:30+00:00","description":"Muovilaatikko 600x400x235 mm, oranssi, rei\u00b4itetty \u2014 kohtuulliseen hintaan. Toimitukset kaikkialle Suomeen! \u261b Tutustu tuotteeseen ja tilaa k\u00e4tev\u00e4sti STORIT-verkkokaupasta!","breadcrumb":{"@id":"https:\/\/storitgroup.com\/fi\/tuote\/muovilaatikko-600x400x235-mm-oranssi-reiitetty\/#breadcrumb"},"inLanguage":"fi","potentialAction":[{"@type":"ReadAction","target":["https:\/\/storitgroup.com\/fi\/tuote\/muovilaatikko-600x400x235-mm-oranssi-reiitetty\/"]}]},{"@type":"ImageObject","inLanguage":"fi","@id":"https:\/\/storitgroup.com\/fi\/tuote\/muovilaatikko-600x400x235-mm-oranssi-reiitetty\/#primaryimage","url":"https:\/\/storitgroup.com\/uploads\/2024\/07\/19.-a1_3.jpg","contentUrl":"https:\/\/storitgroup.com\/uploads\/2024\/07\/19.-a1_3.jpg","width":581,"height":449},{"@type":"BreadcrumbList","@id":"https:\/\/storitgroup.com\/fi\/tuote\/muovilaatikko-600x400x235-mm-oranssi-reiitetty\/#breadcrumb","itemListElement":[{"@type":"ListItem","position":1,"name":"Kotisivu","item":"https:\/\/storitgroup.com\/fi\/"},{"@type":"ListItem","position":2,"name":"Tuotteet","item":"https:\/\/storitgroup.com\/fi\/tuotteet\/"},{"@type":"ListItem","position":3,"name":"Varastolaatikot, s\u00e4ilytyslaatikot","item":"https:\/\/storitgroup.com\/fi\/varastolaatikot-sailytyslaatikot\/"},{"@type":"ListItem","position":4,"name":"Muovilaatikot, muovis\u00e4ili\u00f6t","item":"https:\/\/storitgroup.com\/fi\/varastolaatikot-sailytyslaatikot\/muovilaatikot-muovisailiot\/"},{"@type":"ListItem","position":5,"name":"Muovilaatikko 600x400x235 mm, oranssi, rei\u00b4itetty"}]},{"@type":"WebSite","@id":"https:\/\/storitgroup.com\/fi\/#website","url":"https:\/\/storitgroup.com\/fi\/","name":"Storit","description":"","potentialAction":[{"@type":"SearchAction","target":{"@type":"EntryPoint","urlTemplate":"https:\/\/storitgroup.com\/fi\/?s={search_term_string}"},"query-input":{"@type":"PropertyValueSpecification","valueRequired":true,"valueName":"search_term_string"}}],"inLanguage":"fi"}]}},"_links":{"self":[{"href":"https:\/\/storitgroup.com\/fi\/wp-json\/wp\/v2\/product\/218826","targetHints":{"allow":["GET"]}}],"collection":[{"href":"https:\/\/storitgroup.com\/fi\/wp-json\/wp\/v2\/product"}],"about":[{"href":"https:\/\/storitgroup.com\/fi\/wp-json\/wp\/v2\/types\/product"}],"wp:featuredmedia":[{"embeddable":true,"href":"https:\/\/storitgroup.com\/fi\/wp-json\/wp\/v2\/media\/220148"}],"wp:attachment":[{"href":"https:\/\/storitgroup.com\/fi\/wp-json\/wp\/v2\/media?parent=218826"}],"wp:term":[{"taxonomy":"product_brand","embeddable":true,"href":"https:\/\/storitgroup.com\/fi\/wp-json\/wp\/v2\/product_brand?post=218826"},{"taxonomy":"product_cat","embeddable":true,"href":"https:\/\/storitgroup.com\/fi\/wp-json\/wp\/v2\/product_cat?post=218826"},{"taxonomy":"product_tag","embeddable":true,"href":"https:\/\/storitgroup.com\/fi\/wp-json\/wp\/v2\/product_tag?post=218826"}],"curies":[{"name":"wp","href":"https:\/\/api.w.org\/{rel}","templated":true}]}}