{"id":218192,"date":"2024-05-07T16:45:19","date_gmt":"2024-05-07T13:45:20","guid":{"rendered":"https:\/\/storitgroup.com\/?post_type=product&#038;p=218192"},"modified":"2024-11-25T14:23:38","modified_gmt":"2024-11-25T12:23:38","slug":"istuinpenkki-storit-2000-mm-ral7035","status":"publish","type":"product","link":"https:\/\/storitgroup.com\/fi\/tuote\/istuinpenkki-storit-2000-mm-ral7035\/","title":{"rendered":"Istuinpenkki Storit 2000 mm, RAL7035"},"content":{"rendered":"<p>Penkki on valmistettu taivutetusta rautaputkesta ja jauhemaalattu. Istuinosa koostuu kolmesta lakatusta kovapuulevyst\u00e4.<\/p>\n<p>Rungon s\u00e4vyt ovat valittavissa 16 perusv\u00e4rist\u00e4, muut RAL-v\u00e4rit ovat saatavilla pient\u00e4 lis\u00e4maksua vastaan.<\/p>\n","protected":false},"excerpt":{"rendered":"<p>Penkki on valmistettu taivutetusta rautaputkesta ja jauhemaalattu. Istuinosa koostuu kolmesta lakatusta kovapuulevyst\u00e4.<\/p>\n<p>Rungon s\u00e4vyt ovat valittavissa 16 perusv\u00e4rist\u00e4, muut RAL-v\u00e4rit ovat saatavilla pient\u00e4 lis\u00e4maksua vastaan.<\/p>\n","protected":false},"featured_media":218243,"template":"","meta":{"_acf_changed":false},"product_brand":[],"product_cat":[7061],"product_tag":[],"class_list":{"0":"post-218192","1":"product","2":"type-product","3":"status-publish","4":"has-post-thumbnail","6":"product_room-tyopaja-ja-autotalli","7":"product_room-kaupankaynti-ja-myymalat","8":"product_room-toimisto","9":"product_room-koulut-ja-paivakodit","10":"product_room-laakeyhtiot-ja-laboratoriot","11":"product_room-kotitoimisto","12":"product_room-kotiratkaisut","13":"product_room-kiinteistokehitys","14":"product_room-arkisto-museo","15":"product_room-pukuhuone","16":"product_cat-penkit-penkkitelineet","18":"first","19":"onbackorder","20":"taxable","21":"shipping-taxable","22":"purchasable","23":"product-type-simple"},"acf":[],"yoast_head":"<!-- This site is optimized with the Yoast SEO plugin v27.2 - https:\/\/yoast.com\/product\/yoast-seo-wordpress\/ -->\n<title>Istuinpenkki Storit 2000 mm, RAL7035 &#8226; Storit<\/title>\n<meta name=\"description\" content=\"Istuinpenkki Storit 2000 mm, RAL7035 \u2014 kohtuulliseen hintaan. Toimitukset kaikkialle Suomeen! \u261b Tutustu tuotteeseen ja tilaa k\u00e4tev\u00e4sti STORIT-verkkokaupasta!\" \/>\n<meta name=\"robots\" content=\"index, follow, max-snippet:-1, max-image-preview:large, max-video-preview:-1\" \/>\n<link rel=\"canonical\" href=\"https:\/\/storitgroup.com\/fi\/tuote\/istuinpenkki-storit-2000-mm-ral7035\/\" \/>\n<meta property=\"og:locale\" content=\"fi_FI\" \/>\n<meta property=\"og:type\" content=\"article\" \/>\n<meta property=\"og:title\" content=\"Istuinpenkki Storit 2000 mm, RAL7035 &#8226; Storit\" \/>\n<meta property=\"og:description\" content=\"Istuinpenkki Storit 2000 mm, RAL7035 \u2014 kohtuulliseen hintaan. Toimitukset kaikkialle Suomeen! \u261b Tutustu tuotteeseen ja tilaa k\u00e4tev\u00e4sti STORIT-verkkokaupasta!\" \/>\n<meta property=\"og:url\" content=\"https:\/\/storitgroup.com\/fi\/tuote\/istuinpenkki-storit-2000-mm-ral7035\/\" \/>\n<meta property=\"og:site_name\" content=\"Storit\" \/>\n<meta property=\"article:modified_time\" content=\"2024-11-25T12:23:38+00:00\" \/>\n<meta property=\"og:image\" content=\"https:\/\/storitgroup.com\/uploads\/2024\/05\/128-lo20.jpg\" \/>\n\t<meta property=\"og:image:width\" content=\"531\" \/>\n\t<meta property=\"og:image:height\" content=\"530\" \/>\n\t<meta property=\"og:image:type\" content=\"image\/jpeg\" \/>\n<meta name=\"twitter:card\" content=\"summary_large_image\" \/>\n<script type=\"application\/ld+json\" class=\"yoast-schema-graph\">{\"@context\":\"https:\/\/schema.org\",\"@graph\":[{\"@type\":[\"WebPage\",\"ItemPage\"],\"@id\":\"https:\/\/storitgroup.com\/fi\/tuote\/istuinpenkki-storit-2000-mm-ral7035\/\",\"url\":\"https:\/\/storitgroup.com\/fi\/tuote\/istuinpenkki-storit-2000-mm-ral7035\/\",\"name\":\"Istuinpenkki Storit 2000 mm, RAL7035 &#8226; Storit\",\"isPartOf\":{\"@id\":\"https:\/\/storitgroup.com\/fi\/#website\"},\"primaryImageOfPage\":{\"@id\":\"https:\/\/storitgroup.com\/fi\/tuote\/istuinpenkki-storit-2000-mm-ral7035\/#primaryimage\"},\"image\":{\"@id\":\"https:\/\/storitgroup.com\/fi\/tuote\/istuinpenkki-storit-2000-mm-ral7035\/#primaryimage\"},\"thumbnailUrl\":\"https:\/\/storitgroup.com\/uploads\/2024\/05\/128-lo20.jpg\",\"datePublished\":\"2024-05-07T13:45:20+00:00\",\"dateModified\":\"2024-11-25T12:23:38+00:00\",\"description\":\"Istuinpenkki Storit 2000 mm, RAL7035 \u2014 kohtuulliseen hintaan. Toimitukset kaikkialle Suomeen! \u261b Tutustu tuotteeseen ja tilaa k\u00e4tev\u00e4sti STORIT-verkkokaupasta!\",\"breadcrumb\":{\"@id\":\"https:\/\/storitgroup.com\/fi\/tuote\/istuinpenkki-storit-2000-mm-ral7035\/#breadcrumb\"},\"inLanguage\":\"fi\",\"potentialAction\":[{\"@type\":\"ReadAction\",\"target\":[\"https:\/\/storitgroup.com\/fi\/tuote\/istuinpenkki-storit-2000-mm-ral7035\/\"]}]},{\"@type\":\"ImageObject\",\"inLanguage\":\"fi\",\"@id\":\"https:\/\/storitgroup.com\/fi\/tuote\/istuinpenkki-storit-2000-mm-ral7035\/#primaryimage\",\"url\":\"https:\/\/storitgroup.com\/uploads\/2024\/05\/128-lo20.jpg\",\"contentUrl\":\"https:\/\/storitgroup.com\/uploads\/2024\/05\/128-lo20.jpg\",\"width\":531,\"height\":530},{\"@type\":\"BreadcrumbList\",\"@id\":\"https:\/\/storitgroup.com\/fi\/tuote\/istuinpenkki-storit-2000-mm-ral7035\/#breadcrumb\",\"itemListElement\":[{\"@type\":\"ListItem\",\"position\":1,\"name\":\"Kotisivu\",\"item\":\"https:\/\/storitgroup.com\/fi\/\"},{\"@type\":\"ListItem\",\"position\":2,\"name\":\"Tuotteet\",\"item\":\"https:\/\/storitgroup.com\/fi\/tuotteet\/\"},{\"@type\":\"ListItem\",\"position\":3,\"name\":\"Metallikaapit, pukukaapit\",\"item\":\"https:\/\/storitgroup.com\/fi\/metallikaapit-pukukaapit\/\"},{\"@type\":\"ListItem\",\"position\":4,\"name\":\"Penkit, penkkitelineet\",\"item\":\"https:\/\/storitgroup.com\/fi\/metallikaapit-pukukaapit\/penkit-penkkitelineet\/\"},{\"@type\":\"ListItem\",\"position\":5,\"name\":\"Istuinpenkki Storit 2000 mm, RAL7035\"}]},{\"@type\":\"WebSite\",\"@id\":\"https:\/\/storitgroup.com\/fi\/#website\",\"url\":\"https:\/\/storitgroup.com\/fi\/\",\"name\":\"Storit\",\"description\":\"\",\"potentialAction\":[{\"@type\":\"SearchAction\",\"target\":{\"@type\":\"EntryPoint\",\"urlTemplate\":\"https:\/\/storitgroup.com\/fi\/?s={search_term_string}\"},\"query-input\":{\"@type\":\"PropertyValueSpecification\",\"valueRequired\":true,\"valueName\":\"search_term_string\"}}],\"inLanguage\":\"fi\"}]}<\/script>\n<!-- \/ Yoast SEO plugin. -->","yoast_head_json":{"title":"Istuinpenkki Storit 2000 mm, RAL7035 &#8226; Storit","description":"Istuinpenkki Storit 2000 mm, RAL7035 \u2014 kohtuulliseen hintaan. Toimitukset kaikkialle Suomeen! \u261b Tutustu tuotteeseen ja tilaa k\u00e4tev\u00e4sti STORIT-verkkokaupasta!","robots":{"index":"index","follow":"follow","max-snippet":"max-snippet:-1","max-image-preview":"max-image-preview:large","max-video-preview":"max-video-preview:-1"},"canonical":"https:\/\/storitgroup.com\/fi\/tuote\/istuinpenkki-storit-2000-mm-ral7035\/","og_locale":"fi_FI","og_type":"article","og_title":"Istuinpenkki Storit 2000 mm, RAL7035 &#8226; Storit","og_description":"Istuinpenkki Storit 2000 mm, RAL7035 \u2014 kohtuulliseen hintaan. Toimitukset kaikkialle Suomeen! \u261b Tutustu tuotteeseen ja tilaa k\u00e4tev\u00e4sti STORIT-verkkokaupasta!","og_url":"https:\/\/storitgroup.com\/fi\/tuote\/istuinpenkki-storit-2000-mm-ral7035\/","og_site_name":"Storit","article_modified_time":"2024-11-25T12:23:38+00:00","og_image":[{"width":531,"height":530,"url":"https:\/\/storitgroup.com\/uploads\/2024\/05\/128-lo20.jpg","type":"image\/jpeg"}],"twitter_card":"summary_large_image","schema":{"@context":"https:\/\/schema.org","@graph":[{"@type":["WebPage","ItemPage"],"@id":"https:\/\/storitgroup.com\/fi\/tuote\/istuinpenkki-storit-2000-mm-ral7035\/","url":"https:\/\/storitgroup.com\/fi\/tuote\/istuinpenkki-storit-2000-mm-ral7035\/","name":"Istuinpenkki Storit 2000 mm, RAL7035 &#8226; Storit","isPartOf":{"@id":"https:\/\/storitgroup.com\/fi\/#website"},"primaryImageOfPage":{"@id":"https:\/\/storitgroup.com\/fi\/tuote\/istuinpenkki-storit-2000-mm-ral7035\/#primaryimage"},"image":{"@id":"https:\/\/storitgroup.com\/fi\/tuote\/istuinpenkki-storit-2000-mm-ral7035\/#primaryimage"},"thumbnailUrl":"https:\/\/storitgroup.com\/uploads\/2024\/05\/128-lo20.jpg","datePublished":"2024-05-07T13:45:20+00:00","dateModified":"2024-11-25T12:23:38+00:00","description":"Istuinpenkki Storit 2000 mm, RAL7035 \u2014 kohtuulliseen hintaan. Toimitukset kaikkialle Suomeen! \u261b Tutustu tuotteeseen ja tilaa k\u00e4tev\u00e4sti STORIT-verkkokaupasta!","breadcrumb":{"@id":"https:\/\/storitgroup.com\/fi\/tuote\/istuinpenkki-storit-2000-mm-ral7035\/#breadcrumb"},"inLanguage":"fi","potentialAction":[{"@type":"ReadAction","target":["https:\/\/storitgroup.com\/fi\/tuote\/istuinpenkki-storit-2000-mm-ral7035\/"]}]},{"@type":"ImageObject","inLanguage":"fi","@id":"https:\/\/storitgroup.com\/fi\/tuote\/istuinpenkki-storit-2000-mm-ral7035\/#primaryimage","url":"https:\/\/storitgroup.com\/uploads\/2024\/05\/128-lo20.jpg","contentUrl":"https:\/\/storitgroup.com\/uploads\/2024\/05\/128-lo20.jpg","width":531,"height":530},{"@type":"BreadcrumbList","@id":"https:\/\/storitgroup.com\/fi\/tuote\/istuinpenkki-storit-2000-mm-ral7035\/#breadcrumb","itemListElement":[{"@type":"ListItem","position":1,"name":"Kotisivu","item":"https:\/\/storitgroup.com\/fi\/"},{"@type":"ListItem","position":2,"name":"Tuotteet","item":"https:\/\/storitgroup.com\/fi\/tuotteet\/"},{"@type":"ListItem","position":3,"name":"Metallikaapit, pukukaapit","item":"https:\/\/storitgroup.com\/fi\/metallikaapit-pukukaapit\/"},{"@type":"ListItem","position":4,"name":"Penkit, penkkitelineet","item":"https:\/\/storitgroup.com\/fi\/metallikaapit-pukukaapit\/penkit-penkkitelineet\/"},{"@type":"ListItem","position":5,"name":"Istuinpenkki Storit 2000 mm, RAL7035"}]},{"@type":"WebSite","@id":"https:\/\/storitgroup.com\/fi\/#website","url":"https:\/\/storitgroup.com\/fi\/","name":"Storit","description":"","potentialAction":[{"@type":"SearchAction","target":{"@type":"EntryPoint","urlTemplate":"https:\/\/storitgroup.com\/fi\/?s={search_term_string}"},"query-input":{"@type":"PropertyValueSpecification","valueRequired":true,"valueName":"search_term_string"}}],"inLanguage":"fi"}]}},"_links":{"self":[{"href":"https:\/\/storitgroup.com\/fi\/wp-json\/wp\/v2\/product\/218192","targetHints":{"allow":["GET"]}}],"collection":[{"href":"https:\/\/storitgroup.com\/fi\/wp-json\/wp\/v2\/product"}],"about":[{"href":"https:\/\/storitgroup.com\/fi\/wp-json\/wp\/v2\/types\/product"}],"wp:featuredmedia":[{"embeddable":true,"href":"https:\/\/storitgroup.com\/fi\/wp-json\/wp\/v2\/media\/218243"}],"wp:attachment":[{"href":"https:\/\/storitgroup.com\/fi\/wp-json\/wp\/v2\/media?parent=218192"}],"wp:term":[{"taxonomy":"product_brand","embeddable":true,"href":"https:\/\/storitgroup.com\/fi\/wp-json\/wp\/v2\/product_brand?post=218192"},{"taxonomy":"product_cat","embeddable":true,"href":"https:\/\/storitgroup.com\/fi\/wp-json\/wp\/v2\/product_cat?post=218192"},{"taxonomy":"product_tag","embeddable":true,"href":"https:\/\/storitgroup.com\/fi\/wp-json\/wp\/v2\/product_tag?post=218192"}],"curies":[{"name":"wp","href":"https:\/\/api.w.org\/{rel}","templated":true}]}}