{"id":217976,"date":"2024-04-26T13:10:40","date_gmt":"2024-04-26T10:40:50","guid":{"rendered":"https:\/\/storitgroup.com\/?post_type=product&#038;p=217976"},"modified":"2024-11-20T17:40:27","modified_gmt":"2024-11-20T15:40:27","slug":"tyopoyta-1500x800-mm-apupyorilla","status":"publish","type":"product","link":"https:\/\/storitgroup.com\/fi\/tuote\/tyopoyta-1500x800-mm-apupyorilla\/","title":{"rendered":"Ty\u00f6p\u00f6yt\u00e4 1500&#215;800 mm apupy\u00f6rill\u00e4"},"content":{"rendered":"<p>K\u00e4yt\u00e4nn\u00f6llinen ty\u00f6p\u00f6yt\u00e4, jonka korkeutta voi s\u00e4\u00e4t\u00e4\u00e4 k\u00e4sin, ja py\u00f6r\u00e4t on asennettu niin, ett\u00e4 niit\u00e4 voi laskea tai nostaa polkimella painamalla. <\/p>\n<p>Liikkumattomat py\u00f6r\u00e4t \u00d8 150 mm jarruilla. <br \/> Korkeusero jaloilla tai py\u00f6rill\u00e4 seisoessa on 10 mm.<br \/>Jalkojen maksimikuormitus on 500 kg ja py\u00f6rien 300 kg. <br \/> P\u00f6yd\u00e4n siirt\u00e4minen py\u00f6rill\u00e4 tulee tehd\u00e4 ilman kuormaa <\/p>\n<p>P\u00f6yt\u00e4levy on valmistettu korkeapainelaminaatista (HPL) paksuudeltaan 40 mm. <br \/>Materiaali on naarmuuntumaton ja kest\u00e4v\u00e4 erilaisille nesteille ja kemikaaleille. <br \/>Ruuvirei\u00e4t on esiporattu helpottamaan p\u00f6yt\u00e4levyn asentamista.<\/p>\n<p> P\u00f6yt\u00e4 on saatavana my\u00f6s 1200 ja 2000 mm levein\u00e4.<br \/>Paremman vakauden takaamiseksi jalkojen v\u00e4liin voidaan asentaa jatkokehys.<\/p>\n","protected":false},"excerpt":{"rendered":"<p>K\u00e4yt\u00e4nn\u00f6llinen ty\u00f6p\u00f6yt\u00e4, jonka korkeutta voi s\u00e4\u00e4t\u00e4\u00e4 k\u00e4sin, ja py\u00f6r\u00e4t on asennettu niin, ett\u00e4 niit\u00e4 voi laskea tai nostaa polkimella painamalla. <\/p>\n<p>Liikkumattomat py\u00f6r\u00e4t \u00d8 150 mm jarruilla. <\/p>\n","protected":false},"featured_media":218041,"template":"","meta":{"_acf_changed":false},"product_brand":[],"product_cat":[8412],"product_tag":[],"class_list":{"0":"post-217976","1":"product","2":"type-product","3":"status-publish","4":"has-post-thumbnail","6":"product_room-laakeyhtiot-ja-laboratoriot","7":"product_room-teollisuus-ja-tuotanto-ergonomiset-tyopaikat-tyokaluvarasto","8":"product_room-kotitoimisto","9":"product_room-kotiratkaisut","10":"product_room-kiinteistokehitys","11":"product_room-tyopaja-ja-autotalli","12":"product_room-kuljetus-ja-logistiikka","13":"product_room-ruuan-kasittely","14":"product_room-arkisto-museo","15":"product_room-kaupankaynti-ja-myymalat","16":"product_room-kokoonpano-ja-keraily","17":"product_room-pakkaus","18":"product_room-toimisto","19":"product_room-koulut-ja-paivakodit","20":"product_cat-tyopoydat-muu","22":"first","23":"onbackorder","24":"taxable","25":"shipping-taxable","26":"purchasable","27":"product-type-simple"},"acf":[],"yoast_head":"<!-- This site is optimized with the Yoast SEO plugin v27.2 - https:\/\/yoast.com\/product\/yoast-seo-wordpress\/ -->\n<title>Ty\u00f6p\u00f6yt\u00e4 1500x800 mm apupy\u00f6rill\u00e4 &#8226; Storit<\/title>\n<meta name=\"description\" content=\"Ty\u00f6p\u00f6yt\u00e4 1500x800 mm apupy\u00f6rill\u00e4 \u2014 kohtuulliseen hintaan. Toimitukset kaikkialle Suomeen! \u261b Tutustu tuotteeseen ja tilaa k\u00e4tev\u00e4sti STORIT-verkkokaupasta!\" \/>\n<meta name=\"robots\" content=\"index, follow, max-snippet:-1, max-image-preview:large, max-video-preview:-1\" \/>\n<link rel=\"canonical\" href=\"https:\/\/storitgroup.com\/fi\/tuote\/tyopoyta-1500x800-mm-apupyorilla\/\" \/>\n<meta property=\"og:locale\" content=\"fi_FI\" \/>\n<meta property=\"og:type\" content=\"article\" \/>\n<meta property=\"og:title\" content=\"Ty\u00f6p\u00f6yt\u00e4 1500x800 mm apupy\u00f6rill\u00e4 &#8226; Storit\" \/>\n<meta property=\"og:description\" content=\"Ty\u00f6p\u00f6yt\u00e4 1500x800 mm apupy\u00f6rill\u00e4 \u2014 kohtuulliseen hintaan. Toimitukset kaikkialle Suomeen! \u261b Tutustu tuotteeseen ja tilaa k\u00e4tev\u00e4sti STORIT-verkkokaupasta!\" \/>\n<meta property=\"og:url\" content=\"https:\/\/storitgroup.com\/fi\/tuote\/tyopoyta-1500x800-mm-apupyorilla\/\" \/>\n<meta property=\"og:site_name\" content=\"Storit\" \/>\n<meta property=\"article:modified_time\" content=\"2024-11-20T15:40:27+00:00\" \/>\n<meta property=\"og:image\" content=\"https:\/\/storitgroup.com\/uploads\/2024\/04\/sono-1.jpg\" \/>\n\t<meta property=\"og:image:width\" content=\"613\" \/>\n\t<meta property=\"og:image:height\" content=\"492\" \/>\n\t<meta property=\"og:image:type\" content=\"image\/jpeg\" \/>\n<meta name=\"twitter:card\" content=\"summary_large_image\" \/>\n<meta name=\"twitter:label1\" content=\"Arvioitu lukuaika\" \/>\n\t<meta name=\"twitter:data1\" content=\"1 minuutti\" \/>\n<script type=\"application\/ld+json\" class=\"yoast-schema-graph\">{\"@context\":\"https:\/\/schema.org\",\"@graph\":[{\"@type\":[\"WebPage\",\"ItemPage\"],\"@id\":\"https:\/\/storitgroup.com\/fi\/tuote\/tyopoyta-1500x800-mm-apupyorilla\/\",\"url\":\"https:\/\/storitgroup.com\/fi\/tuote\/tyopoyta-1500x800-mm-apupyorilla\/\",\"name\":\"Ty\u00f6p\u00f6yt\u00e4 1500x800 mm apupy\u00f6rill\u00e4 &#8226; Storit\",\"isPartOf\":{\"@id\":\"https:\/\/storitgroup.com\/fi\/#website\"},\"primaryImageOfPage\":{\"@id\":\"https:\/\/storitgroup.com\/fi\/tuote\/tyopoyta-1500x800-mm-apupyorilla\/#primaryimage\"},\"image\":{\"@id\":\"https:\/\/storitgroup.com\/fi\/tuote\/tyopoyta-1500x800-mm-apupyorilla\/#primaryimage\"},\"thumbnailUrl\":\"https:\/\/storitgroup.com\/uploads\/2024\/04\/sono-1.jpg\",\"datePublished\":\"2024-04-26T10:40:50+00:00\",\"dateModified\":\"2024-11-20T15:40:27+00:00\",\"description\":\"Ty\u00f6p\u00f6yt\u00e4 1500x800 mm apupy\u00f6rill\u00e4 \u2014 kohtuulliseen hintaan. Toimitukset kaikkialle Suomeen! \u261b Tutustu tuotteeseen ja tilaa k\u00e4tev\u00e4sti STORIT-verkkokaupasta!\",\"breadcrumb\":{\"@id\":\"https:\/\/storitgroup.com\/fi\/tuote\/tyopoyta-1500x800-mm-apupyorilla\/#breadcrumb\"},\"inLanguage\":\"fi\",\"potentialAction\":[{\"@type\":\"ReadAction\",\"target\":[\"https:\/\/storitgroup.com\/fi\/tuote\/tyopoyta-1500x800-mm-apupyorilla\/\"]}]},{\"@type\":\"ImageObject\",\"inLanguage\":\"fi\",\"@id\":\"https:\/\/storitgroup.com\/fi\/tuote\/tyopoyta-1500x800-mm-apupyorilla\/#primaryimage\",\"url\":\"https:\/\/storitgroup.com\/uploads\/2024\/04\/sono-1.jpg\",\"contentUrl\":\"https:\/\/storitgroup.com\/uploads\/2024\/04\/sono-1.jpg\",\"width\":613,\"height\":492},{\"@type\":\"BreadcrumbList\",\"@id\":\"https:\/\/storitgroup.com\/fi\/tuote\/tyopoyta-1500x800-mm-apupyorilla\/#breadcrumb\",\"itemListElement\":[{\"@type\":\"ListItem\",\"position\":1,\"name\":\"Kotisivu\",\"item\":\"https:\/\/storitgroup.com\/fi\/\"},{\"@type\":\"ListItem\",\"position\":2,\"name\":\"Tuotteet\",\"item\":\"https:\/\/storitgroup.com\/fi\/tuotteet\/\"},{\"@type\":\"ListItem\",\"position\":3,\"name\":\"P\u00f6yd\u00e4t, tuolit, ty\u00f6kaluvarasto\",\"item\":\"https:\/\/storitgroup.com\/fi\/poydat-tuolit-tyokaluvarasto\/\"},{\"@type\":\"ListItem\",\"position\":4,\"name\":\"Ty\u00f6p\u00f6yd\u00e4t\",\"item\":\"https:\/\/storitgroup.com\/fi\/poydat-tuolit-tyokaluvarasto\/tyopoydat\/\"},{\"@type\":\"ListItem\",\"position\":5,\"name\":\"Ty\u00f6p\u00f6yd\u00e4t: muu\",\"item\":\"https:\/\/storitgroup.com\/fi\/poydat-tuolit-tyokaluvarasto\/tyopoydat\/tyopoydat-muu\/\"},{\"@type\":\"ListItem\",\"position\":6,\"name\":\"Ty\u00f6p\u00f6yt\u00e4 1500&#215;800 mm apupy\u00f6rill\u00e4\"}]},{\"@type\":\"WebSite\",\"@id\":\"https:\/\/storitgroup.com\/fi\/#website\",\"url\":\"https:\/\/storitgroup.com\/fi\/\",\"name\":\"Storit\",\"description\":\"\",\"potentialAction\":[{\"@type\":\"SearchAction\",\"target\":{\"@type\":\"EntryPoint\",\"urlTemplate\":\"https:\/\/storitgroup.com\/fi\/?s={search_term_string}\"},\"query-input\":{\"@type\":\"PropertyValueSpecification\",\"valueRequired\":true,\"valueName\":\"search_term_string\"}}],\"inLanguage\":\"fi\"}]}<\/script>\n<!-- \/ Yoast SEO plugin. -->","yoast_head_json":{"title":"Ty\u00f6p\u00f6yt\u00e4 1500x800 mm apupy\u00f6rill\u00e4 &#8226; Storit","description":"Ty\u00f6p\u00f6yt\u00e4 1500x800 mm apupy\u00f6rill\u00e4 \u2014 kohtuulliseen hintaan. Toimitukset kaikkialle Suomeen! \u261b Tutustu tuotteeseen ja tilaa k\u00e4tev\u00e4sti STORIT-verkkokaupasta!","robots":{"index":"index","follow":"follow","max-snippet":"max-snippet:-1","max-image-preview":"max-image-preview:large","max-video-preview":"max-video-preview:-1"},"canonical":"https:\/\/storitgroup.com\/fi\/tuote\/tyopoyta-1500x800-mm-apupyorilla\/","og_locale":"fi_FI","og_type":"article","og_title":"Ty\u00f6p\u00f6yt\u00e4 1500x800 mm apupy\u00f6rill\u00e4 &#8226; Storit","og_description":"Ty\u00f6p\u00f6yt\u00e4 1500x800 mm apupy\u00f6rill\u00e4 \u2014 kohtuulliseen hintaan. Toimitukset kaikkialle Suomeen! \u261b Tutustu tuotteeseen ja tilaa k\u00e4tev\u00e4sti STORIT-verkkokaupasta!","og_url":"https:\/\/storitgroup.com\/fi\/tuote\/tyopoyta-1500x800-mm-apupyorilla\/","og_site_name":"Storit","article_modified_time":"2024-11-20T15:40:27+00:00","og_image":[{"width":613,"height":492,"url":"https:\/\/storitgroup.com\/uploads\/2024\/04\/sono-1.jpg","type":"image\/jpeg"}],"twitter_card":"summary_large_image","twitter_misc":{"Arvioitu lukuaika":"1 minuutti"},"schema":{"@context":"https:\/\/schema.org","@graph":[{"@type":["WebPage","ItemPage"],"@id":"https:\/\/storitgroup.com\/fi\/tuote\/tyopoyta-1500x800-mm-apupyorilla\/","url":"https:\/\/storitgroup.com\/fi\/tuote\/tyopoyta-1500x800-mm-apupyorilla\/","name":"Ty\u00f6p\u00f6yt\u00e4 1500x800 mm apupy\u00f6rill\u00e4 &#8226; Storit","isPartOf":{"@id":"https:\/\/storitgroup.com\/fi\/#website"},"primaryImageOfPage":{"@id":"https:\/\/storitgroup.com\/fi\/tuote\/tyopoyta-1500x800-mm-apupyorilla\/#primaryimage"},"image":{"@id":"https:\/\/storitgroup.com\/fi\/tuote\/tyopoyta-1500x800-mm-apupyorilla\/#primaryimage"},"thumbnailUrl":"https:\/\/storitgroup.com\/uploads\/2024\/04\/sono-1.jpg","datePublished":"2024-04-26T10:40:50+00:00","dateModified":"2024-11-20T15:40:27+00:00","description":"Ty\u00f6p\u00f6yt\u00e4 1500x800 mm apupy\u00f6rill\u00e4 \u2014 kohtuulliseen hintaan. Toimitukset kaikkialle Suomeen! \u261b Tutustu tuotteeseen ja tilaa k\u00e4tev\u00e4sti STORIT-verkkokaupasta!","breadcrumb":{"@id":"https:\/\/storitgroup.com\/fi\/tuote\/tyopoyta-1500x800-mm-apupyorilla\/#breadcrumb"},"inLanguage":"fi","potentialAction":[{"@type":"ReadAction","target":["https:\/\/storitgroup.com\/fi\/tuote\/tyopoyta-1500x800-mm-apupyorilla\/"]}]},{"@type":"ImageObject","inLanguage":"fi","@id":"https:\/\/storitgroup.com\/fi\/tuote\/tyopoyta-1500x800-mm-apupyorilla\/#primaryimage","url":"https:\/\/storitgroup.com\/uploads\/2024\/04\/sono-1.jpg","contentUrl":"https:\/\/storitgroup.com\/uploads\/2024\/04\/sono-1.jpg","width":613,"height":492},{"@type":"BreadcrumbList","@id":"https:\/\/storitgroup.com\/fi\/tuote\/tyopoyta-1500x800-mm-apupyorilla\/#breadcrumb","itemListElement":[{"@type":"ListItem","position":1,"name":"Kotisivu","item":"https:\/\/storitgroup.com\/fi\/"},{"@type":"ListItem","position":2,"name":"Tuotteet","item":"https:\/\/storitgroup.com\/fi\/tuotteet\/"},{"@type":"ListItem","position":3,"name":"P\u00f6yd\u00e4t, tuolit, ty\u00f6kaluvarasto","item":"https:\/\/storitgroup.com\/fi\/poydat-tuolit-tyokaluvarasto\/"},{"@type":"ListItem","position":4,"name":"Ty\u00f6p\u00f6yd\u00e4t","item":"https:\/\/storitgroup.com\/fi\/poydat-tuolit-tyokaluvarasto\/tyopoydat\/"},{"@type":"ListItem","position":5,"name":"Ty\u00f6p\u00f6yd\u00e4t: muu","item":"https:\/\/storitgroup.com\/fi\/poydat-tuolit-tyokaluvarasto\/tyopoydat\/tyopoydat-muu\/"},{"@type":"ListItem","position":6,"name":"Ty\u00f6p\u00f6yt\u00e4 1500&#215;800 mm apupy\u00f6rill\u00e4"}]},{"@type":"WebSite","@id":"https:\/\/storitgroup.com\/fi\/#website","url":"https:\/\/storitgroup.com\/fi\/","name":"Storit","description":"","potentialAction":[{"@type":"SearchAction","target":{"@type":"EntryPoint","urlTemplate":"https:\/\/storitgroup.com\/fi\/?s={search_term_string}"},"query-input":{"@type":"PropertyValueSpecification","valueRequired":true,"valueName":"search_term_string"}}],"inLanguage":"fi"}]}},"_links":{"self":[{"href":"https:\/\/storitgroup.com\/fi\/wp-json\/wp\/v2\/product\/217976","targetHints":{"allow":["GET"]}}],"collection":[{"href":"https:\/\/storitgroup.com\/fi\/wp-json\/wp\/v2\/product"}],"about":[{"href":"https:\/\/storitgroup.com\/fi\/wp-json\/wp\/v2\/types\/product"}],"wp:featuredmedia":[{"embeddable":true,"href":"https:\/\/storitgroup.com\/fi\/wp-json\/wp\/v2\/media\/218041"}],"wp:attachment":[{"href":"https:\/\/storitgroup.com\/fi\/wp-json\/wp\/v2\/media?parent=217976"}],"wp:term":[{"taxonomy":"product_brand","embeddable":true,"href":"https:\/\/storitgroup.com\/fi\/wp-json\/wp\/v2\/product_brand?post=217976"},{"taxonomy":"product_cat","embeddable":true,"href":"https:\/\/storitgroup.com\/fi\/wp-json\/wp\/v2\/product_cat?post=217976"},{"taxonomy":"product_tag","embeddable":true,"href":"https:\/\/storitgroup.com\/fi\/wp-json\/wp\/v2\/product_tag?post=217976"}],"curies":[{"name":"wp","href":"https:\/\/api.w.org\/{rel}","templated":true}]}}