{"id":216519,"date":"2024-03-26T10:31:40","date_gmt":"2024-03-26T08:31:40","guid":{"rendered":"https:\/\/storitgroup.com\/?post_type=product&#038;p=216519"},"modified":"2024-11-25T15:12:10","modified_gmt":"2024-11-25T13:12:10","slug":"levykuljetin","status":"publish","type":"product","link":"https:\/\/storitgroup.com\/fi\/tuote\/levykuljetin\/","title":{"rendered":"Levykuljetin TW 200L"},"content":{"rendered":"<p>E0076  kantavuus:\u00a0200 kg<br \/>  mitat: 490 x 380 x 260 mm (plk)<br \/>  lastausleveys: 160 mm<br \/>  kuormatasolla kumimatto<br \/>  luja hitsattu runko on pulverimaalattu (keltainen, RAL 1003)<br \/>  py\u00f6r\u00e4t: \u00d8 260 x 85 mm, ilmakumi<br \/>  paino:\u00a06 kg.  Kumimatto varmistaa, ett\u00e4 kuorma ei luista.<\/p>\n","protected":false},"excerpt":{"rendered":"<p>E0076  kantavuus:\u00a0200 kg<br \/>\n  mitat: 490 x 380 x 260 mm (plk)<br \/>\n  lastausleveys: 160 mm<\/p>\n","protected":false},"featured_media":216563,"template":"","meta":{"_acf_changed":false},"product_brand":[],"product_cat":[7083],"product_tag":[],"class_list":{"0":"post-216519","1":"product","2":"type-product","3":"status-publish","4":"has-post-thumbnail","6":"product_room-iso-varasto","7":"product_room-pieni-varasto","8":"product_room-kuljetus-ja-logistiikka","9":"product_room-arkisto-museo","10":"product_room-kokoonpano-ja-keraily","11":"product_room-kaupankaynti-ja-myymalat","12":"product_room-pakkaus","13":"product_cat-erikoiskarryt","15":"first","16":"onbackorder","17":"taxable","18":"shipping-taxable","19":"purchasable","20":"product-type-simple"},"acf":[],"yoast_head":"<!-- This site is optimized with the Yoast SEO plugin v27.2 - https:\/\/yoast.com\/product\/yoast-seo-wordpress\/ -->\n<title>Levykuljetin TW 200L &#8226; Storit<\/title>\n<meta name=\"description\" content=\"Levykuljetin TW 200L \u2014 kohtuulliseen hintaan. Toimitukset kaikkialle Suomeen! \u261b Tutustu tuotteeseen ja tilaa k\u00e4tev\u00e4sti STORIT-verkkokaupasta!\" \/>\n<meta name=\"robots\" content=\"index, follow, max-snippet:-1, max-image-preview:large, max-video-preview:-1\" \/>\n<link rel=\"canonical\" href=\"https:\/\/storitgroup.com\/fi\/tuote\/levykuljetin\/\" \/>\n<meta property=\"og:locale\" content=\"fi_FI\" \/>\n<meta property=\"og:type\" content=\"article\" \/>\n<meta property=\"og:title\" content=\"Levykuljetin TW 200L &#8226; Storit\" \/>\n<meta property=\"og:description\" content=\"Levykuljetin TW 200L \u2014 kohtuulliseen hintaan. Toimitukset kaikkialle Suomeen! \u261b Tutustu tuotteeseen ja tilaa k\u00e4tev\u00e4sti STORIT-verkkokaupasta!\" \/>\n<meta property=\"og:url\" content=\"https:\/\/storitgroup.com\/fi\/tuote\/levykuljetin\/\" \/>\n<meta property=\"og:site_name\" content=\"Storit\" \/>\n<meta property=\"article:modified_time\" content=\"2024-11-25T13:12:10+00:00\" \/>\n<meta property=\"og:image\" content=\"https:\/\/storitgroup.com\/uploads\/2024\/03\/tw200l-1.jpg\" \/>\n\t<meta property=\"og:image:width\" content=\"1768\" \/>\n\t<meta property=\"og:image:height\" content=\"1184\" \/>\n\t<meta property=\"og:image:type\" content=\"image\/jpeg\" \/>\n<meta name=\"twitter:card\" content=\"summary_large_image\" \/>\n<script type=\"application\/ld+json\" class=\"yoast-schema-graph\">{\"@context\":\"https:\/\/schema.org\",\"@graph\":[{\"@type\":[\"WebPage\",\"ItemPage\"],\"@id\":\"https:\/\/storitgroup.com\/fi\/tuote\/levykuljetin\/\",\"url\":\"https:\/\/storitgroup.com\/fi\/tuote\/levykuljetin\/\",\"name\":\"Levykuljetin TW 200L &#8226; Storit\",\"isPartOf\":{\"@id\":\"https:\/\/storitgroup.com\/fi\/#website\"},\"primaryImageOfPage\":{\"@id\":\"https:\/\/storitgroup.com\/fi\/tuote\/levykuljetin\/#primaryimage\"},\"image\":{\"@id\":\"https:\/\/storitgroup.com\/fi\/tuote\/levykuljetin\/#primaryimage\"},\"thumbnailUrl\":\"https:\/\/storitgroup.com\/uploads\/2024\/03\/tw200l-1.jpg\",\"datePublished\":\"2024-03-26T08:31:40+00:00\",\"dateModified\":\"2024-11-25T13:12:10+00:00\",\"description\":\"Levykuljetin TW 200L \u2014 kohtuulliseen hintaan. Toimitukset kaikkialle Suomeen! \u261b Tutustu tuotteeseen ja tilaa k\u00e4tev\u00e4sti STORIT-verkkokaupasta!\",\"breadcrumb\":{\"@id\":\"https:\/\/storitgroup.com\/fi\/tuote\/levykuljetin\/#breadcrumb\"},\"inLanguage\":\"fi\",\"potentialAction\":[{\"@type\":\"ReadAction\",\"target\":[\"https:\/\/storitgroup.com\/fi\/tuote\/levykuljetin\/\"]}]},{\"@type\":\"ImageObject\",\"inLanguage\":\"fi\",\"@id\":\"https:\/\/storitgroup.com\/fi\/tuote\/levykuljetin\/#primaryimage\",\"url\":\"https:\/\/storitgroup.com\/uploads\/2024\/03\/tw200l-1.jpg\",\"contentUrl\":\"https:\/\/storitgroup.com\/uploads\/2024\/03\/tw200l-1.jpg\",\"width\":1768,\"height\":1184},{\"@type\":\"BreadcrumbList\",\"@id\":\"https:\/\/storitgroup.com\/fi\/tuote\/levykuljetin\/#breadcrumb\",\"itemListElement\":[{\"@type\":\"ListItem\",\"position\":1,\"name\":\"Kotisivu\",\"item\":\"https:\/\/storitgroup.com\/fi\/\"},{\"@type\":\"ListItem\",\"position\":2,\"name\":\"Tuotteet\",\"item\":\"https:\/\/storitgroup.com\/fi\/tuotteet\/\"},{\"@type\":\"ListItem\",\"position\":3,\"name\":\"Varastovaunut, py\u00f6r\u00e4t\",\"item\":\"https:\/\/storitgroup.com\/fi\/varastovaunut-pyorat\/\"},{\"@type\":\"ListItem\",\"position\":4,\"name\":\"Erikoisk\u00e4rryt\",\"item\":\"https:\/\/storitgroup.com\/fi\/varastovaunut-pyorat\/erikoiskarryt\/\"},{\"@type\":\"ListItem\",\"position\":5,\"name\":\"Levykuljetin TW 200L\"}]},{\"@type\":\"WebSite\",\"@id\":\"https:\/\/storitgroup.com\/fi\/#website\",\"url\":\"https:\/\/storitgroup.com\/fi\/\",\"name\":\"Storit\",\"description\":\"\",\"potentialAction\":[{\"@type\":\"SearchAction\",\"target\":{\"@type\":\"EntryPoint\",\"urlTemplate\":\"https:\/\/storitgroup.com\/fi\/?s={search_term_string}\"},\"query-input\":{\"@type\":\"PropertyValueSpecification\",\"valueRequired\":true,\"valueName\":\"search_term_string\"}}],\"inLanguage\":\"fi\"}]}<\/script>\n<!-- \/ Yoast SEO plugin. -->","yoast_head_json":{"title":"Levykuljetin TW 200L &#8226; Storit","description":"Levykuljetin TW 200L \u2014 kohtuulliseen hintaan. Toimitukset kaikkialle Suomeen! \u261b Tutustu tuotteeseen ja tilaa k\u00e4tev\u00e4sti STORIT-verkkokaupasta!","robots":{"index":"index","follow":"follow","max-snippet":"max-snippet:-1","max-image-preview":"max-image-preview:large","max-video-preview":"max-video-preview:-1"},"canonical":"https:\/\/storitgroup.com\/fi\/tuote\/levykuljetin\/","og_locale":"fi_FI","og_type":"article","og_title":"Levykuljetin TW 200L &#8226; Storit","og_description":"Levykuljetin TW 200L \u2014 kohtuulliseen hintaan. Toimitukset kaikkialle Suomeen! \u261b Tutustu tuotteeseen ja tilaa k\u00e4tev\u00e4sti STORIT-verkkokaupasta!","og_url":"https:\/\/storitgroup.com\/fi\/tuote\/levykuljetin\/","og_site_name":"Storit","article_modified_time":"2024-11-25T13:12:10+00:00","og_image":[{"width":1768,"height":1184,"url":"https:\/\/storitgroup.com\/uploads\/2024\/03\/tw200l-1.jpg","type":"image\/jpeg"}],"twitter_card":"summary_large_image","schema":{"@context":"https:\/\/schema.org","@graph":[{"@type":["WebPage","ItemPage"],"@id":"https:\/\/storitgroup.com\/fi\/tuote\/levykuljetin\/","url":"https:\/\/storitgroup.com\/fi\/tuote\/levykuljetin\/","name":"Levykuljetin TW 200L &#8226; Storit","isPartOf":{"@id":"https:\/\/storitgroup.com\/fi\/#website"},"primaryImageOfPage":{"@id":"https:\/\/storitgroup.com\/fi\/tuote\/levykuljetin\/#primaryimage"},"image":{"@id":"https:\/\/storitgroup.com\/fi\/tuote\/levykuljetin\/#primaryimage"},"thumbnailUrl":"https:\/\/storitgroup.com\/uploads\/2024\/03\/tw200l-1.jpg","datePublished":"2024-03-26T08:31:40+00:00","dateModified":"2024-11-25T13:12:10+00:00","description":"Levykuljetin TW 200L \u2014 kohtuulliseen hintaan. Toimitukset kaikkialle Suomeen! \u261b Tutustu tuotteeseen ja tilaa k\u00e4tev\u00e4sti STORIT-verkkokaupasta!","breadcrumb":{"@id":"https:\/\/storitgroup.com\/fi\/tuote\/levykuljetin\/#breadcrumb"},"inLanguage":"fi","potentialAction":[{"@type":"ReadAction","target":["https:\/\/storitgroup.com\/fi\/tuote\/levykuljetin\/"]}]},{"@type":"ImageObject","inLanguage":"fi","@id":"https:\/\/storitgroup.com\/fi\/tuote\/levykuljetin\/#primaryimage","url":"https:\/\/storitgroup.com\/uploads\/2024\/03\/tw200l-1.jpg","contentUrl":"https:\/\/storitgroup.com\/uploads\/2024\/03\/tw200l-1.jpg","width":1768,"height":1184},{"@type":"BreadcrumbList","@id":"https:\/\/storitgroup.com\/fi\/tuote\/levykuljetin\/#breadcrumb","itemListElement":[{"@type":"ListItem","position":1,"name":"Kotisivu","item":"https:\/\/storitgroup.com\/fi\/"},{"@type":"ListItem","position":2,"name":"Tuotteet","item":"https:\/\/storitgroup.com\/fi\/tuotteet\/"},{"@type":"ListItem","position":3,"name":"Varastovaunut, py\u00f6r\u00e4t","item":"https:\/\/storitgroup.com\/fi\/varastovaunut-pyorat\/"},{"@type":"ListItem","position":4,"name":"Erikoisk\u00e4rryt","item":"https:\/\/storitgroup.com\/fi\/varastovaunut-pyorat\/erikoiskarryt\/"},{"@type":"ListItem","position":5,"name":"Levykuljetin TW 200L"}]},{"@type":"WebSite","@id":"https:\/\/storitgroup.com\/fi\/#website","url":"https:\/\/storitgroup.com\/fi\/","name":"Storit","description":"","potentialAction":[{"@type":"SearchAction","target":{"@type":"EntryPoint","urlTemplate":"https:\/\/storitgroup.com\/fi\/?s={search_term_string}"},"query-input":{"@type":"PropertyValueSpecification","valueRequired":true,"valueName":"search_term_string"}}],"inLanguage":"fi"}]}},"_links":{"self":[{"href":"https:\/\/storitgroup.com\/fi\/wp-json\/wp\/v2\/product\/216519","targetHints":{"allow":["GET"]}}],"collection":[{"href":"https:\/\/storitgroup.com\/fi\/wp-json\/wp\/v2\/product"}],"about":[{"href":"https:\/\/storitgroup.com\/fi\/wp-json\/wp\/v2\/types\/product"}],"wp:featuredmedia":[{"embeddable":true,"href":"https:\/\/storitgroup.com\/fi\/wp-json\/wp\/v2\/media\/216563"}],"wp:attachment":[{"href":"https:\/\/storitgroup.com\/fi\/wp-json\/wp\/v2\/media?parent=216519"}],"wp:term":[{"taxonomy":"product_brand","embeddable":true,"href":"https:\/\/storitgroup.com\/fi\/wp-json\/wp\/v2\/product_brand?post=216519"},{"taxonomy":"product_cat","embeddable":true,"href":"https:\/\/storitgroup.com\/fi\/wp-json\/wp\/v2\/product_cat?post=216519"},{"taxonomy":"product_tag","embeddable":true,"href":"https:\/\/storitgroup.com\/fi\/wp-json\/wp\/v2\/product_tag?post=216519"}],"curies":[{"name":"wp","href":"https:\/\/api.w.org\/{rel}","templated":true}]}}