{"id":216122,"date":"2024-05-10T10:30:14","date_gmt":"2024-05-10T07:30:14","guid":{"rendered":"https:\/\/storitgroup.com\/?post_type=product&#038;p=216122"},"modified":"2024-11-25T15:10:42","modified_gmt":"2024-11-25T13:10:42","slug":"jatesailio-pyorilla-120-l-vihrea","status":"publish","type":"product","link":"https:\/\/storitgroup.com\/fi\/tuote\/jatesailio-pyorilla-120-l-vihrea\/","title":{"rendered":"J\u00e4tes\u00e4ili\u00f6 py\u00f6rill\u00e4 120 L, vihre\u00e4"},"content":{"rendered":"<p>J\u00e4tes\u00e4ili\u00f6n py\u00f6r\u00e4llinen muotoilu tekee siit\u00e4 helposti liikuteltavan ja ketter\u00e4n, mahdollistaen mukavan k\u00e4yt\u00f6n p\u00e4ivitt\u00e4isiss\u00e4 j\u00e4teker\u00e4ysprosesseissa. Korkean tiheyden polyeteenist\u00e4 (HDPE) valmistettu s\u00e4ili\u00f6 on s\u00e4\u00e4nkest\u00e4v\u00e4, mik\u00e4 varmistaa kest\u00e4vyyden my\u00f6s ulkok\u00e4yt\u00f6ss\u00e4, samalla kun se on helppo puhdistaa ja yll\u00e4pit\u00e4\u00e4. Patentoidun muotoilun ansiosta s\u00e4ili\u00f6 on vahva ja pitk\u00e4ik\u00e4inen. Se on ihanteellinen keskikokoisten j\u00e4tem\u00e4\u00e4rien s\u00e4ilytt\u00e4miseen.<\/p>\n","protected":false},"excerpt":{"rendered":"<p>J\u00e4tes\u00e4ili\u00f6n py\u00f6r\u00e4llinen muotoilu tekee siit\u00e4 helposti liikuteltavan ja ketter\u00e4n, mahdollistaen mukavan k\u00e4yt\u00f6n p\u00e4ivitt\u00e4isiss\u00e4 j\u00e4teker\u00e4ysprosesseissa. Korkean tiheyden polyeteenist\u00e4 (HDPE) valmistettu s\u00e4ili\u00f6 on s\u00e4\u00e4nkest\u00e4v\u00e4, mik\u00e4 varmistaa kest\u00e4vyyden my\u00f6s ulkok\u00e4yt\u00f6ss\u00e4, samalla kun se on helppo puhdistaa ja yll\u00e4pit\u00e4\u00e4. Patentoidun muotoilun ansiosta s\u00e4ili\u00f6 on vahva ja pitk\u00e4ik\u00e4inen. Se on ihanteellinen keskikokoisten j\u00e4tem\u00e4\u00e4rien s\u00e4ilytt\u00e4miseen.<\/p>\n","protected":false},"featured_media":216416,"template":"","meta":{"_acf_changed":false},"product_brand":[],"product_cat":[7088],"product_tag":[],"class_list":{"0":"post-216122","1":"product","2":"type-product","3":"status-publish","4":"has-post-thumbnail","6":"product_room-tyopaja-ja-autotalli","7":"product_room-tynnyrien-ja-kaapeleiden-kasittely","8":"product_room-ulkoalue","9":"product_cat-roskasailiot","11":"first","12":"instock","13":"taxable","14":"shipping-taxable","15":"purchasable","16":"product-type-simple"},"acf":[],"yoast_head":"<!-- This site is optimized with the Yoast SEO plugin v27.2 - https:\/\/yoast.com\/product\/yoast-seo-wordpress\/ -->\n<title>J\u00e4tes\u00e4ili\u00f6 py\u00f6rill\u00e4 120 L, vihre\u00e4 &#8226; Storit<\/title>\n<meta name=\"description\" content=\"J\u00e4tes\u00e4ili\u00f6 py\u00f6rill\u00e4 120 L, vihre\u00e4 \u2014 kohtuulliseen hintaan. Toimitukset kaikkialle Suomeen! \u261b Tutustu tuotteeseen ja tilaa k\u00e4tev\u00e4sti STORIT-verkkokaupasta!\" \/>\n<meta name=\"robots\" content=\"index, follow, max-snippet:-1, max-image-preview:large, max-video-preview:-1\" \/>\n<link rel=\"canonical\" href=\"https:\/\/storitgroup.com\/fi\/tuote\/jatesailio-pyorilla-120-l-vihrea\/\" \/>\n<meta property=\"og:locale\" content=\"fi_FI\" \/>\n<meta property=\"og:type\" content=\"article\" \/>\n<meta property=\"og:title\" content=\"J\u00e4tes\u00e4ili\u00f6 py\u00f6rill\u00e4 120 L, vihre\u00e4 &#8226; Storit\" \/>\n<meta property=\"og:description\" content=\"J\u00e4tes\u00e4ili\u00f6 py\u00f6rill\u00e4 120 L, vihre\u00e4 \u2014 kohtuulliseen hintaan. Toimitukset kaikkialle Suomeen! \u261b Tutustu tuotteeseen ja tilaa k\u00e4tev\u00e4sti STORIT-verkkokaupasta!\" \/>\n<meta property=\"og:url\" content=\"https:\/\/storitgroup.com\/fi\/tuote\/jatesailio-pyorilla-120-l-vihrea\/\" \/>\n<meta property=\"og:site_name\" content=\"Storit\" \/>\n<meta property=\"article:modified_time\" content=\"2024-11-25T13:10:42+00:00\" \/>\n<meta property=\"og:image\" content=\"https:\/\/storitgroup.com\/uploads\/2024\/03\/23.-120l-green.jpg\" \/>\n\t<meta property=\"og:image:width\" content=\"401\" \/>\n\t<meta property=\"og:image:height\" content=\"500\" \/>\n\t<meta property=\"og:image:type\" content=\"image\/jpeg\" \/>\n<meta name=\"twitter:card\" content=\"summary_large_image\" \/>\n<script type=\"application\/ld+json\" class=\"yoast-schema-graph\">{\"@context\":\"https:\/\/schema.org\",\"@graph\":[{\"@type\":[\"WebPage\",\"ItemPage\"],\"@id\":\"https:\/\/storitgroup.com\/fi\/tuote\/jatesailio-pyorilla-120-l-vihrea\/\",\"url\":\"https:\/\/storitgroup.com\/fi\/tuote\/jatesailio-pyorilla-120-l-vihrea\/\",\"name\":\"J\u00e4tes\u00e4ili\u00f6 py\u00f6rill\u00e4 120 L, vihre\u00e4 &#8226; Storit\",\"isPartOf\":{\"@id\":\"https:\/\/storitgroup.com\/fi\/#website\"},\"primaryImageOfPage\":{\"@id\":\"https:\/\/storitgroup.com\/fi\/tuote\/jatesailio-pyorilla-120-l-vihrea\/#primaryimage\"},\"image\":{\"@id\":\"https:\/\/storitgroup.com\/fi\/tuote\/jatesailio-pyorilla-120-l-vihrea\/#primaryimage\"},\"thumbnailUrl\":\"https:\/\/storitgroup.com\/uploads\/2024\/03\/23.-120l-green.jpg\",\"datePublished\":\"2024-05-10T07:30:14+00:00\",\"dateModified\":\"2024-11-25T13:10:42+00:00\",\"description\":\"J\u00e4tes\u00e4ili\u00f6 py\u00f6rill\u00e4 120 L, vihre\u00e4 \u2014 kohtuulliseen hintaan. Toimitukset kaikkialle Suomeen! \u261b Tutustu tuotteeseen ja tilaa k\u00e4tev\u00e4sti STORIT-verkkokaupasta!\",\"breadcrumb\":{\"@id\":\"https:\/\/storitgroup.com\/fi\/tuote\/jatesailio-pyorilla-120-l-vihrea\/#breadcrumb\"},\"inLanguage\":\"fi\",\"potentialAction\":[{\"@type\":\"ReadAction\",\"target\":[\"https:\/\/storitgroup.com\/fi\/tuote\/jatesailio-pyorilla-120-l-vihrea\/\"]}]},{\"@type\":\"ImageObject\",\"inLanguage\":\"fi\",\"@id\":\"https:\/\/storitgroup.com\/fi\/tuote\/jatesailio-pyorilla-120-l-vihrea\/#primaryimage\",\"url\":\"https:\/\/storitgroup.com\/uploads\/2024\/03\/23.-120l-green.jpg\",\"contentUrl\":\"https:\/\/storitgroup.com\/uploads\/2024\/03\/23.-120l-green.jpg\",\"width\":401,\"height\":500},{\"@type\":\"BreadcrumbList\",\"@id\":\"https:\/\/storitgroup.com\/fi\/tuote\/jatesailio-pyorilla-120-l-vihrea\/#breadcrumb\",\"itemListElement\":[{\"@type\":\"ListItem\",\"position\":1,\"name\":\"Kotisivu\",\"item\":\"https:\/\/storitgroup.com\/fi\/\"},{\"@type\":\"ListItem\",\"position\":2,\"name\":\"Tuotteet\",\"item\":\"https:\/\/storitgroup.com\/fi\/tuotteet\/\"},{\"@type\":\"ListItem\",\"position\":3,\"name\":\"Kontit, roskakorit\",\"item\":\"https:\/\/storitgroup.com\/fi\/kontit-roskakorit\/\"},{\"@type\":\"ListItem\",\"position\":4,\"name\":\"Roskas\u00e4ili\u00f6t\",\"item\":\"https:\/\/storitgroup.com\/fi\/kontit-roskakorit\/roskasailiot\/\"},{\"@type\":\"ListItem\",\"position\":5,\"name\":\"J\u00e4tes\u00e4ili\u00f6 py\u00f6rill\u00e4 120 L, vihre\u00e4\"}]},{\"@type\":\"WebSite\",\"@id\":\"https:\/\/storitgroup.com\/fi\/#website\",\"url\":\"https:\/\/storitgroup.com\/fi\/\",\"name\":\"Storit\",\"description\":\"\",\"potentialAction\":[{\"@type\":\"SearchAction\",\"target\":{\"@type\":\"EntryPoint\",\"urlTemplate\":\"https:\/\/storitgroup.com\/fi\/?s={search_term_string}\"},\"query-input\":{\"@type\":\"PropertyValueSpecification\",\"valueRequired\":true,\"valueName\":\"search_term_string\"}}],\"inLanguage\":\"fi\"}]}<\/script>\n<!-- \/ Yoast SEO plugin. -->","yoast_head_json":{"title":"J\u00e4tes\u00e4ili\u00f6 py\u00f6rill\u00e4 120 L, vihre\u00e4 &#8226; Storit","description":"J\u00e4tes\u00e4ili\u00f6 py\u00f6rill\u00e4 120 L, vihre\u00e4 \u2014 kohtuulliseen hintaan. Toimitukset kaikkialle Suomeen! \u261b Tutustu tuotteeseen ja tilaa k\u00e4tev\u00e4sti STORIT-verkkokaupasta!","robots":{"index":"index","follow":"follow","max-snippet":"max-snippet:-1","max-image-preview":"max-image-preview:large","max-video-preview":"max-video-preview:-1"},"canonical":"https:\/\/storitgroup.com\/fi\/tuote\/jatesailio-pyorilla-120-l-vihrea\/","og_locale":"fi_FI","og_type":"article","og_title":"J\u00e4tes\u00e4ili\u00f6 py\u00f6rill\u00e4 120 L, vihre\u00e4 &#8226; Storit","og_description":"J\u00e4tes\u00e4ili\u00f6 py\u00f6rill\u00e4 120 L, vihre\u00e4 \u2014 kohtuulliseen hintaan. Toimitukset kaikkialle Suomeen! \u261b Tutustu tuotteeseen ja tilaa k\u00e4tev\u00e4sti STORIT-verkkokaupasta!","og_url":"https:\/\/storitgroup.com\/fi\/tuote\/jatesailio-pyorilla-120-l-vihrea\/","og_site_name":"Storit","article_modified_time":"2024-11-25T13:10:42+00:00","og_image":[{"width":401,"height":500,"url":"https:\/\/storitgroup.com\/uploads\/2024\/03\/23.-120l-green.jpg","type":"image\/jpeg"}],"twitter_card":"summary_large_image","schema":{"@context":"https:\/\/schema.org","@graph":[{"@type":["WebPage","ItemPage"],"@id":"https:\/\/storitgroup.com\/fi\/tuote\/jatesailio-pyorilla-120-l-vihrea\/","url":"https:\/\/storitgroup.com\/fi\/tuote\/jatesailio-pyorilla-120-l-vihrea\/","name":"J\u00e4tes\u00e4ili\u00f6 py\u00f6rill\u00e4 120 L, vihre\u00e4 &#8226; Storit","isPartOf":{"@id":"https:\/\/storitgroup.com\/fi\/#website"},"primaryImageOfPage":{"@id":"https:\/\/storitgroup.com\/fi\/tuote\/jatesailio-pyorilla-120-l-vihrea\/#primaryimage"},"image":{"@id":"https:\/\/storitgroup.com\/fi\/tuote\/jatesailio-pyorilla-120-l-vihrea\/#primaryimage"},"thumbnailUrl":"https:\/\/storitgroup.com\/uploads\/2024\/03\/23.-120l-green.jpg","datePublished":"2024-05-10T07:30:14+00:00","dateModified":"2024-11-25T13:10:42+00:00","description":"J\u00e4tes\u00e4ili\u00f6 py\u00f6rill\u00e4 120 L, vihre\u00e4 \u2014 kohtuulliseen hintaan. Toimitukset kaikkialle Suomeen! \u261b Tutustu tuotteeseen ja tilaa k\u00e4tev\u00e4sti STORIT-verkkokaupasta!","breadcrumb":{"@id":"https:\/\/storitgroup.com\/fi\/tuote\/jatesailio-pyorilla-120-l-vihrea\/#breadcrumb"},"inLanguage":"fi","potentialAction":[{"@type":"ReadAction","target":["https:\/\/storitgroup.com\/fi\/tuote\/jatesailio-pyorilla-120-l-vihrea\/"]}]},{"@type":"ImageObject","inLanguage":"fi","@id":"https:\/\/storitgroup.com\/fi\/tuote\/jatesailio-pyorilla-120-l-vihrea\/#primaryimage","url":"https:\/\/storitgroup.com\/uploads\/2024\/03\/23.-120l-green.jpg","contentUrl":"https:\/\/storitgroup.com\/uploads\/2024\/03\/23.-120l-green.jpg","width":401,"height":500},{"@type":"BreadcrumbList","@id":"https:\/\/storitgroup.com\/fi\/tuote\/jatesailio-pyorilla-120-l-vihrea\/#breadcrumb","itemListElement":[{"@type":"ListItem","position":1,"name":"Kotisivu","item":"https:\/\/storitgroup.com\/fi\/"},{"@type":"ListItem","position":2,"name":"Tuotteet","item":"https:\/\/storitgroup.com\/fi\/tuotteet\/"},{"@type":"ListItem","position":3,"name":"Kontit, roskakorit","item":"https:\/\/storitgroup.com\/fi\/kontit-roskakorit\/"},{"@type":"ListItem","position":4,"name":"Roskas\u00e4ili\u00f6t","item":"https:\/\/storitgroup.com\/fi\/kontit-roskakorit\/roskasailiot\/"},{"@type":"ListItem","position":5,"name":"J\u00e4tes\u00e4ili\u00f6 py\u00f6rill\u00e4 120 L, vihre\u00e4"}]},{"@type":"WebSite","@id":"https:\/\/storitgroup.com\/fi\/#website","url":"https:\/\/storitgroup.com\/fi\/","name":"Storit","description":"","potentialAction":[{"@type":"SearchAction","target":{"@type":"EntryPoint","urlTemplate":"https:\/\/storitgroup.com\/fi\/?s={search_term_string}"},"query-input":{"@type":"PropertyValueSpecification","valueRequired":true,"valueName":"search_term_string"}}],"inLanguage":"fi"}]}},"_links":{"self":[{"href":"https:\/\/storitgroup.com\/fi\/wp-json\/wp\/v2\/product\/216122","targetHints":{"allow":["GET"]}}],"collection":[{"href":"https:\/\/storitgroup.com\/fi\/wp-json\/wp\/v2\/product"}],"about":[{"href":"https:\/\/storitgroup.com\/fi\/wp-json\/wp\/v2\/types\/product"}],"wp:featuredmedia":[{"embeddable":true,"href":"https:\/\/storitgroup.com\/fi\/wp-json\/wp\/v2\/media\/216416"}],"wp:attachment":[{"href":"https:\/\/storitgroup.com\/fi\/wp-json\/wp\/v2\/media?parent=216122"}],"wp:term":[{"taxonomy":"product_brand","embeddable":true,"href":"https:\/\/storitgroup.com\/fi\/wp-json\/wp\/v2\/product_brand?post=216122"},{"taxonomy":"product_cat","embeddable":true,"href":"https:\/\/storitgroup.com\/fi\/wp-json\/wp\/v2\/product_cat?post=216122"},{"taxonomy":"product_tag","embeddable":true,"href":"https:\/\/storitgroup.com\/fi\/wp-json\/wp\/v2\/product_tag?post=216122"}],"curies":[{"name":"wp","href":"https:\/\/api.w.org\/{rel}","templated":true}]}}