{"id":216070,"date":"2024-03-22T12:49:49","date_gmt":"2024-03-22T10:49:49","guid":{"rendered":"https:\/\/storitgroup.com\/?post_type=product&#038;p=216070"},"modified":"2025-02-27T02:00:20","modified_gmt":"2025-02-27T00:00:20","slug":"kippikontti-tippo-150-kantavuus-1200-kg","status":"publish","type":"product","link":"https:\/\/storitgroup.com\/fi\/tuote\/kippikontti-tippo-150-kantavuus-1200-kg\/","title":{"rendered":"Kippikontti Tippo 150, kantavuus 1200 kg"},"content":{"rendered":"<p>Kippikontit ovat paras ratkaisu j\u00e4tehuoltoon. Rakennettu kest\u00e4m\u00e4\u00e4n vaikeissa ty\u00f6olosuhteissa, tarjoavat ne tehokkaan ja luotettavan ratkaisun mihin tahansa teollisuuteen. Perusrunkolla sijaitseva jousella painelevy tyhjent\u00e4\u00e4 s\u00e4ili\u00f6n automaattisesti, my\u00f6s manuaalinen kallistaminen on mahdollista. Vahvistetut kulmat ja haarukkatunnelit lis\u00e4\u00e4v\u00e4t s\u00e4ili\u00f6iden j\u00e4ykkyytt\u00e4 ja auttavat k\u00e4sittelem\u00e4\u00e4n suuria kuormia.<\/p>\n<p>Haarukkatunnelit:<br \/>pituus 660 mm,<br \/>leveys 230 mm,<br \/>korkeus 100 mm,<br \/>tunnelien v\u00e4li 160 mm.<\/p>\n<p>Kontin sis\u00e4mitat:<br \/>etusein\u00e4n leveys 690 mm,<br \/>takasein\u00e4n leveys 620 mm,<br \/>maksimaalinen syvyys 700 mm,<br \/>maksimaalinen korkeus 445 mm.<\/p>\n<p>Sis\u00e4tilavuus: 0,15 m\u00b3\/130 l.<\/p>\n<p>Py\u00f6r\u00e4n kiinnitysrei\u00e4t \u00d812 mm.<\/p>\n<p>Saatavilla ovat my\u00f6s s\u00e4ili\u00f6t tilavuuksilla 150, 300, 600, 900, 1100, 1600, 2000, 2500 ja 3000 litraa.<\/p>\n","protected":false},"excerpt":{"rendered":"<p>Kippikontit ovat paras ratkaisu j\u00e4tehuoltoon. Rakennettu kest\u00e4m\u00e4\u00e4n vaikeissa ty\u00f6olosuhteissa, tarjoavat ne tehokkaan ja luotettavan ratkaisun mihin tahansa teollisuuteen. Perusrunkolla sijaitseva jousella painelevy tyhjent\u00e4\u00e4 s\u00e4ili\u00f6n automaattisesti, my\u00f6s manuaalinen kallistaminen on mahdollista. Vahvistetut kulmat ja haarukkatunnelit lis\u00e4\u00e4v\u00e4t s\u00e4ili\u00f6iden j\u00e4ykkyytt\u00e4 ja auttavat k\u00e4sittelem\u00e4\u00e4n suuria kuormia.<\/p>\n<p>Haarukkatunnelit:<\/p>\n","protected":false},"featured_media":216137,"template":"","meta":{"_acf_changed":false},"product_brand":[],"product_cat":[7088],"product_tag":[],"class_list":{"0":"post-216070","1":"product","2":"type-product","3":"status-publish","4":"has-post-thumbnail","6":"product_room-tyopaja-ja-autotalli","7":"product_room-tynnyrien-ja-kaapeleiden-kasittely","8":"product_room-ulkoalue","9":"product_cat-roskasailiot","11":"first","12":"onbackorder","13":"taxable","14":"shipping-taxable","15":"purchasable","16":"product-type-simple"},"acf":[],"yoast_head":"<!-- This site is optimized with the Yoast SEO plugin v27.2 - https:\/\/yoast.com\/product\/yoast-seo-wordpress\/ -->\n<title>Kippikontti Tippo 150, kantavuus 1200 kg &#8226; Storit<\/title>\n<meta name=\"description\" content=\"Kippikontti Tippo 150, kantavuus 1200 kg \u2014 kohtuulliseen hintaan. Toimitukset kaikkialle Suomeen! \u261b Tutustu tuotteeseen ja tilaa k\u00e4tev\u00e4sti STORIT-verkkokaupasta!\" \/>\n<meta name=\"robots\" content=\"index, follow, max-snippet:-1, max-image-preview:large, max-video-preview:-1\" \/>\n<link rel=\"canonical\" href=\"https:\/\/storitgroup.com\/fi\/tuote\/kippikontti-tippo-150-kantavuus-1200-kg\/\" \/>\n<meta property=\"og:locale\" content=\"fi_FI\" \/>\n<meta property=\"og:type\" content=\"article\" \/>\n<meta property=\"og:title\" content=\"Kippikontti Tippo 150, kantavuus 1200 kg &#8226; Storit\" \/>\n<meta property=\"og:description\" content=\"Kippikontti Tippo 150, kantavuus 1200 kg \u2014 kohtuulliseen hintaan. Toimitukset kaikkialle Suomeen! \u261b Tutustu tuotteeseen ja tilaa k\u00e4tev\u00e4sti STORIT-verkkokaupasta!\" \/>\n<meta property=\"og:url\" content=\"https:\/\/storitgroup.com\/fi\/tuote\/kippikontti-tippo-150-kantavuus-1200-kg\/\" \/>\n<meta property=\"og:site_name\" content=\"Storit\" \/>\n<meta property=\"article:modified_time\" content=\"2025-02-27T00:00:20+00:00\" \/>\n<meta property=\"og:image\" content=\"https:\/\/storitgroup.com\/uploads\/2024\/03\/2.-2011010015.jpg\" \/>\n\t<meta property=\"og:image:width\" content=\"549\" \/>\n\t<meta property=\"og:image:height\" content=\"491\" \/>\n\t<meta property=\"og:image:type\" content=\"image\/jpeg\" \/>\n<meta name=\"twitter:card\" content=\"summary_large_image\" \/>\n<meta name=\"twitter:label1\" content=\"Arvioitu lukuaika\" \/>\n\t<meta name=\"twitter:data1\" content=\"1 minuutti\" \/>\n<script type=\"application\/ld+json\" class=\"yoast-schema-graph\">{\"@context\":\"https:\/\/schema.org\",\"@graph\":[{\"@type\":[\"WebPage\",\"ItemPage\"],\"@id\":\"https:\/\/storitgroup.com\/fi\/tuote\/kippikontti-tippo-150-kantavuus-1200-kg\/\",\"url\":\"https:\/\/storitgroup.com\/fi\/tuote\/kippikontti-tippo-150-kantavuus-1200-kg\/\",\"name\":\"Kippikontti Tippo 150, kantavuus 1200 kg &#8226; Storit\",\"isPartOf\":{\"@id\":\"https:\/\/storitgroup.com\/fi\/#website\"},\"primaryImageOfPage\":{\"@id\":\"https:\/\/storitgroup.com\/fi\/tuote\/kippikontti-tippo-150-kantavuus-1200-kg\/#primaryimage\"},\"image\":{\"@id\":\"https:\/\/storitgroup.com\/fi\/tuote\/kippikontti-tippo-150-kantavuus-1200-kg\/#primaryimage\"},\"thumbnailUrl\":\"https:\/\/storitgroup.com\/uploads\/2024\/03\/2.-2011010015.jpg\",\"datePublished\":\"2024-03-22T10:49:49+00:00\",\"dateModified\":\"2025-02-27T00:00:20+00:00\",\"description\":\"Kippikontti Tippo 150, kantavuus 1200 kg \u2014 kohtuulliseen hintaan. Toimitukset kaikkialle Suomeen! \u261b Tutustu tuotteeseen ja tilaa k\u00e4tev\u00e4sti STORIT-verkkokaupasta!\",\"breadcrumb\":{\"@id\":\"https:\/\/storitgroup.com\/fi\/tuote\/kippikontti-tippo-150-kantavuus-1200-kg\/#breadcrumb\"},\"inLanguage\":\"fi\",\"potentialAction\":[{\"@type\":\"ReadAction\",\"target\":[\"https:\/\/storitgroup.com\/fi\/tuote\/kippikontti-tippo-150-kantavuus-1200-kg\/\"]}]},{\"@type\":\"ImageObject\",\"inLanguage\":\"fi\",\"@id\":\"https:\/\/storitgroup.com\/fi\/tuote\/kippikontti-tippo-150-kantavuus-1200-kg\/#primaryimage\",\"url\":\"https:\/\/storitgroup.com\/uploads\/2024\/03\/2.-2011010015.jpg\",\"contentUrl\":\"https:\/\/storitgroup.com\/uploads\/2024\/03\/2.-2011010015.jpg\",\"width\":549,\"height\":491},{\"@type\":\"BreadcrumbList\",\"@id\":\"https:\/\/storitgroup.com\/fi\/tuote\/kippikontti-tippo-150-kantavuus-1200-kg\/#breadcrumb\",\"itemListElement\":[{\"@type\":\"ListItem\",\"position\":1,\"name\":\"Kotisivu\",\"item\":\"https:\/\/storitgroup.com\/fi\/\"},{\"@type\":\"ListItem\",\"position\":2,\"name\":\"Tuotteet\",\"item\":\"https:\/\/storitgroup.com\/fi\/tuotteet\/\"},{\"@type\":\"ListItem\",\"position\":3,\"name\":\"Kontit, roskakorit\",\"item\":\"https:\/\/storitgroup.com\/fi\/kontit-roskakorit\/\"},{\"@type\":\"ListItem\",\"position\":4,\"name\":\"Roskas\u00e4ili\u00f6t\",\"item\":\"https:\/\/storitgroup.com\/fi\/kontit-roskakorit\/roskasailiot\/\"},{\"@type\":\"ListItem\",\"position\":5,\"name\":\"Kippikontti Tippo 150, kantavuus 1200 kg\"}]},{\"@type\":\"WebSite\",\"@id\":\"https:\/\/storitgroup.com\/fi\/#website\",\"url\":\"https:\/\/storitgroup.com\/fi\/\",\"name\":\"Storit\",\"description\":\"\",\"potentialAction\":[{\"@type\":\"SearchAction\",\"target\":{\"@type\":\"EntryPoint\",\"urlTemplate\":\"https:\/\/storitgroup.com\/fi\/?s={search_term_string}\"},\"query-input\":{\"@type\":\"PropertyValueSpecification\",\"valueRequired\":true,\"valueName\":\"search_term_string\"}}],\"inLanguage\":\"fi\"}]}<\/script>\n<!-- \/ Yoast SEO plugin. -->","yoast_head_json":{"title":"Kippikontti Tippo 150, kantavuus 1200 kg &#8226; Storit","description":"Kippikontti Tippo 150, kantavuus 1200 kg \u2014 kohtuulliseen hintaan. Toimitukset kaikkialle Suomeen! \u261b Tutustu tuotteeseen ja tilaa k\u00e4tev\u00e4sti STORIT-verkkokaupasta!","robots":{"index":"index","follow":"follow","max-snippet":"max-snippet:-1","max-image-preview":"max-image-preview:large","max-video-preview":"max-video-preview:-1"},"canonical":"https:\/\/storitgroup.com\/fi\/tuote\/kippikontti-tippo-150-kantavuus-1200-kg\/","og_locale":"fi_FI","og_type":"article","og_title":"Kippikontti Tippo 150, kantavuus 1200 kg &#8226; Storit","og_description":"Kippikontti Tippo 150, kantavuus 1200 kg \u2014 kohtuulliseen hintaan. Toimitukset kaikkialle Suomeen! \u261b Tutustu tuotteeseen ja tilaa k\u00e4tev\u00e4sti STORIT-verkkokaupasta!","og_url":"https:\/\/storitgroup.com\/fi\/tuote\/kippikontti-tippo-150-kantavuus-1200-kg\/","og_site_name":"Storit","article_modified_time":"2025-02-27T00:00:20+00:00","og_image":[{"width":549,"height":491,"url":"https:\/\/storitgroup.com\/uploads\/2024\/03\/2.-2011010015.jpg","type":"image\/jpeg"}],"twitter_card":"summary_large_image","twitter_misc":{"Arvioitu lukuaika":"1 minuutti"},"schema":{"@context":"https:\/\/schema.org","@graph":[{"@type":["WebPage","ItemPage"],"@id":"https:\/\/storitgroup.com\/fi\/tuote\/kippikontti-tippo-150-kantavuus-1200-kg\/","url":"https:\/\/storitgroup.com\/fi\/tuote\/kippikontti-tippo-150-kantavuus-1200-kg\/","name":"Kippikontti Tippo 150, kantavuus 1200 kg &#8226; Storit","isPartOf":{"@id":"https:\/\/storitgroup.com\/fi\/#website"},"primaryImageOfPage":{"@id":"https:\/\/storitgroup.com\/fi\/tuote\/kippikontti-tippo-150-kantavuus-1200-kg\/#primaryimage"},"image":{"@id":"https:\/\/storitgroup.com\/fi\/tuote\/kippikontti-tippo-150-kantavuus-1200-kg\/#primaryimage"},"thumbnailUrl":"https:\/\/storitgroup.com\/uploads\/2024\/03\/2.-2011010015.jpg","datePublished":"2024-03-22T10:49:49+00:00","dateModified":"2025-02-27T00:00:20+00:00","description":"Kippikontti Tippo 150, kantavuus 1200 kg \u2014 kohtuulliseen hintaan. Toimitukset kaikkialle Suomeen! \u261b Tutustu tuotteeseen ja tilaa k\u00e4tev\u00e4sti STORIT-verkkokaupasta!","breadcrumb":{"@id":"https:\/\/storitgroup.com\/fi\/tuote\/kippikontti-tippo-150-kantavuus-1200-kg\/#breadcrumb"},"inLanguage":"fi","potentialAction":[{"@type":"ReadAction","target":["https:\/\/storitgroup.com\/fi\/tuote\/kippikontti-tippo-150-kantavuus-1200-kg\/"]}]},{"@type":"ImageObject","inLanguage":"fi","@id":"https:\/\/storitgroup.com\/fi\/tuote\/kippikontti-tippo-150-kantavuus-1200-kg\/#primaryimage","url":"https:\/\/storitgroup.com\/uploads\/2024\/03\/2.-2011010015.jpg","contentUrl":"https:\/\/storitgroup.com\/uploads\/2024\/03\/2.-2011010015.jpg","width":549,"height":491},{"@type":"BreadcrumbList","@id":"https:\/\/storitgroup.com\/fi\/tuote\/kippikontti-tippo-150-kantavuus-1200-kg\/#breadcrumb","itemListElement":[{"@type":"ListItem","position":1,"name":"Kotisivu","item":"https:\/\/storitgroup.com\/fi\/"},{"@type":"ListItem","position":2,"name":"Tuotteet","item":"https:\/\/storitgroup.com\/fi\/tuotteet\/"},{"@type":"ListItem","position":3,"name":"Kontit, roskakorit","item":"https:\/\/storitgroup.com\/fi\/kontit-roskakorit\/"},{"@type":"ListItem","position":4,"name":"Roskas\u00e4ili\u00f6t","item":"https:\/\/storitgroup.com\/fi\/kontit-roskakorit\/roskasailiot\/"},{"@type":"ListItem","position":5,"name":"Kippikontti Tippo 150, kantavuus 1200 kg"}]},{"@type":"WebSite","@id":"https:\/\/storitgroup.com\/fi\/#website","url":"https:\/\/storitgroup.com\/fi\/","name":"Storit","description":"","potentialAction":[{"@type":"SearchAction","target":{"@type":"EntryPoint","urlTemplate":"https:\/\/storitgroup.com\/fi\/?s={search_term_string}"},"query-input":{"@type":"PropertyValueSpecification","valueRequired":true,"valueName":"search_term_string"}}],"inLanguage":"fi"}]}},"_links":{"self":[{"href":"https:\/\/storitgroup.com\/fi\/wp-json\/wp\/v2\/product\/216070","targetHints":{"allow":["GET"]}}],"collection":[{"href":"https:\/\/storitgroup.com\/fi\/wp-json\/wp\/v2\/product"}],"about":[{"href":"https:\/\/storitgroup.com\/fi\/wp-json\/wp\/v2\/types\/product"}],"wp:featuredmedia":[{"embeddable":true,"href":"https:\/\/storitgroup.com\/fi\/wp-json\/wp\/v2\/media\/216137"}],"wp:attachment":[{"href":"https:\/\/storitgroup.com\/fi\/wp-json\/wp\/v2\/media?parent=216070"}],"wp:term":[{"taxonomy":"product_brand","embeddable":true,"href":"https:\/\/storitgroup.com\/fi\/wp-json\/wp\/v2\/product_brand?post=216070"},{"taxonomy":"product_cat","embeddable":true,"href":"https:\/\/storitgroup.com\/fi\/wp-json\/wp\/v2\/product_cat?post=216070"},{"taxonomy":"product_tag","embeddable":true,"href":"https:\/\/storitgroup.com\/fi\/wp-json\/wp\/v2\/product_tag?post=216070"}],"curies":[{"name":"wp","href":"https:\/\/api.w.org\/{rel}","templated":true}]}}