{"id":216066,"date":"2024-03-22T12:50:34","date_gmt":"2024-03-22T10:50:34","guid":{"rendered":"https:\/\/storitgroup.com\/?post_type=product&#038;p=216066"},"modified":"2025-02-08T07:43:50","modified_gmt":"2025-02-08T05:43:50","slug":"kippikontti-tippo-hd-600-kantavuus-2500-kg","status":"publish","type":"product","link":"https:\/\/storitgroup.com\/fi\/tuote\/kippikontti-tippo-hd-600-kantavuus-2500-kg\/","title":{"rendered":"Kippikontti Tippo HD 600, kantavuus 2500 kg"},"content":{"rendered":"<p>Kippikontti raskaamman j\u00e4tteen k\u00e4sittelyyn on valmistettu 3 mm levyst\u00e4 ja vahvistettu strategisista kohdista. S\u00e4ili\u00f6n etuosa on kalteva, helpottaakseen j\u00e4tteiden sijoittamista sinne, ja pidempi kahva tekee tyhjent\u00e4misest\u00e4 mukavampaa. S\u00e4ili\u00f6 on varustettu my\u00f6s automaattisella tyhjennysmekanismilla, joka varmistaa tehokkaan ja turvallisen prosessin sek\u00e4 v\u00e4hent\u00e4\u00e4 mahdollisten vammojen riski\u00e4. <\/p>\n<p>Etuosan kaltevuus: 105 mm. <\/p>\n<p>Haarukkatunnelit: <br \/>leveys 220 mm, <br \/>korkeus 110 mm, <br \/>haarakkatunnelien sis\u00e4inen et\u00e4isyys 160 mm, <br \/>haarukkatunnelien ulkoinen et\u00e4isyys 615 mm. <\/p>\n<p>Tilavuus 0,6 m\u00b3\/520 litraa. <\/p>\n<p>Py\u00f6r\u00e4n kiinnitysrei\u00e4t \u00d812 mm. <\/p>\n<p>Kontit ovat saatavilla tilavuuksilla 300, 600, 900, 1100, 1600, 2000, 2500, 3000 litraa.<\/p>\n","protected":false},"excerpt":{"rendered":"<p>Kippikontti raskaamman j\u00e4tteen k\u00e4sittelyyn on valmistettu 3 mm levyst\u00e4 ja vahvistettu strategisista kohdista. S\u00e4ili\u00f6n etuosa on kalteva, helpottaakseen j\u00e4tteiden sijoittamista sinne, ja pidempi kahva tekee tyhjent\u00e4misest\u00e4 mukavampaa. S\u00e4ili\u00f6 on varustettu my\u00f6s automaattisella tyhjennysmekanismilla, joka varmistaa tehokkaan ja turvallisen prosessin sek\u00e4 v\u00e4hent\u00e4\u00e4 mahdollisten vammojen riski\u00e4. <\/p>\n<p>Etuosan kaltevuus: 105 mm. <\/p>\n","protected":false},"featured_media":216247,"template":"","meta":{"_acf_changed":false},"product_brand":[],"product_cat":[7088],"product_tag":[],"class_list":{"0":"post-216066","1":"product","2":"type-product","3":"status-publish","4":"has-post-thumbnail","6":"product_room-tyopaja-ja-autotalli","7":"product_room-tynnyrien-ja-kaapeleiden-kasittely","8":"product_room-ulkoalue","9":"product_cat-roskasailiot","11":"first","12":"onbackorder","13":"taxable","14":"shipping-taxable","15":"purchasable","16":"product-type-simple"},"acf":[],"yoast_head":"<!-- This site is optimized with the Yoast SEO plugin v27.2 - https:\/\/yoast.com\/product\/yoast-seo-wordpress\/ -->\n<title>Kippikontti Tippo HD 600, kantavuus 2500 kg &#8226; Storit<\/title>\n<meta name=\"description\" content=\"Kippikontti Tippo HD 600, kantavuus 2500 kg \u2014 kohtuulliseen hintaan. Toimitukset kaikkialle Suomeen! \u261b Tutustu tuotteeseen ja tilaa k\u00e4tev\u00e4sti STORIT-verkkokaupasta!\" \/>\n<meta name=\"robots\" content=\"index, follow, max-snippet:-1, max-image-preview:large, max-video-preview:-1\" \/>\n<link rel=\"canonical\" href=\"https:\/\/storitgroup.com\/fi\/tuote\/kippikontti-tippo-hd-600-kantavuus-2500-kg\/\" \/>\n<meta property=\"og:locale\" content=\"fi_FI\" \/>\n<meta property=\"og:type\" content=\"article\" \/>\n<meta property=\"og:title\" content=\"Kippikontti Tippo HD 600, kantavuus 2500 kg &#8226; Storit\" \/>\n<meta property=\"og:description\" content=\"Kippikontti Tippo HD 600, kantavuus 2500 kg \u2014 kohtuulliseen hintaan. Toimitukset kaikkialle Suomeen! \u261b Tutustu tuotteeseen ja tilaa k\u00e4tev\u00e4sti STORIT-verkkokaupasta!\" \/>\n<meta property=\"og:url\" content=\"https:\/\/storitgroup.com\/fi\/tuote\/kippikontti-tippo-hd-600-kantavuus-2500-kg\/\" \/>\n<meta property=\"og:site_name\" content=\"Storit\" \/>\n<meta property=\"article:modified_time\" content=\"2025-02-08T05:43:50+00:00\" \/>\n<meta property=\"og:image\" content=\"https:\/\/storitgroup.com\/uploads\/2024\/03\/10.-2015140600.jpg\" \/>\n\t<meta property=\"og:image:width\" content=\"550\" \/>\n\t<meta property=\"og:image:height\" content=\"491\" \/>\n\t<meta property=\"og:image:type\" content=\"image\/jpeg\" \/>\n<meta name=\"twitter:card\" content=\"summary_large_image\" \/>\n<script type=\"application\/ld+json\" class=\"yoast-schema-graph\">{\"@context\":\"https:\/\/schema.org\",\"@graph\":[{\"@type\":[\"WebPage\",\"ItemPage\"],\"@id\":\"https:\/\/storitgroup.com\/fi\/tuote\/kippikontti-tippo-hd-600-kantavuus-2500-kg\/\",\"url\":\"https:\/\/storitgroup.com\/fi\/tuote\/kippikontti-tippo-hd-600-kantavuus-2500-kg\/\",\"name\":\"Kippikontti Tippo HD 600, kantavuus 2500 kg &#8226; Storit\",\"isPartOf\":{\"@id\":\"https:\/\/storitgroup.com\/fi\/#website\"},\"primaryImageOfPage\":{\"@id\":\"https:\/\/storitgroup.com\/fi\/tuote\/kippikontti-tippo-hd-600-kantavuus-2500-kg\/#primaryimage\"},\"image\":{\"@id\":\"https:\/\/storitgroup.com\/fi\/tuote\/kippikontti-tippo-hd-600-kantavuus-2500-kg\/#primaryimage\"},\"thumbnailUrl\":\"https:\/\/storitgroup.com\/uploads\/2024\/03\/10.-2015140600.jpg\",\"datePublished\":\"2024-03-22T10:50:34+00:00\",\"dateModified\":\"2025-02-08T05:43:50+00:00\",\"description\":\"Kippikontti Tippo HD 600, kantavuus 2500 kg \u2014 kohtuulliseen hintaan. Toimitukset kaikkialle Suomeen! \u261b Tutustu tuotteeseen ja tilaa k\u00e4tev\u00e4sti STORIT-verkkokaupasta!\",\"breadcrumb\":{\"@id\":\"https:\/\/storitgroup.com\/fi\/tuote\/kippikontti-tippo-hd-600-kantavuus-2500-kg\/#breadcrumb\"},\"inLanguage\":\"fi\",\"potentialAction\":[{\"@type\":\"ReadAction\",\"target\":[\"https:\/\/storitgroup.com\/fi\/tuote\/kippikontti-tippo-hd-600-kantavuus-2500-kg\/\"]}]},{\"@type\":\"ImageObject\",\"inLanguage\":\"fi\",\"@id\":\"https:\/\/storitgroup.com\/fi\/tuote\/kippikontti-tippo-hd-600-kantavuus-2500-kg\/#primaryimage\",\"url\":\"https:\/\/storitgroup.com\/uploads\/2024\/03\/10.-2015140600.jpg\",\"contentUrl\":\"https:\/\/storitgroup.com\/uploads\/2024\/03\/10.-2015140600.jpg\",\"width\":550,\"height\":491},{\"@type\":\"BreadcrumbList\",\"@id\":\"https:\/\/storitgroup.com\/fi\/tuote\/kippikontti-tippo-hd-600-kantavuus-2500-kg\/#breadcrumb\",\"itemListElement\":[{\"@type\":\"ListItem\",\"position\":1,\"name\":\"Kotisivu\",\"item\":\"https:\/\/storitgroup.com\/fi\/\"},{\"@type\":\"ListItem\",\"position\":2,\"name\":\"Tuotteet\",\"item\":\"https:\/\/storitgroup.com\/fi\/tuotteet\/\"},{\"@type\":\"ListItem\",\"position\":3,\"name\":\"Kontit, roskakorit\",\"item\":\"https:\/\/storitgroup.com\/fi\/kontit-roskakorit\/\"},{\"@type\":\"ListItem\",\"position\":4,\"name\":\"Roskas\u00e4ili\u00f6t\",\"item\":\"https:\/\/storitgroup.com\/fi\/kontit-roskakorit\/roskasailiot\/\"},{\"@type\":\"ListItem\",\"position\":5,\"name\":\"Kippikontti Tippo HD 600, kantavuus 2500 kg\"}]},{\"@type\":\"WebSite\",\"@id\":\"https:\/\/storitgroup.com\/fi\/#website\",\"url\":\"https:\/\/storitgroup.com\/fi\/\",\"name\":\"Storit\",\"description\":\"\",\"potentialAction\":[{\"@type\":\"SearchAction\",\"target\":{\"@type\":\"EntryPoint\",\"urlTemplate\":\"https:\/\/storitgroup.com\/fi\/?s={search_term_string}\"},\"query-input\":{\"@type\":\"PropertyValueSpecification\",\"valueRequired\":true,\"valueName\":\"search_term_string\"}}],\"inLanguage\":\"fi\"}]}<\/script>\n<!-- \/ Yoast SEO plugin. -->","yoast_head_json":{"title":"Kippikontti Tippo HD 600, kantavuus 2500 kg &#8226; Storit","description":"Kippikontti Tippo HD 600, kantavuus 2500 kg \u2014 kohtuulliseen hintaan. Toimitukset kaikkialle Suomeen! \u261b Tutustu tuotteeseen ja tilaa k\u00e4tev\u00e4sti STORIT-verkkokaupasta!","robots":{"index":"index","follow":"follow","max-snippet":"max-snippet:-1","max-image-preview":"max-image-preview:large","max-video-preview":"max-video-preview:-1"},"canonical":"https:\/\/storitgroup.com\/fi\/tuote\/kippikontti-tippo-hd-600-kantavuus-2500-kg\/","og_locale":"fi_FI","og_type":"article","og_title":"Kippikontti Tippo HD 600, kantavuus 2500 kg &#8226; Storit","og_description":"Kippikontti Tippo HD 600, kantavuus 2500 kg \u2014 kohtuulliseen hintaan. Toimitukset kaikkialle Suomeen! \u261b Tutustu tuotteeseen ja tilaa k\u00e4tev\u00e4sti STORIT-verkkokaupasta!","og_url":"https:\/\/storitgroup.com\/fi\/tuote\/kippikontti-tippo-hd-600-kantavuus-2500-kg\/","og_site_name":"Storit","article_modified_time":"2025-02-08T05:43:50+00:00","og_image":[{"width":550,"height":491,"url":"https:\/\/storitgroup.com\/uploads\/2024\/03\/10.-2015140600.jpg","type":"image\/jpeg"}],"twitter_card":"summary_large_image","schema":{"@context":"https:\/\/schema.org","@graph":[{"@type":["WebPage","ItemPage"],"@id":"https:\/\/storitgroup.com\/fi\/tuote\/kippikontti-tippo-hd-600-kantavuus-2500-kg\/","url":"https:\/\/storitgroup.com\/fi\/tuote\/kippikontti-tippo-hd-600-kantavuus-2500-kg\/","name":"Kippikontti Tippo HD 600, kantavuus 2500 kg &#8226; Storit","isPartOf":{"@id":"https:\/\/storitgroup.com\/fi\/#website"},"primaryImageOfPage":{"@id":"https:\/\/storitgroup.com\/fi\/tuote\/kippikontti-tippo-hd-600-kantavuus-2500-kg\/#primaryimage"},"image":{"@id":"https:\/\/storitgroup.com\/fi\/tuote\/kippikontti-tippo-hd-600-kantavuus-2500-kg\/#primaryimage"},"thumbnailUrl":"https:\/\/storitgroup.com\/uploads\/2024\/03\/10.-2015140600.jpg","datePublished":"2024-03-22T10:50:34+00:00","dateModified":"2025-02-08T05:43:50+00:00","description":"Kippikontti Tippo HD 600, kantavuus 2500 kg \u2014 kohtuulliseen hintaan. Toimitukset kaikkialle Suomeen! \u261b Tutustu tuotteeseen ja tilaa k\u00e4tev\u00e4sti STORIT-verkkokaupasta!","breadcrumb":{"@id":"https:\/\/storitgroup.com\/fi\/tuote\/kippikontti-tippo-hd-600-kantavuus-2500-kg\/#breadcrumb"},"inLanguage":"fi","potentialAction":[{"@type":"ReadAction","target":["https:\/\/storitgroup.com\/fi\/tuote\/kippikontti-tippo-hd-600-kantavuus-2500-kg\/"]}]},{"@type":"ImageObject","inLanguage":"fi","@id":"https:\/\/storitgroup.com\/fi\/tuote\/kippikontti-tippo-hd-600-kantavuus-2500-kg\/#primaryimage","url":"https:\/\/storitgroup.com\/uploads\/2024\/03\/10.-2015140600.jpg","contentUrl":"https:\/\/storitgroup.com\/uploads\/2024\/03\/10.-2015140600.jpg","width":550,"height":491},{"@type":"BreadcrumbList","@id":"https:\/\/storitgroup.com\/fi\/tuote\/kippikontti-tippo-hd-600-kantavuus-2500-kg\/#breadcrumb","itemListElement":[{"@type":"ListItem","position":1,"name":"Kotisivu","item":"https:\/\/storitgroup.com\/fi\/"},{"@type":"ListItem","position":2,"name":"Tuotteet","item":"https:\/\/storitgroup.com\/fi\/tuotteet\/"},{"@type":"ListItem","position":3,"name":"Kontit, roskakorit","item":"https:\/\/storitgroup.com\/fi\/kontit-roskakorit\/"},{"@type":"ListItem","position":4,"name":"Roskas\u00e4ili\u00f6t","item":"https:\/\/storitgroup.com\/fi\/kontit-roskakorit\/roskasailiot\/"},{"@type":"ListItem","position":5,"name":"Kippikontti Tippo HD 600, kantavuus 2500 kg"}]},{"@type":"WebSite","@id":"https:\/\/storitgroup.com\/fi\/#website","url":"https:\/\/storitgroup.com\/fi\/","name":"Storit","description":"","potentialAction":[{"@type":"SearchAction","target":{"@type":"EntryPoint","urlTemplate":"https:\/\/storitgroup.com\/fi\/?s={search_term_string}"},"query-input":{"@type":"PropertyValueSpecification","valueRequired":true,"valueName":"search_term_string"}}],"inLanguage":"fi"}]}},"_links":{"self":[{"href":"https:\/\/storitgroup.com\/fi\/wp-json\/wp\/v2\/product\/216066","targetHints":{"allow":["GET"]}}],"collection":[{"href":"https:\/\/storitgroup.com\/fi\/wp-json\/wp\/v2\/product"}],"about":[{"href":"https:\/\/storitgroup.com\/fi\/wp-json\/wp\/v2\/types\/product"}],"wp:featuredmedia":[{"embeddable":true,"href":"https:\/\/storitgroup.com\/fi\/wp-json\/wp\/v2\/media\/216247"}],"wp:attachment":[{"href":"https:\/\/storitgroup.com\/fi\/wp-json\/wp\/v2\/media?parent=216066"}],"wp:term":[{"taxonomy":"product_brand","embeddable":true,"href":"https:\/\/storitgroup.com\/fi\/wp-json\/wp\/v2\/product_brand?post=216066"},{"taxonomy":"product_cat","embeddable":true,"href":"https:\/\/storitgroup.com\/fi\/wp-json\/wp\/v2\/product_cat?post=216066"},{"taxonomy":"product_tag","embeddable":true,"href":"https:\/\/storitgroup.com\/fi\/wp-json\/wp\/v2\/product_tag?post=216066"}],"curies":[{"name":"wp","href":"https:\/\/api.w.org\/{rel}","templated":true}]}}