{"id":216062,"date":"2024-03-21T08:25:03","date_gmt":"2024-03-26T08:25:11","guid":{"rendered":"https:\/\/storitgroup.com\/?post_type=product&#038;p=216062"},"modified":"2024-11-25T15:11:56","modified_gmt":"2024-11-25T13:11:56","slug":"fitters-mate-vaunu","status":"publish","type":"product","link":"https:\/\/storitgroup.com\/fi\/tuote\/fitters-mate-vaunu\/","title":{"rendered":"Fitters Mate vaunu"},"content":{"rendered":"<p>Fitter\u00b4s Maten avulla voit helposti siirt\u00e4\u00e4 suuria, raskaita kaappeja. S\u00e4\u00e4dett\u00e4v\u00e4 eri korkeuksille (140-170mm). Vahva ja kest\u00e4v\u00e4 ter\u00e4srunko. Kiinte\u00e4t py\u00f6r\u00e4t. Helppo k\u00e4ytt\u00e4\u00e4, kuljettaa ja varastoida.<\/p>\n","protected":false},"excerpt":{"rendered":"<p>Fitter\u00b4s Maten avulla voit helposti siirt\u00e4\u00e4 suuria, raskaita kaappeja. S\u00e4\u00e4dett\u00e4v\u00e4 eri korkeuksille (140-170mm). Vahva ja kest\u00e4v\u00e4 ter\u00e4srunko. Kiinte\u00e4t py\u00f6r\u00e4t. Helppo k\u00e4ytt\u00e4\u00e4, kuljettaa ja varastoida.<\/p>\n","protected":false},"featured_media":216523,"template":"","meta":{"_acf_changed":false},"product_brand":[],"product_cat":[7083],"product_tag":[],"class_list":{"0":"post-216062","1":"product","2":"type-product","3":"status-publish","4":"has-post-thumbnail","6":"product_room-pakkaus","7":"product_room-iso-varasto","8":"product_room-pieni-varasto","9":"product_room-kuljetus-ja-logistiikka","10":"product_room-arkisto-museo","11":"product_room-kokoonpano-ja-keraily","12":"product_room-kaupankaynti-ja-myymalat","13":"product_cat-erikoiskarryt","15":"first","16":"instock","17":"taxable","18":"shipping-taxable","19":"purchasable","20":"product-type-simple"},"acf":[],"yoast_head":"<!-- This site is optimized with the Yoast SEO plugin v27.2 - https:\/\/yoast.com\/product\/yoast-seo-wordpress\/ -->\n<title>Fitters Mate vaunu &#8226; Storit<\/title>\n<meta name=\"description\" content=\"Fitters Mate vaunu \u2014 kohtuulliseen hintaan. Toimitukset kaikkialle Suomeen! \u261b Tutustu tuotteeseen ja tilaa k\u00e4tev\u00e4sti STORIT-verkkokaupasta!\" \/>\n<meta name=\"robots\" content=\"index, follow, max-snippet:-1, max-image-preview:large, max-video-preview:-1\" \/>\n<link rel=\"canonical\" href=\"https:\/\/storitgroup.com\/fi\/tuote\/fitters-mate-vaunu\/\" \/>\n<meta property=\"og:locale\" content=\"fi_FI\" \/>\n<meta property=\"og:type\" content=\"article\" \/>\n<meta property=\"og:title\" content=\"Fitters Mate vaunu &#8226; Storit\" \/>\n<meta property=\"og:description\" content=\"Fitters Mate vaunu \u2014 kohtuulliseen hintaan. Toimitukset kaikkialle Suomeen! \u261b Tutustu tuotteeseen ja tilaa k\u00e4tev\u00e4sti STORIT-verkkokaupasta!\" \/>\n<meta property=\"og:url\" content=\"https:\/\/storitgroup.com\/fi\/tuote\/fitters-mate-vaunu\/\" \/>\n<meta property=\"og:site_name\" content=\"Storit\" \/>\n<meta property=\"article:modified_time\" content=\"2024-11-25T13:11:56+00:00\" \/>\n<meta property=\"og:image\" content=\"https:\/\/storitgroup.com\/uploads\/2024\/03\/fittersmate1.jpg\" \/>\n\t<meta property=\"og:image:width\" content=\"2000\" \/>\n\t<meta property=\"og:image:height\" content=\"2000\" \/>\n\t<meta property=\"og:image:type\" content=\"image\/jpeg\" \/>\n<meta name=\"twitter:card\" content=\"summary_large_image\" \/>\n<script type=\"application\/ld+json\" class=\"yoast-schema-graph\">{\"@context\":\"https:\/\/schema.org\",\"@graph\":[{\"@type\":[\"WebPage\",\"ItemPage\"],\"@id\":\"https:\/\/storitgroup.com\/fi\/tuote\/fitters-mate-vaunu\/\",\"url\":\"https:\/\/storitgroup.com\/fi\/tuote\/fitters-mate-vaunu\/\",\"name\":\"Fitters Mate vaunu &#8226; Storit\",\"isPartOf\":{\"@id\":\"https:\/\/storitgroup.com\/fi\/#website\"},\"primaryImageOfPage\":{\"@id\":\"https:\/\/storitgroup.com\/fi\/tuote\/fitters-mate-vaunu\/#primaryimage\"},\"image\":{\"@id\":\"https:\/\/storitgroup.com\/fi\/tuote\/fitters-mate-vaunu\/#primaryimage\"},\"thumbnailUrl\":\"https:\/\/storitgroup.com\/uploads\/2024\/03\/fittersmate1.jpg\",\"datePublished\":\"2024-03-26T08:25:11+00:00\",\"dateModified\":\"2024-11-25T13:11:56+00:00\",\"description\":\"Fitters Mate vaunu \u2014 kohtuulliseen hintaan. Toimitukset kaikkialle Suomeen! \u261b Tutustu tuotteeseen ja tilaa k\u00e4tev\u00e4sti STORIT-verkkokaupasta!\",\"breadcrumb\":{\"@id\":\"https:\/\/storitgroup.com\/fi\/tuote\/fitters-mate-vaunu\/#breadcrumb\"},\"inLanguage\":\"fi\",\"potentialAction\":[{\"@type\":\"ReadAction\",\"target\":[\"https:\/\/storitgroup.com\/fi\/tuote\/fitters-mate-vaunu\/\"]}]},{\"@type\":\"ImageObject\",\"inLanguage\":\"fi\",\"@id\":\"https:\/\/storitgroup.com\/fi\/tuote\/fitters-mate-vaunu\/#primaryimage\",\"url\":\"https:\/\/storitgroup.com\/uploads\/2024\/03\/fittersmate1.jpg\",\"contentUrl\":\"https:\/\/storitgroup.com\/uploads\/2024\/03\/fittersmate1.jpg\",\"width\":2000,\"height\":2000},{\"@type\":\"BreadcrumbList\",\"@id\":\"https:\/\/storitgroup.com\/fi\/tuote\/fitters-mate-vaunu\/#breadcrumb\",\"itemListElement\":[{\"@type\":\"ListItem\",\"position\":1,\"name\":\"Kotisivu\",\"item\":\"https:\/\/storitgroup.com\/fi\/\"},{\"@type\":\"ListItem\",\"position\":2,\"name\":\"Tuotteet\",\"item\":\"https:\/\/storitgroup.com\/fi\/tuotteet\/\"},{\"@type\":\"ListItem\",\"position\":3,\"name\":\"Varastovaunut, py\u00f6r\u00e4t\",\"item\":\"https:\/\/storitgroup.com\/fi\/varastovaunut-pyorat\/\"},{\"@type\":\"ListItem\",\"position\":4,\"name\":\"Erikoisk\u00e4rryt\",\"item\":\"https:\/\/storitgroup.com\/fi\/varastovaunut-pyorat\/erikoiskarryt\/\"},{\"@type\":\"ListItem\",\"position\":5,\"name\":\"Fitters Mate vaunu\"}]},{\"@type\":\"WebSite\",\"@id\":\"https:\/\/storitgroup.com\/fi\/#website\",\"url\":\"https:\/\/storitgroup.com\/fi\/\",\"name\":\"Storit\",\"description\":\"\",\"potentialAction\":[{\"@type\":\"SearchAction\",\"target\":{\"@type\":\"EntryPoint\",\"urlTemplate\":\"https:\/\/storitgroup.com\/fi\/?s={search_term_string}\"},\"query-input\":{\"@type\":\"PropertyValueSpecification\",\"valueRequired\":true,\"valueName\":\"search_term_string\"}}],\"inLanguage\":\"fi\"}]}<\/script>\n<!-- \/ Yoast SEO plugin. -->","yoast_head_json":{"title":"Fitters Mate vaunu &#8226; Storit","description":"Fitters Mate vaunu \u2014 kohtuulliseen hintaan. Toimitukset kaikkialle Suomeen! \u261b Tutustu tuotteeseen ja tilaa k\u00e4tev\u00e4sti STORIT-verkkokaupasta!","robots":{"index":"index","follow":"follow","max-snippet":"max-snippet:-1","max-image-preview":"max-image-preview:large","max-video-preview":"max-video-preview:-1"},"canonical":"https:\/\/storitgroup.com\/fi\/tuote\/fitters-mate-vaunu\/","og_locale":"fi_FI","og_type":"article","og_title":"Fitters Mate vaunu &#8226; Storit","og_description":"Fitters Mate vaunu \u2014 kohtuulliseen hintaan. Toimitukset kaikkialle Suomeen! \u261b Tutustu tuotteeseen ja tilaa k\u00e4tev\u00e4sti STORIT-verkkokaupasta!","og_url":"https:\/\/storitgroup.com\/fi\/tuote\/fitters-mate-vaunu\/","og_site_name":"Storit","article_modified_time":"2024-11-25T13:11:56+00:00","og_image":[{"width":2000,"height":2000,"url":"https:\/\/storitgroup.com\/uploads\/2024\/03\/fittersmate1.jpg","type":"image\/jpeg"}],"twitter_card":"summary_large_image","schema":{"@context":"https:\/\/schema.org","@graph":[{"@type":["WebPage","ItemPage"],"@id":"https:\/\/storitgroup.com\/fi\/tuote\/fitters-mate-vaunu\/","url":"https:\/\/storitgroup.com\/fi\/tuote\/fitters-mate-vaunu\/","name":"Fitters Mate vaunu &#8226; Storit","isPartOf":{"@id":"https:\/\/storitgroup.com\/fi\/#website"},"primaryImageOfPage":{"@id":"https:\/\/storitgroup.com\/fi\/tuote\/fitters-mate-vaunu\/#primaryimage"},"image":{"@id":"https:\/\/storitgroup.com\/fi\/tuote\/fitters-mate-vaunu\/#primaryimage"},"thumbnailUrl":"https:\/\/storitgroup.com\/uploads\/2024\/03\/fittersmate1.jpg","datePublished":"2024-03-26T08:25:11+00:00","dateModified":"2024-11-25T13:11:56+00:00","description":"Fitters Mate vaunu \u2014 kohtuulliseen hintaan. Toimitukset kaikkialle Suomeen! \u261b Tutustu tuotteeseen ja tilaa k\u00e4tev\u00e4sti STORIT-verkkokaupasta!","breadcrumb":{"@id":"https:\/\/storitgroup.com\/fi\/tuote\/fitters-mate-vaunu\/#breadcrumb"},"inLanguage":"fi","potentialAction":[{"@type":"ReadAction","target":["https:\/\/storitgroup.com\/fi\/tuote\/fitters-mate-vaunu\/"]}]},{"@type":"ImageObject","inLanguage":"fi","@id":"https:\/\/storitgroup.com\/fi\/tuote\/fitters-mate-vaunu\/#primaryimage","url":"https:\/\/storitgroup.com\/uploads\/2024\/03\/fittersmate1.jpg","contentUrl":"https:\/\/storitgroup.com\/uploads\/2024\/03\/fittersmate1.jpg","width":2000,"height":2000},{"@type":"BreadcrumbList","@id":"https:\/\/storitgroup.com\/fi\/tuote\/fitters-mate-vaunu\/#breadcrumb","itemListElement":[{"@type":"ListItem","position":1,"name":"Kotisivu","item":"https:\/\/storitgroup.com\/fi\/"},{"@type":"ListItem","position":2,"name":"Tuotteet","item":"https:\/\/storitgroup.com\/fi\/tuotteet\/"},{"@type":"ListItem","position":3,"name":"Varastovaunut, py\u00f6r\u00e4t","item":"https:\/\/storitgroup.com\/fi\/varastovaunut-pyorat\/"},{"@type":"ListItem","position":4,"name":"Erikoisk\u00e4rryt","item":"https:\/\/storitgroup.com\/fi\/varastovaunut-pyorat\/erikoiskarryt\/"},{"@type":"ListItem","position":5,"name":"Fitters Mate vaunu"}]},{"@type":"WebSite","@id":"https:\/\/storitgroup.com\/fi\/#website","url":"https:\/\/storitgroup.com\/fi\/","name":"Storit","description":"","potentialAction":[{"@type":"SearchAction","target":{"@type":"EntryPoint","urlTemplate":"https:\/\/storitgroup.com\/fi\/?s={search_term_string}"},"query-input":{"@type":"PropertyValueSpecification","valueRequired":true,"valueName":"search_term_string"}}],"inLanguage":"fi"}]}},"_links":{"self":[{"href":"https:\/\/storitgroup.com\/fi\/wp-json\/wp\/v2\/product\/216062","targetHints":{"allow":["GET"]}}],"collection":[{"href":"https:\/\/storitgroup.com\/fi\/wp-json\/wp\/v2\/product"}],"about":[{"href":"https:\/\/storitgroup.com\/fi\/wp-json\/wp\/v2\/types\/product"}],"wp:featuredmedia":[{"embeddable":true,"href":"https:\/\/storitgroup.com\/fi\/wp-json\/wp\/v2\/media\/216523"}],"wp:attachment":[{"href":"https:\/\/storitgroup.com\/fi\/wp-json\/wp\/v2\/media?parent=216062"}],"wp:term":[{"taxonomy":"product_brand","embeddable":true,"href":"https:\/\/storitgroup.com\/fi\/wp-json\/wp\/v2\/product_brand?post=216062"},{"taxonomy":"product_cat","embeddable":true,"href":"https:\/\/storitgroup.com\/fi\/wp-json\/wp\/v2\/product_cat?post=216062"},{"taxonomy":"product_tag","embeddable":true,"href":"https:\/\/storitgroup.com\/fi\/wp-json\/wp\/v2\/product_tag?post=216062"}],"curies":[{"name":"wp","href":"https:\/\/api.w.org\/{rel}","templated":true}]}}