{"id":216055,"date":"2024-03-20T09:05:13","date_gmt":"2024-03-20T07:05:14","guid":{"rendered":"https:\/\/storitgroup.com\/?post_type=product&#038;p=216055"},"modified":"2026-04-24T13:35:57","modified_gmt":"2026-04-24T10:35:57","slug":"kaksiosainen-rullakarry-rhino-cart-900","status":"publish","type":"product","link":"https:\/\/storitgroup.com\/fi\/tuote\/kaksiosainen-rullakarry-rhino-cart-900\/","title":{"rendered":"Kaksiosainen rullak\u00e4rry Rhino Cart 900"},"content":{"rendered":"<p>Uusi paranneltu rullak\u00e4rry! Rhino Cart 900 on vahva, maastossa toimiva rullak\u00e4rry, joka on erityisesti suunniteltu liikkumaan jopa 900 kg. Runko on valmistettu erikoiskarkaistusta ter\u00e4ksest\u00e4 ja vahvistetusta polyresiinist\u00e4. Rungossa on teleskooppijatke, jonka molemmissa p\u00e4iss\u00e4 on alusta, joka ulottuu helposti 1170 mm:iin leveiden esineiden ja kuormalavojen siirt\u00e4mist\u00e4 varten. rullak\u00e4rryss\u00e4 on kahdeksan vahvaa polyuretaanipy\u00f6r\u00e4\u00e4, joilla on helppo ajaa l\u00e4hes mill\u00e4 tahansa pinnalla.<\/p>\n","protected":false},"excerpt":{"rendered":"<p>Uusi paranneltu rullak\u00e4rry! Rhino Cart 900 on vahva, maastossa toimiva rullak\u00e4rry, joka on erityisesti suunniteltu liikkumaan jopa 900 kg. Runko on valmistettu erikoiskarkaistusta ter\u00e4ksest\u00e4 ja vahvistetusta polyresiinist\u00e4. Rungossa on teleskooppijatke, jonka molemmissa p\u00e4iss\u00e4 on alusta, joka ulottuu helposti 1170 mm:iin leveiden esineiden ja kuormalavojen siirt\u00e4mist\u00e4 varten. rullak\u00e4rryss\u00e4 on kahdeksan vahvaa polyuretaanipy\u00f6r\u00e4\u00e4, joilla on helppo ajaa l\u00e4hes mill\u00e4 tahansa pinnalla.<\/p>\n","protected":false},"featured_media":216543,"template":"","meta":{"_acf_changed":false},"product_brand":[],"product_cat":[7083],"product_tag":[],"class_list":{"0":"post-216055","1":"product","2":"type-product","3":"status-publish","4":"has-post-thumbnail","6":"product_room-arkisto-museo","7":"product_room-kokoonpano-ja-keraily","8":"product_room-kaupankaynti-ja-myymalat","9":"product_room-pakkaus","10":"product_room-iso-varasto","11":"product_room-pieni-varasto","12":"product_room-kuljetus-ja-logistiikka","13":"product_cat-erikoiskarryt","15":"first","16":"instock","17":"taxable","18":"shipping-taxable","19":"purchasable","20":"product-type-simple"},"acf":[],"yoast_head":"<!-- This site is optimized with the Yoast SEO plugin v27.4 - https:\/\/yoast.com\/product\/yoast-seo-wordpress\/ -->\n<title>Kaksiosainen rullak\u00e4rry Rhino Cart 900 &#8226; Storit<\/title>\n<meta name=\"description\" content=\"Kaksiosainen rullak\u00e4rry Rhino Cart 900 \u2014 kohtuulliseen hintaan. Toimitukset kaikkialle Suomeen! \u261b Tutustu tuotteeseen ja tilaa k\u00e4tev\u00e4sti STORIT-verkkokaupasta!\" \/>\n<meta name=\"robots\" content=\"index, follow, max-snippet:-1, max-image-preview:large, max-video-preview:-1\" \/>\n<link rel=\"canonical\" href=\"https:\/\/storitgroup.com\/fi\/tuote\/kaksiosainen-rullakarry-rhino-cart-900\/\" \/>\n<meta property=\"og:locale\" content=\"fi_FI\" \/>\n<meta property=\"og:type\" content=\"article\" \/>\n<meta property=\"og:title\" content=\"Kaksiosainen rullak\u00e4rry Rhino Cart 900 &#8226; Storit\" \/>\n<meta property=\"og:description\" content=\"Kaksiosainen rullak\u00e4rry Rhino Cart 900 \u2014 kohtuulliseen hintaan. Toimitukset kaikkialle Suomeen! \u261b Tutustu tuotteeseen ja tilaa k\u00e4tev\u00e4sti STORIT-verkkokaupasta!\" \/>\n<meta property=\"og:url\" content=\"https:\/\/storitgroup.com\/fi\/tuote\/kaksiosainen-rullakarry-rhino-cart-900\/\" \/>\n<meta property=\"og:site_name\" content=\"Storit\" \/>\n<meta property=\"article:modified_time\" content=\"2026-04-24T10:35:57+00:00\" \/>\n<meta property=\"og:image\" content=\"https:\/\/storitgroup.com\/uploads\/2024\/03\/rhino-cart-1-scaled.jpg\" \/>\n\t<meta property=\"og:image:width\" content=\"2560\" \/>\n\t<meta property=\"og:image:height\" content=\"2560\" \/>\n\t<meta property=\"og:image:type\" content=\"image\/jpeg\" \/>\n<meta name=\"twitter:card\" content=\"summary_large_image\" \/>\n<script type=\"application\/ld+json\" class=\"yoast-schema-graph\">{\"@context\":\"https:\\\/\\\/schema.org\",\"@graph\":[{\"@type\":[\"WebPage\",\"ItemPage\"],\"@id\":\"https:\\\/\\\/storitgroup.com\\\/fi\\\/tuote\\\/kaksiosainen-rullakarry-rhino-cart-900\\\/\",\"url\":\"https:\\\/\\\/storitgroup.com\\\/fi\\\/tuote\\\/kaksiosainen-rullakarry-rhino-cart-900\\\/\",\"name\":\"Kaksiosainen rullak\u00e4rry Rhino Cart 900 &#8226; Storit\",\"isPartOf\":{\"@id\":\"https:\\\/\\\/storitgroup.com\\\/fi\\\/#website\"},\"primaryImageOfPage\":{\"@id\":\"https:\\\/\\\/storitgroup.com\\\/fi\\\/tuote\\\/kaksiosainen-rullakarry-rhino-cart-900\\\/#primaryimage\"},\"image\":{\"@id\":\"https:\\\/\\\/storitgroup.com\\\/fi\\\/tuote\\\/kaksiosainen-rullakarry-rhino-cart-900\\\/#primaryimage\"},\"thumbnailUrl\":\"https:\\\/\\\/storitgroup.com\\\/uploads\\\/2024\\\/03\\\/rhino-cart-1-scaled.jpg\",\"datePublished\":\"2024-03-20T07:05:14+00:00\",\"dateModified\":\"2026-04-24T10:35:57+00:00\",\"description\":\"Kaksiosainen rullak\u00e4rry Rhino Cart 900 \u2014 kohtuulliseen hintaan. Toimitukset kaikkialle Suomeen! \u261b Tutustu tuotteeseen ja tilaa k\u00e4tev\u00e4sti STORIT-verkkokaupasta!\",\"breadcrumb\":{\"@id\":\"https:\\\/\\\/storitgroup.com\\\/fi\\\/tuote\\\/kaksiosainen-rullakarry-rhino-cart-900\\\/#breadcrumb\"},\"inLanguage\":\"fi\",\"potentialAction\":[{\"@type\":\"ReadAction\",\"target\":[\"https:\\\/\\\/storitgroup.com\\\/fi\\\/tuote\\\/kaksiosainen-rullakarry-rhino-cart-900\\\/\"]}]},{\"@type\":\"ImageObject\",\"inLanguage\":\"fi\",\"@id\":\"https:\\\/\\\/storitgroup.com\\\/fi\\\/tuote\\\/kaksiosainen-rullakarry-rhino-cart-900\\\/#primaryimage\",\"url\":\"https:\\\/\\\/storitgroup.com\\\/uploads\\\/2024\\\/03\\\/rhino-cart-1-scaled.jpg\",\"contentUrl\":\"https:\\\/\\\/storitgroup.com\\\/uploads\\\/2024\\\/03\\\/rhino-cart-1-scaled.jpg\",\"width\":2560,\"height\":2560},{\"@type\":\"BreadcrumbList\",\"@id\":\"https:\\\/\\\/storitgroup.com\\\/fi\\\/tuote\\\/kaksiosainen-rullakarry-rhino-cart-900\\\/#breadcrumb\",\"itemListElement\":[{\"@type\":\"ListItem\",\"position\":1,\"name\":\"Kotisivu\",\"item\":\"https:\\\/\\\/storitgroup.com\\\/fi\\\/\"},{\"@type\":\"ListItem\",\"position\":2,\"name\":\"Tuotteet\",\"item\":\"https:\\\/\\\/storitgroup.com\\\/fi\\\/tuotteet\\\/\"},{\"@type\":\"ListItem\",\"position\":3,\"name\":\"Varastovaunut, py\u00f6r\u00e4t\",\"item\":\"https:\\\/\\\/storitgroup.com\\\/fi\\\/tuotteet\\\/varastovaunut-pyorat\\\/\"},{\"@type\":\"ListItem\",\"position\":4,\"name\":\"Erikoisk\u00e4rryt\",\"item\":\"https:\\\/\\\/storitgroup.com\\\/fi\\\/tuotteet\\\/varastovaunut-pyorat\\\/erikoiskarryt\\\/\"},{\"@type\":\"ListItem\",\"position\":5,\"name\":\"Kaksiosainen rullak\u00e4rry Rhino Cart 900\"}]},{\"@type\":\"WebSite\",\"@id\":\"https:\\\/\\\/storitgroup.com\\\/fi\\\/#website\",\"url\":\"https:\\\/\\\/storitgroup.com\\\/fi\\\/\",\"name\":\"Storit\",\"description\":\"\",\"potentialAction\":[{\"@type\":\"SearchAction\",\"target\":{\"@type\":\"EntryPoint\",\"urlTemplate\":\"https:\\\/\\\/storitgroup.com\\\/fi\\\/?s={search_term_string}\"},\"query-input\":{\"@type\":\"PropertyValueSpecification\",\"valueRequired\":true,\"valueName\":\"search_term_string\"}}],\"inLanguage\":\"fi\"}]}<\/script>\n<!-- \/ Yoast SEO plugin. -->","yoast_head_json":{"title":"Kaksiosainen rullak\u00e4rry Rhino Cart 900 &#8226; Storit","description":"Kaksiosainen rullak\u00e4rry Rhino Cart 900 \u2014 kohtuulliseen hintaan. Toimitukset kaikkialle Suomeen! \u261b Tutustu tuotteeseen ja tilaa k\u00e4tev\u00e4sti STORIT-verkkokaupasta!","robots":{"index":"index","follow":"follow","max-snippet":"max-snippet:-1","max-image-preview":"max-image-preview:large","max-video-preview":"max-video-preview:-1"},"canonical":"https:\/\/storitgroup.com\/fi\/tuote\/kaksiosainen-rullakarry-rhino-cart-900\/","og_locale":"fi_FI","og_type":"article","og_title":"Kaksiosainen rullak\u00e4rry Rhino Cart 900 &#8226; Storit","og_description":"Kaksiosainen rullak\u00e4rry Rhino Cart 900 \u2014 kohtuulliseen hintaan. Toimitukset kaikkialle Suomeen! \u261b Tutustu tuotteeseen ja tilaa k\u00e4tev\u00e4sti STORIT-verkkokaupasta!","og_url":"https:\/\/storitgroup.com\/fi\/tuote\/kaksiosainen-rullakarry-rhino-cart-900\/","og_site_name":"Storit","article_modified_time":"2026-04-24T10:35:57+00:00","og_image":[{"width":2560,"height":2560,"url":"https:\/\/storitgroup.com\/uploads\/2024\/03\/rhino-cart-1-scaled.jpg","type":"image\/jpeg"}],"twitter_card":"summary_large_image","schema":{"@context":"https:\/\/schema.org","@graph":[{"@type":["WebPage","ItemPage"],"@id":"https:\/\/storitgroup.com\/fi\/tuote\/kaksiosainen-rullakarry-rhino-cart-900\/","url":"https:\/\/storitgroup.com\/fi\/tuote\/kaksiosainen-rullakarry-rhino-cart-900\/","name":"Kaksiosainen rullak\u00e4rry Rhino Cart 900 &#8226; Storit","isPartOf":{"@id":"https:\/\/storitgroup.com\/fi\/#website"},"primaryImageOfPage":{"@id":"https:\/\/storitgroup.com\/fi\/tuote\/kaksiosainen-rullakarry-rhino-cart-900\/#primaryimage"},"image":{"@id":"https:\/\/storitgroup.com\/fi\/tuote\/kaksiosainen-rullakarry-rhino-cart-900\/#primaryimage"},"thumbnailUrl":"https:\/\/storitgroup.com\/uploads\/2024\/03\/rhino-cart-1-scaled.jpg","datePublished":"2024-03-20T07:05:14+00:00","dateModified":"2026-04-24T10:35:57+00:00","description":"Kaksiosainen rullak\u00e4rry Rhino Cart 900 \u2014 kohtuulliseen hintaan. Toimitukset kaikkialle Suomeen! \u261b Tutustu tuotteeseen ja tilaa k\u00e4tev\u00e4sti STORIT-verkkokaupasta!","breadcrumb":{"@id":"https:\/\/storitgroup.com\/fi\/tuote\/kaksiosainen-rullakarry-rhino-cart-900\/#breadcrumb"},"inLanguage":"fi","potentialAction":[{"@type":"ReadAction","target":["https:\/\/storitgroup.com\/fi\/tuote\/kaksiosainen-rullakarry-rhino-cart-900\/"]}]},{"@type":"ImageObject","inLanguage":"fi","@id":"https:\/\/storitgroup.com\/fi\/tuote\/kaksiosainen-rullakarry-rhino-cart-900\/#primaryimage","url":"https:\/\/storitgroup.com\/uploads\/2024\/03\/rhino-cart-1-scaled.jpg","contentUrl":"https:\/\/storitgroup.com\/uploads\/2024\/03\/rhino-cart-1-scaled.jpg","width":2560,"height":2560},{"@type":"BreadcrumbList","@id":"https:\/\/storitgroup.com\/fi\/tuote\/kaksiosainen-rullakarry-rhino-cart-900\/#breadcrumb","itemListElement":[{"@type":"ListItem","position":1,"name":"Kotisivu","item":"https:\/\/storitgroup.com\/fi\/"},{"@type":"ListItem","position":2,"name":"Tuotteet","item":"https:\/\/storitgroup.com\/fi\/tuotteet\/"},{"@type":"ListItem","position":3,"name":"Varastovaunut, py\u00f6r\u00e4t","item":"https:\/\/storitgroup.com\/fi\/tuotteet\/varastovaunut-pyorat\/"},{"@type":"ListItem","position":4,"name":"Erikoisk\u00e4rryt","item":"https:\/\/storitgroup.com\/fi\/tuotteet\/varastovaunut-pyorat\/erikoiskarryt\/"},{"@type":"ListItem","position":5,"name":"Kaksiosainen rullak\u00e4rry Rhino Cart 900"}]},{"@type":"WebSite","@id":"https:\/\/storitgroup.com\/fi\/#website","url":"https:\/\/storitgroup.com\/fi\/","name":"Storit","description":"","potentialAction":[{"@type":"SearchAction","target":{"@type":"EntryPoint","urlTemplate":"https:\/\/storitgroup.com\/fi\/?s={search_term_string}"},"query-input":{"@type":"PropertyValueSpecification","valueRequired":true,"valueName":"search_term_string"}}],"inLanguage":"fi"}]}},"_links":{"self":[{"href":"https:\/\/storitgroup.com\/fi\/wp-json\/wp\/v2\/product\/216055","targetHints":{"allow":["GET"]}}],"collection":[{"href":"https:\/\/storitgroup.com\/fi\/wp-json\/wp\/v2\/product"}],"about":[{"href":"https:\/\/storitgroup.com\/fi\/wp-json\/wp\/v2\/types\/product"}],"wp:featuredmedia":[{"embeddable":true,"href":"https:\/\/storitgroup.com\/fi\/wp-json\/wp\/v2\/media\/216543"}],"wp:attachment":[{"href":"https:\/\/storitgroup.com\/fi\/wp-json\/wp\/v2\/media?parent=216055"}],"wp:term":[{"taxonomy":"product_brand","embeddable":true,"href":"https:\/\/storitgroup.com\/fi\/wp-json\/wp\/v2\/product_brand?post=216055"},{"taxonomy":"product_cat","embeddable":true,"href":"https:\/\/storitgroup.com\/fi\/wp-json\/wp\/v2\/product_cat?post=216055"},{"taxonomy":"product_tag","embeddable":true,"href":"https:\/\/storitgroup.com\/fi\/wp-json\/wp\/v2\/product_tag?post=216055"}],"curies":[{"name":"wp","href":"https:\/\/api.w.org\/{rel}","templated":true}]}}