{"id":215973,"date":"2024-03-13T11:40:13","date_gmt":"2024-03-13T09:40:15","guid":{"rendered":"https:\/\/storitgroup.com\/?post_type=product&#038;p=215973"},"modified":"2026-04-24T16:35:13","modified_gmt":"2026-04-24T13:35:13","slug":"akkukayttoinen-pinoamisvaunu-staxx-ws15h-2500","status":"publish","type":"product","link":"https:\/\/storitgroup.com\/fi\/tuote\/akkukayttoinen-pinoamisvaunu-staxx-ws15h-2500\/","title":{"rendered":"Akkuk\u00e4ytt\u00f6inen pinoamisvaunu Staxx WS15H-2500, tasainen nosto"},"content":{"rendered":"<p>S\u00e4hk\u00f6inen pinoaja Staxx WS15H-2500, 1500kg, 2500mm, tasainen nosto Nostokyky 1500kg<br \/>Nostokorkeus 2500mm<br \/>Kaksiosainen vakiomasto<br \/>Maston korkeus suljettuna: 1730mm<br \/>Maston korkeus auki: 2935mm<br \/>Haarukan korkeus: 90mm<br \/>Pirottajan pituus haarukoille: 580mm lava (800x1200mm): 2194mm<br \/>FIN-lavalla (1000x1200mm): 2268mm<br \/>Ajonopeus (kuorman kanssa\/ilman): 4\/4.5km\/h<br \/>Nostonopeus (kuorman kanssa\/ilman): 102\/190mm\/7mm\/1\/7mm <br \/>Sallittu kaltevuuskulma (kuorman kanssa\/ilman): 5\/15 %<br \/>V\u00e4lys: 30 mm<br \/>Rullat: tandem<br \/>Akku: 2x 12V\/71Ah<br \/>Sis\u00e4\u00e4nrakennettu laturi 10A<br \/>Paino 71Ah akulla: 587kg<\/p>\n","protected":false},"excerpt":{"rendered":"<p>S\u00e4hk\u00f6inen pinoaja Staxx WS15H-2500, 1500kg, 2500mm, tasainen nosto Nostokyky 1500kg<br \/>\nNostokorkeus 2500mm<br \/>\nKaksiosainen vakiomasto<\/p>\n","protected":false},"featured_media":216729,"template":"","meta":{"_acf_changed":false},"product_brand":[],"product_cat":[7044],"product_tag":[],"class_list":{"0":"post-215973","1":"product","2":"type-product","3":"status-publish","4":"has-post-thumbnail","6":"product_room-nostovalinet","7":"product_room-kuljetus-ja-logistiikka","8":"product_room-iso-varasto","9":"product_room-varasto-pitkille-tavaroille-ja-levymateriaaleille","10":"product_room-pieni-varasto","11":"product_cat-sahkoiset-pinoamisvaunut","13":"first","14":"onbackorder","15":"taxable","16":"shipping-taxable","17":"purchasable","18":"product-type-simple"},"acf":[],"yoast_head":"<!-- This site is optimized with the Yoast SEO plugin v27.4 - https:\/\/yoast.com\/product\/yoast-seo-wordpress\/ -->\n<title>Akkuk\u00e4ytt\u00f6inen pinoamisvaunu Staxx WS15H-2500, tasainen nosto &#8226; Storit<\/title>\n<meta name=\"description\" content=\"Akkuk\u00e4ytt\u00f6inen pinoamisvaunu Staxx WS15H-2500, tasainen nosto \u2014 kohtuulliseen hintaan. Toimitukset kaikkialle Suomeen! \u261b Tutustu tuotteeseen ja tilaa k\u00e4tev\u00e4sti STORIT-verkkokaupasta!\" \/>\n<meta name=\"robots\" content=\"index, follow, max-snippet:-1, max-image-preview:large, max-video-preview:-1\" \/>\n<link rel=\"canonical\" href=\"https:\/\/storitgroup.com\/fi\/tuote\/akkukayttoinen-pinoamisvaunu-staxx-ws15h-2500\/\" \/>\n<meta property=\"og:locale\" content=\"fi_FI\" \/>\n<meta property=\"og:type\" content=\"article\" \/>\n<meta property=\"og:title\" content=\"Akkuk\u00e4ytt\u00f6inen pinoamisvaunu Staxx WS15H-2500, tasainen nosto &#8226; Storit\" \/>\n<meta property=\"og:description\" content=\"Akkuk\u00e4ytt\u00f6inen pinoamisvaunu Staxx WS15H-2500, tasainen nosto \u2014 kohtuulliseen hintaan. Toimitukset kaikkialle Suomeen! \u261b Tutustu tuotteeseen ja tilaa k\u00e4tev\u00e4sti STORIT-verkkokaupasta!\" \/>\n<meta property=\"og:url\" content=\"https:\/\/storitgroup.com\/fi\/tuote\/akkukayttoinen-pinoamisvaunu-staxx-ws15h-2500\/\" \/>\n<meta property=\"og:site_name\" content=\"Storit\" \/>\n<meta property=\"article:modified_time\" content=\"2026-04-24T13:35:13+00:00\" \/>\n<meta property=\"og:image\" content=\"https:\/\/storitgroup.com\/uploads\/2024\/03\/ws15h_tagant_2.png\" \/>\n\t<meta property=\"og:image:width\" content=\"960\" \/>\n\t<meta property=\"og:image:height\" content=\"1280\" \/>\n\t<meta property=\"og:image:type\" content=\"image\/png\" \/>\n<meta name=\"twitter:card\" content=\"summary_large_image\" \/>\n<script type=\"application\/ld+json\" class=\"yoast-schema-graph\">{\"@context\":\"https:\\\/\\\/schema.org\",\"@graph\":[{\"@type\":[\"WebPage\",\"ItemPage\"],\"@id\":\"https:\\\/\\\/storitgroup.com\\\/fi\\\/tuote\\\/akkukayttoinen-pinoamisvaunu-staxx-ws15h-2500\\\/\",\"url\":\"https:\\\/\\\/storitgroup.com\\\/fi\\\/tuote\\\/akkukayttoinen-pinoamisvaunu-staxx-ws15h-2500\\\/\",\"name\":\"Akkuk\u00e4ytt\u00f6inen pinoamisvaunu Staxx WS15H-2500, tasainen nosto &#8226; Storit\",\"isPartOf\":{\"@id\":\"https:\\\/\\\/storitgroup.com\\\/fi\\\/#website\"},\"primaryImageOfPage\":{\"@id\":\"https:\\\/\\\/storitgroup.com\\\/fi\\\/tuote\\\/akkukayttoinen-pinoamisvaunu-staxx-ws15h-2500\\\/#primaryimage\"},\"image\":{\"@id\":\"https:\\\/\\\/storitgroup.com\\\/fi\\\/tuote\\\/akkukayttoinen-pinoamisvaunu-staxx-ws15h-2500\\\/#primaryimage\"},\"thumbnailUrl\":\"https:\\\/\\\/storitgroup.com\\\/uploads\\\/2024\\\/03\\\/ws15h_tagant_2.png\",\"datePublished\":\"2024-03-13T09:40:15+00:00\",\"dateModified\":\"2026-04-24T13:35:13+00:00\",\"description\":\"Akkuk\u00e4ytt\u00f6inen pinoamisvaunu Staxx WS15H-2500, tasainen nosto \u2014 kohtuulliseen hintaan. Toimitukset kaikkialle Suomeen! \u261b Tutustu tuotteeseen ja tilaa k\u00e4tev\u00e4sti STORIT-verkkokaupasta!\",\"breadcrumb\":{\"@id\":\"https:\\\/\\\/storitgroup.com\\\/fi\\\/tuote\\\/akkukayttoinen-pinoamisvaunu-staxx-ws15h-2500\\\/#breadcrumb\"},\"inLanguage\":\"fi\",\"potentialAction\":[{\"@type\":\"ReadAction\",\"target\":[\"https:\\\/\\\/storitgroup.com\\\/fi\\\/tuote\\\/akkukayttoinen-pinoamisvaunu-staxx-ws15h-2500\\\/\"]}]},{\"@type\":\"ImageObject\",\"inLanguage\":\"fi\",\"@id\":\"https:\\\/\\\/storitgroup.com\\\/fi\\\/tuote\\\/akkukayttoinen-pinoamisvaunu-staxx-ws15h-2500\\\/#primaryimage\",\"url\":\"https:\\\/\\\/storitgroup.com\\\/uploads\\\/2024\\\/03\\\/ws15h_tagant_2.png\",\"contentUrl\":\"https:\\\/\\\/storitgroup.com\\\/uploads\\\/2024\\\/03\\\/ws15h_tagant_2.png\",\"width\":960,\"height\":1280},{\"@type\":\"BreadcrumbList\",\"@id\":\"https:\\\/\\\/storitgroup.com\\\/fi\\\/tuote\\\/akkukayttoinen-pinoamisvaunu-staxx-ws15h-2500\\\/#breadcrumb\",\"itemListElement\":[{\"@type\":\"ListItem\",\"position\":1,\"name\":\"Kotisivu\",\"item\":\"https:\\\/\\\/storitgroup.com\\\/fi\\\/\"},{\"@type\":\"ListItem\",\"position\":2,\"name\":\"Tuotteet\",\"item\":\"https:\\\/\\\/storitgroup.com\\\/fi\\\/tuotteet\\\/\"},{\"@type\":\"ListItem\",\"position\":3,\"name\":\"Varastotrukit, nostolavat, tarvikkeet\",\"item\":\"https:\\\/\\\/storitgroup.com\\\/fi\\\/tuotteet\\\/varastotrukit-nostolavat-tarvikkeet\\\/\"},{\"@type\":\"ListItem\",\"position\":4,\"name\":\"Pinoamisvaunut\",\"item\":\"https:\\\/\\\/storitgroup.com\\\/fi\\\/tuotteet\\\/varastotrukit-nostolavat-tarvikkeet\\\/pinoamisvaunut\\\/\"},{\"@type\":\"ListItem\",\"position\":5,\"name\":\"S\u00e4hk\u00f6iset pinoamisvaunut\",\"item\":\"https:\\\/\\\/storitgroup.com\\\/fi\\\/tuotteet\\\/varastotrukit-nostolavat-tarvikkeet\\\/pinoamisvaunut\\\/sahkoiset-pinoamisvaunut\\\/\"},{\"@type\":\"ListItem\",\"position\":6,\"name\":\"Akkuk\u00e4ytt\u00f6inen pinoamisvaunu Staxx WS15H-2500, tasainen nosto\"}]},{\"@type\":\"WebSite\",\"@id\":\"https:\\\/\\\/storitgroup.com\\\/fi\\\/#website\",\"url\":\"https:\\\/\\\/storitgroup.com\\\/fi\\\/\",\"name\":\"Storit\",\"description\":\"\",\"potentialAction\":[{\"@type\":\"SearchAction\",\"target\":{\"@type\":\"EntryPoint\",\"urlTemplate\":\"https:\\\/\\\/storitgroup.com\\\/fi\\\/?s={search_term_string}\"},\"query-input\":{\"@type\":\"PropertyValueSpecification\",\"valueRequired\":true,\"valueName\":\"search_term_string\"}}],\"inLanguage\":\"fi\"}]}<\/script>\n<!-- \/ Yoast SEO plugin. -->","yoast_head_json":{"title":"Akkuk\u00e4ytt\u00f6inen pinoamisvaunu Staxx WS15H-2500, tasainen nosto &#8226; Storit","description":"Akkuk\u00e4ytt\u00f6inen pinoamisvaunu Staxx WS15H-2500, tasainen nosto \u2014 kohtuulliseen hintaan. Toimitukset kaikkialle Suomeen! \u261b Tutustu tuotteeseen ja tilaa k\u00e4tev\u00e4sti STORIT-verkkokaupasta!","robots":{"index":"index","follow":"follow","max-snippet":"max-snippet:-1","max-image-preview":"max-image-preview:large","max-video-preview":"max-video-preview:-1"},"canonical":"https:\/\/storitgroup.com\/fi\/tuote\/akkukayttoinen-pinoamisvaunu-staxx-ws15h-2500\/","og_locale":"fi_FI","og_type":"article","og_title":"Akkuk\u00e4ytt\u00f6inen pinoamisvaunu Staxx WS15H-2500, tasainen nosto &#8226; Storit","og_description":"Akkuk\u00e4ytt\u00f6inen pinoamisvaunu Staxx WS15H-2500, tasainen nosto \u2014 kohtuulliseen hintaan. Toimitukset kaikkialle Suomeen! \u261b Tutustu tuotteeseen ja tilaa k\u00e4tev\u00e4sti STORIT-verkkokaupasta!","og_url":"https:\/\/storitgroup.com\/fi\/tuote\/akkukayttoinen-pinoamisvaunu-staxx-ws15h-2500\/","og_site_name":"Storit","article_modified_time":"2026-04-24T13:35:13+00:00","og_image":[{"width":960,"height":1280,"url":"https:\/\/storitgroup.com\/uploads\/2024\/03\/ws15h_tagant_2.png","type":"image\/png"}],"twitter_card":"summary_large_image","schema":{"@context":"https:\/\/schema.org","@graph":[{"@type":["WebPage","ItemPage"],"@id":"https:\/\/storitgroup.com\/fi\/tuote\/akkukayttoinen-pinoamisvaunu-staxx-ws15h-2500\/","url":"https:\/\/storitgroup.com\/fi\/tuote\/akkukayttoinen-pinoamisvaunu-staxx-ws15h-2500\/","name":"Akkuk\u00e4ytt\u00f6inen pinoamisvaunu Staxx WS15H-2500, tasainen nosto &#8226; Storit","isPartOf":{"@id":"https:\/\/storitgroup.com\/fi\/#website"},"primaryImageOfPage":{"@id":"https:\/\/storitgroup.com\/fi\/tuote\/akkukayttoinen-pinoamisvaunu-staxx-ws15h-2500\/#primaryimage"},"image":{"@id":"https:\/\/storitgroup.com\/fi\/tuote\/akkukayttoinen-pinoamisvaunu-staxx-ws15h-2500\/#primaryimage"},"thumbnailUrl":"https:\/\/storitgroup.com\/uploads\/2024\/03\/ws15h_tagant_2.png","datePublished":"2024-03-13T09:40:15+00:00","dateModified":"2026-04-24T13:35:13+00:00","description":"Akkuk\u00e4ytt\u00f6inen pinoamisvaunu Staxx WS15H-2500, tasainen nosto \u2014 kohtuulliseen hintaan. Toimitukset kaikkialle Suomeen! \u261b Tutustu tuotteeseen ja tilaa k\u00e4tev\u00e4sti STORIT-verkkokaupasta!","breadcrumb":{"@id":"https:\/\/storitgroup.com\/fi\/tuote\/akkukayttoinen-pinoamisvaunu-staxx-ws15h-2500\/#breadcrumb"},"inLanguage":"fi","potentialAction":[{"@type":"ReadAction","target":["https:\/\/storitgroup.com\/fi\/tuote\/akkukayttoinen-pinoamisvaunu-staxx-ws15h-2500\/"]}]},{"@type":"ImageObject","inLanguage":"fi","@id":"https:\/\/storitgroup.com\/fi\/tuote\/akkukayttoinen-pinoamisvaunu-staxx-ws15h-2500\/#primaryimage","url":"https:\/\/storitgroup.com\/uploads\/2024\/03\/ws15h_tagant_2.png","contentUrl":"https:\/\/storitgroup.com\/uploads\/2024\/03\/ws15h_tagant_2.png","width":960,"height":1280},{"@type":"BreadcrumbList","@id":"https:\/\/storitgroup.com\/fi\/tuote\/akkukayttoinen-pinoamisvaunu-staxx-ws15h-2500\/#breadcrumb","itemListElement":[{"@type":"ListItem","position":1,"name":"Kotisivu","item":"https:\/\/storitgroup.com\/fi\/"},{"@type":"ListItem","position":2,"name":"Tuotteet","item":"https:\/\/storitgroup.com\/fi\/tuotteet\/"},{"@type":"ListItem","position":3,"name":"Varastotrukit, nostolavat, tarvikkeet","item":"https:\/\/storitgroup.com\/fi\/tuotteet\/varastotrukit-nostolavat-tarvikkeet\/"},{"@type":"ListItem","position":4,"name":"Pinoamisvaunut","item":"https:\/\/storitgroup.com\/fi\/tuotteet\/varastotrukit-nostolavat-tarvikkeet\/pinoamisvaunut\/"},{"@type":"ListItem","position":5,"name":"S\u00e4hk\u00f6iset pinoamisvaunut","item":"https:\/\/storitgroup.com\/fi\/tuotteet\/varastotrukit-nostolavat-tarvikkeet\/pinoamisvaunut\/sahkoiset-pinoamisvaunut\/"},{"@type":"ListItem","position":6,"name":"Akkuk\u00e4ytt\u00f6inen pinoamisvaunu Staxx WS15H-2500, tasainen nosto"}]},{"@type":"WebSite","@id":"https:\/\/storitgroup.com\/fi\/#website","url":"https:\/\/storitgroup.com\/fi\/","name":"Storit","description":"","potentialAction":[{"@type":"SearchAction","target":{"@type":"EntryPoint","urlTemplate":"https:\/\/storitgroup.com\/fi\/?s={search_term_string}"},"query-input":{"@type":"PropertyValueSpecification","valueRequired":true,"valueName":"search_term_string"}}],"inLanguage":"fi"}]}},"_links":{"self":[{"href":"https:\/\/storitgroup.com\/fi\/wp-json\/wp\/v2\/product\/215973","targetHints":{"allow":["GET"]}}],"collection":[{"href":"https:\/\/storitgroup.com\/fi\/wp-json\/wp\/v2\/product"}],"about":[{"href":"https:\/\/storitgroup.com\/fi\/wp-json\/wp\/v2\/types\/product"}],"wp:featuredmedia":[{"embeddable":true,"href":"https:\/\/storitgroup.com\/fi\/wp-json\/wp\/v2\/media\/216729"}],"wp:attachment":[{"href":"https:\/\/storitgroup.com\/fi\/wp-json\/wp\/v2\/media?parent=215973"}],"wp:term":[{"taxonomy":"product_brand","embeddable":true,"href":"https:\/\/storitgroup.com\/fi\/wp-json\/wp\/v2\/product_brand?post=215973"},{"taxonomy":"product_cat","embeddable":true,"href":"https:\/\/storitgroup.com\/fi\/wp-json\/wp\/v2\/product_cat?post=215973"},{"taxonomy":"product_tag","embeddable":true,"href":"https:\/\/storitgroup.com\/fi\/wp-json\/wp\/v2\/product_tag?post=215973"}],"curies":[{"name":"wp","href":"https:\/\/api.w.org\/{rel}","templated":true}]}}