{"id":214491,"date":"2024-01-29T14:52:16","date_gmt":"2024-01-29T12:52:17","guid":{"rendered":"https:\/\/storitgroup.com\/?post_type=product&#038;p=214491"},"modified":"2025-02-03T14:00:21","modified_gmt":"2025-02-03T12:00:21","slug":"tyopoyta-esw-1600x800x903-mm-laminaattipaallys","status":"publish","type":"product","link":"https:\/\/storitgroup.com\/fi\/tuote\/tyopoyta-esw-1600x800x903-mm-laminaattipaallys\/","title":{"rendered":"Ty\u00f6p\u00f6yt\u00e4 ESW 1600x800x903 mm, laminaattip\u00e4\u00e4llys"},"content":{"rendered":"<p>Erityisen vahva ty\u00f6p\u00f6yt\u00e4 raskaisiin ja suuriin t\u00f6ihin, joka tarjoaa vakautta ja 500 kilon kantavuuden. Manuaalisesti s\u00e4\u00e4dett\u00e4v\u00e4t jalat ja kulutusta kest\u00e4v\u00e4 42 mm paksu p\u00f6yt\u00e4levy takaavat monipuolisuuden ja kest\u00e4vyyden erilaisille ty\u00f6prosesseille, joten se on ihanteellinen valinta ty\u00f6pajaymp\u00e4rist\u00f6\u00f6n.<br \/>Voit valita viidest\u00e4 eri p\u00f6yt\u00e4levyst\u00e4:<br\/ >HDF, eli korkeatiheyskuitulevy,<br \/>tammi liimapuulevy,<br \/>ter\u00e4sp\u00e4\u00e4llyksell\u00e4 levy,<br \/>vinyylip\u00e4\u00e4llyksell\u00e4 levy,<br \/>laminaattip\u00e4\u00e4llyksell\u00e4 levy.<br \/> Laatikosto viidell\u00e4 kuulalaakeroidulla teleskooppilaatikolla, mitat:<br \/>leveys 450 mm,<br \/>syvyys 606 mm,<br \/>korkeus 45\/100\/100\/150\/200 mm.<br \/>P\u00f6yd\u00e4\u00e4n voidaan lis\u00e4t\u00e4 rei\u00b4itetyt sein\u00e4t ja niiden tarvikkeet, my\u00f6s laatikoita ja hyllyj\u00e4, jotka tekev\u00e4t ty\u00f6p\u00f6yd\u00e4st\u00e4 toimivamman.<\/p>\n","protected":false},"excerpt":{"rendered":"<p>Erityisen vahva ty\u00f6p\u00f6yt\u00e4 raskaisiin ja suuriin t\u00f6ihin, joka tarjoaa vakautta ja 500 kilon kantavuuden. Manuaalisesti s\u00e4\u00e4dett\u00e4v\u00e4t jalat ja kulutusta kest\u00e4v\u00e4 42 mm paksu p\u00f6yt\u00e4levy takaavat monipuolisuuden ja kest\u00e4vyyden erilaisille ty\u00f6prosesseille, joten se on ihanteellinen valinta ty\u00f6pajaymp\u00e4rist\u00f6\u00f6n.<br \/>\nVoit valita viidest\u00e4 eri p\u00f6yt\u00e4levyst\u00e4:HDF, eli korkeatiheyskuitulevy,<br \/>\ntammi liimapuulevy,<\/p>\n","protected":false},"featured_media":214863,"template":"","meta":{"_acf_changed":false},"product_brand":[],"product_cat":[8411],"product_tag":[],"class_list":{"0":"post-214491","1":"product","2":"type-product","3":"status-publish","4":"has-post-thumbnail","6":"product_room-pakkaus","7":"product_room-toimisto","8":"product_room-koulut-ja-paivakodit","9":"product_room-laakeyhtiot-ja-laboratoriot","10":"product_room-teollisuus-ja-tuotanto-ergonomiset-tyopaikat-tyokaluvarasto","11":"product_room-kotitoimisto","12":"product_room-kotiratkaisut","13":"product_room-kiinteistokehitys","14":"product_room-tyopaja-ja-autotalli","15":"product_room-kuljetus-ja-logistiikka","16":"product_room-ruuan-kasittely","17":"product_room-arkisto-museo","18":"product_room-kaupankaynti-ja-myymalat","19":"product_room-kokoonpano-ja-keraily","20":"product_cat-tyopoydat-intra","22":"first","23":"onbackorder","24":"taxable","25":"shipping-taxable","26":"purchasable","27":"product-type-simple"},"acf":[],"yoast_head":"<!-- This site is optimized with the Yoast SEO plugin v27.2 - https:\/\/yoast.com\/product\/yoast-seo-wordpress\/ -->\n<title>Ty\u00f6p\u00f6yt\u00e4 ESW 1600x800x903 mm, laminaattip\u00e4\u00e4llys &#8226; Storit<\/title>\n<meta name=\"description\" content=\"Ty\u00f6p\u00f6yt\u00e4 ESW 1600x800x903 mm, laminaattip\u00e4\u00e4llys \u2014 kohtuulliseen hintaan. Toimitukset kaikkialle Suomeen! \u261b Tutustu tuotteeseen ja tilaa k\u00e4tev\u00e4sti STORIT-verkkokaupasta!\" \/>\n<meta name=\"robots\" content=\"index, follow, max-snippet:-1, max-image-preview:large, max-video-preview:-1\" \/>\n<link rel=\"canonical\" href=\"https:\/\/storitgroup.com\/fi\/tuote\/tyopoyta-esw-1600x800x903-mm-laminaattipaallys\/\" \/>\n<meta property=\"og:locale\" content=\"fi_FI\" \/>\n<meta property=\"og:type\" content=\"article\" \/>\n<meta property=\"og:title\" content=\"Ty\u00f6p\u00f6yt\u00e4 ESW 1600x800x903 mm, laminaattip\u00e4\u00e4llys &#8226; Storit\" \/>\n<meta property=\"og:description\" content=\"Ty\u00f6p\u00f6yt\u00e4 ESW 1600x800x903 mm, laminaattip\u00e4\u00e4llys \u2014 kohtuulliseen hintaan. Toimitukset kaikkialle Suomeen! \u261b Tutustu tuotteeseen ja tilaa k\u00e4tev\u00e4sti STORIT-verkkokaupasta!\" \/>\n<meta property=\"og:url\" content=\"https:\/\/storitgroup.com\/fi\/tuote\/tyopoyta-esw-1600x800x903-mm-laminaattipaallys\/\" \/>\n<meta property=\"og:site_name\" content=\"Storit\" \/>\n<meta property=\"article:modified_time\" content=\"2025-02-03T12:00:21+00:00\" \/>\n<meta property=\"og:image\" content=\"https:\/\/storitgroup.com\/uploads\/2024\/01\/17.-4232743345.jpg\" \/>\n\t<meta property=\"og:image:width\" content=\"500\" \/>\n\t<meta property=\"og:image:height\" content=\"399\" \/>\n\t<meta property=\"og:image:type\" content=\"image\/jpeg\" \/>\n<meta name=\"twitter:card\" content=\"summary_large_image\" \/>\n<meta name=\"twitter:label1\" content=\"Arvioitu lukuaika\" \/>\n\t<meta name=\"twitter:data1\" content=\"1 minuutti\" \/>\n<script type=\"application\/ld+json\" class=\"yoast-schema-graph\">{\"@context\":\"https:\/\/schema.org\",\"@graph\":[{\"@type\":[\"WebPage\",\"ItemPage\"],\"@id\":\"https:\/\/storitgroup.com\/fi\/tuote\/tyopoyta-esw-1600x800x903-mm-laminaattipaallys\/\",\"url\":\"https:\/\/storitgroup.com\/fi\/tuote\/tyopoyta-esw-1600x800x903-mm-laminaattipaallys\/\",\"name\":\"Ty\u00f6p\u00f6yt\u00e4 ESW 1600x800x903 mm, laminaattip\u00e4\u00e4llys &#8226; Storit\",\"isPartOf\":{\"@id\":\"https:\/\/storitgroup.com\/fi\/#website\"},\"primaryImageOfPage\":{\"@id\":\"https:\/\/storitgroup.com\/fi\/tuote\/tyopoyta-esw-1600x800x903-mm-laminaattipaallys\/#primaryimage\"},\"image\":{\"@id\":\"https:\/\/storitgroup.com\/fi\/tuote\/tyopoyta-esw-1600x800x903-mm-laminaattipaallys\/#primaryimage\"},\"thumbnailUrl\":\"https:\/\/storitgroup.com\/uploads\/2024\/01\/17.-4232743345.jpg\",\"datePublished\":\"2024-01-29T12:52:17+00:00\",\"dateModified\":\"2025-02-03T12:00:21+00:00\",\"description\":\"Ty\u00f6p\u00f6yt\u00e4 ESW 1600x800x903 mm, laminaattip\u00e4\u00e4llys \u2014 kohtuulliseen hintaan. Toimitukset kaikkialle Suomeen! \u261b Tutustu tuotteeseen ja tilaa k\u00e4tev\u00e4sti STORIT-verkkokaupasta!\",\"breadcrumb\":{\"@id\":\"https:\/\/storitgroup.com\/fi\/tuote\/tyopoyta-esw-1600x800x903-mm-laminaattipaallys\/#breadcrumb\"},\"inLanguage\":\"fi\",\"potentialAction\":[{\"@type\":\"ReadAction\",\"target\":[\"https:\/\/storitgroup.com\/fi\/tuote\/tyopoyta-esw-1600x800x903-mm-laminaattipaallys\/\"]}]},{\"@type\":\"ImageObject\",\"inLanguage\":\"fi\",\"@id\":\"https:\/\/storitgroup.com\/fi\/tuote\/tyopoyta-esw-1600x800x903-mm-laminaattipaallys\/#primaryimage\",\"url\":\"https:\/\/storitgroup.com\/uploads\/2024\/01\/17.-4232743345.jpg\",\"contentUrl\":\"https:\/\/storitgroup.com\/uploads\/2024\/01\/17.-4232743345.jpg\",\"width\":500,\"height\":399},{\"@type\":\"BreadcrumbList\",\"@id\":\"https:\/\/storitgroup.com\/fi\/tuote\/tyopoyta-esw-1600x800x903-mm-laminaattipaallys\/#breadcrumb\",\"itemListElement\":[{\"@type\":\"ListItem\",\"position\":1,\"name\":\"Kotisivu\",\"item\":\"https:\/\/storitgroup.com\/fi\/\"},{\"@type\":\"ListItem\",\"position\":2,\"name\":\"Tuotteet\",\"item\":\"https:\/\/storitgroup.com\/fi\/tuotteet\/\"},{\"@type\":\"ListItem\",\"position\":3,\"name\":\"P\u00f6yd\u00e4t, tuolit, ty\u00f6kaluvarasto\",\"item\":\"https:\/\/storitgroup.com\/fi\/poydat-tuolit-tyokaluvarasto\/\"},{\"@type\":\"ListItem\",\"position\":4,\"name\":\"Ty\u00f6p\u00f6yd\u00e4t\",\"item\":\"https:\/\/storitgroup.com\/fi\/poydat-tuolit-tyokaluvarasto\/tyopoydat\/\"},{\"@type\":\"ListItem\",\"position\":5,\"name\":\"Ty\u00f6p\u00f6yd\u00e4t: INTRA\",\"item\":\"https:\/\/storitgroup.com\/fi\/poydat-tuolit-tyokaluvarasto\/tyopoydat\/tyopoydat-intra\/\"},{\"@type\":\"ListItem\",\"position\":6,\"name\":\"Ty\u00f6p\u00f6yt\u00e4 ESW 1600x800x903 mm, laminaattip\u00e4\u00e4llys\"}]},{\"@type\":\"WebSite\",\"@id\":\"https:\/\/storitgroup.com\/fi\/#website\",\"url\":\"https:\/\/storitgroup.com\/fi\/\",\"name\":\"Storit\",\"description\":\"\",\"potentialAction\":[{\"@type\":\"SearchAction\",\"target\":{\"@type\":\"EntryPoint\",\"urlTemplate\":\"https:\/\/storitgroup.com\/fi\/?s={search_term_string}\"},\"query-input\":{\"@type\":\"PropertyValueSpecification\",\"valueRequired\":true,\"valueName\":\"search_term_string\"}}],\"inLanguage\":\"fi\"}]}<\/script>\n<!-- \/ Yoast SEO plugin. -->","yoast_head_json":{"title":"Ty\u00f6p\u00f6yt\u00e4 ESW 1600x800x903 mm, laminaattip\u00e4\u00e4llys &#8226; Storit","description":"Ty\u00f6p\u00f6yt\u00e4 ESW 1600x800x903 mm, laminaattip\u00e4\u00e4llys \u2014 kohtuulliseen hintaan. Toimitukset kaikkialle Suomeen! \u261b Tutustu tuotteeseen ja tilaa k\u00e4tev\u00e4sti STORIT-verkkokaupasta!","robots":{"index":"index","follow":"follow","max-snippet":"max-snippet:-1","max-image-preview":"max-image-preview:large","max-video-preview":"max-video-preview:-1"},"canonical":"https:\/\/storitgroup.com\/fi\/tuote\/tyopoyta-esw-1600x800x903-mm-laminaattipaallys\/","og_locale":"fi_FI","og_type":"article","og_title":"Ty\u00f6p\u00f6yt\u00e4 ESW 1600x800x903 mm, laminaattip\u00e4\u00e4llys &#8226; Storit","og_description":"Ty\u00f6p\u00f6yt\u00e4 ESW 1600x800x903 mm, laminaattip\u00e4\u00e4llys \u2014 kohtuulliseen hintaan. Toimitukset kaikkialle Suomeen! \u261b Tutustu tuotteeseen ja tilaa k\u00e4tev\u00e4sti STORIT-verkkokaupasta!","og_url":"https:\/\/storitgroup.com\/fi\/tuote\/tyopoyta-esw-1600x800x903-mm-laminaattipaallys\/","og_site_name":"Storit","article_modified_time":"2025-02-03T12:00:21+00:00","og_image":[{"width":500,"height":399,"url":"https:\/\/storitgroup.com\/uploads\/2024\/01\/17.-4232743345.jpg","type":"image\/jpeg"}],"twitter_card":"summary_large_image","twitter_misc":{"Arvioitu lukuaika":"1 minuutti"},"schema":{"@context":"https:\/\/schema.org","@graph":[{"@type":["WebPage","ItemPage"],"@id":"https:\/\/storitgroup.com\/fi\/tuote\/tyopoyta-esw-1600x800x903-mm-laminaattipaallys\/","url":"https:\/\/storitgroup.com\/fi\/tuote\/tyopoyta-esw-1600x800x903-mm-laminaattipaallys\/","name":"Ty\u00f6p\u00f6yt\u00e4 ESW 1600x800x903 mm, laminaattip\u00e4\u00e4llys &#8226; Storit","isPartOf":{"@id":"https:\/\/storitgroup.com\/fi\/#website"},"primaryImageOfPage":{"@id":"https:\/\/storitgroup.com\/fi\/tuote\/tyopoyta-esw-1600x800x903-mm-laminaattipaallys\/#primaryimage"},"image":{"@id":"https:\/\/storitgroup.com\/fi\/tuote\/tyopoyta-esw-1600x800x903-mm-laminaattipaallys\/#primaryimage"},"thumbnailUrl":"https:\/\/storitgroup.com\/uploads\/2024\/01\/17.-4232743345.jpg","datePublished":"2024-01-29T12:52:17+00:00","dateModified":"2025-02-03T12:00:21+00:00","description":"Ty\u00f6p\u00f6yt\u00e4 ESW 1600x800x903 mm, laminaattip\u00e4\u00e4llys \u2014 kohtuulliseen hintaan. Toimitukset kaikkialle Suomeen! \u261b Tutustu tuotteeseen ja tilaa k\u00e4tev\u00e4sti STORIT-verkkokaupasta!","breadcrumb":{"@id":"https:\/\/storitgroup.com\/fi\/tuote\/tyopoyta-esw-1600x800x903-mm-laminaattipaallys\/#breadcrumb"},"inLanguage":"fi","potentialAction":[{"@type":"ReadAction","target":["https:\/\/storitgroup.com\/fi\/tuote\/tyopoyta-esw-1600x800x903-mm-laminaattipaallys\/"]}]},{"@type":"ImageObject","inLanguage":"fi","@id":"https:\/\/storitgroup.com\/fi\/tuote\/tyopoyta-esw-1600x800x903-mm-laminaattipaallys\/#primaryimage","url":"https:\/\/storitgroup.com\/uploads\/2024\/01\/17.-4232743345.jpg","contentUrl":"https:\/\/storitgroup.com\/uploads\/2024\/01\/17.-4232743345.jpg","width":500,"height":399},{"@type":"BreadcrumbList","@id":"https:\/\/storitgroup.com\/fi\/tuote\/tyopoyta-esw-1600x800x903-mm-laminaattipaallys\/#breadcrumb","itemListElement":[{"@type":"ListItem","position":1,"name":"Kotisivu","item":"https:\/\/storitgroup.com\/fi\/"},{"@type":"ListItem","position":2,"name":"Tuotteet","item":"https:\/\/storitgroup.com\/fi\/tuotteet\/"},{"@type":"ListItem","position":3,"name":"P\u00f6yd\u00e4t, tuolit, ty\u00f6kaluvarasto","item":"https:\/\/storitgroup.com\/fi\/poydat-tuolit-tyokaluvarasto\/"},{"@type":"ListItem","position":4,"name":"Ty\u00f6p\u00f6yd\u00e4t","item":"https:\/\/storitgroup.com\/fi\/poydat-tuolit-tyokaluvarasto\/tyopoydat\/"},{"@type":"ListItem","position":5,"name":"Ty\u00f6p\u00f6yd\u00e4t: INTRA","item":"https:\/\/storitgroup.com\/fi\/poydat-tuolit-tyokaluvarasto\/tyopoydat\/tyopoydat-intra\/"},{"@type":"ListItem","position":6,"name":"Ty\u00f6p\u00f6yt\u00e4 ESW 1600x800x903 mm, laminaattip\u00e4\u00e4llys"}]},{"@type":"WebSite","@id":"https:\/\/storitgroup.com\/fi\/#website","url":"https:\/\/storitgroup.com\/fi\/","name":"Storit","description":"","potentialAction":[{"@type":"SearchAction","target":{"@type":"EntryPoint","urlTemplate":"https:\/\/storitgroup.com\/fi\/?s={search_term_string}"},"query-input":{"@type":"PropertyValueSpecification","valueRequired":true,"valueName":"search_term_string"}}],"inLanguage":"fi"}]}},"_links":{"self":[{"href":"https:\/\/storitgroup.com\/fi\/wp-json\/wp\/v2\/product\/214491","targetHints":{"allow":["GET"]}}],"collection":[{"href":"https:\/\/storitgroup.com\/fi\/wp-json\/wp\/v2\/product"}],"about":[{"href":"https:\/\/storitgroup.com\/fi\/wp-json\/wp\/v2\/types\/product"}],"wp:featuredmedia":[{"embeddable":true,"href":"https:\/\/storitgroup.com\/fi\/wp-json\/wp\/v2\/media\/214863"}],"wp:attachment":[{"href":"https:\/\/storitgroup.com\/fi\/wp-json\/wp\/v2\/media?parent=214491"}],"wp:term":[{"taxonomy":"product_brand","embeddable":true,"href":"https:\/\/storitgroup.com\/fi\/wp-json\/wp\/v2\/product_brand?post=214491"},{"taxonomy":"product_cat","embeddable":true,"href":"https:\/\/storitgroup.com\/fi\/wp-json\/wp\/v2\/product_cat?post=214491"},{"taxonomy":"product_tag","embeddable":true,"href":"https:\/\/storitgroup.com\/fi\/wp-json\/wp\/v2\/product_tag?post=214491"}],"curies":[{"name":"wp","href":"https:\/\/api.w.org\/{rel}","templated":true}]}}