{"id":214467,"date":"2024-01-29T14:51:22","date_gmt":"2024-01-29T12:51:23","guid":{"rendered":"https:\/\/storitgroup.com\/?post_type=product&#038;p=214467"},"modified":"2026-04-03T21:21:24","modified_gmt":"2026-04-03T18:21:24","slug":"tyopoyta-basic-1500x750x895-mm","status":"publish","type":"product","link":"https:\/\/storitgroup.com\/fi\/tuote\/tyopoyta-basic-1500x750x895-mm\/","title":{"rendered":"Ty\u00f6p\u00f6yt\u00e4 Basic 1500x750x895 mm"},"content":{"rendered":"<p>Ty\u00f6p\u00f6yt\u00e4 on saatavana tyylikk\u00e4iss\u00e4 vaaleissa v\u00e4reiss\u00e4, jotka sopivat mihin tahansa sisustukseen. 35 mm:n valkoisen laminaattip\u00f6yd\u00e4n huolto on helppoa ja tarjoaa paremman yleiskuvan ty\u00f6st\u00e4 ja 250 kg:n kantavuuden ansiosta p\u00f6yt\u00e4\u00e4 voidaan k\u00e4ytt\u00e4\u00e4 my\u00f6s raskaampiin t\u00f6ihin.<br \/> Lis\u00e4ksi voidaan sijoittaa laatikko ja\/tai hylly p\u00f6yt\u00e4levyn alle, sein\u00e4\u00e4n voidaan ruuvata rei\u00b4itetty paneeli piikeill\u00e4 ty\u00f6kalujen k\u00e4tev\u00e4mp\u00e4\u00e4 k\u00e4ytt\u00f6\u00e4 varten tai ty\u00f6nt\u00e4\u00e4 lukittava, py\u00f6rill\u00e4 laatikosto p\u00f6yd\u00e4n alle ty\u00f6kalujen turvallisempaan s\u00e4ilytykseen.<\/p>\n","protected":false},"excerpt":{"rendered":"<p>Ty\u00f6p\u00f6yt\u00e4 on saatavana tyylikk\u00e4iss\u00e4 vaaleissa v\u00e4reiss\u00e4, jotka sopivat mihin tahansa sisustukseen. 35 mm:n valkoisen laminaattip\u00f6yd\u00e4n huolto on helppoa ja tarjoaa paremman yleiskuvan ty\u00f6st\u00e4 ja 250 kg:n kantavuuden ansiosta p\u00f6yt\u00e4\u00e4 voidaan k\u00e4ytt\u00e4\u00e4 my\u00f6s raskaampiin t\u00f6ihin.<br \/>\n Lis\u00e4ksi voidaan sijoittaa laatikko ja\/tai hylly p\u00f6yt\u00e4levyn alle, sein\u00e4\u00e4n voidaan ruuvata rei\u00b4itetty paneeli piikeill\u00e4 ty\u00f6kalujen k\u00e4tev\u00e4mp\u00e4\u00e4 k\u00e4ytt\u00f6\u00e4 varten tai ty\u00f6nt\u00e4\u00e4 lukittava, py\u00f6rill\u00e4 laatikosto p\u00f6yd\u00e4n alle ty\u00f6kalujen turvallisempaan s\u00e4ilytykseen.<\/p>\n","protected":false},"featured_media":215069,"template":"","meta":{"_acf_changed":false},"product_brand":[],"product_cat":[8411],"product_tag":[],"class_list":{"0":"post-214467","1":"product","2":"type-product","3":"status-publish","4":"has-post-thumbnail","6":"product_room-kiinteistokehitys","7":"product_room-tyopaja-ja-autotalli","8":"product_room-kuljetus-ja-logistiikka","9":"product_room-ruuan-kasittely","10":"product_room-arkisto-museo","11":"product_room-kaupankaynti-ja-myymalat","12":"product_room-kokoonpano-ja-keraily","13":"product_room-pakkaus","14":"product_room-toimisto","15":"product_room-koulut-ja-paivakodit","16":"product_room-laakeyhtiot-ja-laboratoriot","17":"product_room-teollisuus-ja-tuotanto-ergonomiset-tyopaikat-tyokaluvarasto","18":"product_room-kotitoimisto","19":"product_room-kotiratkaisut","20":"product_cat-tyopoydat-intra","22":"first","23":"onbackorder","24":"taxable","25":"shipping-taxable","26":"purchasable","27":"product-type-simple"},"acf":[],"yoast_head":"<!-- This site is optimized with the Yoast SEO plugin v27.2 - https:\/\/yoast.com\/product\/yoast-seo-wordpress\/ -->\n<title>Ty\u00f6p\u00f6yt\u00e4 Basic 1500x750x895 mm &#8226; Storit<\/title>\n<meta name=\"description\" content=\"Ty\u00f6p\u00f6yt\u00e4 Basic 1500x750x895 mm \u2014 kohtuulliseen hintaan. Toimitukset kaikkialle Suomeen! \u261b Tutustu tuotteeseen ja tilaa k\u00e4tev\u00e4sti STORIT-verkkokaupasta!\" \/>\n<meta name=\"robots\" content=\"index, follow, max-snippet:-1, max-image-preview:large, max-video-preview:-1\" \/>\n<link rel=\"canonical\" href=\"https:\/\/storitgroup.com\/fi\/tuote\/tyopoyta-basic-1500x750x895-mm\/\" \/>\n<meta property=\"og:locale\" content=\"fi_FI\" \/>\n<meta property=\"og:type\" content=\"article\" \/>\n<meta property=\"og:title\" content=\"Ty\u00f6p\u00f6yt\u00e4 Basic 1500x750x895 mm &#8226; Storit\" \/>\n<meta property=\"og:description\" content=\"Ty\u00f6p\u00f6yt\u00e4 Basic 1500x750x895 mm \u2014 kohtuulliseen hintaan. Toimitukset kaikkialle Suomeen! \u261b Tutustu tuotteeseen ja tilaa k\u00e4tev\u00e4sti STORIT-verkkokaupasta!\" \/>\n<meta property=\"og:url\" content=\"https:\/\/storitgroup.com\/fi\/tuote\/tyopoyta-basic-1500x750x895-mm\/\" \/>\n<meta property=\"og:site_name\" content=\"Storit\" \/>\n<meta property=\"article:modified_time\" content=\"2026-04-03T18:21:24+00:00\" \/>\n<meta property=\"og:image\" content=\"https:\/\/storitgroup.com\/uploads\/2024\/01\/34.-4231082150.jpg\" \/>\n\t<meta property=\"og:image:width\" content=\"500\" \/>\n\t<meta property=\"og:image:height\" content=\"399\" \/>\n\t<meta property=\"og:image:type\" content=\"image\/jpeg\" \/>\n<meta name=\"twitter:card\" content=\"summary_large_image\" \/>\n<script type=\"application\/ld+json\" class=\"yoast-schema-graph\">{\"@context\":\"https:\/\/schema.org\",\"@graph\":[{\"@type\":[\"WebPage\",\"ItemPage\"],\"@id\":\"https:\/\/storitgroup.com\/fi\/tuote\/tyopoyta-basic-1500x750x895-mm\/\",\"url\":\"https:\/\/storitgroup.com\/fi\/tuote\/tyopoyta-basic-1500x750x895-mm\/\",\"name\":\"Ty\u00f6p\u00f6yt\u00e4 Basic 1500x750x895 mm &#8226; Storit\",\"isPartOf\":{\"@id\":\"https:\/\/storitgroup.com\/fi\/#website\"},\"primaryImageOfPage\":{\"@id\":\"https:\/\/storitgroup.com\/fi\/tuote\/tyopoyta-basic-1500x750x895-mm\/#primaryimage\"},\"image\":{\"@id\":\"https:\/\/storitgroup.com\/fi\/tuote\/tyopoyta-basic-1500x750x895-mm\/#primaryimage\"},\"thumbnailUrl\":\"https:\/\/storitgroup.com\/uploads\/2024\/01\/34.-4231082150.jpg\",\"datePublished\":\"2024-01-29T12:51:23+00:00\",\"dateModified\":\"2026-04-03T18:21:24+00:00\",\"description\":\"Ty\u00f6p\u00f6yt\u00e4 Basic 1500x750x895 mm \u2014 kohtuulliseen hintaan. Toimitukset kaikkialle Suomeen! \u261b Tutustu tuotteeseen ja tilaa k\u00e4tev\u00e4sti STORIT-verkkokaupasta!\",\"breadcrumb\":{\"@id\":\"https:\/\/storitgroup.com\/fi\/tuote\/tyopoyta-basic-1500x750x895-mm\/#breadcrumb\"},\"inLanguage\":\"fi\",\"potentialAction\":[{\"@type\":\"ReadAction\",\"target\":[\"https:\/\/storitgroup.com\/fi\/tuote\/tyopoyta-basic-1500x750x895-mm\/\"]}]},{\"@type\":\"ImageObject\",\"inLanguage\":\"fi\",\"@id\":\"https:\/\/storitgroup.com\/fi\/tuote\/tyopoyta-basic-1500x750x895-mm\/#primaryimage\",\"url\":\"https:\/\/storitgroup.com\/uploads\/2024\/01\/34.-4231082150.jpg\",\"contentUrl\":\"https:\/\/storitgroup.com\/uploads\/2024\/01\/34.-4231082150.jpg\",\"width\":500,\"height\":399},{\"@type\":\"BreadcrumbList\",\"@id\":\"https:\/\/storitgroup.com\/fi\/tuote\/tyopoyta-basic-1500x750x895-mm\/#breadcrumb\",\"itemListElement\":[{\"@type\":\"ListItem\",\"position\":1,\"name\":\"Kotisivu\",\"item\":\"https:\/\/storitgroup.com\/fi\/\"},{\"@type\":\"ListItem\",\"position\":2,\"name\":\"Tuotteet\",\"item\":\"https:\/\/storitgroup.com\/fi\/tuotteet\/\"},{\"@type\":\"ListItem\",\"position\":3,\"name\":\"P\u00f6yd\u00e4t, tuolit, ty\u00f6kaluvarasto\",\"item\":\"https:\/\/storitgroup.com\/fi\/poydat-tuolit-tyokaluvarasto\/\"},{\"@type\":\"ListItem\",\"position\":4,\"name\":\"Ty\u00f6p\u00f6yd\u00e4t\",\"item\":\"https:\/\/storitgroup.com\/fi\/poydat-tuolit-tyokaluvarasto\/tyopoydat\/\"},{\"@type\":\"ListItem\",\"position\":5,\"name\":\"Ty\u00f6p\u00f6yd\u00e4t: INTRA\",\"item\":\"https:\/\/storitgroup.com\/fi\/poydat-tuolit-tyokaluvarasto\/tyopoydat\/tyopoydat-intra\/\"},{\"@type\":\"ListItem\",\"position\":6,\"name\":\"Ty\u00f6p\u00f6yt\u00e4 Basic 1500x750x895 mm\"}]},{\"@type\":\"WebSite\",\"@id\":\"https:\/\/storitgroup.com\/fi\/#website\",\"url\":\"https:\/\/storitgroup.com\/fi\/\",\"name\":\"Storit\",\"description\":\"\",\"potentialAction\":[{\"@type\":\"SearchAction\",\"target\":{\"@type\":\"EntryPoint\",\"urlTemplate\":\"https:\/\/storitgroup.com\/fi\/?s={search_term_string}\"},\"query-input\":{\"@type\":\"PropertyValueSpecification\",\"valueRequired\":true,\"valueName\":\"search_term_string\"}}],\"inLanguage\":\"fi\"}]}<\/script>\n<!-- \/ Yoast SEO plugin. -->","yoast_head_json":{"title":"Ty\u00f6p\u00f6yt\u00e4 Basic 1500x750x895 mm &#8226; Storit","description":"Ty\u00f6p\u00f6yt\u00e4 Basic 1500x750x895 mm \u2014 kohtuulliseen hintaan. Toimitukset kaikkialle Suomeen! \u261b Tutustu tuotteeseen ja tilaa k\u00e4tev\u00e4sti STORIT-verkkokaupasta!","robots":{"index":"index","follow":"follow","max-snippet":"max-snippet:-1","max-image-preview":"max-image-preview:large","max-video-preview":"max-video-preview:-1"},"canonical":"https:\/\/storitgroup.com\/fi\/tuote\/tyopoyta-basic-1500x750x895-mm\/","og_locale":"fi_FI","og_type":"article","og_title":"Ty\u00f6p\u00f6yt\u00e4 Basic 1500x750x895 mm &#8226; Storit","og_description":"Ty\u00f6p\u00f6yt\u00e4 Basic 1500x750x895 mm \u2014 kohtuulliseen hintaan. Toimitukset kaikkialle Suomeen! \u261b Tutustu tuotteeseen ja tilaa k\u00e4tev\u00e4sti STORIT-verkkokaupasta!","og_url":"https:\/\/storitgroup.com\/fi\/tuote\/tyopoyta-basic-1500x750x895-mm\/","og_site_name":"Storit","article_modified_time":"2026-04-03T18:21:24+00:00","og_image":[{"width":500,"height":399,"url":"https:\/\/storitgroup.com\/uploads\/2024\/01\/34.-4231082150.jpg","type":"image\/jpeg"}],"twitter_card":"summary_large_image","schema":{"@context":"https:\/\/schema.org","@graph":[{"@type":["WebPage","ItemPage"],"@id":"https:\/\/storitgroup.com\/fi\/tuote\/tyopoyta-basic-1500x750x895-mm\/","url":"https:\/\/storitgroup.com\/fi\/tuote\/tyopoyta-basic-1500x750x895-mm\/","name":"Ty\u00f6p\u00f6yt\u00e4 Basic 1500x750x895 mm &#8226; Storit","isPartOf":{"@id":"https:\/\/storitgroup.com\/fi\/#website"},"primaryImageOfPage":{"@id":"https:\/\/storitgroup.com\/fi\/tuote\/tyopoyta-basic-1500x750x895-mm\/#primaryimage"},"image":{"@id":"https:\/\/storitgroup.com\/fi\/tuote\/tyopoyta-basic-1500x750x895-mm\/#primaryimage"},"thumbnailUrl":"https:\/\/storitgroup.com\/uploads\/2024\/01\/34.-4231082150.jpg","datePublished":"2024-01-29T12:51:23+00:00","dateModified":"2026-04-03T18:21:24+00:00","description":"Ty\u00f6p\u00f6yt\u00e4 Basic 1500x750x895 mm \u2014 kohtuulliseen hintaan. Toimitukset kaikkialle Suomeen! \u261b Tutustu tuotteeseen ja tilaa k\u00e4tev\u00e4sti STORIT-verkkokaupasta!","breadcrumb":{"@id":"https:\/\/storitgroup.com\/fi\/tuote\/tyopoyta-basic-1500x750x895-mm\/#breadcrumb"},"inLanguage":"fi","potentialAction":[{"@type":"ReadAction","target":["https:\/\/storitgroup.com\/fi\/tuote\/tyopoyta-basic-1500x750x895-mm\/"]}]},{"@type":"ImageObject","inLanguage":"fi","@id":"https:\/\/storitgroup.com\/fi\/tuote\/tyopoyta-basic-1500x750x895-mm\/#primaryimage","url":"https:\/\/storitgroup.com\/uploads\/2024\/01\/34.-4231082150.jpg","contentUrl":"https:\/\/storitgroup.com\/uploads\/2024\/01\/34.-4231082150.jpg","width":500,"height":399},{"@type":"BreadcrumbList","@id":"https:\/\/storitgroup.com\/fi\/tuote\/tyopoyta-basic-1500x750x895-mm\/#breadcrumb","itemListElement":[{"@type":"ListItem","position":1,"name":"Kotisivu","item":"https:\/\/storitgroup.com\/fi\/"},{"@type":"ListItem","position":2,"name":"Tuotteet","item":"https:\/\/storitgroup.com\/fi\/tuotteet\/"},{"@type":"ListItem","position":3,"name":"P\u00f6yd\u00e4t, tuolit, ty\u00f6kaluvarasto","item":"https:\/\/storitgroup.com\/fi\/poydat-tuolit-tyokaluvarasto\/"},{"@type":"ListItem","position":4,"name":"Ty\u00f6p\u00f6yd\u00e4t","item":"https:\/\/storitgroup.com\/fi\/poydat-tuolit-tyokaluvarasto\/tyopoydat\/"},{"@type":"ListItem","position":5,"name":"Ty\u00f6p\u00f6yd\u00e4t: INTRA","item":"https:\/\/storitgroup.com\/fi\/poydat-tuolit-tyokaluvarasto\/tyopoydat\/tyopoydat-intra\/"},{"@type":"ListItem","position":6,"name":"Ty\u00f6p\u00f6yt\u00e4 Basic 1500x750x895 mm"}]},{"@type":"WebSite","@id":"https:\/\/storitgroup.com\/fi\/#website","url":"https:\/\/storitgroup.com\/fi\/","name":"Storit","description":"","potentialAction":[{"@type":"SearchAction","target":{"@type":"EntryPoint","urlTemplate":"https:\/\/storitgroup.com\/fi\/?s={search_term_string}"},"query-input":{"@type":"PropertyValueSpecification","valueRequired":true,"valueName":"search_term_string"}}],"inLanguage":"fi"}]}},"_links":{"self":[{"href":"https:\/\/storitgroup.com\/fi\/wp-json\/wp\/v2\/product\/214467","targetHints":{"allow":["GET"]}}],"collection":[{"href":"https:\/\/storitgroup.com\/fi\/wp-json\/wp\/v2\/product"}],"about":[{"href":"https:\/\/storitgroup.com\/fi\/wp-json\/wp\/v2\/types\/product"}],"wp:featuredmedia":[{"embeddable":true,"href":"https:\/\/storitgroup.com\/fi\/wp-json\/wp\/v2\/media\/215069"}],"wp:attachment":[{"href":"https:\/\/storitgroup.com\/fi\/wp-json\/wp\/v2\/media?parent=214467"}],"wp:term":[{"taxonomy":"product_brand","embeddable":true,"href":"https:\/\/storitgroup.com\/fi\/wp-json\/wp\/v2\/product_brand?post=214467"},{"taxonomy":"product_cat","embeddable":true,"href":"https:\/\/storitgroup.com\/fi\/wp-json\/wp\/v2\/product_cat?post=214467"},{"taxonomy":"product_tag","embeddable":true,"href":"https:\/\/storitgroup.com\/fi\/wp-json\/wp\/v2\/product_tag?post=214467"}],"curies":[{"name":"wp","href":"https:\/\/api.w.org\/{rel}","templated":true}]}}