{"id":214459,"date":"2024-01-29T14:51:06","date_gmt":"2024-01-29T12:51:07","guid":{"rendered":"https:\/\/storitgroup.com\/?post_type=product&#038;p=214459"},"modified":"2026-04-03T20:47:59","modified_gmt":"2026-04-03T17:47:59","slug":"laatikko-tyopoydalle-basic","status":"publish","type":"product","link":"https:\/\/storitgroup.com\/fi\/tuote\/laatikko-tyopoydalle-basic\/","title":{"rendered":"Laatikko ty\u00f6p\u00f6yd\u00e4lle Basic"},"content":{"rendered":"<p>Laatikko ty\u00f6pyd\u00e4n Basic ty\u00f6tason alle asennettavaksi. Turvallisempaa s\u00e4ilytyst\u00e4 varten laatikko on varustettu kahdella avaimella varustetulla sylinterilukolla. Kuulalaakeroitu teleskooppinen vetolaatikko on 100 % avattava.<\/p>\n<p>Laatikoston mitat: syvyys 450 mm, leveys 450 mm, korkeus 150 mm.<br \/>Laatikon mitat: syvyys 420 mm, leveys 440 mm, korkeus 105 mm.<\/p>\n","protected":false},"excerpt":{"rendered":"<p>Laatikko ty\u00f6pyd\u00e4n Basic ty\u00f6tason alle asennettavaksi. Turvallisempaa s\u00e4ilytyst\u00e4 varten laatikko on varustettu kahdella avaimella varustetulla sylinterilukolla. Kuulalaakeroitu teleskooppinen vetolaatikko on 100 % avattava.<\/p>\n<p>Laatikoston mitat: syvyys 450 mm, leveys 450 mm, korkeus 150 mm.<\/p>\n","protected":false},"featured_media":215174,"template":"","meta":{"_acf_changed":false},"product_brand":[],"product_cat":[8411],"product_tag":[],"class_list":{"0":"post-214459","1":"product","2":"type-product","3":"status-publish","4":"has-post-thumbnail","6":"product_room-kaupankaynti-ja-myymalat","7":"product_room-kokoonpano-ja-keraily","8":"product_room-pakkaus","9":"product_room-toimisto","10":"product_room-koulut-ja-paivakodit","11":"product_room-laakeyhtiot-ja-laboratoriot","12":"product_room-teollisuus-ja-tuotanto-ergonomiset-tyopaikat-tyokaluvarasto","13":"product_room-kotitoimisto","14":"product_room-kotiratkaisut","15":"product_room-kiinteistokehitys","16":"product_room-tyopaja-ja-autotalli","17":"product_room-kuljetus-ja-logistiikka","18":"product_room-ruuan-kasittely","19":"product_room-arkisto-museo","20":"product_cat-tyopoydat-intra","22":"first","23":"instock","24":"taxable","25":"shipping-taxable","26":"purchasable","27":"product-type-simple"},"acf":[],"yoast_head":"<!-- This site is optimized with the Yoast SEO plugin v27.2 - https:\/\/yoast.com\/product\/yoast-seo-wordpress\/ -->\n<title>Laatikko ty\u00f6p\u00f6yd\u00e4lle Basic &#8226; Storit<\/title>\n<meta name=\"description\" content=\"Laatikko ty\u00f6p\u00f6yd\u00e4lle Basic \u2014 kohtuulliseen hintaan. Toimitukset kaikkialle Suomeen! \u261b Tutustu tuotteeseen ja tilaa k\u00e4tev\u00e4sti STORIT-verkkokaupasta!\" \/>\n<meta name=\"robots\" content=\"index, follow, max-snippet:-1, max-image-preview:large, max-video-preview:-1\" \/>\n<link rel=\"canonical\" href=\"https:\/\/storitgroup.com\/fi\/tuote\/laatikko-tyopoydalle-basic\/\" \/>\n<meta property=\"og:locale\" content=\"fi_FI\" \/>\n<meta property=\"og:type\" content=\"article\" \/>\n<meta property=\"og:title\" content=\"Laatikko ty\u00f6p\u00f6yd\u00e4lle Basic &#8226; Storit\" \/>\n<meta property=\"og:description\" content=\"Laatikko ty\u00f6p\u00f6yd\u00e4lle Basic \u2014 kohtuulliseen hintaan. Toimitukset kaikkialle Suomeen! \u261b Tutustu tuotteeseen ja tilaa k\u00e4tev\u00e4sti STORIT-verkkokaupasta!\" \/>\n<meta property=\"og:url\" content=\"https:\/\/storitgroup.com\/fi\/tuote\/laatikko-tyopoydalle-basic\/\" \/>\n<meta property=\"og:site_name\" content=\"Storit\" \/>\n<meta property=\"article:modified_time\" content=\"2026-04-03T17:47:59+00:00\" \/>\n<meta property=\"og:image\" content=\"https:\/\/storitgroup.com\/uploads\/2024\/01\/40.-4035082014.jpg\" \/>\n\t<meta property=\"og:image:width\" content=\"496\" \/>\n\t<meta property=\"og:image:height\" content=\"398\" \/>\n\t<meta property=\"og:image:type\" content=\"image\/jpeg\" \/>\n<meta name=\"twitter:card\" content=\"summary_large_image\" \/>\n<script type=\"application\/ld+json\" class=\"yoast-schema-graph\">{\"@context\":\"https:\/\/schema.org\",\"@graph\":[{\"@type\":[\"WebPage\",\"ItemPage\"],\"@id\":\"https:\/\/storitgroup.com\/fi\/tuote\/laatikko-tyopoydalle-basic\/\",\"url\":\"https:\/\/storitgroup.com\/fi\/tuote\/laatikko-tyopoydalle-basic\/\",\"name\":\"Laatikko ty\u00f6p\u00f6yd\u00e4lle Basic &#8226; Storit\",\"isPartOf\":{\"@id\":\"https:\/\/storitgroup.com\/fi\/#website\"},\"primaryImageOfPage\":{\"@id\":\"https:\/\/storitgroup.com\/fi\/tuote\/laatikko-tyopoydalle-basic\/#primaryimage\"},\"image\":{\"@id\":\"https:\/\/storitgroup.com\/fi\/tuote\/laatikko-tyopoydalle-basic\/#primaryimage\"},\"thumbnailUrl\":\"https:\/\/storitgroup.com\/uploads\/2024\/01\/40.-4035082014.jpg\",\"datePublished\":\"2024-01-29T12:51:07+00:00\",\"dateModified\":\"2026-04-03T17:47:59+00:00\",\"description\":\"Laatikko ty\u00f6p\u00f6yd\u00e4lle Basic \u2014 kohtuulliseen hintaan. Toimitukset kaikkialle Suomeen! \u261b Tutustu tuotteeseen ja tilaa k\u00e4tev\u00e4sti STORIT-verkkokaupasta!\",\"breadcrumb\":{\"@id\":\"https:\/\/storitgroup.com\/fi\/tuote\/laatikko-tyopoydalle-basic\/#breadcrumb\"},\"inLanguage\":\"fi\",\"potentialAction\":[{\"@type\":\"ReadAction\",\"target\":[\"https:\/\/storitgroup.com\/fi\/tuote\/laatikko-tyopoydalle-basic\/\"]}]},{\"@type\":\"ImageObject\",\"inLanguage\":\"fi\",\"@id\":\"https:\/\/storitgroup.com\/fi\/tuote\/laatikko-tyopoydalle-basic\/#primaryimage\",\"url\":\"https:\/\/storitgroup.com\/uploads\/2024\/01\/40.-4035082014.jpg\",\"contentUrl\":\"https:\/\/storitgroup.com\/uploads\/2024\/01\/40.-4035082014.jpg\",\"width\":496,\"height\":398},{\"@type\":\"BreadcrumbList\",\"@id\":\"https:\/\/storitgroup.com\/fi\/tuote\/laatikko-tyopoydalle-basic\/#breadcrumb\",\"itemListElement\":[{\"@type\":\"ListItem\",\"position\":1,\"name\":\"Kotisivu\",\"item\":\"https:\/\/storitgroup.com\/fi\/\"},{\"@type\":\"ListItem\",\"position\":2,\"name\":\"Tuotteet\",\"item\":\"https:\/\/storitgroup.com\/fi\/tuotteet\/\"},{\"@type\":\"ListItem\",\"position\":3,\"name\":\"P\u00f6yd\u00e4t, tuolit, ty\u00f6kaluvarasto\",\"item\":\"https:\/\/storitgroup.com\/fi\/poydat-tuolit-tyokaluvarasto\/\"},{\"@type\":\"ListItem\",\"position\":4,\"name\":\"Ty\u00f6p\u00f6yd\u00e4t\",\"item\":\"https:\/\/storitgroup.com\/fi\/poydat-tuolit-tyokaluvarasto\/tyopoydat\/\"},{\"@type\":\"ListItem\",\"position\":5,\"name\":\"Ty\u00f6p\u00f6yd\u00e4t: INTRA\",\"item\":\"https:\/\/storitgroup.com\/fi\/poydat-tuolit-tyokaluvarasto\/tyopoydat\/tyopoydat-intra\/\"},{\"@type\":\"ListItem\",\"position\":6,\"name\":\"Laatikko ty\u00f6p\u00f6yd\u00e4lle Basic\"}]},{\"@type\":\"WebSite\",\"@id\":\"https:\/\/storitgroup.com\/fi\/#website\",\"url\":\"https:\/\/storitgroup.com\/fi\/\",\"name\":\"Storit\",\"description\":\"\",\"potentialAction\":[{\"@type\":\"SearchAction\",\"target\":{\"@type\":\"EntryPoint\",\"urlTemplate\":\"https:\/\/storitgroup.com\/fi\/?s={search_term_string}\"},\"query-input\":{\"@type\":\"PropertyValueSpecification\",\"valueRequired\":true,\"valueName\":\"search_term_string\"}}],\"inLanguage\":\"fi\"}]}<\/script>\n<!-- \/ Yoast SEO plugin. -->","yoast_head_json":{"title":"Laatikko ty\u00f6p\u00f6yd\u00e4lle Basic &#8226; Storit","description":"Laatikko ty\u00f6p\u00f6yd\u00e4lle Basic \u2014 kohtuulliseen hintaan. Toimitukset kaikkialle Suomeen! \u261b Tutustu tuotteeseen ja tilaa k\u00e4tev\u00e4sti STORIT-verkkokaupasta!","robots":{"index":"index","follow":"follow","max-snippet":"max-snippet:-1","max-image-preview":"max-image-preview:large","max-video-preview":"max-video-preview:-1"},"canonical":"https:\/\/storitgroup.com\/fi\/tuote\/laatikko-tyopoydalle-basic\/","og_locale":"fi_FI","og_type":"article","og_title":"Laatikko ty\u00f6p\u00f6yd\u00e4lle Basic &#8226; Storit","og_description":"Laatikko ty\u00f6p\u00f6yd\u00e4lle Basic \u2014 kohtuulliseen hintaan. Toimitukset kaikkialle Suomeen! \u261b Tutustu tuotteeseen ja tilaa k\u00e4tev\u00e4sti STORIT-verkkokaupasta!","og_url":"https:\/\/storitgroup.com\/fi\/tuote\/laatikko-tyopoydalle-basic\/","og_site_name":"Storit","article_modified_time":"2026-04-03T17:47:59+00:00","og_image":[{"width":496,"height":398,"url":"https:\/\/storitgroup.com\/uploads\/2024\/01\/40.-4035082014.jpg","type":"image\/jpeg"}],"twitter_card":"summary_large_image","schema":{"@context":"https:\/\/schema.org","@graph":[{"@type":["WebPage","ItemPage"],"@id":"https:\/\/storitgroup.com\/fi\/tuote\/laatikko-tyopoydalle-basic\/","url":"https:\/\/storitgroup.com\/fi\/tuote\/laatikko-tyopoydalle-basic\/","name":"Laatikko ty\u00f6p\u00f6yd\u00e4lle Basic &#8226; Storit","isPartOf":{"@id":"https:\/\/storitgroup.com\/fi\/#website"},"primaryImageOfPage":{"@id":"https:\/\/storitgroup.com\/fi\/tuote\/laatikko-tyopoydalle-basic\/#primaryimage"},"image":{"@id":"https:\/\/storitgroup.com\/fi\/tuote\/laatikko-tyopoydalle-basic\/#primaryimage"},"thumbnailUrl":"https:\/\/storitgroup.com\/uploads\/2024\/01\/40.-4035082014.jpg","datePublished":"2024-01-29T12:51:07+00:00","dateModified":"2026-04-03T17:47:59+00:00","description":"Laatikko ty\u00f6p\u00f6yd\u00e4lle Basic \u2014 kohtuulliseen hintaan. Toimitukset kaikkialle Suomeen! \u261b Tutustu tuotteeseen ja tilaa k\u00e4tev\u00e4sti STORIT-verkkokaupasta!","breadcrumb":{"@id":"https:\/\/storitgroup.com\/fi\/tuote\/laatikko-tyopoydalle-basic\/#breadcrumb"},"inLanguage":"fi","potentialAction":[{"@type":"ReadAction","target":["https:\/\/storitgroup.com\/fi\/tuote\/laatikko-tyopoydalle-basic\/"]}]},{"@type":"ImageObject","inLanguage":"fi","@id":"https:\/\/storitgroup.com\/fi\/tuote\/laatikko-tyopoydalle-basic\/#primaryimage","url":"https:\/\/storitgroup.com\/uploads\/2024\/01\/40.-4035082014.jpg","contentUrl":"https:\/\/storitgroup.com\/uploads\/2024\/01\/40.-4035082014.jpg","width":496,"height":398},{"@type":"BreadcrumbList","@id":"https:\/\/storitgroup.com\/fi\/tuote\/laatikko-tyopoydalle-basic\/#breadcrumb","itemListElement":[{"@type":"ListItem","position":1,"name":"Kotisivu","item":"https:\/\/storitgroup.com\/fi\/"},{"@type":"ListItem","position":2,"name":"Tuotteet","item":"https:\/\/storitgroup.com\/fi\/tuotteet\/"},{"@type":"ListItem","position":3,"name":"P\u00f6yd\u00e4t, tuolit, ty\u00f6kaluvarasto","item":"https:\/\/storitgroup.com\/fi\/poydat-tuolit-tyokaluvarasto\/"},{"@type":"ListItem","position":4,"name":"Ty\u00f6p\u00f6yd\u00e4t","item":"https:\/\/storitgroup.com\/fi\/poydat-tuolit-tyokaluvarasto\/tyopoydat\/"},{"@type":"ListItem","position":5,"name":"Ty\u00f6p\u00f6yd\u00e4t: INTRA","item":"https:\/\/storitgroup.com\/fi\/poydat-tuolit-tyokaluvarasto\/tyopoydat\/tyopoydat-intra\/"},{"@type":"ListItem","position":6,"name":"Laatikko ty\u00f6p\u00f6yd\u00e4lle Basic"}]},{"@type":"WebSite","@id":"https:\/\/storitgroup.com\/fi\/#website","url":"https:\/\/storitgroup.com\/fi\/","name":"Storit","description":"","potentialAction":[{"@type":"SearchAction","target":{"@type":"EntryPoint","urlTemplate":"https:\/\/storitgroup.com\/fi\/?s={search_term_string}"},"query-input":{"@type":"PropertyValueSpecification","valueRequired":true,"valueName":"search_term_string"}}],"inLanguage":"fi"}]}},"_links":{"self":[{"href":"https:\/\/storitgroup.com\/fi\/wp-json\/wp\/v2\/product\/214459","targetHints":{"allow":["GET"]}}],"collection":[{"href":"https:\/\/storitgroup.com\/fi\/wp-json\/wp\/v2\/product"}],"about":[{"href":"https:\/\/storitgroup.com\/fi\/wp-json\/wp\/v2\/types\/product"}],"wp:featuredmedia":[{"embeddable":true,"href":"https:\/\/storitgroup.com\/fi\/wp-json\/wp\/v2\/media\/215174"}],"wp:attachment":[{"href":"https:\/\/storitgroup.com\/fi\/wp-json\/wp\/v2\/media?parent=214459"}],"wp:term":[{"taxonomy":"product_brand","embeddable":true,"href":"https:\/\/storitgroup.com\/fi\/wp-json\/wp\/v2\/product_brand?post=214459"},{"taxonomy":"product_cat","embeddable":true,"href":"https:\/\/storitgroup.com\/fi\/wp-json\/wp\/v2\/product_cat?post=214459"},{"taxonomy":"product_tag","embeddable":true,"href":"https:\/\/storitgroup.com\/fi\/wp-json\/wp\/v2\/product_tag?post=214459"}],"curies":[{"name":"wp","href":"https:\/\/api.w.org\/{rel}","templated":true}]}}