{"id":213979,"date":"2024-01-24T11:01:06","date_gmt":"2024-01-24T09:01:07","guid":{"rendered":"https:\/\/storitgroup.com\/?post_type=product&#038;p=213979"},"modified":"2024-11-25T15:01:29","modified_gmt":"2024-11-25T13:01:29","slug":"tyopoyta-storit-swt-07-7-ral7035-7035","status":"publish","type":"product","link":"https:\/\/storitgroup.com\/fi\/tuote\/tyopoyta-storit-swt-07-7-ral7035-7035\/","title":{"rendered":"Ty\u00f6p\u00f6yt\u00e4 Storit Swt 07\/7, RAL7035\/7035"},"content":{"rendered":"<p>Storit Swt on korkealaatuinen ty\u00f6p\u00f6yt\u00e4sarja, joka on tarkoitettu sek\u00e4 harrastelija- ett\u00e4 ammattik\u00e4ytt\u00e4jille. Se on suunniteltu mahdollisimman v\u00e4h\u00e4isi\u00e4 ymp\u00e4rist\u00f6vaikutuksia ajatellen ja k\u00e4ytt\u00e4m\u00e4ll\u00e4 ymp\u00e4rist\u00f6yst\u00e4v\u00e4llisi\u00e4 materiaaleja. Sarjassa yhdistyv\u00e4t toiminnallisuus ja eleganssi, ja moderni muotoilu ei ainoastaan t\u00e4yt\u00e4 k\u00e4yt\u00e4nn\u00f6llist\u00e4 tarkoitustaan, vaan on my\u00f6s tyylik\u00e4s huonekalu mihin tahansa ty\u00f6pajaan tai studioon. P\u00f6yti\u00e4 on saatavana useissa eri v\u00e4reiss\u00e4, joten ne voidaan r\u00e4\u00e4t\u00e4l\u00f6id\u00e4 yksil\u00f6llisesti ty\u00f6paikan luonteen mukaan.<br \/>Vahva rakenne varmistaa kest\u00e4vyyden ja vakauden, kantaen jopa 600 kg:n kantavuuden. S\u00e4\u00e4dett\u00e4v\u00e4 korkeus mahdollistaa p\u00f6yd\u00e4n mukauttamisen tarpeiden mukaan, oli kyseess\u00e4 sitten tarkka ty\u00f6 tai pitk\u00e4aikainen projekti.<br \/>Ty\u00f6p\u00f6yti\u00e4 on saatavilla erilaisilla varusteluvaihtoehdoilla, kuten hyllyill\u00e4, laatikoilla, kaappeilla ja rei\u00b4itetyill\u00e4 seinill\u00e4, jotka varmistavat j\u00e4rjestyksen ja yksinkertaistavat ty\u00f6prosesseja. <\/p>\n<p>Laatikostossa C on 4 laatikkoa mitoilla: <br \/>leveys 520 mm, <br \/>syvyys 550 mm, <br \/>korkeus 75\/75\/100\/300 mm.<br \/>Laatikon kantavuus on 50 kg.<\/p>\n","protected":false},"excerpt":{"rendered":"<p>Storit Swt on korkealaatuinen ty\u00f6p\u00f6yt\u00e4sarja, joka on tarkoitettu sek\u00e4 harrastelija- ett\u00e4 ammattik\u00e4ytt\u00e4jille. Se on suunniteltu mahdollisimman v\u00e4h\u00e4isi\u00e4 ymp\u00e4rist\u00f6vaikutuksia ajatellen ja k\u00e4ytt\u00e4m\u00e4ll\u00e4 ymp\u00e4rist\u00f6yst\u00e4v\u00e4llisi\u00e4 materiaaleja. Sarjassa yhdistyv\u00e4t toiminnallisuus ja eleganssi, ja moderni muotoilu ei ainoastaan t\u00e4yt\u00e4 k\u00e4yt\u00e4nn\u00f6llist\u00e4 tarkoitustaan, vaan on my\u00f6s tyylik\u00e4s huonekalu mihin tahansa ty\u00f6pajaan tai studioon. P\u00f6yti\u00e4 on saatavana useissa eri v\u00e4reiss\u00e4, joten ne voidaan r\u00e4\u00e4t\u00e4l\u00f6id\u00e4 yksil\u00f6llisesti ty\u00f6paikan luonteen mukaan.<br \/>\nVahva rakenne varmistaa kest\u00e4vyyden ja vakauden, kantaen jopa 600 kg:n kantavuuden. S\u00e4\u00e4dett\u00e4v\u00e4 korkeus mahdollistaa p\u00f6yd\u00e4n mukauttamisen tarpeiden mukaan, oli kyseess\u00e4 sitten tarkka ty\u00f6 tai pitk\u00e4aikainen projekti.<br \/>\nTy\u00f6p\u00f6yti\u00e4 on saatavilla erilaisilla varusteluvaihtoehdoilla, kuten hyllyill\u00e4, laatikoilla, kaappeilla ja rei\u00b4itetyill\u00e4 seinill\u00e4, jotka varmistavat j\u00e4rjestyksen ja yksinkertaistavat ty\u00f6prosesseja. <\/p>\n","protected":false},"featured_media":214323,"template":"","meta":{"_acf_changed":false},"product_brand":[],"product_cat":[8637],"product_tag":[],"class_list":{"0":"post-213979","1":"product","2":"type-product","3":"status-publish","4":"has-post-thumbnail","6":"product_room-kotitoimisto","7":"product_room-kotiratkaisut","8":"product_room-kiinteistokehitys","9":"product_room-tyopaja-ja-autotalli","10":"product_room-kuljetus-ja-logistiikka","11":"product_room-ruuan-kasittely","12":"product_room-arkisto-museo","13":"product_room-kaupankaynti-ja-myymalat","14":"product_room-kokoonpano-ja-keraily","15":"product_room-pakkaus","16":"product_room-toimisto","17":"product_room-koulut-ja-paivakodit","18":"product_room-laakeyhtiot-ja-laboratoriot","19":"product_room-teollisuus-ja-tuotanto-ergonomiset-tyopaikat-tyokaluvarasto","20":"product_cat-tyopoydat-storit-tyopoydat","22":"first","23":"onbackorder","24":"taxable","25":"shipping-taxable","26":"purchasable","27":"product-type-simple"},"acf":[],"yoast_head":"<!-- This site is optimized with the Yoast SEO plugin v27.2 - https:\/\/yoast.com\/product\/yoast-seo-wordpress\/ -->\n<title>Ty\u00f6p\u00f6yt\u00e4 Storit Swt 07\/7, RAL7035\/7035 &#8226; Storit<\/title>\n<meta name=\"description\" content=\"Ty\u00f6p\u00f6yt\u00e4 Storit Swt 07\/7, RAL7035\/7035 \u2014 kohtuulliseen hintaan. Toimitukset kaikkialle Suomeen! \u261b Tutustu tuotteeseen ja tilaa k\u00e4tev\u00e4sti STORIT-verkkokaupasta!\" \/>\n<meta name=\"robots\" content=\"index, follow, max-snippet:-1, max-image-preview:large, max-video-preview:-1\" \/>\n<link rel=\"canonical\" href=\"https:\/\/storitgroup.com\/fi\/tuote\/tyopoyta-storit-swt-07-7-ral7035-7035\/\" \/>\n<meta property=\"og:locale\" content=\"fi_FI\" \/>\n<meta property=\"og:type\" content=\"article\" \/>\n<meta property=\"og:title\" content=\"Ty\u00f6p\u00f6yt\u00e4 Storit Swt 07\/7, RAL7035\/7035 &#8226; Storit\" \/>\n<meta property=\"og:description\" content=\"Ty\u00f6p\u00f6yt\u00e4 Storit Swt 07\/7, RAL7035\/7035 \u2014 kohtuulliseen hintaan. Toimitukset kaikkialle Suomeen! \u261b Tutustu tuotteeseen ja tilaa k\u00e4tev\u00e4sti STORIT-verkkokaupasta!\" \/>\n<meta property=\"og:url\" content=\"https:\/\/storitgroup.com\/fi\/tuote\/tyopoyta-storit-swt-07-7-ral7035-7035\/\" \/>\n<meta property=\"og:site_name\" content=\"Storit\" \/>\n<meta property=\"article:modified_time\" content=\"2024-11-25T13:01:29+00:00\" \/>\n<meta property=\"og:image\" content=\"https:\/\/storitgroup.com\/uploads\/2024\/01\/8.1-mwswt07-7-7035.jpg\" \/>\n\t<meta property=\"og:image:width\" content=\"500\" \/>\n\t<meta property=\"og:image:height\" content=\"401\" \/>\n\t<meta property=\"og:image:type\" content=\"image\/jpeg\" \/>\n<meta name=\"twitter:card\" content=\"summary_large_image\" \/>\n<meta name=\"twitter:label1\" content=\"Arvioitu lukuaika\" \/>\n\t<meta name=\"twitter:data1\" content=\"1 minuutti\" \/>\n<script type=\"application\/ld+json\" class=\"yoast-schema-graph\">{\"@context\":\"https:\/\/schema.org\",\"@graph\":[{\"@type\":[\"WebPage\",\"ItemPage\"],\"@id\":\"https:\/\/storitgroup.com\/fi\/tuote\/tyopoyta-storit-swt-07-7-ral7035-7035\/\",\"url\":\"https:\/\/storitgroup.com\/fi\/tuote\/tyopoyta-storit-swt-07-7-ral7035-7035\/\",\"name\":\"Ty\u00f6p\u00f6yt\u00e4 Storit Swt 07\/7, RAL7035\/7035 &#8226; Storit\",\"isPartOf\":{\"@id\":\"https:\/\/storitgroup.com\/fi\/#website\"},\"primaryImageOfPage\":{\"@id\":\"https:\/\/storitgroup.com\/fi\/tuote\/tyopoyta-storit-swt-07-7-ral7035-7035\/#primaryimage\"},\"image\":{\"@id\":\"https:\/\/storitgroup.com\/fi\/tuote\/tyopoyta-storit-swt-07-7-ral7035-7035\/#primaryimage\"},\"thumbnailUrl\":\"https:\/\/storitgroup.com\/uploads\/2024\/01\/8.1-mwswt07-7-7035.jpg\",\"datePublished\":\"2024-01-24T09:01:07+00:00\",\"dateModified\":\"2024-11-25T13:01:29+00:00\",\"description\":\"Ty\u00f6p\u00f6yt\u00e4 Storit Swt 07\/7, RAL7035\/7035 \u2014 kohtuulliseen hintaan. Toimitukset kaikkialle Suomeen! \u261b Tutustu tuotteeseen ja tilaa k\u00e4tev\u00e4sti STORIT-verkkokaupasta!\",\"breadcrumb\":{\"@id\":\"https:\/\/storitgroup.com\/fi\/tuote\/tyopoyta-storit-swt-07-7-ral7035-7035\/#breadcrumb\"},\"inLanguage\":\"fi\",\"potentialAction\":[{\"@type\":\"ReadAction\",\"target\":[\"https:\/\/storitgroup.com\/fi\/tuote\/tyopoyta-storit-swt-07-7-ral7035-7035\/\"]}]},{\"@type\":\"ImageObject\",\"inLanguage\":\"fi\",\"@id\":\"https:\/\/storitgroup.com\/fi\/tuote\/tyopoyta-storit-swt-07-7-ral7035-7035\/#primaryimage\",\"url\":\"https:\/\/storitgroup.com\/uploads\/2024\/01\/8.1-mwswt07-7-7035.jpg\",\"contentUrl\":\"https:\/\/storitgroup.com\/uploads\/2024\/01\/8.1-mwswt07-7-7035.jpg\",\"width\":500,\"height\":401},{\"@type\":\"BreadcrumbList\",\"@id\":\"https:\/\/storitgroup.com\/fi\/tuote\/tyopoyta-storit-swt-07-7-ral7035-7035\/#breadcrumb\",\"itemListElement\":[{\"@type\":\"ListItem\",\"position\":1,\"name\":\"Kotisivu\",\"item\":\"https:\/\/storitgroup.com\/fi\/\"},{\"@type\":\"ListItem\",\"position\":2,\"name\":\"Tuotteet\",\"item\":\"https:\/\/storitgroup.com\/fi\/tuotteet\/\"},{\"@type\":\"ListItem\",\"position\":3,\"name\":\"P\u00f6yd\u00e4t, tuolit, ty\u00f6kaluvarasto\",\"item\":\"https:\/\/storitgroup.com\/fi\/poydat-tuolit-tyokaluvarasto\/\"},{\"@type\":\"ListItem\",\"position\":4,\"name\":\"Ty\u00f6p\u00f6yd\u00e4t\",\"item\":\"https:\/\/storitgroup.com\/fi\/poydat-tuolit-tyokaluvarasto\/tyopoydat\/\"},{\"@type\":\"ListItem\",\"position\":5,\"name\":\"Ty\u00f6p\u00f6yd\u00e4t: STORIT\",\"item\":\"https:\/\/storitgroup.com\/fi\/poydat-tuolit-tyokaluvarasto\/tyopoydat\/tyopoydat-storit-tyopoydat\/\"},{\"@type\":\"ListItem\",\"position\":6,\"name\":\"Ty\u00f6p\u00f6yt\u00e4 Storit Swt 07\/7, RAL7035\/7035\"}]},{\"@type\":\"WebSite\",\"@id\":\"https:\/\/storitgroup.com\/fi\/#website\",\"url\":\"https:\/\/storitgroup.com\/fi\/\",\"name\":\"Storit\",\"description\":\"\",\"potentialAction\":[{\"@type\":\"SearchAction\",\"target\":{\"@type\":\"EntryPoint\",\"urlTemplate\":\"https:\/\/storitgroup.com\/fi\/?s={search_term_string}\"},\"query-input\":{\"@type\":\"PropertyValueSpecification\",\"valueRequired\":true,\"valueName\":\"search_term_string\"}}],\"inLanguage\":\"fi\"}]}<\/script>\n<!-- \/ Yoast SEO plugin. -->","yoast_head_json":{"title":"Ty\u00f6p\u00f6yt\u00e4 Storit Swt 07\/7, RAL7035\/7035 &#8226; Storit","description":"Ty\u00f6p\u00f6yt\u00e4 Storit Swt 07\/7, RAL7035\/7035 \u2014 kohtuulliseen hintaan. Toimitukset kaikkialle Suomeen! \u261b Tutustu tuotteeseen ja tilaa k\u00e4tev\u00e4sti STORIT-verkkokaupasta!","robots":{"index":"index","follow":"follow","max-snippet":"max-snippet:-1","max-image-preview":"max-image-preview:large","max-video-preview":"max-video-preview:-1"},"canonical":"https:\/\/storitgroup.com\/fi\/tuote\/tyopoyta-storit-swt-07-7-ral7035-7035\/","og_locale":"fi_FI","og_type":"article","og_title":"Ty\u00f6p\u00f6yt\u00e4 Storit Swt 07\/7, RAL7035\/7035 &#8226; Storit","og_description":"Ty\u00f6p\u00f6yt\u00e4 Storit Swt 07\/7, RAL7035\/7035 \u2014 kohtuulliseen hintaan. Toimitukset kaikkialle Suomeen! \u261b Tutustu tuotteeseen ja tilaa k\u00e4tev\u00e4sti STORIT-verkkokaupasta!","og_url":"https:\/\/storitgroup.com\/fi\/tuote\/tyopoyta-storit-swt-07-7-ral7035-7035\/","og_site_name":"Storit","article_modified_time":"2024-11-25T13:01:29+00:00","og_image":[{"width":500,"height":401,"url":"https:\/\/storitgroup.com\/uploads\/2024\/01\/8.1-mwswt07-7-7035.jpg","type":"image\/jpeg"}],"twitter_card":"summary_large_image","twitter_misc":{"Arvioitu lukuaika":"1 minuutti"},"schema":{"@context":"https:\/\/schema.org","@graph":[{"@type":["WebPage","ItemPage"],"@id":"https:\/\/storitgroup.com\/fi\/tuote\/tyopoyta-storit-swt-07-7-ral7035-7035\/","url":"https:\/\/storitgroup.com\/fi\/tuote\/tyopoyta-storit-swt-07-7-ral7035-7035\/","name":"Ty\u00f6p\u00f6yt\u00e4 Storit Swt 07\/7, RAL7035\/7035 &#8226; Storit","isPartOf":{"@id":"https:\/\/storitgroup.com\/fi\/#website"},"primaryImageOfPage":{"@id":"https:\/\/storitgroup.com\/fi\/tuote\/tyopoyta-storit-swt-07-7-ral7035-7035\/#primaryimage"},"image":{"@id":"https:\/\/storitgroup.com\/fi\/tuote\/tyopoyta-storit-swt-07-7-ral7035-7035\/#primaryimage"},"thumbnailUrl":"https:\/\/storitgroup.com\/uploads\/2024\/01\/8.1-mwswt07-7-7035.jpg","datePublished":"2024-01-24T09:01:07+00:00","dateModified":"2024-11-25T13:01:29+00:00","description":"Ty\u00f6p\u00f6yt\u00e4 Storit Swt 07\/7, RAL7035\/7035 \u2014 kohtuulliseen hintaan. Toimitukset kaikkialle Suomeen! \u261b Tutustu tuotteeseen ja tilaa k\u00e4tev\u00e4sti STORIT-verkkokaupasta!","breadcrumb":{"@id":"https:\/\/storitgroup.com\/fi\/tuote\/tyopoyta-storit-swt-07-7-ral7035-7035\/#breadcrumb"},"inLanguage":"fi","potentialAction":[{"@type":"ReadAction","target":["https:\/\/storitgroup.com\/fi\/tuote\/tyopoyta-storit-swt-07-7-ral7035-7035\/"]}]},{"@type":"ImageObject","inLanguage":"fi","@id":"https:\/\/storitgroup.com\/fi\/tuote\/tyopoyta-storit-swt-07-7-ral7035-7035\/#primaryimage","url":"https:\/\/storitgroup.com\/uploads\/2024\/01\/8.1-mwswt07-7-7035.jpg","contentUrl":"https:\/\/storitgroup.com\/uploads\/2024\/01\/8.1-mwswt07-7-7035.jpg","width":500,"height":401},{"@type":"BreadcrumbList","@id":"https:\/\/storitgroup.com\/fi\/tuote\/tyopoyta-storit-swt-07-7-ral7035-7035\/#breadcrumb","itemListElement":[{"@type":"ListItem","position":1,"name":"Kotisivu","item":"https:\/\/storitgroup.com\/fi\/"},{"@type":"ListItem","position":2,"name":"Tuotteet","item":"https:\/\/storitgroup.com\/fi\/tuotteet\/"},{"@type":"ListItem","position":3,"name":"P\u00f6yd\u00e4t, tuolit, ty\u00f6kaluvarasto","item":"https:\/\/storitgroup.com\/fi\/poydat-tuolit-tyokaluvarasto\/"},{"@type":"ListItem","position":4,"name":"Ty\u00f6p\u00f6yd\u00e4t","item":"https:\/\/storitgroup.com\/fi\/poydat-tuolit-tyokaluvarasto\/tyopoydat\/"},{"@type":"ListItem","position":5,"name":"Ty\u00f6p\u00f6yd\u00e4t: STORIT","item":"https:\/\/storitgroup.com\/fi\/poydat-tuolit-tyokaluvarasto\/tyopoydat\/tyopoydat-storit-tyopoydat\/"},{"@type":"ListItem","position":6,"name":"Ty\u00f6p\u00f6yt\u00e4 Storit Swt 07\/7, RAL7035\/7035"}]},{"@type":"WebSite","@id":"https:\/\/storitgroup.com\/fi\/#website","url":"https:\/\/storitgroup.com\/fi\/","name":"Storit","description":"","potentialAction":[{"@type":"SearchAction","target":{"@type":"EntryPoint","urlTemplate":"https:\/\/storitgroup.com\/fi\/?s={search_term_string}"},"query-input":{"@type":"PropertyValueSpecification","valueRequired":true,"valueName":"search_term_string"}}],"inLanguage":"fi"}]}},"_links":{"self":[{"href":"https:\/\/storitgroup.com\/fi\/wp-json\/wp\/v2\/product\/213979","targetHints":{"allow":["GET"]}}],"collection":[{"href":"https:\/\/storitgroup.com\/fi\/wp-json\/wp\/v2\/product"}],"about":[{"href":"https:\/\/storitgroup.com\/fi\/wp-json\/wp\/v2\/types\/product"}],"wp:featuredmedia":[{"embeddable":true,"href":"https:\/\/storitgroup.com\/fi\/wp-json\/wp\/v2\/media\/214323"}],"wp:attachment":[{"href":"https:\/\/storitgroup.com\/fi\/wp-json\/wp\/v2\/media?parent=213979"}],"wp:term":[{"taxonomy":"product_brand","embeddable":true,"href":"https:\/\/storitgroup.com\/fi\/wp-json\/wp\/v2\/product_brand?post=213979"},{"taxonomy":"product_cat","embeddable":true,"href":"https:\/\/storitgroup.com\/fi\/wp-json\/wp\/v2\/product_cat?post=213979"},{"taxonomy":"product_tag","embeddable":true,"href":"https:\/\/storitgroup.com\/fi\/wp-json\/wp\/v2\/product_tag?post=213979"}],"curies":[{"name":"wp","href":"https:\/\/api.w.org\/{rel}","templated":true}]}}