{"id":213079,"date":"2021-07-01T08:52:40","date_gmt":"2024-01-04T12:33:44","guid":{"rendered":"https:\/\/storitgroup.com\/product\/jalkarengas-o-480-mm-globalin-tuolille-kromi\/"},"modified":"2024-11-20T17:42:23","modified_gmt":"2024-11-20T15:42:23","slug":"jalkarengas-o-480-mm-globalin-tuolille-kromi","status":"publish","type":"product","link":"https:\/\/storitgroup.com\/fi\/tuote\/jalkarengas-o-480-mm-globalin-tuolille-kromi\/","title":{"rendered":"Jalkarengas \u00d8 480 mm Globalin tuolille, kromi"},"content":{"rendered":"<p>Jalkarengas suojaa tuolin py\u00f6ri\u00e4 ja tukee jalkoja, auttaen yll\u00e4pit\u00e4m\u00e4\u00e4n mukavampaa istuma-asentoa.<\/p>\n","protected":false},"excerpt":{"rendered":"<p>Jalkarengas suojaa tuolin py\u00f6ri\u00e4 ja tukee jalkoja, auttaen yll\u00e4pit\u00e4m\u00e4\u00e4n mukavampaa istuma-asentoa.<\/p>\n","protected":false},"featured_media":213575,"template":"","meta":{"_acf_changed":false},"product_brand":[],"product_cat":[7064],"product_tag":[],"class_list":{"0":"post-213079","1":"product","2":"type-product","3":"status-publish","4":"has-post-thumbnail","6":"product_room-kotitoimisto","7":"product_room-tyopaja-ja-autotalli","8":"product_room-kotiratkaisut","9":"product_room-ruuan-kasittely","10":"product_room-kuljetus-ja-logistiikka","11":"product_room-kaupankaynti-ja-myymalat","12":"product_room-arkisto-museo","13":"product_room-pakkaus","14":"product_room-kokoonpano-ja-keraily","15":"product_room-toimisto","16":"product_room-koulut-ja-paivakodit","17":"product_room-laakeyhtiot-ja-laboratoriot","18":"product_room-iso-varasto","19":"product_room-pieni-varasto","20":"product_room-teollisuus-ja-tuotanto-ergonomiset-tyopaikat-tyokaluvarasto","21":"product_cat-toimistotuolit","23":"first","24":"onbackorder","25":"taxable","26":"shipping-taxable","27":"purchasable","28":"product-type-simple"},"acf":[],"yoast_head":"<!-- This site is optimized with the Yoast SEO plugin v27.2 - https:\/\/yoast.com\/product\/yoast-seo-wordpress\/ -->\n<title>Jalkarengas \u00d8 480 mm Globalin tuolille, kromi &#8226; Storit<\/title>\n<meta name=\"description\" content=\"Jalkarengas \u00d8 480 mm Globalin tuolille, kromi \u2014 kohtuulliseen hintaan. Toimitukset kaikkialle Suomeen! \u261b Tutustu tuotteeseen ja tilaa k\u00e4tev\u00e4sti STORIT-verkkokaupasta!\" \/>\n<meta name=\"robots\" content=\"index, follow, max-snippet:-1, max-image-preview:large, max-video-preview:-1\" \/>\n<link rel=\"canonical\" href=\"https:\/\/storitgroup.com\/fi\/tuote\/jalkarengas-o-480-mm-globalin-tuolille-kromi\/\" \/>\n<meta property=\"og:locale\" content=\"fi_FI\" \/>\n<meta property=\"og:type\" content=\"article\" \/>\n<meta property=\"og:title\" content=\"Jalkarengas \u00d8 480 mm Globalin tuolille, kromi &#8226; Storit\" \/>\n<meta property=\"og:description\" content=\"Jalkarengas \u00d8 480 mm Globalin tuolille, kromi \u2014 kohtuulliseen hintaan. Toimitukset kaikkialle Suomeen! \u261b Tutustu tuotteeseen ja tilaa k\u00e4tev\u00e4sti STORIT-verkkokaupasta!\" \/>\n<meta property=\"og:url\" content=\"https:\/\/storitgroup.com\/fi\/tuote\/jalkarengas-o-480-mm-globalin-tuolille-kromi\/\" \/>\n<meta property=\"og:site_name\" content=\"Storit\" \/>\n<meta property=\"article:modified_time\" content=\"2024-11-20T15:42:23+00:00\" \/>\n<meta property=\"og:image\" content=\"https:\/\/storitgroup.com\/uploads\/2021\/07\/46.-gl625076_kroom.jpg\" \/>\n\t<meta property=\"og:image:width\" content=\"430\" \/>\n\t<meta property=\"og:image:height\" content=\"420\" \/>\n\t<meta property=\"og:image:type\" content=\"image\/jpeg\" \/>\n<meta name=\"twitter:card\" content=\"summary_large_image\" \/>\n<script type=\"application\/ld+json\" class=\"yoast-schema-graph\">{\"@context\":\"https:\/\/schema.org\",\"@graph\":[{\"@type\":[\"WebPage\",\"ItemPage\"],\"@id\":\"https:\/\/storitgroup.com\/fi\/tuote\/jalkarengas-o-480-mm-globalin-tuolille-kromi\/\",\"url\":\"https:\/\/storitgroup.com\/fi\/tuote\/jalkarengas-o-480-mm-globalin-tuolille-kromi\/\",\"name\":\"Jalkarengas \u00d8 480 mm Globalin tuolille, kromi &#8226; Storit\",\"isPartOf\":{\"@id\":\"https:\/\/storitgroup.com\/fi\/#website\"},\"primaryImageOfPage\":{\"@id\":\"https:\/\/storitgroup.com\/fi\/tuote\/jalkarengas-o-480-mm-globalin-tuolille-kromi\/#primaryimage\"},\"image\":{\"@id\":\"https:\/\/storitgroup.com\/fi\/tuote\/jalkarengas-o-480-mm-globalin-tuolille-kromi\/#primaryimage\"},\"thumbnailUrl\":\"https:\/\/storitgroup.com\/uploads\/2021\/07\/46.-gl625076_kroom.jpg\",\"datePublished\":\"2024-01-04T12:33:44+00:00\",\"dateModified\":\"2024-11-20T15:42:23+00:00\",\"description\":\"Jalkarengas \u00d8 480 mm Globalin tuolille, kromi \u2014 kohtuulliseen hintaan. Toimitukset kaikkialle Suomeen! \u261b Tutustu tuotteeseen ja tilaa k\u00e4tev\u00e4sti STORIT-verkkokaupasta!\",\"breadcrumb\":{\"@id\":\"https:\/\/storitgroup.com\/fi\/tuote\/jalkarengas-o-480-mm-globalin-tuolille-kromi\/#breadcrumb\"},\"inLanguage\":\"fi\",\"potentialAction\":[{\"@type\":\"ReadAction\",\"target\":[\"https:\/\/storitgroup.com\/fi\/tuote\/jalkarengas-o-480-mm-globalin-tuolille-kromi\/\"]}]},{\"@type\":\"ImageObject\",\"inLanguage\":\"fi\",\"@id\":\"https:\/\/storitgroup.com\/fi\/tuote\/jalkarengas-o-480-mm-globalin-tuolille-kromi\/#primaryimage\",\"url\":\"https:\/\/storitgroup.com\/uploads\/2021\/07\/46.-gl625076_kroom.jpg\",\"contentUrl\":\"https:\/\/storitgroup.com\/uploads\/2021\/07\/46.-gl625076_kroom.jpg\",\"width\":430,\"height\":420},{\"@type\":\"BreadcrumbList\",\"@id\":\"https:\/\/storitgroup.com\/fi\/tuote\/jalkarengas-o-480-mm-globalin-tuolille-kromi\/#breadcrumb\",\"itemListElement\":[{\"@type\":\"ListItem\",\"position\":1,\"name\":\"Kotisivu\",\"item\":\"https:\/\/storitgroup.com\/fi\/\"},{\"@type\":\"ListItem\",\"position\":2,\"name\":\"Tuotteet\",\"item\":\"https:\/\/storitgroup.com\/fi\/tuotteet\/\"},{\"@type\":\"ListItem\",\"position\":3,\"name\":\"P\u00f6yd\u00e4t, tuolit, ty\u00f6kaluvarasto\",\"item\":\"https:\/\/storitgroup.com\/fi\/poydat-tuolit-tyokaluvarasto\/\"},{\"@type\":\"ListItem\",\"position\":4,\"name\":\"Toimistotuolit\",\"item\":\"https:\/\/storitgroup.com\/fi\/poydat-tuolit-tyokaluvarasto\/toimistotuolit\/\"},{\"@type\":\"ListItem\",\"position\":5,\"name\":\"Jalkarengas \u00d8 480 mm Globalin tuolille, kromi\"}]},{\"@type\":\"WebSite\",\"@id\":\"https:\/\/storitgroup.com\/fi\/#website\",\"url\":\"https:\/\/storitgroup.com\/fi\/\",\"name\":\"Storit\",\"description\":\"\",\"potentialAction\":[{\"@type\":\"SearchAction\",\"target\":{\"@type\":\"EntryPoint\",\"urlTemplate\":\"https:\/\/storitgroup.com\/fi\/?s={search_term_string}\"},\"query-input\":{\"@type\":\"PropertyValueSpecification\",\"valueRequired\":true,\"valueName\":\"search_term_string\"}}],\"inLanguage\":\"fi\"}]}<\/script>\n<!-- \/ Yoast SEO plugin. -->","yoast_head_json":{"title":"Jalkarengas \u00d8 480 mm Globalin tuolille, kromi &#8226; Storit","description":"Jalkarengas \u00d8 480 mm Globalin tuolille, kromi \u2014 kohtuulliseen hintaan. Toimitukset kaikkialle Suomeen! \u261b Tutustu tuotteeseen ja tilaa k\u00e4tev\u00e4sti STORIT-verkkokaupasta!","robots":{"index":"index","follow":"follow","max-snippet":"max-snippet:-1","max-image-preview":"max-image-preview:large","max-video-preview":"max-video-preview:-1"},"canonical":"https:\/\/storitgroup.com\/fi\/tuote\/jalkarengas-o-480-mm-globalin-tuolille-kromi\/","og_locale":"fi_FI","og_type":"article","og_title":"Jalkarengas \u00d8 480 mm Globalin tuolille, kromi &#8226; Storit","og_description":"Jalkarengas \u00d8 480 mm Globalin tuolille, kromi \u2014 kohtuulliseen hintaan. Toimitukset kaikkialle Suomeen! \u261b Tutustu tuotteeseen ja tilaa k\u00e4tev\u00e4sti STORIT-verkkokaupasta!","og_url":"https:\/\/storitgroup.com\/fi\/tuote\/jalkarengas-o-480-mm-globalin-tuolille-kromi\/","og_site_name":"Storit","article_modified_time":"2024-11-20T15:42:23+00:00","og_image":[{"width":430,"height":420,"url":"https:\/\/storitgroup.com\/uploads\/2021\/07\/46.-gl625076_kroom.jpg","type":"image\/jpeg"}],"twitter_card":"summary_large_image","schema":{"@context":"https:\/\/schema.org","@graph":[{"@type":["WebPage","ItemPage"],"@id":"https:\/\/storitgroup.com\/fi\/tuote\/jalkarengas-o-480-mm-globalin-tuolille-kromi\/","url":"https:\/\/storitgroup.com\/fi\/tuote\/jalkarengas-o-480-mm-globalin-tuolille-kromi\/","name":"Jalkarengas \u00d8 480 mm Globalin tuolille, kromi &#8226; Storit","isPartOf":{"@id":"https:\/\/storitgroup.com\/fi\/#website"},"primaryImageOfPage":{"@id":"https:\/\/storitgroup.com\/fi\/tuote\/jalkarengas-o-480-mm-globalin-tuolille-kromi\/#primaryimage"},"image":{"@id":"https:\/\/storitgroup.com\/fi\/tuote\/jalkarengas-o-480-mm-globalin-tuolille-kromi\/#primaryimage"},"thumbnailUrl":"https:\/\/storitgroup.com\/uploads\/2021\/07\/46.-gl625076_kroom.jpg","datePublished":"2024-01-04T12:33:44+00:00","dateModified":"2024-11-20T15:42:23+00:00","description":"Jalkarengas \u00d8 480 mm Globalin tuolille, kromi \u2014 kohtuulliseen hintaan. Toimitukset kaikkialle Suomeen! \u261b Tutustu tuotteeseen ja tilaa k\u00e4tev\u00e4sti STORIT-verkkokaupasta!","breadcrumb":{"@id":"https:\/\/storitgroup.com\/fi\/tuote\/jalkarengas-o-480-mm-globalin-tuolille-kromi\/#breadcrumb"},"inLanguage":"fi","potentialAction":[{"@type":"ReadAction","target":["https:\/\/storitgroup.com\/fi\/tuote\/jalkarengas-o-480-mm-globalin-tuolille-kromi\/"]}]},{"@type":"ImageObject","inLanguage":"fi","@id":"https:\/\/storitgroup.com\/fi\/tuote\/jalkarengas-o-480-mm-globalin-tuolille-kromi\/#primaryimage","url":"https:\/\/storitgroup.com\/uploads\/2021\/07\/46.-gl625076_kroom.jpg","contentUrl":"https:\/\/storitgroup.com\/uploads\/2021\/07\/46.-gl625076_kroom.jpg","width":430,"height":420},{"@type":"BreadcrumbList","@id":"https:\/\/storitgroup.com\/fi\/tuote\/jalkarengas-o-480-mm-globalin-tuolille-kromi\/#breadcrumb","itemListElement":[{"@type":"ListItem","position":1,"name":"Kotisivu","item":"https:\/\/storitgroup.com\/fi\/"},{"@type":"ListItem","position":2,"name":"Tuotteet","item":"https:\/\/storitgroup.com\/fi\/tuotteet\/"},{"@type":"ListItem","position":3,"name":"P\u00f6yd\u00e4t, tuolit, ty\u00f6kaluvarasto","item":"https:\/\/storitgroup.com\/fi\/poydat-tuolit-tyokaluvarasto\/"},{"@type":"ListItem","position":4,"name":"Toimistotuolit","item":"https:\/\/storitgroup.com\/fi\/poydat-tuolit-tyokaluvarasto\/toimistotuolit\/"},{"@type":"ListItem","position":5,"name":"Jalkarengas \u00d8 480 mm Globalin tuolille, kromi"}]},{"@type":"WebSite","@id":"https:\/\/storitgroup.com\/fi\/#website","url":"https:\/\/storitgroup.com\/fi\/","name":"Storit","description":"","potentialAction":[{"@type":"SearchAction","target":{"@type":"EntryPoint","urlTemplate":"https:\/\/storitgroup.com\/fi\/?s={search_term_string}"},"query-input":{"@type":"PropertyValueSpecification","valueRequired":true,"valueName":"search_term_string"}}],"inLanguage":"fi"}]}},"_links":{"self":[{"href":"https:\/\/storitgroup.com\/fi\/wp-json\/wp\/v2\/product\/213079","targetHints":{"allow":["GET"]}}],"collection":[{"href":"https:\/\/storitgroup.com\/fi\/wp-json\/wp\/v2\/product"}],"about":[{"href":"https:\/\/storitgroup.com\/fi\/wp-json\/wp\/v2\/types\/product"}],"wp:featuredmedia":[{"embeddable":true,"href":"https:\/\/storitgroup.com\/fi\/wp-json\/wp\/v2\/media\/213575"}],"wp:attachment":[{"href":"https:\/\/storitgroup.com\/fi\/wp-json\/wp\/v2\/media?parent=213079"}],"wp:term":[{"taxonomy":"product_brand","embeddable":true,"href":"https:\/\/storitgroup.com\/fi\/wp-json\/wp\/v2\/product_brand?post=213079"},{"taxonomy":"product_cat","embeddable":true,"href":"https:\/\/storitgroup.com\/fi\/wp-json\/wp\/v2\/product_cat?post=213079"},{"taxonomy":"product_tag","embeddable":true,"href":"https:\/\/storitgroup.com\/fi\/wp-json\/wp\/v2\/product_tag?post=213079"}],"curies":[{"name":"wp","href":"https:\/\/api.w.org\/{rel}","templated":true}]}}