{"id":213070,"date":"2021-07-01T08:52:33","date_gmt":"2024-01-04T12:33:33","guid":{"rendered":"https:\/\/storitgroup.com\/product\/kumipyora-o-50-mm-tyotuoliin-helposti-rullavia\/"},"modified":"2026-04-03T20:17:09","modified_gmt":"2026-04-03T17:17:09","slug":"kumipyora-o-50-mm-tyotuoliin-helposti-rullavia","status":"publish","type":"product","link":"https:\/\/storitgroup.com\/fi\/tuote\/kumipyora-o-50-mm-tyotuoliin-helposti-rullavia\/","title":{"rendered":"Kumipy\u00f6r\u00e4 \u00d8 50 mm ty\u00f6tuoliin, helposti rullavia"},"content":{"rendered":"<p>Helposti rullaavat py\u00f6r\u00e4t kuormalla ja ilman.<\/p>\n","protected":false},"excerpt":{"rendered":"<p>Helposti rullaavat py\u00f6r\u00e4t kuormalla ja ilman.<\/p>\n","protected":false},"featured_media":213560,"template":"","meta":{"_acf_changed":false},"product_brand":[],"product_cat":[7064],"product_tag":[],"class_list":{"0":"post-213070","1":"product","2":"type-product","3":"status-publish","4":"has-post-thumbnail","6":"product_room-kotitoimisto","7":"product_room-tyopaja-ja-autotalli","8":"product_room-kotiratkaisut","9":"product_room-ruuan-kasittely","10":"product_room-kuljetus-ja-logistiikka","11":"product_room-kaupankaynti-ja-myymalat","12":"product_room-arkisto-museo","13":"product_room-pakkaus","14":"product_room-kokoonpano-ja-keraily","15":"product_room-toimisto","16":"product_room-koulut-ja-paivakodit","17":"product_room-laakeyhtiot-ja-laboratoriot","18":"product_room-iso-varasto","19":"product_room-pieni-varasto","20":"product_room-teollisuus-ja-tuotanto-ergonomiset-tyopaikat-tyokaluvarasto","21":"product_cat-toimistotuolit","23":"first","24":"instock","25":"taxable","26":"shipping-taxable","27":"purchasable","28":"product-type-simple"},"acf":[],"yoast_head":"<!-- This site is optimized with the Yoast SEO plugin v27.2 - https:\/\/yoast.com\/product\/yoast-seo-wordpress\/ -->\n<title>Kumipy\u00f6r\u00e4 \u00d8 50 mm ty\u00f6tuoliin, helposti rullavia &#8226; Storit<\/title>\n<meta name=\"description\" content=\"Kumipy\u00f6r\u00e4 \u00d8 50 mm ty\u00f6tuoliin, helposti rullavia \u2014 kohtuulliseen hintaan. Toimitukset kaikkialle Suomeen! \u261b Tutustu tuotteeseen ja tilaa k\u00e4tev\u00e4sti STORIT-verkkokaupasta!\" \/>\n<meta name=\"robots\" content=\"index, follow, max-snippet:-1, max-image-preview:large, max-video-preview:-1\" \/>\n<link rel=\"canonical\" href=\"https:\/\/storitgroup.com\/fi\/tuote\/kumipyora-o-50-mm-tyotuoliin-helposti-rullavia\/\" \/>\n<meta property=\"og:locale\" content=\"fi_FI\" \/>\n<meta property=\"og:type\" content=\"article\" \/>\n<meta property=\"og:title\" content=\"Kumipy\u00f6r\u00e4 \u00d8 50 mm ty\u00f6tuoliin, helposti rullavia &#8226; Storit\" \/>\n<meta property=\"og:description\" content=\"Kumipy\u00f6r\u00e4 \u00d8 50 mm ty\u00f6tuoliin, helposti rullavia \u2014 kohtuulliseen hintaan. Toimitukset kaikkialle Suomeen! \u261b Tutustu tuotteeseen ja tilaa k\u00e4tev\u00e4sti STORIT-verkkokaupasta!\" \/>\n<meta property=\"og:url\" content=\"https:\/\/storitgroup.com\/fi\/tuote\/kumipyora-o-50-mm-tyotuoliin-helposti-rullavia\/\" \/>\n<meta property=\"og:site_name\" content=\"Storit\" \/>\n<meta property=\"article:modified_time\" content=\"2026-04-03T17:17:09+00:00\" \/>\n<meta property=\"og:image\" content=\"https:\/\/storitgroup.com\/uploads\/2021\/07\/43.-gl622403.jpg\" \/>\n\t<meta property=\"og:image:width\" content=\"430\" \/>\n\t<meta property=\"og:image:height\" content=\"618\" \/>\n\t<meta property=\"og:image:type\" content=\"image\/jpeg\" \/>\n<meta name=\"twitter:card\" content=\"summary_large_image\" \/>\n<script type=\"application\/ld+json\" class=\"yoast-schema-graph\">{\"@context\":\"https:\/\/schema.org\",\"@graph\":[{\"@type\":[\"WebPage\",\"ItemPage\"],\"@id\":\"https:\/\/storitgroup.com\/fi\/tuote\/kumipyora-o-50-mm-tyotuoliin-helposti-rullavia\/\",\"url\":\"https:\/\/storitgroup.com\/fi\/tuote\/kumipyora-o-50-mm-tyotuoliin-helposti-rullavia\/\",\"name\":\"Kumipy\u00f6r\u00e4 \u00d8 50 mm ty\u00f6tuoliin, helposti rullavia &#8226; Storit\",\"isPartOf\":{\"@id\":\"https:\/\/storitgroup.com\/fi\/#website\"},\"primaryImageOfPage\":{\"@id\":\"https:\/\/storitgroup.com\/fi\/tuote\/kumipyora-o-50-mm-tyotuoliin-helposti-rullavia\/#primaryimage\"},\"image\":{\"@id\":\"https:\/\/storitgroup.com\/fi\/tuote\/kumipyora-o-50-mm-tyotuoliin-helposti-rullavia\/#primaryimage\"},\"thumbnailUrl\":\"https:\/\/storitgroup.com\/uploads\/2021\/07\/43.-gl622403.jpg\",\"datePublished\":\"2024-01-04T12:33:33+00:00\",\"dateModified\":\"2026-04-03T17:17:09+00:00\",\"description\":\"Kumipy\u00f6r\u00e4 \u00d8 50 mm ty\u00f6tuoliin, helposti rullavia \u2014 kohtuulliseen hintaan. Toimitukset kaikkialle Suomeen! \u261b Tutustu tuotteeseen ja tilaa k\u00e4tev\u00e4sti STORIT-verkkokaupasta!\",\"breadcrumb\":{\"@id\":\"https:\/\/storitgroup.com\/fi\/tuote\/kumipyora-o-50-mm-tyotuoliin-helposti-rullavia\/#breadcrumb\"},\"inLanguage\":\"fi\",\"potentialAction\":[{\"@type\":\"ReadAction\",\"target\":[\"https:\/\/storitgroup.com\/fi\/tuote\/kumipyora-o-50-mm-tyotuoliin-helposti-rullavia\/\"]}]},{\"@type\":\"ImageObject\",\"inLanguage\":\"fi\",\"@id\":\"https:\/\/storitgroup.com\/fi\/tuote\/kumipyora-o-50-mm-tyotuoliin-helposti-rullavia\/#primaryimage\",\"url\":\"https:\/\/storitgroup.com\/uploads\/2021\/07\/43.-gl622403.jpg\",\"contentUrl\":\"https:\/\/storitgroup.com\/uploads\/2021\/07\/43.-gl622403.jpg\",\"width\":430,\"height\":618},{\"@type\":\"BreadcrumbList\",\"@id\":\"https:\/\/storitgroup.com\/fi\/tuote\/kumipyora-o-50-mm-tyotuoliin-helposti-rullavia\/#breadcrumb\",\"itemListElement\":[{\"@type\":\"ListItem\",\"position\":1,\"name\":\"Kotisivu\",\"item\":\"https:\/\/storitgroup.com\/fi\/\"},{\"@type\":\"ListItem\",\"position\":2,\"name\":\"Tuotteet\",\"item\":\"https:\/\/storitgroup.com\/fi\/tuotteet\/\"},{\"@type\":\"ListItem\",\"position\":3,\"name\":\"P\u00f6yd\u00e4t, tuolit, ty\u00f6kaluvarasto\",\"item\":\"https:\/\/storitgroup.com\/fi\/poydat-tuolit-tyokaluvarasto\/\"},{\"@type\":\"ListItem\",\"position\":4,\"name\":\"Toimistotuolit\",\"item\":\"https:\/\/storitgroup.com\/fi\/poydat-tuolit-tyokaluvarasto\/toimistotuolit\/\"},{\"@type\":\"ListItem\",\"position\":5,\"name\":\"Kumipy\u00f6r\u00e4 \u00d8 50 mm ty\u00f6tuoliin, helposti rullavia\"}]},{\"@type\":\"WebSite\",\"@id\":\"https:\/\/storitgroup.com\/fi\/#website\",\"url\":\"https:\/\/storitgroup.com\/fi\/\",\"name\":\"Storit\",\"description\":\"\",\"potentialAction\":[{\"@type\":\"SearchAction\",\"target\":{\"@type\":\"EntryPoint\",\"urlTemplate\":\"https:\/\/storitgroup.com\/fi\/?s={search_term_string}\"},\"query-input\":{\"@type\":\"PropertyValueSpecification\",\"valueRequired\":true,\"valueName\":\"search_term_string\"}}],\"inLanguage\":\"fi\"}]}<\/script>\n<!-- \/ Yoast SEO plugin. -->","yoast_head_json":{"title":"Kumipy\u00f6r\u00e4 \u00d8 50 mm ty\u00f6tuoliin, helposti rullavia &#8226; Storit","description":"Kumipy\u00f6r\u00e4 \u00d8 50 mm ty\u00f6tuoliin, helposti rullavia \u2014 kohtuulliseen hintaan. Toimitukset kaikkialle Suomeen! \u261b Tutustu tuotteeseen ja tilaa k\u00e4tev\u00e4sti STORIT-verkkokaupasta!","robots":{"index":"index","follow":"follow","max-snippet":"max-snippet:-1","max-image-preview":"max-image-preview:large","max-video-preview":"max-video-preview:-1"},"canonical":"https:\/\/storitgroup.com\/fi\/tuote\/kumipyora-o-50-mm-tyotuoliin-helposti-rullavia\/","og_locale":"fi_FI","og_type":"article","og_title":"Kumipy\u00f6r\u00e4 \u00d8 50 mm ty\u00f6tuoliin, helposti rullavia &#8226; Storit","og_description":"Kumipy\u00f6r\u00e4 \u00d8 50 mm ty\u00f6tuoliin, helposti rullavia \u2014 kohtuulliseen hintaan. Toimitukset kaikkialle Suomeen! \u261b Tutustu tuotteeseen ja tilaa k\u00e4tev\u00e4sti STORIT-verkkokaupasta!","og_url":"https:\/\/storitgroup.com\/fi\/tuote\/kumipyora-o-50-mm-tyotuoliin-helposti-rullavia\/","og_site_name":"Storit","article_modified_time":"2026-04-03T17:17:09+00:00","og_image":[{"width":430,"height":618,"url":"https:\/\/storitgroup.com\/uploads\/2021\/07\/43.-gl622403.jpg","type":"image\/jpeg"}],"twitter_card":"summary_large_image","schema":{"@context":"https:\/\/schema.org","@graph":[{"@type":["WebPage","ItemPage"],"@id":"https:\/\/storitgroup.com\/fi\/tuote\/kumipyora-o-50-mm-tyotuoliin-helposti-rullavia\/","url":"https:\/\/storitgroup.com\/fi\/tuote\/kumipyora-o-50-mm-tyotuoliin-helposti-rullavia\/","name":"Kumipy\u00f6r\u00e4 \u00d8 50 mm ty\u00f6tuoliin, helposti rullavia &#8226; Storit","isPartOf":{"@id":"https:\/\/storitgroup.com\/fi\/#website"},"primaryImageOfPage":{"@id":"https:\/\/storitgroup.com\/fi\/tuote\/kumipyora-o-50-mm-tyotuoliin-helposti-rullavia\/#primaryimage"},"image":{"@id":"https:\/\/storitgroup.com\/fi\/tuote\/kumipyora-o-50-mm-tyotuoliin-helposti-rullavia\/#primaryimage"},"thumbnailUrl":"https:\/\/storitgroup.com\/uploads\/2021\/07\/43.-gl622403.jpg","datePublished":"2024-01-04T12:33:33+00:00","dateModified":"2026-04-03T17:17:09+00:00","description":"Kumipy\u00f6r\u00e4 \u00d8 50 mm ty\u00f6tuoliin, helposti rullavia \u2014 kohtuulliseen hintaan. Toimitukset kaikkialle Suomeen! \u261b Tutustu tuotteeseen ja tilaa k\u00e4tev\u00e4sti STORIT-verkkokaupasta!","breadcrumb":{"@id":"https:\/\/storitgroup.com\/fi\/tuote\/kumipyora-o-50-mm-tyotuoliin-helposti-rullavia\/#breadcrumb"},"inLanguage":"fi","potentialAction":[{"@type":"ReadAction","target":["https:\/\/storitgroup.com\/fi\/tuote\/kumipyora-o-50-mm-tyotuoliin-helposti-rullavia\/"]}]},{"@type":"ImageObject","inLanguage":"fi","@id":"https:\/\/storitgroup.com\/fi\/tuote\/kumipyora-o-50-mm-tyotuoliin-helposti-rullavia\/#primaryimage","url":"https:\/\/storitgroup.com\/uploads\/2021\/07\/43.-gl622403.jpg","contentUrl":"https:\/\/storitgroup.com\/uploads\/2021\/07\/43.-gl622403.jpg","width":430,"height":618},{"@type":"BreadcrumbList","@id":"https:\/\/storitgroup.com\/fi\/tuote\/kumipyora-o-50-mm-tyotuoliin-helposti-rullavia\/#breadcrumb","itemListElement":[{"@type":"ListItem","position":1,"name":"Kotisivu","item":"https:\/\/storitgroup.com\/fi\/"},{"@type":"ListItem","position":2,"name":"Tuotteet","item":"https:\/\/storitgroup.com\/fi\/tuotteet\/"},{"@type":"ListItem","position":3,"name":"P\u00f6yd\u00e4t, tuolit, ty\u00f6kaluvarasto","item":"https:\/\/storitgroup.com\/fi\/poydat-tuolit-tyokaluvarasto\/"},{"@type":"ListItem","position":4,"name":"Toimistotuolit","item":"https:\/\/storitgroup.com\/fi\/poydat-tuolit-tyokaluvarasto\/toimistotuolit\/"},{"@type":"ListItem","position":5,"name":"Kumipy\u00f6r\u00e4 \u00d8 50 mm ty\u00f6tuoliin, helposti rullavia"}]},{"@type":"WebSite","@id":"https:\/\/storitgroup.com\/fi\/#website","url":"https:\/\/storitgroup.com\/fi\/","name":"Storit","description":"","potentialAction":[{"@type":"SearchAction","target":{"@type":"EntryPoint","urlTemplate":"https:\/\/storitgroup.com\/fi\/?s={search_term_string}"},"query-input":{"@type":"PropertyValueSpecification","valueRequired":true,"valueName":"search_term_string"}}],"inLanguage":"fi"}]}},"_links":{"self":[{"href":"https:\/\/storitgroup.com\/fi\/wp-json\/wp\/v2\/product\/213070","targetHints":{"allow":["GET"]}}],"collection":[{"href":"https:\/\/storitgroup.com\/fi\/wp-json\/wp\/v2\/product"}],"about":[{"href":"https:\/\/storitgroup.com\/fi\/wp-json\/wp\/v2\/types\/product"}],"wp:featuredmedia":[{"embeddable":true,"href":"https:\/\/storitgroup.com\/fi\/wp-json\/wp\/v2\/media\/213560"}],"wp:attachment":[{"href":"https:\/\/storitgroup.com\/fi\/wp-json\/wp\/v2\/media?parent=213070"}],"wp:term":[{"taxonomy":"product_brand","embeddable":true,"href":"https:\/\/storitgroup.com\/fi\/wp-json\/wp\/v2\/product_brand?post=213070"},{"taxonomy":"product_cat","embeddable":true,"href":"https:\/\/storitgroup.com\/fi\/wp-json\/wp\/v2\/product_cat?post=213070"},{"taxonomy":"product_tag","embeddable":true,"href":"https:\/\/storitgroup.com\/fi\/wp-json\/wp\/v2\/product_tag?post=213070"}],"curies":[{"name":"wp","href":"https:\/\/api.w.org\/{rel}","templated":true}]}}