{"id":212720,"date":"2023-11-15T10:15:04","date_gmt":"2023-11-15T08:15:06","guid":{"rendered":"https:\/\/storitgroup.com\/?post_type=product&#038;p=212720"},"modified":"2026-04-11T00:21:10","modified_gmt":"2026-04-10T21:21:10","slug":"tyopoyta-storit-1500x750mm-500kg","status":"publish","type":"product","link":"https:\/\/storitgroup.com\/fi\/tuote\/tyopoyta-storit-1500x750mm-500kg\/","title":{"rendered":"Ty\u00f6p\u00f6yt\u00e4 Storit 1500x750mm (500kg)"},"content":{"rendered":"<p>P\u00f6yd\u00e4n p\u00e4\u00e4llys on valmistettu sinkityst\u00e4 ter\u00e4ksest\u00e4, joka on vahvistettu alta MDF-levyll\u00e4.<br \/> Jalkojen korkeus on s\u00e4\u00e4dett\u00e4viss\u00e4, joten k\u00e4ytt\u00e4j\u00e4 voi valita sopivan korkeuden.<br \/> Suuri kantavuus tarjoaa ratkaisun raskaisiin tilanteisiin, mik\u00e4 takaa kest\u00e4vyyden ja vakauden my\u00f6s jokap\u00e4iv\u00e4isess\u00e4 k\u00e4yt\u00f6ss\u00e4.<br \/>P\u00f6yt\u00e4levyn voi tilata haluamallasi v\u00e4rill\u00e4.<\/p>\n","protected":false},"excerpt":{"rendered":"<p>P\u00f6yd\u00e4n p\u00e4\u00e4llys on valmistettu sinkityst\u00e4 ter\u00e4ksest\u00e4, joka on vahvistettu alta MDF-levyll\u00e4.<br \/>\n Jalkojen korkeus on s\u00e4\u00e4dett\u00e4viss\u00e4, joten k\u00e4ytt\u00e4j\u00e4 voi valita sopivan korkeuden.<br \/>\n Suuri kantavuus tarjoaa ratkaisun raskaisiin tilanteisiin, mik\u00e4 takaa kest\u00e4vyyden ja vakauden my\u00f6s jokap\u00e4iv\u00e4isess\u00e4 k\u00e4yt\u00f6ss\u00e4.<\/p>\n","protected":false},"featured_media":214078,"template":"","meta":{"_acf_changed":false},"product_brand":[],"product_cat":[8637],"product_tag":[],"class_list":{"0":"post-212720","1":"product","2":"type-product","3":"status-publish","4":"has-post-thumbnail","6":"product_room-kaupankaynti-ja-myymalat","7":"product_room-turvaratkaisut-varastoon-tuotantoon","8":"product_room-pieni-varasto","9":"product_room-nostovalinet","10":"product_room-tavaroiden-logistiikka","11":"product_room-kuljetus-ja-logistiikka","12":"product_cat-tyopoydat-storit-tyopoydat","14":"first","15":"onbackorder","16":"taxable","17":"shipping-taxable","18":"purchasable","19":"product-type-simple"},"acf":[],"yoast_head":"<!-- This site is optimized with the Yoast SEO plugin v27.3 - https:\/\/yoast.com\/product\/yoast-seo-wordpress\/ -->\n<title>Ty\u00f6p\u00f6yt\u00e4 Storit 1500x750mm (500kg) &#8226; Storit<\/title>\n<meta name=\"description\" content=\"Ty\u00f6p\u00f6yt\u00e4 Storit 1500x750mm (500kg) \u2014 kohtuulliseen hintaan. Toimitukset kaikkialle Suomeen! \u261b Tutustu tuotteeseen ja tilaa k\u00e4tev\u00e4sti STORIT-verkkokaupasta!\" \/>\n<meta name=\"robots\" content=\"index, follow, max-snippet:-1, max-image-preview:large, max-video-preview:-1\" \/>\n<link rel=\"canonical\" href=\"https:\/\/storitgroup.com\/fi\/tuote\/tyopoyta-storit-1500x750mm-500kg\/\" \/>\n<meta property=\"og:locale\" content=\"fi_FI\" \/>\n<meta property=\"og:type\" content=\"article\" \/>\n<meta property=\"og:title\" content=\"Ty\u00f6p\u00f6yt\u00e4 Storit 1500x750mm (500kg) &#8226; Storit\" \/>\n<meta property=\"og:description\" content=\"Ty\u00f6p\u00f6yt\u00e4 Storit 1500x750mm (500kg) \u2014 kohtuulliseen hintaan. Toimitukset kaikkialle Suomeen! \u261b Tutustu tuotteeseen ja tilaa k\u00e4tev\u00e4sti STORIT-verkkokaupasta!\" \/>\n<meta property=\"og:url\" content=\"https:\/\/storitgroup.com\/fi\/tuote\/tyopoyta-storit-1500x750mm-500kg\/\" \/>\n<meta property=\"og:site_name\" content=\"Storit\" \/>\n<meta property=\"article:modified_time\" content=\"2026-04-10T21:21:10+00:00\" \/>\n<meta property=\"og:image\" content=\"https:\/\/storitgroup.com\/uploads\/2023\/11\/1.2-avd-31-00.jpg\" \/>\n\t<meta property=\"og:image:width\" content=\"499\" \/>\n\t<meta property=\"og:image:height\" content=\"501\" \/>\n\t<meta property=\"og:image:type\" content=\"image\/jpeg\" \/>\n<meta name=\"twitter:card\" content=\"summary_large_image\" \/>\n<script type=\"application\/ld+json\" class=\"yoast-schema-graph\">{\"@context\":\"https:\\\/\\\/schema.org\",\"@graph\":[{\"@type\":[\"WebPage\",\"ItemPage\"],\"@id\":\"https:\\\/\\\/storitgroup.com\\\/fi\\\/tuote\\\/tyopoyta-storit-1500x750mm-500kg\\\/\",\"url\":\"https:\\\/\\\/storitgroup.com\\\/fi\\\/tuote\\\/tyopoyta-storit-1500x750mm-500kg\\\/\",\"name\":\"Ty\u00f6p\u00f6yt\u00e4 Storit 1500x750mm (500kg) &#8226; Storit\",\"isPartOf\":{\"@id\":\"https:\\\/\\\/storitgroup.com\\\/fi\\\/#website\"},\"primaryImageOfPage\":{\"@id\":\"https:\\\/\\\/storitgroup.com\\\/fi\\\/tuote\\\/tyopoyta-storit-1500x750mm-500kg\\\/#primaryimage\"},\"image\":{\"@id\":\"https:\\\/\\\/storitgroup.com\\\/fi\\\/tuote\\\/tyopoyta-storit-1500x750mm-500kg\\\/#primaryimage\"},\"thumbnailUrl\":\"https:\\\/\\\/storitgroup.com\\\/uploads\\\/2023\\\/11\\\/1.2-avd-31-00.jpg\",\"datePublished\":\"2023-11-15T08:15:06+00:00\",\"dateModified\":\"2026-04-10T21:21:10+00:00\",\"description\":\"Ty\u00f6p\u00f6yt\u00e4 Storit 1500x750mm (500kg) \u2014 kohtuulliseen hintaan. Toimitukset kaikkialle Suomeen! \u261b Tutustu tuotteeseen ja tilaa k\u00e4tev\u00e4sti STORIT-verkkokaupasta!\",\"breadcrumb\":{\"@id\":\"https:\\\/\\\/storitgroup.com\\\/fi\\\/tuote\\\/tyopoyta-storit-1500x750mm-500kg\\\/#breadcrumb\"},\"inLanguage\":\"fi\",\"potentialAction\":[{\"@type\":\"ReadAction\",\"target\":[\"https:\\\/\\\/storitgroup.com\\\/fi\\\/tuote\\\/tyopoyta-storit-1500x750mm-500kg\\\/\"]}]},{\"@type\":\"ImageObject\",\"inLanguage\":\"fi\",\"@id\":\"https:\\\/\\\/storitgroup.com\\\/fi\\\/tuote\\\/tyopoyta-storit-1500x750mm-500kg\\\/#primaryimage\",\"url\":\"https:\\\/\\\/storitgroup.com\\\/uploads\\\/2023\\\/11\\\/1.2-avd-31-00.jpg\",\"contentUrl\":\"https:\\\/\\\/storitgroup.com\\\/uploads\\\/2023\\\/11\\\/1.2-avd-31-00.jpg\",\"width\":499,\"height\":501},{\"@type\":\"BreadcrumbList\",\"@id\":\"https:\\\/\\\/storitgroup.com\\\/fi\\\/tuote\\\/tyopoyta-storit-1500x750mm-500kg\\\/#breadcrumb\",\"itemListElement\":[{\"@type\":\"ListItem\",\"position\":1,\"name\":\"Kotisivu\",\"item\":\"https:\\\/\\\/storitgroup.com\\\/fi\\\/\"},{\"@type\":\"ListItem\",\"position\":2,\"name\":\"Tuotteet\",\"item\":\"https:\\\/\\\/storitgroup.com\\\/fi\\\/tuotteet\\\/\"},{\"@type\":\"ListItem\",\"position\":3,\"name\":\"P\u00f6yd\u00e4t, tuolit, ty\u00f6kaluvarasto\",\"item\":\"https:\\\/\\\/storitgroup.com\\\/fi\\\/poydat-tuolit-tyokaluvarasto\\\/\"},{\"@type\":\"ListItem\",\"position\":4,\"name\":\"Ty\u00f6p\u00f6yd\u00e4t\",\"item\":\"https:\\\/\\\/storitgroup.com\\\/fi\\\/poydat-tuolit-tyokaluvarasto\\\/tyopoydat\\\/\"},{\"@type\":\"ListItem\",\"position\":5,\"name\":\"T\u00f6\u00f6lauad: STORIT\",\"item\":\"https:\\\/\\\/storitgroup.com\\\/fi\\\/lauad-toolid-tooriistade-hoiustamine\\\/toolauad\\\/toolauad-storit\\\/\"},{\"@type\":\"ListItem\",\"position\":6,\"name\":\"Ty\u00f6p\u00f6yt\u00e4 Storit 1500x750mm (500kg)\"}]},{\"@type\":\"WebSite\",\"@id\":\"https:\\\/\\\/storitgroup.com\\\/fi\\\/#website\",\"url\":\"https:\\\/\\\/storitgroup.com\\\/fi\\\/\",\"name\":\"Storit\",\"description\":\"\",\"potentialAction\":[{\"@type\":\"SearchAction\",\"target\":{\"@type\":\"EntryPoint\",\"urlTemplate\":\"https:\\\/\\\/storitgroup.com\\\/fi\\\/?s={search_term_string}\"},\"query-input\":{\"@type\":\"PropertyValueSpecification\",\"valueRequired\":true,\"valueName\":\"search_term_string\"}}],\"inLanguage\":\"fi\"}]}<\/script>\n<!-- \/ Yoast SEO plugin. -->","yoast_head_json":{"title":"Ty\u00f6p\u00f6yt\u00e4 Storit 1500x750mm (500kg) &#8226; Storit","description":"Ty\u00f6p\u00f6yt\u00e4 Storit 1500x750mm (500kg) \u2014 kohtuulliseen hintaan. Toimitukset kaikkialle Suomeen! \u261b Tutustu tuotteeseen ja tilaa k\u00e4tev\u00e4sti STORIT-verkkokaupasta!","robots":{"index":"index","follow":"follow","max-snippet":"max-snippet:-1","max-image-preview":"max-image-preview:large","max-video-preview":"max-video-preview:-1"},"canonical":"https:\/\/storitgroup.com\/fi\/tuote\/tyopoyta-storit-1500x750mm-500kg\/","og_locale":"fi_FI","og_type":"article","og_title":"Ty\u00f6p\u00f6yt\u00e4 Storit 1500x750mm (500kg) &#8226; Storit","og_description":"Ty\u00f6p\u00f6yt\u00e4 Storit 1500x750mm (500kg) \u2014 kohtuulliseen hintaan. Toimitukset kaikkialle Suomeen! \u261b Tutustu tuotteeseen ja tilaa k\u00e4tev\u00e4sti STORIT-verkkokaupasta!","og_url":"https:\/\/storitgroup.com\/fi\/tuote\/tyopoyta-storit-1500x750mm-500kg\/","og_site_name":"Storit","article_modified_time":"2026-04-10T21:21:10+00:00","og_image":[{"width":499,"height":501,"url":"https:\/\/storitgroup.com\/uploads\/2023\/11\/1.2-avd-31-00.jpg","type":"image\/jpeg"}],"twitter_card":"summary_large_image","schema":{"@context":"https:\/\/schema.org","@graph":[{"@type":["WebPage","ItemPage"],"@id":"https:\/\/storitgroup.com\/fi\/tuote\/tyopoyta-storit-1500x750mm-500kg\/","url":"https:\/\/storitgroup.com\/fi\/tuote\/tyopoyta-storit-1500x750mm-500kg\/","name":"Ty\u00f6p\u00f6yt\u00e4 Storit 1500x750mm (500kg) &#8226; Storit","isPartOf":{"@id":"https:\/\/storitgroup.com\/fi\/#website"},"primaryImageOfPage":{"@id":"https:\/\/storitgroup.com\/fi\/tuote\/tyopoyta-storit-1500x750mm-500kg\/#primaryimage"},"image":{"@id":"https:\/\/storitgroup.com\/fi\/tuote\/tyopoyta-storit-1500x750mm-500kg\/#primaryimage"},"thumbnailUrl":"https:\/\/storitgroup.com\/uploads\/2023\/11\/1.2-avd-31-00.jpg","datePublished":"2023-11-15T08:15:06+00:00","dateModified":"2026-04-10T21:21:10+00:00","description":"Ty\u00f6p\u00f6yt\u00e4 Storit 1500x750mm (500kg) \u2014 kohtuulliseen hintaan. Toimitukset kaikkialle Suomeen! \u261b Tutustu tuotteeseen ja tilaa k\u00e4tev\u00e4sti STORIT-verkkokaupasta!","breadcrumb":{"@id":"https:\/\/storitgroup.com\/fi\/tuote\/tyopoyta-storit-1500x750mm-500kg\/#breadcrumb"},"inLanguage":"fi","potentialAction":[{"@type":"ReadAction","target":["https:\/\/storitgroup.com\/fi\/tuote\/tyopoyta-storit-1500x750mm-500kg\/"]}]},{"@type":"ImageObject","inLanguage":"fi","@id":"https:\/\/storitgroup.com\/fi\/tuote\/tyopoyta-storit-1500x750mm-500kg\/#primaryimage","url":"https:\/\/storitgroup.com\/uploads\/2023\/11\/1.2-avd-31-00.jpg","contentUrl":"https:\/\/storitgroup.com\/uploads\/2023\/11\/1.2-avd-31-00.jpg","width":499,"height":501},{"@type":"BreadcrumbList","@id":"https:\/\/storitgroup.com\/fi\/tuote\/tyopoyta-storit-1500x750mm-500kg\/#breadcrumb","itemListElement":[{"@type":"ListItem","position":1,"name":"Kotisivu","item":"https:\/\/storitgroup.com\/fi\/"},{"@type":"ListItem","position":2,"name":"Tuotteet","item":"https:\/\/storitgroup.com\/fi\/tuotteet\/"},{"@type":"ListItem","position":3,"name":"P\u00f6yd\u00e4t, tuolit, ty\u00f6kaluvarasto","item":"https:\/\/storitgroup.com\/fi\/poydat-tuolit-tyokaluvarasto\/"},{"@type":"ListItem","position":4,"name":"Ty\u00f6p\u00f6yd\u00e4t","item":"https:\/\/storitgroup.com\/fi\/poydat-tuolit-tyokaluvarasto\/tyopoydat\/"},{"@type":"ListItem","position":5,"name":"T\u00f6\u00f6lauad: STORIT","item":"https:\/\/storitgroup.com\/fi\/lauad-toolid-tooriistade-hoiustamine\/toolauad\/toolauad-storit\/"},{"@type":"ListItem","position":6,"name":"Ty\u00f6p\u00f6yt\u00e4 Storit 1500x750mm (500kg)"}]},{"@type":"WebSite","@id":"https:\/\/storitgroup.com\/fi\/#website","url":"https:\/\/storitgroup.com\/fi\/","name":"Storit","description":"","potentialAction":[{"@type":"SearchAction","target":{"@type":"EntryPoint","urlTemplate":"https:\/\/storitgroup.com\/fi\/?s={search_term_string}"},"query-input":{"@type":"PropertyValueSpecification","valueRequired":true,"valueName":"search_term_string"}}],"inLanguage":"fi"}]}},"_links":{"self":[{"href":"https:\/\/storitgroup.com\/fi\/wp-json\/wp\/v2\/product\/212720","targetHints":{"allow":["GET"]}}],"collection":[{"href":"https:\/\/storitgroup.com\/fi\/wp-json\/wp\/v2\/product"}],"about":[{"href":"https:\/\/storitgroup.com\/fi\/wp-json\/wp\/v2\/types\/product"}],"wp:featuredmedia":[{"embeddable":true,"href":"https:\/\/storitgroup.com\/fi\/wp-json\/wp\/v2\/media\/214078"}],"wp:attachment":[{"href":"https:\/\/storitgroup.com\/fi\/wp-json\/wp\/v2\/media?parent=212720"}],"wp:term":[{"taxonomy":"product_brand","embeddable":true,"href":"https:\/\/storitgroup.com\/fi\/wp-json\/wp\/v2\/product_brand?post=212720"},{"taxonomy":"product_cat","embeddable":true,"href":"https:\/\/storitgroup.com\/fi\/wp-json\/wp\/v2\/product_cat?post=212720"},{"taxonomy":"product_tag","embeddable":true,"href":"https:\/\/storitgroup.com\/fi\/wp-json\/wp\/v2\/product_tag?post=212720"}],"curies":[{"name":"wp","href":"https:\/\/api.w.org\/{rel}","templated":true}]}}