{"id":212652,"date":"2023-11-10T07:55:08","date_gmt":"2023-11-10T05:55:09","guid":{"rendered":"https:\/\/storitgroup.com\/?post_type=product&#038;p=212652"},"modified":"2026-04-09T18:25:14","modified_gmt":"2026-04-09T15:25:14","slug":"nokkakarry-clm-250-tip-ls-250kg-ilmakumipyorat","status":"publish","type":"product","link":"https:\/\/storitgroup.com\/fi\/tuote\/nokkakarry-clm-250-tip-ls-250kg-ilmakumipyorat\/","title":{"rendered":"Nokkak\u00e4rry CLM 250 TIP LS (250kg Ilmakumipy\u00f6r\u00e4t)"},"content":{"rendered":"<p>Easy-Tip-kippik\u00e4rry on ihanteellinen apuv\u00e4line monipuoliseen k\u00e4ytt\u00f6\u00f6n rakennusty\u00f6maalla, varastossa tai toimistossa. Kippik\u00e4rryss\u00e4 on vahva hitsattu putkirunko ja Easy-tip-toiminto, jonka avulla vaunua voidaan kallistaa jalkapolkimella. Kippik\u00e4rry on varustettu tukilevyll\u00e4 ja taitettavalla rungolla. Kantavuus 250 kg.<\/p>\n","protected":false},"excerpt":{"rendered":"<p>Easy-Tip-kippik\u00e4rry on ihanteellinen apuv\u00e4line monipuoliseen k\u00e4ytt\u00f6\u00f6n rakennusty\u00f6maalla, varastossa tai toimistossa. Kippik\u00e4rryss\u00e4 on vahva hitsattu putkirunko ja Easy-tip-toiminto, jonka avulla vaunua voidaan kallistaa jalkapolkimella. Kippik\u00e4rry on varustettu tukilevyll\u00e4 ja taitettavalla rungolla. Kantavuus 250 kg.<\/p>\n","protected":false},"featured_media":212684,"template":"","meta":{"_acf_changed":false},"product_brand":[],"product_cat":[7079],"product_tag":[],"class_list":{"0":"post-212652","1":"product","2":"type-product","3":"status-publish","4":"has-post-thumbnail","6":"product_room-kokoonpano-ja-keraily","7":"product_room-kaupankaynti-ja-myymalat","8":"product_room-pakkaus","9":"product_room-iso-varasto","10":"product_room-pieni-varasto","11":"product_room-kuljetus-ja-logistiikka","12":"product_room-arkisto-museo","13":"product_cat-nokkakarryt-tavarakarryt","15":"first","16":"instock","17":"taxable","18":"shipping-taxable","19":"purchasable","20":"product-type-simple"},"acf":[],"yoast_head":"<!-- This site is optimized with the Yoast SEO plugin v27.3 - https:\/\/yoast.com\/product\/yoast-seo-wordpress\/ -->\n<title>Nokkak\u00e4rry CLM 250 TIP LS (250kg Ilmakumipy\u00f6r\u00e4t) &#8226; Storit<\/title>\n<meta name=\"description\" content=\"Nokkak\u00e4rry CLM 250 TIP LS (250kg Ilmakumipy\u00f6r\u00e4t) \u2014 kohtuulliseen hintaan. Toimitukset kaikkialle Suomeen! \u261b Tutustu tuotteeseen ja tilaa k\u00e4tev\u00e4sti STORIT-verkkokaupasta!\" \/>\n<meta name=\"robots\" content=\"index, follow, max-snippet:-1, max-image-preview:large, max-video-preview:-1\" \/>\n<link rel=\"canonical\" href=\"https:\/\/storitgroup.com\/fi\/tuote\/nokkakarry-clm-250-tip-ls-250kg-ilmakumipyorat\/\" \/>\n<meta property=\"og:locale\" content=\"fi_FI\" \/>\n<meta property=\"og:type\" content=\"article\" \/>\n<meta property=\"og:title\" content=\"Nokkak\u00e4rry CLM 250 TIP LS (250kg Ilmakumipy\u00f6r\u00e4t) &#8226; Storit\" \/>\n<meta property=\"og:description\" content=\"Nokkak\u00e4rry CLM 250 TIP LS (250kg Ilmakumipy\u00f6r\u00e4t) \u2014 kohtuulliseen hintaan. Toimitukset kaikkialle Suomeen! \u261b Tutustu tuotteeseen ja tilaa k\u00e4tev\u00e4sti STORIT-verkkokaupasta!\" \/>\n<meta property=\"og:url\" content=\"https:\/\/storitgroup.com\/fi\/tuote\/nokkakarry-clm-250-tip-ls-250kg-ilmakumipyorat\/\" \/>\n<meta property=\"og:site_name\" content=\"Storit\" \/>\n<meta property=\"article:modified_time\" content=\"2026-04-09T15:25:14+00:00\" \/>\n<meta property=\"og:image\" content=\"https:\/\/storitgroup.com\/uploads\/2023\/11\/clm2501.webp\" \/>\n\t<meta property=\"og:image:width\" content=\"1920\" \/>\n\t<meta property=\"og:image:height\" content=\"1920\" \/>\n\t<meta property=\"og:image:type\" content=\"image\/webp\" \/>\n<meta name=\"twitter:card\" content=\"summary_large_image\" \/>\n<script type=\"application\/ld+json\" class=\"yoast-schema-graph\">{\"@context\":\"https:\\\/\\\/schema.org\",\"@graph\":[{\"@type\":[\"WebPage\",\"ItemPage\"],\"@id\":\"https:\\\/\\\/storitgroup.com\\\/fi\\\/tuote\\\/nokkakarry-clm-250-tip-ls-250kg-ilmakumipyorat\\\/\",\"url\":\"https:\\\/\\\/storitgroup.com\\\/fi\\\/tuote\\\/nokkakarry-clm-250-tip-ls-250kg-ilmakumipyorat\\\/\",\"name\":\"Nokkak\u00e4rry CLM 250 TIP LS (250kg Ilmakumipy\u00f6r\u00e4t) &#8226; Storit\",\"isPartOf\":{\"@id\":\"https:\\\/\\\/storitgroup.com\\\/fi\\\/#website\"},\"primaryImageOfPage\":{\"@id\":\"https:\\\/\\\/storitgroup.com\\\/fi\\\/tuote\\\/nokkakarry-clm-250-tip-ls-250kg-ilmakumipyorat\\\/#primaryimage\"},\"image\":{\"@id\":\"https:\\\/\\\/storitgroup.com\\\/fi\\\/tuote\\\/nokkakarry-clm-250-tip-ls-250kg-ilmakumipyorat\\\/#primaryimage\"},\"thumbnailUrl\":\"https:\\\/\\\/storitgroup.com\\\/uploads\\\/2023\\\/11\\\/clm2501.webp\",\"datePublished\":\"2023-11-10T05:55:09+00:00\",\"dateModified\":\"2026-04-09T15:25:14+00:00\",\"description\":\"Nokkak\u00e4rry CLM 250 TIP LS (250kg Ilmakumipy\u00f6r\u00e4t) \u2014 kohtuulliseen hintaan. Toimitukset kaikkialle Suomeen! \u261b Tutustu tuotteeseen ja tilaa k\u00e4tev\u00e4sti STORIT-verkkokaupasta!\",\"breadcrumb\":{\"@id\":\"https:\\\/\\\/storitgroup.com\\\/fi\\\/tuote\\\/nokkakarry-clm-250-tip-ls-250kg-ilmakumipyorat\\\/#breadcrumb\"},\"inLanguage\":\"fi\",\"potentialAction\":[{\"@type\":\"ReadAction\",\"target\":[\"https:\\\/\\\/storitgroup.com\\\/fi\\\/tuote\\\/nokkakarry-clm-250-tip-ls-250kg-ilmakumipyorat\\\/\"]}]},{\"@type\":\"ImageObject\",\"inLanguage\":\"fi\",\"@id\":\"https:\\\/\\\/storitgroup.com\\\/fi\\\/tuote\\\/nokkakarry-clm-250-tip-ls-250kg-ilmakumipyorat\\\/#primaryimage\",\"url\":\"https:\\\/\\\/storitgroup.com\\\/uploads\\\/2023\\\/11\\\/clm2501.webp\",\"contentUrl\":\"https:\\\/\\\/storitgroup.com\\\/uploads\\\/2023\\\/11\\\/clm2501.webp\",\"width\":1920,\"height\":1920},{\"@type\":\"BreadcrumbList\",\"@id\":\"https:\\\/\\\/storitgroup.com\\\/fi\\\/tuote\\\/nokkakarry-clm-250-tip-ls-250kg-ilmakumipyorat\\\/#breadcrumb\",\"itemListElement\":[{\"@type\":\"ListItem\",\"position\":1,\"name\":\"Kotisivu\",\"item\":\"https:\\\/\\\/storitgroup.com\\\/fi\\\/\"},{\"@type\":\"ListItem\",\"position\":2,\"name\":\"Tuotteet\",\"item\":\"https:\\\/\\\/storitgroup.com\\\/fi\\\/tuotteet\\\/\"},{\"@type\":\"ListItem\",\"position\":3,\"name\":\"Varastovaunut, py\u00f6r\u00e4t\",\"item\":\"https:\\\/\\\/storitgroup.com\\\/fi\\\/varastovaunut-pyorat\\\/\"},{\"@type\":\"ListItem\",\"position\":4,\"name\":\"Nokkak\u00e4rryt, tavarak\u00e4rryt\",\"item\":\"https:\\\/\\\/storitgroup.com\\\/fi\\\/varastovaunut-pyorat\\\/nokkakarryt-tavarakarryt\\\/\"},{\"@type\":\"ListItem\",\"position\":5,\"name\":\"Nokkak\u00e4rry CLM 250 TIP LS (250kg Ilmakumipy\u00f6r\u00e4t)\"}]},{\"@type\":\"WebSite\",\"@id\":\"https:\\\/\\\/storitgroup.com\\\/fi\\\/#website\",\"url\":\"https:\\\/\\\/storitgroup.com\\\/fi\\\/\",\"name\":\"Storit\",\"description\":\"\",\"potentialAction\":[{\"@type\":\"SearchAction\",\"target\":{\"@type\":\"EntryPoint\",\"urlTemplate\":\"https:\\\/\\\/storitgroup.com\\\/fi\\\/?s={search_term_string}\"},\"query-input\":{\"@type\":\"PropertyValueSpecification\",\"valueRequired\":true,\"valueName\":\"search_term_string\"}}],\"inLanguage\":\"fi\"}]}<\/script>\n<!-- \/ Yoast SEO plugin. -->","yoast_head_json":{"title":"Nokkak\u00e4rry CLM 250 TIP LS (250kg Ilmakumipy\u00f6r\u00e4t) &#8226; Storit","description":"Nokkak\u00e4rry CLM 250 TIP LS (250kg Ilmakumipy\u00f6r\u00e4t) \u2014 kohtuulliseen hintaan. Toimitukset kaikkialle Suomeen! \u261b Tutustu tuotteeseen ja tilaa k\u00e4tev\u00e4sti STORIT-verkkokaupasta!","robots":{"index":"index","follow":"follow","max-snippet":"max-snippet:-1","max-image-preview":"max-image-preview:large","max-video-preview":"max-video-preview:-1"},"canonical":"https:\/\/storitgroup.com\/fi\/tuote\/nokkakarry-clm-250-tip-ls-250kg-ilmakumipyorat\/","og_locale":"fi_FI","og_type":"article","og_title":"Nokkak\u00e4rry CLM 250 TIP LS (250kg Ilmakumipy\u00f6r\u00e4t) &#8226; Storit","og_description":"Nokkak\u00e4rry CLM 250 TIP LS (250kg Ilmakumipy\u00f6r\u00e4t) \u2014 kohtuulliseen hintaan. Toimitukset kaikkialle Suomeen! \u261b Tutustu tuotteeseen ja tilaa k\u00e4tev\u00e4sti STORIT-verkkokaupasta!","og_url":"https:\/\/storitgroup.com\/fi\/tuote\/nokkakarry-clm-250-tip-ls-250kg-ilmakumipyorat\/","og_site_name":"Storit","article_modified_time":"2026-04-09T15:25:14+00:00","og_image":[{"width":1920,"height":1920,"url":"https:\/\/storitgroup.com\/uploads\/2023\/11\/clm2501.webp","type":"image\/webp"}],"twitter_card":"summary_large_image","schema":{"@context":"https:\/\/schema.org","@graph":[{"@type":["WebPage","ItemPage"],"@id":"https:\/\/storitgroup.com\/fi\/tuote\/nokkakarry-clm-250-tip-ls-250kg-ilmakumipyorat\/","url":"https:\/\/storitgroup.com\/fi\/tuote\/nokkakarry-clm-250-tip-ls-250kg-ilmakumipyorat\/","name":"Nokkak\u00e4rry CLM 250 TIP LS (250kg Ilmakumipy\u00f6r\u00e4t) &#8226; Storit","isPartOf":{"@id":"https:\/\/storitgroup.com\/fi\/#website"},"primaryImageOfPage":{"@id":"https:\/\/storitgroup.com\/fi\/tuote\/nokkakarry-clm-250-tip-ls-250kg-ilmakumipyorat\/#primaryimage"},"image":{"@id":"https:\/\/storitgroup.com\/fi\/tuote\/nokkakarry-clm-250-tip-ls-250kg-ilmakumipyorat\/#primaryimage"},"thumbnailUrl":"https:\/\/storitgroup.com\/uploads\/2023\/11\/clm2501.webp","datePublished":"2023-11-10T05:55:09+00:00","dateModified":"2026-04-09T15:25:14+00:00","description":"Nokkak\u00e4rry CLM 250 TIP LS (250kg Ilmakumipy\u00f6r\u00e4t) \u2014 kohtuulliseen hintaan. Toimitukset kaikkialle Suomeen! \u261b Tutustu tuotteeseen ja tilaa k\u00e4tev\u00e4sti STORIT-verkkokaupasta!","breadcrumb":{"@id":"https:\/\/storitgroup.com\/fi\/tuote\/nokkakarry-clm-250-tip-ls-250kg-ilmakumipyorat\/#breadcrumb"},"inLanguage":"fi","potentialAction":[{"@type":"ReadAction","target":["https:\/\/storitgroup.com\/fi\/tuote\/nokkakarry-clm-250-tip-ls-250kg-ilmakumipyorat\/"]}]},{"@type":"ImageObject","inLanguage":"fi","@id":"https:\/\/storitgroup.com\/fi\/tuote\/nokkakarry-clm-250-tip-ls-250kg-ilmakumipyorat\/#primaryimage","url":"https:\/\/storitgroup.com\/uploads\/2023\/11\/clm2501.webp","contentUrl":"https:\/\/storitgroup.com\/uploads\/2023\/11\/clm2501.webp","width":1920,"height":1920},{"@type":"BreadcrumbList","@id":"https:\/\/storitgroup.com\/fi\/tuote\/nokkakarry-clm-250-tip-ls-250kg-ilmakumipyorat\/#breadcrumb","itemListElement":[{"@type":"ListItem","position":1,"name":"Kotisivu","item":"https:\/\/storitgroup.com\/fi\/"},{"@type":"ListItem","position":2,"name":"Tuotteet","item":"https:\/\/storitgroup.com\/fi\/tuotteet\/"},{"@type":"ListItem","position":3,"name":"Varastovaunut, py\u00f6r\u00e4t","item":"https:\/\/storitgroup.com\/fi\/varastovaunut-pyorat\/"},{"@type":"ListItem","position":4,"name":"Nokkak\u00e4rryt, tavarak\u00e4rryt","item":"https:\/\/storitgroup.com\/fi\/varastovaunut-pyorat\/nokkakarryt-tavarakarryt\/"},{"@type":"ListItem","position":5,"name":"Nokkak\u00e4rry CLM 250 TIP LS (250kg Ilmakumipy\u00f6r\u00e4t)"}]},{"@type":"WebSite","@id":"https:\/\/storitgroup.com\/fi\/#website","url":"https:\/\/storitgroup.com\/fi\/","name":"Storit","description":"","potentialAction":[{"@type":"SearchAction","target":{"@type":"EntryPoint","urlTemplate":"https:\/\/storitgroup.com\/fi\/?s={search_term_string}"},"query-input":{"@type":"PropertyValueSpecification","valueRequired":true,"valueName":"search_term_string"}}],"inLanguage":"fi"}]}},"_links":{"self":[{"href":"https:\/\/storitgroup.com\/fi\/wp-json\/wp\/v2\/product\/212652","targetHints":{"allow":["GET"]}}],"collection":[{"href":"https:\/\/storitgroup.com\/fi\/wp-json\/wp\/v2\/product"}],"about":[{"href":"https:\/\/storitgroup.com\/fi\/wp-json\/wp\/v2\/types\/product"}],"wp:featuredmedia":[{"embeddable":true,"href":"https:\/\/storitgroup.com\/fi\/wp-json\/wp\/v2\/media\/212684"}],"wp:attachment":[{"href":"https:\/\/storitgroup.com\/fi\/wp-json\/wp\/v2\/media?parent=212652"}],"wp:term":[{"taxonomy":"product_brand","embeddable":true,"href":"https:\/\/storitgroup.com\/fi\/wp-json\/wp\/v2\/product_brand?post=212652"},{"taxonomy":"product_cat","embeddable":true,"href":"https:\/\/storitgroup.com\/fi\/wp-json\/wp\/v2\/product_cat?post=212652"},{"taxonomy":"product_tag","embeddable":true,"href":"https:\/\/storitgroup.com\/fi\/wp-json\/wp\/v2\/product_tag?post=212652"}],"curies":[{"name":"wp","href":"https:\/\/api.w.org\/{rel}","templated":true}]}}