{"id":211079,"date":"2023-09-26T13:52:30","date_gmt":"2023-09-26T10:52:31","guid":{"rendered":"https:\/\/storitgroup.com\/?post_type=product&#038;p=211079"},"modified":"2024-11-25T14:20:07","modified_gmt":"2024-11-25T12:20:07","slug":"pukukaappi-storit-s-ovella-1x300-mm-ral7035-5010","status":"publish","type":"product","link":"https:\/\/storitgroup.com\/fi\/tuote\/pukukaappi-storit-s-ovella-1x300-mm-ral7035-5010\/","title":{"rendered":"Pukukaappi Storit S-ovella 1&#215;300 mm, RAL7035\/5010"},"content":{"rendered":"<p>Vaatekaapin t\u00e4rkein etu on hitsattu rakenne, joka varmistaa ovien ja rungon j\u00e4ykkyyden. Raitisilman kierron takaa moderni WEMO-rei\u00b4itys, joka on rekister\u00f6ity teollinen malli.<\/p>\n<p>Tilaas\u00e4\u00e4st\u00e4v\u00e4n 2-ovisen Z-vaatekaapin edess\u00e4 on sylinterilukko ja mukana tulee 2 avainta. P\u00e4\u00e4avaimen voi tilata erikseen lis\u00e4maksusta.<\/p>\n<p>0,5 mm:n metallilevyst\u00e4 valmistettu ruostesuojattu kaappi on pulverimaalattu. Voit valita 16 v\u00e4rist\u00e4, loput RAL-luettelon v\u00e4rit ovat saatavilla pient\u00e4 lis\u00e4maksua vastaan. <\/p>\n<p>Kaapissa on ripustusputki koukuilla ja itseliimautuva nimikyltin pidike. <\/p>\n<p>Vaatekaappi varmistaa toimivuuden ja lis\u00e4\u00e4 esteettist\u00e4 arvoa yhteisiin tiloihin tehtaissa, kouluissa, urheiluseuroissa jne. Parhaan ratkaisun l\u00f6yt\u00e4misen huoneeseen antaa my\u00f6s laaja valikoima lis\u00e4laitteita, jotta huoneen sisustamisesta tulee mahdollisimman mukava (myyd\u00e4v\u00e4na erikseen). Kaappi on helppo puhdistaa, ja oikea sijoittelu huoneeseen ja k\u00e4ytt\u00f6tarkoitus eliminoivat huoltotarvetta jatkossa. <\/p>\n<p> Vaatekaapin voi tilata my\u00f6s 0,8 mm materiaalista ja\/tai runkoon hitsatuilla jaloilla (H+140 mm).<\/p>\n<p> Kaapit ovat sertifioituja ja t\u00e4ytt\u00e4v\u00e4t EU:n turvallisuusstandardit.<\/p>\n","protected":false},"excerpt":{"rendered":"<p>Vaatekaapin t\u00e4rkein etu on hitsattu rakenne, joka varmistaa ovien ja rungon j\u00e4ykkyyden. Raitisilman kierron takaa moderni WEMO-rei\u00b4itys, joka on rekister\u00f6ity teollinen malli.<\/p>\n<p>Tilaas\u00e4\u00e4st\u00e4v\u00e4n 2-ovisen Z-vaatekaapin edess\u00e4 on sylinterilukko ja mukana tulee 2 avainta. P\u00e4\u00e4avaimen voi tilata erikseen lis\u00e4maksusta.<\/p>\n","protected":false},"featured_media":211331,"template":"","meta":{"_acf_changed":false},"product_brand":[],"product_cat":[7058],"product_tag":[],"class_list":{"0":"post-211079","1":"product","2":"type-product","3":"status-publish","4":"has-post-thumbnail","6":"product_room-koulut-ja-paivakodit","7":"product_room-kotiratkaisut","8":"product_room-kiinteistokehitys","9":"product_room-pukuhuone","10":"product_room-tyopaja-ja-autotalli","11":"product_cat-pukukaapit","13":"first","14":"onbackorder","15":"taxable","16":"shipping-taxable","17":"purchasable","18":"product-type-simple"},"acf":[],"yoast_head":"<!-- This site is optimized with the Yoast SEO plugin v27.3 - https:\/\/yoast.com\/product\/yoast-seo-wordpress\/ -->\n<title>Pukukaappi Storit S-ovella 1x300 mm, RAL7035\/5010 &#8226; Storit<\/title>\n<meta name=\"description\" content=\"Pukukaappi Storit S-ovella 1x300 mm, RAL7035\/5010 \u2014 kohtuulliseen hintaan. Toimitukset kaikkialle Suomeen! \u261b Tutustu tuotteeseen ja tilaa k\u00e4tev\u00e4sti STORIT-verkkokaupasta!\" \/>\n<meta name=\"robots\" content=\"index, follow, max-snippet:-1, max-image-preview:large, max-video-preview:-1\" \/>\n<link rel=\"canonical\" href=\"https:\/\/storitgroup.com\/fi\/tuote\/pukukaappi-storit-s-ovella-1x300-mm-ral7035-5010\/\" \/>\n<meta property=\"og:locale\" content=\"fi_FI\" \/>\n<meta property=\"og:type\" content=\"article\" \/>\n<meta property=\"og:title\" content=\"Pukukaappi Storit S-ovella 1x300 mm, RAL7035\/5010 &#8226; Storit\" \/>\n<meta property=\"og:description\" content=\"Pukukaappi Storit S-ovella 1x300 mm, RAL7035\/5010 \u2014 kohtuulliseen hintaan. Toimitukset kaikkialle Suomeen! \u261b Tutustu tuotteeseen ja tilaa k\u00e4tev\u00e4sti STORIT-verkkokaupasta!\" \/>\n<meta property=\"og:url\" content=\"https:\/\/storitgroup.com\/fi\/tuote\/pukukaappi-storit-s-ovella-1x300-mm-ral7035-5010\/\" \/>\n<meta property=\"og:site_name\" content=\"Storit\" \/>\n<meta property=\"article:modified_time\" content=\"2024-11-25T12:20:07+00:00\" \/>\n<meta property=\"og:image\" content=\"https:\/\/storitgroup.com\/uploads\/2023\/09\/8.1-1x300-z.jpg\" \/>\n\t<meta property=\"og:image:width\" content=\"280\" \/>\n\t<meta property=\"og:image:height\" content=\"631\" \/>\n\t<meta property=\"og:image:type\" content=\"image\/jpeg\" \/>\n<meta name=\"twitter:card\" content=\"summary_large_image\" \/>\n<meta name=\"twitter:label1\" content=\"Arvioitu lukuaika\" \/>\n\t<meta name=\"twitter:data1\" content=\"1 minuutti\" \/>\n<script type=\"application\/ld+json\" class=\"yoast-schema-graph\">{\"@context\":\"https:\\\/\\\/schema.org\",\"@graph\":[{\"@type\":[\"WebPage\",\"ItemPage\"],\"@id\":\"https:\\\/\\\/storitgroup.com\\\/fi\\\/tuote\\\/pukukaappi-storit-s-ovella-1x300-mm-ral7035-5010\\\/\",\"url\":\"https:\\\/\\\/storitgroup.com\\\/fi\\\/tuote\\\/pukukaappi-storit-s-ovella-1x300-mm-ral7035-5010\\\/\",\"name\":\"Pukukaappi Storit S-ovella 1x300 mm, RAL7035\\\/5010 &#8226; Storit\",\"isPartOf\":{\"@id\":\"https:\\\/\\\/storitgroup.com\\\/fi\\\/#website\"},\"primaryImageOfPage\":{\"@id\":\"https:\\\/\\\/storitgroup.com\\\/fi\\\/tuote\\\/pukukaappi-storit-s-ovella-1x300-mm-ral7035-5010\\\/#primaryimage\"},\"image\":{\"@id\":\"https:\\\/\\\/storitgroup.com\\\/fi\\\/tuote\\\/pukukaappi-storit-s-ovella-1x300-mm-ral7035-5010\\\/#primaryimage\"},\"thumbnailUrl\":\"https:\\\/\\\/storitgroup.com\\\/uploads\\\/2023\\\/09\\\/8.1-1x300-z.jpg\",\"datePublished\":\"2023-09-26T10:52:31+00:00\",\"dateModified\":\"2024-11-25T12:20:07+00:00\",\"description\":\"Pukukaappi Storit S-ovella 1x300 mm, RAL7035\\\/5010 \u2014 kohtuulliseen hintaan. Toimitukset kaikkialle Suomeen! \u261b Tutustu tuotteeseen ja tilaa k\u00e4tev\u00e4sti STORIT-verkkokaupasta!\",\"breadcrumb\":{\"@id\":\"https:\\\/\\\/storitgroup.com\\\/fi\\\/tuote\\\/pukukaappi-storit-s-ovella-1x300-mm-ral7035-5010\\\/#breadcrumb\"},\"inLanguage\":\"fi\",\"potentialAction\":[{\"@type\":\"ReadAction\",\"target\":[\"https:\\\/\\\/storitgroup.com\\\/fi\\\/tuote\\\/pukukaappi-storit-s-ovella-1x300-mm-ral7035-5010\\\/\"]}]},{\"@type\":\"ImageObject\",\"inLanguage\":\"fi\",\"@id\":\"https:\\\/\\\/storitgroup.com\\\/fi\\\/tuote\\\/pukukaappi-storit-s-ovella-1x300-mm-ral7035-5010\\\/#primaryimage\",\"url\":\"https:\\\/\\\/storitgroup.com\\\/uploads\\\/2023\\\/09\\\/8.1-1x300-z.jpg\",\"contentUrl\":\"https:\\\/\\\/storitgroup.com\\\/uploads\\\/2023\\\/09\\\/8.1-1x300-z.jpg\",\"width\":280,\"height\":631},{\"@type\":\"BreadcrumbList\",\"@id\":\"https:\\\/\\\/storitgroup.com\\\/fi\\\/tuote\\\/pukukaappi-storit-s-ovella-1x300-mm-ral7035-5010\\\/#breadcrumb\",\"itemListElement\":[{\"@type\":\"ListItem\",\"position\":1,\"name\":\"Kotisivu\",\"item\":\"https:\\\/\\\/storitgroup.com\\\/fi\\\/\"},{\"@type\":\"ListItem\",\"position\":2,\"name\":\"Tuotteet\",\"item\":\"https:\\\/\\\/storitgroup.com\\\/fi\\\/tuotteet\\\/\"},{\"@type\":\"ListItem\",\"position\":3,\"name\":\"Metallikaapit, pukukaapit\",\"item\":\"https:\\\/\\\/storitgroup.com\\\/fi\\\/metallikaapit-pukukaapit\\\/\"},{\"@type\":\"ListItem\",\"position\":4,\"name\":\"Pukukaapit\",\"item\":\"https:\\\/\\\/storitgroup.com\\\/fi\\\/metallikaapit-pukukaapit\\\/pukukaapit\\\/\"},{\"@type\":\"ListItem\",\"position\":5,\"name\":\"Pukukaappi Storit S-ovella 1&#215;300 mm, RAL7035\\\/5010\"}]},{\"@type\":\"WebSite\",\"@id\":\"https:\\\/\\\/storitgroup.com\\\/fi\\\/#website\",\"url\":\"https:\\\/\\\/storitgroup.com\\\/fi\\\/\",\"name\":\"Storit\",\"description\":\"\",\"potentialAction\":[{\"@type\":\"SearchAction\",\"target\":{\"@type\":\"EntryPoint\",\"urlTemplate\":\"https:\\\/\\\/storitgroup.com\\\/fi\\\/?s={search_term_string}\"},\"query-input\":{\"@type\":\"PropertyValueSpecification\",\"valueRequired\":true,\"valueName\":\"search_term_string\"}}],\"inLanguage\":\"fi\"}]}<\/script>\n<!-- \/ Yoast SEO plugin. -->","yoast_head_json":{"title":"Pukukaappi Storit S-ovella 1x300 mm, RAL7035\/5010 &#8226; Storit","description":"Pukukaappi Storit S-ovella 1x300 mm, RAL7035\/5010 \u2014 kohtuulliseen hintaan. Toimitukset kaikkialle Suomeen! \u261b Tutustu tuotteeseen ja tilaa k\u00e4tev\u00e4sti STORIT-verkkokaupasta!","robots":{"index":"index","follow":"follow","max-snippet":"max-snippet:-1","max-image-preview":"max-image-preview:large","max-video-preview":"max-video-preview:-1"},"canonical":"https:\/\/storitgroup.com\/fi\/tuote\/pukukaappi-storit-s-ovella-1x300-mm-ral7035-5010\/","og_locale":"fi_FI","og_type":"article","og_title":"Pukukaappi Storit S-ovella 1x300 mm, RAL7035\/5010 &#8226; Storit","og_description":"Pukukaappi Storit S-ovella 1x300 mm, RAL7035\/5010 \u2014 kohtuulliseen hintaan. Toimitukset kaikkialle Suomeen! \u261b Tutustu tuotteeseen ja tilaa k\u00e4tev\u00e4sti STORIT-verkkokaupasta!","og_url":"https:\/\/storitgroup.com\/fi\/tuote\/pukukaappi-storit-s-ovella-1x300-mm-ral7035-5010\/","og_site_name":"Storit","article_modified_time":"2024-11-25T12:20:07+00:00","og_image":[{"width":280,"height":631,"url":"https:\/\/storitgroup.com\/uploads\/2023\/09\/8.1-1x300-z.jpg","type":"image\/jpeg"}],"twitter_card":"summary_large_image","twitter_misc":{"Arvioitu lukuaika":"1 minuutti"},"schema":{"@context":"https:\/\/schema.org","@graph":[{"@type":["WebPage","ItemPage"],"@id":"https:\/\/storitgroup.com\/fi\/tuote\/pukukaappi-storit-s-ovella-1x300-mm-ral7035-5010\/","url":"https:\/\/storitgroup.com\/fi\/tuote\/pukukaappi-storit-s-ovella-1x300-mm-ral7035-5010\/","name":"Pukukaappi Storit S-ovella 1x300 mm, RAL7035\/5010 &#8226; Storit","isPartOf":{"@id":"https:\/\/storitgroup.com\/fi\/#website"},"primaryImageOfPage":{"@id":"https:\/\/storitgroup.com\/fi\/tuote\/pukukaappi-storit-s-ovella-1x300-mm-ral7035-5010\/#primaryimage"},"image":{"@id":"https:\/\/storitgroup.com\/fi\/tuote\/pukukaappi-storit-s-ovella-1x300-mm-ral7035-5010\/#primaryimage"},"thumbnailUrl":"https:\/\/storitgroup.com\/uploads\/2023\/09\/8.1-1x300-z.jpg","datePublished":"2023-09-26T10:52:31+00:00","dateModified":"2024-11-25T12:20:07+00:00","description":"Pukukaappi Storit S-ovella 1x300 mm, RAL7035\/5010 \u2014 kohtuulliseen hintaan. Toimitukset kaikkialle Suomeen! \u261b Tutustu tuotteeseen ja tilaa k\u00e4tev\u00e4sti STORIT-verkkokaupasta!","breadcrumb":{"@id":"https:\/\/storitgroup.com\/fi\/tuote\/pukukaappi-storit-s-ovella-1x300-mm-ral7035-5010\/#breadcrumb"},"inLanguage":"fi","potentialAction":[{"@type":"ReadAction","target":["https:\/\/storitgroup.com\/fi\/tuote\/pukukaappi-storit-s-ovella-1x300-mm-ral7035-5010\/"]}]},{"@type":"ImageObject","inLanguage":"fi","@id":"https:\/\/storitgroup.com\/fi\/tuote\/pukukaappi-storit-s-ovella-1x300-mm-ral7035-5010\/#primaryimage","url":"https:\/\/storitgroup.com\/uploads\/2023\/09\/8.1-1x300-z.jpg","contentUrl":"https:\/\/storitgroup.com\/uploads\/2023\/09\/8.1-1x300-z.jpg","width":280,"height":631},{"@type":"BreadcrumbList","@id":"https:\/\/storitgroup.com\/fi\/tuote\/pukukaappi-storit-s-ovella-1x300-mm-ral7035-5010\/#breadcrumb","itemListElement":[{"@type":"ListItem","position":1,"name":"Kotisivu","item":"https:\/\/storitgroup.com\/fi\/"},{"@type":"ListItem","position":2,"name":"Tuotteet","item":"https:\/\/storitgroup.com\/fi\/tuotteet\/"},{"@type":"ListItem","position":3,"name":"Metallikaapit, pukukaapit","item":"https:\/\/storitgroup.com\/fi\/metallikaapit-pukukaapit\/"},{"@type":"ListItem","position":4,"name":"Pukukaapit","item":"https:\/\/storitgroup.com\/fi\/metallikaapit-pukukaapit\/pukukaapit\/"},{"@type":"ListItem","position":5,"name":"Pukukaappi Storit S-ovella 1&#215;300 mm, RAL7035\/5010"}]},{"@type":"WebSite","@id":"https:\/\/storitgroup.com\/fi\/#website","url":"https:\/\/storitgroup.com\/fi\/","name":"Storit","description":"","potentialAction":[{"@type":"SearchAction","target":{"@type":"EntryPoint","urlTemplate":"https:\/\/storitgroup.com\/fi\/?s={search_term_string}"},"query-input":{"@type":"PropertyValueSpecification","valueRequired":true,"valueName":"search_term_string"}}],"inLanguage":"fi"}]}},"_links":{"self":[{"href":"https:\/\/storitgroup.com\/fi\/wp-json\/wp\/v2\/product\/211079","targetHints":{"allow":["GET"]}}],"collection":[{"href":"https:\/\/storitgroup.com\/fi\/wp-json\/wp\/v2\/product"}],"about":[{"href":"https:\/\/storitgroup.com\/fi\/wp-json\/wp\/v2\/types\/product"}],"wp:featuredmedia":[{"embeddable":true,"href":"https:\/\/storitgroup.com\/fi\/wp-json\/wp\/v2\/media\/211331"}],"wp:attachment":[{"href":"https:\/\/storitgroup.com\/fi\/wp-json\/wp\/v2\/media?parent=211079"}],"wp:term":[{"taxonomy":"product_brand","embeddable":true,"href":"https:\/\/storitgroup.com\/fi\/wp-json\/wp\/v2\/product_brand?post=211079"},{"taxonomy":"product_cat","embeddable":true,"href":"https:\/\/storitgroup.com\/fi\/wp-json\/wp\/v2\/product_cat?post=211079"},{"taxonomy":"product_tag","embeddable":true,"href":"https:\/\/storitgroup.com\/fi\/wp-json\/wp\/v2\/product_tag?post=211079"}],"curies":[{"name":"wp","href":"https:\/\/api.w.org\/{rel}","templated":true}]}}