{"id":210999,"date":"2023-09-26T12:18:19","date_gmt":"2023-09-26T09:18:21","guid":{"rendered":"https:\/\/storitgroup.com\/?post_type=product&#038;p=210999"},"modified":"2026-04-03T18:01:59","modified_gmt":"2026-04-03T15:01:59","slug":"lattiateline-2000x900x410-mm","status":"publish","type":"product","link":"https:\/\/storitgroup.com\/fi\/tuote\/lattiateline-2000x900x410-mm\/","title":{"rendered":"Lattiateline 2000x900x410 mm"},"content":{"rendered":"<p>Yksipuolinen lattiateline on k\u00e4tev\u00e4 v\u00e4line, joka muuttaa sen juuri sinulle sopivaksi ty\u00f6kalujen s\u00e4ilytysratkaisuksi. Erikseen myyt\u00e4v\u00e4t hyllyt, laatikkokiskot ja reik\u00e4sein\u00e4t mahdollistavat tarvikkeiden s\u00e4ilytt\u00e4misen eri tasoilla ja erilaisissa j\u00e4rjestelyiss\u00e4. Rungon jalkoihin lis\u00e4tt\u00e4v\u00e4t pidennykset tekev\u00e4t siit\u00e4 kaksipuolisen, laajentaen entisest\u00e4\u00e4n s\u00e4ilytysvaihtoehtoja.<\/p>\n","protected":false},"excerpt":{"rendered":"<p>Yksipuolinen lattiateline on k\u00e4tev\u00e4 v\u00e4line, joka muuttaa sen juuri sinulle sopivaksi ty\u00f6kalujen s\u00e4ilytysratkaisuksi. Erikseen myyt\u00e4v\u00e4t hyllyt, laatikkokiskot ja reik\u00e4sein\u00e4t mahdollistavat tarvikkeiden s\u00e4ilytt\u00e4misen eri tasoilla ja erilaisissa j\u00e4rjestelyiss\u00e4. Rungon jalkoihin lis\u00e4tt\u00e4v\u00e4t pidennykset tekev\u00e4t siit\u00e4 kaksipuolisen, laajentaen entisest\u00e4\u00e4n s\u00e4ilytysvaihtoehtoja.<\/p>\n","protected":false},"featured_media":211034,"template":"","meta":{"_acf_changed":false},"product_brand":[],"product_cat":[7210],"product_tag":[],"class_list":{"0":"post-210999","1":"product","2":"type-product","3":"status-publish","4":"has-post-thumbnail","6":"product_room-pieni-varasto","7":"product_room-kotiratkaisut","8":"product_room-kompaktit-varastot","9":"product_room-tyopaja-ja-autotalli","10":"product_cat-sailytyslaatikot-schoeller","12":"first","13":"onbackorder","14":"taxable","15":"shipping-taxable","16":"purchasable","17":"product-type-simple"},"acf":[],"yoast_head":"<!-- This site is optimized with the Yoast SEO plugin v27.2 - https:\/\/yoast.com\/product\/yoast-seo-wordpress\/ -->\n<title>Lattiateline 2000x900x410 mm &#8226; Storit<\/title>\n<meta name=\"description\" content=\"Lattiateline 2000x900x410 mm \u2014 kohtuulliseen hintaan. Toimitukset kaikkialle Suomeen! \u261b Tutustu tuotteeseen ja tilaa k\u00e4tev\u00e4sti STORIT-verkkokaupasta!\" \/>\n<meta name=\"robots\" content=\"index, follow, max-snippet:-1, max-image-preview:large, max-video-preview:-1\" \/>\n<link rel=\"canonical\" href=\"https:\/\/storitgroup.com\/fi\/tuote\/lattiateline-2000x900x410-mm\/\" \/>\n<meta property=\"og:locale\" content=\"fi_FI\" \/>\n<meta property=\"og:type\" content=\"article\" \/>\n<meta property=\"og:title\" content=\"Lattiateline 2000x900x410 mm &#8226; Storit\" \/>\n<meta property=\"og:description\" content=\"Lattiateline 2000x900x410 mm \u2014 kohtuulliseen hintaan. Toimitukset kaikkialle Suomeen! \u261b Tutustu tuotteeseen ja tilaa k\u00e4tev\u00e4sti STORIT-verkkokaupasta!\" \/>\n<meta property=\"og:url\" content=\"https:\/\/storitgroup.com\/fi\/tuote\/lattiateline-2000x900x410-mm\/\" \/>\n<meta property=\"og:site_name\" content=\"Storit\" \/>\n<meta property=\"article:modified_time\" content=\"2026-04-03T15:01:59+00:00\" \/>\n<meta property=\"og:image\" content=\"https:\/\/storitgroup.com\/uploads\/2023\/09\/21.-9010_2000mm.jpg\" \/>\n\t<meta property=\"og:image:width\" content=\"391\" \/>\n\t<meta property=\"og:image:height\" content=\"629\" \/>\n\t<meta property=\"og:image:type\" content=\"image\/jpeg\" \/>\n<meta name=\"twitter:card\" content=\"summary_large_image\" \/>\n<script type=\"application\/ld+json\" class=\"yoast-schema-graph\">{\"@context\":\"https:\/\/schema.org\",\"@graph\":[{\"@type\":[\"WebPage\",\"ItemPage\"],\"@id\":\"https:\/\/storitgroup.com\/fi\/tuote\/lattiateline-2000x900x410-mm\/\",\"url\":\"https:\/\/storitgroup.com\/fi\/tuote\/lattiateline-2000x900x410-mm\/\",\"name\":\"Lattiateline 2000x900x410 mm &#8226; Storit\",\"isPartOf\":{\"@id\":\"https:\/\/storitgroup.com\/fi\/#website\"},\"primaryImageOfPage\":{\"@id\":\"https:\/\/storitgroup.com\/fi\/tuote\/lattiateline-2000x900x410-mm\/#primaryimage\"},\"image\":{\"@id\":\"https:\/\/storitgroup.com\/fi\/tuote\/lattiateline-2000x900x410-mm\/#primaryimage\"},\"thumbnailUrl\":\"https:\/\/storitgroup.com\/uploads\/2023\/09\/21.-9010_2000mm.jpg\",\"datePublished\":\"2023-09-26T09:18:21+00:00\",\"dateModified\":\"2026-04-03T15:01:59+00:00\",\"description\":\"Lattiateline 2000x900x410 mm \u2014 kohtuulliseen hintaan. Toimitukset kaikkialle Suomeen! \u261b Tutustu tuotteeseen ja tilaa k\u00e4tev\u00e4sti STORIT-verkkokaupasta!\",\"breadcrumb\":{\"@id\":\"https:\/\/storitgroup.com\/fi\/tuote\/lattiateline-2000x900x410-mm\/#breadcrumb\"},\"inLanguage\":\"fi\",\"potentialAction\":[{\"@type\":\"ReadAction\",\"target\":[\"https:\/\/storitgroup.com\/fi\/tuote\/lattiateline-2000x900x410-mm\/\"]}]},{\"@type\":\"ImageObject\",\"inLanguage\":\"fi\",\"@id\":\"https:\/\/storitgroup.com\/fi\/tuote\/lattiateline-2000x900x410-mm\/#primaryimage\",\"url\":\"https:\/\/storitgroup.com\/uploads\/2023\/09\/21.-9010_2000mm.jpg\",\"contentUrl\":\"https:\/\/storitgroup.com\/uploads\/2023\/09\/21.-9010_2000mm.jpg\",\"width\":391,\"height\":629},{\"@type\":\"BreadcrumbList\",\"@id\":\"https:\/\/storitgroup.com\/fi\/tuote\/lattiateline-2000x900x410-mm\/#breadcrumb\",\"itemListElement\":[{\"@type\":\"ListItem\",\"position\":1,\"name\":\"Kotisivu\",\"item\":\"https:\/\/storitgroup.com\/fi\/\"},{\"@type\":\"ListItem\",\"position\":2,\"name\":\"Tuotteet\",\"item\":\"https:\/\/storitgroup.com\/fi\/tuotteet\/\"},{\"@type\":\"ListItem\",\"position\":3,\"name\":\"Varastolaatikot, s\u00e4ilytyslaatikot\",\"item\":\"https:\/\/storitgroup.com\/fi\/varastolaatikot-sailytyslaatikot\/\"},{\"@type\":\"ListItem\",\"position\":4,\"name\":\"S\u00e4ilytyslaatikot, telinelaatikot (sadonkorjuulaatikot)\",\"item\":\"https:\/\/storitgroup.com\/fi\/varastolaatikot-sailytyslaatikot\/sailytyslaatikot-telinelaatikot-sadonkorjuulaatikot\/\"},{\"@type\":\"ListItem\",\"position\":5,\"name\":\"S\u00e4ilytyslaatikot: SCHOELLER\",\"item\":\"https:\/\/storitgroup.com\/fi\/varastolaatikot-sailytyslaatikot\/sailytyslaatikot-telinelaatikot-sadonkorjuulaatikot\/sailytyslaatikot-schoeller\/\"},{\"@type\":\"ListItem\",\"position\":6,\"name\":\"Lattiateline 2000x900x410 mm\"}]},{\"@type\":\"WebSite\",\"@id\":\"https:\/\/storitgroup.com\/fi\/#website\",\"url\":\"https:\/\/storitgroup.com\/fi\/\",\"name\":\"Storit\",\"description\":\"\",\"potentialAction\":[{\"@type\":\"SearchAction\",\"target\":{\"@type\":\"EntryPoint\",\"urlTemplate\":\"https:\/\/storitgroup.com\/fi\/?s={search_term_string}\"},\"query-input\":{\"@type\":\"PropertyValueSpecification\",\"valueRequired\":true,\"valueName\":\"search_term_string\"}}],\"inLanguage\":\"fi\"}]}<\/script>\n<!-- \/ Yoast SEO plugin. -->","yoast_head_json":{"title":"Lattiateline 2000x900x410 mm &#8226; Storit","description":"Lattiateline 2000x900x410 mm \u2014 kohtuulliseen hintaan. Toimitukset kaikkialle Suomeen! \u261b Tutustu tuotteeseen ja tilaa k\u00e4tev\u00e4sti STORIT-verkkokaupasta!","robots":{"index":"index","follow":"follow","max-snippet":"max-snippet:-1","max-image-preview":"max-image-preview:large","max-video-preview":"max-video-preview:-1"},"canonical":"https:\/\/storitgroup.com\/fi\/tuote\/lattiateline-2000x900x410-mm\/","og_locale":"fi_FI","og_type":"article","og_title":"Lattiateline 2000x900x410 mm &#8226; Storit","og_description":"Lattiateline 2000x900x410 mm \u2014 kohtuulliseen hintaan. Toimitukset kaikkialle Suomeen! \u261b Tutustu tuotteeseen ja tilaa k\u00e4tev\u00e4sti STORIT-verkkokaupasta!","og_url":"https:\/\/storitgroup.com\/fi\/tuote\/lattiateline-2000x900x410-mm\/","og_site_name":"Storit","article_modified_time":"2026-04-03T15:01:59+00:00","og_image":[{"width":391,"height":629,"url":"https:\/\/storitgroup.com\/uploads\/2023\/09\/21.-9010_2000mm.jpg","type":"image\/jpeg"}],"twitter_card":"summary_large_image","schema":{"@context":"https:\/\/schema.org","@graph":[{"@type":["WebPage","ItemPage"],"@id":"https:\/\/storitgroup.com\/fi\/tuote\/lattiateline-2000x900x410-mm\/","url":"https:\/\/storitgroup.com\/fi\/tuote\/lattiateline-2000x900x410-mm\/","name":"Lattiateline 2000x900x410 mm &#8226; Storit","isPartOf":{"@id":"https:\/\/storitgroup.com\/fi\/#website"},"primaryImageOfPage":{"@id":"https:\/\/storitgroup.com\/fi\/tuote\/lattiateline-2000x900x410-mm\/#primaryimage"},"image":{"@id":"https:\/\/storitgroup.com\/fi\/tuote\/lattiateline-2000x900x410-mm\/#primaryimage"},"thumbnailUrl":"https:\/\/storitgroup.com\/uploads\/2023\/09\/21.-9010_2000mm.jpg","datePublished":"2023-09-26T09:18:21+00:00","dateModified":"2026-04-03T15:01:59+00:00","description":"Lattiateline 2000x900x410 mm \u2014 kohtuulliseen hintaan. Toimitukset kaikkialle Suomeen! \u261b Tutustu tuotteeseen ja tilaa k\u00e4tev\u00e4sti STORIT-verkkokaupasta!","breadcrumb":{"@id":"https:\/\/storitgroup.com\/fi\/tuote\/lattiateline-2000x900x410-mm\/#breadcrumb"},"inLanguage":"fi","potentialAction":[{"@type":"ReadAction","target":["https:\/\/storitgroup.com\/fi\/tuote\/lattiateline-2000x900x410-mm\/"]}]},{"@type":"ImageObject","inLanguage":"fi","@id":"https:\/\/storitgroup.com\/fi\/tuote\/lattiateline-2000x900x410-mm\/#primaryimage","url":"https:\/\/storitgroup.com\/uploads\/2023\/09\/21.-9010_2000mm.jpg","contentUrl":"https:\/\/storitgroup.com\/uploads\/2023\/09\/21.-9010_2000mm.jpg","width":391,"height":629},{"@type":"BreadcrumbList","@id":"https:\/\/storitgroup.com\/fi\/tuote\/lattiateline-2000x900x410-mm\/#breadcrumb","itemListElement":[{"@type":"ListItem","position":1,"name":"Kotisivu","item":"https:\/\/storitgroup.com\/fi\/"},{"@type":"ListItem","position":2,"name":"Tuotteet","item":"https:\/\/storitgroup.com\/fi\/tuotteet\/"},{"@type":"ListItem","position":3,"name":"Varastolaatikot, s\u00e4ilytyslaatikot","item":"https:\/\/storitgroup.com\/fi\/varastolaatikot-sailytyslaatikot\/"},{"@type":"ListItem","position":4,"name":"S\u00e4ilytyslaatikot, telinelaatikot (sadonkorjuulaatikot)","item":"https:\/\/storitgroup.com\/fi\/varastolaatikot-sailytyslaatikot\/sailytyslaatikot-telinelaatikot-sadonkorjuulaatikot\/"},{"@type":"ListItem","position":5,"name":"S\u00e4ilytyslaatikot: SCHOELLER","item":"https:\/\/storitgroup.com\/fi\/varastolaatikot-sailytyslaatikot\/sailytyslaatikot-telinelaatikot-sadonkorjuulaatikot\/sailytyslaatikot-schoeller\/"},{"@type":"ListItem","position":6,"name":"Lattiateline 2000x900x410 mm"}]},{"@type":"WebSite","@id":"https:\/\/storitgroup.com\/fi\/#website","url":"https:\/\/storitgroup.com\/fi\/","name":"Storit","description":"","potentialAction":[{"@type":"SearchAction","target":{"@type":"EntryPoint","urlTemplate":"https:\/\/storitgroup.com\/fi\/?s={search_term_string}"},"query-input":{"@type":"PropertyValueSpecification","valueRequired":true,"valueName":"search_term_string"}}],"inLanguage":"fi"}]}},"_links":{"self":[{"href":"https:\/\/storitgroup.com\/fi\/wp-json\/wp\/v2\/product\/210999","targetHints":{"allow":["GET"]}}],"collection":[{"href":"https:\/\/storitgroup.com\/fi\/wp-json\/wp\/v2\/product"}],"about":[{"href":"https:\/\/storitgroup.com\/fi\/wp-json\/wp\/v2\/types\/product"}],"wp:featuredmedia":[{"embeddable":true,"href":"https:\/\/storitgroup.com\/fi\/wp-json\/wp\/v2\/media\/211034"}],"wp:attachment":[{"href":"https:\/\/storitgroup.com\/fi\/wp-json\/wp\/v2\/media?parent=210999"}],"wp:term":[{"taxonomy":"product_brand","embeddable":true,"href":"https:\/\/storitgroup.com\/fi\/wp-json\/wp\/v2\/product_brand?post=210999"},{"taxonomy":"product_cat","embeddable":true,"href":"https:\/\/storitgroup.com\/fi\/wp-json\/wp\/v2\/product_cat?post=210999"},{"taxonomy":"product_tag","embeddable":true,"href":"https:\/\/storitgroup.com\/fi\/wp-json\/wp\/v2\/product_tag?post=210999"}],"curies":[{"name":"wp","href":"https:\/\/api.w.org\/{rel}","templated":true}]}}