{"id":208020,"date":"2023-06-08T15:00:16","date_gmt":"2023-07-04T04:38:03","guid":{"rendered":"https:\/\/storitgroup.com\/?post_type=product&#038;p=208020"},"modified":"2026-04-09T00:30:06","modified_gmt":"2026-04-08T21:30:06","slug":"moottorikayttoinen-nokkakarry-clm-200-200kg-ilmakumipyorat","status":"publish","type":"product","link":"https:\/\/storitgroup.com\/fi\/tuote\/moottorikayttoinen-nokkakarry-clm-200-200kg-ilmakumipyorat\/","title":{"rendered":"Moottorik\u00e4ytt\u00f6inen nokkak\u00e4rry CLM 200 (200kg Ilmakumipy\u00f6r\u00e4t)"},"content":{"rendered":"<p>Moottoroitu matkatavaravaunu 200 kg painaville esineille.<br \/>Tavaravaunussa on 250 W moottori, litiumioniakku, tukilevy ja taittolevy.<br \/>Ladattava litiumioniakku 24 V.<br \/>Moottoroitu matkatavaravaunu toimitetaan koottuna ja k\u00e4ytt\u00f6valmiina 220 V laturilla.<\/p>\n","protected":false},"excerpt":{"rendered":"<p>Moottoroitu matkatavaravaunu 200 kg painaville esineille.<br \/>\nTavaravaunussa on 250 W moottori, litiumioniakku, tukilevy ja taittolevy.<br \/>\nLadattava litiumioniakku 24 V.Moottoroitu matkatavaravaunu toimitetaan koottuna ja k\u00e4ytt\u00f6valmiina 220 V laturilla.<\/p>\n","protected":false},"featured_media":208309,"template":"","meta":{"_acf_changed":false},"product_brand":[],"product_cat":[7079],"product_tag":[],"class_list":{"0":"post-208020","1":"product","2":"type-product","3":"status-publish","4":"has-post-thumbnail","6":"product_room-kokoonpano-ja-keraily","7":"product_room-kaupankaynti-ja-myymalat","8":"product_room-pakkaus","9":"product_room-iso-varasto","10":"product_room-pieni-varasto","11":"product_room-kuljetus-ja-logistiikka","12":"product_room-arkisto-museo","13":"product_cat-nokkakarryt-tavarakarryt","15":"first","16":"onbackorder","17":"taxable","18":"shipping-taxable","19":"purchasable","20":"product-type-simple"},"acf":[],"yoast_head":"<!-- This site is optimized with the Yoast SEO plugin v27.2 - https:\/\/yoast.com\/product\/yoast-seo-wordpress\/ -->\n<title>Moottorik\u00e4ytt\u00f6inen nokkak\u00e4rry CLM 200 (200kg Ilmakumipy\u00f6r\u00e4t) &#8226; Storit<\/title>\n<meta name=\"description\" content=\"Moottorik\u00e4ytt\u00f6inen nokkak\u00e4rry CLM 200 (200kg Ilmakumipy\u00f6r\u00e4t) \u2014 kohtuulliseen hintaan. Toimitukset kaikkialle Suomeen! \u261b Tutustu tuotteeseen ja tilaa k\u00e4tev\u00e4sti STORIT-verkkokaupasta!\" \/>\n<meta name=\"robots\" content=\"index, follow, max-snippet:-1, max-image-preview:large, max-video-preview:-1\" \/>\n<link rel=\"canonical\" href=\"https:\/\/storitgroup.com\/fi\/tuote\/moottorikayttoinen-nokkakarry-clm-200-200kg-ilmakumipyorat\/\" \/>\n<meta property=\"og:locale\" content=\"fi_FI\" \/>\n<meta property=\"og:type\" content=\"article\" \/>\n<meta property=\"og:title\" content=\"Moottorik\u00e4ytt\u00f6inen nokkak\u00e4rry CLM 200 (200kg Ilmakumipy\u00f6r\u00e4t) &#8226; Storit\" \/>\n<meta property=\"og:description\" content=\"Moottorik\u00e4ytt\u00f6inen nokkak\u00e4rry CLM 200 (200kg Ilmakumipy\u00f6r\u00e4t) \u2014 kohtuulliseen hintaan. Toimitukset kaikkialle Suomeen! \u261b Tutustu tuotteeseen ja tilaa k\u00e4tev\u00e4sti STORIT-verkkokaupasta!\" \/>\n<meta property=\"og:url\" content=\"https:\/\/storitgroup.com\/fi\/tuote\/moottorikayttoinen-nokkakarry-clm-200-200kg-ilmakumipyorat\/\" \/>\n<meta property=\"og:site_name\" content=\"Storit\" \/>\n<meta property=\"article:modified_time\" content=\"2026-04-08T21:30:06+00:00\" \/>\n<meta property=\"og:image\" content=\"https:\/\/storitgroup.com\/uploads\/2023\/06\/clm-200-scaled.jpg\" \/>\n\t<meta property=\"og:image:width\" content=\"2150\" \/>\n\t<meta property=\"og:image:height\" content=\"2560\" \/>\n\t<meta property=\"og:image:type\" content=\"image\/jpeg\" \/>\n<meta name=\"twitter:card\" content=\"summary_large_image\" \/>\n<script type=\"application\/ld+json\" class=\"yoast-schema-graph\">{\"@context\":\"https:\/\/schema.org\",\"@graph\":[{\"@type\":[\"WebPage\",\"ItemPage\"],\"@id\":\"https:\/\/storitgroup.com\/fi\/tuote\/moottorikayttoinen-nokkakarry-clm-200-200kg-ilmakumipyorat\/\",\"url\":\"https:\/\/storitgroup.com\/fi\/tuote\/moottorikayttoinen-nokkakarry-clm-200-200kg-ilmakumipyorat\/\",\"name\":\"Moottorik\u00e4ytt\u00f6inen nokkak\u00e4rry CLM 200 (200kg Ilmakumipy\u00f6r\u00e4t) &#8226; Storit\",\"isPartOf\":{\"@id\":\"https:\/\/storitgroup.com\/fi\/#website\"},\"primaryImageOfPage\":{\"@id\":\"https:\/\/storitgroup.com\/fi\/tuote\/moottorikayttoinen-nokkakarry-clm-200-200kg-ilmakumipyorat\/#primaryimage\"},\"image\":{\"@id\":\"https:\/\/storitgroup.com\/fi\/tuote\/moottorikayttoinen-nokkakarry-clm-200-200kg-ilmakumipyorat\/#primaryimage\"},\"thumbnailUrl\":\"https:\/\/storitgroup.com\/uploads\/2023\/06\/clm-200-scaled.jpg\",\"datePublished\":\"2023-07-04T04:38:03+00:00\",\"dateModified\":\"2026-04-08T21:30:06+00:00\",\"description\":\"Moottorik\u00e4ytt\u00f6inen nokkak\u00e4rry CLM 200 (200kg Ilmakumipy\u00f6r\u00e4t) \u2014 kohtuulliseen hintaan. Toimitukset kaikkialle Suomeen! \u261b Tutustu tuotteeseen ja tilaa k\u00e4tev\u00e4sti STORIT-verkkokaupasta!\",\"breadcrumb\":{\"@id\":\"https:\/\/storitgroup.com\/fi\/tuote\/moottorikayttoinen-nokkakarry-clm-200-200kg-ilmakumipyorat\/#breadcrumb\"},\"inLanguage\":\"fi\",\"potentialAction\":[{\"@type\":\"ReadAction\",\"target\":[\"https:\/\/storitgroup.com\/fi\/tuote\/moottorikayttoinen-nokkakarry-clm-200-200kg-ilmakumipyorat\/\"]}]},{\"@type\":\"ImageObject\",\"inLanguage\":\"fi\",\"@id\":\"https:\/\/storitgroup.com\/fi\/tuote\/moottorikayttoinen-nokkakarry-clm-200-200kg-ilmakumipyorat\/#primaryimage\",\"url\":\"https:\/\/storitgroup.com\/uploads\/2023\/06\/clm-200-scaled.jpg\",\"contentUrl\":\"https:\/\/storitgroup.com\/uploads\/2023\/06\/clm-200-scaled.jpg\",\"width\":2150,\"height\":2560},{\"@type\":\"BreadcrumbList\",\"@id\":\"https:\/\/storitgroup.com\/fi\/tuote\/moottorikayttoinen-nokkakarry-clm-200-200kg-ilmakumipyorat\/#breadcrumb\",\"itemListElement\":[{\"@type\":\"ListItem\",\"position\":1,\"name\":\"Kotisivu\",\"item\":\"https:\/\/storitgroup.com\/fi\/\"},{\"@type\":\"ListItem\",\"position\":2,\"name\":\"Tuotteet\",\"item\":\"https:\/\/storitgroup.com\/fi\/tuotteet\/\"},{\"@type\":\"ListItem\",\"position\":3,\"name\":\"Varastovaunut, py\u00f6r\u00e4t\",\"item\":\"https:\/\/storitgroup.com\/fi\/varastovaunut-pyorat\/\"},{\"@type\":\"ListItem\",\"position\":4,\"name\":\"Nokkak\u00e4rryt, tavarak\u00e4rryt\",\"item\":\"https:\/\/storitgroup.com\/fi\/varastovaunut-pyorat\/nokkakarryt-tavarakarryt\/\"},{\"@type\":\"ListItem\",\"position\":5,\"name\":\"Moottorik\u00e4ytt\u00f6inen nokkak\u00e4rry CLM 200 (200kg Ilmakumipy\u00f6r\u00e4t)\"}]},{\"@type\":\"WebSite\",\"@id\":\"https:\/\/storitgroup.com\/fi\/#website\",\"url\":\"https:\/\/storitgroup.com\/fi\/\",\"name\":\"Storit\",\"description\":\"\",\"potentialAction\":[{\"@type\":\"SearchAction\",\"target\":{\"@type\":\"EntryPoint\",\"urlTemplate\":\"https:\/\/storitgroup.com\/fi\/?s={search_term_string}\"},\"query-input\":{\"@type\":\"PropertyValueSpecification\",\"valueRequired\":true,\"valueName\":\"search_term_string\"}}],\"inLanguage\":\"fi\"}]}<\/script>\n<!-- \/ Yoast SEO plugin. -->","yoast_head_json":{"title":"Moottorik\u00e4ytt\u00f6inen nokkak\u00e4rry CLM 200 (200kg Ilmakumipy\u00f6r\u00e4t) &#8226; Storit","description":"Moottorik\u00e4ytt\u00f6inen nokkak\u00e4rry CLM 200 (200kg Ilmakumipy\u00f6r\u00e4t) \u2014 kohtuulliseen hintaan. Toimitukset kaikkialle Suomeen! \u261b Tutustu tuotteeseen ja tilaa k\u00e4tev\u00e4sti STORIT-verkkokaupasta!","robots":{"index":"index","follow":"follow","max-snippet":"max-snippet:-1","max-image-preview":"max-image-preview:large","max-video-preview":"max-video-preview:-1"},"canonical":"https:\/\/storitgroup.com\/fi\/tuote\/moottorikayttoinen-nokkakarry-clm-200-200kg-ilmakumipyorat\/","og_locale":"fi_FI","og_type":"article","og_title":"Moottorik\u00e4ytt\u00f6inen nokkak\u00e4rry CLM 200 (200kg Ilmakumipy\u00f6r\u00e4t) &#8226; Storit","og_description":"Moottorik\u00e4ytt\u00f6inen nokkak\u00e4rry CLM 200 (200kg Ilmakumipy\u00f6r\u00e4t) \u2014 kohtuulliseen hintaan. Toimitukset kaikkialle Suomeen! \u261b Tutustu tuotteeseen ja tilaa k\u00e4tev\u00e4sti STORIT-verkkokaupasta!","og_url":"https:\/\/storitgroup.com\/fi\/tuote\/moottorikayttoinen-nokkakarry-clm-200-200kg-ilmakumipyorat\/","og_site_name":"Storit","article_modified_time":"2026-04-08T21:30:06+00:00","og_image":[{"width":2150,"height":2560,"url":"https:\/\/storitgroup.com\/uploads\/2023\/06\/clm-200-scaled.jpg","type":"image\/jpeg"}],"twitter_card":"summary_large_image","schema":{"@context":"https:\/\/schema.org","@graph":[{"@type":["WebPage","ItemPage"],"@id":"https:\/\/storitgroup.com\/fi\/tuote\/moottorikayttoinen-nokkakarry-clm-200-200kg-ilmakumipyorat\/","url":"https:\/\/storitgroup.com\/fi\/tuote\/moottorikayttoinen-nokkakarry-clm-200-200kg-ilmakumipyorat\/","name":"Moottorik\u00e4ytt\u00f6inen nokkak\u00e4rry CLM 200 (200kg Ilmakumipy\u00f6r\u00e4t) &#8226; Storit","isPartOf":{"@id":"https:\/\/storitgroup.com\/fi\/#website"},"primaryImageOfPage":{"@id":"https:\/\/storitgroup.com\/fi\/tuote\/moottorikayttoinen-nokkakarry-clm-200-200kg-ilmakumipyorat\/#primaryimage"},"image":{"@id":"https:\/\/storitgroup.com\/fi\/tuote\/moottorikayttoinen-nokkakarry-clm-200-200kg-ilmakumipyorat\/#primaryimage"},"thumbnailUrl":"https:\/\/storitgroup.com\/uploads\/2023\/06\/clm-200-scaled.jpg","datePublished":"2023-07-04T04:38:03+00:00","dateModified":"2026-04-08T21:30:06+00:00","description":"Moottorik\u00e4ytt\u00f6inen nokkak\u00e4rry CLM 200 (200kg Ilmakumipy\u00f6r\u00e4t) \u2014 kohtuulliseen hintaan. Toimitukset kaikkialle Suomeen! \u261b Tutustu tuotteeseen ja tilaa k\u00e4tev\u00e4sti STORIT-verkkokaupasta!","breadcrumb":{"@id":"https:\/\/storitgroup.com\/fi\/tuote\/moottorikayttoinen-nokkakarry-clm-200-200kg-ilmakumipyorat\/#breadcrumb"},"inLanguage":"fi","potentialAction":[{"@type":"ReadAction","target":["https:\/\/storitgroup.com\/fi\/tuote\/moottorikayttoinen-nokkakarry-clm-200-200kg-ilmakumipyorat\/"]}]},{"@type":"ImageObject","inLanguage":"fi","@id":"https:\/\/storitgroup.com\/fi\/tuote\/moottorikayttoinen-nokkakarry-clm-200-200kg-ilmakumipyorat\/#primaryimage","url":"https:\/\/storitgroup.com\/uploads\/2023\/06\/clm-200-scaled.jpg","contentUrl":"https:\/\/storitgroup.com\/uploads\/2023\/06\/clm-200-scaled.jpg","width":2150,"height":2560},{"@type":"BreadcrumbList","@id":"https:\/\/storitgroup.com\/fi\/tuote\/moottorikayttoinen-nokkakarry-clm-200-200kg-ilmakumipyorat\/#breadcrumb","itemListElement":[{"@type":"ListItem","position":1,"name":"Kotisivu","item":"https:\/\/storitgroup.com\/fi\/"},{"@type":"ListItem","position":2,"name":"Tuotteet","item":"https:\/\/storitgroup.com\/fi\/tuotteet\/"},{"@type":"ListItem","position":3,"name":"Varastovaunut, py\u00f6r\u00e4t","item":"https:\/\/storitgroup.com\/fi\/varastovaunut-pyorat\/"},{"@type":"ListItem","position":4,"name":"Nokkak\u00e4rryt, tavarak\u00e4rryt","item":"https:\/\/storitgroup.com\/fi\/varastovaunut-pyorat\/nokkakarryt-tavarakarryt\/"},{"@type":"ListItem","position":5,"name":"Moottorik\u00e4ytt\u00f6inen nokkak\u00e4rry CLM 200 (200kg Ilmakumipy\u00f6r\u00e4t)"}]},{"@type":"WebSite","@id":"https:\/\/storitgroup.com\/fi\/#website","url":"https:\/\/storitgroup.com\/fi\/","name":"Storit","description":"","potentialAction":[{"@type":"SearchAction","target":{"@type":"EntryPoint","urlTemplate":"https:\/\/storitgroup.com\/fi\/?s={search_term_string}"},"query-input":{"@type":"PropertyValueSpecification","valueRequired":true,"valueName":"search_term_string"}}],"inLanguage":"fi"}]}},"_links":{"self":[{"href":"https:\/\/storitgroup.com\/fi\/wp-json\/wp\/v2\/product\/208020","targetHints":{"allow":["GET"]}}],"collection":[{"href":"https:\/\/storitgroup.com\/fi\/wp-json\/wp\/v2\/product"}],"about":[{"href":"https:\/\/storitgroup.com\/fi\/wp-json\/wp\/v2\/types\/product"}],"wp:featuredmedia":[{"embeddable":true,"href":"https:\/\/storitgroup.com\/fi\/wp-json\/wp\/v2\/media\/208309"}],"wp:attachment":[{"href":"https:\/\/storitgroup.com\/fi\/wp-json\/wp\/v2\/media?parent=208020"}],"wp:term":[{"taxonomy":"product_brand","embeddable":true,"href":"https:\/\/storitgroup.com\/fi\/wp-json\/wp\/v2\/product_brand?post=208020"},{"taxonomy":"product_cat","embeddable":true,"href":"https:\/\/storitgroup.com\/fi\/wp-json\/wp\/v2\/product_cat?post=208020"},{"taxonomy":"product_tag","embeddable":true,"href":"https:\/\/storitgroup.com\/fi\/wp-json\/wp\/v2\/product_tag?post=208020"}],"curies":[{"name":"wp","href":"https:\/\/api.w.org\/{rel}","templated":true}]}}