{"id":206977,"date":"2023-07-04T07:38:06","date_gmt":"2023-07-04T04:38:06","guid":{"rendered":"https:\/\/storitgroup.com\/?post_type=product&#038;p=206977"},"modified":"2024-11-25T15:12:08","modified_gmt":"2024-11-25T13:12:08","slug":"sahkokayttoinen-lavavaunu-tw-1250x600mm-1-taso","status":"publish","type":"product","link":"https:\/\/storitgroup.com\/fi\/tuote\/sahkokayttoinen-lavavaunu-tw-1250x600mm-1-taso\/","title":{"rendered":"S\u00e4hk\u00f6k\u00e4ytt\u00f6inen lavavaunu TW 1250x600mm, 1 taso"},"content":{"rendered":"<p>Akkuk\u00e4ytt\u00f6inen varastovaunu, jossa tehokas s\u00e4hk\u00f6moottori ja ohjauspaneeli. Kantavuus: 500 kg. T\u00e4m\u00e4 malli on 8 cm korkeampi kuin tavallinen vaunu, ja se on varustettu tehokkailla off-road-py\u00f6rill\u00e4, jotka soveltuvat ajamiseen ep\u00e4tasaisessa maastossa. Tukilevy on valmistettu FSC-hyv\u00e4ksytyst\u00e4 eurooppalaisesta laatupuusta. Runko on valmistettu eurooppalaisesta laadukkaasta ter\u00e4ksest\u00e4 ja maalattu ominaisella keltaisella s\u00e4\u00e4nkest\u00e4v\u00e4ll\u00e4 UV-lakalla. Helppo k\u00e4ytt\u00e4\u00e4 eteenp\u00e4in- ja peruutusajolla. Nopeudens\u00e4\u00e4t\u00f6 1km\/h &#8211; 6km\/h. Akku: 20Ah. T\u00e4ysi akun lataus kest\u00e4\u00e4 6 tuntia. Ajokilometri yhdell\u00e4 latauksella jopa 10 km.<\/p>\n","protected":false},"excerpt":{"rendered":"<p>Akkuk\u00e4ytt\u00f6inen varastovaunu, jossa tehokas s\u00e4hk\u00f6moottori ja ohjauspaneeli. Kantavuus: 500 kg. T\u00e4m\u00e4 malli on 8 cm korkeampi kuin tavallinen vaunu, ja se on varustettu tehokkailla off-road-py\u00f6rill\u00e4, jotka soveltuvat ajamiseen ep\u00e4tasaisessa maastossa. Tukilevy on valmistettu FSC-hyv\u00e4ksytyst\u00e4 eurooppalaisesta laatupuusta. Runko on valmistettu eurooppalaisesta laadukkaasta ter\u00e4ksest\u00e4 ja maalattu ominaisella keltaisella s\u00e4\u00e4nkest\u00e4v\u00e4ll\u00e4 UV-lakalla. Helppo k\u00e4ytt\u00e4\u00e4 eteenp\u00e4in- ja peruutusajolla. Nopeudens\u00e4\u00e4t\u00f6 1km\/h &#8211; 6km\/h. Akku: 20Ah. T\u00e4ysi akun lataus kest\u00e4\u00e4 6 tuntia. Ajokilometri yhdell\u00e4 latauksella jopa 10 km.<\/p>\n","protected":false},"featured_media":208336,"template":"","meta":{"_acf_changed":false},"product_brand":[],"product_cat":[7080],"product_tag":[],"class_list":{"0":"post-206977","1":"product","2":"type-product","3":"status-publish","4":"has-post-thumbnail","6":"product_room-pieni-varasto","7":"product_room-kuljetus-ja-logistiikka","8":"product_room-arkisto-museo","9":"product_room-kokoonpano-ja-keraily","10":"product_room-kaupankaynti-ja-myymalat","11":"product_room-pakkaus","12":"product_room-iso-varasto","13":"product_cat-tasovaunut-hyllykarryt","15":"first","16":"onbackorder","17":"taxable","18":"shipping-taxable","19":"purchasable","20":"product-type-simple"},"acf":[],"yoast_head":"<!-- This site is optimized with the Yoast SEO plugin v27.4 - https:\/\/yoast.com\/product\/yoast-seo-wordpress\/ -->\n<title>S\u00e4hk\u00f6k\u00e4ytt\u00f6inen lavavaunu TW 1250x600mm, 1 taso &#8226; Storit<\/title>\n<meta name=\"description\" content=\"S\u00e4hk\u00f6k\u00e4ytt\u00f6inen lavavaunu TW 1250x600mm, 1 taso \u2014 kohtuulliseen hintaan. Toimitukset kaikkialle Suomeen! \u261b Tutustu tuotteeseen ja tilaa k\u00e4tev\u00e4sti STORIT-verkkokaupasta!\" \/>\n<meta name=\"robots\" content=\"index, follow, max-snippet:-1, max-image-preview:large, max-video-preview:-1\" \/>\n<link rel=\"canonical\" href=\"https:\/\/storitgroup.com\/fi\/tuote\/sahkokayttoinen-lavavaunu-tw-1250x600mm-1-taso\/\" \/>\n<meta property=\"og:locale\" content=\"fi_FI\" \/>\n<meta property=\"og:type\" content=\"article\" \/>\n<meta property=\"og:title\" content=\"S\u00e4hk\u00f6k\u00e4ytt\u00f6inen lavavaunu TW 1250x600mm, 1 taso &#8226; Storit\" \/>\n<meta property=\"og:description\" content=\"S\u00e4hk\u00f6k\u00e4ytt\u00f6inen lavavaunu TW 1250x600mm, 1 taso \u2014 kohtuulliseen hintaan. Toimitukset kaikkialle Suomeen! \u261b Tutustu tuotteeseen ja tilaa k\u00e4tev\u00e4sti STORIT-verkkokaupasta!\" \/>\n<meta property=\"og:url\" content=\"https:\/\/storitgroup.com\/fi\/tuote\/sahkokayttoinen-lavavaunu-tw-1250x600mm-1-taso\/\" \/>\n<meta property=\"og:site_name\" content=\"Storit\" \/>\n<meta property=\"article:modified_time\" content=\"2024-11-25T13:12:08+00:00\" \/>\n<meta property=\"og:image\" content=\"https:\/\/storitgroup.com\/uploads\/2023\/05\/tw1250.jpg\" \/>\n\t<meta property=\"og:image:width\" content=\"1000\" \/>\n\t<meta property=\"og:image:height\" content=\"1144\" \/>\n\t<meta property=\"og:image:type\" content=\"image\/jpeg\" \/>\n<meta name=\"twitter:card\" content=\"summary_large_image\" \/>\n<script type=\"application\/ld+json\" class=\"yoast-schema-graph\">{\"@context\":\"https:\\\/\\\/schema.org\",\"@graph\":[{\"@type\":[\"WebPage\",\"ItemPage\"],\"@id\":\"https:\\\/\\\/storitgroup.com\\\/fi\\\/tuote\\\/sahkokayttoinen-lavavaunu-tw-1250x600mm-1-taso\\\/\",\"url\":\"https:\\\/\\\/storitgroup.com\\\/fi\\\/tuote\\\/sahkokayttoinen-lavavaunu-tw-1250x600mm-1-taso\\\/\",\"name\":\"S\u00e4hk\u00f6k\u00e4ytt\u00f6inen lavavaunu TW 1250x600mm, 1 taso &#8226; Storit\",\"isPartOf\":{\"@id\":\"https:\\\/\\\/storitgroup.com\\\/fi\\\/#website\"},\"primaryImageOfPage\":{\"@id\":\"https:\\\/\\\/storitgroup.com\\\/fi\\\/tuote\\\/sahkokayttoinen-lavavaunu-tw-1250x600mm-1-taso\\\/#primaryimage\"},\"image\":{\"@id\":\"https:\\\/\\\/storitgroup.com\\\/fi\\\/tuote\\\/sahkokayttoinen-lavavaunu-tw-1250x600mm-1-taso\\\/#primaryimage\"},\"thumbnailUrl\":\"https:\\\/\\\/storitgroup.com\\\/uploads\\\/2023\\\/05\\\/tw1250.jpg\",\"datePublished\":\"2023-07-04T04:38:06+00:00\",\"dateModified\":\"2024-11-25T13:12:08+00:00\",\"description\":\"S\u00e4hk\u00f6k\u00e4ytt\u00f6inen lavavaunu TW 1250x600mm, 1 taso \u2014 kohtuulliseen hintaan. Toimitukset kaikkialle Suomeen! \u261b Tutustu tuotteeseen ja tilaa k\u00e4tev\u00e4sti STORIT-verkkokaupasta!\",\"breadcrumb\":{\"@id\":\"https:\\\/\\\/storitgroup.com\\\/fi\\\/tuote\\\/sahkokayttoinen-lavavaunu-tw-1250x600mm-1-taso\\\/#breadcrumb\"},\"inLanguage\":\"fi\",\"potentialAction\":[{\"@type\":\"ReadAction\",\"target\":[\"https:\\\/\\\/storitgroup.com\\\/fi\\\/tuote\\\/sahkokayttoinen-lavavaunu-tw-1250x600mm-1-taso\\\/\"]}]},{\"@type\":\"ImageObject\",\"inLanguage\":\"fi\",\"@id\":\"https:\\\/\\\/storitgroup.com\\\/fi\\\/tuote\\\/sahkokayttoinen-lavavaunu-tw-1250x600mm-1-taso\\\/#primaryimage\",\"url\":\"https:\\\/\\\/storitgroup.com\\\/uploads\\\/2023\\\/05\\\/tw1250.jpg\",\"contentUrl\":\"https:\\\/\\\/storitgroup.com\\\/uploads\\\/2023\\\/05\\\/tw1250.jpg\",\"width\":1000,\"height\":1144},{\"@type\":\"BreadcrumbList\",\"@id\":\"https:\\\/\\\/storitgroup.com\\\/fi\\\/tuote\\\/sahkokayttoinen-lavavaunu-tw-1250x600mm-1-taso\\\/#breadcrumb\",\"itemListElement\":[{\"@type\":\"ListItem\",\"position\":1,\"name\":\"Kotisivu\",\"item\":\"https:\\\/\\\/storitgroup.com\\\/fi\\\/\"},{\"@type\":\"ListItem\",\"position\":2,\"name\":\"Tuotteet\",\"item\":\"https:\\\/\\\/storitgroup.com\\\/fi\\\/tuotteet\\\/\"},{\"@type\":\"ListItem\",\"position\":3,\"name\":\"Varastovaunut, py\u00f6r\u00e4t\",\"item\":\"https:\\\/\\\/storitgroup.com\\\/fi\\\/tuotteet\\\/varastovaunut-pyorat\\\/\"},{\"@type\":\"ListItem\",\"position\":4,\"name\":\"Tasovaunut, hyllyk\u00e4rryt\",\"item\":\"https:\\\/\\\/storitgroup.com\\\/fi\\\/tuotteet\\\/varastovaunut-pyorat\\\/tasovaunut-hyllykarryt\\\/\"},{\"@type\":\"ListItem\",\"position\":5,\"name\":\"S\u00e4hk\u00f6k\u00e4ytt\u00f6inen lavavaunu TW 1250x600mm, 1 taso\"}]},{\"@type\":\"WebSite\",\"@id\":\"https:\\\/\\\/storitgroup.com\\\/fi\\\/#website\",\"url\":\"https:\\\/\\\/storitgroup.com\\\/fi\\\/\",\"name\":\"Storit\",\"description\":\"\",\"potentialAction\":[{\"@type\":\"SearchAction\",\"target\":{\"@type\":\"EntryPoint\",\"urlTemplate\":\"https:\\\/\\\/storitgroup.com\\\/fi\\\/?s={search_term_string}\"},\"query-input\":{\"@type\":\"PropertyValueSpecification\",\"valueRequired\":true,\"valueName\":\"search_term_string\"}}],\"inLanguage\":\"fi\"}]}<\/script>\n<!-- \/ Yoast SEO plugin. -->","yoast_head_json":{"title":"S\u00e4hk\u00f6k\u00e4ytt\u00f6inen lavavaunu TW 1250x600mm, 1 taso &#8226; Storit","description":"S\u00e4hk\u00f6k\u00e4ytt\u00f6inen lavavaunu TW 1250x600mm, 1 taso \u2014 kohtuulliseen hintaan. Toimitukset kaikkialle Suomeen! \u261b Tutustu tuotteeseen ja tilaa k\u00e4tev\u00e4sti STORIT-verkkokaupasta!","robots":{"index":"index","follow":"follow","max-snippet":"max-snippet:-1","max-image-preview":"max-image-preview:large","max-video-preview":"max-video-preview:-1"},"canonical":"https:\/\/storitgroup.com\/fi\/tuote\/sahkokayttoinen-lavavaunu-tw-1250x600mm-1-taso\/","og_locale":"fi_FI","og_type":"article","og_title":"S\u00e4hk\u00f6k\u00e4ytt\u00f6inen lavavaunu TW 1250x600mm, 1 taso &#8226; Storit","og_description":"S\u00e4hk\u00f6k\u00e4ytt\u00f6inen lavavaunu TW 1250x600mm, 1 taso \u2014 kohtuulliseen hintaan. Toimitukset kaikkialle Suomeen! \u261b Tutustu tuotteeseen ja tilaa k\u00e4tev\u00e4sti STORIT-verkkokaupasta!","og_url":"https:\/\/storitgroup.com\/fi\/tuote\/sahkokayttoinen-lavavaunu-tw-1250x600mm-1-taso\/","og_site_name":"Storit","article_modified_time":"2024-11-25T13:12:08+00:00","og_image":[{"width":1000,"height":1144,"url":"https:\/\/storitgroup.com\/uploads\/2023\/05\/tw1250.jpg","type":"image\/jpeg"}],"twitter_card":"summary_large_image","schema":{"@context":"https:\/\/schema.org","@graph":[{"@type":["WebPage","ItemPage"],"@id":"https:\/\/storitgroup.com\/fi\/tuote\/sahkokayttoinen-lavavaunu-tw-1250x600mm-1-taso\/","url":"https:\/\/storitgroup.com\/fi\/tuote\/sahkokayttoinen-lavavaunu-tw-1250x600mm-1-taso\/","name":"S\u00e4hk\u00f6k\u00e4ytt\u00f6inen lavavaunu TW 1250x600mm, 1 taso &#8226; Storit","isPartOf":{"@id":"https:\/\/storitgroup.com\/fi\/#website"},"primaryImageOfPage":{"@id":"https:\/\/storitgroup.com\/fi\/tuote\/sahkokayttoinen-lavavaunu-tw-1250x600mm-1-taso\/#primaryimage"},"image":{"@id":"https:\/\/storitgroup.com\/fi\/tuote\/sahkokayttoinen-lavavaunu-tw-1250x600mm-1-taso\/#primaryimage"},"thumbnailUrl":"https:\/\/storitgroup.com\/uploads\/2023\/05\/tw1250.jpg","datePublished":"2023-07-04T04:38:06+00:00","dateModified":"2024-11-25T13:12:08+00:00","description":"S\u00e4hk\u00f6k\u00e4ytt\u00f6inen lavavaunu TW 1250x600mm, 1 taso \u2014 kohtuulliseen hintaan. Toimitukset kaikkialle Suomeen! \u261b Tutustu tuotteeseen ja tilaa k\u00e4tev\u00e4sti STORIT-verkkokaupasta!","breadcrumb":{"@id":"https:\/\/storitgroup.com\/fi\/tuote\/sahkokayttoinen-lavavaunu-tw-1250x600mm-1-taso\/#breadcrumb"},"inLanguage":"fi","potentialAction":[{"@type":"ReadAction","target":["https:\/\/storitgroup.com\/fi\/tuote\/sahkokayttoinen-lavavaunu-tw-1250x600mm-1-taso\/"]}]},{"@type":"ImageObject","inLanguage":"fi","@id":"https:\/\/storitgroup.com\/fi\/tuote\/sahkokayttoinen-lavavaunu-tw-1250x600mm-1-taso\/#primaryimage","url":"https:\/\/storitgroup.com\/uploads\/2023\/05\/tw1250.jpg","contentUrl":"https:\/\/storitgroup.com\/uploads\/2023\/05\/tw1250.jpg","width":1000,"height":1144},{"@type":"BreadcrumbList","@id":"https:\/\/storitgroup.com\/fi\/tuote\/sahkokayttoinen-lavavaunu-tw-1250x600mm-1-taso\/#breadcrumb","itemListElement":[{"@type":"ListItem","position":1,"name":"Kotisivu","item":"https:\/\/storitgroup.com\/fi\/"},{"@type":"ListItem","position":2,"name":"Tuotteet","item":"https:\/\/storitgroup.com\/fi\/tuotteet\/"},{"@type":"ListItem","position":3,"name":"Varastovaunut, py\u00f6r\u00e4t","item":"https:\/\/storitgroup.com\/fi\/tuotteet\/varastovaunut-pyorat\/"},{"@type":"ListItem","position":4,"name":"Tasovaunut, hyllyk\u00e4rryt","item":"https:\/\/storitgroup.com\/fi\/tuotteet\/varastovaunut-pyorat\/tasovaunut-hyllykarryt\/"},{"@type":"ListItem","position":5,"name":"S\u00e4hk\u00f6k\u00e4ytt\u00f6inen lavavaunu TW 1250x600mm, 1 taso"}]},{"@type":"WebSite","@id":"https:\/\/storitgroup.com\/fi\/#website","url":"https:\/\/storitgroup.com\/fi\/","name":"Storit","description":"","potentialAction":[{"@type":"SearchAction","target":{"@type":"EntryPoint","urlTemplate":"https:\/\/storitgroup.com\/fi\/?s={search_term_string}"},"query-input":{"@type":"PropertyValueSpecification","valueRequired":true,"valueName":"search_term_string"}}],"inLanguage":"fi"}]}},"_links":{"self":[{"href":"https:\/\/storitgroup.com\/fi\/wp-json\/wp\/v2\/product\/206977","targetHints":{"allow":["GET"]}}],"collection":[{"href":"https:\/\/storitgroup.com\/fi\/wp-json\/wp\/v2\/product"}],"about":[{"href":"https:\/\/storitgroup.com\/fi\/wp-json\/wp\/v2\/types\/product"}],"wp:featuredmedia":[{"embeddable":true,"href":"https:\/\/storitgroup.com\/fi\/wp-json\/wp\/v2\/media\/208336"}],"wp:attachment":[{"href":"https:\/\/storitgroup.com\/fi\/wp-json\/wp\/v2\/media?parent=206977"}],"wp:term":[{"taxonomy":"product_brand","embeddable":true,"href":"https:\/\/storitgroup.com\/fi\/wp-json\/wp\/v2\/product_brand?post=206977"},{"taxonomy":"product_cat","embeddable":true,"href":"https:\/\/storitgroup.com\/fi\/wp-json\/wp\/v2\/product_cat?post=206977"},{"taxonomy":"product_tag","embeddable":true,"href":"https:\/\/storitgroup.com\/fi\/wp-json\/wp\/v2\/product_tag?post=206977"}],"curies":[{"name":"wp","href":"https:\/\/api.w.org\/{rel}","templated":true}]}}