{"id":206974,"date":"2024-02-13T13:45:05","date_gmt":"2024-02-13T11:45:05","guid":{"rendered":"https:\/\/storitgroup.com\/?post_type=product&#038;p=206974"},"modified":"2026-04-03T19:40:05","modified_gmt":"2026-04-03T16:40:05","slug":"akkukayttoinen-lavansiirtaja-maastokayttoon-conhersa-eh-2-1200kg","status":"publish","type":"product","link":"https:\/\/storitgroup.com\/fi\/tuote\/akkukayttoinen-lavansiirtaja-maastokayttoon-conhersa-eh-2-1200kg\/","title":{"rendered":"Akkuk\u00e4ytt\u00f6inen lavansiirt\u00e4j\u00e4 maastok\u00e4ytt\u00f6\u00f6n Conhersa EH-2, 1200kg"},"content":{"rendered":"<p>A0102  nostokyky: 1200 kg<br \/>  nostokorkeus: 200 mm<br \/>  max kuormalavan leveys: 1200 mm<br \/>  haarukkapituus: 890 mm<br \/>  haarukoiden leveys: 180 &#8211; 580 mm<br \/>   haarukkamitat: 50 x 40 mm (l x h)<br \/>  leveys: 1640 mm<br \/>  pituus: 1430 mm<br \/>  korkeus: 800 mm<br \/>  akku: 60 Ah<br \/>  vetomoottori: 500 W<br \/>  nostomoottori: 800 W<br \/>  paino: 262 kg.<\/p>\n","protected":false},"excerpt":{"rendered":"<p>A0102  nostokyky: 1200 kg<br \/>\n  nostokorkeus: 200 mm<br \/>\n  max kuormalavan leveys: 1200 mm<\/p>\n","protected":false},"featured_media":215240,"template":"","meta":{"_acf_changed":false},"product_brand":[],"product_cat":[7039],"product_tag":[],"class_list":{"0":"post-206974","1":"product","2":"type-product","3":"status-publish","4":"has-post-thumbnail","6":"product_cat-sahkoiset-haarukkavaunut-ja-lavansiirtajat","8":"first","9":"onbackorder","10":"taxable","11":"shipping-taxable","12":"purchasable","13":"product-type-simple"},"acf":[],"yoast_head":"<!-- This site is optimized with the Yoast SEO plugin v27.2 - https:\/\/yoast.com\/product\/yoast-seo-wordpress\/ -->\n<title>Akkuk\u00e4ytt\u00f6inen lavansiirt\u00e4j\u00e4 maastok\u00e4ytt\u00f6\u00f6n Conhersa EH-2, 1200kg &#8226; Storit<\/title>\n<meta name=\"description\" content=\"Akkuk\u00e4ytt\u00f6inen lavansiirt\u00e4j\u00e4 maastok\u00e4ytt\u00f6\u00f6n Conhersa EH-2, 1200kg \u2014 kohtuulliseen hintaan. Toimitukset kaikkialle Suomeen! \u261b Tutustu tuotteeseen ja tilaa k\u00e4tev\u00e4sti STORIT-verkkokaupasta!\" \/>\n<meta name=\"robots\" content=\"index, follow, max-snippet:-1, max-image-preview:large, max-video-preview:-1\" \/>\n<link rel=\"canonical\" href=\"https:\/\/storitgroup.com\/fi\/tuote\/akkukayttoinen-lavansiirtaja-maastokayttoon-conhersa-eh-2-1200kg\/\" \/>\n<meta property=\"og:locale\" content=\"fi_FI\" \/>\n<meta property=\"og:type\" content=\"article\" \/>\n<meta property=\"og:title\" content=\"Akkuk\u00e4ytt\u00f6inen lavansiirt\u00e4j\u00e4 maastok\u00e4ytt\u00f6\u00f6n Conhersa EH-2, 1200kg &#8226; Storit\" \/>\n<meta property=\"og:description\" content=\"Akkuk\u00e4ytt\u00f6inen lavansiirt\u00e4j\u00e4 maastok\u00e4ytt\u00f6\u00f6n Conhersa EH-2, 1200kg \u2014 kohtuulliseen hintaan. Toimitukset kaikkialle Suomeen! \u261b Tutustu tuotteeseen ja tilaa k\u00e4tev\u00e4sti STORIT-verkkokaupasta!\" \/>\n<meta property=\"og:url\" content=\"https:\/\/storitgroup.com\/fi\/tuote\/akkukayttoinen-lavansiirtaja-maastokayttoon-conhersa-eh-2-1200kg\/\" \/>\n<meta property=\"og:site_name\" content=\"Storit\" \/>\n<meta property=\"article:modified_time\" content=\"2026-04-03T16:40:05+00:00\" \/>\n<meta property=\"og:image\" content=\"https:\/\/storitgroup.com\/uploads\/2023\/05\/elektriline_maastiku_kahvelkaru_eh-2_1.png\" \/>\n\t<meta property=\"og:image:width\" content=\"768\" \/>\n\t<meta property=\"og:image:height\" content=\"797\" \/>\n\t<meta property=\"og:image:type\" content=\"image\/png\" \/>\n<meta name=\"twitter:card\" content=\"summary_large_image\" \/>\n<script type=\"application\/ld+json\" class=\"yoast-schema-graph\">{\"@context\":\"https:\/\/schema.org\",\"@graph\":[{\"@type\":[\"WebPage\",\"ItemPage\"],\"@id\":\"https:\/\/storitgroup.com\/fi\/tuote\/akkukayttoinen-lavansiirtaja-maastokayttoon-conhersa-eh-2-1200kg\/\",\"url\":\"https:\/\/storitgroup.com\/fi\/tuote\/akkukayttoinen-lavansiirtaja-maastokayttoon-conhersa-eh-2-1200kg\/\",\"name\":\"Akkuk\u00e4ytt\u00f6inen lavansiirt\u00e4j\u00e4 maastok\u00e4ytt\u00f6\u00f6n Conhersa EH-2, 1200kg &#8226; Storit\",\"isPartOf\":{\"@id\":\"https:\/\/storitgroup.com\/fi\/#website\"},\"primaryImageOfPage\":{\"@id\":\"https:\/\/storitgroup.com\/fi\/tuote\/akkukayttoinen-lavansiirtaja-maastokayttoon-conhersa-eh-2-1200kg\/#primaryimage\"},\"image\":{\"@id\":\"https:\/\/storitgroup.com\/fi\/tuote\/akkukayttoinen-lavansiirtaja-maastokayttoon-conhersa-eh-2-1200kg\/#primaryimage\"},\"thumbnailUrl\":\"https:\/\/storitgroup.com\/uploads\/2023\/05\/elektriline_maastiku_kahvelkaru_eh-2_1.png\",\"datePublished\":\"2024-02-13T11:45:05+00:00\",\"dateModified\":\"2026-04-03T16:40:05+00:00\",\"description\":\"Akkuk\u00e4ytt\u00f6inen lavansiirt\u00e4j\u00e4 maastok\u00e4ytt\u00f6\u00f6n Conhersa EH-2, 1200kg \u2014 kohtuulliseen hintaan. Toimitukset kaikkialle Suomeen! \u261b Tutustu tuotteeseen ja tilaa k\u00e4tev\u00e4sti STORIT-verkkokaupasta!\",\"breadcrumb\":{\"@id\":\"https:\/\/storitgroup.com\/fi\/tuote\/akkukayttoinen-lavansiirtaja-maastokayttoon-conhersa-eh-2-1200kg\/#breadcrumb\"},\"inLanguage\":\"fi\",\"potentialAction\":[{\"@type\":\"ReadAction\",\"target\":[\"https:\/\/storitgroup.com\/fi\/tuote\/akkukayttoinen-lavansiirtaja-maastokayttoon-conhersa-eh-2-1200kg\/\"]}]},{\"@type\":\"ImageObject\",\"inLanguage\":\"fi\",\"@id\":\"https:\/\/storitgroup.com\/fi\/tuote\/akkukayttoinen-lavansiirtaja-maastokayttoon-conhersa-eh-2-1200kg\/#primaryimage\",\"url\":\"https:\/\/storitgroup.com\/uploads\/2023\/05\/elektriline_maastiku_kahvelkaru_eh-2_1.png\",\"contentUrl\":\"https:\/\/storitgroup.com\/uploads\/2023\/05\/elektriline_maastiku_kahvelkaru_eh-2_1.png\",\"width\":768,\"height\":797},{\"@type\":\"BreadcrumbList\",\"@id\":\"https:\/\/storitgroup.com\/fi\/tuote\/akkukayttoinen-lavansiirtaja-maastokayttoon-conhersa-eh-2-1200kg\/#breadcrumb\",\"itemListElement\":[{\"@type\":\"ListItem\",\"position\":1,\"name\":\"Kotisivu\",\"item\":\"https:\/\/storitgroup.com\/fi\/\"},{\"@type\":\"ListItem\",\"position\":2,\"name\":\"Tuotteet\",\"item\":\"https:\/\/storitgroup.com\/fi\/tuotteet\/\"},{\"@type\":\"ListItem\",\"position\":3,\"name\":\"Varastotrukit, nostolavat, tarvikkeet\",\"item\":\"https:\/\/storitgroup.com\/fi\/varastotrukit-nostolavat-tarvikkeet\/\"},{\"@type\":\"ListItem\",\"position\":4,\"name\":\"Haarukkavaunut, pumppuk\u00e4rryt ja lavansiirt\u00e4j\u00e4t\",\"item\":\"https:\/\/storitgroup.com\/fi\/varastotrukit-nostolavat-tarvikkeet\/haarukkavaunut-pumppukarryt-ja-lavansiirtajat\/\"},{\"@type\":\"ListItem\",\"position\":5,\"name\":\"S\u00e4hk\u00f6iset haarukkavaunut ja lavansiirt\u00e4j\u00e4t\",\"item\":\"https:\/\/storitgroup.com\/fi\/varastotrukit-nostolavat-tarvikkeet\/haarukkavaunut-pumppukarryt-ja-lavansiirtajat\/sahkoiset-haarukkavaunut-ja-lavansiirtajat\/\"},{\"@type\":\"ListItem\",\"position\":6,\"name\":\"Akkuk\u00e4ytt\u00f6inen lavansiirt\u00e4j\u00e4 maastok\u00e4ytt\u00f6\u00f6n Conhersa EH-2, 1200kg\"}]},{\"@type\":\"WebSite\",\"@id\":\"https:\/\/storitgroup.com\/fi\/#website\",\"url\":\"https:\/\/storitgroup.com\/fi\/\",\"name\":\"Storit\",\"description\":\"\",\"potentialAction\":[{\"@type\":\"SearchAction\",\"target\":{\"@type\":\"EntryPoint\",\"urlTemplate\":\"https:\/\/storitgroup.com\/fi\/?s={search_term_string}\"},\"query-input\":{\"@type\":\"PropertyValueSpecification\",\"valueRequired\":true,\"valueName\":\"search_term_string\"}}],\"inLanguage\":\"fi\"}]}<\/script>\n<!-- \/ Yoast SEO plugin. -->","yoast_head_json":{"title":"Akkuk\u00e4ytt\u00f6inen lavansiirt\u00e4j\u00e4 maastok\u00e4ytt\u00f6\u00f6n Conhersa EH-2, 1200kg &#8226; Storit","description":"Akkuk\u00e4ytt\u00f6inen lavansiirt\u00e4j\u00e4 maastok\u00e4ytt\u00f6\u00f6n Conhersa EH-2, 1200kg \u2014 kohtuulliseen hintaan. Toimitukset kaikkialle Suomeen! \u261b Tutustu tuotteeseen ja tilaa k\u00e4tev\u00e4sti STORIT-verkkokaupasta!","robots":{"index":"index","follow":"follow","max-snippet":"max-snippet:-1","max-image-preview":"max-image-preview:large","max-video-preview":"max-video-preview:-1"},"canonical":"https:\/\/storitgroup.com\/fi\/tuote\/akkukayttoinen-lavansiirtaja-maastokayttoon-conhersa-eh-2-1200kg\/","og_locale":"fi_FI","og_type":"article","og_title":"Akkuk\u00e4ytt\u00f6inen lavansiirt\u00e4j\u00e4 maastok\u00e4ytt\u00f6\u00f6n Conhersa EH-2, 1200kg &#8226; Storit","og_description":"Akkuk\u00e4ytt\u00f6inen lavansiirt\u00e4j\u00e4 maastok\u00e4ytt\u00f6\u00f6n Conhersa EH-2, 1200kg \u2014 kohtuulliseen hintaan. Toimitukset kaikkialle Suomeen! \u261b Tutustu tuotteeseen ja tilaa k\u00e4tev\u00e4sti STORIT-verkkokaupasta!","og_url":"https:\/\/storitgroup.com\/fi\/tuote\/akkukayttoinen-lavansiirtaja-maastokayttoon-conhersa-eh-2-1200kg\/","og_site_name":"Storit","article_modified_time":"2026-04-03T16:40:05+00:00","og_image":[{"width":768,"height":797,"url":"https:\/\/storitgroup.com\/uploads\/2023\/05\/elektriline_maastiku_kahvelkaru_eh-2_1.png","type":"image\/png"}],"twitter_card":"summary_large_image","schema":{"@context":"https:\/\/schema.org","@graph":[{"@type":["WebPage","ItemPage"],"@id":"https:\/\/storitgroup.com\/fi\/tuote\/akkukayttoinen-lavansiirtaja-maastokayttoon-conhersa-eh-2-1200kg\/","url":"https:\/\/storitgroup.com\/fi\/tuote\/akkukayttoinen-lavansiirtaja-maastokayttoon-conhersa-eh-2-1200kg\/","name":"Akkuk\u00e4ytt\u00f6inen lavansiirt\u00e4j\u00e4 maastok\u00e4ytt\u00f6\u00f6n Conhersa EH-2, 1200kg &#8226; Storit","isPartOf":{"@id":"https:\/\/storitgroup.com\/fi\/#website"},"primaryImageOfPage":{"@id":"https:\/\/storitgroup.com\/fi\/tuote\/akkukayttoinen-lavansiirtaja-maastokayttoon-conhersa-eh-2-1200kg\/#primaryimage"},"image":{"@id":"https:\/\/storitgroup.com\/fi\/tuote\/akkukayttoinen-lavansiirtaja-maastokayttoon-conhersa-eh-2-1200kg\/#primaryimage"},"thumbnailUrl":"https:\/\/storitgroup.com\/uploads\/2023\/05\/elektriline_maastiku_kahvelkaru_eh-2_1.png","datePublished":"2024-02-13T11:45:05+00:00","dateModified":"2026-04-03T16:40:05+00:00","description":"Akkuk\u00e4ytt\u00f6inen lavansiirt\u00e4j\u00e4 maastok\u00e4ytt\u00f6\u00f6n Conhersa EH-2, 1200kg \u2014 kohtuulliseen hintaan. Toimitukset kaikkialle Suomeen! \u261b Tutustu tuotteeseen ja tilaa k\u00e4tev\u00e4sti STORIT-verkkokaupasta!","breadcrumb":{"@id":"https:\/\/storitgroup.com\/fi\/tuote\/akkukayttoinen-lavansiirtaja-maastokayttoon-conhersa-eh-2-1200kg\/#breadcrumb"},"inLanguage":"fi","potentialAction":[{"@type":"ReadAction","target":["https:\/\/storitgroup.com\/fi\/tuote\/akkukayttoinen-lavansiirtaja-maastokayttoon-conhersa-eh-2-1200kg\/"]}]},{"@type":"ImageObject","inLanguage":"fi","@id":"https:\/\/storitgroup.com\/fi\/tuote\/akkukayttoinen-lavansiirtaja-maastokayttoon-conhersa-eh-2-1200kg\/#primaryimage","url":"https:\/\/storitgroup.com\/uploads\/2023\/05\/elektriline_maastiku_kahvelkaru_eh-2_1.png","contentUrl":"https:\/\/storitgroup.com\/uploads\/2023\/05\/elektriline_maastiku_kahvelkaru_eh-2_1.png","width":768,"height":797},{"@type":"BreadcrumbList","@id":"https:\/\/storitgroup.com\/fi\/tuote\/akkukayttoinen-lavansiirtaja-maastokayttoon-conhersa-eh-2-1200kg\/#breadcrumb","itemListElement":[{"@type":"ListItem","position":1,"name":"Kotisivu","item":"https:\/\/storitgroup.com\/fi\/"},{"@type":"ListItem","position":2,"name":"Tuotteet","item":"https:\/\/storitgroup.com\/fi\/tuotteet\/"},{"@type":"ListItem","position":3,"name":"Varastotrukit, nostolavat, tarvikkeet","item":"https:\/\/storitgroup.com\/fi\/varastotrukit-nostolavat-tarvikkeet\/"},{"@type":"ListItem","position":4,"name":"Haarukkavaunut, pumppuk\u00e4rryt ja lavansiirt\u00e4j\u00e4t","item":"https:\/\/storitgroup.com\/fi\/varastotrukit-nostolavat-tarvikkeet\/haarukkavaunut-pumppukarryt-ja-lavansiirtajat\/"},{"@type":"ListItem","position":5,"name":"S\u00e4hk\u00f6iset haarukkavaunut ja lavansiirt\u00e4j\u00e4t","item":"https:\/\/storitgroup.com\/fi\/varastotrukit-nostolavat-tarvikkeet\/haarukkavaunut-pumppukarryt-ja-lavansiirtajat\/sahkoiset-haarukkavaunut-ja-lavansiirtajat\/"},{"@type":"ListItem","position":6,"name":"Akkuk\u00e4ytt\u00f6inen lavansiirt\u00e4j\u00e4 maastok\u00e4ytt\u00f6\u00f6n Conhersa EH-2, 1200kg"}]},{"@type":"WebSite","@id":"https:\/\/storitgroup.com\/fi\/#website","url":"https:\/\/storitgroup.com\/fi\/","name":"Storit","description":"","potentialAction":[{"@type":"SearchAction","target":{"@type":"EntryPoint","urlTemplate":"https:\/\/storitgroup.com\/fi\/?s={search_term_string}"},"query-input":{"@type":"PropertyValueSpecification","valueRequired":true,"valueName":"search_term_string"}}],"inLanguage":"fi"}]}},"_links":{"self":[{"href":"https:\/\/storitgroup.com\/fi\/wp-json\/wp\/v2\/product\/206974","targetHints":{"allow":["GET"]}}],"collection":[{"href":"https:\/\/storitgroup.com\/fi\/wp-json\/wp\/v2\/product"}],"about":[{"href":"https:\/\/storitgroup.com\/fi\/wp-json\/wp\/v2\/types\/product"}],"wp:featuredmedia":[{"embeddable":true,"href":"https:\/\/storitgroup.com\/fi\/wp-json\/wp\/v2\/media\/215240"}],"wp:attachment":[{"href":"https:\/\/storitgroup.com\/fi\/wp-json\/wp\/v2\/media?parent=206974"}],"wp:term":[{"taxonomy":"product_brand","embeddable":true,"href":"https:\/\/storitgroup.com\/fi\/wp-json\/wp\/v2\/product_brand?post=206974"},{"taxonomy":"product_cat","embeddable":true,"href":"https:\/\/storitgroup.com\/fi\/wp-json\/wp\/v2\/product_cat?post=206974"},{"taxonomy":"product_tag","embeddable":true,"href":"https:\/\/storitgroup.com\/fi\/wp-json\/wp\/v2\/product_tag?post=206974"}],"curies":[{"name":"wp","href":"https:\/\/api.w.org\/{rel}","templated":true}]}}