{"id":205498,"date":"2023-04-12T15:37:03","date_gmt":"2023-04-12T12:37:06","guid":{"rendered":"https:\/\/storitgroup.com\/?post_type=product&#038;p=205498"},"modified":"2026-04-10T20:15:22","modified_gmt":"2026-04-10T17:15:22","slug":"lokerokaappi-storit-2x300mm-x4-matalilla-jaloilla-ral7035-7035","status":"publish","type":"product","link":"https:\/\/storitgroup.com\/fi\/tuote\/lokerokaappi-storit-2x300mm-x4-matalilla-jaloilla-ral7035-7035\/","title":{"rendered":"Lokerokaappi Storit 2x300mm x4 matalilla jaloilla, RAL7035\/7035"},"content":{"rendered":"<p>Ruosteenkest\u00e4v\u00e4 lokerokaappi on jauhemaalattu ja voit valita 16 perusv\u00e4rist\u00e4.<br \/>Muut RAL-luettelon v\u00e4rit ovat saatavilla pient\u00e4 lis\u00e4maksua vastaan.<\/p>\n<p>S\u00e4ilytyskaapit ovat toimiva ja tilaa s\u00e4\u00e4st\u00e4v\u00e4 ratkaisu. Erikokoisten lokeroiden avulla voit koota juuri tarvitsemasi yhdistelm\u00e4n ja samalla antaa huoneelle mielenkiintoisen ilmeen. Laaja valikoima ja esteettinen ulkon\u00e4k\u00f6 tekev\u00e4t s\u00e4ilytyskaapeista ihanteelliset k\u00e4ytett\u00e4v\u00e4ksi kuntosalilla, p\u00e4iv\u00e4kodissa\/koulussa tai jopa toimistossa. Hitsattu rakenne, joka varmistaa ovien ja runkon j\u00e4ykkyyden, on kaapin t\u00e4rkein etu, mik\u00e4 tekee siit\u00e4 erityisen vakaan. Ovien moderni rei\u00b4itysmuotoilu WEMO mahdollistaa vapaan ilmankierron kaapin sis\u00e4ll\u00e4.<\/p>\n<p>Jokaisessa kaapissa on itseliimautuva nimilappu jokaiselle ovelle ja 2-ovisissa kaapeissa on ripustusputki koukuilla. <br \/>S\u00e4ilytyskaapin voi tilata my\u00f6s runkoon hitsatuilla jaloilla (+140 mm).<br \/>Yleinen avain kaikkien ovien avaamiseen on tilattavissa erikseen lis\u00e4maksusta. Voit my\u00f6s valita riippulukon, kolikkolukon, koodilukon tai RFID-lukon.<\/p>\n<p>Kaapit ovat sertifioituja ja t\u00e4ytt\u00e4v\u00e4t EU:n turvallisuusstandardit.<\/p>\n<p>Matala jalkarunko 1,5 mm paksusta jauhemaalatusta ter\u00e4ksest\u00e4. Jalat ovat hieman vinossa ja niiden korkeutta voi s\u00e4\u00e4t\u00e4\u00e4 10 mm asti.<\/p>\n<p>Jalkarunko pit\u00e4\u00e4 lattiatilan vapaana, ett\u00e4 puhdistaminen olisi helpompaa, samalla nostaamalla korkeutta vain minimaalisesti. <\/p>\n<p>Jalat asennetaan kaapin sis\u00e4lt\u00e4 pohjan l\u00e4pi metalliruuveilla.<\/p>\n","protected":false},"excerpt":{"rendered":"<p>Ruosteenkest\u00e4v\u00e4 lokerokaappi on jauhemaalattu ja voit valita 16 perusv\u00e4rist\u00e4.<br \/>\nMuut RAL-luettelon v\u00e4rit ovat saatavilla pient\u00e4 lis\u00e4maksua vastaan.<\/p>\n","protected":false},"featured_media":214103,"template":"","meta":{"_acf_changed":false},"product_brand":[],"product_cat":[7059],"product_tag":[],"class_list":{"0":"post-205498","1":"product","2":"type-product","3":"status-publish","4":"has-post-thumbnail","6":"product_room-arkisto-museo","7":"product_room-pukuhuone","8":"product_room-tyopaja-ja-autotalli","9":"product_room-kaupankaynti-ja-myymalat","10":"product_room-koulut-ja-paivakodit","11":"product_room-kotiratkaisut","12":"product_room-kiinteistokehitys","13":"product_cat-lokerikkokaapit","15":"first","16":"onbackorder","17":"taxable","18":"shipping-taxable","19":"purchasable","20":"product-type-simple"},"acf":[],"yoast_head":"<!-- This site is optimized with the Yoast SEO plugin v27.3 - https:\/\/yoast.com\/product\/yoast-seo-wordpress\/ -->\n<title>Lokerokaappi Storit 2x300mm x4 matalilla jaloilla, RAL7035\/7035 &#8226; Storit<\/title>\n<meta name=\"description\" content=\"Lokerokaappi Storit 2x300mm x4 matalilla jaloilla, RAL7035\/7035 \u2014 kohtuulliseen hintaan. Toimitukset kaikkialle Suomeen! \u261b Tutustu tuotteeseen ja tilaa k\u00e4tev\u00e4sti STORIT-verkkokaupasta!\" \/>\n<meta name=\"robots\" content=\"index, follow, max-snippet:-1, max-image-preview:large, max-video-preview:-1\" \/>\n<link rel=\"canonical\" href=\"https:\/\/storitgroup.com\/fi\/tuote\/lokerokaappi-storit-2x300mm-x4-matalilla-jaloilla-ral7035-7035\/\" \/>\n<meta property=\"og:locale\" content=\"fi_FI\" \/>\n<meta property=\"og:type\" content=\"article\" \/>\n<meta property=\"og:title\" content=\"Lokerokaappi Storit 2x300mm x4 matalilla jaloilla, RAL7035\/7035 &#8226; Storit\" \/>\n<meta property=\"og:description\" content=\"Lokerokaappi Storit 2x300mm x4 matalilla jaloilla, RAL7035\/7035 \u2014 kohtuulliseen hintaan. Toimitukset kaikkialle Suomeen! \u261b Tutustu tuotteeseen ja tilaa k\u00e4tev\u00e4sti STORIT-verkkokaupasta!\" \/>\n<meta property=\"og:url\" content=\"https:\/\/storitgroup.com\/fi\/tuote\/lokerokaappi-storit-2x300mm-x4-matalilla-jaloilla-ral7035-7035\/\" \/>\n<meta property=\"og:site_name\" content=\"Storit\" \/>\n<meta property=\"article:modified_time\" content=\"2026-04-10T17:15:22+00:00\" \/>\n<meta property=\"og:image\" content=\"https:\/\/storitgroup.com\/uploads\/2023\/04\/84.1-2x300-x4.jpg\" \/>\n\t<meta property=\"og:image:width\" content=\"389\" \/>\n\t<meta property=\"og:image:height\" content=\"626\" \/>\n\t<meta property=\"og:image:type\" content=\"image\/jpeg\" \/>\n<meta name=\"twitter:card\" content=\"summary_large_image\" \/>\n<meta name=\"twitter:label1\" content=\"Arvioitu lukuaika\" \/>\n\t<meta name=\"twitter:data1\" content=\"1 minuutti\" \/>\n<script type=\"application\/ld+json\" class=\"yoast-schema-graph\">{\"@context\":\"https:\\\/\\\/schema.org\",\"@graph\":[{\"@type\":[\"WebPage\",\"ItemPage\"],\"@id\":\"https:\\\/\\\/storitgroup.com\\\/fi\\\/tuote\\\/lokerokaappi-storit-2x300mm-x4-matalilla-jaloilla-ral7035-7035\\\/\",\"url\":\"https:\\\/\\\/storitgroup.com\\\/fi\\\/tuote\\\/lokerokaappi-storit-2x300mm-x4-matalilla-jaloilla-ral7035-7035\\\/\",\"name\":\"Lokerokaappi Storit 2x300mm x4 matalilla jaloilla, RAL7035\\\/7035 &#8226; Storit\",\"isPartOf\":{\"@id\":\"https:\\\/\\\/storitgroup.com\\\/fi\\\/#website\"},\"primaryImageOfPage\":{\"@id\":\"https:\\\/\\\/storitgroup.com\\\/fi\\\/tuote\\\/lokerokaappi-storit-2x300mm-x4-matalilla-jaloilla-ral7035-7035\\\/#primaryimage\"},\"image\":{\"@id\":\"https:\\\/\\\/storitgroup.com\\\/fi\\\/tuote\\\/lokerokaappi-storit-2x300mm-x4-matalilla-jaloilla-ral7035-7035\\\/#primaryimage\"},\"thumbnailUrl\":\"https:\\\/\\\/storitgroup.com\\\/uploads\\\/2023\\\/04\\\/84.1-2x300-x4.jpg\",\"datePublished\":\"2023-04-12T12:37:06+00:00\",\"dateModified\":\"2026-04-10T17:15:22+00:00\",\"description\":\"Lokerokaappi Storit 2x300mm x4 matalilla jaloilla, RAL7035\\\/7035 \u2014 kohtuulliseen hintaan. Toimitukset kaikkialle Suomeen! \u261b Tutustu tuotteeseen ja tilaa k\u00e4tev\u00e4sti STORIT-verkkokaupasta!\",\"breadcrumb\":{\"@id\":\"https:\\\/\\\/storitgroup.com\\\/fi\\\/tuote\\\/lokerokaappi-storit-2x300mm-x4-matalilla-jaloilla-ral7035-7035\\\/#breadcrumb\"},\"inLanguage\":\"fi\",\"potentialAction\":[{\"@type\":\"ReadAction\",\"target\":[\"https:\\\/\\\/storitgroup.com\\\/fi\\\/tuote\\\/lokerokaappi-storit-2x300mm-x4-matalilla-jaloilla-ral7035-7035\\\/\"]}]},{\"@type\":\"ImageObject\",\"inLanguage\":\"fi\",\"@id\":\"https:\\\/\\\/storitgroup.com\\\/fi\\\/tuote\\\/lokerokaappi-storit-2x300mm-x4-matalilla-jaloilla-ral7035-7035\\\/#primaryimage\",\"url\":\"https:\\\/\\\/storitgroup.com\\\/uploads\\\/2023\\\/04\\\/84.1-2x300-x4.jpg\",\"contentUrl\":\"https:\\\/\\\/storitgroup.com\\\/uploads\\\/2023\\\/04\\\/84.1-2x300-x4.jpg\",\"width\":389,\"height\":626},{\"@type\":\"BreadcrumbList\",\"@id\":\"https:\\\/\\\/storitgroup.com\\\/fi\\\/tuote\\\/lokerokaappi-storit-2x300mm-x4-matalilla-jaloilla-ral7035-7035\\\/#breadcrumb\",\"itemListElement\":[{\"@type\":\"ListItem\",\"position\":1,\"name\":\"Kotisivu\",\"item\":\"https:\\\/\\\/storitgroup.com\\\/fi\\\/\"},{\"@type\":\"ListItem\",\"position\":2,\"name\":\"Tuotteet\",\"item\":\"https:\\\/\\\/storitgroup.com\\\/fi\\\/tuotteet\\\/\"},{\"@type\":\"ListItem\",\"position\":3,\"name\":\"Metallikaapit, pukukaapit\",\"item\":\"https:\\\/\\\/storitgroup.com\\\/fi\\\/metallikaapit-pukukaapit\\\/\"},{\"@type\":\"ListItem\",\"position\":4,\"name\":\"Lokerikkokaapit\",\"item\":\"https:\\\/\\\/storitgroup.com\\\/fi\\\/metallikaapit-pukukaapit\\\/lokerikkokaapit\\\/\"},{\"@type\":\"ListItem\",\"position\":5,\"name\":\"Lokerokaappi Storit 2x300mm x4 matalilla jaloilla, RAL7035\\\/7035\"}]},{\"@type\":\"WebSite\",\"@id\":\"https:\\\/\\\/storitgroup.com\\\/fi\\\/#website\",\"url\":\"https:\\\/\\\/storitgroup.com\\\/fi\\\/\",\"name\":\"Storit\",\"description\":\"\",\"potentialAction\":[{\"@type\":\"SearchAction\",\"target\":{\"@type\":\"EntryPoint\",\"urlTemplate\":\"https:\\\/\\\/storitgroup.com\\\/fi\\\/?s={search_term_string}\"},\"query-input\":{\"@type\":\"PropertyValueSpecification\",\"valueRequired\":true,\"valueName\":\"search_term_string\"}}],\"inLanguage\":\"fi\"}]}<\/script>\n<!-- \/ Yoast SEO plugin. -->","yoast_head_json":{"title":"Lokerokaappi Storit 2x300mm x4 matalilla jaloilla, RAL7035\/7035 &#8226; Storit","description":"Lokerokaappi Storit 2x300mm x4 matalilla jaloilla, RAL7035\/7035 \u2014 kohtuulliseen hintaan. Toimitukset kaikkialle Suomeen! \u261b Tutustu tuotteeseen ja tilaa k\u00e4tev\u00e4sti STORIT-verkkokaupasta!","robots":{"index":"index","follow":"follow","max-snippet":"max-snippet:-1","max-image-preview":"max-image-preview:large","max-video-preview":"max-video-preview:-1"},"canonical":"https:\/\/storitgroup.com\/fi\/tuote\/lokerokaappi-storit-2x300mm-x4-matalilla-jaloilla-ral7035-7035\/","og_locale":"fi_FI","og_type":"article","og_title":"Lokerokaappi Storit 2x300mm x4 matalilla jaloilla, RAL7035\/7035 &#8226; Storit","og_description":"Lokerokaappi Storit 2x300mm x4 matalilla jaloilla, RAL7035\/7035 \u2014 kohtuulliseen hintaan. Toimitukset kaikkialle Suomeen! \u261b Tutustu tuotteeseen ja tilaa k\u00e4tev\u00e4sti STORIT-verkkokaupasta!","og_url":"https:\/\/storitgroup.com\/fi\/tuote\/lokerokaappi-storit-2x300mm-x4-matalilla-jaloilla-ral7035-7035\/","og_site_name":"Storit","article_modified_time":"2026-04-10T17:15:22+00:00","og_image":[{"width":389,"height":626,"url":"https:\/\/storitgroup.com\/uploads\/2023\/04\/84.1-2x300-x4.jpg","type":"image\/jpeg"}],"twitter_card":"summary_large_image","twitter_misc":{"Arvioitu lukuaika":"1 minuutti"},"schema":{"@context":"https:\/\/schema.org","@graph":[{"@type":["WebPage","ItemPage"],"@id":"https:\/\/storitgroup.com\/fi\/tuote\/lokerokaappi-storit-2x300mm-x4-matalilla-jaloilla-ral7035-7035\/","url":"https:\/\/storitgroup.com\/fi\/tuote\/lokerokaappi-storit-2x300mm-x4-matalilla-jaloilla-ral7035-7035\/","name":"Lokerokaappi Storit 2x300mm x4 matalilla jaloilla, RAL7035\/7035 &#8226; Storit","isPartOf":{"@id":"https:\/\/storitgroup.com\/fi\/#website"},"primaryImageOfPage":{"@id":"https:\/\/storitgroup.com\/fi\/tuote\/lokerokaappi-storit-2x300mm-x4-matalilla-jaloilla-ral7035-7035\/#primaryimage"},"image":{"@id":"https:\/\/storitgroup.com\/fi\/tuote\/lokerokaappi-storit-2x300mm-x4-matalilla-jaloilla-ral7035-7035\/#primaryimage"},"thumbnailUrl":"https:\/\/storitgroup.com\/uploads\/2023\/04\/84.1-2x300-x4.jpg","datePublished":"2023-04-12T12:37:06+00:00","dateModified":"2026-04-10T17:15:22+00:00","description":"Lokerokaappi Storit 2x300mm x4 matalilla jaloilla, RAL7035\/7035 \u2014 kohtuulliseen hintaan. Toimitukset kaikkialle Suomeen! \u261b Tutustu tuotteeseen ja tilaa k\u00e4tev\u00e4sti STORIT-verkkokaupasta!","breadcrumb":{"@id":"https:\/\/storitgroup.com\/fi\/tuote\/lokerokaappi-storit-2x300mm-x4-matalilla-jaloilla-ral7035-7035\/#breadcrumb"},"inLanguage":"fi","potentialAction":[{"@type":"ReadAction","target":["https:\/\/storitgroup.com\/fi\/tuote\/lokerokaappi-storit-2x300mm-x4-matalilla-jaloilla-ral7035-7035\/"]}]},{"@type":"ImageObject","inLanguage":"fi","@id":"https:\/\/storitgroup.com\/fi\/tuote\/lokerokaappi-storit-2x300mm-x4-matalilla-jaloilla-ral7035-7035\/#primaryimage","url":"https:\/\/storitgroup.com\/uploads\/2023\/04\/84.1-2x300-x4.jpg","contentUrl":"https:\/\/storitgroup.com\/uploads\/2023\/04\/84.1-2x300-x4.jpg","width":389,"height":626},{"@type":"BreadcrumbList","@id":"https:\/\/storitgroup.com\/fi\/tuote\/lokerokaappi-storit-2x300mm-x4-matalilla-jaloilla-ral7035-7035\/#breadcrumb","itemListElement":[{"@type":"ListItem","position":1,"name":"Kotisivu","item":"https:\/\/storitgroup.com\/fi\/"},{"@type":"ListItem","position":2,"name":"Tuotteet","item":"https:\/\/storitgroup.com\/fi\/tuotteet\/"},{"@type":"ListItem","position":3,"name":"Metallikaapit, pukukaapit","item":"https:\/\/storitgroup.com\/fi\/metallikaapit-pukukaapit\/"},{"@type":"ListItem","position":4,"name":"Lokerikkokaapit","item":"https:\/\/storitgroup.com\/fi\/metallikaapit-pukukaapit\/lokerikkokaapit\/"},{"@type":"ListItem","position":5,"name":"Lokerokaappi Storit 2x300mm x4 matalilla jaloilla, RAL7035\/7035"}]},{"@type":"WebSite","@id":"https:\/\/storitgroup.com\/fi\/#website","url":"https:\/\/storitgroup.com\/fi\/","name":"Storit","description":"","potentialAction":[{"@type":"SearchAction","target":{"@type":"EntryPoint","urlTemplate":"https:\/\/storitgroup.com\/fi\/?s={search_term_string}"},"query-input":{"@type":"PropertyValueSpecification","valueRequired":true,"valueName":"search_term_string"}}],"inLanguage":"fi"}]}},"_links":{"self":[{"href":"https:\/\/storitgroup.com\/fi\/wp-json\/wp\/v2\/product\/205498","targetHints":{"allow":["GET"]}}],"collection":[{"href":"https:\/\/storitgroup.com\/fi\/wp-json\/wp\/v2\/product"}],"about":[{"href":"https:\/\/storitgroup.com\/fi\/wp-json\/wp\/v2\/types\/product"}],"wp:featuredmedia":[{"embeddable":true,"href":"https:\/\/storitgroup.com\/fi\/wp-json\/wp\/v2\/media\/214103"}],"wp:attachment":[{"href":"https:\/\/storitgroup.com\/fi\/wp-json\/wp\/v2\/media?parent=205498"}],"wp:term":[{"taxonomy":"product_brand","embeddable":true,"href":"https:\/\/storitgroup.com\/fi\/wp-json\/wp\/v2\/product_brand?post=205498"},{"taxonomy":"product_cat","embeddable":true,"href":"https:\/\/storitgroup.com\/fi\/wp-json\/wp\/v2\/product_cat?post=205498"},{"taxonomy":"product_tag","embeddable":true,"href":"https:\/\/storitgroup.com\/fi\/wp-json\/wp\/v2\/product_tag?post=205498"}],"curies":[{"name":"wp","href":"https:\/\/api.w.org\/{rel}","templated":true}]}}