{"id":205143,"date":"2023-03-30T15:45:28","date_gmt":"2023-03-30T13:15:29","guid":{"rendered":"https:\/\/storitgroup.com\/?post_type=product&#038;p=205143"},"modified":"2024-11-25T15:00:08","modified_gmt":"2024-11-25T13:00:08","slug":"palvelinkappi-storit-sbm203mlx-ral7035-7035","status":"publish","type":"product","link":"https:\/\/storitgroup.com\/fi\/tuote\/palvelinkappi-storit-sbm203mlx-ral7035-7035\/","title":{"rendered":"Palvelinkappi Storit Sbm203Mlx, RAL7035\/7035"},"content":{"rendered":"<p>Palvelinkaappi on p\u00e4\u00e4llystetty palamattomalla pulverimaalauksella, joka suojaa sit\u00e4 my\u00f6s korroosiolta. V\u00e4rin voi valita 16 perusv\u00e4rin joukosta, ja loput RAL-katalogin v\u00e4rit ovat saatavilla pienell\u00e4 lis\u00e4maksulla. Kaappi varmistaa liitettyjen laitteiden vakaan ja h\u00e4iri\u00f6t\u00f6n toimintan. Rei\u2019itetyt sivusein\u00e4, hyllyt ja katto tarjoavat asianmukaisen ilmanvaihdon elektroniikkalaitteiden oikealle toiminnalle. Kaappeja voidaan k\u00e4ytt\u00e4\u00e4 palvelintiloissa, voimantuotannossa, tallennusstudioissa, teollisuustiloissa, telekommunikaatiossa ja niin edelleen. <\/p>\n<p>Rakenne &#8211; vakaa, valmistettu 0,7 mm paksuisesta ter\u00e4ksest\u00e4. <br \/>Hyllyj\u00e4 &#8211; 6, kantavuus 50 kg, s\u00e4\u00e4dett\u00e4viss\u00e4 25 mm v\u00e4lein. <br \/>Ilmanvaihto \u2013 rei\u2019itetyt vasen sivusein\u00e4, katto ja hyllyt, rei\u00e4n koko 25x25mm. <br \/>Kaappien jalat &#8211; liukurit pohjassa kaapin helppoa siirt\u00e4mist\u00e4 varten. <br \/>Turvallisuus &#8211; piilotetut saranat ovissa ja 2-pistelukitusj\u00e4rjestelm\u00e4. <br \/>Johdotus &#8211; takasein\u00e4ss\u00e4 on 320 mm:n v\u00e4li kaapelien varten.<\/p>\n","protected":false},"excerpt":{"rendered":"<p>Palvelinkaappi on p\u00e4\u00e4llystetty palamattomalla pulverimaalauksella, joka suojaa sit\u00e4 my\u00f6s korroosiolta. V\u00e4rin voi valita 16 perusv\u00e4rin joukosta, ja loput RAL-katalogin v\u00e4rit ovat saatavilla pienell\u00e4 lis\u00e4maksulla. Kaappi varmistaa liitettyjen laitteiden vakaan ja h\u00e4iri\u00f6t\u00f6n toimintan. Rei\u2019itetyt sivusein\u00e4, hyllyt ja katto tarjoavat asianmukaisen ilmanvaihdon elektroniikkalaitteiden oikealle toiminnalle. Kaappeja voidaan k\u00e4ytt\u00e4\u00e4 palvelintiloissa, voimantuotannossa, tallennusstudioissa, teollisuustiloissa, telekommunikaatiossa ja niin edelleen. <\/p>\n<p>Rakenne &#8211; vakaa, valmistettu 0,7 mm paksuisesta ter\u00e4ksest\u00e4. <\/p>\n","protected":false},"featured_media":205147,"template":"","meta":{"_acf_changed":false},"product_brand":[],"product_cat":[7074],"product_tag":[8096],"class_list":{"0":"post-205143","1":"product","2":"type-product","3":"status-publish","4":"has-post-thumbnail","6":"product_room-toimisto","7":"product_room-koulut-ja-paivakodit","8":"product_cat-tietokonekaapit","9":"product_tag-kuukauden-tarjoukset","11":"first","12":"onbackorder","13":"taxable","14":"shipping-taxable","15":"purchasable","16":"product-type-simple"},"acf":[],"yoast_head":"<!-- This site is optimized with the Yoast SEO plugin v27.3 - https:\/\/yoast.com\/product\/yoast-seo-wordpress\/ -->\n<title>Palvelinkappi Storit Sbm203Mlx, RAL7035\/7035 &#8226; Storit<\/title>\n<meta name=\"description\" content=\"Palvelinkappi Storit Sbm203Mlx, RAL7035\/7035 \u2014 kohtuulliseen hintaan. Toimitukset kaikkialle Suomeen! \u261b Tutustu tuotteeseen ja tilaa k\u00e4tev\u00e4sti STORIT-verkkokaupasta!\" \/>\n<meta name=\"robots\" content=\"index, follow, max-snippet:-1, max-image-preview:large, max-video-preview:-1\" \/>\n<link rel=\"canonical\" href=\"https:\/\/storitgroup.com\/fi\/tuote\/palvelinkappi-storit-sbm203mlx-ral7035-7035\/\" \/>\n<meta property=\"og:locale\" content=\"fi_FI\" \/>\n<meta property=\"og:type\" content=\"article\" \/>\n<meta property=\"og:title\" content=\"Palvelinkappi Storit Sbm203Mlx, RAL7035\/7035 &#8226; Storit\" \/>\n<meta property=\"og:description\" content=\"Palvelinkappi Storit Sbm203Mlx, RAL7035\/7035 \u2014 kohtuulliseen hintaan. Toimitukset kaikkialle Suomeen! \u261b Tutustu tuotteeseen ja tilaa k\u00e4tev\u00e4sti STORIT-verkkokaupasta!\" \/>\n<meta property=\"og:url\" content=\"https:\/\/storitgroup.com\/fi\/tuote\/palvelinkappi-storit-sbm203mlx-ral7035-7035\/\" \/>\n<meta property=\"og:site_name\" content=\"Storit\" \/>\n<meta property=\"article:modified_time\" content=\"2024-11-25T13:00:08+00:00\" \/>\n<meta property=\"og:image\" content=\"https:\/\/storitgroup.com\/uploads\/2023\/03\/20-server_malow-1.jpg\" \/>\n\t<meta property=\"og:image:width\" content=\"479\" \/>\n\t<meta property=\"og:image:height\" content=\"544\" \/>\n\t<meta property=\"og:image:type\" content=\"image\/jpeg\" \/>\n<meta name=\"twitter:card\" content=\"summary_large_image\" \/>\n<meta name=\"twitter:label1\" content=\"Arvioitu lukuaika\" \/>\n\t<meta name=\"twitter:data1\" content=\"1 minuutti\" \/>\n<script type=\"application\/ld+json\" class=\"yoast-schema-graph\">{\"@context\":\"https:\\\/\\\/schema.org\",\"@graph\":[{\"@type\":[\"WebPage\",\"ItemPage\"],\"@id\":\"https:\\\/\\\/storitgroup.com\\\/fi\\\/tuote\\\/palvelinkappi-storit-sbm203mlx-ral7035-7035\\\/\",\"url\":\"https:\\\/\\\/storitgroup.com\\\/fi\\\/tuote\\\/palvelinkappi-storit-sbm203mlx-ral7035-7035\\\/\",\"name\":\"Palvelinkappi Storit Sbm203Mlx, RAL7035\\\/7035 &#8226; Storit\",\"isPartOf\":{\"@id\":\"https:\\\/\\\/storitgroup.com\\\/fi\\\/#website\"},\"primaryImageOfPage\":{\"@id\":\"https:\\\/\\\/storitgroup.com\\\/fi\\\/tuote\\\/palvelinkappi-storit-sbm203mlx-ral7035-7035\\\/#primaryimage\"},\"image\":{\"@id\":\"https:\\\/\\\/storitgroup.com\\\/fi\\\/tuote\\\/palvelinkappi-storit-sbm203mlx-ral7035-7035\\\/#primaryimage\"},\"thumbnailUrl\":\"https:\\\/\\\/storitgroup.com\\\/uploads\\\/2023\\\/03\\\/20-server_malow-1.jpg\",\"datePublished\":\"2023-03-30T13:15:29+00:00\",\"dateModified\":\"2024-11-25T13:00:08+00:00\",\"description\":\"Palvelinkappi Storit Sbm203Mlx, RAL7035\\\/7035 \u2014 kohtuulliseen hintaan. Toimitukset kaikkialle Suomeen! \u261b Tutustu tuotteeseen ja tilaa k\u00e4tev\u00e4sti STORIT-verkkokaupasta!\",\"breadcrumb\":{\"@id\":\"https:\\\/\\\/storitgroup.com\\\/fi\\\/tuote\\\/palvelinkappi-storit-sbm203mlx-ral7035-7035\\\/#breadcrumb\"},\"inLanguage\":\"fi\",\"potentialAction\":[{\"@type\":\"ReadAction\",\"target\":[\"https:\\\/\\\/storitgroup.com\\\/fi\\\/tuote\\\/palvelinkappi-storit-sbm203mlx-ral7035-7035\\\/\"]}]},{\"@type\":\"ImageObject\",\"inLanguage\":\"fi\",\"@id\":\"https:\\\/\\\/storitgroup.com\\\/fi\\\/tuote\\\/palvelinkappi-storit-sbm203mlx-ral7035-7035\\\/#primaryimage\",\"url\":\"https:\\\/\\\/storitgroup.com\\\/uploads\\\/2023\\\/03\\\/20-server_malow-1.jpg\",\"contentUrl\":\"https:\\\/\\\/storitgroup.com\\\/uploads\\\/2023\\\/03\\\/20-server_malow-1.jpg\",\"width\":479,\"height\":544},{\"@type\":\"BreadcrumbList\",\"@id\":\"https:\\\/\\\/storitgroup.com\\\/fi\\\/tuote\\\/palvelinkappi-storit-sbm203mlx-ral7035-7035\\\/#breadcrumb\",\"itemListElement\":[{\"@type\":\"ListItem\",\"position\":1,\"name\":\"Kotisivu\",\"item\":\"https:\\\/\\\/storitgroup.com\\\/fi\\\/\"},{\"@type\":\"ListItem\",\"position\":2,\"name\":\"Tuotteet\",\"item\":\"https:\\\/\\\/storitgroup.com\\\/fi\\\/tuotteet\\\/\"},{\"@type\":\"ListItem\",\"position\":3,\"name\":\"Metallikaapit, pukukaapit\",\"item\":\"https:\\\/\\\/storitgroup.com\\\/fi\\\/metallikaapit-pukukaapit\\\/\"},{\"@type\":\"ListItem\",\"position\":4,\"name\":\"Tietokonekaapit\",\"item\":\"https:\\\/\\\/storitgroup.com\\\/fi\\\/metallikaapit-pukukaapit\\\/tietokonekaapit\\\/\"},{\"@type\":\"ListItem\",\"position\":5,\"name\":\"Palvelinkappi Storit Sbm203Mlx, RAL7035\\\/7035\"}]},{\"@type\":\"WebSite\",\"@id\":\"https:\\\/\\\/storitgroup.com\\\/fi\\\/#website\",\"url\":\"https:\\\/\\\/storitgroup.com\\\/fi\\\/\",\"name\":\"Storit\",\"description\":\"\",\"potentialAction\":[{\"@type\":\"SearchAction\",\"target\":{\"@type\":\"EntryPoint\",\"urlTemplate\":\"https:\\\/\\\/storitgroup.com\\\/fi\\\/?s={search_term_string}\"},\"query-input\":{\"@type\":\"PropertyValueSpecification\",\"valueRequired\":true,\"valueName\":\"search_term_string\"}}],\"inLanguage\":\"fi\"}]}<\/script>\n<!-- \/ Yoast SEO plugin. -->","yoast_head_json":{"title":"Palvelinkappi Storit Sbm203Mlx, RAL7035\/7035 &#8226; Storit","description":"Palvelinkappi Storit Sbm203Mlx, RAL7035\/7035 \u2014 kohtuulliseen hintaan. Toimitukset kaikkialle Suomeen! \u261b Tutustu tuotteeseen ja tilaa k\u00e4tev\u00e4sti STORIT-verkkokaupasta!","robots":{"index":"index","follow":"follow","max-snippet":"max-snippet:-1","max-image-preview":"max-image-preview:large","max-video-preview":"max-video-preview:-1"},"canonical":"https:\/\/storitgroup.com\/fi\/tuote\/palvelinkappi-storit-sbm203mlx-ral7035-7035\/","og_locale":"fi_FI","og_type":"article","og_title":"Palvelinkappi Storit Sbm203Mlx, RAL7035\/7035 &#8226; Storit","og_description":"Palvelinkappi Storit Sbm203Mlx, RAL7035\/7035 \u2014 kohtuulliseen hintaan. Toimitukset kaikkialle Suomeen! \u261b Tutustu tuotteeseen ja tilaa k\u00e4tev\u00e4sti STORIT-verkkokaupasta!","og_url":"https:\/\/storitgroup.com\/fi\/tuote\/palvelinkappi-storit-sbm203mlx-ral7035-7035\/","og_site_name":"Storit","article_modified_time":"2024-11-25T13:00:08+00:00","og_image":[{"width":479,"height":544,"url":"https:\/\/storitgroup.com\/uploads\/2023\/03\/20-server_malow-1.jpg","type":"image\/jpeg"}],"twitter_card":"summary_large_image","twitter_misc":{"Arvioitu lukuaika":"1 minuutti"},"schema":{"@context":"https:\/\/schema.org","@graph":[{"@type":["WebPage","ItemPage"],"@id":"https:\/\/storitgroup.com\/fi\/tuote\/palvelinkappi-storit-sbm203mlx-ral7035-7035\/","url":"https:\/\/storitgroup.com\/fi\/tuote\/palvelinkappi-storit-sbm203mlx-ral7035-7035\/","name":"Palvelinkappi Storit Sbm203Mlx, RAL7035\/7035 &#8226; Storit","isPartOf":{"@id":"https:\/\/storitgroup.com\/fi\/#website"},"primaryImageOfPage":{"@id":"https:\/\/storitgroup.com\/fi\/tuote\/palvelinkappi-storit-sbm203mlx-ral7035-7035\/#primaryimage"},"image":{"@id":"https:\/\/storitgroup.com\/fi\/tuote\/palvelinkappi-storit-sbm203mlx-ral7035-7035\/#primaryimage"},"thumbnailUrl":"https:\/\/storitgroup.com\/uploads\/2023\/03\/20-server_malow-1.jpg","datePublished":"2023-03-30T13:15:29+00:00","dateModified":"2024-11-25T13:00:08+00:00","description":"Palvelinkappi Storit Sbm203Mlx, RAL7035\/7035 \u2014 kohtuulliseen hintaan. Toimitukset kaikkialle Suomeen! \u261b Tutustu tuotteeseen ja tilaa k\u00e4tev\u00e4sti STORIT-verkkokaupasta!","breadcrumb":{"@id":"https:\/\/storitgroup.com\/fi\/tuote\/palvelinkappi-storit-sbm203mlx-ral7035-7035\/#breadcrumb"},"inLanguage":"fi","potentialAction":[{"@type":"ReadAction","target":["https:\/\/storitgroup.com\/fi\/tuote\/palvelinkappi-storit-sbm203mlx-ral7035-7035\/"]}]},{"@type":"ImageObject","inLanguage":"fi","@id":"https:\/\/storitgroup.com\/fi\/tuote\/palvelinkappi-storit-sbm203mlx-ral7035-7035\/#primaryimage","url":"https:\/\/storitgroup.com\/uploads\/2023\/03\/20-server_malow-1.jpg","contentUrl":"https:\/\/storitgroup.com\/uploads\/2023\/03\/20-server_malow-1.jpg","width":479,"height":544},{"@type":"BreadcrumbList","@id":"https:\/\/storitgroup.com\/fi\/tuote\/palvelinkappi-storit-sbm203mlx-ral7035-7035\/#breadcrumb","itemListElement":[{"@type":"ListItem","position":1,"name":"Kotisivu","item":"https:\/\/storitgroup.com\/fi\/"},{"@type":"ListItem","position":2,"name":"Tuotteet","item":"https:\/\/storitgroup.com\/fi\/tuotteet\/"},{"@type":"ListItem","position":3,"name":"Metallikaapit, pukukaapit","item":"https:\/\/storitgroup.com\/fi\/metallikaapit-pukukaapit\/"},{"@type":"ListItem","position":4,"name":"Tietokonekaapit","item":"https:\/\/storitgroup.com\/fi\/metallikaapit-pukukaapit\/tietokonekaapit\/"},{"@type":"ListItem","position":5,"name":"Palvelinkappi Storit Sbm203Mlx, RAL7035\/7035"}]},{"@type":"WebSite","@id":"https:\/\/storitgroup.com\/fi\/#website","url":"https:\/\/storitgroup.com\/fi\/","name":"Storit","description":"","potentialAction":[{"@type":"SearchAction","target":{"@type":"EntryPoint","urlTemplate":"https:\/\/storitgroup.com\/fi\/?s={search_term_string}"},"query-input":{"@type":"PropertyValueSpecification","valueRequired":true,"valueName":"search_term_string"}}],"inLanguage":"fi"}]}},"_links":{"self":[{"href":"https:\/\/storitgroup.com\/fi\/wp-json\/wp\/v2\/product\/205143","targetHints":{"allow":["GET"]}}],"collection":[{"href":"https:\/\/storitgroup.com\/fi\/wp-json\/wp\/v2\/product"}],"about":[{"href":"https:\/\/storitgroup.com\/fi\/wp-json\/wp\/v2\/types\/product"}],"wp:featuredmedia":[{"embeddable":true,"href":"https:\/\/storitgroup.com\/fi\/wp-json\/wp\/v2\/media\/205147"}],"wp:attachment":[{"href":"https:\/\/storitgroup.com\/fi\/wp-json\/wp\/v2\/media?parent=205143"}],"wp:term":[{"taxonomy":"product_brand","embeddable":true,"href":"https:\/\/storitgroup.com\/fi\/wp-json\/wp\/v2\/product_brand?post=205143"},{"taxonomy":"product_cat","embeddable":true,"href":"https:\/\/storitgroup.com\/fi\/wp-json\/wp\/v2\/product_cat?post=205143"},{"taxonomy":"product_tag","embeddable":true,"href":"https:\/\/storitgroup.com\/fi\/wp-json\/wp\/v2\/product_tag?post=205143"}],"curies":[{"name":"wp","href":"https:\/\/api.w.org\/{rel}","templated":true}]}}